{"id":27050,"date":"2021-01-11T16:21:29","date_gmt":"2021-01-11T13:21:29","guid":{"rendered":"https:\/\/xstyle.md\/product\/shlang-s-reguljatorom-na-dva-ballona-cadac-power-pack\/"},"modified":"2024-10-21T08:59:30","modified_gmt":"2024-10-21T05:59:30","slug":"shlang-s-reguljatorom-na-dva-ballona-cadac-power-pack","status":"publish","type":"product","link":"https:\/\/xstyle.md\/ro\/produs\/shlang-s-reguljatorom-na-dva-ballona-cadac-power-pack\/","title":{"rendered":"Regulator 2 butelii Cadac Power Pack"},"content":{"rendered":"<\/p>\n<p>Furtun cu regulator pentru dou\u0103 butelii <strong>Cadac Power Pack<\/strong>. Include dou\u0103 intr\u0103ri pentru dou\u0103 cartu\u0219e \u0219i furtun care este ideal pentru camping, drume\u021bii, festivaluri \u0219i picnicuri. Setul de regulator de gaz \u0219i furtun poate fi utilizat pentru gr\u0103tare \u0219i alte echipamente de camping.<\/p>\n<h3>Caracteristici<\/h3>\n<ul>\n<li>Presiune &#8212; 30 mbar<\/li>\n<li>Scop &#8212; camping \/ trekking \/ picnic.<\/li>\n<\/ul>\n<p><\/p>","protected":false},"excerpt":{"rendered":"<p>Regulator 2 butelii Cadac Power Pack<\/p>","protected":false},"featured_media":28582,"comment_status":"open","ping_status":"closed","template":"","meta":{"_acf_changed":false,"inline_featured_image":false},"product_brand":[1418],"product_cat":[86],"product_tag":[],"class_list":{"0":"post-27050","1":"product","2":"type-product","3":"status-publish","4":"has-post-thumbnail","6":"product_brand-cadac","7":"product_cat-gas-accessories","9":"first","10":"instock","11":"shipping-taxable","12":"purchasable","13":"product-type-simple"},"acf":[],"yoast_head":"<!-- This site is optimized with the Yoast SEO plugin v27.2 - https:\/\/yoast.com\/product\/yoast-seo-wordpress\/ -->\n<title>\u0428\u043b\u0430\u043d\u0433 \u0441 \u0440\u0435\u0433\u0443\u043b\u044f\u0442\u043e\u0440\u043e\u043c \u043d\u0430 \u0434\u0432\u0430 \u0431\u0430\u043b\u043b\u043e\u043d\u0430 Cadac Power Pack - \u041c\u0430\u0433\u0430\u0437\u0438\u043d Xstyle<\/title>\n<meta name=\"description\" content=\"\u0428\u043b\u0430\u043d\u0433 \u0441 \u0440\u0435\u0433\u0443\u043b\u044f\u0442\u043e\u0440\u043e\u043c \u043d\u0430 \u0434\u0432\u0430 \u0431\u0430\u043b\u043b\u043e\u043d\u0430 Cadac Power Pack \u2014 \u0438\u0434\u0435\u0430\u043b\u0435\u043d \u0434\u043b\u044f \u043a\u0435\u043c\u043f\u0438\u043d\u0433\u0430 \u0438 \u043f\u0438\u043a\u043d\u0438\u043a\u043e\u0432. \u041e\u0431\u0435\u0441\u043f\u0435\u0447\u0438\u0432\u0430\u0435\u0442 \u043d\u0430\u0434\u0435\u0436\u043d\u043e\u0435 \u043f\u043e\u0434\u043a\u043b\u044e\u0447\u0435\u043d\u0438\u0435 \u043a \u0433\u0430\u0437\u043e\u0432\u044b\u043c \u0431\u0430\u043b\u043b\u043e\u043d\u0430\u043c.\" \/>\n<meta name=\"robots\" content=\"index, follow, max-snippet:-1, max-image-preview:large, max-video-preview:-1\" \/>\n<link rel=\"canonical\" href=\"https:\/\/xstyle.md\/ro\/produs\/shlang-s-reguljatorom-na-dva-ballona-cadac-power-pack\/\" \/>\n<meta property=\"og:locale\" content=\"ro_RO\" \/>\n<meta property=\"og:type\" content=\"article\" \/>\n<meta property=\"og:title\" content=\"\u0428\u043b\u0430\u043d\u0433 \u0441 \u0440\u0435\u0433\u0443\u043b\u044f\u0442\u043e\u0440\u043e\u043c \u043d\u0430 \u0434\u0432\u0430 \u0431\u0430\u043b\u043b\u043e\u043d\u0430 Cadac Power Pack - \u041c\u0430\u0433\u0430\u0437\u0438\u043d Xstyle\" \/>\n<meta property=\"og:description\" content=\"\u0428\u043b\u0430\u043d\u0433 \u0441 \u0440\u0435\u0433\u0443\u043b\u044f\u0442\u043e\u0440\u043e\u043c \u043d\u0430 \u0434\u0432\u0430 \u0431\u0430\u043b\u043b\u043e\u043d\u0430 Cadac Power Pack \u2014 \u0438\u0434\u0435\u0430\u043b\u0435\u043d \u0434\u043b\u044f \u043a\u0435\u043c\u043f\u0438\u043d\u0433\u0430 \u0438 \u043f\u0438\u043a\u043d\u0438\u043a\u043e\u0432. \u041e\u0431\u0435\u0441\u043f\u0435\u0447\u0438\u0432\u0430\u0435\u0442 \u043d\u0430\u0434\u0435\u0436\u043d\u043e\u0435 \u043f\u043e\u0434\u043a\u043b\u044e\u0447\u0435\u043d\u0438\u0435 \u043a \u0433\u0430\u0437\u043e\u0432\u044b\u043c \u0431\u0430\u043b\u043b\u043e\u043d\u0430\u043c.\" \/>\n<meta property=\"og:url\" content=\"https:\/\/xstyle.md\/ro\/produs\/shlang-s-reguljatorom-na-dva-ballona-cadac-power-pack\/\" \/>\n<meta property=\"og:site_name\" content=\"\u041c\u0430\u0433\u0430\u0437\u0438\u043d Xstyle\" \/>\n<meta property=\"article:publisher\" content=\"https:\/\/www.facebook.com\/xstylemd\" \/>\n<meta property=\"article:modified_time\" content=\"2024-10-21T05:59:30+00:00\" \/>\n<meta property=\"og:image\" content=\"https:\/\/xstyle.md\/wp-content\/uploads\/2021\/04\/51abvqfuaql._sl1200_.jpg\" \/>\n\t<meta property=\"og:image:width\" content=\"1200\" \/>\n\t<meta property=\"og:image:height\" content=\"960\" \/>\n\t<meta property=\"og:image:type\" content=\"image\/jpeg\" \/>\n<meta name=\"twitter:card\" content=\"summary_large_image\" \/>\n<meta name=\"twitter:label1\" content=\"Pre\u021b\" \/>\n\t<meta name=\"twitter:data1\" content=\"895&nbsp;MDL\" \/>\n\t<meta name=\"twitter:label2\" content=\"Disponibilitate\" \/>\n\t<meta name=\"twitter:data2\" content=\"\u00cen stoc\" \/>\n<script type=\"application\/ld+json\" class=\"yoast-schema-graph\">{\"@context\":\"https:\/\/schema.org\",\"@graph\":[{\"@type\":\"WebPage\",\"@id\":\"https:\/\/xstyle.md\/product\/shlang-s-reguljatorom-na-dva-ballona-cadac-power-pack\/\",\"url\":\"https:\/\/xstyle.md\/product\/shlang-s-reguljatorom-na-dva-ballona-cadac-power-pack\/\",\"name\":\"\u0428\u043b\u0430\u043d\u0433 \u0441 \u0440\u0435\u0433\u0443\u043b\u044f\u0442\u043e\u0440\u043e\u043c \u043d\u0430 \u0434\u0432\u0430 \u0431\u0430\u043b\u043b\u043e\u043d\u0430 Cadac Power Pack - \u041c\u0430\u0433\u0430\u0437\u0438\u043d Xstyle\",\"isPartOf\":{\"@id\":\"https:\/\/xstyle.md\/#website\"},\"primaryImageOfPage\":{\"@id\":\"https:\/\/xstyle.md\/product\/shlang-s-reguljatorom-na-dva-ballona-cadac-power-pack\/#primaryimage\"},\"image\":{\"@id\":\"https:\/\/xstyle.md\/product\/shlang-s-reguljatorom-na-dva-ballona-cadac-power-pack\/#primaryimage\"},\"thumbnailUrl\":\"https:\/\/xstyle.md\/wp-content\/uploads\/2021\/04\/51abvqfuaql._sl1200_.jpg\",\"datePublished\":\"2021-01-11T13:21:29+00:00\",\"dateModified\":\"2024-10-21T05:59:30+00:00\",\"description\":\"\u0428\u043b\u0430\u043d\u0433 \u0441 \u0440\u0435\u0433\u0443\u043b\u044f\u0442\u043e\u0440\u043e\u043c \u043d\u0430 \u0434\u0432\u0430 \u0431\u0430\u043b\u043b\u043e\u043d\u0430 Cadac Power Pack \u2014 \u0438\u0434\u0435\u0430\u043b\u0435\u043d \u0434\u043b\u044f \u043a\u0435\u043c\u043f\u0438\u043d\u0433\u0430 \u0438 \u043f\u0438\u043a\u043d\u0438\u043a\u043e\u0432. \u041e\u0431\u0435\u0441\u043f\u0435\u0447\u0438\u0432\u0430\u0435\u0442 \u043d\u0430\u0434\u0435\u0436\u043d\u043e\u0435 \u043f\u043e\u0434\u043a\u043b\u044e\u0447\u0435\u043d\u0438\u0435 \u043a \u0433\u0430\u0437\u043e\u0432\u044b\u043c \u0431\u0430\u043b\u043b\u043e\u043d\u0430\u043c.\",\"breadcrumb\":{\"@id\":\"https:\/\/xstyle.md\/product\/shlang-s-reguljatorom-na-dva-ballona-cadac-power-pack\/#breadcrumb\"},\"inLanguage\":\"ro-RO\",\"potentialAction\":[{\"@type\":\"ReadAction\",\"target\":[\"https:\/\/xstyle.md\/product\/shlang-s-reguljatorom-na-dva-ballona-cadac-power-pack\/\"]}]},{\"@type\":\"ImageObject\",\"inLanguage\":\"ro-RO\",\"@id\":\"https:\/\/xstyle.md\/product\/shlang-s-reguljatorom-na-dva-ballona-cadac-power-pack\/#primaryimage\",\"url\":\"https:\/\/xstyle.md\/wp-content\/uploads\/2021\/04\/51abvqfuaql._sl1200_.jpg\",\"contentUrl\":\"https:\/\/xstyle.md\/wp-content\/uploads\/2021\/04\/51abvqfuaql._sl1200_.jpg\",\"width\":1200,\"height\":960},{\"@type\":\"BreadcrumbList\",\"@id\":\"https:\/\/xstyle.md\/product\/shlang-s-reguljatorom-na-dva-ballona-cadac-power-pack\/#breadcrumb\",\"itemListElement\":[{\"@type\":\"ListItem\",\"position\":1,\"name\":\"\u0413\u043b\u0430\u0432\u043d\u0430\u044f \u0441\u0442\u0440\u0430\u043d\u0438\u0446\u0430\",\"item\":\"https:\/\/xstyle.md\/\"},{\"@type\":\"ListItem\",\"position\":2,\"name\":\"\u041c\u0430\u0433\u0430\u0437\u0438\u043d\",\"item\":\"https:\/\/xstyle.md\/shop\/\"},{\"@type\":\"ListItem\",\"position\":3,\"name\":\"\u0428\u043b\u0430\u043d\u0433 \u0441 \u0440\u0435\u0433\u0443\u043b\u044f\u0442\u043e\u0440\u043e\u043c \u043d\u0430 \u0434\u0432\u0430 \u0431\u0430\u043b\u043b\u043e\u043d\u0430 Cadac Power Pack\"}]},{\"@type\":\"WebSite\",\"@id\":\"https:\/\/xstyle.md\/#website\",\"url\":\"https:\/\/xstyle.md\/\",\"name\":\"\u041c\u0430\u0433\u0430\u0437\u0438\u043d Xstyle\",\"description\":\"C\u043d\u0430\u0440\u044f\u0436\u0435\u043d\u0438\u0435 \u0434\u043b\u044f \u0442\u0443\u0440\u0438\u0437\u043c\u0430 \u0438 \u044d\u043a\u0441\u0442\u0440\u0435\u043c\u0430\u043b\u044c\u043d\u044b\u0445 \u0432\u0438\u0434\u043e\u0432 \u0441\u043f\u043e\u0440\u0442\u0430 \u0432 \u041c\u043e\u043b\u0434\u043e\u0432\u0435.. \u0426\u0435\u043d\u044b, \u0444\u043e\u0442\u043e, \u0445\u0430\u0440\u0430\u043a\u0442\u0435\u0440\u0438\u0441\u0442\u0438\u043a\u0438 \u0432 \u041c\u043e\u043b\u0434\u043e\u0432\u0435.\",\"publisher\":{\"@id\":\"https:\/\/xstyle.md\/#organization\"},\"alternateName\":\"X-Style\",\"potentialAction\":[{\"@type\":\"SearchAction\",\"target\":{\"@type\":\"EntryPoint\",\"urlTemplate\":\"https:\/\/xstyle.md\/?s={search_term_string}\"},\"query-input\":{\"@type\":\"PropertyValueSpecification\",\"valueRequired\":true,\"valueName\":\"search_term_string\"}}],\"inLanguage\":\"ro-RO\"},{\"@type\":\"Organization\",\"@id\":\"https:\/\/xstyle.md\/#organization\",\"name\":\"\u041c\u0430\u0433\u0430\u0437\u0438\u043d Xstyle\",\"alternateName\":\"x-style\",\"url\":\"https:\/\/xstyle.md\/\",\"logo\":{\"@type\":\"ImageObject\",\"inLanguage\":\"ro-RO\",\"@id\":\"https:\/\/xstyle.md\/#\/schema\/logo\/image\/\",\"url\":\"https:\/\/xstyle.md\/wp-content\/uploads\/2020\/06\/logoicon.svg\",\"contentUrl\":\"https:\/\/xstyle.md\/wp-content\/uploads\/2020\/06\/logoicon.svg\",\"caption\":\"\u041c\u0430\u0433\u0430\u0437\u0438\u043d Xstyle\"},\"image\":{\"@id\":\"https:\/\/xstyle.md\/#\/schema\/logo\/image\/\"},\"sameAs\":[\"https:\/\/www.facebook.com\/xstylemd\",\"https:\/\/www.instagram.com\/xstyle_md\/\",\"https:\/\/t.me\/xstyle_outdoor\"],\"hasMerchantReturnPolicy\":{\"@type\":\"MerchantReturnPolicy\",\"merchantReturnLink\":\"https:\/\/xstyle.md\/ro\/conditions\/\"}}]}<\/script>\n<meta property=\"product:price:amount\" content=\"895.00\" \/>\n<meta property=\"product:price:currency\" content=\"MDL\" \/>\n<meta property=\"og:availability\" content=\"instock\" \/>\n<meta property=\"product:availability\" content=\"instock\" \/>\n<meta property=\"product:retailer_item_id\" content=\"6001773013468\" \/>\n<meta property=\"product:condition\" content=\"new\" \/>\n<!-- \/ Yoast SEO plugin. -->","yoast_head_json":{"title":"Regulator 2 butelii Cadac Power Pack - Magazin Xstyle","description":"\u0218lan\u021b cu regulator pentru dou\u0103 butelii Cadac Power Pack \u2013 ideal pentru camping \u0219i picnicuri. Asigur\u0103 o conexiune fiabil\u0103 la buteliile de gaz.","robots":{"index":"index","follow":"follow","max-snippet":"max-snippet:-1","max-image-preview":"max-image-preview:large","max-video-preview":"max-video-preview:-1"},"canonical":"https:\/\/xstyle.md\/ro\/produs\/shlang-s-reguljatorom-na-dva-ballona-cadac-power-pack\/","og_locale":"ro_RO","og_type":"article","og_title":"\u0428\u043b\u0430\u043d\u0433 \u0441 \u0440\u0435\u0433\u0443\u043b\u044f\u0442\u043e\u0440\u043e\u043c \u043d\u0430 \u0434\u0432\u0430 \u0431\u0430\u043b\u043b\u043e\u043d\u0430 Cadac Power Pack - \u041c\u0430\u0433\u0430\u0437\u0438\u043d Xstyle","og_description":"\u0428\u043b\u0430\u043d\u0433 \u0441 \u0440\u0435\u0433\u0443\u043b\u044f\u0442\u043e\u0440\u043e\u043c \u043d\u0430 \u0434\u0432\u0430 \u0431\u0430\u043b\u043b\u043e\u043d\u0430 Cadac Power Pack \u2014 \u0438\u0434\u0435\u0430\u043b\u0435\u043d \u0434\u043b\u044f \u043a\u0435\u043c\u043f\u0438\u043d\u0433\u0430 \u0438 \u043f\u0438\u043a\u043d\u0438\u043a\u043e\u0432. \u041e\u0431\u0435\u0441\u043f\u0435\u0447\u0438\u0432\u0430\u0435\u0442 \u043d\u0430\u0434\u0435\u0436\u043d\u043e\u0435 \u043f\u043e\u0434\u043a\u043b\u044e\u0447\u0435\u043d\u0438\u0435 \u043a \u0433\u0430\u0437\u043e\u0432\u044b\u043c \u0431\u0430\u043b\u043b\u043e\u043d\u0430\u043c.","og_url":"https:\/\/xstyle.md\/ro\/produs\/shlang-s-reguljatorom-na-dva-ballona-cadac-power-pack\/","og_site_name":"\u041c\u0430\u0433\u0430\u0437\u0438\u043d Xstyle","article_publisher":"https:\/\/www.facebook.com\/xstylemd","article_modified_time":"2024-10-21T05:59:30+00:00","og_image":[{"width":1200,"height":960,"url":"https:\/\/xstyle.md\/wp-content\/uploads\/2021\/04\/51abvqfuaql._sl1200_.jpg","type":"image\/jpeg"}],"twitter_card":"summary_large_image","twitter_misc":{"Pre\u021b":"895&nbsp;MDL","Disponibilitate":"\u00cen stoc"},"schema":{"@context":"https:\/\/schema.org","@graph":[{"@type":"WebPage","@id":"https:\/\/xstyle.md\/product\/shlang-s-reguljatorom-na-dva-ballona-cadac-power-pack\/","url":"https:\/\/xstyle.md\/product\/shlang-s-reguljatorom-na-dva-ballona-cadac-power-pack\/","name":"Regulator 2 butelii Cadac Power Pack - Magazin Xstyle","isPartOf":{"@id":"https:\/\/xstyle.md\/#website"},"primaryImageOfPage":{"@id":"https:\/\/xstyle.md\/product\/shlang-s-reguljatorom-na-dva-ballona-cadac-power-pack\/#primaryimage"},"image":{"@id":"https:\/\/xstyle.md\/product\/shlang-s-reguljatorom-na-dva-ballona-cadac-power-pack\/#primaryimage"},"thumbnailUrl":"https:\/\/xstyle.md\/wp-content\/uploads\/2021\/04\/51abvqfuaql._sl1200_.jpg","datePublished":"2021-01-11T13:21:29+00:00","dateModified":"2024-10-21T05:59:30+00:00","description":"\u0218lan\u021b cu regulator pentru dou\u0103 butelii Cadac Power Pack \u2013 ideal pentru camping \u0219i picnicuri. Asigur\u0103 o conexiune fiabil\u0103 la buteliile de gaz.","breadcrumb":{"@id":"https:\/\/xstyle.md\/product\/shlang-s-reguljatorom-na-dva-ballona-cadac-power-pack\/#breadcrumb"},"inLanguage":"ro-RO","potentialAction":[{"@type":"ReadAction","target":["https:\/\/xstyle.md\/product\/shlang-s-reguljatorom-na-dva-ballona-cadac-power-pack\/"]}]},{"@type":"ImageObject","inLanguage":"ro-RO","@id":"https:\/\/xstyle.md\/product\/shlang-s-reguljatorom-na-dva-ballona-cadac-power-pack\/#primaryimage","url":"https:\/\/xstyle.md\/wp-content\/uploads\/2021\/04\/51abvqfuaql._sl1200_.jpg","contentUrl":"https:\/\/xstyle.md\/wp-content\/uploads\/2021\/04\/51abvqfuaql._sl1200_.jpg","width":1200,"height":960},{"@type":"BreadcrumbList","@id":"https:\/\/xstyle.md\/product\/shlang-s-reguljatorom-na-dva-ballona-cadac-power-pack\/#breadcrumb","itemListElement":[{"@type":"ListItem","position":1,"name":"\u0413\u043b\u0430\u0432\u043d\u0430\u044f \u0441\u0442\u0440\u0430\u043d\u0438\u0446\u0430","item":"https:\/\/xstyle.md\/"},{"@type":"ListItem","position":2,"name":"\u041c\u0430\u0433\u0430\u0437\u0438\u043d","item":"https:\/\/xstyle.md\/shop\/"},{"@type":"ListItem","position":3,"name":"\u0428\u043b\u0430\u043d\u0433 \u0441 \u0440\u0435\u0433\u0443\u043b\u044f\u0442\u043e\u0440\u043e\u043c \u043d\u0430 \u0434\u0432\u0430 \u0431\u0430\u043b\u043b\u043e\u043d\u0430 Cadac Power Pack"}]},{"@type":"WebSite","@id":"https:\/\/xstyle.md\/#website","url":"https:\/\/xstyle.md\/","name":"Magazinul X-Style","description":"Echipamente pentru turism \u0219i sporturi extreme \u00een Moldova. Pre\u021buri, fotografii, caracteristici \u00een Moldova.","publisher":{"@id":"https:\/\/xstyle.md\/#organization"},"alternateName":"X-Style","potentialAction":[{"@type":"SearchAction","target":{"@type":"EntryPoint","urlTemplate":"https:\/\/xstyle.md\/?s={search_term_string}"},"query-input":{"@type":"PropertyValueSpecification","valueRequired":true,"valueName":"search_term_string"}}],"inLanguage":"ro-RO"},{"@type":"Organization","@id":"https:\/\/xstyle.md\/#organization","name":"Magazinul X-Style","alternateName":"x-style","url":"https:\/\/xstyle.md\/","logo":{"@type":"ImageObject","inLanguage":"ro-RO","@id":"https:\/\/xstyle.md\/#\/schema\/logo\/image\/","url":"https:\/\/xstyle.md\/wp-content\/uploads\/2020\/06\/logoicon.svg","contentUrl":"https:\/\/xstyle.md\/wp-content\/uploads\/2020\/06\/logoicon.svg","caption":"\u041c\u0430\u0433\u0430\u0437\u0438\u043d Xstyle"},"image":{"@id":"https:\/\/xstyle.md\/#\/schema\/logo\/image\/"},"sameAs":["https:\/\/www.facebook.com\/xstylemd","https:\/\/www.instagram.com\/xstyle_md\/","https:\/\/t.me\/xstyle_outdoor"],"hasMerchantReturnPolicy":{"@type":"MerchantReturnPolicy","merchantReturnLink":"https:\/\/xstyle.md\/ro\/conditions\/"}}]},"product_price_amount":"895.00","product_price_currency":"MDL","og_availability":"instock","product_availability":"instock","product_retailer_item_id":"6001773013468","product_condition":"new"},"post_mailing_queue_ids":[],"_links":{"self":[{"href":"https:\/\/xstyle.md\/ro\/wp-json\/wp\/v2\/product\/27050","targetHints":{"allow":["GET"]}}],"collection":[{"href":"https:\/\/xstyle.md\/ro\/wp-json\/wp\/v2\/product"}],"about":[{"href":"https:\/\/xstyle.md\/ro\/wp-json\/wp\/v2\/types\/product"}],"replies":[{"embeddable":true,"href":"https:\/\/xstyle.md\/ro\/wp-json\/wp\/v2\/comments?post=27050"}],"wp:featuredmedia":[{"embeddable":true,"href":"https:\/\/xstyle.md\/ro\/wp-json\/wp\/v2\/media\/28582"}],"wp:attachment":[{"href":"https:\/\/xstyle.md\/ro\/wp-json\/wp\/v2\/media?parent=27050"}],"wp:term":[{"taxonomy":"product_brand","embeddable":true,"href":"https:\/\/xstyle.md\/ro\/wp-json\/wp\/v2\/product_brand?post=27050"},{"taxonomy":"product_cat","embeddable":true,"href":"https:\/\/xstyle.md\/ro\/wp-json\/wp\/v2\/product_cat?post=27050"},{"taxonomy":"product_tag","embeddable":true,"href":"https:\/\/xstyle.md\/ro\/wp-json\/wp\/v2\/product_tag?post=27050"}],"curies":[{"name":"wp","href":"https:\/\/api.w.org\/{rel}","templated":true}]}}