{"id":26976,"date":"2021-01-11T16:20:56","date_gmt":"2021-01-11T13:20:56","guid":{"rendered":"https:\/\/xstyle.md\/product\/sprej-ot-nasekomyh-lifesystems-expedition-max-mosquito-repellent-50-ml\/"},"modified":"2025-10-24T12:46:48","modified_gmt":"2025-10-24T09:46:48","slug":"sprej-ot-nasekomyh-lifesystems-expedition-max-mosquito-repellent-50-ml","status":"publish","type":"product","link":"https:\/\/xstyle.md\/ro\/produs\/sprej-ot-nasekomyh-lifesystems-expedition-max-mosquito-repellent-50-ml\/","title":{"rendered":"Spray anti insecte Lifesystems Expedition Max Mosquito Repellent 50 ml"},"content":{"rendered":"<\/p>\n<p><strong>Spray \u00eempotriva insectelor Lifesystems Expedition Max Mosquito Repellent 50 ml<\/strong> cu o nou\u0103 formul\u0103 revolu\u021bionar\u0103.<\/p>\n<p>Spray-ul Lifesystems Expedition MAX este un repelent de \u021b\u00e2n\u021bari foarte eficient. Datorit\u0103 formulei cu dubl\u0103 ac\u021biune \u0219i a DEET \u0219i a extractului de Chrysanthemum Cinerariaefolium, asigur\u0103 un nivel ridicat de protec\u021bie. Tehnologia unic\u0103 DermaLOC men\u021bine repelentul pe suprafa\u021ba pielii pentru o perioad\u0103 lung\u0103 de timp, ceea ce spore\u0219te efectul protector. Produsul poate fi pulverizat direct pe piele.<\/p>\n<p>Componenta dietiltoluamid\u0103 inclus\u0103 \u00een compozi\u021bie este unul dintre cei mai buni repelen\u021bi, afecteaz\u0103 receptorii \u021b\u00e2n\u021barilor \u0219i \u00eei respinge. Ofer\u0103 protec\u021bie de lung\u0103 durat\u0103 \u00eempotriva \u021b\u00e2n\u021barilor malarici \u0219i non-malarici. Potrivit pentru utilizare \u00een condi\u021bii tropicale \u0219i umede. Lifesystems autorizeaz\u0103 utilizarea spray-ului Expedition MAX pentru copiii cu v\u00e2rsta de peste doi ani.<\/p>\n<p>Lifesystems Expedition MAX spray poate fi aplicat de mai multe ori pe zi pentru a oferi protec\u021bie non-stop. De asemenea, poate fi aplicat pe suprafe\u021be mari de piele expus\u0103 (cum ar fi purtarea pantalonilor scur\u021bi \u0219i a unui tricou), spre deosebire de multe alte repelente de pe pia\u021b\u0103. Acest lucru \u00eel face practic, \u00een special \u00een climatele mai calde.<\/p>\n<h3>Particularit\u0103\u021bi<\/h3>\n<ul>\n<li>Poate fi aplicat pe piele<\/li>\n<li>Potrivit pentru copiii cu v\u00e2rsta peste doi ani<\/li>\n<li>Ofer\u0103 protec\u021bie non-stop<\/li>\n<li>Formul\u0103 sigur\u0103<\/li>\n<li>Con\u021bine 50% DEET<\/li>\n<li>Testat\u0103 clinic \u00eempotriva \u021b\u00e2n\u021barilor care provoac\u0103 malarie \u0219i non-malarie<\/li>\n<\/ul>\n<h3>Caracteristici<\/h3>\n<ul>\n<li>Compozi\u021bie &#8212; 50% DEET (dietiltoluamid\u0103), 0,1% piretrin\u0103<\/li>\n<li>Volum &#8212; 50 ml<\/li>\n<li>Dimensiuni &#8212; 3,5 x 11,5 cm<\/li>\n<li>Greutate &#8212; 76 g<\/li>\n<\/ul>\n<h3>Marca<\/h3>\n<p>Lifesystems este o companie britanic\u0103 care produce echipamente \u0219i echipamente pentru turi\u0219ti \u0219i c\u0103l\u0103tori. Sub aceast\u0103 marc\u0103 se produc truse de prim ajutor, spray-uri \u00eempotriva insectelor, creme de protec\u021bie solar\u0103, produse de purificare \u0219i dezinfectare a apei, plase de \u021b\u00e2n\u021bari \u0219i alte lucruri utile pentru turi\u0219ti. Calit\u0103\u021bii produselor li se acord\u0103 o mare aten\u021bie. Acestea sunt foarte func\u021bionale, capabile s\u0103 satisfac\u0103 nevoile majorit\u0103\u021bii pasiona\u021bilor de activit\u0103\u021bi \u00een aer liber \u0219i a sportivilor extremi\u0219ti, testate pe teren, \u00een cele mai periculoase \u0219i greu accesibile locuri de pe planet\u0103.<\/p>\n<p><\/p>","protected":false},"excerpt":{"rendered":"<p>Spray anti insecte Lifesystems Expedition Max Mosquito Repellent 50 ml<\/p>","protected":false},"featured_media":28378,"comment_status":"open","ping_status":"closed","template":"","meta":{"_acf_changed":false,"inline_featured_image":false},"product_brand":[1417],"product_cat":[315],"product_tag":[],"class_list":{"0":"post-26976","1":"product","2":"type-product","3":"status-publish","4":"has-post-thumbnail","6":"product_brand-lifesystems","7":"product_cat-protection","9":"first","10":"instock","11":"shipping-taxable","12":"purchasable","13":"product-type-simple"},"acf":[],"yoast_head":"<!-- This site is optimized with the Yoast SEO plugin v27.2 - https:\/\/yoast.com\/product\/yoast-seo-wordpress\/ -->\n<title>\u0421\u043f\u0440\u0435\u0439 \u043e\u0442 \u043d\u0430\u0441\u0435\u043a\u043e\u043c\u044b\u0445 Lifesystems Expedition Max Mosquito Repellent 50 ml - \u041c\u0430\u0433\u0430\u0437\u0438\u043d Xstyle<\/title>\n<meta name=\"description\" content=\"\u0417\u0430\u0449\u0438\u0442\u0438\u0442\u0435 \u0441\u0435\u0431\u044f \u043e\u0442 \u0443\u043a\u0443\u0441\u043e\u0432 \u043d\u0430\u0441\u0435\u043a\u043e\u043c\u044b\u0445 \u0441 \u0441\u043f\u0440\u0435\u0435\u043c Lifesystems Expedition Max (50 \u043c\u043b). \u042d\u0444\u0444\u0435\u043a\u0442\u0438\u0432\u043d\u0430\u044f \u0444\u043e\u0440\u043c\u0443\u043b\u0430 \u0441 50% DEET \u0438 \u044d\u043a\u0441\u0442\u0440\u0430\u043a\u0442\u043e\u043c \u0445\u0440\u0438\u0437\u0430\u043d\u0442\u0435\u043c\u044b.\" \/>\n<meta name=\"robots\" content=\"index, follow, max-snippet:-1, max-image-preview:large, max-video-preview:-1\" \/>\n<link rel=\"canonical\" href=\"https:\/\/xstyle.md\/ro\/produs\/sprej-ot-nasekomyh-lifesystems-expedition-max-mosquito-repellent-50-ml\/\" \/>\n<meta property=\"og:locale\" content=\"ro_RO\" \/>\n<meta property=\"og:type\" content=\"article\" \/>\n<meta property=\"og:title\" content=\"\u0421\u043f\u0440\u0435\u0439 \u043e\u0442 \u043d\u0430\u0441\u0435\u043a\u043e\u043c\u044b\u0445 Lifesystems Expedition Max Mosquito Repellent 50 ml - \u041c\u0430\u0433\u0430\u0437\u0438\u043d Xstyle\" \/>\n<meta property=\"og:description\" content=\"\u0417\u0430\u0449\u0438\u0442\u0438\u0442\u0435 \u0441\u0435\u0431\u044f \u043e\u0442 \u0443\u043a\u0443\u0441\u043e\u0432 \u043d\u0430\u0441\u0435\u043a\u043e\u043c\u044b\u0445 \u0441 \u0441\u043f\u0440\u0435\u0435\u043c Lifesystems Expedition Max (50 \u043c\u043b). \u042d\u0444\u0444\u0435\u043a\u0442\u0438\u0432\u043d\u0430\u044f \u0444\u043e\u0440\u043c\u0443\u043b\u0430 \u0441 50% DEET \u0438 \u044d\u043a\u0441\u0442\u0440\u0430\u043a\u0442\u043e\u043c \u0445\u0440\u0438\u0437\u0430\u043d\u0442\u0435\u043c\u044b.\" \/>\n<meta property=\"og:url\" content=\"https:\/\/xstyle.md\/ro\/produs\/sprej-ot-nasekomyh-lifesystems-expedition-max-mosquito-repellent-50-ml\/\" \/>\n<meta property=\"og:site_name\" content=\"\u041c\u0430\u0433\u0430\u0437\u0438\u043d Xstyle\" \/>\n<meta property=\"article:publisher\" content=\"https:\/\/www.facebook.com\/xstylemd\" \/>\n<meta property=\"article:modified_time\" content=\"2025-10-24T09:46:48+00:00\" \/>\n<meta property=\"og:image\" content=\"https:\/\/xstyle.md\/wp-content\/uploads\/2021\/04\/max.jpg\" \/>\n\t<meta property=\"og:image:width\" content=\"1500\" \/>\n\t<meta property=\"og:image:height\" content=\"1500\" \/>\n\t<meta property=\"og:image:type\" content=\"image\/jpeg\" \/>\n<meta name=\"twitter:card\" content=\"summary_large_image\" \/>\n<meta name=\"twitter:label1\" content=\"Pre\u021b\" \/>\n\t<meta name=\"twitter:data1\" content=\"190&nbsp;MDL\" \/>\n\t<meta name=\"twitter:label2\" content=\"Disponibilitate\" \/>\n\t<meta name=\"twitter:data2\" content=\"\u00cen stoc\" \/>\n<script type=\"application\/ld+json\" class=\"yoast-schema-graph\">{\"@context\":\"https:\/\/schema.org\",\"@graph\":[{\"@type\":\"WebPage\",\"@id\":\"https:\/\/xstyle.md\/product\/sprej-ot-nasekomyh-lifesystems-expedition-max-mosquito-repellent-50-ml\/\",\"url\":\"https:\/\/xstyle.md\/product\/sprej-ot-nasekomyh-lifesystems-expedition-max-mosquito-repellent-50-ml\/\",\"name\":\"\u0421\u043f\u0440\u0435\u0439 \u043e\u0442 \u043d\u0430\u0441\u0435\u043a\u043e\u043c\u044b\u0445 Lifesystems Expedition Max Mosquito Repellent 50 ml - \u041c\u0430\u0433\u0430\u0437\u0438\u043d Xstyle\",\"isPartOf\":{\"@id\":\"https:\/\/xstyle.md\/#website\"},\"primaryImageOfPage\":{\"@id\":\"https:\/\/xstyle.md\/product\/sprej-ot-nasekomyh-lifesystems-expedition-max-mosquito-repellent-50-ml\/#primaryimage\"},\"image\":{\"@id\":\"https:\/\/xstyle.md\/product\/sprej-ot-nasekomyh-lifesystems-expedition-max-mosquito-repellent-50-ml\/#primaryimage\"},\"thumbnailUrl\":\"https:\/\/xstyle.md\/wp-content\/uploads\/2021\/04\/max.jpg\",\"datePublished\":\"2021-01-11T13:20:56+00:00\",\"dateModified\":\"2025-10-24T09:46:48+00:00\",\"description\":\"\u0417\u0430\u0449\u0438\u0442\u0438\u0442\u0435 \u0441\u0435\u0431\u044f \u043e\u0442 \u0443\u043a\u0443\u0441\u043e\u0432 \u043d\u0430\u0441\u0435\u043a\u043e\u043c\u044b\u0445 \u0441 \u0441\u043f\u0440\u0435\u0435\u043c Lifesystems Expedition Max (50 \u043c\u043b). \u042d\u0444\u0444\u0435\u043a\u0442\u0438\u0432\u043d\u0430\u044f \u0444\u043e\u0440\u043c\u0443\u043b\u0430 \u0441 50% DEET \u0438 \u044d\u043a\u0441\u0442\u0440\u0430\u043a\u0442\u043e\u043c \u0445\u0440\u0438\u0437\u0430\u043d\u0442\u0435\u043c\u044b.\",\"breadcrumb\":{\"@id\":\"https:\/\/xstyle.md\/product\/sprej-ot-nasekomyh-lifesystems-expedition-max-mosquito-repellent-50-ml\/#breadcrumb\"},\"inLanguage\":\"ro-RO\",\"potentialAction\":[{\"@type\":\"ReadAction\",\"target\":[\"https:\/\/xstyle.md\/product\/sprej-ot-nasekomyh-lifesystems-expedition-max-mosquito-repellent-50-ml\/\"]}]},{\"@type\":\"ImageObject\",\"inLanguage\":\"ro-RO\",\"@id\":\"https:\/\/xstyle.md\/product\/sprej-ot-nasekomyh-lifesystems-expedition-max-mosquito-repellent-50-ml\/#primaryimage\",\"url\":\"https:\/\/xstyle.md\/wp-content\/uploads\/2021\/04\/max.jpg\",\"contentUrl\":\"https:\/\/xstyle.md\/wp-content\/uploads\/2021\/04\/max.jpg\",\"width\":1500,\"height\":1500},{\"@type\":\"BreadcrumbList\",\"@id\":\"https:\/\/xstyle.md\/product\/sprej-ot-nasekomyh-lifesystems-expedition-max-mosquito-repellent-50-ml\/#breadcrumb\",\"itemListElement\":[{\"@type\":\"ListItem\",\"position\":1,\"name\":\"\u0413\u043b\u0430\u0432\u043d\u0430\u044f \u0441\u0442\u0440\u0430\u043d\u0438\u0446\u0430\",\"item\":\"https:\/\/xstyle.md\/\"},{\"@type\":\"ListItem\",\"position\":2,\"name\":\"\u041c\u0430\u0433\u0430\u0437\u0438\u043d\",\"item\":\"https:\/\/xstyle.md\/shop\/\"},{\"@type\":\"ListItem\",\"position\":3,\"name\":\"\u0421\u043f\u0440\u0435\u0439 \u043e\u0442 \u043d\u0430\u0441\u0435\u043a\u043e\u043c\u044b\u0445 Lifesystems Expedition Max Mosquito Repellent 50 ml\"}]},{\"@type\":\"WebSite\",\"@id\":\"https:\/\/xstyle.md\/#website\",\"url\":\"https:\/\/xstyle.md\/\",\"name\":\"\u041c\u0430\u0433\u0430\u0437\u0438\u043d Xstyle\",\"description\":\"C\u043d\u0430\u0440\u044f\u0436\u0435\u043d\u0438\u0435 \u0434\u043b\u044f \u0442\u0443\u0440\u0438\u0437\u043c\u0430 \u0438 \u044d\u043a\u0441\u0442\u0440\u0435\u043c\u0430\u043b\u044c\u043d\u044b\u0445 \u0432\u0438\u0434\u043e\u0432 \u0441\u043f\u043e\u0440\u0442\u0430 \u0432 \u041c\u043e\u043b\u0434\u043e\u0432\u0435.. \u0426\u0435\u043d\u044b, \u0444\u043e\u0442\u043e, \u0445\u0430\u0440\u0430\u043a\u0442\u0435\u0440\u0438\u0441\u0442\u0438\u043a\u0438 \u0432 \u041c\u043e\u043b\u0434\u043e\u0432\u0435.\",\"publisher\":{\"@id\":\"https:\/\/xstyle.md\/#organization\"},\"alternateName\":\"X-Style\",\"potentialAction\":[{\"@type\":\"SearchAction\",\"target\":{\"@type\":\"EntryPoint\",\"urlTemplate\":\"https:\/\/xstyle.md\/?s={search_term_string}\"},\"query-input\":{\"@type\":\"PropertyValueSpecification\",\"valueRequired\":true,\"valueName\":\"search_term_string\"}}],\"inLanguage\":\"ro-RO\"},{\"@type\":\"Organization\",\"@id\":\"https:\/\/xstyle.md\/#organization\",\"name\":\"\u041c\u0430\u0433\u0430\u0437\u0438\u043d Xstyle\",\"alternateName\":\"x-style\",\"url\":\"https:\/\/xstyle.md\/\",\"logo\":{\"@type\":\"ImageObject\",\"inLanguage\":\"ro-RO\",\"@id\":\"https:\/\/xstyle.md\/#\/schema\/logo\/image\/\",\"url\":\"https:\/\/xstyle.md\/wp-content\/uploads\/2020\/06\/logoicon.svg\",\"contentUrl\":\"https:\/\/xstyle.md\/wp-content\/uploads\/2020\/06\/logoicon.svg\",\"caption\":\"\u041c\u0430\u0433\u0430\u0437\u0438\u043d Xstyle\"},\"image\":{\"@id\":\"https:\/\/xstyle.md\/#\/schema\/logo\/image\/\"},\"sameAs\":[\"https:\/\/www.facebook.com\/xstylemd\",\"https:\/\/www.instagram.com\/xstyle_md\/\",\"https:\/\/t.me\/xstyle_outdoor\"],\"hasMerchantReturnPolicy\":{\"@type\":\"MerchantReturnPolicy\",\"merchantReturnLink\":\"https:\/\/xstyle.md\/ro\/conditions\/\"}}]}<\/script>\n<meta property=\"product:price:amount\" content=\"190.00\" \/>\n<meta property=\"product:price:currency\" content=\"MDL\" \/>\n<meta property=\"og:availability\" content=\"instock\" \/>\n<meta property=\"product:availability\" content=\"instock\" \/>\n<meta property=\"product:retailer_item_id\" content=\"5031863330503\" \/>\n<meta property=\"product:condition\" content=\"new\" \/>\n<!-- \/ Yoast SEO plugin. -->","yoast_head_json":{"title":"Spray \u00eempotriva insectelor Lifesystems Expedition Max Mosquito Repellent 50 ml - Magazin Xstyle","description":"Proteja\u021bi-v\u0103 de mu\u0219c\u0103turile insectelor cu spray-ul Lifesystems Expedition Max (50 ml). Formula eficient\u0103 con\u021bine 50% DEET \u0219i extract de crizantem\u0103.","robots":{"index":"index","follow":"follow","max-snippet":"max-snippet:-1","max-image-preview":"max-image-preview:large","max-video-preview":"max-video-preview:-1"},"canonical":"https:\/\/xstyle.md\/ro\/produs\/sprej-ot-nasekomyh-lifesystems-expedition-max-mosquito-repellent-50-ml\/","og_locale":"ro_RO","og_type":"article","og_title":"\u0421\u043f\u0440\u0435\u0439 \u043e\u0442 \u043d\u0430\u0441\u0435\u043a\u043e\u043c\u044b\u0445 Lifesystems Expedition Max Mosquito Repellent 50 ml - \u041c\u0430\u0433\u0430\u0437\u0438\u043d Xstyle","og_description":"\u0417\u0430\u0449\u0438\u0442\u0438\u0442\u0435 \u0441\u0435\u0431\u044f \u043e\u0442 \u0443\u043a\u0443\u0441\u043e\u0432 \u043d\u0430\u0441\u0435\u043a\u043e\u043c\u044b\u0445 \u0441 \u0441\u043f\u0440\u0435\u0435\u043c Lifesystems Expedition Max (50 \u043c\u043b). \u042d\u0444\u0444\u0435\u043a\u0442\u0438\u0432\u043d\u0430\u044f \u0444\u043e\u0440\u043c\u0443\u043b\u0430 \u0441 50% DEET \u0438 \u044d\u043a\u0441\u0442\u0440\u0430\u043a\u0442\u043e\u043c \u0445\u0440\u0438\u0437\u0430\u043d\u0442\u0435\u043c\u044b.","og_url":"https:\/\/xstyle.md\/ro\/produs\/sprej-ot-nasekomyh-lifesystems-expedition-max-mosquito-repellent-50-ml\/","og_site_name":"\u041c\u0430\u0433\u0430\u0437\u0438\u043d Xstyle","article_publisher":"https:\/\/www.facebook.com\/xstylemd","article_modified_time":"2025-10-24T09:46:48+00:00","og_image":[{"width":1500,"height":1500,"url":"https:\/\/xstyle.md\/wp-content\/uploads\/2021\/04\/max.jpg","type":"image\/jpeg"}],"twitter_card":"summary_large_image","twitter_misc":{"Pre\u021b":"190&nbsp;MDL","Disponibilitate":"\u00cen stoc"},"schema":{"@context":"https:\/\/schema.org","@graph":[{"@type":"WebPage","@id":"https:\/\/xstyle.md\/product\/sprej-ot-nasekomyh-lifesystems-expedition-max-mosquito-repellent-50-ml\/","url":"https:\/\/xstyle.md\/product\/sprej-ot-nasekomyh-lifesystems-expedition-max-mosquito-repellent-50-ml\/","name":"Spray \u00eempotriva insectelor Lifesystems Expedition Max Mosquito Repellent 50 ml - Magazin Xstyle","isPartOf":{"@id":"https:\/\/xstyle.md\/#website"},"primaryImageOfPage":{"@id":"https:\/\/xstyle.md\/product\/sprej-ot-nasekomyh-lifesystems-expedition-max-mosquito-repellent-50-ml\/#primaryimage"},"image":{"@id":"https:\/\/xstyle.md\/product\/sprej-ot-nasekomyh-lifesystems-expedition-max-mosquito-repellent-50-ml\/#primaryimage"},"thumbnailUrl":"https:\/\/xstyle.md\/wp-content\/uploads\/2021\/04\/max.jpg","datePublished":"2021-01-11T13:20:56+00:00","dateModified":"2025-10-24T09:46:48+00:00","description":"Proteja\u021bi-v\u0103 de mu\u0219c\u0103turile insectelor cu spray-ul Lifesystems Expedition Max (50 ml). Formula eficient\u0103 con\u021bine 50% DEET \u0219i extract de crizantem\u0103.","breadcrumb":{"@id":"https:\/\/xstyle.md\/product\/sprej-ot-nasekomyh-lifesystems-expedition-max-mosquito-repellent-50-ml\/#breadcrumb"},"inLanguage":"ro-RO","potentialAction":[{"@type":"ReadAction","target":["https:\/\/xstyle.md\/product\/sprej-ot-nasekomyh-lifesystems-expedition-max-mosquito-repellent-50-ml\/"]}]},{"@type":"ImageObject","inLanguage":"ro-RO","@id":"https:\/\/xstyle.md\/product\/sprej-ot-nasekomyh-lifesystems-expedition-max-mosquito-repellent-50-ml\/#primaryimage","url":"https:\/\/xstyle.md\/wp-content\/uploads\/2021\/04\/max.jpg","contentUrl":"https:\/\/xstyle.md\/wp-content\/uploads\/2021\/04\/max.jpg","width":1500,"height":1500},{"@type":"BreadcrumbList","@id":"https:\/\/xstyle.md\/product\/sprej-ot-nasekomyh-lifesystems-expedition-max-mosquito-repellent-50-ml\/#breadcrumb","itemListElement":[{"@type":"ListItem","position":1,"name":"\u0413\u043b\u0430\u0432\u043d\u0430\u044f \u0441\u0442\u0440\u0430\u043d\u0438\u0446\u0430","item":"https:\/\/xstyle.md\/"},{"@type":"ListItem","position":2,"name":"\u041c\u0430\u0433\u0430\u0437\u0438\u043d","item":"https:\/\/xstyle.md\/shop\/"},{"@type":"ListItem","position":3,"name":"\u0421\u043f\u0440\u0435\u0439 \u043e\u0442 \u043d\u0430\u0441\u0435\u043a\u043e\u043c\u044b\u0445 Lifesystems Expedition Max Mosquito Repellent 50 ml"}]},{"@type":"WebSite","@id":"https:\/\/xstyle.md\/#website","url":"https:\/\/xstyle.md\/","name":"Magazinul X-Style","description":"Echipamente pentru turism \u0219i sporturi extreme \u00een Moldova. Pre\u021buri, fotografii, caracteristici \u00een Moldova.","publisher":{"@id":"https:\/\/xstyle.md\/#organization"},"alternateName":"X-Style","potentialAction":[{"@type":"SearchAction","target":{"@type":"EntryPoint","urlTemplate":"https:\/\/xstyle.md\/?s={search_term_string}"},"query-input":{"@type":"PropertyValueSpecification","valueRequired":true,"valueName":"search_term_string"}}],"inLanguage":"ro-RO"},{"@type":"Organization","@id":"https:\/\/xstyle.md\/#organization","name":"Magazinul X-Style","alternateName":"x-style","url":"https:\/\/xstyle.md\/","logo":{"@type":"ImageObject","inLanguage":"ro-RO","@id":"https:\/\/xstyle.md\/#\/schema\/logo\/image\/","url":"https:\/\/xstyle.md\/wp-content\/uploads\/2020\/06\/logoicon.svg","contentUrl":"https:\/\/xstyle.md\/wp-content\/uploads\/2020\/06\/logoicon.svg","caption":"\u041c\u0430\u0433\u0430\u0437\u0438\u043d Xstyle"},"image":{"@id":"https:\/\/xstyle.md\/#\/schema\/logo\/image\/"},"sameAs":["https:\/\/www.facebook.com\/xstylemd","https:\/\/www.instagram.com\/xstyle_md\/","https:\/\/t.me\/xstyle_outdoor"],"hasMerchantReturnPolicy":{"@type":"MerchantReturnPolicy","merchantReturnLink":"https:\/\/xstyle.md\/ro\/conditions\/"}}]},"product_price_amount":"190.00","product_price_currency":"MDL","og_availability":"instock","product_availability":"instock","product_retailer_item_id":"5031863330503","product_condition":"new"},"post_mailing_queue_ids":[],"_links":{"self":[{"href":"https:\/\/xstyle.md\/ro\/wp-json\/wp\/v2\/product\/26976","targetHints":{"allow":["GET"]}}],"collection":[{"href":"https:\/\/xstyle.md\/ro\/wp-json\/wp\/v2\/product"}],"about":[{"href":"https:\/\/xstyle.md\/ro\/wp-json\/wp\/v2\/types\/product"}],"replies":[{"embeddable":true,"href":"https:\/\/xstyle.md\/ro\/wp-json\/wp\/v2\/comments?post=26976"}],"wp:featuredmedia":[{"embeddable":true,"href":"https:\/\/xstyle.md\/ro\/wp-json\/wp\/v2\/media\/28378"}],"wp:attachment":[{"href":"https:\/\/xstyle.md\/ro\/wp-json\/wp\/v2\/media?parent=26976"}],"wp:term":[{"taxonomy":"product_brand","embeddable":true,"href":"https:\/\/xstyle.md\/ro\/wp-json\/wp\/v2\/product_brand?post=26976"},{"taxonomy":"product_cat","embeddable":true,"href":"https:\/\/xstyle.md\/ro\/wp-json\/wp\/v2\/product_cat?post=26976"},{"taxonomy":"product_tag","embeddable":true,"href":"https:\/\/xstyle.md\/ro\/wp-json\/wp\/v2\/product_tag?post=26976"}],"curies":[{"name":"wp","href":"https:\/\/api.w.org\/{rel}","templated":true}]}}