{"id":26974,"date":"2021-01-11T16:20:55","date_gmt":"2021-01-11T13:20:55","guid":{"rendered":"https:\/\/xstyle.md\/product\/sprej-ot-nasekomyh-lifesystems-expedition-50-pro-mosquito-repellent-100-ml\/"},"modified":"2025-10-24T12:46:45","modified_gmt":"2025-10-24T09:46:45","slug":"sprej-ot-nasekomyh-lifesystems-expedition-50-pro-mosquito-repellent-100-ml","status":"publish","type":"product","link":"https:\/\/xstyle.md\/ro\/produs\/sprej-ot-nasekomyh-lifesystems-expedition-50-pro-mosquito-repellent-100-ml\/","title":{"rendered":"Spray anti insecte Lifesystems Expedition 50 PRO Mosquito Repellent 100 ml"},"content":{"rendered":"<\/p>\n<p><strong>Lifesystems Expedition 50 PRO Mosquito Repellent 100 ml<\/strong> &#8212; spray anti-insecte cu o formul\u0103 nou\u0103 \u0219i \u00eembun\u0103t\u0103\u021bit\u0103 care \u00eenlocuie\u0219te repelentul de insecte Expedition 50+.<\/p>\n<p>Con\u021bine o formul\u0103 cu dubl\u0103 ac\u021biune pentru a oferi cel mai \u00eenalt nivel posibil de protec\u021bie \u00eempotriva \u00een\u021bep\u0103turilor de insecte. Ofer\u0103 o protec\u021bie eficient\u0103 \u0219i de lung\u0103 durat\u0103 (p\u00e2n\u0103 la 7 ore) \u00eempotriva \u021b\u00e2n\u021barilor, moustelor, \u021b\u00e2n\u021barilor, puricilor, ticurilor, c\u0103pu\u0219elor \u0219i altor insecte.<\/p>\n<p>Potrivit pentru utilizarea \u00een zonele tropicale pentru a proteja \u00eempotriva riscului de malarie \u0219i a altor boli transmise de insecte, cum ar fi febra Dengue, febra Nilului de Vest \u0219i filarioza.<\/p>\n<p>S-a dovedit c\u0103 DEET (dietiltoluamida) este cel mai bun repelent de \u021b\u00e2n\u021bari. Cu c\u00e2t procentul s\u0103u este mai mare, cu at\u00e2t este mai eficient \u0219i dureaz\u0103 mai mult.<\/p>\n<h3>Particularit\u0103\u021bi<\/h3>\n<ul>\n<li>50% DEET (dietiltoluamid\u0103) \u0219i 0,1% piretrin\u0103 &#8212; cel mai \u00eenalt nivel de protec\u021bie<\/li>\n<li>Formula cu dubl\u0103 ac\u021biune asigur\u0103 protec\u021bie timp de peste 7 ore<\/li>\n<li>Flacon din aluminiu rezistent cu pulverizator, u\u0219or de utilizat<\/li>\n<li>Potrivit pentru copii cu v\u00e2rsta peste 6 ani<\/li>\n<\/ul>\n<h3>Metoda de aplicare<\/h3>\n<ul>\n<li>Pulveriza\u021bi o cantitate mic\u0103 de produs \u00een palmele m\u00e2inilor.<\/li>\n<li>Folosi\u021bi mi\u0219c\u0103ri de frecare pentru a r\u0103sp\u00e2ndi produsul pe suprafa\u021ba pielii.<\/li>\n<li>Aplicarea pe fa\u021b\u0103, g\u00e2t \u0219i zona urechilor: doar o cantitate mic\u0103, doar cu m\u00e2inile, nu pulveriza\u021bi produsul pe fa\u021b\u0103!<\/li>\n<li>Copiii nu trebuie s\u0103 foloseasc\u0103 produsul pe cont propriu &#8212; numai adul\u021bii!<\/li>\n<li>Nu folosi\u021bi pe m\u00e2inile copiilor pentru a evita contactul cu ochii \u0219i gura.<\/li>\n<li>Utiliza\u021bi cu protec\u021bie solar\u0103: aplica\u021bi mai \u00eent\u00e2i crema de protec\u021bie solar\u0103 \u0219i a\u0219tepta\u021bi p\u00e2n\u0103 c\u00e2nd aceasta este absorbit\u0103 de piele \u00eenainte de a aplica repelentul.<\/li>\n<li>Nu aplica\u021bi repelentul pe pielea sensibil\u0103 sau deteriorat\u0103 (t\u0103ieturi, abraziuni, arsuri solare).<\/li>\n<\/ul>\n<h3>Caracteristici<\/h3>\n<ul>\n<li>Compozi\u021bie &#8212; 50% DEET (dietiltoluamid\u0103), 0,1% piretrin\u0103<\/li>\n<li>Volum &#8212; 100 ml<\/li>\n<li>Dimensiune &#8212; 4 x 13,8 cm<\/li>\n<li>Greutate &#8212; 132 g<\/li>\n<\/ul>\n<h3>Marca<\/h3>\n<p>Lifesystems este o companie britanic\u0103 care produce echipamente \u0219i echipamente pentru turi\u0219ti \u0219i c\u0103l\u0103tori. Sub aceast\u0103 marc\u0103 se produc truse de prim ajutor, spray-uri \u00eempotriva insectelor, creme de protec\u021bie solar\u0103, produse de purificare \u0219i dezinfectare a apei, plase de \u021b\u00e2n\u021bari \u0219i alte lucruri utile pentru turi\u0219ti. Calit\u0103\u021bii produselor li se acord\u0103 o mare aten\u021bie. Acestea sunt foarte func\u021bionale, capabile s\u0103 satisfac\u0103 nevoile majorit\u0103\u021bii pasiona\u021bilor de activit\u0103\u021bi \u00een aer liber \u0219i a sportivilor extremi\u0219ti, testate pe teren, \u00een cele mai periculoase \u0219i greu accesibile locuri de pe planet\u0103.<\/p>\n<p><\/p>","protected":false},"excerpt":{"rendered":"<p>Spray anti insecte Lifesystems Expedition 50 PRO Mosquito Repellent 100 ml<\/p>","protected":false},"featured_media":28376,"comment_status":"open","ping_status":"closed","template":"","meta":{"_acf_changed":false,"inline_featured_image":false},"product_brand":[1417],"product_cat":[315],"product_tag":[],"class_list":{"0":"post-26974","1":"product","2":"type-product","3":"status-publish","4":"has-post-thumbnail","6":"product_brand-lifesystems","7":"product_cat-protection","9":"first","10":"instock","11":"shipping-taxable","12":"purchasable","13":"product-type-simple"},"acf":[],"yoast_head":"<!-- This site is optimized with the Yoast SEO plugin v27.2 - https:\/\/yoast.com\/product\/yoast-seo-wordpress\/ -->\n<title>\u0421\u043f\u0440\u0435\u0439 \u043e\u0442 \u043d\u0430\u0441\u0435\u043a\u043e\u043c\u044b\u0445 Lifesystems Expedition 50 PRO Mosquito Repellent 100 ml - \u041c\u0430\u0433\u0430\u0437\u0438\u043d Xstyle<\/title>\n<meta name=\"description\" content=\"\u0421\u043f\u0440\u0435\u0439 \u043e\u0442 \u043d\u0430\u0441\u0435\u043a\u043e\u043c\u044b\u0445 Lifesystems Expedition 50 PRO 100 \u043c\u043b \u043e\u0431\u0435\u0441\u043f\u0435\u0447\u0438\u0432\u0430\u0435\u0442 \u043c\u0430\u043a\u0441\u0438\u043c\u0430\u043b\u044c\u043d\u0443\u044e \u0437\u0430\u0449\u0438\u0442\u0443 \u0441 \u0434\u0432\u043e\u0439\u043d\u044b\u043c \u0434\u0435\u0439\u0441\u0442\u0432\u0438\u0435\u043c \u0438 \u0441\u043e\u0434\u0435\u0440\u0436\u0438\u0442 50% DEET \u0434\u043b\u044f \u043d\u0430\u0434\u0435\u0436\u043d\u043e\u0439 \u0437\u0430\u0449\u0438\u0442\u044b.\" \/>\n<meta name=\"robots\" content=\"index, follow, max-snippet:-1, max-image-preview:large, max-video-preview:-1\" \/>\n<link rel=\"canonical\" href=\"https:\/\/xstyle.md\/ro\/produs\/sprej-ot-nasekomyh-lifesystems-expedition-50-pro-mosquito-repellent-100-ml\/\" \/>\n<meta property=\"og:locale\" content=\"ro_RO\" \/>\n<meta property=\"og:type\" content=\"article\" \/>\n<meta property=\"og:title\" content=\"\u0421\u043f\u0440\u0435\u0439 \u043e\u0442 \u043d\u0430\u0441\u0435\u043a\u043e\u043c\u044b\u0445 Lifesystems Expedition 50 PRO Mosquito Repellent 100 ml - \u041c\u0430\u0433\u0430\u0437\u0438\u043d Xstyle\" \/>\n<meta property=\"og:description\" content=\"\u0421\u043f\u0440\u0435\u0439 \u043e\u0442 \u043d\u0430\u0441\u0435\u043a\u043e\u043c\u044b\u0445 Lifesystems Expedition 50 PRO 100 \u043c\u043b \u043e\u0431\u0435\u0441\u043f\u0435\u0447\u0438\u0432\u0430\u0435\u0442 \u043c\u0430\u043a\u0441\u0438\u043c\u0430\u043b\u044c\u043d\u0443\u044e \u0437\u0430\u0449\u0438\u0442\u0443 \u0441 \u0434\u0432\u043e\u0439\u043d\u044b\u043c \u0434\u0435\u0439\u0441\u0442\u0432\u0438\u0435\u043c \u0438 \u0441\u043e\u0434\u0435\u0440\u0436\u0438\u0442 50% DEET \u0434\u043b\u044f \u043d\u0430\u0434\u0435\u0436\u043d\u043e\u0439 \u0437\u0430\u0449\u0438\u0442\u044b.\" \/>\n<meta property=\"og:url\" content=\"https:\/\/xstyle.md\/ro\/produs\/sprej-ot-nasekomyh-lifesystems-expedition-50-pro-mosquito-repellent-100-ml\/\" \/>\n<meta property=\"og:site_name\" content=\"\u041c\u0430\u0433\u0430\u0437\u0438\u043d Xstyle\" \/>\n<meta property=\"article:publisher\" content=\"https:\/\/www.facebook.com\/xstylemd\" \/>\n<meta property=\"article:modified_time\" content=\"2025-10-24T09:46:45+00:00\" \/>\n<meta property=\"og:image\" content=\"https:\/\/xstyle.md\/wp-content\/uploads\/2021\/04\/50-pro-mosquito-repellent-100ml-1_1.jpg\" \/>\n\t<meta property=\"og:image:width\" content=\"1380\" \/>\n\t<meta property=\"og:image:height\" content=\"966\" \/>\n\t<meta property=\"og:image:type\" content=\"image\/jpeg\" \/>\n<meta name=\"twitter:card\" content=\"summary_large_image\" \/>\n<meta name=\"twitter:label1\" content=\"Pre\u021b\" \/>\n\t<meta name=\"twitter:data1\" content=\"225&nbsp;MDL\" \/>\n\t<meta name=\"twitter:label2\" content=\"Disponibilitate\" \/>\n\t<meta name=\"twitter:data2\" content=\"\u00cen stoc\" \/>\n<script type=\"application\/ld+json\" class=\"yoast-schema-graph\">{\"@context\":\"https:\/\/schema.org\",\"@graph\":[{\"@type\":\"WebPage\",\"@id\":\"https:\/\/xstyle.md\/product\/sprej-ot-nasekomyh-lifesystems-expedition-50-pro-mosquito-repellent-100-ml\/\",\"url\":\"https:\/\/xstyle.md\/product\/sprej-ot-nasekomyh-lifesystems-expedition-50-pro-mosquito-repellent-100-ml\/\",\"name\":\"\u0421\u043f\u0440\u0435\u0439 \u043e\u0442 \u043d\u0430\u0441\u0435\u043a\u043e\u043c\u044b\u0445 Lifesystems Expedition 50 PRO Mosquito Repellent 100 ml - \u041c\u0430\u0433\u0430\u0437\u0438\u043d Xstyle\",\"isPartOf\":{\"@id\":\"https:\/\/xstyle.md\/#website\"},\"primaryImageOfPage\":{\"@id\":\"https:\/\/xstyle.md\/product\/sprej-ot-nasekomyh-lifesystems-expedition-50-pro-mosquito-repellent-100-ml\/#primaryimage\"},\"image\":{\"@id\":\"https:\/\/xstyle.md\/product\/sprej-ot-nasekomyh-lifesystems-expedition-50-pro-mosquito-repellent-100-ml\/#primaryimage\"},\"thumbnailUrl\":\"https:\/\/xstyle.md\/wp-content\/uploads\/2021\/04\/50-pro-mosquito-repellent-100ml-1_1.jpg\",\"datePublished\":\"2021-01-11T13:20:55+00:00\",\"dateModified\":\"2025-10-24T09:46:45+00:00\",\"description\":\"\u0421\u043f\u0440\u0435\u0439 \u043e\u0442 \u043d\u0430\u0441\u0435\u043a\u043e\u043c\u044b\u0445 Lifesystems Expedition 50 PRO 100 \u043c\u043b \u043e\u0431\u0435\u0441\u043f\u0435\u0447\u0438\u0432\u0430\u0435\u0442 \u043c\u0430\u043a\u0441\u0438\u043c\u0430\u043b\u044c\u043d\u0443\u044e \u0437\u0430\u0449\u0438\u0442\u0443 \u0441 \u0434\u0432\u043e\u0439\u043d\u044b\u043c \u0434\u0435\u0439\u0441\u0442\u0432\u0438\u0435\u043c \u0438 \u0441\u043e\u0434\u0435\u0440\u0436\u0438\u0442 50% DEET \u0434\u043b\u044f \u043d\u0430\u0434\u0435\u0436\u043d\u043e\u0439 \u0437\u0430\u0449\u0438\u0442\u044b.\",\"breadcrumb\":{\"@id\":\"https:\/\/xstyle.md\/product\/sprej-ot-nasekomyh-lifesystems-expedition-50-pro-mosquito-repellent-100-ml\/#breadcrumb\"},\"inLanguage\":\"ro-RO\",\"potentialAction\":[{\"@type\":\"ReadAction\",\"target\":[\"https:\/\/xstyle.md\/product\/sprej-ot-nasekomyh-lifesystems-expedition-50-pro-mosquito-repellent-100-ml\/\"]}]},{\"@type\":\"ImageObject\",\"inLanguage\":\"ro-RO\",\"@id\":\"https:\/\/xstyle.md\/product\/sprej-ot-nasekomyh-lifesystems-expedition-50-pro-mosquito-repellent-100-ml\/#primaryimage\",\"url\":\"https:\/\/xstyle.md\/wp-content\/uploads\/2021\/04\/50-pro-mosquito-repellent-100ml-1_1.jpg\",\"contentUrl\":\"https:\/\/xstyle.md\/wp-content\/uploads\/2021\/04\/50-pro-mosquito-repellent-100ml-1_1.jpg\",\"width\":1380,\"height\":966},{\"@type\":\"BreadcrumbList\",\"@id\":\"https:\/\/xstyle.md\/product\/sprej-ot-nasekomyh-lifesystems-expedition-50-pro-mosquito-repellent-100-ml\/#breadcrumb\",\"itemListElement\":[{\"@type\":\"ListItem\",\"position\":1,\"name\":\"\u0413\u043b\u0430\u0432\u043d\u0430\u044f \u0441\u0442\u0440\u0430\u043d\u0438\u0446\u0430\",\"item\":\"https:\/\/xstyle.md\/\"},{\"@type\":\"ListItem\",\"position\":2,\"name\":\"\u041c\u0430\u0433\u0430\u0437\u0438\u043d\",\"item\":\"https:\/\/xstyle.md\/shop\/\"},{\"@type\":\"ListItem\",\"position\":3,\"name\":\"\u0421\u043f\u0440\u0435\u0439 \u043e\u0442 \u043d\u0430\u0441\u0435\u043a\u043e\u043c\u044b\u0445 Lifesystems Expedition 50 PRO Mosquito Repellent 100 ml\"}]},{\"@type\":\"WebSite\",\"@id\":\"https:\/\/xstyle.md\/#website\",\"url\":\"https:\/\/xstyle.md\/\",\"name\":\"\u041c\u0430\u0433\u0430\u0437\u0438\u043d Xstyle\",\"description\":\"C\u043d\u0430\u0440\u044f\u0436\u0435\u043d\u0438\u0435 \u0434\u043b\u044f \u0442\u0443\u0440\u0438\u0437\u043c\u0430 \u0438 \u044d\u043a\u0441\u0442\u0440\u0435\u043c\u0430\u043b\u044c\u043d\u044b\u0445 \u0432\u0438\u0434\u043e\u0432 \u0441\u043f\u043e\u0440\u0442\u0430 \u0432 \u041c\u043e\u043b\u0434\u043e\u0432\u0435.. \u0426\u0435\u043d\u044b, \u0444\u043e\u0442\u043e, \u0445\u0430\u0440\u0430\u043a\u0442\u0435\u0440\u0438\u0441\u0442\u0438\u043a\u0438 \u0432 \u041c\u043e\u043b\u0434\u043e\u0432\u0435.\",\"publisher\":{\"@id\":\"https:\/\/xstyle.md\/#organization\"},\"alternateName\":\"X-Style\",\"potentialAction\":[{\"@type\":\"SearchAction\",\"target\":{\"@type\":\"EntryPoint\",\"urlTemplate\":\"https:\/\/xstyle.md\/?s={search_term_string}\"},\"query-input\":{\"@type\":\"PropertyValueSpecification\",\"valueRequired\":true,\"valueName\":\"search_term_string\"}}],\"inLanguage\":\"ro-RO\"},{\"@type\":\"Organization\",\"@id\":\"https:\/\/xstyle.md\/#organization\",\"name\":\"\u041c\u0430\u0433\u0430\u0437\u0438\u043d Xstyle\",\"alternateName\":\"x-style\",\"url\":\"https:\/\/xstyle.md\/\",\"logo\":{\"@type\":\"ImageObject\",\"inLanguage\":\"ro-RO\",\"@id\":\"https:\/\/xstyle.md\/#\/schema\/logo\/image\/\",\"url\":\"https:\/\/xstyle.md\/wp-content\/uploads\/2020\/06\/logoicon.svg\",\"contentUrl\":\"https:\/\/xstyle.md\/wp-content\/uploads\/2020\/06\/logoicon.svg\",\"caption\":\"\u041c\u0430\u0433\u0430\u0437\u0438\u043d Xstyle\"},\"image\":{\"@id\":\"https:\/\/xstyle.md\/#\/schema\/logo\/image\/\"},\"sameAs\":[\"https:\/\/www.facebook.com\/xstylemd\",\"https:\/\/www.instagram.com\/xstyle_md\/\",\"https:\/\/t.me\/xstyle_outdoor\"],\"hasMerchantReturnPolicy\":{\"@type\":\"MerchantReturnPolicy\",\"merchantReturnLink\":\"https:\/\/xstyle.md\/ro\/conditions\/\"}}]}<\/script>\n<meta property=\"product:price:amount\" content=\"225.00\" \/>\n<meta property=\"product:price:currency\" content=\"MDL\" \/>\n<meta property=\"og:availability\" content=\"instock\" \/>\n<meta property=\"product:availability\" content=\"instock\" \/>\n<meta property=\"product:retailer_item_id\" content=\"5031863330114\" \/>\n<meta property=\"product:condition\" content=\"new\" \/>\n<!-- \/ Yoast SEO plugin. -->","yoast_head_json":{"title":"Spray \u00eempotriva insectelor Lifesystems Expedition 50 PRO Mosquito Repellent 100 ml - Magazin Xstyle","description":"Spray \u00eempotriva insectelor Lifesystems Expedition 50 PRO 100 ml ofer\u0103 o protec\u021bie maxim\u0103 cu ac\u021biune dubl\u0103 \u0219i con\u021bine 50% DEET pentru o protec\u021bie fiabil\u0103.","robots":{"index":"index","follow":"follow","max-snippet":"max-snippet:-1","max-image-preview":"max-image-preview:large","max-video-preview":"max-video-preview:-1"},"canonical":"https:\/\/xstyle.md\/ro\/produs\/sprej-ot-nasekomyh-lifesystems-expedition-50-pro-mosquito-repellent-100-ml\/","og_locale":"ro_RO","og_type":"article","og_title":"\u0421\u043f\u0440\u0435\u0439 \u043e\u0442 \u043d\u0430\u0441\u0435\u043a\u043e\u043c\u044b\u0445 Lifesystems Expedition 50 PRO Mosquito Repellent 100 ml - \u041c\u0430\u0433\u0430\u0437\u0438\u043d Xstyle","og_description":"\u0421\u043f\u0440\u0435\u0439 \u043e\u0442 \u043d\u0430\u0441\u0435\u043a\u043e\u043c\u044b\u0445 Lifesystems Expedition 50 PRO 100 \u043c\u043b \u043e\u0431\u0435\u0441\u043f\u0435\u0447\u0438\u0432\u0430\u0435\u0442 \u043c\u0430\u043a\u0441\u0438\u043c\u0430\u043b\u044c\u043d\u0443\u044e \u0437\u0430\u0449\u0438\u0442\u0443 \u0441 \u0434\u0432\u043e\u0439\u043d\u044b\u043c \u0434\u0435\u0439\u0441\u0442\u0432\u0438\u0435\u043c \u0438 \u0441\u043e\u0434\u0435\u0440\u0436\u0438\u0442 50% DEET \u0434\u043b\u044f \u043d\u0430\u0434\u0435\u0436\u043d\u043e\u0439 \u0437\u0430\u0449\u0438\u0442\u044b.","og_url":"https:\/\/xstyle.md\/ro\/produs\/sprej-ot-nasekomyh-lifesystems-expedition-50-pro-mosquito-repellent-100-ml\/","og_site_name":"\u041c\u0430\u0433\u0430\u0437\u0438\u043d Xstyle","article_publisher":"https:\/\/www.facebook.com\/xstylemd","article_modified_time":"2025-10-24T09:46:45+00:00","og_image":[{"width":1380,"height":966,"url":"https:\/\/xstyle.md\/wp-content\/uploads\/2021\/04\/50-pro-mosquito-repellent-100ml-1_1.jpg","type":"image\/jpeg"}],"twitter_card":"summary_large_image","twitter_misc":{"Pre\u021b":"225&nbsp;MDL","Disponibilitate":"\u00cen stoc"},"schema":{"@context":"https:\/\/schema.org","@graph":[{"@type":"WebPage","@id":"https:\/\/xstyle.md\/product\/sprej-ot-nasekomyh-lifesystems-expedition-50-pro-mosquito-repellent-100-ml\/","url":"https:\/\/xstyle.md\/product\/sprej-ot-nasekomyh-lifesystems-expedition-50-pro-mosquito-repellent-100-ml\/","name":"Spray \u00eempotriva insectelor Lifesystems Expedition 50 PRO Mosquito Repellent 100 ml - Magazin Xstyle","isPartOf":{"@id":"https:\/\/xstyle.md\/#website"},"primaryImageOfPage":{"@id":"https:\/\/xstyle.md\/product\/sprej-ot-nasekomyh-lifesystems-expedition-50-pro-mosquito-repellent-100-ml\/#primaryimage"},"image":{"@id":"https:\/\/xstyle.md\/product\/sprej-ot-nasekomyh-lifesystems-expedition-50-pro-mosquito-repellent-100-ml\/#primaryimage"},"thumbnailUrl":"https:\/\/xstyle.md\/wp-content\/uploads\/2021\/04\/50-pro-mosquito-repellent-100ml-1_1.jpg","datePublished":"2021-01-11T13:20:55+00:00","dateModified":"2025-10-24T09:46:45+00:00","description":"Spray \u00eempotriva insectelor Lifesystems Expedition 50 PRO 100 ml ofer\u0103 o protec\u021bie maxim\u0103 cu ac\u021biune dubl\u0103 \u0219i con\u021bine 50% DEET pentru o protec\u021bie fiabil\u0103.","breadcrumb":{"@id":"https:\/\/xstyle.md\/product\/sprej-ot-nasekomyh-lifesystems-expedition-50-pro-mosquito-repellent-100-ml\/#breadcrumb"},"inLanguage":"ro-RO","potentialAction":[{"@type":"ReadAction","target":["https:\/\/xstyle.md\/product\/sprej-ot-nasekomyh-lifesystems-expedition-50-pro-mosquito-repellent-100-ml\/"]}]},{"@type":"ImageObject","inLanguage":"ro-RO","@id":"https:\/\/xstyle.md\/product\/sprej-ot-nasekomyh-lifesystems-expedition-50-pro-mosquito-repellent-100-ml\/#primaryimage","url":"https:\/\/xstyle.md\/wp-content\/uploads\/2021\/04\/50-pro-mosquito-repellent-100ml-1_1.jpg","contentUrl":"https:\/\/xstyle.md\/wp-content\/uploads\/2021\/04\/50-pro-mosquito-repellent-100ml-1_1.jpg","width":1380,"height":966},{"@type":"BreadcrumbList","@id":"https:\/\/xstyle.md\/product\/sprej-ot-nasekomyh-lifesystems-expedition-50-pro-mosquito-repellent-100-ml\/#breadcrumb","itemListElement":[{"@type":"ListItem","position":1,"name":"\u0413\u043b\u0430\u0432\u043d\u0430\u044f \u0441\u0442\u0440\u0430\u043d\u0438\u0446\u0430","item":"https:\/\/xstyle.md\/"},{"@type":"ListItem","position":2,"name":"\u041c\u0430\u0433\u0430\u0437\u0438\u043d","item":"https:\/\/xstyle.md\/shop\/"},{"@type":"ListItem","position":3,"name":"\u0421\u043f\u0440\u0435\u0439 \u043e\u0442 \u043d\u0430\u0441\u0435\u043a\u043e\u043c\u044b\u0445 Lifesystems Expedition 50 PRO Mosquito Repellent 100 ml"}]},{"@type":"WebSite","@id":"https:\/\/xstyle.md\/#website","url":"https:\/\/xstyle.md\/","name":"Magazinul X-Style","description":"Echipamente pentru turism \u0219i sporturi extreme \u00een Moldova. Pre\u021buri, fotografii, caracteristici \u00een Moldova.","publisher":{"@id":"https:\/\/xstyle.md\/#organization"},"alternateName":"X-Style","potentialAction":[{"@type":"SearchAction","target":{"@type":"EntryPoint","urlTemplate":"https:\/\/xstyle.md\/?s={search_term_string}"},"query-input":{"@type":"PropertyValueSpecification","valueRequired":true,"valueName":"search_term_string"}}],"inLanguage":"ro-RO"},{"@type":"Organization","@id":"https:\/\/xstyle.md\/#organization","name":"Magazinul X-Style","alternateName":"x-style","url":"https:\/\/xstyle.md\/","logo":{"@type":"ImageObject","inLanguage":"ro-RO","@id":"https:\/\/xstyle.md\/#\/schema\/logo\/image\/","url":"https:\/\/xstyle.md\/wp-content\/uploads\/2020\/06\/logoicon.svg","contentUrl":"https:\/\/xstyle.md\/wp-content\/uploads\/2020\/06\/logoicon.svg","caption":"\u041c\u0430\u0433\u0430\u0437\u0438\u043d Xstyle"},"image":{"@id":"https:\/\/xstyle.md\/#\/schema\/logo\/image\/"},"sameAs":["https:\/\/www.facebook.com\/xstylemd","https:\/\/www.instagram.com\/xstyle_md\/","https:\/\/t.me\/xstyle_outdoor"],"hasMerchantReturnPolicy":{"@type":"MerchantReturnPolicy","merchantReturnLink":"https:\/\/xstyle.md\/ro\/conditions\/"}}]},"product_price_amount":"225.00","product_price_currency":"MDL","og_availability":"instock","product_availability":"instock","product_retailer_item_id":"5031863330114","product_condition":"new"},"post_mailing_queue_ids":[],"_links":{"self":[{"href":"https:\/\/xstyle.md\/ro\/wp-json\/wp\/v2\/product\/26974","targetHints":{"allow":["GET"]}}],"collection":[{"href":"https:\/\/xstyle.md\/ro\/wp-json\/wp\/v2\/product"}],"about":[{"href":"https:\/\/xstyle.md\/ro\/wp-json\/wp\/v2\/types\/product"}],"replies":[{"embeddable":true,"href":"https:\/\/xstyle.md\/ro\/wp-json\/wp\/v2\/comments?post=26974"}],"wp:featuredmedia":[{"embeddable":true,"href":"https:\/\/xstyle.md\/ro\/wp-json\/wp\/v2\/media\/28376"}],"wp:attachment":[{"href":"https:\/\/xstyle.md\/ro\/wp-json\/wp\/v2\/media?parent=26974"}],"wp:term":[{"taxonomy":"product_brand","embeddable":true,"href":"https:\/\/xstyle.md\/ro\/wp-json\/wp\/v2\/product_brand?post=26974"},{"taxonomy":"product_cat","embeddable":true,"href":"https:\/\/xstyle.md\/ro\/wp-json\/wp\/v2\/product_cat?post=26974"},{"taxonomy":"product_tag","embeddable":true,"href":"https:\/\/xstyle.md\/ro\/wp-json\/wp\/v2\/product_tag?post=26974"}],"curies":[{"name":"wp","href":"https:\/\/api.w.org\/{rel}","templated":true}]}}