{"id":26967,"date":"2021-01-11T16:20:50","date_gmt":"2021-01-11T13:20:50","guid":{"rendered":"https:\/\/xstyle.md\/product\/kostrovaja-chasha-petromax-griddle-and-fire-bowl-fs56\/"},"modified":"2026-03-19T16:25:23","modified_gmt":"2026-03-19T13:25:23","slug":"kostrovaja-chasha-petromax-griddle-and-fire-bowl-fs56","status":"publish","type":"product","link":"https:\/\/xstyle.md\/ro\/produs\/kostrovaja-chasha-petromax-griddle-and-fire-bowl-fs56\/","title":{"rendered":"Disc pentru gatit Petromax Griddle and Fire Bowl fs56"},"content":{"rendered":"<\/p>\n<p><strong>Petromax Griddle and Fire Bowl fs56<\/strong> &#8212; bolul de foc versatil din o\u021bel. P\u00e2ine delicioas\u0103 la gr\u0103tar, friptur\u0103 suculent\u0103 sau un foc de tab\u0103r\u0103 confortabil, toate acestea sunt posibile cu placa de g\u0103tit \u0219i bolul de foc Petromax. Perfect pentru o familie sau o companie de 6-8 persoane.<\/p>\n<p>Dac\u0103 nu dori\u021bi s\u0103 deteriora\u021bi solul cu focul de tab\u0103r\u0103, acest bol este exact ceea ce v\u0103 trebuie. Iar g\u0103titul pe el este o pl\u0103cere. Principalul aspect legat de utilizarea bolului de foc este c\u0103 centrul gr\u0103tarului se \u00eenc\u0103lze\u0219te mai tare dec\u00e2t marginea, astfel \u00eenc\u00e2t fripturile, produsele de patiserie etc. pot fi men\u021binute calde \u00een timp ce legumele sunt \u00eenc\u0103 pr\u0103jite \u00een mijloc.<\/p>\n<p>Campfire Bowl v\u0103 ofer\u0103 \u0219ansa de a v\u0103 bucura de pocnetul lemnelor arz\u00e2nd \u0219i de un foc aprins sub cerul \u00eenstelat. Prin simpla a\u0219ezare a lemnului pe farfurie, v\u0103 va ajuta s\u0103 evita\u021bi petele de arsur\u0103 pe locul dvs. preferat de camping. Este de la sine \u00een\u021beles c\u0103 nu ar trebui s\u0103 folosi\u021bi plita \u0219i bolul de foc Petromax \u00een interior. \u00centotdeauna l\u0103sa\u021bi bolul s\u0103 se r\u0103ceasc\u0103 dup\u0103 utilizare, apoi \u00eendep\u0103rta\u021bi cenu\u0219a de pe foc, arunca\u021bi cenu\u0219a \u00een mod corespunz\u0103tor, diminea\u021ba tot ce trebuie s\u0103 face\u021bi este s\u0103 cur\u0103\u021ba\u021bi bolul \u0219i sunte\u021bi gata s\u0103 v\u0103 g\u0103ti\u021bi micul dejun preferat, este at\u00e2t de simplu.<\/p>\n<p>Construc\u021bie robust\u0103, rezistent\u0103, practic\u0103 \u0219i in transportare. Bolul de foc nu este deloc voluminos, deoarece picioarele sale de 23 cm lungime pot fi de\u0219urubate cu u\u0219urin\u021b\u0103. \u00cen acest fel, bolul poate fi \u00eempachetat \u00eentr-un sac de transport. Bolul f\u0103r\u0103 picioare poate fi utilizat \u0219i cu Petromax Atago.<\/p>\n<p>La ie\u0219irea din fabric\u0103, noul dvs. focar va fi acoperit cu ulei de parafin\u0103 de calitate alimentar\u0103, care previne coroziunea. Cu toate acestea, ar trebui s\u0103 condimenta\u021bi tigaia pentru prima dat\u0103 \u00eenainte de a o folosi.<\/p>\n<h2><strong>Iat\u0103 c\u00e2teva sfaturi recomandate:\u00a0<\/strong><\/h2>\n<ol>\n<li>Pune\u021bi pu\u021bin\u0103 gr\u0103sime (de exemplu, unt usor sau ulei de nuc\u0103 de cocos) \u00eentr-o tigaie \u0219i \u00eenc\u0103lzi\u021bi-o la o temperatur\u0103 ridicat\u0103, apoi, c\u00e2nd s-a topit, \u00eentinde\u021bi gr\u0103simea pe toat\u0103 suprafa\u021ba farfuriei, de exemplu, cu ajutorul unei pensule.<\/li>\n<li>C\u00e2nd tigaia este \u00eencins\u0103, se pun c\u00e2teva buc\u0103\u021bi de cartof crud (cu sau f\u0103r\u0103 coaj\u0103) \u0219i se adaug\u0103 o linguri\u021b\u0103 de sare.<\/li>\n<li>Se pr\u0103jesc cartofii, \u00eentorc\u00e2ndu-i frecvent, p\u00e2n\u0103 c\u00e2nd feliile devin \u00eenchise la culoare. Dup\u0103 un timp, ve\u021bi observa c\u0103 suprafa\u021ba tig\u0103ii \u00ee\u0219i va schimba culoarea.<\/li>\n<li>Se ia cartofii \u0219i se las\u0103 tigaia s\u0103 se r\u0103ceasc\u0103. Sp\u0103la\u021bi tigaia cu ap\u0103 cald\u0103 \u0219i \u00eendep\u0103rta\u021bi cu grij\u0103 orice resturi de m\u00e2ncare. Apoi, usca\u021bi bine tigaia \u0219i unge\u021bi-o din nou.<\/li>\n<li>Petromax fs este acum gata de utilizare \u00een urm\u0103toarea dvs. excursie cu cortul.<\/li>\n<\/ol>\n<p>Este important s\u0103 sp\u0103la\u021bi tigaia cu ap\u0103 cald\u0103 sau s\u0103 o \u0219terge\u021bi cu h\u00e2rtie de buc\u0103t\u0103rie dup\u0103 fiecare utilizare. Usca\u021bi bine \u0219i apoi unge\u021bi u\u0219or pentru a sigila suprafa\u021ba tig\u0103ii \u0219i a bolului de foc, acest lucru va proteja plita \u0219i bolul de foc Petromax de coroziune. Trebuie s\u0103 existe \u00eentotdeauna un strat sub\u021bire de gr\u0103sime pe tigaie pentru a o proteja \u00eempotriva coroziunii. Procesul de condimentare poate fi repetat ori de c\u00e2te ori este necesar.<\/p>\n<h3>Particularit\u0103\u021bi<\/h3>\n<ul>\n<li>Robust \u0219i practic, fabricat din materiale de calitate.<\/li>\n<li>Multifunc\u021bional (pentru aprinderea focului \u0219i g\u0103tit).<\/li>\n<li>\u00cenveli\u0219 antiaderent.<\/li>\n<li>Se pliaz\u0103 u\u0219or \u00een husa de transport \u0219i depozitare (inclus\u0103).<\/li>\n<\/ul>\n<h3>Caracteristici<\/h3>\n<ul>\n<li>Dimensiuni: 56,0 x 67,6 x 30,0 cm<\/li>\n<li>Diametru: 56 cm<\/li>\n<li>\u00cen\u0103l\u021bimea picioarelor: 23 cm<\/li>\n<li>Material: o\u021bel<\/li>\n<li>Greutate: 7,1 kg.<\/li>\n<\/ul>\n<h3>Marca<\/h3>\n<p>Petromax &#8212; principalul produc\u0103tor german de echipamente de g\u0103tit \u0219i de locuit \u00een aer liber, iar gama sa de produse coordonate combin\u0103 tradi\u021bia \u0219i inova\u021bia \u00eentr-un mod unic. Toate produsele Petromax sunt de cea mai bun\u0103 calitate, durabile, bine g\u00e2ndite \u00een detaliu \u0219i concepute pentru to\u021bi cei care doresc s\u0103 compenseze rutina lor \u00een aer liber \u0219i, prin urmare, s\u0103 campeze \u00een aer liber. Lumea produselor Petromax se concentreaz\u0103 pe explorarea naturii nealterate folosind echipamente tradi\u021bionale, dar bine concepute.<\/p>\n<p><\/p>\n<p><iframe loading=\"lazy\" title=\"Petromax Griddle and Firebowl Review\" width=\"640\" height=\"360\" src=\"https:\/\/www.youtube.com\/embed\/uGnGU169SdM?feature=oembed\" frameborder=\"0\" allow=\"accelerometer; autoplay; clipboard-write; encrypted-media; gyroscope; picture-in-picture; web-share\" referrerpolicy=\"strict-origin-when-cross-origin\" allowfullscreen><\/iframe><\/p>\n<p>&nbsp;<\/p>\n<p><iframe loading=\"lazy\" title=\"PETROMAX GRIDDLE &amp; FIREBOWL REVIEW\" width=\"640\" height=\"360\" src=\"https:\/\/www.youtube.com\/embed\/ASBWp17O-Cs?feature=oembed\" frameborder=\"0\" allow=\"accelerometer; autoplay; clipboard-write; encrypted-media; gyroscope; picture-in-picture; web-share\" referrerpolicy=\"strict-origin-when-cross-origin\" allowfullscreen><\/iframe><\/p>","protected":false},"excerpt":{"rendered":"<p>Disc pentru gatit Petromax Griddle and Fire Bowl fs56<\/p>","protected":false},"featured_media":28358,"comment_status":"open","ping_status":"closed","template":"","meta":{"_acf_changed":false,"inline_featured_image":false},"product_brand":[1420],"product_cat":[906],"product_tag":[],"class_list":{"0":"post-26967","1":"product","2":"type-product","3":"status-publish","4":"has-post-thumbnail","6":"product_brand-petromax","7":"product_cat-campfire","9":"first","10":"outofstock","11":"shipping-taxable","12":"product-type-simple"},"acf":[],"yoast_head":"<!-- This site is optimized with the Yoast SEO plugin v27.4 - https:\/\/yoast.com\/product\/yoast-seo-wordpress\/ -->\n<title>\u041a\u043e\u0441\u0442\u0440\u043e\u0432\u0430\u044f \u0447\u0430\u0448\u0430 Petromax Griddle and Fire Bowl fs56 - \u041c\u0430\u0433\u0430\u0437\u0438\u043d Xstyle<\/title>\n<meta name=\"description\" content=\"\u041a\u043e\u0441\u0442\u0440\u043e\u0432\u0430\u044f \u0447\u0430\u0448\u0430 Petromax Griddle \u0438 Fire Bowl fs56 - \u0443\u043d\u0438\u0432\u0435\u0440\u0441\u0430\u043b\u044c\u043d\u044b\u0439 \u0438\u043d\u0441\u0442\u0440\u0443\u043c\u0435\u043d\u0442 \u0438\u0437 \u0441\u0442\u0430\u043b\u0438 \u0434\u043b\u044f \u043f\u0440\u0438\u0433\u043e\u0442\u043e\u0432\u043b\u0435\u043d\u0438\u044f \u043f\u0438\u0449\u0438 \u0438 \u043a\u043e\u0441\u0442\u0440\u043e\u0432. \u0418\u0434\u0435\u0430\u043b\u044c\u043d\u043e \u0434\u043b\u044f \u0448\u0430\u0448\u043b\u044b\u043a\u043e\u0432 \u0438 \u0434\u0440\u0443\u0436\u0435\u0441\u043a\u0438\u0445 \u0432\u0441\u0442\u0440\u0435\u0447!\" \/>\n<meta name=\"robots\" content=\"index, follow, max-snippet:-1, max-image-preview:large, max-video-preview:-1\" \/>\n<link rel=\"canonical\" href=\"https:\/\/xstyle.md\/ro\/produs\/kostrovaja-chasha-petromax-griddle-and-fire-bowl-fs56\/\" \/>\n<meta property=\"og:locale\" content=\"ro_RO\" \/>\n<meta property=\"og:type\" content=\"article\" \/>\n<meta property=\"og:title\" content=\"\u041a\u043e\u0441\u0442\u0440\u043e\u0432\u0430\u044f \u0447\u0430\u0448\u0430 Petromax Griddle and Fire Bowl fs56 - \u041c\u0430\u0433\u0430\u0437\u0438\u043d Xstyle\" \/>\n<meta property=\"og:description\" content=\"\u041a\u043e\u0441\u0442\u0440\u043e\u0432\u0430\u044f \u0447\u0430\u0448\u0430 Petromax Griddle \u0438 Fire Bowl fs56 - \u0443\u043d\u0438\u0432\u0435\u0440\u0441\u0430\u043b\u044c\u043d\u044b\u0439 \u0438\u043d\u0441\u0442\u0440\u0443\u043c\u0435\u043d\u0442 \u0438\u0437 \u0441\u0442\u0430\u043b\u0438 \u0434\u043b\u044f \u043f\u0440\u0438\u0433\u043e\u0442\u043e\u0432\u043b\u0435\u043d\u0438\u044f \u043f\u0438\u0449\u0438 \u0438 \u043a\u043e\u0441\u0442\u0440\u043e\u0432. \u0418\u0434\u0435\u0430\u043b\u044c\u043d\u043e \u0434\u043b\u044f \u0448\u0430\u0448\u043b\u044b\u043a\u043e\u0432 \u0438 \u0434\u0440\u0443\u0436\u0435\u0441\u043a\u0438\u0445 \u0432\u0441\u0442\u0440\u0435\u0447!\" \/>\n<meta property=\"og:url\" content=\"https:\/\/xstyle.md\/ro\/produs\/kostrovaja-chasha-petromax-griddle-and-fire-bowl-fs56\/\" \/>\n<meta property=\"og:site_name\" content=\"\u041c\u0430\u0433\u0430\u0437\u0438\u043d Xstyle\" \/>\n<meta property=\"article:publisher\" content=\"https:\/\/www.facebook.com\/xstylemd\" \/>\n<meta property=\"article:modified_time\" content=\"2026-03-19T13:25:23+00:00\" \/>\n<meta property=\"og:image\" content=\"https:\/\/xstyle.md\/wp-content\/uploads\/2021\/04\/petromax_56.jpg\" \/>\n\t<meta property=\"og:image:width\" content=\"600\" \/>\n\t<meta property=\"og:image:height\" content=\"385\" \/>\n\t<meta property=\"og:image:type\" content=\"image\/jpeg\" \/>\n<meta name=\"twitter:card\" content=\"summary_large_image\" \/>\n<meta name=\"twitter:label1\" content=\"Pre\u021b\" \/>\n\t<meta name=\"twitter:data1\" content=\"3.290&nbsp;MDL\" \/>\n\t<meta name=\"twitter:label2\" content=\"Disponibilitate\" \/>\n\t<meta name=\"twitter:data2\" content=\"Stoc epuizat\" \/>\n<script type=\"application\/ld+json\" class=\"yoast-schema-graph\">{\"@context\":\"https:\\\/\\\/schema.org\",\"@graph\":[{\"@type\":\"WebPage\",\"@id\":\"https:\\\/\\\/xstyle.md\\\/product\\\/kostrovaja-chasha-petromax-griddle-and-fire-bowl-fs56\\\/\",\"url\":\"https:\\\/\\\/xstyle.md\\\/product\\\/kostrovaja-chasha-petromax-griddle-and-fire-bowl-fs56\\\/\",\"name\":\"\u041a\u043e\u0441\u0442\u0440\u043e\u0432\u0430\u044f \u0447\u0430\u0448\u0430 Petromax Griddle and Fire Bowl fs56 - \u041c\u0430\u0433\u0430\u0437\u0438\u043d Xstyle\",\"isPartOf\":{\"@id\":\"https:\\\/\\\/xstyle.md\\\/#website\"},\"primaryImageOfPage\":{\"@id\":\"https:\\\/\\\/xstyle.md\\\/product\\\/kostrovaja-chasha-petromax-griddle-and-fire-bowl-fs56\\\/#primaryimage\"},\"image\":{\"@id\":\"https:\\\/\\\/xstyle.md\\\/product\\\/kostrovaja-chasha-petromax-griddle-and-fire-bowl-fs56\\\/#primaryimage\"},\"thumbnailUrl\":\"https:\\\/\\\/xstyle.md\\\/wp-content\\\/uploads\\\/2021\\\/04\\\/petromax_56.jpg\",\"datePublished\":\"2021-01-11T13:20:50+00:00\",\"dateModified\":\"2026-03-19T13:25:23+00:00\",\"description\":\"\u041a\u043e\u0441\u0442\u0440\u043e\u0432\u0430\u044f \u0447\u0430\u0448\u0430 Petromax Griddle \u0438 Fire Bowl fs56 - \u0443\u043d\u0438\u0432\u0435\u0440\u0441\u0430\u043b\u044c\u043d\u044b\u0439 \u0438\u043d\u0441\u0442\u0440\u0443\u043c\u0435\u043d\u0442 \u0438\u0437 \u0441\u0442\u0430\u043b\u0438 \u0434\u043b\u044f \u043f\u0440\u0438\u0433\u043e\u0442\u043e\u0432\u043b\u0435\u043d\u0438\u044f \u043f\u0438\u0449\u0438 \u0438 \u043a\u043e\u0441\u0442\u0440\u043e\u0432. \u0418\u0434\u0435\u0430\u043b\u044c\u043d\u043e \u0434\u043b\u044f \u0448\u0430\u0448\u043b\u044b\u043a\u043e\u0432 \u0438 \u0434\u0440\u0443\u0436\u0435\u0441\u043a\u0438\u0445 \u0432\u0441\u0442\u0440\u0435\u0447!\",\"breadcrumb\":{\"@id\":\"https:\\\/\\\/xstyle.md\\\/product\\\/kostrovaja-chasha-petromax-griddle-and-fire-bowl-fs56\\\/#breadcrumb\"},\"inLanguage\":\"ro-RO\",\"potentialAction\":[{\"@type\":\"ReadAction\",\"target\":[\"https:\\\/\\\/xstyle.md\\\/product\\\/kostrovaja-chasha-petromax-griddle-and-fire-bowl-fs56\\\/\"]}]},{\"@type\":\"ImageObject\",\"inLanguage\":\"ro-RO\",\"@id\":\"https:\\\/\\\/xstyle.md\\\/product\\\/kostrovaja-chasha-petromax-griddle-and-fire-bowl-fs56\\\/#primaryimage\",\"url\":\"https:\\\/\\\/xstyle.md\\\/wp-content\\\/uploads\\\/2021\\\/04\\\/petromax_56.jpg\",\"contentUrl\":\"https:\\\/\\\/xstyle.md\\\/wp-content\\\/uploads\\\/2021\\\/04\\\/petromax_56.jpg\",\"width\":600,\"height\":385},{\"@type\":\"BreadcrumbList\",\"@id\":\"https:\\\/\\\/xstyle.md\\\/product\\\/kostrovaja-chasha-petromax-griddle-and-fire-bowl-fs56\\\/#breadcrumb\",\"itemListElement\":[{\"@type\":\"ListItem\",\"position\":1,\"name\":\"\u0413\u043b\u0430\u0432\u043d\u0430\u044f \u0441\u0442\u0440\u0430\u043d\u0438\u0446\u0430\",\"item\":\"https:\\\/\\\/xstyle.md\\\/\"},{\"@type\":\"ListItem\",\"position\":2,\"name\":\"\u041c\u0430\u0433\u0430\u0437\u0438\u043d\",\"item\":\"https:\\\/\\\/xstyle.md\\\/shop\\\/\"},{\"@type\":\"ListItem\",\"position\":3,\"name\":\"\u041a\u043e\u0441\u0442\u0440\u043e\u0432\u0430\u044f \u0447\u0430\u0448\u0430 Petromax Griddle and Fire Bowl fs56\"}]},{\"@type\":\"WebSite\",\"@id\":\"https:\\\/\\\/xstyle.md\\\/#website\",\"url\":\"https:\\\/\\\/xstyle.md\\\/\",\"name\":\"\u041c\u0430\u0433\u0430\u0437\u0438\u043d Xstyle\",\"description\":\"C\u043d\u0430\u0440\u044f\u0436\u0435\u043d\u0438\u0435 \u0434\u043b\u044f \u0442\u0443\u0440\u0438\u0437\u043c\u0430 \u0438 \u044d\u043a\u0441\u0442\u0440\u0435\u043c\u0430\u043b\u044c\u043d\u044b\u0445 \u0432\u0438\u0434\u043e\u0432 \u0441\u043f\u043e\u0440\u0442\u0430 \u0432 \u041c\u043e\u043b\u0434\u043e\u0432\u0435.. \u0426\u0435\u043d\u044b, \u0444\u043e\u0442\u043e, \u0445\u0430\u0440\u0430\u043a\u0442\u0435\u0440\u0438\u0441\u0442\u0438\u043a\u0438 \u0432 \u041c\u043e\u043b\u0434\u043e\u0432\u0435.\",\"publisher\":{\"@id\":\"https:\\\/\\\/xstyle.md\\\/#organization\"},\"alternateName\":\"X-Style\",\"potentialAction\":[{\"@type\":\"SearchAction\",\"target\":{\"@type\":\"EntryPoint\",\"urlTemplate\":\"https:\\\/\\\/xstyle.md\\\/?s={search_term_string}\"},\"query-input\":{\"@type\":\"PropertyValueSpecification\",\"valueRequired\":true,\"valueName\":\"search_term_string\"}}],\"inLanguage\":\"ro-RO\"},{\"@type\":\"Organization\",\"@id\":\"https:\\\/\\\/xstyle.md\\\/#organization\",\"name\":\"\u041c\u0430\u0433\u0430\u0437\u0438\u043d Xstyle\",\"alternateName\":\"x-style\",\"url\":\"https:\\\/\\\/xstyle.md\\\/\",\"logo\":{\"@type\":\"ImageObject\",\"inLanguage\":\"ro-RO\",\"@id\":\"https:\\\/\\\/xstyle.md\\\/#\\\/schema\\\/logo\\\/image\\\/\",\"url\":\"https:\\\/\\\/xstyle.md\\\/wp-content\\\/uploads\\\/2020\\\/06\\\/logoicon.svg\",\"contentUrl\":\"https:\\\/\\\/xstyle.md\\\/wp-content\\\/uploads\\\/2020\\\/06\\\/logoicon.svg\",\"caption\":\"\u041c\u0430\u0433\u0430\u0437\u0438\u043d Xstyle\"},\"image\":{\"@id\":\"https:\\\/\\\/xstyle.md\\\/#\\\/schema\\\/logo\\\/image\\\/\"},\"sameAs\":[\"https:\\\/\\\/www.facebook.com\\\/xstylemd\",\"https:\\\/\\\/www.instagram.com\\\/xstyle_md\\\/\",\"https:\\\/\\\/t.me\\\/xstyle_outdoor\"],\"hasMerchantReturnPolicy\":{\"@type\":\"MerchantReturnPolicy\",\"merchantReturnLink\":\"https:\\\/\\\/xstyle.md\\\/ro\\\/conditions\\\/\"}}]}<\/script>\n<meta property=\"product:price:amount\" content=\"3290.00\" \/>\n<meta property=\"product:price:currency\" content=\"MDL\" \/>\n<meta property=\"og:availability\" content=\"out of stock\" \/>\n<meta property=\"product:availability\" content=\"out of stock\" \/>\n<meta property=\"product:retailer_item_id\" content=\"4250435701683\" \/>\n<meta property=\"product:condition\" content=\"new\" \/>\n<!-- \/ Yoast SEO plugin. -->","yoast_head_json":{"title":"Disc pentru gatit Petromax Griddle and Fire Bowl fs56 - Magazin Xstyle","description":"Cupa de foc Petromax Griddle \u0219i Fire Bowl fs56 - un instrument universal din o\u021bel pentru g\u0103tit \u0219i focuri de tab\u0103r\u0103. Ideal pentru frigare \u0219i \u00eent\u00e2lniri cu prietenii!","robots":{"index":"index","follow":"follow","max-snippet":"max-snippet:-1","max-image-preview":"max-image-preview:large","max-video-preview":"max-video-preview:-1"},"canonical":"https:\/\/xstyle.md\/ro\/produs\/kostrovaja-chasha-petromax-griddle-and-fire-bowl-fs56\/","og_locale":"ro_RO","og_type":"article","og_title":"\u041a\u043e\u0441\u0442\u0440\u043e\u0432\u0430\u044f \u0447\u0430\u0448\u0430 Petromax Griddle and Fire Bowl fs56 - \u041c\u0430\u0433\u0430\u0437\u0438\u043d Xstyle","og_description":"\u041a\u043e\u0441\u0442\u0440\u043e\u0432\u0430\u044f \u0447\u0430\u0448\u0430 Petromax Griddle \u0438 Fire Bowl fs56 - \u0443\u043d\u0438\u0432\u0435\u0440\u0441\u0430\u043b\u044c\u043d\u044b\u0439 \u0438\u043d\u0441\u0442\u0440\u0443\u043c\u0435\u043d\u0442 \u0438\u0437 \u0441\u0442\u0430\u043b\u0438 \u0434\u043b\u044f \u043f\u0440\u0438\u0433\u043e\u0442\u043e\u0432\u043b\u0435\u043d\u0438\u044f \u043f\u0438\u0449\u0438 \u0438 \u043a\u043e\u0441\u0442\u0440\u043e\u0432. \u0418\u0434\u0435\u0430\u043b\u044c\u043d\u043e \u0434\u043b\u044f \u0448\u0430\u0448\u043b\u044b\u043a\u043e\u0432 \u0438 \u0434\u0440\u0443\u0436\u0435\u0441\u043a\u0438\u0445 \u0432\u0441\u0442\u0440\u0435\u0447!","og_url":"https:\/\/xstyle.md\/ro\/produs\/kostrovaja-chasha-petromax-griddle-and-fire-bowl-fs56\/","og_site_name":"\u041c\u0430\u0433\u0430\u0437\u0438\u043d Xstyle","article_publisher":"https:\/\/www.facebook.com\/xstylemd","article_modified_time":"2026-03-19T13:25:23+00:00","og_image":[{"width":600,"height":385,"url":"https:\/\/xstyle.md\/wp-content\/uploads\/2021\/04\/petromax_56.jpg","type":"image\/jpeg"}],"twitter_card":"summary_large_image","twitter_misc":{"Pre\u021b":"3.290&nbsp;MDL","Disponibilitate":"Stoc epuizat"},"schema":{"@context":"https:\/\/schema.org","@graph":[{"@type":"WebPage","@id":"https:\/\/xstyle.md\/product\/kostrovaja-chasha-petromax-griddle-and-fire-bowl-fs56\/","url":"https:\/\/xstyle.md\/product\/kostrovaja-chasha-petromax-griddle-and-fire-bowl-fs56\/","name":"Disc pentru gatit Petromax Griddle and Fire Bowl fs56 - Magazin Xstyle","isPartOf":{"@id":"https:\/\/xstyle.md\/#website"},"primaryImageOfPage":{"@id":"https:\/\/xstyle.md\/product\/kostrovaja-chasha-petromax-griddle-and-fire-bowl-fs56\/#primaryimage"},"image":{"@id":"https:\/\/xstyle.md\/product\/kostrovaja-chasha-petromax-griddle-and-fire-bowl-fs56\/#primaryimage"},"thumbnailUrl":"https:\/\/xstyle.md\/wp-content\/uploads\/2021\/04\/petromax_56.jpg","datePublished":"2021-01-11T13:20:50+00:00","dateModified":"2026-03-19T13:25:23+00:00","description":"Cupa de foc Petromax Griddle \u0219i Fire Bowl fs56 - un instrument universal din o\u021bel pentru g\u0103tit \u0219i focuri de tab\u0103r\u0103. Ideal pentru frigare \u0219i \u00eent\u00e2lniri cu prietenii!","breadcrumb":{"@id":"https:\/\/xstyle.md\/product\/kostrovaja-chasha-petromax-griddle-and-fire-bowl-fs56\/#breadcrumb"},"inLanguage":"ro-RO","potentialAction":[{"@type":"ReadAction","target":["https:\/\/xstyle.md\/product\/kostrovaja-chasha-petromax-griddle-and-fire-bowl-fs56\/"]}]},{"@type":"ImageObject","inLanguage":"ro-RO","@id":"https:\/\/xstyle.md\/product\/kostrovaja-chasha-petromax-griddle-and-fire-bowl-fs56\/#primaryimage","url":"https:\/\/xstyle.md\/wp-content\/uploads\/2021\/04\/petromax_56.jpg","contentUrl":"https:\/\/xstyle.md\/wp-content\/uploads\/2021\/04\/petromax_56.jpg","width":600,"height":385},{"@type":"BreadcrumbList","@id":"https:\/\/xstyle.md\/product\/kostrovaja-chasha-petromax-griddle-and-fire-bowl-fs56\/#breadcrumb","itemListElement":[{"@type":"ListItem","position":1,"name":"\u0413\u043b\u0430\u0432\u043d\u0430\u044f \u0441\u0442\u0440\u0430\u043d\u0438\u0446\u0430","item":"https:\/\/xstyle.md\/"},{"@type":"ListItem","position":2,"name":"\u041c\u0430\u0433\u0430\u0437\u0438\u043d","item":"https:\/\/xstyle.md\/shop\/"},{"@type":"ListItem","position":3,"name":"\u041a\u043e\u0441\u0442\u0440\u043e\u0432\u0430\u044f \u0447\u0430\u0448\u0430 Petromax Griddle and Fire Bowl fs56"}]},{"@type":"WebSite","@id":"https:\/\/xstyle.md\/#website","url":"https:\/\/xstyle.md\/","name":"Magazinul X-Style","description":"Echipamente pentru turism \u0219i sporturi extreme \u00een Moldova. Pre\u021buri, fotografii, caracteristici \u00een Moldova.","publisher":{"@id":"https:\/\/xstyle.md\/#organization"},"alternateName":"X-Style","potentialAction":[{"@type":"SearchAction","target":{"@type":"EntryPoint","urlTemplate":"https:\/\/xstyle.md\/?s={search_term_string}"},"query-input":{"@type":"PropertyValueSpecification","valueRequired":true,"valueName":"search_term_string"}}],"inLanguage":"ro-RO"},{"@type":"Organization","@id":"https:\/\/xstyle.md\/#organization","name":"Magazinul X-Style","alternateName":"x-style","url":"https:\/\/xstyle.md\/","logo":{"@type":"ImageObject","inLanguage":"ro-RO","@id":"https:\/\/xstyle.md\/#\/schema\/logo\/image\/","url":"https:\/\/xstyle.md\/wp-content\/uploads\/2020\/06\/logoicon.svg","contentUrl":"https:\/\/xstyle.md\/wp-content\/uploads\/2020\/06\/logoicon.svg","caption":"\u041c\u0430\u0433\u0430\u0437\u0438\u043d Xstyle"},"image":{"@id":"https:\/\/xstyle.md\/#\/schema\/logo\/image\/"},"sameAs":["https:\/\/www.facebook.com\/xstylemd","https:\/\/www.instagram.com\/xstyle_md\/","https:\/\/t.me\/xstyle_outdoor"],"hasMerchantReturnPolicy":{"@type":"MerchantReturnPolicy","merchantReturnLink":"https:\/\/xstyle.md\/ro\/conditions\/"}}]},"product_price_amount":"3290.00","product_price_currency":"MDL","og_availability":"out of stock","product_availability":"out of stock","product_retailer_item_id":"4250435701683","product_condition":"new"},"_links":{"self":[{"href":"https:\/\/xstyle.md\/ro\/wp-json\/wp\/v2\/product\/26967","targetHints":{"allow":["GET"]}}],"collection":[{"href":"https:\/\/xstyle.md\/ro\/wp-json\/wp\/v2\/product"}],"about":[{"href":"https:\/\/xstyle.md\/ro\/wp-json\/wp\/v2\/types\/product"}],"replies":[{"embeddable":true,"href":"https:\/\/xstyle.md\/ro\/wp-json\/wp\/v2\/comments?post=26967"}],"wp:featuredmedia":[{"embeddable":true,"href":"https:\/\/xstyle.md\/ro\/wp-json\/wp\/v2\/media\/28358"}],"wp:attachment":[{"href":"https:\/\/xstyle.md\/ro\/wp-json\/wp\/v2\/media?parent=26967"}],"wp:term":[{"taxonomy":"product_brand","embeddable":true,"href":"https:\/\/xstyle.md\/ro\/wp-json\/wp\/v2\/product_brand?post=26967"},{"taxonomy":"product_cat","embeddable":true,"href":"https:\/\/xstyle.md\/ro\/wp-json\/wp\/v2\/product_cat?post=26967"},{"taxonomy":"product_tag","embeddable":true,"href":"https:\/\/xstyle.md\/ro\/wp-json\/wp\/v2\/product_tag?post=26967"}],"curies":[{"name":"wp","href":"https:\/\/api.w.org\/{rel}","templated":true}]}}