{"id":26965,"date":"2021-01-11T16:20:49","date_gmt":"2021-01-11T13:20:49","guid":{"rendered":"https:\/\/xstyle.md\/product\/lozhka-derevjannaja-petromax-wooden-spoon\/"},"modified":"2025-10-24T13:00:05","modified_gmt":"2025-10-24T10:00:05","slug":"lozhka-derevjannaja-petromax-wooden-spoon","status":"publish","type":"product","link":"https:\/\/xstyle.md\/ro\/produs\/lozhka-derevjannaja-petromax-wooden-spoon\/","title":{"rendered":"Lingur\u0103 din lemn Petromax Wooden spoon"},"content":{"rendered":"<\/p>\n<p>Lingur\u0103 din lemn <strong>Petromax Wooden spoon\u00a0<\/strong>este instrumentul ideal pentru to\u021bi buc\u0103tarii \u0219i profesioni\u0219tii din buc\u0103t\u0103rie.<\/p>\n<p>Lingura de amestecare este realizat\u0103 din lemn de cire\u0219 \u0219i apoi uns\u0103 cu ulei. Uleiul confer\u0103 lemnului de cire\u0219 nuan\u021ba ro\u0219iatic\u0103 caracteristic\u0103 \u0219i prelunge\u0219te durata de via\u021b\u0103 a accesoriului de buc\u0103t\u0103rie.<\/p>\n<p>Forma clasic\u0103, cu un bol oval de mic\u0103 ad\u00e2ncime \u0219i un m\u00e2ner plat, atrage aten\u021bia buc\u0103tarilor. Lingura este func\u021bional\u0103 \u0219i se potrive\u0219te bine \u00een m\u00e2n\u0103. Pirogravura logo-ului Petromax nu o va l\u0103sa neobservat\u0103 printre omologii s\u0103i.<\/p>\n<p>Sfaturi pentru \u00eentre\u021binere: lemnul este un material natural \u0219i se poate deteriora \u00een condi\u021bii extreme. Prin urmare, ar trebui s\u0103 v\u0103 cur\u0103\u021ba\u021bi bine lingura de lemn Petromax cu ap\u0103 cald\u0103 \u0219i praf de cur\u0103\u021bat \u0219i apoi s\u0103 o l\u0103sa\u021bi s\u0103 se usuce.<\/p>\n<p>Pentru a utiliza lingura pentru o perioad\u0103 lung\u0103 de timp, urma\u021bi aceste instruc\u021biuni: dac\u0103 lubrifierea scade din cauza utiliz\u0103rii \u0219i cur\u0103\u021b\u0103rii frecvente, pute\u021bi freca \u00een ea ulei vegetal sau de parafin\u0103 fierbinte \u0219i inodor. L\u0103sa\u021bi-l s\u0103 se \u00eenmoaie peste noapte \u0219i \u00eendep\u0103rta\u021bi excesul cu un prosop de h\u00e2rtie.<\/p>\n<h3>Particularit\u0103\u021bi<\/h3>\n<ul>\n<li>Fabricat din material natural<\/li>\n<li>Confortabil \u00een m\u00e2n\u0103<\/li>\n<li>Nu deterioreaz\u0103 acoperirea antiaderent\u0103<\/li>\n<li>Form\u0103 convenabil\u0103.<\/li>\n<\/ul>\n<h3>Caracteristici<\/h3>\n<ul>\n<li>Material &#8212; lemn de cire\u0219<\/li>\n<li>Dimensiuni &#8212; 5,9 x 32 x 1 cm<\/li>\n<li>Greutate &#8212; 45 g.<\/li>\n<\/ul>\n<h3>Marca<\/h3>\n<p>Petromax &#8212; principalul produc\u0103tor german de echipamente de g\u0103tit \u0219i de locuit \u00een aer liber, iar gama sa de produse coordonate combin\u0103 tradi\u021bia \u0219i inova\u021bia \u00eentr-un mod unic. Toate produsele Petromax sunt de cea mai bun\u0103 calitate, durabile, bine g\u00e2ndite \u00een detaliu \u0219i concepute pentru to\u021bi cei care doresc s\u0103 compenseze rutina lor \u00een aer liber \u0219i, prin urmare, s\u0103 campeze \u00een aer liber. Lumea produselor Petromax se concentreaz\u0103 pe explorarea naturii nealterate folosind echipamente tradi\u021bionale, dar bine concepute.<\/p>\n<p><\/p>","protected":false},"excerpt":{"rendered":"<p>Lingur\u0103 din lemn Petromax Wooden spoon<\/p>","protected":false},"featured_media":28354,"comment_status":"open","ping_status":"closed","template":"","meta":{"_acf_changed":false,"inline_featured_image":false},"product_brand":[1420],"product_cat":[915,208,911,152],"product_tag":[],"class_list":{"0":"post-26965","1":"product","2":"type-product","3":"status-publish","4":"has-post-thumbnail","6":"product_brand-petromax","7":"product_cat-accesorii-gratar","8":"product_cat-accessories-kitchenware","9":"product_cat-accesorii-dutch-oven","10":"product_cat-spoons-and-forks","12":"first","13":"instock","14":"shipping-taxable","15":"purchasable","16":"product-type-simple"},"acf":[],"yoast_head":"<!-- This site is optimized with the Yoast SEO plugin v27.2 - https:\/\/yoast.com\/product\/yoast-seo-wordpress\/ -->\n<title>\u041b\u043e\u0436\u043a\u0430 \u0434\u0435\u0440\u0435\u0432\u044f\u043d\u043d\u0430\u044f Petromax Wooden spoon - \u041c\u0430\u0433\u0430\u0437\u0438\u043d Xstyle<\/title>\n<meta name=\"description\" content=\"\u041b\u043e\u0436\u043a\u0430 \u0434\u0435\u0440\u0435\u0432\u044f\u043d\u043d\u0430\u044f Petromax \u2013 \u0438\u0434\u0435\u0430\u043b\u044c\u043d\u044b\u0439 \u0438\u043d\u0441\u0442\u0440\u0443\u043c\u0435\u043d\u0442 \u0434\u043b\u044f \u043f\u043e\u0432\u0430\u0440\u043e\u0432. \u0418\u0437\u0433\u043e\u0442\u043e\u0432\u043b\u0435\u043d\u0430 \u0438\u0437 \u0447\u0435\u0440\u0435\u0448\u043d\u0438 \u0438 \u043e\u0431\u0440\u0430\u0431\u043e\u0442\u0430\u043d\u0430 \u043c\u0430\u0441\u043b\u043e\u043c, \u0447\u0442\u043e \u043f\u0440\u043e\u0434\u043b\u0435\u0432\u0430\u0435\u0442 \u0441\u0440\u043e\u043a \u0441\u043b\u0443\u0436\u0431\u044b.\" \/>\n<meta name=\"robots\" content=\"index, follow, max-snippet:-1, max-image-preview:large, max-video-preview:-1\" \/>\n<link rel=\"canonical\" href=\"https:\/\/xstyle.md\/ro\/produs\/lozhka-derevjannaja-petromax-wooden-spoon\/\" \/>\n<meta property=\"og:locale\" content=\"ro_RO\" \/>\n<meta property=\"og:type\" content=\"article\" \/>\n<meta property=\"og:title\" content=\"\u041b\u043e\u0436\u043a\u0430 \u0434\u0435\u0440\u0435\u0432\u044f\u043d\u043d\u0430\u044f Petromax Wooden spoon - \u041c\u0430\u0433\u0430\u0437\u0438\u043d Xstyle\" \/>\n<meta property=\"og:description\" content=\"\u041b\u043e\u0436\u043a\u0430 \u0434\u0435\u0440\u0435\u0432\u044f\u043d\u043d\u0430\u044f Petromax \u2013 \u0438\u0434\u0435\u0430\u043b\u044c\u043d\u044b\u0439 \u0438\u043d\u0441\u0442\u0440\u0443\u043c\u0435\u043d\u0442 \u0434\u043b\u044f \u043f\u043e\u0432\u0430\u0440\u043e\u0432. \u0418\u0437\u0433\u043e\u0442\u043e\u0432\u043b\u0435\u043d\u0430 \u0438\u0437 \u0447\u0435\u0440\u0435\u0448\u043d\u0438 \u0438 \u043e\u0431\u0440\u0430\u0431\u043e\u0442\u0430\u043d\u0430 \u043c\u0430\u0441\u043b\u043e\u043c, \u0447\u0442\u043e \u043f\u0440\u043e\u0434\u043b\u0435\u0432\u0430\u0435\u0442 \u0441\u0440\u043e\u043a \u0441\u043b\u0443\u0436\u0431\u044b.\" \/>\n<meta property=\"og:url\" content=\"https:\/\/xstyle.md\/ro\/produs\/lozhka-derevjannaja-petromax-wooden-spoon\/\" \/>\n<meta property=\"og:site_name\" content=\"\u041c\u0430\u0433\u0430\u0437\u0438\u043d Xstyle\" \/>\n<meta property=\"article:publisher\" content=\"https:\/\/www.facebook.com\/xstylemd\" \/>\n<meta property=\"article:modified_time\" content=\"2025-10-24T10:00:05+00:00\" \/>\n<meta property=\"og:image\" content=\"https:\/\/xstyle.md\/wp-content\/uploads\/2021\/04\/file_24.jpg\" \/>\n\t<meta property=\"og:image:width\" content=\"650\" \/>\n\t<meta property=\"og:image:height\" content=\"352\" \/>\n\t<meta property=\"og:image:type\" content=\"image\/jpeg\" \/>\n<meta name=\"twitter:card\" content=\"summary_large_image\" \/>\n<meta name=\"twitter:label1\" content=\"Pre\u021b\" \/>\n\t<meta name=\"twitter:data1\" content=\"139&nbsp;MDL\" \/>\n\t<meta name=\"twitter:label2\" content=\"Disponibilitate\" \/>\n\t<meta name=\"twitter:data2\" content=\"\u00cen stoc\" \/>\n<script type=\"application\/ld+json\" class=\"yoast-schema-graph\">{\"@context\":\"https:\/\/schema.org\",\"@graph\":[{\"@type\":\"WebPage\",\"@id\":\"https:\/\/xstyle.md\/product\/lozhka-derevjannaja-petromax-wooden-spoon\/\",\"url\":\"https:\/\/xstyle.md\/product\/lozhka-derevjannaja-petromax-wooden-spoon\/\",\"name\":\"\u041b\u043e\u0436\u043a\u0430 \u0434\u0435\u0440\u0435\u0432\u044f\u043d\u043d\u0430\u044f Petromax Wooden spoon - \u041c\u0430\u0433\u0430\u0437\u0438\u043d Xstyle\",\"isPartOf\":{\"@id\":\"https:\/\/xstyle.md\/#website\"},\"primaryImageOfPage\":{\"@id\":\"https:\/\/xstyle.md\/product\/lozhka-derevjannaja-petromax-wooden-spoon\/#primaryimage\"},\"image\":{\"@id\":\"https:\/\/xstyle.md\/product\/lozhka-derevjannaja-petromax-wooden-spoon\/#primaryimage\"},\"thumbnailUrl\":\"https:\/\/xstyle.md\/wp-content\/uploads\/2021\/04\/file_24.jpg\",\"datePublished\":\"2021-01-11T13:20:49+00:00\",\"dateModified\":\"2025-10-24T10:00:05+00:00\",\"description\":\"\u041b\u043e\u0436\u043a\u0430 \u0434\u0435\u0440\u0435\u0432\u044f\u043d\u043d\u0430\u044f Petromax \u2013 \u0438\u0434\u0435\u0430\u043b\u044c\u043d\u044b\u0439 \u0438\u043d\u0441\u0442\u0440\u0443\u043c\u0435\u043d\u0442 \u0434\u043b\u044f \u043f\u043e\u0432\u0430\u0440\u043e\u0432. \u0418\u0437\u0433\u043e\u0442\u043e\u0432\u043b\u0435\u043d\u0430 \u0438\u0437 \u0447\u0435\u0440\u0435\u0448\u043d\u0438 \u0438 \u043e\u0431\u0440\u0430\u0431\u043e\u0442\u0430\u043d\u0430 \u043c\u0430\u0441\u043b\u043e\u043c, \u0447\u0442\u043e \u043f\u0440\u043e\u0434\u043b\u0435\u0432\u0430\u0435\u0442 \u0441\u0440\u043e\u043a \u0441\u043b\u0443\u0436\u0431\u044b.\",\"breadcrumb\":{\"@id\":\"https:\/\/xstyle.md\/product\/lozhka-derevjannaja-petromax-wooden-spoon\/#breadcrumb\"},\"inLanguage\":\"ro-RO\",\"potentialAction\":[{\"@type\":\"ReadAction\",\"target\":[\"https:\/\/xstyle.md\/product\/lozhka-derevjannaja-petromax-wooden-spoon\/\"]}]},{\"@type\":\"ImageObject\",\"inLanguage\":\"ro-RO\",\"@id\":\"https:\/\/xstyle.md\/product\/lozhka-derevjannaja-petromax-wooden-spoon\/#primaryimage\",\"url\":\"https:\/\/xstyle.md\/wp-content\/uploads\/2021\/04\/file_24.jpg\",\"contentUrl\":\"https:\/\/xstyle.md\/wp-content\/uploads\/2021\/04\/file_24.jpg\",\"width\":650,\"height\":352},{\"@type\":\"BreadcrumbList\",\"@id\":\"https:\/\/xstyle.md\/product\/lozhka-derevjannaja-petromax-wooden-spoon\/#breadcrumb\",\"itemListElement\":[{\"@type\":\"ListItem\",\"position\":1,\"name\":\"\u0413\u043b\u0430\u0432\u043d\u0430\u044f \u0441\u0442\u0440\u0430\u043d\u0438\u0446\u0430\",\"item\":\"https:\/\/xstyle.md\/\"},{\"@type\":\"ListItem\",\"position\":2,\"name\":\"\u041c\u0430\u0433\u0430\u0437\u0438\u043d\",\"item\":\"https:\/\/xstyle.md\/shop\/\"},{\"@type\":\"ListItem\",\"position\":3,\"name\":\"\u041b\u043e\u0436\u043a\u0430 \u0434\u0435\u0440\u0435\u0432\u044f\u043d\u043d\u0430\u044f Petromax Wooden spoon\"}]},{\"@type\":\"WebSite\",\"@id\":\"https:\/\/xstyle.md\/#website\",\"url\":\"https:\/\/xstyle.md\/\",\"name\":\"\u041c\u0430\u0433\u0430\u0437\u0438\u043d Xstyle\",\"description\":\"C\u043d\u0430\u0440\u044f\u0436\u0435\u043d\u0438\u0435 \u0434\u043b\u044f \u0442\u0443\u0440\u0438\u0437\u043c\u0430 \u0438 \u044d\u043a\u0441\u0442\u0440\u0435\u043c\u0430\u043b\u044c\u043d\u044b\u0445 \u0432\u0438\u0434\u043e\u0432 \u0441\u043f\u043e\u0440\u0442\u0430 \u0432 \u041c\u043e\u043b\u0434\u043e\u0432\u0435.. \u0426\u0435\u043d\u044b, \u0444\u043e\u0442\u043e, \u0445\u0430\u0440\u0430\u043a\u0442\u0435\u0440\u0438\u0441\u0442\u0438\u043a\u0438 \u0432 \u041c\u043e\u043b\u0434\u043e\u0432\u0435.\",\"publisher\":{\"@id\":\"https:\/\/xstyle.md\/#organization\"},\"alternateName\":\"X-Style\",\"potentialAction\":[{\"@type\":\"SearchAction\",\"target\":{\"@type\":\"EntryPoint\",\"urlTemplate\":\"https:\/\/xstyle.md\/?s={search_term_string}\"},\"query-input\":{\"@type\":\"PropertyValueSpecification\",\"valueRequired\":true,\"valueName\":\"search_term_string\"}}],\"inLanguage\":\"ro-RO\"},{\"@type\":\"Organization\",\"@id\":\"https:\/\/xstyle.md\/#organization\",\"name\":\"\u041c\u0430\u0433\u0430\u0437\u0438\u043d Xstyle\",\"alternateName\":\"x-style\",\"url\":\"https:\/\/xstyle.md\/\",\"logo\":{\"@type\":\"ImageObject\",\"inLanguage\":\"ro-RO\",\"@id\":\"https:\/\/xstyle.md\/#\/schema\/logo\/image\/\",\"url\":\"https:\/\/xstyle.md\/wp-content\/uploads\/2020\/06\/logoicon.svg\",\"contentUrl\":\"https:\/\/xstyle.md\/wp-content\/uploads\/2020\/06\/logoicon.svg\",\"caption\":\"\u041c\u0430\u0433\u0430\u0437\u0438\u043d Xstyle\"},\"image\":{\"@id\":\"https:\/\/xstyle.md\/#\/schema\/logo\/image\/\"},\"sameAs\":[\"https:\/\/www.facebook.com\/xstylemd\",\"https:\/\/www.instagram.com\/xstyle_md\/\",\"https:\/\/t.me\/xstyle_outdoor\"],\"hasMerchantReturnPolicy\":{\"@type\":\"MerchantReturnPolicy\",\"merchantReturnLink\":\"https:\/\/xstyle.md\/ro\/conditions\/\"}}]}<\/script>\n<meta property=\"product:price:amount\" content=\"139.00\" \/>\n<meta property=\"product:price:currency\" content=\"MDL\" \/>\n<meta property=\"og:availability\" content=\"instock\" \/>\n<meta property=\"product:availability\" content=\"instock\" \/>\n<meta property=\"product:retailer_item_id\" content=\"4250435780213\" \/>\n<meta property=\"product:condition\" content=\"new\" \/>\n<!-- \/ Yoast SEO plugin. -->","yoast_head_json":{"title":"Lingur\u0103 din lemn Petromax Wooden spoon - Magazin Xstyle","description":"Lingura din lemn Petromax \u2013 instrumentul ideal pentru buc\u0103tari. Fabricat\u0103 din cire\u0219 \u0219i tratat\u0103 cu ulei, ceea ce \u00eei prelunge\u0219te durata de via\u021b\u0103.","robots":{"index":"index","follow":"follow","max-snippet":"max-snippet:-1","max-image-preview":"max-image-preview:large","max-video-preview":"max-video-preview:-1"},"canonical":"https:\/\/xstyle.md\/ro\/produs\/lozhka-derevjannaja-petromax-wooden-spoon\/","og_locale":"ro_RO","og_type":"article","og_title":"\u041b\u043e\u0436\u043a\u0430 \u0434\u0435\u0440\u0435\u0432\u044f\u043d\u043d\u0430\u044f Petromax Wooden spoon - \u041c\u0430\u0433\u0430\u0437\u0438\u043d Xstyle","og_description":"\u041b\u043e\u0436\u043a\u0430 \u0434\u0435\u0440\u0435\u0432\u044f\u043d\u043d\u0430\u044f Petromax \u2013 \u0438\u0434\u0435\u0430\u043b\u044c\u043d\u044b\u0439 \u0438\u043d\u0441\u0442\u0440\u0443\u043c\u0435\u043d\u0442 \u0434\u043b\u044f \u043f\u043e\u0432\u0430\u0440\u043e\u0432. \u0418\u0437\u0433\u043e\u0442\u043e\u0432\u043b\u0435\u043d\u0430 \u0438\u0437 \u0447\u0435\u0440\u0435\u0448\u043d\u0438 \u0438 \u043e\u0431\u0440\u0430\u0431\u043e\u0442\u0430\u043d\u0430 \u043c\u0430\u0441\u043b\u043e\u043c, \u0447\u0442\u043e \u043f\u0440\u043e\u0434\u043b\u0435\u0432\u0430\u0435\u0442 \u0441\u0440\u043e\u043a \u0441\u043b\u0443\u0436\u0431\u044b.","og_url":"https:\/\/xstyle.md\/ro\/produs\/lozhka-derevjannaja-petromax-wooden-spoon\/","og_site_name":"\u041c\u0430\u0433\u0430\u0437\u0438\u043d Xstyle","article_publisher":"https:\/\/www.facebook.com\/xstylemd","article_modified_time":"2025-10-24T10:00:05+00:00","og_image":[{"width":650,"height":352,"url":"https:\/\/xstyle.md\/wp-content\/uploads\/2021\/04\/file_24.jpg","type":"image\/jpeg"}],"twitter_card":"summary_large_image","twitter_misc":{"Pre\u021b":"139&nbsp;MDL","Disponibilitate":"\u00cen stoc"},"schema":{"@context":"https:\/\/schema.org","@graph":[{"@type":"WebPage","@id":"https:\/\/xstyle.md\/product\/lozhka-derevjannaja-petromax-wooden-spoon\/","url":"https:\/\/xstyle.md\/product\/lozhka-derevjannaja-petromax-wooden-spoon\/","name":"Lingur\u0103 din lemn Petromax Wooden spoon - Magazin Xstyle","isPartOf":{"@id":"https:\/\/xstyle.md\/#website"},"primaryImageOfPage":{"@id":"https:\/\/xstyle.md\/product\/lozhka-derevjannaja-petromax-wooden-spoon\/#primaryimage"},"image":{"@id":"https:\/\/xstyle.md\/product\/lozhka-derevjannaja-petromax-wooden-spoon\/#primaryimage"},"thumbnailUrl":"https:\/\/xstyle.md\/wp-content\/uploads\/2021\/04\/file_24.jpg","datePublished":"2021-01-11T13:20:49+00:00","dateModified":"2025-10-24T10:00:05+00:00","description":"Lingura din lemn Petromax \u2013 instrumentul ideal pentru buc\u0103tari. Fabricat\u0103 din cire\u0219 \u0219i tratat\u0103 cu ulei, ceea ce \u00eei prelunge\u0219te durata de via\u021b\u0103.","breadcrumb":{"@id":"https:\/\/xstyle.md\/product\/lozhka-derevjannaja-petromax-wooden-spoon\/#breadcrumb"},"inLanguage":"ro-RO","potentialAction":[{"@type":"ReadAction","target":["https:\/\/xstyle.md\/product\/lozhka-derevjannaja-petromax-wooden-spoon\/"]}]},{"@type":"ImageObject","inLanguage":"ro-RO","@id":"https:\/\/xstyle.md\/product\/lozhka-derevjannaja-petromax-wooden-spoon\/#primaryimage","url":"https:\/\/xstyle.md\/wp-content\/uploads\/2021\/04\/file_24.jpg","contentUrl":"https:\/\/xstyle.md\/wp-content\/uploads\/2021\/04\/file_24.jpg","width":650,"height":352},{"@type":"BreadcrumbList","@id":"https:\/\/xstyle.md\/product\/lozhka-derevjannaja-petromax-wooden-spoon\/#breadcrumb","itemListElement":[{"@type":"ListItem","position":1,"name":"\u0413\u043b\u0430\u0432\u043d\u0430\u044f \u0441\u0442\u0440\u0430\u043d\u0438\u0446\u0430","item":"https:\/\/xstyle.md\/"},{"@type":"ListItem","position":2,"name":"\u041c\u0430\u0433\u0430\u0437\u0438\u043d","item":"https:\/\/xstyle.md\/shop\/"},{"@type":"ListItem","position":3,"name":"\u041b\u043e\u0436\u043a\u0430 \u0434\u0435\u0440\u0435\u0432\u044f\u043d\u043d\u0430\u044f Petromax Wooden spoon"}]},{"@type":"WebSite","@id":"https:\/\/xstyle.md\/#website","url":"https:\/\/xstyle.md\/","name":"Magazinul X-Style","description":"Echipamente pentru turism \u0219i sporturi extreme \u00een Moldova. Pre\u021buri, fotografii, caracteristici \u00een Moldova.","publisher":{"@id":"https:\/\/xstyle.md\/#organization"},"alternateName":"X-Style","potentialAction":[{"@type":"SearchAction","target":{"@type":"EntryPoint","urlTemplate":"https:\/\/xstyle.md\/?s={search_term_string}"},"query-input":{"@type":"PropertyValueSpecification","valueRequired":true,"valueName":"search_term_string"}}],"inLanguage":"ro-RO"},{"@type":"Organization","@id":"https:\/\/xstyle.md\/#organization","name":"Magazinul X-Style","alternateName":"x-style","url":"https:\/\/xstyle.md\/","logo":{"@type":"ImageObject","inLanguage":"ro-RO","@id":"https:\/\/xstyle.md\/#\/schema\/logo\/image\/","url":"https:\/\/xstyle.md\/wp-content\/uploads\/2020\/06\/logoicon.svg","contentUrl":"https:\/\/xstyle.md\/wp-content\/uploads\/2020\/06\/logoicon.svg","caption":"\u041c\u0430\u0433\u0430\u0437\u0438\u043d Xstyle"},"image":{"@id":"https:\/\/xstyle.md\/#\/schema\/logo\/image\/"},"sameAs":["https:\/\/www.facebook.com\/xstylemd","https:\/\/www.instagram.com\/xstyle_md\/","https:\/\/t.me\/xstyle_outdoor"],"hasMerchantReturnPolicy":{"@type":"MerchantReturnPolicy","merchantReturnLink":"https:\/\/xstyle.md\/ro\/conditions\/"}}]},"product_price_amount":"139.00","product_price_currency":"MDL","og_availability":"instock","product_availability":"instock","product_retailer_item_id":"4250435780213","product_condition":"new"},"post_mailing_queue_ids":[],"_links":{"self":[{"href":"https:\/\/xstyle.md\/ro\/wp-json\/wp\/v2\/product\/26965","targetHints":{"allow":["GET"]}}],"collection":[{"href":"https:\/\/xstyle.md\/ro\/wp-json\/wp\/v2\/product"}],"about":[{"href":"https:\/\/xstyle.md\/ro\/wp-json\/wp\/v2\/types\/product"}],"replies":[{"embeddable":true,"href":"https:\/\/xstyle.md\/ro\/wp-json\/wp\/v2\/comments?post=26965"}],"wp:featuredmedia":[{"embeddable":true,"href":"https:\/\/xstyle.md\/ro\/wp-json\/wp\/v2\/media\/28354"}],"wp:attachment":[{"href":"https:\/\/xstyle.md\/ro\/wp-json\/wp\/v2\/media?parent=26965"}],"wp:term":[{"taxonomy":"product_brand","embeddable":true,"href":"https:\/\/xstyle.md\/ro\/wp-json\/wp\/v2\/product_brand?post=26965"},{"taxonomy":"product_cat","embeddable":true,"href":"https:\/\/xstyle.md\/ro\/wp-json\/wp\/v2\/product_cat?post=26965"},{"taxonomy":"product_tag","embeddable":true,"href":"https:\/\/xstyle.md\/ro\/wp-json\/wp\/v2\/product_tag?post=26965"}],"curies":[{"name":"wp","href":"https:\/\/api.w.org\/{rel}","templated":true}]}}