{"id":26964,"date":"2021-01-11T16:20:49","date_gmt":"2021-01-11T13:20:49","guid":{"rendered":"https:\/\/xstyle.md\/product\/shhipcy-petromax-bbq-and-coal-tongs-small\/"},"modified":"2025-11-19T13:54:10","modified_gmt":"2025-11-19T10:54:10","slug":"shhipcy-petromax-bbq-and-coal-tongs-small","status":"publish","type":"product","link":"https:\/\/xstyle.md\/ro\/produs\/shhipcy-petromax-bbq-and-coal-tongs-small\/","title":{"rendered":"Cle\u0219te Petromax BBQ and Coal Tongs small"},"content":{"rendered":"<\/p>\n<p>Cle\u0219te <strong>Petromax BBQ and Coal Tongs small\u00a0<\/strong>din o\u021bel matt inoxidabil cu un m\u00e2ner sub\u021bire din lemn &#8212; indispensabile pentru gr\u0103tar \u0219i g\u0103tit \u00een aer liber.<\/p>\n<p>Capul curbat al cle\u0219tilor faciliteaz\u0103 prinderea \u0219i a\u0219ezarea alimentelor, a c\u0103rbunelui \u0219i a brichetelor dup\u0103 cum dori\u021bi. Mecanismul practic de blocare economise\u0219te spa\u021biu atunci c\u00e2nd depozita\u021bi cle\u0219tele. Datorit\u0103 urechilor suplimentare, acestea pot fi, de asemenea, ag\u0103\u021bate \u00eentr-un dulap sau pe un c\u00e2rlig.<\/p>\n<p>Cu cle\u0219tele pentru gr\u0103tar \u0219i c\u0103rbuni Petromax, pute\u021bi g\u0103ti \u00eentotdeauna delicios \u0219i \u00een siguran\u021b\u0103 pe un gr\u0103tar \u00eencins.<\/p>\n<h3>Particularit\u0103\u021bi<\/h3>\n<ul>\n<li>Fabricat din materiale de calitate<\/li>\n<li>Robust \u0219i durabil<\/li>\n<li>Se potrive\u0219te perfect \u00een m\u00e2n\u0103<\/li>\n<li>Mecanism de blocare pentru o depozitare care economise\u0219te spa\u021biu<\/li>\n<li>Ochiul convenabil pentru ag\u0103\u021bare.<\/li>\n<\/ul>\n<h3>Caracteristici<\/h3>\n<ul>\n<li>Material - o\u021bel inoxidabil<\/li>\n<li>Material pentru m\u00e2ner &#8212; lemn<\/li>\n<li>Dimensiuni &#8212; 4 x 5 x 41 cm<\/li>\n<li>Greutate &#8212; 225 g.<\/li>\n<\/ul>\n<h3>Marca<\/h3>\n<p>Petromax &#8212; principalul produc\u0103tor german de echipamente de g\u0103tit \u0219i de locuit \u00een aer liber, iar gama sa de produse coordonate combin\u0103 tradi\u021bia \u0219i inova\u021bia \u00eentr-un mod unic. Toate produsele Petromax sunt de cea mai bun\u0103 calitate, durabile, bine g\u00e2ndite \u00een detaliu \u0219i concepute pentru to\u021bi cei care doresc s\u0103 compenseze rutina lor \u00een aer liber \u0219i, prin urmare, s\u0103 campeze \u00een aer liber. Lumea produselor Petromax se concentreaz\u0103 pe explorarea naturii nealterate folosind echipamente tradi\u021bionale, dar bine concepute.<\/p>\n<p><\/p>","protected":false},"excerpt":{"rendered":"<p>Cle\u0219te Petromax BBQ and Coal Tongs small<\/p>","protected":false},"featured_media":28352,"comment_status":"open","ping_status":"closed","template":"","meta":{"_acf_changed":false,"inline_featured_image":false},"product_brand":[1420],"product_cat":[915,208,911],"product_tag":[],"class_list":{"0":"post-26964","1":"product","2":"type-product","3":"status-publish","4":"has-post-thumbnail","6":"product_brand-petromax","7":"product_cat-accesorii-gratar","8":"product_cat-accessories-kitchenware","9":"product_cat-accesorii-dutch-oven","11":"first","12":"instock","13":"shipping-taxable","14":"purchasable","15":"product-type-simple"},"acf":[],"yoast_head":"<!-- This site is optimized with the Yoast SEO plugin v27.2 - https:\/\/yoast.com\/product\/yoast-seo-wordpress\/ -->\n<title>\u0429\u0438\u043f\u0446\u044b Petromax BBQ and Coal Tongs small - \u041c\u0430\u0433\u0430\u0437\u0438\u043d Xstyle<\/title>\n<meta name=\"description\" content=\"\u0429\u0438\u043f\u0446\u044b Petromax BBQ \u0438 Coal Tongs small - \u0438\u0434\u0435\u0430\u043b\u044c\u043d\u044b\u0439 \u0438\u043d\u0441\u0442\u0440\u0443\u043c\u0435\u043d\u0442 \u0434\u043b\u044f \u0433\u0440\u0438\u043b\u044f. \u0418\u0437\u0433\u043e\u0442\u043e\u0432\u043b\u0435\u043d\u044b \u0438\u0437 \u043d\u0435\u0440\u0436\u0430\u0432\u0435\u044e\u0449\u0435\u0439 \u0441\u0442\u0430\u043b\u0438 \u0441 \u0434\u0435\u0440\u0435\u0432\u044f\u043d\u043d\u043e\u0439 \u0440\u0443\u0447\u043a\u043e\u0439. \u0423\u0434\u043e\u0431\u0441\u0442\u0432\u043e \u0438 \u043a\u0430\u0447\u0435\u0441\u0442\u0432\u043e \u0432 \u043a\u0430\u0436\u0434\u043e\u043c \u043c\u043e\u043c\u0435\u043d\u0442\u0435!\" \/>\n<meta name=\"robots\" content=\"index, follow, max-snippet:-1, max-image-preview:large, max-video-preview:-1\" \/>\n<link rel=\"canonical\" href=\"https:\/\/xstyle.md\/ro\/produs\/shhipcy-petromax-bbq-and-coal-tongs-small\/\" \/>\n<meta property=\"og:locale\" content=\"ro_RO\" \/>\n<meta property=\"og:type\" content=\"article\" \/>\n<meta property=\"og:title\" content=\"\u0429\u0438\u043f\u0446\u044b Petromax BBQ and Coal Tongs small - \u041c\u0430\u0433\u0430\u0437\u0438\u043d Xstyle\" \/>\n<meta property=\"og:description\" content=\"\u0429\u0438\u043f\u0446\u044b Petromax BBQ \u0438 Coal Tongs small - \u0438\u0434\u0435\u0430\u043b\u044c\u043d\u044b\u0439 \u0438\u043d\u0441\u0442\u0440\u0443\u043c\u0435\u043d\u0442 \u0434\u043b\u044f \u0433\u0440\u0438\u043b\u044f. \u0418\u0437\u0433\u043e\u0442\u043e\u0432\u043b\u0435\u043d\u044b \u0438\u0437 \u043d\u0435\u0440\u0436\u0430\u0432\u0435\u044e\u0449\u0435\u0439 \u0441\u0442\u0430\u043b\u0438 \u0441 \u0434\u0435\u0440\u0435\u0432\u044f\u043d\u043d\u043e\u0439 \u0440\u0443\u0447\u043a\u043e\u0439. \u0423\u0434\u043e\u0431\u0441\u0442\u0432\u043e \u0438 \u043a\u0430\u0447\u0435\u0441\u0442\u0432\u043e \u0432 \u043a\u0430\u0436\u0434\u043e\u043c \u043c\u043e\u043c\u0435\u043d\u0442\u0435!\" \/>\n<meta property=\"og:url\" content=\"https:\/\/xstyle.md\/ro\/produs\/shhipcy-petromax-bbq-and-coal-tongs-small\/\" \/>\n<meta property=\"og:site_name\" content=\"\u041c\u0430\u0433\u0430\u0437\u0438\u043d Xstyle\" \/>\n<meta property=\"article:publisher\" content=\"https:\/\/www.facebook.com\/xstylemd\" \/>\n<meta property=\"article:modified_time\" content=\"2025-11-19T10:54:10+00:00\" \/>\n<meta property=\"og:image\" content=\"https:\/\/xstyle.md\/wp-content\/uploads\/2021\/04\/file_20.jpg\" \/>\n\t<meta property=\"og:image:width\" content=\"1280\" \/>\n\t<meta property=\"og:image:height\" content=\"1280\" \/>\n\t<meta property=\"og:image:type\" content=\"image\/jpeg\" \/>\n<meta name=\"twitter:card\" content=\"summary_large_image\" \/>\n<meta name=\"twitter:label1\" content=\"Pre\u021b\" \/>\n\t<meta name=\"twitter:data1\" content=\"495&nbsp;MDL\" \/>\n\t<meta name=\"twitter:label2\" content=\"Disponibilitate\" \/>\n\t<meta name=\"twitter:data2\" content=\"\u00cen stoc\" \/>\n<script type=\"application\/ld+json\" class=\"yoast-schema-graph\">{\"@context\":\"https:\/\/schema.org\",\"@graph\":[{\"@type\":\"WebPage\",\"@id\":\"https:\/\/xstyle.md\/product\/shhipcy-petromax-bbq-and-coal-tongs-small\/\",\"url\":\"https:\/\/xstyle.md\/product\/shhipcy-petromax-bbq-and-coal-tongs-small\/\",\"name\":\"\u0429\u0438\u043f\u0446\u044b Petromax BBQ and Coal Tongs small - \u041c\u0430\u0433\u0430\u0437\u0438\u043d Xstyle\",\"isPartOf\":{\"@id\":\"https:\/\/xstyle.md\/#website\"},\"primaryImageOfPage\":{\"@id\":\"https:\/\/xstyle.md\/product\/shhipcy-petromax-bbq-and-coal-tongs-small\/#primaryimage\"},\"image\":{\"@id\":\"https:\/\/xstyle.md\/product\/shhipcy-petromax-bbq-and-coal-tongs-small\/#primaryimage\"},\"thumbnailUrl\":\"https:\/\/xstyle.md\/wp-content\/uploads\/2021\/04\/file_20.jpg\",\"datePublished\":\"2021-01-11T13:20:49+00:00\",\"dateModified\":\"2025-11-19T10:54:10+00:00\",\"description\":\"\u0429\u0438\u043f\u0446\u044b Petromax BBQ \u0438 Coal Tongs small - \u0438\u0434\u0435\u0430\u043b\u044c\u043d\u044b\u0439 \u0438\u043d\u0441\u0442\u0440\u0443\u043c\u0435\u043d\u0442 \u0434\u043b\u044f \u0433\u0440\u0438\u043b\u044f. \u0418\u0437\u0433\u043e\u0442\u043e\u0432\u043b\u0435\u043d\u044b \u0438\u0437 \u043d\u0435\u0440\u0436\u0430\u0432\u0435\u044e\u0449\u0435\u0439 \u0441\u0442\u0430\u043b\u0438 \u0441 \u0434\u0435\u0440\u0435\u0432\u044f\u043d\u043d\u043e\u0439 \u0440\u0443\u0447\u043a\u043e\u0439. \u0423\u0434\u043e\u0431\u0441\u0442\u0432\u043e \u0438 \u043a\u0430\u0447\u0435\u0441\u0442\u0432\u043e \u0432 \u043a\u0430\u0436\u0434\u043e\u043c \u043c\u043e\u043c\u0435\u043d\u0442\u0435!\",\"breadcrumb\":{\"@id\":\"https:\/\/xstyle.md\/product\/shhipcy-petromax-bbq-and-coal-tongs-small\/#breadcrumb\"},\"inLanguage\":\"ro-RO\",\"potentialAction\":[{\"@type\":\"ReadAction\",\"target\":[\"https:\/\/xstyle.md\/product\/shhipcy-petromax-bbq-and-coal-tongs-small\/\"]}]},{\"@type\":\"ImageObject\",\"inLanguage\":\"ro-RO\",\"@id\":\"https:\/\/xstyle.md\/product\/shhipcy-petromax-bbq-and-coal-tongs-small\/#primaryimage\",\"url\":\"https:\/\/xstyle.md\/wp-content\/uploads\/2021\/04\/file_20.jpg\",\"contentUrl\":\"https:\/\/xstyle.md\/wp-content\/uploads\/2021\/04\/file_20.jpg\",\"width\":1280,\"height\":1280},{\"@type\":\"BreadcrumbList\",\"@id\":\"https:\/\/xstyle.md\/product\/shhipcy-petromax-bbq-and-coal-tongs-small\/#breadcrumb\",\"itemListElement\":[{\"@type\":\"ListItem\",\"position\":1,\"name\":\"\u0413\u043b\u0430\u0432\u043d\u0430\u044f \u0441\u0442\u0440\u0430\u043d\u0438\u0446\u0430\",\"item\":\"https:\/\/xstyle.md\/\"},{\"@type\":\"ListItem\",\"position\":2,\"name\":\"\u041c\u0430\u0433\u0430\u0437\u0438\u043d\",\"item\":\"https:\/\/xstyle.md\/shop\/\"},{\"@type\":\"ListItem\",\"position\":3,\"name\":\"\u0429\u0438\u043f\u0446\u044b Petromax BBQ and Coal Tongs small\"}]},{\"@type\":\"WebSite\",\"@id\":\"https:\/\/xstyle.md\/#website\",\"url\":\"https:\/\/xstyle.md\/\",\"name\":\"\u041c\u0430\u0433\u0430\u0437\u0438\u043d Xstyle\",\"description\":\"C\u043d\u0430\u0440\u044f\u0436\u0435\u043d\u0438\u0435 \u0434\u043b\u044f \u0442\u0443\u0440\u0438\u0437\u043c\u0430 \u0438 \u044d\u043a\u0441\u0442\u0440\u0435\u043c\u0430\u043b\u044c\u043d\u044b\u0445 \u0432\u0438\u0434\u043e\u0432 \u0441\u043f\u043e\u0440\u0442\u0430 \u0432 \u041c\u043e\u043b\u0434\u043e\u0432\u0435.. \u0426\u0435\u043d\u044b, \u0444\u043e\u0442\u043e, \u0445\u0430\u0440\u0430\u043a\u0442\u0435\u0440\u0438\u0441\u0442\u0438\u043a\u0438 \u0432 \u041c\u043e\u043b\u0434\u043e\u0432\u0435.\",\"publisher\":{\"@id\":\"https:\/\/xstyle.md\/#organization\"},\"alternateName\":\"X-Style\",\"potentialAction\":[{\"@type\":\"SearchAction\",\"target\":{\"@type\":\"EntryPoint\",\"urlTemplate\":\"https:\/\/xstyle.md\/?s={search_term_string}\"},\"query-input\":{\"@type\":\"PropertyValueSpecification\",\"valueRequired\":true,\"valueName\":\"search_term_string\"}}],\"inLanguage\":\"ro-RO\"},{\"@type\":\"Organization\",\"@id\":\"https:\/\/xstyle.md\/#organization\",\"name\":\"\u041c\u0430\u0433\u0430\u0437\u0438\u043d Xstyle\",\"alternateName\":\"x-style\",\"url\":\"https:\/\/xstyle.md\/\",\"logo\":{\"@type\":\"ImageObject\",\"inLanguage\":\"ro-RO\",\"@id\":\"https:\/\/xstyle.md\/#\/schema\/logo\/image\/\",\"url\":\"https:\/\/xstyle.md\/wp-content\/uploads\/2020\/06\/logoicon.svg\",\"contentUrl\":\"https:\/\/xstyle.md\/wp-content\/uploads\/2020\/06\/logoicon.svg\",\"caption\":\"\u041c\u0430\u0433\u0430\u0437\u0438\u043d Xstyle\"},\"image\":{\"@id\":\"https:\/\/xstyle.md\/#\/schema\/logo\/image\/\"},\"sameAs\":[\"https:\/\/www.facebook.com\/xstylemd\",\"https:\/\/www.instagram.com\/xstyle_md\/\",\"https:\/\/t.me\/xstyle_outdoor\"],\"hasMerchantReturnPolicy\":{\"@type\":\"MerchantReturnPolicy\",\"merchantReturnLink\":\"https:\/\/xstyle.md\/ro\/conditions\/\"}}]}<\/script>\n<meta property=\"product:price:amount\" content=\"495.00\" \/>\n<meta property=\"product:price:currency\" content=\"MDL\" \/>\n<meta property=\"og:availability\" content=\"instock\" \/>\n<meta property=\"product:availability\" content=\"instock\" \/>\n<meta property=\"product:retailer_item_id\" content=\"4250435730539\" \/>\n<meta property=\"product:condition\" content=\"new\" \/>\n<!-- \/ Yoast SEO plugin. -->","yoast_head_json":{"title":"Cle\u0219te Petromax BBQ and Coal Tongs small - Magazin Xstyle","description":"Cle\u0219tele Petromax BBQ \u0219i cle\u0219tele pentru c\u0103rbuni mici - un instrument perfect pentru gr\u0103tar. Fabricate din o\u021bel inoxidabil cu maner din lemn. Confort \u0219i calitate \u00een fiecare moment!","robots":{"index":"index","follow":"follow","max-snippet":"max-snippet:-1","max-image-preview":"max-image-preview:large","max-video-preview":"max-video-preview:-1"},"canonical":"https:\/\/xstyle.md\/ro\/produs\/shhipcy-petromax-bbq-and-coal-tongs-small\/","og_locale":"ro_RO","og_type":"article","og_title":"\u0429\u0438\u043f\u0446\u044b Petromax BBQ and Coal Tongs small - \u041c\u0430\u0433\u0430\u0437\u0438\u043d Xstyle","og_description":"\u0429\u0438\u043f\u0446\u044b Petromax BBQ \u0438 Coal Tongs small - \u0438\u0434\u0435\u0430\u043b\u044c\u043d\u044b\u0439 \u0438\u043d\u0441\u0442\u0440\u0443\u043c\u0435\u043d\u0442 \u0434\u043b\u044f \u0433\u0440\u0438\u043b\u044f. \u0418\u0437\u0433\u043e\u0442\u043e\u0432\u043b\u0435\u043d\u044b \u0438\u0437 \u043d\u0435\u0440\u0436\u0430\u0432\u0435\u044e\u0449\u0435\u0439 \u0441\u0442\u0430\u043b\u0438 \u0441 \u0434\u0435\u0440\u0435\u0432\u044f\u043d\u043d\u043e\u0439 \u0440\u0443\u0447\u043a\u043e\u0439. \u0423\u0434\u043e\u0431\u0441\u0442\u0432\u043e \u0438 \u043a\u0430\u0447\u0435\u0441\u0442\u0432\u043e \u0432 \u043a\u0430\u0436\u0434\u043e\u043c \u043c\u043e\u043c\u0435\u043d\u0442\u0435!","og_url":"https:\/\/xstyle.md\/ro\/produs\/shhipcy-petromax-bbq-and-coal-tongs-small\/","og_site_name":"\u041c\u0430\u0433\u0430\u0437\u0438\u043d Xstyle","article_publisher":"https:\/\/www.facebook.com\/xstylemd","article_modified_time":"2025-11-19T10:54:10+00:00","og_image":[{"width":1280,"height":1280,"url":"https:\/\/xstyle.md\/wp-content\/uploads\/2021\/04\/file_20.jpg","type":"image\/jpeg"}],"twitter_card":"summary_large_image","twitter_misc":{"Pre\u021b":"495&nbsp;MDL","Disponibilitate":"\u00cen stoc"},"schema":{"@context":"https:\/\/schema.org","@graph":[{"@type":"WebPage","@id":"https:\/\/xstyle.md\/product\/shhipcy-petromax-bbq-and-coal-tongs-small\/","url":"https:\/\/xstyle.md\/product\/shhipcy-petromax-bbq-and-coal-tongs-small\/","name":"Cle\u0219te Petromax BBQ and Coal Tongs small - Magazin Xstyle","isPartOf":{"@id":"https:\/\/xstyle.md\/#website"},"primaryImageOfPage":{"@id":"https:\/\/xstyle.md\/product\/shhipcy-petromax-bbq-and-coal-tongs-small\/#primaryimage"},"image":{"@id":"https:\/\/xstyle.md\/product\/shhipcy-petromax-bbq-and-coal-tongs-small\/#primaryimage"},"thumbnailUrl":"https:\/\/xstyle.md\/wp-content\/uploads\/2021\/04\/file_20.jpg","datePublished":"2021-01-11T13:20:49+00:00","dateModified":"2025-11-19T10:54:10+00:00","description":"Cle\u0219tele Petromax BBQ \u0219i cle\u0219tele pentru c\u0103rbuni mici - un instrument perfect pentru gr\u0103tar. Fabricate din o\u021bel inoxidabil cu maner din lemn. Confort \u0219i calitate \u00een fiecare moment!","breadcrumb":{"@id":"https:\/\/xstyle.md\/product\/shhipcy-petromax-bbq-and-coal-tongs-small\/#breadcrumb"},"inLanguage":"ro-RO","potentialAction":[{"@type":"ReadAction","target":["https:\/\/xstyle.md\/product\/shhipcy-petromax-bbq-and-coal-tongs-small\/"]}]},{"@type":"ImageObject","inLanguage":"ro-RO","@id":"https:\/\/xstyle.md\/product\/shhipcy-petromax-bbq-and-coal-tongs-small\/#primaryimage","url":"https:\/\/xstyle.md\/wp-content\/uploads\/2021\/04\/file_20.jpg","contentUrl":"https:\/\/xstyle.md\/wp-content\/uploads\/2021\/04\/file_20.jpg","width":1280,"height":1280},{"@type":"BreadcrumbList","@id":"https:\/\/xstyle.md\/product\/shhipcy-petromax-bbq-and-coal-tongs-small\/#breadcrumb","itemListElement":[{"@type":"ListItem","position":1,"name":"\u0413\u043b\u0430\u0432\u043d\u0430\u044f \u0441\u0442\u0440\u0430\u043d\u0438\u0446\u0430","item":"https:\/\/xstyle.md\/"},{"@type":"ListItem","position":2,"name":"\u041c\u0430\u0433\u0430\u0437\u0438\u043d","item":"https:\/\/xstyle.md\/shop\/"},{"@type":"ListItem","position":3,"name":"\u0429\u0438\u043f\u0446\u044b Petromax BBQ and Coal Tongs small"}]},{"@type":"WebSite","@id":"https:\/\/xstyle.md\/#website","url":"https:\/\/xstyle.md\/","name":"Magazinul X-Style","description":"Echipamente pentru turism \u0219i sporturi extreme \u00een Moldova. Pre\u021buri, fotografii, caracteristici \u00een Moldova.","publisher":{"@id":"https:\/\/xstyle.md\/#organization"},"alternateName":"X-Style","potentialAction":[{"@type":"SearchAction","target":{"@type":"EntryPoint","urlTemplate":"https:\/\/xstyle.md\/?s={search_term_string}"},"query-input":{"@type":"PropertyValueSpecification","valueRequired":true,"valueName":"search_term_string"}}],"inLanguage":"ro-RO"},{"@type":"Organization","@id":"https:\/\/xstyle.md\/#organization","name":"Magazinul X-Style","alternateName":"x-style","url":"https:\/\/xstyle.md\/","logo":{"@type":"ImageObject","inLanguage":"ro-RO","@id":"https:\/\/xstyle.md\/#\/schema\/logo\/image\/","url":"https:\/\/xstyle.md\/wp-content\/uploads\/2020\/06\/logoicon.svg","contentUrl":"https:\/\/xstyle.md\/wp-content\/uploads\/2020\/06\/logoicon.svg","caption":"\u041c\u0430\u0433\u0430\u0437\u0438\u043d Xstyle"},"image":{"@id":"https:\/\/xstyle.md\/#\/schema\/logo\/image\/"},"sameAs":["https:\/\/www.facebook.com\/xstylemd","https:\/\/www.instagram.com\/xstyle_md\/","https:\/\/t.me\/xstyle_outdoor"],"hasMerchantReturnPolicy":{"@type":"MerchantReturnPolicy","merchantReturnLink":"https:\/\/xstyle.md\/ro\/conditions\/"}}]},"product_price_amount":"495.00","product_price_currency":"MDL","og_availability":"instock","product_availability":"instock","product_retailer_item_id":"4250435730539","product_condition":"new"},"post_mailing_queue_ids":[],"_links":{"self":[{"href":"https:\/\/xstyle.md\/ro\/wp-json\/wp\/v2\/product\/26964","targetHints":{"allow":["GET"]}}],"collection":[{"href":"https:\/\/xstyle.md\/ro\/wp-json\/wp\/v2\/product"}],"about":[{"href":"https:\/\/xstyle.md\/ro\/wp-json\/wp\/v2\/types\/product"}],"replies":[{"embeddable":true,"href":"https:\/\/xstyle.md\/ro\/wp-json\/wp\/v2\/comments?post=26964"}],"wp:featuredmedia":[{"embeddable":true,"href":"https:\/\/xstyle.md\/ro\/wp-json\/wp\/v2\/media\/28352"}],"wp:attachment":[{"href":"https:\/\/xstyle.md\/ro\/wp-json\/wp\/v2\/media?parent=26964"}],"wp:term":[{"taxonomy":"product_brand","embeddable":true,"href":"https:\/\/xstyle.md\/ro\/wp-json\/wp\/v2\/product_brand?post=26964"},{"taxonomy":"product_cat","embeddable":true,"href":"https:\/\/xstyle.md\/ro\/wp-json\/wp\/v2\/product_cat?post=26964"},{"taxonomy":"product_tag","embeddable":true,"href":"https:\/\/xstyle.md\/ro\/wp-json\/wp\/v2\/product_tag?post=26964"}],"curies":[{"name":"wp","href":"https:\/\/api.w.org\/{rel}","templated":true}]}}