{"id":26963,"date":"2021-01-11T16:20:48","date_gmt":"2021-01-11T13:20:48","guid":{"rendered":"https:\/\/xstyle.md\/product\/kruzhka-petromax-enamel-mug-black\/"},"modified":"2024-10-21T09:41:31","modified_gmt":"2024-10-21T06:41:31","slug":"kruzhka-petromax-enamel-mug-black","status":"publish","type":"product","link":"https:\/\/xstyle.md\/ro\/produs\/kruzhka-petromax-enamel-mug-black\/","title":{"rendered":"Can\u0103 de email Petromax Enamel Mug black"},"content":{"rendered":"<\/p>\n<p>Cana de email,Petromax, v\u0103 va face \u0219i mai gustoas\u0103 cafeaua sau ceaiul savurat &icirc;n expedi\u021bie, pe drum, la picnic sau &icirc;n camping. Confec\u021bionat\u0103 din o\u021bel acoperit. Acest material face vasele Petromax rezistente la foc \u0219i u\u0219or de cur\u0103\u021bat. Ele nu sunt doar rezistente la c\u0103ldur\u0103 \u0219i zg&acirc;r&acirc;ieturi, ci \u0219i destul de u\u0219oare.<\/p>\n<p>Depunerile de carbon din foc, zg&acirc;rieturile \u0219i abraziunile, care vor ap\u0103rea, totu\u0219i, dup\u0103 mul\u021bi ani de utilizare, vor fi dovezile aventurilor tr\u0103ite.<\/p>\n<h3>Caracteristici<\/span><\/h3>\n<ul>\n<li>Material: o\u021bel acoperit<\/li>\n<li>Volum: 300 ml&nbsp;<\/li>\n<li>Culoare: neagr\u0103.&nbsp;<\/li>\n<li>Marimea: 9,1 \u0445 11,5 \u0445 8,1 sm.<\/li>\n<li>Greutate: 159 \u0433.<\/li>\n<\/ul>\n<p>Vesela Petromax din email este o combina\u021bie de stil \u0219i func\u021bionalitate pentru c\u0103ut\u0103torii de aventuri, exploratorii de natur\u0103 \u0219i iubitorii de stil retro. Cu aceast\u0103 can\u0103, un set ideal pot face setul Petromax Enamel Bowl \u0219i Petromax Enamel Plate.<\/p>\n<p><\/p>","protected":false},"excerpt":{"rendered":"<p>Can\u0103 de email Petromax Enamel Mug black<\/p>","protected":false},"featured_media":28349,"comment_status":"open","ping_status":"closed","template":"","meta":{"_acf_changed":false,"inline_featured_image":false},"product_brand":[1420],"product_cat":[911],"product_tag":[],"class_list":{"0":"post-26963","1":"product","2":"type-product","3":"status-publish","4":"has-post-thumbnail","6":"product_brand-petromax","7":"product_cat-accesorii-dutch-oven","9":"first","10":"instock","11":"shipping-taxable","12":"purchasable","13":"product-type-simple"},"acf":[],"yoast_head":"<!-- This site is optimized with the Yoast SEO plugin v27.2 - https:\/\/yoast.com\/product\/yoast-seo-wordpress\/ -->\n<title>\u041a\u0440\u0443\u0436\u043a\u0430 Petromax Enamel Mug black - \u041c\u0430\u0433\u0430\u0437\u0438\u043d Xstyle<\/title>\n<meta name=\"description\" content=\"\u041a\u0440\u0443\u0436\u043a\u0430 Petromax Enamel Mug \u0447\u0435\u0440\u043d\u0430\u044f \u2014 \u0438\u0434\u0435\u0430\u043b\u044c\u043d\u0430\u044f \u0434\u043b\u044f \u043f\u0438\u043a\u043d\u0438\u043a\u0430 \u0438 \u043a\u0435\u043c\u043f\u0438\u043d\u0433\u0430. \u0423\u0441\u0442\u043e\u0439\u0447\u0438\u0432\u0430 \u043a \u043e\u0433\u043d\u044e, \u043b\u0435\u0433\u043a\u0430\u044f \u0438 \u043b\u0435\u0433\u043a\u043e \u043e\u0447\u0438\u0449\u0430\u0435\u0442\u0441\u044f. \u041d\u0430\u0441\u043b\u0430\u0436\u0434\u0430\u0439\u0442\u0435\u0441\u044c \u043d\u0430\u043f\u0438\u0442\u043a\u0430\u043c\u0438 \u043d\u0430 \u043f\u0440\u0438\u0440\u043e\u0434\u0435!\" \/>\n<meta name=\"robots\" content=\"index, follow, max-snippet:-1, max-image-preview:large, max-video-preview:-1\" \/>\n<link rel=\"canonical\" href=\"https:\/\/xstyle.md\/ro\/produs\/kruzhka-petromax-enamel-mug-black\/\" \/>\n<meta property=\"og:locale\" content=\"ro_RO\" \/>\n<meta property=\"og:type\" content=\"article\" \/>\n<meta property=\"og:title\" content=\"\u041a\u0440\u0443\u0436\u043a\u0430 Petromax Enamel Mug black - \u041c\u0430\u0433\u0430\u0437\u0438\u043d Xstyle\" \/>\n<meta property=\"og:description\" content=\"\u041a\u0440\u0443\u0436\u043a\u0430 Petromax Enamel Mug \u0447\u0435\u0440\u043d\u0430\u044f \u2014 \u0438\u0434\u0435\u0430\u043b\u044c\u043d\u0430\u044f \u0434\u043b\u044f \u043f\u0438\u043a\u043d\u0438\u043a\u0430 \u0438 \u043a\u0435\u043c\u043f\u0438\u043d\u0433\u0430. \u0423\u0441\u0442\u043e\u0439\u0447\u0438\u0432\u0430 \u043a \u043e\u0433\u043d\u044e, \u043b\u0435\u0433\u043a\u0430\u044f \u0438 \u043b\u0435\u0433\u043a\u043e \u043e\u0447\u0438\u0449\u0430\u0435\u0442\u0441\u044f. \u041d\u0430\u0441\u043b\u0430\u0436\u0434\u0430\u0439\u0442\u0435\u0441\u044c \u043d\u0430\u043f\u0438\u0442\u043a\u0430\u043c\u0438 \u043d\u0430 \u043f\u0440\u0438\u0440\u043e\u0434\u0435!\" \/>\n<meta property=\"og:url\" content=\"https:\/\/xstyle.md\/ro\/produs\/kruzhka-petromax-enamel-mug-black\/\" \/>\n<meta property=\"og:site_name\" content=\"\u041c\u0430\u0433\u0430\u0437\u0438\u043d Xstyle\" \/>\n<meta property=\"article:publisher\" content=\"https:\/\/www.facebook.com\/xstylemd\" \/>\n<meta property=\"article:modified_time\" content=\"2024-10-21T06:41:31+00:00\" \/>\n<meta property=\"og:image\" content=\"https:\/\/xstyle.md\/wp-content\/uploads\/2021\/04\/file_21.jpg\" \/>\n\t<meta property=\"og:image:width\" content=\"650\" \/>\n\t<meta property=\"og:image:height\" content=\"730\" \/>\n\t<meta property=\"og:image:type\" content=\"image\/jpeg\" \/>\n<meta name=\"twitter:card\" content=\"summary_large_image\" \/>\n<meta name=\"twitter:label1\" content=\"Pre\u021b\" \/>\n\t<meta name=\"twitter:data1\" content=\"270&nbsp;MDL\" \/>\n\t<meta name=\"twitter:label2\" content=\"Disponibilitate\" \/>\n\t<meta name=\"twitter:data2\" content=\"\u00cen stoc\" \/>\n<script type=\"application\/ld+json\" class=\"yoast-schema-graph\">{\"@context\":\"https:\/\/schema.org\",\"@graph\":[{\"@type\":\"WebPage\",\"@id\":\"https:\/\/xstyle.md\/product\/kruzhka-petromax-enamel-mug-black\/\",\"url\":\"https:\/\/xstyle.md\/product\/kruzhka-petromax-enamel-mug-black\/\",\"name\":\"\u041a\u0440\u0443\u0436\u043a\u0430 Petromax Enamel Mug black - \u041c\u0430\u0433\u0430\u0437\u0438\u043d Xstyle\",\"isPartOf\":{\"@id\":\"https:\/\/xstyle.md\/#website\"},\"primaryImageOfPage\":{\"@id\":\"https:\/\/xstyle.md\/product\/kruzhka-petromax-enamel-mug-black\/#primaryimage\"},\"image\":{\"@id\":\"https:\/\/xstyle.md\/product\/kruzhka-petromax-enamel-mug-black\/#primaryimage\"},\"thumbnailUrl\":\"https:\/\/xstyle.md\/wp-content\/uploads\/2021\/04\/file_21.jpg\",\"datePublished\":\"2021-01-11T13:20:48+00:00\",\"dateModified\":\"2024-10-21T06:41:31+00:00\",\"description\":\"\u041a\u0440\u0443\u0436\u043a\u0430 Petromax Enamel Mug \u0447\u0435\u0440\u043d\u0430\u044f \u2014 \u0438\u0434\u0435\u0430\u043b\u044c\u043d\u0430\u044f \u0434\u043b\u044f \u043f\u0438\u043a\u043d\u0438\u043a\u0430 \u0438 \u043a\u0435\u043c\u043f\u0438\u043d\u0433\u0430. \u0423\u0441\u0442\u043e\u0439\u0447\u0438\u0432\u0430 \u043a \u043e\u0433\u043d\u044e, \u043b\u0435\u0433\u043a\u0430\u044f \u0438 \u043b\u0435\u0433\u043a\u043e \u043e\u0447\u0438\u0449\u0430\u0435\u0442\u0441\u044f. \u041d\u0430\u0441\u043b\u0430\u0436\u0434\u0430\u0439\u0442\u0435\u0441\u044c \u043d\u0430\u043f\u0438\u0442\u043a\u0430\u043c\u0438 \u043d\u0430 \u043f\u0440\u0438\u0440\u043e\u0434\u0435!\",\"breadcrumb\":{\"@id\":\"https:\/\/xstyle.md\/product\/kruzhka-petromax-enamel-mug-black\/#breadcrumb\"},\"inLanguage\":\"ro-RO\",\"potentialAction\":[{\"@type\":\"ReadAction\",\"target\":[\"https:\/\/xstyle.md\/product\/kruzhka-petromax-enamel-mug-black\/\"]}]},{\"@type\":\"ImageObject\",\"inLanguage\":\"ro-RO\",\"@id\":\"https:\/\/xstyle.md\/product\/kruzhka-petromax-enamel-mug-black\/#primaryimage\",\"url\":\"https:\/\/xstyle.md\/wp-content\/uploads\/2021\/04\/file_21.jpg\",\"contentUrl\":\"https:\/\/xstyle.md\/wp-content\/uploads\/2021\/04\/file_21.jpg\",\"width\":650,\"height\":730},{\"@type\":\"BreadcrumbList\",\"@id\":\"https:\/\/xstyle.md\/product\/kruzhka-petromax-enamel-mug-black\/#breadcrumb\",\"itemListElement\":[{\"@type\":\"ListItem\",\"position\":1,\"name\":\"\u0413\u043b\u0430\u0432\u043d\u0430\u044f \u0441\u0442\u0440\u0430\u043d\u0438\u0446\u0430\",\"item\":\"https:\/\/xstyle.md\/\"},{\"@type\":\"ListItem\",\"position\":2,\"name\":\"\u041c\u0430\u0433\u0430\u0437\u0438\u043d\",\"item\":\"https:\/\/xstyle.md\/shop\/\"},{\"@type\":\"ListItem\",\"position\":3,\"name\":\"\u041a\u0440\u0443\u0436\u043a\u0430 Petromax Enamel Mug black\"}]},{\"@type\":\"WebSite\",\"@id\":\"https:\/\/xstyle.md\/#website\",\"url\":\"https:\/\/xstyle.md\/\",\"name\":\"\u041c\u0430\u0433\u0430\u0437\u0438\u043d Xstyle\",\"description\":\"C\u043d\u0430\u0440\u044f\u0436\u0435\u043d\u0438\u0435 \u0434\u043b\u044f \u0442\u0443\u0440\u0438\u0437\u043c\u0430 \u0438 \u044d\u043a\u0441\u0442\u0440\u0435\u043c\u0430\u043b\u044c\u043d\u044b\u0445 \u0432\u0438\u0434\u043e\u0432 \u0441\u043f\u043e\u0440\u0442\u0430 \u0432 \u041c\u043e\u043b\u0434\u043e\u0432\u0435.. \u0426\u0435\u043d\u044b, \u0444\u043e\u0442\u043e, \u0445\u0430\u0440\u0430\u043a\u0442\u0435\u0440\u0438\u0441\u0442\u0438\u043a\u0438 \u0432 \u041c\u043e\u043b\u0434\u043e\u0432\u0435.\",\"publisher\":{\"@id\":\"https:\/\/xstyle.md\/#organization\"},\"alternateName\":\"X-Style\",\"potentialAction\":[{\"@type\":\"SearchAction\",\"target\":{\"@type\":\"EntryPoint\",\"urlTemplate\":\"https:\/\/xstyle.md\/?s={search_term_string}\"},\"query-input\":{\"@type\":\"PropertyValueSpecification\",\"valueRequired\":true,\"valueName\":\"search_term_string\"}}],\"inLanguage\":\"ro-RO\"},{\"@type\":\"Organization\",\"@id\":\"https:\/\/xstyle.md\/#organization\",\"name\":\"\u041c\u0430\u0433\u0430\u0437\u0438\u043d Xstyle\",\"alternateName\":\"x-style\",\"url\":\"https:\/\/xstyle.md\/\",\"logo\":{\"@type\":\"ImageObject\",\"inLanguage\":\"ro-RO\",\"@id\":\"https:\/\/xstyle.md\/#\/schema\/logo\/image\/\",\"url\":\"https:\/\/xstyle.md\/wp-content\/uploads\/2020\/06\/logoicon.svg\",\"contentUrl\":\"https:\/\/xstyle.md\/wp-content\/uploads\/2020\/06\/logoicon.svg\",\"caption\":\"\u041c\u0430\u0433\u0430\u0437\u0438\u043d Xstyle\"},\"image\":{\"@id\":\"https:\/\/xstyle.md\/#\/schema\/logo\/image\/\"},\"sameAs\":[\"https:\/\/www.facebook.com\/xstylemd\",\"https:\/\/www.instagram.com\/xstyle_md\/\",\"https:\/\/t.me\/xstyle_outdoor\"],\"hasMerchantReturnPolicy\":{\"@type\":\"MerchantReturnPolicy\",\"merchantReturnLink\":\"https:\/\/xstyle.md\/ro\/conditions\/\"}}]}<\/script>\n<meta property=\"product:price:amount\" content=\"270.00\" \/>\n<meta property=\"product:price:currency\" content=\"MDL\" \/>\n<meta property=\"og:availability\" content=\"instock\" \/>\n<meta property=\"product:availability\" content=\"instock\" \/>\n<meta property=\"product:retailer_item_id\" content=\"4250435701515\" \/>\n<meta property=\"product:condition\" content=\"new\" \/>\n<!-- \/ Yoast SEO plugin. -->","yoast_head_json":{"title":"Can\u0103 de email Petromax Enamel Mug black - Magazin Xstyle","description":"Cana Petromax Enamel Mug neagr\u0103 - ideal\u0103 pentru picnic \u0219i camping. Rezistent\u0103 la foc, u\u0219oar\u0103 \u0219i u\u0219or de cur\u0103\u021bat. Bucura\u021bi-v\u0103 de b\u0103uturi \u00een natur\u0103!","robots":{"index":"index","follow":"follow","max-snippet":"max-snippet:-1","max-image-preview":"max-image-preview:large","max-video-preview":"max-video-preview:-1"},"canonical":"https:\/\/xstyle.md\/ro\/produs\/kruzhka-petromax-enamel-mug-black\/","og_locale":"ro_RO","og_type":"article","og_title":"\u041a\u0440\u0443\u0436\u043a\u0430 Petromax Enamel Mug black - \u041c\u0430\u0433\u0430\u0437\u0438\u043d Xstyle","og_description":"\u041a\u0440\u0443\u0436\u043a\u0430 Petromax Enamel Mug \u0447\u0435\u0440\u043d\u0430\u044f \u2014 \u0438\u0434\u0435\u0430\u043b\u044c\u043d\u0430\u044f \u0434\u043b\u044f \u043f\u0438\u043a\u043d\u0438\u043a\u0430 \u0438 \u043a\u0435\u043c\u043f\u0438\u043d\u0433\u0430. \u0423\u0441\u0442\u043e\u0439\u0447\u0438\u0432\u0430 \u043a \u043e\u0433\u043d\u044e, \u043b\u0435\u0433\u043a\u0430\u044f \u0438 \u043b\u0435\u0433\u043a\u043e \u043e\u0447\u0438\u0449\u0430\u0435\u0442\u0441\u044f. \u041d\u0430\u0441\u043b\u0430\u0436\u0434\u0430\u0439\u0442\u0435\u0441\u044c \u043d\u0430\u043f\u0438\u0442\u043a\u0430\u043c\u0438 \u043d\u0430 \u043f\u0440\u0438\u0440\u043e\u0434\u0435!","og_url":"https:\/\/xstyle.md\/ro\/produs\/kruzhka-petromax-enamel-mug-black\/","og_site_name":"\u041c\u0430\u0433\u0430\u0437\u0438\u043d Xstyle","article_publisher":"https:\/\/www.facebook.com\/xstylemd","article_modified_time":"2024-10-21T06:41:31+00:00","og_image":[{"width":650,"height":730,"url":"https:\/\/xstyle.md\/wp-content\/uploads\/2021\/04\/file_21.jpg","type":"image\/jpeg"}],"twitter_card":"summary_large_image","twitter_misc":{"Pre\u021b":"270&nbsp;MDL","Disponibilitate":"\u00cen stoc"},"schema":{"@context":"https:\/\/schema.org","@graph":[{"@type":"WebPage","@id":"https:\/\/xstyle.md\/product\/kruzhka-petromax-enamel-mug-black\/","url":"https:\/\/xstyle.md\/product\/kruzhka-petromax-enamel-mug-black\/","name":"Can\u0103 de email Petromax Enamel Mug black - Magazin Xstyle","isPartOf":{"@id":"https:\/\/xstyle.md\/#website"},"primaryImageOfPage":{"@id":"https:\/\/xstyle.md\/product\/kruzhka-petromax-enamel-mug-black\/#primaryimage"},"image":{"@id":"https:\/\/xstyle.md\/product\/kruzhka-petromax-enamel-mug-black\/#primaryimage"},"thumbnailUrl":"https:\/\/xstyle.md\/wp-content\/uploads\/2021\/04\/file_21.jpg","datePublished":"2021-01-11T13:20:48+00:00","dateModified":"2024-10-21T06:41:31+00:00","description":"Cana Petromax Enamel Mug neagr\u0103 - ideal\u0103 pentru picnic \u0219i camping. Rezistent\u0103 la foc, u\u0219oar\u0103 \u0219i u\u0219or de cur\u0103\u021bat. Bucura\u021bi-v\u0103 de b\u0103uturi \u00een natur\u0103!","breadcrumb":{"@id":"https:\/\/xstyle.md\/product\/kruzhka-petromax-enamel-mug-black\/#breadcrumb"},"inLanguage":"ro-RO","potentialAction":[{"@type":"ReadAction","target":["https:\/\/xstyle.md\/product\/kruzhka-petromax-enamel-mug-black\/"]}]},{"@type":"ImageObject","inLanguage":"ro-RO","@id":"https:\/\/xstyle.md\/product\/kruzhka-petromax-enamel-mug-black\/#primaryimage","url":"https:\/\/xstyle.md\/wp-content\/uploads\/2021\/04\/file_21.jpg","contentUrl":"https:\/\/xstyle.md\/wp-content\/uploads\/2021\/04\/file_21.jpg","width":650,"height":730},{"@type":"BreadcrumbList","@id":"https:\/\/xstyle.md\/product\/kruzhka-petromax-enamel-mug-black\/#breadcrumb","itemListElement":[{"@type":"ListItem","position":1,"name":"\u0413\u043b\u0430\u0432\u043d\u0430\u044f \u0441\u0442\u0440\u0430\u043d\u0438\u0446\u0430","item":"https:\/\/xstyle.md\/"},{"@type":"ListItem","position":2,"name":"\u041c\u0430\u0433\u0430\u0437\u0438\u043d","item":"https:\/\/xstyle.md\/shop\/"},{"@type":"ListItem","position":3,"name":"\u041a\u0440\u0443\u0436\u043a\u0430 Petromax Enamel Mug black"}]},{"@type":"WebSite","@id":"https:\/\/xstyle.md\/#website","url":"https:\/\/xstyle.md\/","name":"Magazinul X-Style","description":"Echipamente pentru turism \u0219i sporturi extreme \u00een Moldova. Pre\u021buri, fotografii, caracteristici \u00een Moldova.","publisher":{"@id":"https:\/\/xstyle.md\/#organization"},"alternateName":"X-Style","potentialAction":[{"@type":"SearchAction","target":{"@type":"EntryPoint","urlTemplate":"https:\/\/xstyle.md\/?s={search_term_string}"},"query-input":{"@type":"PropertyValueSpecification","valueRequired":true,"valueName":"search_term_string"}}],"inLanguage":"ro-RO"},{"@type":"Organization","@id":"https:\/\/xstyle.md\/#organization","name":"Magazinul X-Style","alternateName":"x-style","url":"https:\/\/xstyle.md\/","logo":{"@type":"ImageObject","inLanguage":"ro-RO","@id":"https:\/\/xstyle.md\/#\/schema\/logo\/image\/","url":"https:\/\/xstyle.md\/wp-content\/uploads\/2020\/06\/logoicon.svg","contentUrl":"https:\/\/xstyle.md\/wp-content\/uploads\/2020\/06\/logoicon.svg","caption":"\u041c\u0430\u0433\u0430\u0437\u0438\u043d Xstyle"},"image":{"@id":"https:\/\/xstyle.md\/#\/schema\/logo\/image\/"},"sameAs":["https:\/\/www.facebook.com\/xstylemd","https:\/\/www.instagram.com\/xstyle_md\/","https:\/\/t.me\/xstyle_outdoor"],"hasMerchantReturnPolicy":{"@type":"MerchantReturnPolicy","merchantReturnLink":"https:\/\/xstyle.md\/ro\/conditions\/"}}]},"product_price_amount":"270.00","product_price_currency":"MDL","og_availability":"instock","product_availability":"instock","product_retailer_item_id":"4250435701515","product_condition":"new"},"post_mailing_queue_ids":[],"_links":{"self":[{"href":"https:\/\/xstyle.md\/ro\/wp-json\/wp\/v2\/product\/26963","targetHints":{"allow":["GET"]}}],"collection":[{"href":"https:\/\/xstyle.md\/ro\/wp-json\/wp\/v2\/product"}],"about":[{"href":"https:\/\/xstyle.md\/ro\/wp-json\/wp\/v2\/types\/product"}],"replies":[{"embeddable":true,"href":"https:\/\/xstyle.md\/ro\/wp-json\/wp\/v2\/comments?post=26963"}],"wp:featuredmedia":[{"embeddable":true,"href":"https:\/\/xstyle.md\/ro\/wp-json\/wp\/v2\/media\/28349"}],"wp:attachment":[{"href":"https:\/\/xstyle.md\/ro\/wp-json\/wp\/v2\/media?parent=26963"}],"wp:term":[{"taxonomy":"product_brand","embeddable":true,"href":"https:\/\/xstyle.md\/ro\/wp-json\/wp\/v2\/product_brand?post=26963"},{"taxonomy":"product_cat","embeddable":true,"href":"https:\/\/xstyle.md\/ro\/wp-json\/wp\/v2\/product_cat?post=26963"},{"taxonomy":"product_tag","embeddable":true,"href":"https:\/\/xstyle.md\/ro\/wp-json\/wp\/v2\/product_tag?post=26963"}],"curies":[{"name":"wp","href":"https:\/\/api.w.org\/{rel}","templated":true}]}}