{"id":26961,"date":"2021-01-11T16:20:48","date_gmt":"2021-01-11T13:20:48","guid":{"rendered":"https:\/\/xstyle.md\/product\/kotelok-petromax-dutch-oven-ft1-bez-nozhek\/"},"modified":"2026-03-19T16:40:27","modified_gmt":"2026-03-19T13:40:27","slug":"kotelok-petromax-dutch-oven-ft1-bez-nozhek","status":"publish","type":"product","link":"https:\/\/xstyle.md\/ro\/produs\/kotelok-petromax-dutch-oven-ft1-bez-nozhek\/","title":{"rendered":"Oal\u0103 Petromax Dutch Oven ft1 fara picioare"},"content":{"rendered":"<\/p>\n<p><strong>Oal\u0103 Petromax Dutch Oven ft1 fara picioare<\/strong> &#8212; ideal pentru a g\u0103ti \u0219i coace \u00een aer liber sau \u00een cuptorul de acas\u0103.<\/p>\n<p>Woks din font\u0103 exist\u0103 \u00eenc\u0103 din secolul al XVIII-lea. \u00cenc\u0103 de pe atunci, propriet\u0103\u021bile unice ale fontei erau apreciate. Wok-ul Petromax are caracteristici uimitoare &#8212; structura special\u0103 a suprafe\u021bei sale re\u021bine \u0219i distribuie eficient c\u0103ldura. O suprafa\u021b\u0103 prefinisat\u0103 (finisaj condimentat) face ca prima asezonare s\u0103 nu fie necesar\u0103, iar un pr\u0103jitor robust poate fi utilizat imediat. \u00cen aer liber, se folose\u0219te la foc deschis sau cu c\u0103rbuni \u0219i brichete. Marginea \u00een\u0103l\u021bat\u0103 a capacului permite a\u0219ezarea c\u0103rbunilor sau a c\u0103rbunelui pe plit\u0103. \u00cen acest fel, cuptorul olandez Petromax se \u00eenc\u0103lze\u0219te din toate p\u0103r\u021bile \u0219i este potrivit pentru coacerea p\u00e2inii, de exemplu.<\/p>\n<p>Ceainicul produce un gust cu adev\u0103rat unic \u00een alimente. Petromax Dutch Oven este fabricat din font\u0103 robust\u0103. Datorit\u0103 structurii speciale a suprafe\u021bei sale, acesta p\u0103streaz\u0103 c\u0103ldura pentru o perioad\u0103 lung\u0103 de timp.<\/p>\n<p>\u00cen plus fa\u021b\u0103 de toate aceste detalii originale, wok-ul are designul tradi\u021bional Petromax: capacul este decorat cu logo-ul elegant al dragonului, care s-a remarcat \u00eentotdeauna prin calitatea sa excelent\u0103.<\/p>\n<p>Supele, m\u00e2nc\u0103rurile din carne, precum \u0219i toc\u0103ni\u021bele, caserolele \u0219i chiar pr\u0103jiturile pot fi preg\u0103tite perfect la Petromax Dutch Oven.<\/p>\n<p>Disponibil \u00een diferite dimensiuni \u0219i poate fi completat cu accesorii practice.<\/p>\n<h3>Particularit\u0103\u021bi<\/h3>\n<ul>\n<li>O op\u021biune excelent\u0103 pentru g\u0103titul la foc deschis, dar poate fi folosit\u0103 \u0219i \u00een cuptor.<\/li>\n<li>Datorit\u0103 tratamentului special al suprafe\u021bei, oala poate fi folosit\u0103 f\u0103r\u0103 pre\u00eenc\u0103lzire.<\/li>\n<li>Marginile ridicate ale capacului fac posibil\u0103 a\u0219ezarea pe acesta a c\u0103ldurii sau a c\u0103rbunelui, distribuind astfel c\u0103ldura \u00een mod uniform.<\/li>\n<li>Orificiul pentru termometru v\u0103 permite s\u0103 m\u0103sura\u021bi temperatura con\u021binutului f\u0103r\u0103 a deschide capacul.<\/li>\n<li>Alimentele g\u0103tite \u00een oal\u0103 \u00ee\u0219i p\u0103streaz\u0103 substan\u021bele nutritive.<\/li>\n<li>M\u00e2nerul proeminent asigur\u0103 o manevrare sigur\u0103 \u0219i confortabil\u0103 a cazanului.<\/li>\n<li>Transfer optim de c\u0103ldur\u0103 datorit\u0103 designului inteligent \u0219i materialului selectat.<\/li>\n<li>Alimentele g\u0103tite \u00een vase de g\u0103tit din font\u0103 au un gust rafinat (g\u0103tite \u0219i coapte uniform).<\/li>\n<li>Stratul antiaderent simplific\u0103 g\u0103titul \u0219i \u00eentre\u021binerea oalei (m\u00e2ncarea nu se lipe\u0219te).<\/li>\n<li>Potrivit pentru g\u0103titul tuturor tipurilor de alimente (de la carne, la produse de patiserie \u0219i deserturi).<\/li>\n<li>Capac special conceput care poate fi folosit ca tigaie sau vas.<\/li>\n<li>Fabricat \u00een Germania.<\/li>\n<\/ul>\n<h3>Caracteristici<\/h3>\n<ul>\n<li>Material &#8212; font\u0103<\/li>\n<li>Conceput pentru &#8212; 1 persoan\u0103<\/li>\n<li>Capacitate maxim\u0103 &#8212; 1 l<\/li>\n<li>Volum wok &#8212; 0,93 l<\/li>\n<li>Capacitatea capacului &#8212; 0,4 l<\/li>\n<li>Greutate &#8212; 5,2 kg.<\/li>\n<\/ul>\n<h3>Marca<\/h3>\n<p>Petromax &#8212; principalul produc\u0103tor german de echipamente de g\u0103tit \u0219i de locuit \u00een aer liber, iar gama sa de produse coordonate combin\u0103 tradi\u021bia \u0219i inova\u021bia \u00eentr-un mod unic. Toate produsele Petromax sunt de cea mai bun\u0103 calitate, durabile, bine g\u00e2ndite \u00een detaliu \u0219i concepute pentru to\u021bi cei care doresc s\u0103 compenseze rutina lor \u00een aer liber \u0219i, prin urmare, s\u0103 campeze \u00een aer liber. Lumea produselor Petromax se concentreaz\u0103 pe explorarea naturii nealterate folosind echipamente tradi\u021bionale, dar bine concepute.<\/p>\n<p><\/p>","protected":false},"excerpt":{"rendered":"<p>Oal\u0103 Petromax Dutch Oven ft1 fara picioare<\/p>","protected":false},"featured_media":28336,"comment_status":"open","ping_status":"closed","template":"","meta":{"_acf_changed":false,"inline_featured_image":false},"product_brand":[1420],"product_cat":[907],"product_tag":[],"class_list":{"0":"post-26961","1":"product","2":"type-product","3":"status-publish","4":"has-post-thumbnail","6":"product_brand-petromax","7":"product_cat-dutch-oven","9":"first","10":"instock","11":"shipping-taxable","12":"purchasable","13":"product-type-simple"},"acf":[],"yoast_head":"<!-- This site is optimized with the Yoast SEO plugin v27.4 - https:\/\/yoast.com\/product\/yoast-seo-wordpress\/ -->\n<title>\u041a\u043e\u0442\u0435\u043b\u043e\u043a Petromax Dutch Oven ft1 \u0431\u0435\u0437 \u043d\u043e\u0436\u0435\u043a - \u041c\u0430\u0433\u0430\u0437\u0438\u043d Xstyle<\/title>\n<meta name=\"description\" content=\"\u041a\u043e\u0442\u0435\u043b\u043e\u043a Petromax Dutch Oven ft1 \u0431\u0435\u0437 \u043d\u043e\u0436\u0435\u043a - \u0438\u0434\u0435\u0430\u043b\u0435\u043d \u0434\u043b\u044f \u0433\u043e\u0442\u043e\u0432\u043a\u0438 \u043d\u0430 \u043e\u0442\u043a\u0440\u044b\u0442\u043e\u043c \u0432\u043e\u0437\u0434\u0443\u0445\u0435 \u0438 \u0432 \u0434\u043e\u043c\u0430\u0448\u043d\u0435\u0439 \u0434\u0443\u0445\u043e\u0432\u043a\u0435. \u0421\u0434\u0435\u043b\u0430\u0439\u0442\u0435 \u0432\u0430\u0448\u0438 \u0431\u043b\u044e\u0434\u0430 \u0432\u043e\u0441\u0445\u0438\u0442\u0438\u0442\u0435\u043b\u044c\u043d\u044b\u043c\u0438!\" \/>\n<meta name=\"robots\" content=\"index, follow, max-snippet:-1, max-image-preview:large, max-video-preview:-1\" \/>\n<link rel=\"canonical\" href=\"https:\/\/xstyle.md\/ro\/produs\/kotelok-petromax-dutch-oven-ft1-bez-nozhek\/\" \/>\n<meta property=\"og:locale\" content=\"ro_RO\" \/>\n<meta property=\"og:type\" content=\"article\" \/>\n<meta property=\"og:title\" content=\"\u041a\u043e\u0442\u0435\u043b\u043e\u043a Petromax Dutch Oven ft1 \u0431\u0435\u0437 \u043d\u043e\u0436\u0435\u043a - \u041c\u0430\u0433\u0430\u0437\u0438\u043d Xstyle\" \/>\n<meta property=\"og:description\" content=\"\u041a\u043e\u0442\u0435\u043b\u043e\u043a Petromax Dutch Oven ft1 \u0431\u0435\u0437 \u043d\u043e\u0436\u0435\u043a - \u0438\u0434\u0435\u0430\u043b\u0435\u043d \u0434\u043b\u044f \u0433\u043e\u0442\u043e\u0432\u043a\u0438 \u043d\u0430 \u043e\u0442\u043a\u0440\u044b\u0442\u043e\u043c \u0432\u043e\u0437\u0434\u0443\u0445\u0435 \u0438 \u0432 \u0434\u043e\u043c\u0430\u0448\u043d\u0435\u0439 \u0434\u0443\u0445\u043e\u0432\u043a\u0435. \u0421\u0434\u0435\u043b\u0430\u0439\u0442\u0435 \u0432\u0430\u0448\u0438 \u0431\u043b\u044e\u0434\u0430 \u0432\u043e\u0441\u0445\u0438\u0442\u0438\u0442\u0435\u043b\u044c\u043d\u044b\u043c\u0438!\" \/>\n<meta property=\"og:url\" content=\"https:\/\/xstyle.md\/ro\/produs\/kotelok-petromax-dutch-oven-ft1-bez-nozhek\/\" \/>\n<meta property=\"og:site_name\" content=\"\u041c\u0430\u0433\u0430\u0437\u0438\u043d Xstyle\" \/>\n<meta property=\"article:publisher\" content=\"https:\/\/www.facebook.com\/xstylemd\" \/>\n<meta property=\"article:modified_time\" content=\"2026-03-19T13:40:27+00:00\" \/>\n<meta property=\"og:image\" content=\"https:\/\/xstyle.md\/wp-content\/uploads\/2021\/04\/dutch-oven-ft1-400.jpg\" \/>\n\t<meta property=\"og:image:width\" content=\"400\" \/>\n\t<meta property=\"og:image:height\" content=\"400\" \/>\n\t<meta property=\"og:image:type\" content=\"image\/jpeg\" \/>\n<meta name=\"twitter:card\" content=\"summary_large_image\" \/>\n<meta name=\"twitter:label1\" content=\"Pre\u021b\" \/>\n\t<meta name=\"twitter:data1\" content=\"1.050&nbsp;MDL\" \/>\n\t<meta name=\"twitter:label2\" content=\"Disponibilitate\" \/>\n\t<meta name=\"twitter:data2\" content=\"\u00cen stoc\" \/>\n<script type=\"application\/ld+json\" class=\"yoast-schema-graph\">{\"@context\":\"https:\\\/\\\/schema.org\",\"@graph\":[{\"@type\":\"WebPage\",\"@id\":\"https:\\\/\\\/xstyle.md\\\/product\\\/kotelok-petromax-dutch-oven-ft1-bez-nozhek\\\/\",\"url\":\"https:\\\/\\\/xstyle.md\\\/product\\\/kotelok-petromax-dutch-oven-ft1-bez-nozhek\\\/\",\"name\":\"\u041a\u043e\u0442\u0435\u043b\u043e\u043a Petromax Dutch Oven ft1 \u0431\u0435\u0437 \u043d\u043e\u0436\u0435\u043a - \u041c\u0430\u0433\u0430\u0437\u0438\u043d Xstyle\",\"isPartOf\":{\"@id\":\"https:\\\/\\\/xstyle.md\\\/#website\"},\"primaryImageOfPage\":{\"@id\":\"https:\\\/\\\/xstyle.md\\\/product\\\/kotelok-petromax-dutch-oven-ft1-bez-nozhek\\\/#primaryimage\"},\"image\":{\"@id\":\"https:\\\/\\\/xstyle.md\\\/product\\\/kotelok-petromax-dutch-oven-ft1-bez-nozhek\\\/#primaryimage\"},\"thumbnailUrl\":\"https:\\\/\\\/xstyle.md\\\/wp-content\\\/uploads\\\/2021\\\/04\\\/dutch-oven-ft1-400.jpg\",\"datePublished\":\"2021-01-11T13:20:48+00:00\",\"dateModified\":\"2026-03-19T13:40:27+00:00\",\"description\":\"\u041a\u043e\u0442\u0435\u043b\u043e\u043a Petromax Dutch Oven ft1 \u0431\u0435\u0437 \u043d\u043e\u0436\u0435\u043a - \u0438\u0434\u0435\u0430\u043b\u0435\u043d \u0434\u043b\u044f \u0433\u043e\u0442\u043e\u0432\u043a\u0438 \u043d\u0430 \u043e\u0442\u043a\u0440\u044b\u0442\u043e\u043c \u0432\u043e\u0437\u0434\u0443\u0445\u0435 \u0438 \u0432 \u0434\u043e\u043c\u0430\u0448\u043d\u0435\u0439 \u0434\u0443\u0445\u043e\u0432\u043a\u0435. \u0421\u0434\u0435\u043b\u0430\u0439\u0442\u0435 \u0432\u0430\u0448\u0438 \u0431\u043b\u044e\u0434\u0430 \u0432\u043e\u0441\u0445\u0438\u0442\u0438\u0442\u0435\u043b\u044c\u043d\u044b\u043c\u0438!\",\"breadcrumb\":{\"@id\":\"https:\\\/\\\/xstyle.md\\\/product\\\/kotelok-petromax-dutch-oven-ft1-bez-nozhek\\\/#breadcrumb\"},\"inLanguage\":\"ro-RO\",\"potentialAction\":[{\"@type\":\"ReadAction\",\"target\":[\"https:\\\/\\\/xstyle.md\\\/product\\\/kotelok-petromax-dutch-oven-ft1-bez-nozhek\\\/\"]}]},{\"@type\":\"ImageObject\",\"inLanguage\":\"ro-RO\",\"@id\":\"https:\\\/\\\/xstyle.md\\\/product\\\/kotelok-petromax-dutch-oven-ft1-bez-nozhek\\\/#primaryimage\",\"url\":\"https:\\\/\\\/xstyle.md\\\/wp-content\\\/uploads\\\/2021\\\/04\\\/dutch-oven-ft1-400.jpg\",\"contentUrl\":\"https:\\\/\\\/xstyle.md\\\/wp-content\\\/uploads\\\/2021\\\/04\\\/dutch-oven-ft1-400.jpg\",\"width\":400,\"height\":400},{\"@type\":\"BreadcrumbList\",\"@id\":\"https:\\\/\\\/xstyle.md\\\/product\\\/kotelok-petromax-dutch-oven-ft1-bez-nozhek\\\/#breadcrumb\",\"itemListElement\":[{\"@type\":\"ListItem\",\"position\":1,\"name\":\"\u0413\u043b\u0430\u0432\u043d\u0430\u044f \u0441\u0442\u0440\u0430\u043d\u0438\u0446\u0430\",\"item\":\"https:\\\/\\\/xstyle.md\\\/\"},{\"@type\":\"ListItem\",\"position\":2,\"name\":\"\u041c\u0430\u0433\u0430\u0437\u0438\u043d\",\"item\":\"https:\\\/\\\/xstyle.md\\\/shop\\\/\"},{\"@type\":\"ListItem\",\"position\":3,\"name\":\"\u041a\u043e\u0442\u0435\u043b\u043e\u043a Petromax Dutch Oven ft1 \u0431\u0435\u0437 \u043d\u043e\u0436\u0435\u043a\"}]},{\"@type\":\"WebSite\",\"@id\":\"https:\\\/\\\/xstyle.md\\\/#website\",\"url\":\"https:\\\/\\\/xstyle.md\\\/\",\"name\":\"\u041c\u0430\u0433\u0430\u0437\u0438\u043d Xstyle\",\"description\":\"C\u043d\u0430\u0440\u044f\u0436\u0435\u043d\u0438\u0435 \u0434\u043b\u044f \u0442\u0443\u0440\u0438\u0437\u043c\u0430 \u0438 \u044d\u043a\u0441\u0442\u0440\u0435\u043c\u0430\u043b\u044c\u043d\u044b\u0445 \u0432\u0438\u0434\u043e\u0432 \u0441\u043f\u043e\u0440\u0442\u0430 \u0432 \u041c\u043e\u043b\u0434\u043e\u0432\u0435.. \u0426\u0435\u043d\u044b, \u0444\u043e\u0442\u043e, \u0445\u0430\u0440\u0430\u043a\u0442\u0435\u0440\u0438\u0441\u0442\u0438\u043a\u0438 \u0432 \u041c\u043e\u043b\u0434\u043e\u0432\u0435.\",\"publisher\":{\"@id\":\"https:\\\/\\\/xstyle.md\\\/#organization\"},\"alternateName\":\"X-Style\",\"potentialAction\":[{\"@type\":\"SearchAction\",\"target\":{\"@type\":\"EntryPoint\",\"urlTemplate\":\"https:\\\/\\\/xstyle.md\\\/?s={search_term_string}\"},\"query-input\":{\"@type\":\"PropertyValueSpecification\",\"valueRequired\":true,\"valueName\":\"search_term_string\"}}],\"inLanguage\":\"ro-RO\"},{\"@type\":\"Organization\",\"@id\":\"https:\\\/\\\/xstyle.md\\\/#organization\",\"name\":\"\u041c\u0430\u0433\u0430\u0437\u0438\u043d Xstyle\",\"alternateName\":\"x-style\",\"url\":\"https:\\\/\\\/xstyle.md\\\/\",\"logo\":{\"@type\":\"ImageObject\",\"inLanguage\":\"ro-RO\",\"@id\":\"https:\\\/\\\/xstyle.md\\\/#\\\/schema\\\/logo\\\/image\\\/\",\"url\":\"https:\\\/\\\/xstyle.md\\\/wp-content\\\/uploads\\\/2020\\\/06\\\/logoicon.svg\",\"contentUrl\":\"https:\\\/\\\/xstyle.md\\\/wp-content\\\/uploads\\\/2020\\\/06\\\/logoicon.svg\",\"caption\":\"\u041c\u0430\u0433\u0430\u0437\u0438\u043d Xstyle\"},\"image\":{\"@id\":\"https:\\\/\\\/xstyle.md\\\/#\\\/schema\\\/logo\\\/image\\\/\"},\"sameAs\":[\"https:\\\/\\\/www.facebook.com\\\/xstylemd\",\"https:\\\/\\\/www.instagram.com\\\/xstyle_md\\\/\",\"https:\\\/\\\/t.me\\\/xstyle_outdoor\"],\"hasMerchantReturnPolicy\":{\"@type\":\"MerchantReturnPolicy\",\"merchantReturnLink\":\"https:\\\/\\\/xstyle.md\\\/ro\\\/conditions\\\/\"}}]}<\/script>\n<meta property=\"product:price:amount\" content=\"1050.00\" \/>\n<meta property=\"product:price:currency\" content=\"MDL\" \/>\n<meta property=\"og:availability\" content=\"instock\" \/>\n<meta property=\"product:availability\" content=\"instock\" \/>\n<meta property=\"product:retailer_item_id\" content=\"4250435701751\" \/>\n<meta property=\"product:condition\" content=\"new\" \/>\n<!-- \/ Yoast SEO plugin. -->","yoast_head_json":{"title":"Oal\u0103 Petromax Dutch Oven ft1 fara picioare - Magazin Xstyle","description":"Oalele Petromax Dutch Oven ft1 f\u0103r\u0103 picioare sunt ideale pentru g\u0103titul \u00een aer liber \u0219i \u00een cuptorul de acas\u0103. Face\u021bi ca preparatele dumneavoastr\u0103 s\u0103 fie delicioase!","robots":{"index":"index","follow":"follow","max-snippet":"max-snippet:-1","max-image-preview":"max-image-preview:large","max-video-preview":"max-video-preview:-1"},"canonical":"https:\/\/xstyle.md\/ro\/produs\/kotelok-petromax-dutch-oven-ft1-bez-nozhek\/","og_locale":"ro_RO","og_type":"article","og_title":"\u041a\u043e\u0442\u0435\u043b\u043e\u043a Petromax Dutch Oven ft1 \u0431\u0435\u0437 \u043d\u043e\u0436\u0435\u043a - \u041c\u0430\u0433\u0430\u0437\u0438\u043d Xstyle","og_description":"\u041a\u043e\u0442\u0435\u043b\u043e\u043a Petromax Dutch Oven ft1 \u0431\u0435\u0437 \u043d\u043e\u0436\u0435\u043a - \u0438\u0434\u0435\u0430\u043b\u0435\u043d \u0434\u043b\u044f \u0433\u043e\u0442\u043e\u0432\u043a\u0438 \u043d\u0430 \u043e\u0442\u043a\u0440\u044b\u0442\u043e\u043c \u0432\u043e\u0437\u0434\u0443\u0445\u0435 \u0438 \u0432 \u0434\u043e\u043c\u0430\u0448\u043d\u0435\u0439 \u0434\u0443\u0445\u043e\u0432\u043a\u0435. \u0421\u0434\u0435\u043b\u0430\u0439\u0442\u0435 \u0432\u0430\u0448\u0438 \u0431\u043b\u044e\u0434\u0430 \u0432\u043e\u0441\u0445\u0438\u0442\u0438\u0442\u0435\u043b\u044c\u043d\u044b\u043c\u0438!","og_url":"https:\/\/xstyle.md\/ro\/produs\/kotelok-petromax-dutch-oven-ft1-bez-nozhek\/","og_site_name":"\u041c\u0430\u0433\u0430\u0437\u0438\u043d Xstyle","article_publisher":"https:\/\/www.facebook.com\/xstylemd","article_modified_time":"2026-03-19T13:40:27+00:00","og_image":[{"width":400,"height":400,"url":"https:\/\/xstyle.md\/wp-content\/uploads\/2021\/04\/dutch-oven-ft1-400.jpg","type":"image\/jpeg"}],"twitter_card":"summary_large_image","twitter_misc":{"Pre\u021b":"1.050&nbsp;MDL","Disponibilitate":"\u00cen stoc"},"schema":{"@context":"https:\/\/schema.org","@graph":[{"@type":"WebPage","@id":"https:\/\/xstyle.md\/product\/kotelok-petromax-dutch-oven-ft1-bez-nozhek\/","url":"https:\/\/xstyle.md\/product\/kotelok-petromax-dutch-oven-ft1-bez-nozhek\/","name":"Oal\u0103 Petromax Dutch Oven ft1 fara picioare - Magazin Xstyle","isPartOf":{"@id":"https:\/\/xstyle.md\/#website"},"primaryImageOfPage":{"@id":"https:\/\/xstyle.md\/product\/kotelok-petromax-dutch-oven-ft1-bez-nozhek\/#primaryimage"},"image":{"@id":"https:\/\/xstyle.md\/product\/kotelok-petromax-dutch-oven-ft1-bez-nozhek\/#primaryimage"},"thumbnailUrl":"https:\/\/xstyle.md\/wp-content\/uploads\/2021\/04\/dutch-oven-ft1-400.jpg","datePublished":"2021-01-11T13:20:48+00:00","dateModified":"2026-03-19T13:40:27+00:00","description":"Oalele Petromax Dutch Oven ft1 f\u0103r\u0103 picioare sunt ideale pentru g\u0103titul \u00een aer liber \u0219i \u00een cuptorul de acas\u0103. Face\u021bi ca preparatele dumneavoastr\u0103 s\u0103 fie delicioase!","breadcrumb":{"@id":"https:\/\/xstyle.md\/product\/kotelok-petromax-dutch-oven-ft1-bez-nozhek\/#breadcrumb"},"inLanguage":"ro-RO","potentialAction":[{"@type":"ReadAction","target":["https:\/\/xstyle.md\/product\/kotelok-petromax-dutch-oven-ft1-bez-nozhek\/"]}]},{"@type":"ImageObject","inLanguage":"ro-RO","@id":"https:\/\/xstyle.md\/product\/kotelok-petromax-dutch-oven-ft1-bez-nozhek\/#primaryimage","url":"https:\/\/xstyle.md\/wp-content\/uploads\/2021\/04\/dutch-oven-ft1-400.jpg","contentUrl":"https:\/\/xstyle.md\/wp-content\/uploads\/2021\/04\/dutch-oven-ft1-400.jpg","width":400,"height":400},{"@type":"BreadcrumbList","@id":"https:\/\/xstyle.md\/product\/kotelok-petromax-dutch-oven-ft1-bez-nozhek\/#breadcrumb","itemListElement":[{"@type":"ListItem","position":1,"name":"\u0413\u043b\u0430\u0432\u043d\u0430\u044f \u0441\u0442\u0440\u0430\u043d\u0438\u0446\u0430","item":"https:\/\/xstyle.md\/"},{"@type":"ListItem","position":2,"name":"\u041c\u0430\u0433\u0430\u0437\u0438\u043d","item":"https:\/\/xstyle.md\/shop\/"},{"@type":"ListItem","position":3,"name":"\u041a\u043e\u0442\u0435\u043b\u043e\u043a Petromax Dutch Oven ft1 \u0431\u0435\u0437 \u043d\u043e\u0436\u0435\u043a"}]},{"@type":"WebSite","@id":"https:\/\/xstyle.md\/#website","url":"https:\/\/xstyle.md\/","name":"Magazinul X-Style","description":"Echipamente pentru turism \u0219i sporturi extreme \u00een Moldova. Pre\u021buri, fotografii, caracteristici \u00een Moldova.","publisher":{"@id":"https:\/\/xstyle.md\/#organization"},"alternateName":"X-Style","potentialAction":[{"@type":"SearchAction","target":{"@type":"EntryPoint","urlTemplate":"https:\/\/xstyle.md\/?s={search_term_string}"},"query-input":{"@type":"PropertyValueSpecification","valueRequired":true,"valueName":"search_term_string"}}],"inLanguage":"ro-RO"},{"@type":"Organization","@id":"https:\/\/xstyle.md\/#organization","name":"Magazinul X-Style","alternateName":"x-style","url":"https:\/\/xstyle.md\/","logo":{"@type":"ImageObject","inLanguage":"ro-RO","@id":"https:\/\/xstyle.md\/#\/schema\/logo\/image\/","url":"https:\/\/xstyle.md\/wp-content\/uploads\/2020\/06\/logoicon.svg","contentUrl":"https:\/\/xstyle.md\/wp-content\/uploads\/2020\/06\/logoicon.svg","caption":"\u041c\u0430\u0433\u0430\u0437\u0438\u043d Xstyle"},"image":{"@id":"https:\/\/xstyle.md\/#\/schema\/logo\/image\/"},"sameAs":["https:\/\/www.facebook.com\/xstylemd","https:\/\/www.instagram.com\/xstyle_md\/","https:\/\/t.me\/xstyle_outdoor"],"hasMerchantReturnPolicy":{"@type":"MerchantReturnPolicy","merchantReturnLink":"https:\/\/xstyle.md\/ro\/conditions\/"}}]},"product_price_amount":"1050.00","product_price_currency":"MDL","og_availability":"instock","product_availability":"instock","product_retailer_item_id":"4250435701751","product_condition":"new"},"_links":{"self":[{"href":"https:\/\/xstyle.md\/ro\/wp-json\/wp\/v2\/product\/26961","targetHints":{"allow":["GET"]}}],"collection":[{"href":"https:\/\/xstyle.md\/ro\/wp-json\/wp\/v2\/product"}],"about":[{"href":"https:\/\/xstyle.md\/ro\/wp-json\/wp\/v2\/types\/product"}],"replies":[{"embeddable":true,"href":"https:\/\/xstyle.md\/ro\/wp-json\/wp\/v2\/comments?post=26961"}],"wp:featuredmedia":[{"embeddable":true,"href":"https:\/\/xstyle.md\/ro\/wp-json\/wp\/v2\/media\/28336"}],"wp:attachment":[{"href":"https:\/\/xstyle.md\/ro\/wp-json\/wp\/v2\/media?parent=26961"}],"wp:term":[{"taxonomy":"product_brand","embeddable":true,"href":"https:\/\/xstyle.md\/ro\/wp-json\/wp\/v2\/product_brand?post=26961"},{"taxonomy":"product_cat","embeddable":true,"href":"https:\/\/xstyle.md\/ro\/wp-json\/wp\/v2\/product_cat?post=26961"},{"taxonomy":"product_tag","embeddable":true,"href":"https:\/\/xstyle.md\/ro\/wp-json\/wp\/v2\/product_tag?post=26961"}],"curies":[{"name":"wp","href":"https:\/\/api.w.org\/{rel}","templated":true}]}}