{"id":26941,"date":"2021-01-11T16:20:37","date_gmt":"2021-01-11T13:20:37","guid":{"rendered":"https:\/\/xstyle.md\/product\/raskladnoj-stul-outwell-catamarca-black\/"},"modified":"2026-03-19T16:40:20","modified_gmt":"2026-03-19T13:40:20","slug":"raskladnoj-stul-outwell-catamarca-black","status":"publish","type":"product","link":"https:\/\/xstyle.md\/ro\/produs\/raskladnoj-stul-outwell-catamarca-black\/","title":{"rendered":"Scaun pliabil Outwell Catamarca Black"},"content":{"rendered":"<\/p>\n<p><strong>Scaun pliabil Outwell Catamarca Black\u00a0<\/strong>&#8212; scaun clasic pentru relaxare \u00een aer liber. Cu greutate mic\u0103 \u0219i u\u0219or de transportat, are un suport pentru b\u0103uturi \u00eencorporat \u0219i suport pentru coate pentru confort sporit. Rama din o\u021bel armat X asigur\u0103 stabilitatea \u00een vremea cu v\u00e2nt \u0219i poate rezista la sarcini de p\u00e2n\u0103 la 125 kg. Materialul negru este o alegere practic\u0103 pentru \u0219ederea l\u00e2ng\u0103 foc.<\/p>\n<p><strong>Caracteristici:<\/strong><\/p>\n<ul>\n<li>Se deschide \u0219i se pliaz\u0103 \u00een c\u00e2teva secunde<\/li>\n<li>Nu este necesar\u0103 montarea<\/li>\n<li>U\u0219or \u0219i convenabil de transportat<\/li>\n<li>Suport pentru pahare<\/li>\n<li>Include geanta pentru depozitare \u0219i transport usor<\/li>\n<li>Material: 100% poliester<\/li>\n<li>Cadru: o\u021bel acoperit cu pulbere<\/li>\n<li>Dimensiuni: 84 x 50 x 85 cm (LxAxH)<\/li>\n<li>Sarcin\u0103 maxim\u0103 kg: 125 kg<\/li>\n<li>\u00cen\u0103l\u021bimea scaunului: 43 cm<\/li>\n<li>M\u0103rimea pachetului: 15 x 14 x 86 cm<\/li>\n<li>Greutate: 3 kg<\/li>\n<\/ul>\n<p><\/p>","protected":false},"excerpt":{"rendered":"<p>Scaun pliabil Outwell Catamarca Black<\/p>","protected":false},"featured_media":28293,"comment_status":"open","ping_status":"closed","template":"","meta":{"_acf_changed":false,"inline_featured_image":false},"product_brand":[1275],"product_cat":[120],"product_tag":[],"class_list":{"0":"post-26941","1":"product","2":"type-product","3":"status-publish","4":"has-post-thumbnail","6":"product_brand-outwell","7":"product_cat-sun-loungers","9":"first","10":"instock","11":"shipping-taxable","12":"purchasable","13":"product-type-simple"},"acf":[],"yoast_head":"<!-- This site is optimized with the Yoast SEO plugin v27.4 - https:\/\/yoast.com\/product\/yoast-seo-wordpress\/ -->\n<title>\u0420\u0430\u0441\u043a\u043b\u0430\u0434\u043d\u043e\u0439 \u0441\u0442\u0443\u043b Outwell Catamarca Black - \u041c\u0430\u0433\u0430\u0437\u0438\u043d Xstyle<\/title>\n<meta name=\"description\" content=\"\u0420\u0430\u0441\u043a\u043b\u0430\u0434\u043d\u043e\u0439 \u0441\u0442\u0443\u043b Outwell Catamarca Black \u2014 \u0438\u0434\u0435\u0430\u043b\u044c\u043d\u044b\u0439 \u0432\u044b\u0431\u043e\u0440 \u0434\u043b\u044f \u043e\u0442\u0434\u044b\u0445\u0430 \u043d\u0430 \u043f\u0440\u0438\u0440\u043e\u0434\u0435. \u041b\u0435\u0433\u043a\u0438\u0439, \u0443\u0434\u043e\u0431\u043d\u044b\u0439, \u0441 \u043f\u043e\u0434\u0441\u0442\u0430\u043a\u0430\u043d\u043d\u0438\u043a\u043e\u043c \u0438 \u043f\u0440\u043e\u0447\u043d\u043e\u0439 \u0440\u0430\u043c\u043e\u0439. \u0423\u0441\u0442\u043e\u0439\u0447\u0438\u0432 \u0434\u043e 125 \u043a\u0433!\" \/>\n<meta name=\"robots\" content=\"index, follow, max-snippet:-1, max-image-preview:large, max-video-preview:-1\" \/>\n<link rel=\"canonical\" href=\"https:\/\/xstyle.md\/ro\/produs\/raskladnoj-stul-outwell-catamarca-black\/\" \/>\n<meta property=\"og:locale\" content=\"ro_RO\" \/>\n<meta property=\"og:type\" content=\"article\" \/>\n<meta property=\"og:title\" content=\"\u0420\u0430\u0441\u043a\u043b\u0430\u0434\u043d\u043e\u0439 \u0441\u0442\u0443\u043b Outwell Catamarca Black - \u041c\u0430\u0433\u0430\u0437\u0438\u043d Xstyle\" \/>\n<meta property=\"og:description\" content=\"\u0420\u0430\u0441\u043a\u043b\u0430\u0434\u043d\u043e\u0439 \u0441\u0442\u0443\u043b Outwell Catamarca Black \u2014 \u0438\u0434\u0435\u0430\u043b\u044c\u043d\u044b\u0439 \u0432\u044b\u0431\u043e\u0440 \u0434\u043b\u044f \u043e\u0442\u0434\u044b\u0445\u0430 \u043d\u0430 \u043f\u0440\u0438\u0440\u043e\u0434\u0435. \u041b\u0435\u0433\u043a\u0438\u0439, \u0443\u0434\u043e\u0431\u043d\u044b\u0439, \u0441 \u043f\u043e\u0434\u0441\u0442\u0430\u043a\u0430\u043d\u043d\u0438\u043a\u043e\u043c \u0438 \u043f\u0440\u043e\u0447\u043d\u043e\u0439 \u0440\u0430\u043c\u043e\u0439. \u0423\u0441\u0442\u043e\u0439\u0447\u0438\u0432 \u0434\u043e 125 \u043a\u0433!\" \/>\n<meta property=\"og:url\" content=\"https:\/\/xstyle.md\/ro\/produs\/raskladnoj-stul-outwell-catamarca-black\/\" \/>\n<meta property=\"og:site_name\" content=\"\u041c\u0430\u0433\u0430\u0437\u0438\u043d Xstyle\" \/>\n<meta property=\"article:publisher\" content=\"https:\/\/www.facebook.com\/xstylemd\" \/>\n<meta property=\"article:modified_time\" content=\"2026-03-19T13:40:20+00:00\" \/>\n<meta property=\"og:image\" content=\"https:\/\/xstyle.md\/wp-content\/uploads\/2021\/04\/getimage_8.jpg\" \/>\n\t<meta property=\"og:image:width\" content=\"559\" \/>\n\t<meta property=\"og:image:height\" content=\"617\" \/>\n\t<meta property=\"og:image:type\" content=\"image\/jpeg\" \/>\n<meta name=\"twitter:card\" content=\"summary_large_image\" \/>\n<meta name=\"twitter:label1\" content=\"Pre\u021b\" \/>\n\t<meta name=\"twitter:data1\" content=\"770&nbsp;MDL\" \/>\n\t<meta name=\"twitter:label2\" content=\"Disponibilitate\" \/>\n\t<meta name=\"twitter:data2\" content=\"\u00cen stoc\" \/>\n<script type=\"application\/ld+json\" class=\"yoast-schema-graph\">{\"@context\":\"https:\\\/\\\/schema.org\",\"@graph\":[{\"@type\":\"WebPage\",\"@id\":\"https:\\\/\\\/xstyle.md\\\/product\\\/raskladnoj-stul-outwell-catamarca-black\\\/\",\"url\":\"https:\\\/\\\/xstyle.md\\\/product\\\/raskladnoj-stul-outwell-catamarca-black\\\/\",\"name\":\"\u0420\u0430\u0441\u043a\u043b\u0430\u0434\u043d\u043e\u0439 \u0441\u0442\u0443\u043b Outwell Catamarca Black - \u041c\u0430\u0433\u0430\u0437\u0438\u043d Xstyle\",\"isPartOf\":{\"@id\":\"https:\\\/\\\/xstyle.md\\\/#website\"},\"primaryImageOfPage\":{\"@id\":\"https:\\\/\\\/xstyle.md\\\/product\\\/raskladnoj-stul-outwell-catamarca-black\\\/#primaryimage\"},\"image\":{\"@id\":\"https:\\\/\\\/xstyle.md\\\/product\\\/raskladnoj-stul-outwell-catamarca-black\\\/#primaryimage\"},\"thumbnailUrl\":\"https:\\\/\\\/xstyle.md\\\/wp-content\\\/uploads\\\/2021\\\/04\\\/getimage_8.jpg\",\"datePublished\":\"2021-01-11T13:20:37+00:00\",\"dateModified\":\"2026-03-19T13:40:20+00:00\",\"description\":\"\u0420\u0430\u0441\u043a\u043b\u0430\u0434\u043d\u043e\u0439 \u0441\u0442\u0443\u043b Outwell Catamarca Black \u2014 \u0438\u0434\u0435\u0430\u043b\u044c\u043d\u044b\u0439 \u0432\u044b\u0431\u043e\u0440 \u0434\u043b\u044f \u043e\u0442\u0434\u044b\u0445\u0430 \u043d\u0430 \u043f\u0440\u0438\u0440\u043e\u0434\u0435. \u041b\u0435\u0433\u043a\u0438\u0439, \u0443\u0434\u043e\u0431\u043d\u044b\u0439, \u0441 \u043f\u043e\u0434\u0441\u0442\u0430\u043a\u0430\u043d\u043d\u0438\u043a\u043e\u043c \u0438 \u043f\u0440\u043e\u0447\u043d\u043e\u0439 \u0440\u0430\u043c\u043e\u0439. \u0423\u0441\u0442\u043e\u0439\u0447\u0438\u0432 \u0434\u043e 125 \u043a\u0433!\",\"breadcrumb\":{\"@id\":\"https:\\\/\\\/xstyle.md\\\/product\\\/raskladnoj-stul-outwell-catamarca-black\\\/#breadcrumb\"},\"inLanguage\":\"ro-RO\",\"potentialAction\":[{\"@type\":\"ReadAction\",\"target\":[\"https:\\\/\\\/xstyle.md\\\/product\\\/raskladnoj-stul-outwell-catamarca-black\\\/\"]}]},{\"@type\":\"ImageObject\",\"inLanguage\":\"ro-RO\",\"@id\":\"https:\\\/\\\/xstyle.md\\\/product\\\/raskladnoj-stul-outwell-catamarca-black\\\/#primaryimage\",\"url\":\"https:\\\/\\\/xstyle.md\\\/wp-content\\\/uploads\\\/2021\\\/04\\\/getimage_8.jpg\",\"contentUrl\":\"https:\\\/\\\/xstyle.md\\\/wp-content\\\/uploads\\\/2021\\\/04\\\/getimage_8.jpg\",\"width\":559,\"height\":617},{\"@type\":\"BreadcrumbList\",\"@id\":\"https:\\\/\\\/xstyle.md\\\/product\\\/raskladnoj-stul-outwell-catamarca-black\\\/#breadcrumb\",\"itemListElement\":[{\"@type\":\"ListItem\",\"position\":1,\"name\":\"\u0413\u043b\u0430\u0432\u043d\u0430\u044f \u0441\u0442\u0440\u0430\u043d\u0438\u0446\u0430\",\"item\":\"https:\\\/\\\/xstyle.md\\\/\"},{\"@type\":\"ListItem\",\"position\":2,\"name\":\"\u041c\u0430\u0433\u0430\u0437\u0438\u043d\",\"item\":\"https:\\\/\\\/xstyle.md\\\/shop\\\/\"},{\"@type\":\"ListItem\",\"position\":3,\"name\":\"\u0420\u0430\u0441\u043a\u043b\u0430\u0434\u043d\u043e\u0439 \u0441\u0442\u0443\u043b Outwell Catamarca Black\"}]},{\"@type\":\"WebSite\",\"@id\":\"https:\\\/\\\/xstyle.md\\\/#website\",\"url\":\"https:\\\/\\\/xstyle.md\\\/\",\"name\":\"\u041c\u0430\u0433\u0430\u0437\u0438\u043d Xstyle\",\"description\":\"C\u043d\u0430\u0440\u044f\u0436\u0435\u043d\u0438\u0435 \u0434\u043b\u044f \u0442\u0443\u0440\u0438\u0437\u043c\u0430 \u0438 \u044d\u043a\u0441\u0442\u0440\u0435\u043c\u0430\u043b\u044c\u043d\u044b\u0445 \u0432\u0438\u0434\u043e\u0432 \u0441\u043f\u043e\u0440\u0442\u0430 \u0432 \u041c\u043e\u043b\u0434\u043e\u0432\u0435.. \u0426\u0435\u043d\u044b, \u0444\u043e\u0442\u043e, \u0445\u0430\u0440\u0430\u043a\u0442\u0435\u0440\u0438\u0441\u0442\u0438\u043a\u0438 \u0432 \u041c\u043e\u043b\u0434\u043e\u0432\u0435.\",\"publisher\":{\"@id\":\"https:\\\/\\\/xstyle.md\\\/#organization\"},\"alternateName\":\"X-Style\",\"potentialAction\":[{\"@type\":\"SearchAction\",\"target\":{\"@type\":\"EntryPoint\",\"urlTemplate\":\"https:\\\/\\\/xstyle.md\\\/?s={search_term_string}\"},\"query-input\":{\"@type\":\"PropertyValueSpecification\",\"valueRequired\":true,\"valueName\":\"search_term_string\"}}],\"inLanguage\":\"ro-RO\"},{\"@type\":\"Organization\",\"@id\":\"https:\\\/\\\/xstyle.md\\\/#organization\",\"name\":\"\u041c\u0430\u0433\u0430\u0437\u0438\u043d Xstyle\",\"alternateName\":\"x-style\",\"url\":\"https:\\\/\\\/xstyle.md\\\/\",\"logo\":{\"@type\":\"ImageObject\",\"inLanguage\":\"ro-RO\",\"@id\":\"https:\\\/\\\/xstyle.md\\\/#\\\/schema\\\/logo\\\/image\\\/\",\"url\":\"https:\\\/\\\/xstyle.md\\\/wp-content\\\/uploads\\\/2020\\\/06\\\/logoicon.svg\",\"contentUrl\":\"https:\\\/\\\/xstyle.md\\\/wp-content\\\/uploads\\\/2020\\\/06\\\/logoicon.svg\",\"caption\":\"\u041c\u0430\u0433\u0430\u0437\u0438\u043d Xstyle\"},\"image\":{\"@id\":\"https:\\\/\\\/xstyle.md\\\/#\\\/schema\\\/logo\\\/image\\\/\"},\"sameAs\":[\"https:\\\/\\\/www.facebook.com\\\/xstylemd\",\"https:\\\/\\\/www.instagram.com\\\/xstyle_md\\\/\",\"https:\\\/\\\/t.me\\\/xstyle_outdoor\"],\"hasMerchantReturnPolicy\":{\"@type\":\"MerchantReturnPolicy\",\"merchantReturnLink\":\"https:\\\/\\\/xstyle.md\\\/ro\\\/conditions\\\/\"}}]}<\/script>\n<meta property=\"product:price:amount\" content=\"770.00\" \/>\n<meta property=\"product:price:currency\" content=\"MDL\" \/>\n<meta property=\"og:availability\" content=\"instock\" \/>\n<meta property=\"product:availability\" content=\"instock\" \/>\n<meta property=\"product:retailer_item_id\" content=\"5709388089229\" \/>\n<meta property=\"product:condition\" content=\"new\" \/>\n<!-- \/ Yoast SEO plugin. -->","yoast_head_json":{"title":"Scaun pliabil Outwell Catamarca Black - Magazin Xstyle","description":"Scaunul pliabil Outwell Catamarca Black este alegerea ideal\u0103 pentru relaxare \u00een natur\u0103. U\u0219or, confortabil, cu suport pentru b\u0103uturi \u0219i un cadru rezistent. Suport\u0103 p\u00e2n\u0103 la 125 kg!","robots":{"index":"index","follow":"follow","max-snippet":"max-snippet:-1","max-image-preview":"max-image-preview:large","max-video-preview":"max-video-preview:-1"},"canonical":"https:\/\/xstyle.md\/ro\/produs\/raskladnoj-stul-outwell-catamarca-black\/","og_locale":"ro_RO","og_type":"article","og_title":"\u0420\u0430\u0441\u043a\u043b\u0430\u0434\u043d\u043e\u0439 \u0441\u0442\u0443\u043b Outwell Catamarca Black - \u041c\u0430\u0433\u0430\u0437\u0438\u043d Xstyle","og_description":"\u0420\u0430\u0441\u043a\u043b\u0430\u0434\u043d\u043e\u0439 \u0441\u0442\u0443\u043b Outwell Catamarca Black \u2014 \u0438\u0434\u0435\u0430\u043b\u044c\u043d\u044b\u0439 \u0432\u044b\u0431\u043e\u0440 \u0434\u043b\u044f \u043e\u0442\u0434\u044b\u0445\u0430 \u043d\u0430 \u043f\u0440\u0438\u0440\u043e\u0434\u0435. \u041b\u0435\u0433\u043a\u0438\u0439, \u0443\u0434\u043e\u0431\u043d\u044b\u0439, \u0441 \u043f\u043e\u0434\u0441\u0442\u0430\u043a\u0430\u043d\u043d\u0438\u043a\u043e\u043c \u0438 \u043f\u0440\u043e\u0447\u043d\u043e\u0439 \u0440\u0430\u043c\u043e\u0439. \u0423\u0441\u0442\u043e\u0439\u0447\u0438\u0432 \u0434\u043e 125 \u043a\u0433!","og_url":"https:\/\/xstyle.md\/ro\/produs\/raskladnoj-stul-outwell-catamarca-black\/","og_site_name":"\u041c\u0430\u0433\u0430\u0437\u0438\u043d Xstyle","article_publisher":"https:\/\/www.facebook.com\/xstylemd","article_modified_time":"2026-03-19T13:40:20+00:00","og_image":[{"width":559,"height":617,"url":"https:\/\/xstyle.md\/wp-content\/uploads\/2021\/04\/getimage_8.jpg","type":"image\/jpeg"}],"twitter_card":"summary_large_image","twitter_misc":{"Pre\u021b":"770&nbsp;MDL","Disponibilitate":"\u00cen stoc"},"schema":{"@context":"https:\/\/schema.org","@graph":[{"@type":"WebPage","@id":"https:\/\/xstyle.md\/product\/raskladnoj-stul-outwell-catamarca-black\/","url":"https:\/\/xstyle.md\/product\/raskladnoj-stul-outwell-catamarca-black\/","name":"Scaun pliabil Outwell Catamarca Black - Magazin Xstyle","isPartOf":{"@id":"https:\/\/xstyle.md\/#website"},"primaryImageOfPage":{"@id":"https:\/\/xstyle.md\/product\/raskladnoj-stul-outwell-catamarca-black\/#primaryimage"},"image":{"@id":"https:\/\/xstyle.md\/product\/raskladnoj-stul-outwell-catamarca-black\/#primaryimage"},"thumbnailUrl":"https:\/\/xstyle.md\/wp-content\/uploads\/2021\/04\/getimage_8.jpg","datePublished":"2021-01-11T13:20:37+00:00","dateModified":"2026-03-19T13:40:20+00:00","description":"Scaunul pliabil Outwell Catamarca Black este alegerea ideal\u0103 pentru relaxare \u00een natur\u0103. U\u0219or, confortabil, cu suport pentru b\u0103uturi \u0219i un cadru rezistent. Suport\u0103 p\u00e2n\u0103 la 125 kg!","breadcrumb":{"@id":"https:\/\/xstyle.md\/product\/raskladnoj-stul-outwell-catamarca-black\/#breadcrumb"},"inLanguage":"ro-RO","potentialAction":[{"@type":"ReadAction","target":["https:\/\/xstyle.md\/product\/raskladnoj-stul-outwell-catamarca-black\/"]}]},{"@type":"ImageObject","inLanguage":"ro-RO","@id":"https:\/\/xstyle.md\/product\/raskladnoj-stul-outwell-catamarca-black\/#primaryimage","url":"https:\/\/xstyle.md\/wp-content\/uploads\/2021\/04\/getimage_8.jpg","contentUrl":"https:\/\/xstyle.md\/wp-content\/uploads\/2021\/04\/getimage_8.jpg","width":559,"height":617},{"@type":"BreadcrumbList","@id":"https:\/\/xstyle.md\/product\/raskladnoj-stul-outwell-catamarca-black\/#breadcrumb","itemListElement":[{"@type":"ListItem","position":1,"name":"\u0413\u043b\u0430\u0432\u043d\u0430\u044f \u0441\u0442\u0440\u0430\u043d\u0438\u0446\u0430","item":"https:\/\/xstyle.md\/"},{"@type":"ListItem","position":2,"name":"\u041c\u0430\u0433\u0430\u0437\u0438\u043d","item":"https:\/\/xstyle.md\/shop\/"},{"@type":"ListItem","position":3,"name":"\u0420\u0430\u0441\u043a\u043b\u0430\u0434\u043d\u043e\u0439 \u0441\u0442\u0443\u043b Outwell Catamarca Black"}]},{"@type":"WebSite","@id":"https:\/\/xstyle.md\/#website","url":"https:\/\/xstyle.md\/","name":"Magazinul X-Style","description":"Echipamente pentru turism \u0219i sporturi extreme \u00een Moldova. Pre\u021buri, fotografii, caracteristici \u00een Moldova.","publisher":{"@id":"https:\/\/xstyle.md\/#organization"},"alternateName":"X-Style","potentialAction":[{"@type":"SearchAction","target":{"@type":"EntryPoint","urlTemplate":"https:\/\/xstyle.md\/?s={search_term_string}"},"query-input":{"@type":"PropertyValueSpecification","valueRequired":true,"valueName":"search_term_string"}}],"inLanguage":"ro-RO"},{"@type":"Organization","@id":"https:\/\/xstyle.md\/#organization","name":"Magazinul X-Style","alternateName":"x-style","url":"https:\/\/xstyle.md\/","logo":{"@type":"ImageObject","inLanguage":"ro-RO","@id":"https:\/\/xstyle.md\/#\/schema\/logo\/image\/","url":"https:\/\/xstyle.md\/wp-content\/uploads\/2020\/06\/logoicon.svg","contentUrl":"https:\/\/xstyle.md\/wp-content\/uploads\/2020\/06\/logoicon.svg","caption":"\u041c\u0430\u0433\u0430\u0437\u0438\u043d Xstyle"},"image":{"@id":"https:\/\/xstyle.md\/#\/schema\/logo\/image\/"},"sameAs":["https:\/\/www.facebook.com\/xstylemd","https:\/\/www.instagram.com\/xstyle_md\/","https:\/\/t.me\/xstyle_outdoor"],"hasMerchantReturnPolicy":{"@type":"MerchantReturnPolicy","merchantReturnLink":"https:\/\/xstyle.md\/ro\/conditions\/"}}]},"product_price_amount":"770.00","product_price_currency":"MDL","og_availability":"instock","product_availability":"instock","product_retailer_item_id":"5709388089229","product_condition":"new"},"_links":{"self":[{"href":"https:\/\/xstyle.md\/ro\/wp-json\/wp\/v2\/product\/26941","targetHints":{"allow":["GET"]}}],"collection":[{"href":"https:\/\/xstyle.md\/ro\/wp-json\/wp\/v2\/product"}],"about":[{"href":"https:\/\/xstyle.md\/ro\/wp-json\/wp\/v2\/types\/product"}],"replies":[{"embeddable":true,"href":"https:\/\/xstyle.md\/ro\/wp-json\/wp\/v2\/comments?post=26941"}],"wp:featuredmedia":[{"embeddable":true,"href":"https:\/\/xstyle.md\/ro\/wp-json\/wp\/v2\/media\/28293"}],"wp:attachment":[{"href":"https:\/\/xstyle.md\/ro\/wp-json\/wp\/v2\/media?parent=26941"}],"wp:term":[{"taxonomy":"product_brand","embeddable":true,"href":"https:\/\/xstyle.md\/ro\/wp-json\/wp\/v2\/product_brand?post=26941"},{"taxonomy":"product_cat","embeddable":true,"href":"https:\/\/xstyle.md\/ro\/wp-json\/wp\/v2\/product_cat?post=26941"},{"taxonomy":"product_tag","embeddable":true,"href":"https:\/\/xstyle.md\/ro\/wp-json\/wp\/v2\/product_tag?post=26941"}],"curies":[{"name":"wp","href":"https:\/\/api.w.org\/{rel}","templated":true}]}}