{"id":26893,"date":"2021-01-11T16:20:15","date_gmt":"2021-01-11T13:20:15","guid":{"rendered":"https:\/\/xstyle.md\/product\/sumka-aptechka-deuter-first-aid-kit\/"},"modified":"2025-04-02T18:05:29","modified_gmt":"2025-04-02T15:05:29","slug":"sumka-aptechka-deuter-first-aid-kit","status":"publish","type":"product","link":"https:\/\/xstyle.md\/ro\/produs\/sumka-aptechka-deuter-first-aid-kit\/","title":{"rendered":"Trus\u0103 medical\u0103 Deuter First Aid Kit"},"content":{"rendered":"<\/p>\n<p><strong>Deuter First Aid Kit<\/strong> &#8212; trus\u0103 de prim ajutor de c\u0103l\u0103torie cu fermoar. Aceasta con\u021bine o trus\u0103 de urgen\u021b\u0103 bine aprovizionat\u0103. Pute\u021bi pune acolo pensete pentru c\u0103pu\u0219e, foarfece, numeroase bandaje, exist\u0103, de asemenea, suficiente buzunare pentru medicamente individuale. Principalul avantaj este accesul rapid la con\u021binut.<\/p>\n<h3>Particularit\u0103\u021bi<\/h3>\n<ul>\n<li>Acces rapid la tot con\u021binutul datorit\u0103 fermoarului circular<\/li>\n<li>Buzunar rabatabil<\/li>\n<li>Instruc\u021biuni de prim ajutor<\/li>\n<li>Bucla pentru centura de \u0219old<\/li>\n<li>M\u00e2ner de transport<\/li>\n<li>Etichet\u0103 SOS<\/li>\n<\/ul>\n<h3>Caracteristici<\/h3>\n<ul>\n<li>Material &#8212; Ripstop-Nylon<\/li>\n<li>Dimensiuni &#8212; 11 x 18 x 5 (H x L x P) cm<\/li>\n<li>Greutate &#8212; 280 g<\/li>\n<\/ul>\n<h3>Tehnologie<\/h3>\n<ul>\n<li><strong>Ripstop-Nylon<\/strong> &#8212; ochiuri fine de plas\u0103 cus\u0103turi suplimentare cu fir sintetic mai gros face ca aceast\u0103 \u021bes\u0103tur\u0103 u\u0219oar\u0103 din nailon 420 denier s\u0103 fie rezistent\u0103 la abraziune. Hidrofug\u0103 \u0219i rezistent\u0103 la v\u00e2nt la exterior, cu un strat de poliuretan la interior.<\/li>\n<\/ul>\n<h3>Marca<\/h3>\n<p>Deuter este o marc\u0103 german\u0103 de gen\u021bi de sport \u0219i gen\u021bi pentru drume\u021bii, trekking, sporturi de iarn\u0103 \u0219i alte scopuri. Istoria companiei dateaz\u0103 de mai bine de 100 de ani: fondat\u0103 de Hans Deuter \u00een 1898, la \u00eenceputul secolului XX Deuter furniza deja saci po\u0219tali pentru Po\u0219ta Regal\u0103 Bavarez\u0103, iar \u00een anii 1910 &#8212; rucsacuri, gen\u021bi, curele \u0219i corturi pentru armat\u0103.<\/p>\n<p>Fiind unul dintre cei mai importan\u021bi produc\u0103tori de rucsacuri, Deuter a cooperat \u00eentotdeauna cu alpini\u0219ti experimenta\u021bi, care \u00eemp\u0103rt\u0103\u0219esc din experien\u021ba \u0219i cuno\u0219tin\u021bele lor bogate. Deuter nu se opre\u0219te la rezultatele ob\u021binute, lucr\u00e2nd \u00een mod constant la calitate \u0219i la \u00eembun\u0103t\u0103\u021birea produselor sale. Speciali\u0219tii companiei sunt mereu \u00een c\u0103utare de noi solu\u021bii tehnice care s\u0103 v\u0103 asigure confortul \u0219i siguran\u021ba.<\/p>\n<p><\/p>","protected":false},"excerpt":{"rendered":"<p>Trus\u0103 medical\u0103 Deuter First Aid Kit<\/p>","protected":false},"featured_media":28225,"comment_status":"open","ping_status":"closed","template":"","meta":{"_acf_changed":false,"inline_featured_image":false},"product_brand":[1261],"product_cat":[333],"product_tag":[],"class_list":{"0":"post-26893","1":"product","2":"type-product","3":"status-publish","4":"has-post-thumbnail","6":"product_brand-deuter","7":"product_cat-first-aid","9":"first","10":"instock","11":"shipping-taxable","12":"purchasable","13":"product-type-simple"},"acf":[],"yoast_head":"<!-- This site is optimized with the Yoast SEO plugin v27.2 - https:\/\/yoast.com\/product\/yoast-seo-wordpress\/ -->\n<title>\u0421\u0443\u043c\u043a\u0430 \u0430\u043f\u0442\u0435\u0447\u043a\u0430 Deuter First Aid Kit - \u041c\u0430\u0433\u0430\u0437\u0438\u043d Xstyle<\/title>\n<meta name=\"description\" content=\"\u0421\u0443\u043c\u043a\u0430 \u0430\u043f\u0442\u0435\u0447\u043a\u0430 Deuter First Aid Kit - \u0438\u0434\u0435\u0430\u043b\u044c\u043d\u044b\u0439 \u0441\u043f\u0443\u0442\u043d\u0438\u043a \u0432 \u043f\u0443\u0442\u0435\u0448\u0435\u0441\u0442\u0432\u0438\u044f\u0445. \u041a\u043e\u043c\u043f\u0430\u043a\u0442\u043d\u0430\u044f, \u0441 \u0431\u044b\u0441\u0442\u0440\u044b\u043c \u0434\u043e\u0441\u0442\u0443\u043f\u043e\u043c \u043a \u043c\u0435\u0434\u0438\u043a\u0430\u043c\u0435\u043d\u0442\u0430\u043c. \u0411\u0443\u0434\u044c\u0442\u0435 \u0433\u043e\u0442\u043e\u0432\u044b \u043a \u043b\u044e\u0431\u044b\u043c \u0441\u0438\u0442\u0443\u0430\u0446\u0438\u044f\u043c!\" \/>\n<meta name=\"robots\" content=\"index, follow, max-snippet:-1, max-image-preview:large, max-video-preview:-1\" \/>\n<link rel=\"canonical\" href=\"https:\/\/xstyle.md\/ro\/produs\/sumka-aptechka-deuter-first-aid-kit\/\" \/>\n<meta property=\"og:locale\" content=\"ro_RO\" \/>\n<meta property=\"og:type\" content=\"article\" \/>\n<meta property=\"og:title\" content=\"\u0421\u0443\u043c\u043a\u0430 \u0430\u043f\u0442\u0435\u0447\u043a\u0430 Deuter First Aid Kit - \u041c\u0430\u0433\u0430\u0437\u0438\u043d Xstyle\" \/>\n<meta property=\"og:description\" content=\"\u0421\u0443\u043c\u043a\u0430 \u0430\u043f\u0442\u0435\u0447\u043a\u0430 Deuter First Aid Kit - \u0438\u0434\u0435\u0430\u043b\u044c\u043d\u044b\u0439 \u0441\u043f\u0443\u0442\u043d\u0438\u043a \u0432 \u043f\u0443\u0442\u0435\u0448\u0435\u0441\u0442\u0432\u0438\u044f\u0445. \u041a\u043e\u043c\u043f\u0430\u043a\u0442\u043d\u0430\u044f, \u0441 \u0431\u044b\u0441\u0442\u0440\u044b\u043c \u0434\u043e\u0441\u0442\u0443\u043f\u043e\u043c \u043a \u043c\u0435\u0434\u0438\u043a\u0430\u043c\u0435\u043d\u0442\u0430\u043c. \u0411\u0443\u0434\u044c\u0442\u0435 \u0433\u043e\u0442\u043e\u0432\u044b \u043a \u043b\u044e\u0431\u044b\u043c \u0441\u0438\u0442\u0443\u0430\u0446\u0438\u044f\u043c!\" \/>\n<meta property=\"og:url\" content=\"https:\/\/xstyle.md\/ro\/produs\/sumka-aptechka-deuter-first-aid-kit\/\" \/>\n<meta property=\"og:site_name\" content=\"\u041c\u0430\u0433\u0430\u0437\u0438\u043d Xstyle\" \/>\n<meta property=\"article:publisher\" content=\"https:\/\/www.facebook.com\/xstylemd\" \/>\n<meta property=\"article:modified_time\" content=\"2025-04-02T15:05:29+00:00\" \/>\n<meta property=\"og:image\" content=\"https:\/\/xstyle.md\/wp-content\/uploads\/2021\/04\/bag_de6zmfk_or-d1-il.jpg\" \/>\n\t<meta property=\"og:image:width\" content=\"1024\" \/>\n\t<meta property=\"og:image:height\" content=\"570\" \/>\n\t<meta property=\"og:image:type\" content=\"image\/jpeg\" \/>\n<meta name=\"twitter:card\" content=\"summary_large_image\" \/>\n<meta name=\"twitter:label1\" content=\"Pre\u021b\" \/>\n\t<meta name=\"twitter:data1\" content=\"760&nbsp;MDL\" \/>\n\t<meta name=\"twitter:label2\" content=\"Disponibilitate\" \/>\n\t<meta name=\"twitter:data2\" content=\"\u00cen stoc\" \/>\n<script type=\"application\/ld+json\" class=\"yoast-schema-graph\">{\"@context\":\"https:\/\/schema.org\",\"@graph\":[{\"@type\":\"WebPage\",\"@id\":\"https:\/\/xstyle.md\/product\/sumka-aptechka-deuter-first-aid-kit\/\",\"url\":\"https:\/\/xstyle.md\/product\/sumka-aptechka-deuter-first-aid-kit\/\",\"name\":\"\u0421\u0443\u043c\u043a\u0430 \u0430\u043f\u0442\u0435\u0447\u043a\u0430 Deuter First Aid Kit - \u041c\u0430\u0433\u0430\u0437\u0438\u043d Xstyle\",\"isPartOf\":{\"@id\":\"https:\/\/xstyle.md\/#website\"},\"primaryImageOfPage\":{\"@id\":\"https:\/\/xstyle.md\/product\/sumka-aptechka-deuter-first-aid-kit\/#primaryimage\"},\"image\":{\"@id\":\"https:\/\/xstyle.md\/product\/sumka-aptechka-deuter-first-aid-kit\/#primaryimage\"},\"thumbnailUrl\":\"https:\/\/xstyle.md\/wp-content\/uploads\/2021\/04\/bag_de6zmfk_or-d1-il.jpg\",\"datePublished\":\"2021-01-11T13:20:15+00:00\",\"dateModified\":\"2025-04-02T15:05:29+00:00\",\"description\":\"\u0421\u0443\u043c\u043a\u0430 \u0430\u043f\u0442\u0435\u0447\u043a\u0430 Deuter First Aid Kit - \u0438\u0434\u0435\u0430\u043b\u044c\u043d\u044b\u0439 \u0441\u043f\u0443\u0442\u043d\u0438\u043a \u0432 \u043f\u0443\u0442\u0435\u0448\u0435\u0441\u0442\u0432\u0438\u044f\u0445. \u041a\u043e\u043c\u043f\u0430\u043a\u0442\u043d\u0430\u044f, \u0441 \u0431\u044b\u0441\u0442\u0440\u044b\u043c \u0434\u043e\u0441\u0442\u0443\u043f\u043e\u043c \u043a \u043c\u0435\u0434\u0438\u043a\u0430\u043c\u0435\u043d\u0442\u0430\u043c. \u0411\u0443\u0434\u044c\u0442\u0435 \u0433\u043e\u0442\u043e\u0432\u044b \u043a \u043b\u044e\u0431\u044b\u043c \u0441\u0438\u0442\u0443\u0430\u0446\u0438\u044f\u043c!\",\"breadcrumb\":{\"@id\":\"https:\/\/xstyle.md\/product\/sumka-aptechka-deuter-first-aid-kit\/#breadcrumb\"},\"inLanguage\":\"ro-RO\",\"potentialAction\":[{\"@type\":\"ReadAction\",\"target\":[\"https:\/\/xstyle.md\/product\/sumka-aptechka-deuter-first-aid-kit\/\"]}]},{\"@type\":\"ImageObject\",\"inLanguage\":\"ro-RO\",\"@id\":\"https:\/\/xstyle.md\/product\/sumka-aptechka-deuter-first-aid-kit\/#primaryimage\",\"url\":\"https:\/\/xstyle.md\/wp-content\/uploads\/2021\/04\/bag_de6zmfk_or-d1-il.jpg\",\"contentUrl\":\"https:\/\/xstyle.md\/wp-content\/uploads\/2021\/04\/bag_de6zmfk_or-d1-il.jpg\",\"width\":1024,\"height\":570},{\"@type\":\"BreadcrumbList\",\"@id\":\"https:\/\/xstyle.md\/product\/sumka-aptechka-deuter-first-aid-kit\/#breadcrumb\",\"itemListElement\":[{\"@type\":\"ListItem\",\"position\":1,\"name\":\"\u0413\u043b\u0430\u0432\u043d\u0430\u044f \u0441\u0442\u0440\u0430\u043d\u0438\u0446\u0430\",\"item\":\"https:\/\/xstyle.md\/\"},{\"@type\":\"ListItem\",\"position\":2,\"name\":\"\u041c\u0430\u0433\u0430\u0437\u0438\u043d\",\"item\":\"https:\/\/xstyle.md\/shop\/\"},{\"@type\":\"ListItem\",\"position\":3,\"name\":\"\u0421\u0443\u043c\u043a\u0430 \u0430\u043f\u0442\u0435\u0447\u043a\u0430 Deuter First Aid Kit\"}]},{\"@type\":\"WebSite\",\"@id\":\"https:\/\/xstyle.md\/#website\",\"url\":\"https:\/\/xstyle.md\/\",\"name\":\"\u041c\u0430\u0433\u0430\u0437\u0438\u043d Xstyle\",\"description\":\"C\u043d\u0430\u0440\u044f\u0436\u0435\u043d\u0438\u0435 \u0434\u043b\u044f \u0442\u0443\u0440\u0438\u0437\u043c\u0430 \u0438 \u044d\u043a\u0441\u0442\u0440\u0435\u043c\u0430\u043b\u044c\u043d\u044b\u0445 \u0432\u0438\u0434\u043e\u0432 \u0441\u043f\u043e\u0440\u0442\u0430 \u0432 \u041c\u043e\u043b\u0434\u043e\u0432\u0435.. \u0426\u0435\u043d\u044b, \u0444\u043e\u0442\u043e, \u0445\u0430\u0440\u0430\u043a\u0442\u0435\u0440\u0438\u0441\u0442\u0438\u043a\u0438 \u0432 \u041c\u043e\u043b\u0434\u043e\u0432\u0435.\",\"publisher\":{\"@id\":\"https:\/\/xstyle.md\/#organization\"},\"alternateName\":\"X-Style\",\"potentialAction\":[{\"@type\":\"SearchAction\",\"target\":{\"@type\":\"EntryPoint\",\"urlTemplate\":\"https:\/\/xstyle.md\/?s={search_term_string}\"},\"query-input\":{\"@type\":\"PropertyValueSpecification\",\"valueRequired\":true,\"valueName\":\"search_term_string\"}}],\"inLanguage\":\"ro-RO\"},{\"@type\":\"Organization\",\"@id\":\"https:\/\/xstyle.md\/#organization\",\"name\":\"\u041c\u0430\u0433\u0430\u0437\u0438\u043d Xstyle\",\"alternateName\":\"x-style\",\"url\":\"https:\/\/xstyle.md\/\",\"logo\":{\"@type\":\"ImageObject\",\"inLanguage\":\"ro-RO\",\"@id\":\"https:\/\/xstyle.md\/#\/schema\/logo\/image\/\",\"url\":\"https:\/\/xstyle.md\/wp-content\/uploads\/2020\/06\/logoicon.svg\",\"contentUrl\":\"https:\/\/xstyle.md\/wp-content\/uploads\/2020\/06\/logoicon.svg\",\"caption\":\"\u041c\u0430\u0433\u0430\u0437\u0438\u043d Xstyle\"},\"image\":{\"@id\":\"https:\/\/xstyle.md\/#\/schema\/logo\/image\/\"},\"sameAs\":[\"https:\/\/www.facebook.com\/xstylemd\",\"https:\/\/www.instagram.com\/xstyle_md\/\",\"https:\/\/t.me\/xstyle_outdoor\"],\"hasMerchantReturnPolicy\":{\"@type\":\"MerchantReturnPolicy\",\"merchantReturnLink\":\"https:\/\/xstyle.md\/ro\/conditions\/\"}}]}<\/script>\n<meta property=\"product:price:amount\" content=\"760.00\" \/>\n<meta property=\"product:price:currency\" content=\"MDL\" \/>\n<meta property=\"og:availability\" content=\"instock\" \/>\n<meta property=\"product:availability\" content=\"instock\" \/>\n<meta property=\"product:retailer_item_id\" content=\"4046051070858\" \/>\n<meta property=\"product:condition\" content=\"new\" \/>\n<!-- \/ Yoast SEO plugin. -->","yoast_head_json":{"title":"Trus\u0103 medical\u0103 Deuter First Aid Kit - Magazin Xstyle","description":"Geanta de prim ajutor Deuter First Aid Kit - partenerul ideal \u00een c\u0103l\u0103torii. Compact\u0103, cu acces rapid la medicamente. Fi\u021bi preg\u0103ti\u021bi pentru orice situa\u021bie!","robots":{"index":"index","follow":"follow","max-snippet":"max-snippet:-1","max-image-preview":"max-image-preview:large","max-video-preview":"max-video-preview:-1"},"canonical":"https:\/\/xstyle.md\/ro\/produs\/sumka-aptechka-deuter-first-aid-kit\/","og_locale":"ro_RO","og_type":"article","og_title":"\u0421\u0443\u043c\u043a\u0430 \u0430\u043f\u0442\u0435\u0447\u043a\u0430 Deuter First Aid Kit - \u041c\u0430\u0433\u0430\u0437\u0438\u043d Xstyle","og_description":"\u0421\u0443\u043c\u043a\u0430 \u0430\u043f\u0442\u0435\u0447\u043a\u0430 Deuter First Aid Kit - \u0438\u0434\u0435\u0430\u043b\u044c\u043d\u044b\u0439 \u0441\u043f\u0443\u0442\u043d\u0438\u043a \u0432 \u043f\u0443\u0442\u0435\u0448\u0435\u0441\u0442\u0432\u0438\u044f\u0445. \u041a\u043e\u043c\u043f\u0430\u043a\u0442\u043d\u0430\u044f, \u0441 \u0431\u044b\u0441\u0442\u0440\u044b\u043c \u0434\u043e\u0441\u0442\u0443\u043f\u043e\u043c \u043a \u043c\u0435\u0434\u0438\u043a\u0430\u043c\u0435\u043d\u0442\u0430\u043c. \u0411\u0443\u0434\u044c\u0442\u0435 \u0433\u043e\u0442\u043e\u0432\u044b \u043a \u043b\u044e\u0431\u044b\u043c \u0441\u0438\u0442\u0443\u0430\u0446\u0438\u044f\u043c!","og_url":"https:\/\/xstyle.md\/ro\/produs\/sumka-aptechka-deuter-first-aid-kit\/","og_site_name":"\u041c\u0430\u0433\u0430\u0437\u0438\u043d Xstyle","article_publisher":"https:\/\/www.facebook.com\/xstylemd","article_modified_time":"2025-04-02T15:05:29+00:00","og_image":[{"width":1024,"height":570,"url":"https:\/\/xstyle.md\/wp-content\/uploads\/2021\/04\/bag_de6zmfk_or-d1-il.jpg","type":"image\/jpeg"}],"twitter_card":"summary_large_image","twitter_misc":{"Pre\u021b":"760&nbsp;MDL","Disponibilitate":"\u00cen stoc"},"schema":{"@context":"https:\/\/schema.org","@graph":[{"@type":"WebPage","@id":"https:\/\/xstyle.md\/product\/sumka-aptechka-deuter-first-aid-kit\/","url":"https:\/\/xstyle.md\/product\/sumka-aptechka-deuter-first-aid-kit\/","name":"Trus\u0103 medical\u0103 Deuter First Aid Kit - Magazin Xstyle","isPartOf":{"@id":"https:\/\/xstyle.md\/#website"},"primaryImageOfPage":{"@id":"https:\/\/xstyle.md\/product\/sumka-aptechka-deuter-first-aid-kit\/#primaryimage"},"image":{"@id":"https:\/\/xstyle.md\/product\/sumka-aptechka-deuter-first-aid-kit\/#primaryimage"},"thumbnailUrl":"https:\/\/xstyle.md\/wp-content\/uploads\/2021\/04\/bag_de6zmfk_or-d1-il.jpg","datePublished":"2021-01-11T13:20:15+00:00","dateModified":"2025-04-02T15:05:29+00:00","description":"Geanta de prim ajutor Deuter First Aid Kit - partenerul ideal \u00een c\u0103l\u0103torii. Compact\u0103, cu acces rapid la medicamente. Fi\u021bi preg\u0103ti\u021bi pentru orice situa\u021bie!","breadcrumb":{"@id":"https:\/\/xstyle.md\/product\/sumka-aptechka-deuter-first-aid-kit\/#breadcrumb"},"inLanguage":"ro-RO","potentialAction":[{"@type":"ReadAction","target":["https:\/\/xstyle.md\/product\/sumka-aptechka-deuter-first-aid-kit\/"]}]},{"@type":"ImageObject","inLanguage":"ro-RO","@id":"https:\/\/xstyle.md\/product\/sumka-aptechka-deuter-first-aid-kit\/#primaryimage","url":"https:\/\/xstyle.md\/wp-content\/uploads\/2021\/04\/bag_de6zmfk_or-d1-il.jpg","contentUrl":"https:\/\/xstyle.md\/wp-content\/uploads\/2021\/04\/bag_de6zmfk_or-d1-il.jpg","width":1024,"height":570},{"@type":"BreadcrumbList","@id":"https:\/\/xstyle.md\/product\/sumka-aptechka-deuter-first-aid-kit\/#breadcrumb","itemListElement":[{"@type":"ListItem","position":1,"name":"\u0413\u043b\u0430\u0432\u043d\u0430\u044f \u0441\u0442\u0440\u0430\u043d\u0438\u0446\u0430","item":"https:\/\/xstyle.md\/"},{"@type":"ListItem","position":2,"name":"\u041c\u0430\u0433\u0430\u0437\u0438\u043d","item":"https:\/\/xstyle.md\/shop\/"},{"@type":"ListItem","position":3,"name":"\u0421\u0443\u043c\u043a\u0430 \u0430\u043f\u0442\u0435\u0447\u043a\u0430 Deuter First Aid Kit"}]},{"@type":"WebSite","@id":"https:\/\/xstyle.md\/#website","url":"https:\/\/xstyle.md\/","name":"Magazinul X-Style","description":"Echipamente pentru turism \u0219i sporturi extreme \u00een Moldova. Pre\u021buri, fotografii, caracteristici \u00een Moldova.","publisher":{"@id":"https:\/\/xstyle.md\/#organization"},"alternateName":"X-Style","potentialAction":[{"@type":"SearchAction","target":{"@type":"EntryPoint","urlTemplate":"https:\/\/xstyle.md\/?s={search_term_string}"},"query-input":{"@type":"PropertyValueSpecification","valueRequired":true,"valueName":"search_term_string"}}],"inLanguage":"ro-RO"},{"@type":"Organization","@id":"https:\/\/xstyle.md\/#organization","name":"Magazinul X-Style","alternateName":"x-style","url":"https:\/\/xstyle.md\/","logo":{"@type":"ImageObject","inLanguage":"ro-RO","@id":"https:\/\/xstyle.md\/#\/schema\/logo\/image\/","url":"https:\/\/xstyle.md\/wp-content\/uploads\/2020\/06\/logoicon.svg","contentUrl":"https:\/\/xstyle.md\/wp-content\/uploads\/2020\/06\/logoicon.svg","caption":"\u041c\u0430\u0433\u0430\u0437\u0438\u043d Xstyle"},"image":{"@id":"https:\/\/xstyle.md\/#\/schema\/logo\/image\/"},"sameAs":["https:\/\/www.facebook.com\/xstylemd","https:\/\/www.instagram.com\/xstyle_md\/","https:\/\/t.me\/xstyle_outdoor"],"hasMerchantReturnPolicy":{"@type":"MerchantReturnPolicy","merchantReturnLink":"https:\/\/xstyle.md\/ro\/conditions\/"}}]},"product_price_amount":"760.00","product_price_currency":"MDL","og_availability":"instock","product_availability":"instock","product_retailer_item_id":"4046051070858","product_condition":"new"},"post_mailing_queue_ids":[],"_links":{"self":[{"href":"https:\/\/xstyle.md\/ro\/wp-json\/wp\/v2\/product\/26893","targetHints":{"allow":["GET"]}}],"collection":[{"href":"https:\/\/xstyle.md\/ro\/wp-json\/wp\/v2\/product"}],"about":[{"href":"https:\/\/xstyle.md\/ro\/wp-json\/wp\/v2\/types\/product"}],"replies":[{"embeddable":true,"href":"https:\/\/xstyle.md\/ro\/wp-json\/wp\/v2\/comments?post=26893"}],"wp:featuredmedia":[{"embeddable":true,"href":"https:\/\/xstyle.md\/ro\/wp-json\/wp\/v2\/media\/28225"}],"wp:attachment":[{"href":"https:\/\/xstyle.md\/ro\/wp-json\/wp\/v2\/media?parent=26893"}],"wp:term":[{"taxonomy":"product_brand","embeddable":true,"href":"https:\/\/xstyle.md\/ro\/wp-json\/wp\/v2\/product_brand?post=26893"},{"taxonomy":"product_cat","embeddable":true,"href":"https:\/\/xstyle.md\/ro\/wp-json\/wp\/v2\/product_cat?post=26893"},{"taxonomy":"product_tag","embeddable":true,"href":"https:\/\/xstyle.md\/ro\/wp-json\/wp\/v2\/product_tag?post=26893"}],"curies":[{"name":"wp","href":"https:\/\/api.w.org\/{rel}","templated":true}]}}