{"id":26870,"date":"2021-01-11T16:20:02","date_gmt":"2021-01-11T13:20:02","guid":{"rendered":"https:\/\/xstyle.md\/product\/pojasnaja-sumka-lowe-alpine-belt-pack\/"},"modified":"2025-12-10T15:52:35","modified_gmt":"2025-12-10T12:52:35","slug":"pojasnaja-sumka-lowe-alpine-belt-pack","status":"publish","type":"product","link":"https:\/\/xstyle.md\/ro\/produs\/pojasnaja-sumka-lowe-alpine-belt-pack\/","title":{"rendered":"Borseta Lowe Alpine Belt Pack"},"content":{"rendered":"<\/p>\n<p><strong>Lowe Alpine TT Belt pack<\/strong> &#8212; geant\u0103 u\u0219oar\u0103 pentru \u0219olduri, realizat\u0103 din material moale, pentru p\u0103strarea \u00een siguran\u021b\u0103 a obiectelor de valoare, a banilor \u0219i a documentelor. Geanta este format\u0103 dintr-un compartiment principal spa\u021bios \u0219i un buzunar suplimentar \u00een partea din fa\u021b\u0103 a gen\u021bii. Se \u00eenchide cu un fermoar fiabil. Materialul moale nu irit\u0103 pielea, astfel \u00eenc\u00e2t geanta poate fi purtat\u0103 pe sub haine. Cureaua reglabil\u0103 din nailon fixeaz\u0103 geanta pe talie.<\/p>\n<h3>Particularit\u0103\u021bi<\/h3>\n<ul>\n<li>Clip de chei<\/li>\n<li>Compartiment principal \u0219i 2 buzunare suplimentare<\/li>\n<li>Garnitur\u0103 c\u0103ptu\u0219it\u0103 pe spate<\/li>\n<\/ul>\n<h3>Caracteristici<\/h3>\n<ul>\n<li>Greutate - 100 g<\/li>\n<li>Volum &#8212; 1,5 litri<\/li>\n<li>Dimensiuni &#8212; 33 x 16 x 2 (H x L x P) cm<\/li>\n<li>Material &#8212; nailon<\/li>\n<li>Destina\u021bie &#8212; drume\u021bii, trekking, utilizare zilnic\u0103<\/li>\n<li>Model &#8212; unisex<\/li>\n<\/ul>\n<h3>Marca<\/h3>\n<p>Lowe Alpine este un brand care produce echipamente pentru alpinism \u0219i activit\u0103\u021bi recreative \u00een aer liber, precum \u0219i \u00eembr\u0103c\u0103minte. Produsele companiei se caracterizeaz\u0103 prin confort \u0219i practicitate. Compania angajeaz\u0103 alpini\u0219ti \u0219i sportivi profesioni\u0219ti care \u00ee\u0219i aplic\u0103 cuno\u0219tin\u021bele \u00een practic\u0103. Ace\u0219tia \u00een\u021beleg mai bine dec\u00e2t oricine altcineva ce produse sunt necesare pentru a asigura confortul maxim al utilizatorului.<\/p>\n<p>Dorin\u021bele sportivilor profesioni\u0219ti \u0219i viziunea lor asupra produselor de calitate sunt luate \u00een considerare \u00een timpul dezvolt\u0103rii. Produsele sunt concepute pentru a fi utilizate \u00eentr-o varietate de condi\u021bii meteorologice, inclusiv \u00een condi\u021bii destul de severe.<\/p>\n<p>Produsele sunt conforme cu standardele interna\u021bionale de calitate. Acestea se caracterizeaz\u0103 prin fiabilitate \u0219i sunt capabile s\u0103 satisfac\u0103 cerin\u021bele celei mai exigente persoane. \u00cen procesul de fabrica\u021bie se folosesc tehnologii inovatoare \u0219i materiale moderne, se efectueaz\u0103 diverse cercet\u0103ri pentru a ob\u021bine cele mai bune rezultate. Marca \u00eentr-un timp scurt a reu\u0219it s\u0103 ob\u021bin\u0103 faima \u0219i recunoa\u0219terea mondial\u0103. Compania este cunoscut\u0103 ca un produc\u0103tor de produse de \u00eenalt\u0103 tehnologie.<\/p>\n<p><\/p>","protected":false},"excerpt":{"rendered":"<p>Borseta Lowe Alpine Belt Pack<\/p>","protected":false},"featured_media":28191,"comment_status":"open","ping_status":"closed","template":"","meta":{"_acf_changed":false,"inline_featured_image":false},"product_brand":[1295],"product_cat":[330],"product_tag":[],"class_list":{"0":"post-26870","1":"product","2":"type-product","3":"status-publish","4":"has-post-thumbnail","6":"product_brand-lowe-alpine","7":"product_cat-waist-packs","9":"first","10":"instock","11":"shipping-taxable","12":"purchasable","13":"product-type-simple"},"acf":[],"yoast_head":"<!-- This site is optimized with the Yoast SEO plugin v27.2 - https:\/\/yoast.com\/product\/yoast-seo-wordpress\/ -->\n<title>\u041f\u043e\u044f\u0441\u043d\u0430\u044f \u0441\u0443\u043c\u043a\u0430 Lowe Alpine Belt Pack - \u041c\u0430\u0433\u0430\u0437\u0438\u043d Xstyle<\/title>\n<meta name=\"description\" content=\"\u041f\u043e\u044f\u0441\u043d\u0430\u044f \u0441\u0443\u043c\u043a\u0430 Lowe Alpine Belt Pack \u2013 \u043b\u0435\u0433\u043a\u0430\u044f, \u0432\u043c\u0435\u0441\u0442\u0438\u0442\u0435\u043b\u044c\u043d\u0430\u044f \u0438 \u0443\u0434\u043e\u0431\u043d\u0430\u044f. \u0418\u0434\u0435\u0430\u043b\u044c\u043d\u0430 \u0434\u043b\u044f \u0437\u0430\u0449\u0438\u0442\u044b \u0446\u0435\u043d\u043d\u043e\u0441\u0442\u0435\u0439, \u0441 \u043d\u0430\u0434\u0435\u0436\u043d\u043e\u0439 \u043c\u043e\u043b\u043d\u0438\u0435\u0439 \u0438 \u043c\u044f\u0433\u043a\u0438\u043c \u043c\u0430\u0442\u0435\u0440\u0438\u0430\u043b\u043e\u043c.\" \/>\n<meta name=\"robots\" content=\"index, follow, max-snippet:-1, max-image-preview:large, max-video-preview:-1\" \/>\n<link rel=\"canonical\" href=\"https:\/\/xstyle.md\/ro\/produs\/pojasnaja-sumka-lowe-alpine-belt-pack\/\" \/>\n<meta property=\"og:locale\" content=\"ro_RO\" \/>\n<meta property=\"og:type\" content=\"article\" \/>\n<meta property=\"og:title\" content=\"\u041f\u043e\u044f\u0441\u043d\u0430\u044f \u0441\u0443\u043c\u043a\u0430 Lowe Alpine Belt Pack - \u041c\u0430\u0433\u0430\u0437\u0438\u043d Xstyle\" \/>\n<meta property=\"og:description\" content=\"\u041f\u043e\u044f\u0441\u043d\u0430\u044f \u0441\u0443\u043c\u043a\u0430 Lowe Alpine Belt Pack \u2013 \u043b\u0435\u0433\u043a\u0430\u044f, \u0432\u043c\u0435\u0441\u0442\u0438\u0442\u0435\u043b\u044c\u043d\u0430\u044f \u0438 \u0443\u0434\u043e\u0431\u043d\u0430\u044f. \u0418\u0434\u0435\u0430\u043b\u044c\u043d\u0430 \u0434\u043b\u044f \u0437\u0430\u0449\u0438\u0442\u044b \u0446\u0435\u043d\u043d\u043e\u0441\u0442\u0435\u0439, \u0441 \u043d\u0430\u0434\u0435\u0436\u043d\u043e\u0439 \u043c\u043e\u043b\u043d\u0438\u0435\u0439 \u0438 \u043c\u044f\u0433\u043a\u0438\u043c \u043c\u0430\u0442\u0435\u0440\u0438\u0430\u043b\u043e\u043c.\" \/>\n<meta property=\"og:url\" content=\"https:\/\/xstyle.md\/ro\/produs\/pojasnaja-sumka-lowe-alpine-belt-pack\/\" \/>\n<meta property=\"og:site_name\" content=\"\u041c\u0430\u0433\u0430\u0437\u0438\u043d Xstyle\" \/>\n<meta property=\"article:publisher\" content=\"https:\/\/www.facebook.com\/xstylemd\" \/>\n<meta property=\"article:modified_time\" content=\"2025-12-10T12:52:35+00:00\" \/>\n<meta property=\"og:image\" content=\"https:\/\/xstyle.md\/wp-content\/uploads\/2021\/04\/1__2_10.jpg\" \/>\n\t<meta property=\"og:image:width\" content=\"225\" \/>\n\t<meta property=\"og:image:height\" content=\"225\" \/>\n\t<meta property=\"og:image:type\" content=\"image\/jpeg\" \/>\n<meta name=\"twitter:card\" content=\"summary_large_image\" \/>\n<meta name=\"twitter:label1\" content=\"Pre\u021b\" \/>\n\t<meta name=\"twitter:data1\" content=\"420&nbsp;MDL\" \/>\n\t<meta name=\"twitter:label2\" content=\"Disponibilitate\" \/>\n\t<meta name=\"twitter:data2\" content=\"\u00cen stoc\" \/>\n<script type=\"application\/ld+json\" class=\"yoast-schema-graph\">{\"@context\":\"https:\/\/schema.org\",\"@graph\":[{\"@type\":\"WebPage\",\"@id\":\"https:\/\/xstyle.md\/product\/pojasnaja-sumka-lowe-alpine-belt-pack\/\",\"url\":\"https:\/\/xstyle.md\/product\/pojasnaja-sumka-lowe-alpine-belt-pack\/\",\"name\":\"\u041f\u043e\u044f\u0441\u043d\u0430\u044f \u0441\u0443\u043c\u043a\u0430 Lowe Alpine Belt Pack - \u041c\u0430\u0433\u0430\u0437\u0438\u043d Xstyle\",\"isPartOf\":{\"@id\":\"https:\/\/xstyle.md\/#website\"},\"primaryImageOfPage\":{\"@id\":\"https:\/\/xstyle.md\/product\/pojasnaja-sumka-lowe-alpine-belt-pack\/#primaryimage\"},\"image\":{\"@id\":\"https:\/\/xstyle.md\/product\/pojasnaja-sumka-lowe-alpine-belt-pack\/#primaryimage\"},\"thumbnailUrl\":\"https:\/\/xstyle.md\/wp-content\/uploads\/2021\/04\/1__2_10.jpg\",\"datePublished\":\"2021-01-11T13:20:02+00:00\",\"dateModified\":\"2025-12-10T12:52:35+00:00\",\"description\":\"\u041f\u043e\u044f\u0441\u043d\u0430\u044f \u0441\u0443\u043c\u043a\u0430 Lowe Alpine Belt Pack \u2013 \u043b\u0435\u0433\u043a\u0430\u044f, \u0432\u043c\u0435\u0441\u0442\u0438\u0442\u0435\u043b\u044c\u043d\u0430\u044f \u0438 \u0443\u0434\u043e\u0431\u043d\u0430\u044f. \u0418\u0434\u0435\u0430\u043b\u044c\u043d\u0430 \u0434\u043b\u044f \u0437\u0430\u0449\u0438\u0442\u044b \u0446\u0435\u043d\u043d\u043e\u0441\u0442\u0435\u0439, \u0441 \u043d\u0430\u0434\u0435\u0436\u043d\u043e\u0439 \u043c\u043e\u043b\u043d\u0438\u0435\u0439 \u0438 \u043c\u044f\u0433\u043a\u0438\u043c \u043c\u0430\u0442\u0435\u0440\u0438\u0430\u043b\u043e\u043c.\",\"breadcrumb\":{\"@id\":\"https:\/\/xstyle.md\/product\/pojasnaja-sumka-lowe-alpine-belt-pack\/#breadcrumb\"},\"inLanguage\":\"ro-RO\",\"potentialAction\":[{\"@type\":\"ReadAction\",\"target\":[\"https:\/\/xstyle.md\/product\/pojasnaja-sumka-lowe-alpine-belt-pack\/\"]}]},{\"@type\":\"ImageObject\",\"inLanguage\":\"ro-RO\",\"@id\":\"https:\/\/xstyle.md\/product\/pojasnaja-sumka-lowe-alpine-belt-pack\/#primaryimage\",\"url\":\"https:\/\/xstyle.md\/wp-content\/uploads\/2021\/04\/1__2_10.jpg\",\"contentUrl\":\"https:\/\/xstyle.md\/wp-content\/uploads\/2021\/04\/1__2_10.jpg\",\"width\":225,\"height\":225},{\"@type\":\"BreadcrumbList\",\"@id\":\"https:\/\/xstyle.md\/product\/pojasnaja-sumka-lowe-alpine-belt-pack\/#breadcrumb\",\"itemListElement\":[{\"@type\":\"ListItem\",\"position\":1,\"name\":\"\u0413\u043b\u0430\u0432\u043d\u0430\u044f \u0441\u0442\u0440\u0430\u043d\u0438\u0446\u0430\",\"item\":\"https:\/\/xstyle.md\/\"},{\"@type\":\"ListItem\",\"position\":2,\"name\":\"\u041c\u0430\u0433\u0430\u0437\u0438\u043d\",\"item\":\"https:\/\/xstyle.md\/shop\/\"},{\"@type\":\"ListItem\",\"position\":3,\"name\":\"\u041f\u043e\u044f\u0441\u043d\u0430\u044f \u0441\u0443\u043c\u043a\u0430 Lowe Alpine Belt Pack\"}]},{\"@type\":\"WebSite\",\"@id\":\"https:\/\/xstyle.md\/#website\",\"url\":\"https:\/\/xstyle.md\/\",\"name\":\"\u041c\u0430\u0433\u0430\u0437\u0438\u043d Xstyle\",\"description\":\"C\u043d\u0430\u0440\u044f\u0436\u0435\u043d\u0438\u0435 \u0434\u043b\u044f \u0442\u0443\u0440\u0438\u0437\u043c\u0430 \u0438 \u044d\u043a\u0441\u0442\u0440\u0435\u043c\u0430\u043b\u044c\u043d\u044b\u0445 \u0432\u0438\u0434\u043e\u0432 \u0441\u043f\u043e\u0440\u0442\u0430 \u0432 \u041c\u043e\u043b\u0434\u043e\u0432\u0435.. \u0426\u0435\u043d\u044b, \u0444\u043e\u0442\u043e, \u0445\u0430\u0440\u0430\u043a\u0442\u0435\u0440\u0438\u0441\u0442\u0438\u043a\u0438 \u0432 \u041c\u043e\u043b\u0434\u043e\u0432\u0435.\",\"publisher\":{\"@id\":\"https:\/\/xstyle.md\/#organization\"},\"alternateName\":\"X-Style\",\"potentialAction\":[{\"@type\":\"SearchAction\",\"target\":{\"@type\":\"EntryPoint\",\"urlTemplate\":\"https:\/\/xstyle.md\/?s={search_term_string}\"},\"query-input\":{\"@type\":\"PropertyValueSpecification\",\"valueRequired\":true,\"valueName\":\"search_term_string\"}}],\"inLanguage\":\"ro-RO\"},{\"@type\":\"Organization\",\"@id\":\"https:\/\/xstyle.md\/#organization\",\"name\":\"\u041c\u0430\u0433\u0430\u0437\u0438\u043d Xstyle\",\"alternateName\":\"x-style\",\"url\":\"https:\/\/xstyle.md\/\",\"logo\":{\"@type\":\"ImageObject\",\"inLanguage\":\"ro-RO\",\"@id\":\"https:\/\/xstyle.md\/#\/schema\/logo\/image\/\",\"url\":\"https:\/\/xstyle.md\/wp-content\/uploads\/2020\/06\/logoicon.svg\",\"contentUrl\":\"https:\/\/xstyle.md\/wp-content\/uploads\/2020\/06\/logoicon.svg\",\"caption\":\"\u041c\u0430\u0433\u0430\u0437\u0438\u043d Xstyle\"},\"image\":{\"@id\":\"https:\/\/xstyle.md\/#\/schema\/logo\/image\/\"},\"sameAs\":[\"https:\/\/www.facebook.com\/xstylemd\",\"https:\/\/www.instagram.com\/xstyle_md\/\",\"https:\/\/t.me\/xstyle_outdoor\"],\"hasMerchantReturnPolicy\":{\"@type\":\"MerchantReturnPolicy\",\"merchantReturnLink\":\"https:\/\/xstyle.md\/ro\/conditions\/\"}}]}<\/script>\n<meta property=\"product:price:amount\" content=\"420.00\" \/>\n<meta property=\"product:price:currency\" content=\"MDL\" \/>\n<meta property=\"og:availability\" content=\"instock\" \/>\n<meta property=\"product:availability\" content=\"instock\" \/>\n<meta property=\"product:retailer_item_id\" content=\"821468714038\" \/>\n<meta property=\"product:condition\" content=\"new\" \/>\n<!-- \/ Yoast SEO plugin. -->","yoast_head_json":{"title":"Borseta Lowe Alpine Belt Pack - Magazin Xstyle","description":"Rucsacul de talie Lowe Alpine Belt Pack \u2013 u\u0219or, \u00eenc\u0103p\u0103tor \u0219i confortabil. Este ideal pentru protejarea valorilor, cu un fermoar sigur \u0219i un material moale.","robots":{"index":"index","follow":"follow","max-snippet":"max-snippet:-1","max-image-preview":"max-image-preview:large","max-video-preview":"max-video-preview:-1"},"canonical":"https:\/\/xstyle.md\/ro\/produs\/pojasnaja-sumka-lowe-alpine-belt-pack\/","og_locale":"ro_RO","og_type":"article","og_title":"\u041f\u043e\u044f\u0441\u043d\u0430\u044f \u0441\u0443\u043c\u043a\u0430 Lowe Alpine Belt Pack - \u041c\u0430\u0433\u0430\u0437\u0438\u043d Xstyle","og_description":"\u041f\u043e\u044f\u0441\u043d\u0430\u044f \u0441\u0443\u043c\u043a\u0430 Lowe Alpine Belt Pack \u2013 \u043b\u0435\u0433\u043a\u0430\u044f, \u0432\u043c\u0435\u0441\u0442\u0438\u0442\u0435\u043b\u044c\u043d\u0430\u044f \u0438 \u0443\u0434\u043e\u0431\u043d\u0430\u044f. \u0418\u0434\u0435\u0430\u043b\u044c\u043d\u0430 \u0434\u043b\u044f \u0437\u0430\u0449\u0438\u0442\u044b \u0446\u0435\u043d\u043d\u043e\u0441\u0442\u0435\u0439, \u0441 \u043d\u0430\u0434\u0435\u0436\u043d\u043e\u0439 \u043c\u043e\u043b\u043d\u0438\u0435\u0439 \u0438 \u043c\u044f\u0433\u043a\u0438\u043c \u043c\u0430\u0442\u0435\u0440\u0438\u0430\u043b\u043e\u043c.","og_url":"https:\/\/xstyle.md\/ro\/produs\/pojasnaja-sumka-lowe-alpine-belt-pack\/","og_site_name":"\u041c\u0430\u0433\u0430\u0437\u0438\u043d Xstyle","article_publisher":"https:\/\/www.facebook.com\/xstylemd","article_modified_time":"2025-12-10T12:52:35+00:00","og_image":[{"width":225,"height":225,"url":"https:\/\/xstyle.md\/wp-content\/uploads\/2021\/04\/1__2_10.jpg","type":"image\/jpeg"}],"twitter_card":"summary_large_image","twitter_misc":{"Pre\u021b":"420&nbsp;MDL","Disponibilitate":"\u00cen stoc"},"schema":{"@context":"https:\/\/schema.org","@graph":[{"@type":"WebPage","@id":"https:\/\/xstyle.md\/product\/pojasnaja-sumka-lowe-alpine-belt-pack\/","url":"https:\/\/xstyle.md\/product\/pojasnaja-sumka-lowe-alpine-belt-pack\/","name":"Borseta Lowe Alpine Belt Pack - Magazin Xstyle","isPartOf":{"@id":"https:\/\/xstyle.md\/#website"},"primaryImageOfPage":{"@id":"https:\/\/xstyle.md\/product\/pojasnaja-sumka-lowe-alpine-belt-pack\/#primaryimage"},"image":{"@id":"https:\/\/xstyle.md\/product\/pojasnaja-sumka-lowe-alpine-belt-pack\/#primaryimage"},"thumbnailUrl":"https:\/\/xstyle.md\/wp-content\/uploads\/2021\/04\/1__2_10.jpg","datePublished":"2021-01-11T13:20:02+00:00","dateModified":"2025-12-10T12:52:35+00:00","description":"Rucsacul de talie Lowe Alpine Belt Pack \u2013 u\u0219or, \u00eenc\u0103p\u0103tor \u0219i confortabil. Este ideal pentru protejarea valorilor, cu un fermoar sigur \u0219i un material moale.","breadcrumb":{"@id":"https:\/\/xstyle.md\/product\/pojasnaja-sumka-lowe-alpine-belt-pack\/#breadcrumb"},"inLanguage":"ro-RO","potentialAction":[{"@type":"ReadAction","target":["https:\/\/xstyle.md\/product\/pojasnaja-sumka-lowe-alpine-belt-pack\/"]}]},{"@type":"ImageObject","inLanguage":"ro-RO","@id":"https:\/\/xstyle.md\/product\/pojasnaja-sumka-lowe-alpine-belt-pack\/#primaryimage","url":"https:\/\/xstyle.md\/wp-content\/uploads\/2021\/04\/1__2_10.jpg","contentUrl":"https:\/\/xstyle.md\/wp-content\/uploads\/2021\/04\/1__2_10.jpg","width":225,"height":225},{"@type":"BreadcrumbList","@id":"https:\/\/xstyle.md\/product\/pojasnaja-sumka-lowe-alpine-belt-pack\/#breadcrumb","itemListElement":[{"@type":"ListItem","position":1,"name":"\u0413\u043b\u0430\u0432\u043d\u0430\u044f \u0441\u0442\u0440\u0430\u043d\u0438\u0446\u0430","item":"https:\/\/xstyle.md\/"},{"@type":"ListItem","position":2,"name":"\u041c\u0430\u0433\u0430\u0437\u0438\u043d","item":"https:\/\/xstyle.md\/shop\/"},{"@type":"ListItem","position":3,"name":"\u041f\u043e\u044f\u0441\u043d\u0430\u044f \u0441\u0443\u043c\u043a\u0430 Lowe Alpine Belt Pack"}]},{"@type":"WebSite","@id":"https:\/\/xstyle.md\/#website","url":"https:\/\/xstyle.md\/","name":"Magazinul X-Style","description":"Echipamente pentru turism \u0219i sporturi extreme \u00een Moldova. Pre\u021buri, fotografii, caracteristici \u00een Moldova.","publisher":{"@id":"https:\/\/xstyle.md\/#organization"},"alternateName":"X-Style","potentialAction":[{"@type":"SearchAction","target":{"@type":"EntryPoint","urlTemplate":"https:\/\/xstyle.md\/?s={search_term_string}"},"query-input":{"@type":"PropertyValueSpecification","valueRequired":true,"valueName":"search_term_string"}}],"inLanguage":"ro-RO"},{"@type":"Organization","@id":"https:\/\/xstyle.md\/#organization","name":"Magazinul X-Style","alternateName":"x-style","url":"https:\/\/xstyle.md\/","logo":{"@type":"ImageObject","inLanguage":"ro-RO","@id":"https:\/\/xstyle.md\/#\/schema\/logo\/image\/","url":"https:\/\/xstyle.md\/wp-content\/uploads\/2020\/06\/logoicon.svg","contentUrl":"https:\/\/xstyle.md\/wp-content\/uploads\/2020\/06\/logoicon.svg","caption":"\u041c\u0430\u0433\u0430\u0437\u0438\u043d Xstyle"},"image":{"@id":"https:\/\/xstyle.md\/#\/schema\/logo\/image\/"},"sameAs":["https:\/\/www.facebook.com\/xstylemd","https:\/\/www.instagram.com\/xstyle_md\/","https:\/\/t.me\/xstyle_outdoor"],"hasMerchantReturnPolicy":{"@type":"MerchantReturnPolicy","merchantReturnLink":"https:\/\/xstyle.md\/ro\/conditions\/"}}]},"product_price_amount":"420.00","product_price_currency":"MDL","og_availability":"instock","product_availability":"instock","product_retailer_item_id":"821468714038","product_condition":"new"},"post_mailing_queue_ids":[],"_links":{"self":[{"href":"https:\/\/xstyle.md\/ro\/wp-json\/wp\/v2\/product\/26870","targetHints":{"allow":["GET"]}}],"collection":[{"href":"https:\/\/xstyle.md\/ro\/wp-json\/wp\/v2\/product"}],"about":[{"href":"https:\/\/xstyle.md\/ro\/wp-json\/wp\/v2\/types\/product"}],"replies":[{"embeddable":true,"href":"https:\/\/xstyle.md\/ro\/wp-json\/wp\/v2\/comments?post=26870"}],"wp:featuredmedia":[{"embeddable":true,"href":"https:\/\/xstyle.md\/ro\/wp-json\/wp\/v2\/media\/28191"}],"wp:attachment":[{"href":"https:\/\/xstyle.md\/ro\/wp-json\/wp\/v2\/media?parent=26870"}],"wp:term":[{"taxonomy":"product_brand","embeddable":true,"href":"https:\/\/xstyle.md\/ro\/wp-json\/wp\/v2\/product_brand?post=26870"},{"taxonomy":"product_cat","embeddable":true,"href":"https:\/\/xstyle.md\/ro\/wp-json\/wp\/v2\/product_cat?post=26870"},{"taxonomy":"product_tag","embeddable":true,"href":"https:\/\/xstyle.md\/ro\/wp-json\/wp\/v2\/product_tag?post=26870"}],"curies":[{"name":"wp","href":"https:\/\/api.w.org\/{rel}","templated":true}]}}