{"id":26869,"date":"2021-01-11T16:20:01","date_gmt":"2021-01-11T13:20:01","guid":{"rendered":"https:\/\/xstyle.md\/product\/nabor-stolovyh-priborov-easy-camp-raskladnoj\/"},"modified":"2026-04-15T12:38:17","modified_gmt":"2026-04-15T09:38:17","slug":"nabor-stolovyh-priborov-easy-camp-raskladnoj","status":"publish","type":"product","link":"https:\/\/xstyle.md\/ro\/produs\/nabor-stolovyh-priborov-easy-camp-raskladnoj\/","title":{"rendered":"Set tac\u00e2muri Easy Camp pliabil"},"content":{"rendered":"<\/p>\n<p><strong>Set tac\u00e2muri Easy Camp pliabil\u00a0<\/strong>va face ca drume\u021bia dvs. s\u0103 fie confortabil\u0103 \u0219i convenabil\u0103, iar dvs. nu va trebui s\u0103 v\u0103 \u00eenc\u0103rca\u021bi rucsacul cu dispozitive suplimentare pentru a m\u00e2nca.<\/p>\n<p>Acest set este un model multifunc\u021bional cu toate aparatele necesare. Cu\u021bitul, furculi\u021ba \u0219i lingura pot fi folosite ca tac\u00e2muri, dar \u0219i ca instrumente auxiliare \u00een condi\u021bii de camping. Elementele sunt bine fixate \u00een carcasa din plastic, iar greutatea setului este minim\u0103.<\/p>\n<h3>Setul include<\/h3>\n<ul>\n<li>Cu\u021bit<\/li>\n<li>Furculi\u021b\u0103<\/li>\n<li>Lingur\u0103<\/li>\n<li>Deschiz\u0103tor de conserve.<\/li>\n<\/ul>\n<h3>Caracteristici<\/h3>\n<ul>\n<li>Material &#8212; o\u021bel inoxidabil, plastic.<\/li>\n<\/ul>\n<h3>Marca<\/h3>\n<p>Easy Camp este unul dintre cei mai renumi\u021bi produc\u0103tori danezi de produse pentru c\u0103l\u0103torii, sport \u0219i activit\u0103\u021bi \u00een aer liber. Easy Camp se pozi\u021bioneaz\u0103 ca o marc\u0103 de produse pentru camping, drume\u021bii \u0219i c\u0103l\u0103torii. Printre produsele populare care s-au dovedit pe pia\u021ba european\u0103 \u0219i mondial\u0103 se num\u0103r\u0103: rucsacuri, corturi, mobilier de camping, accesorii de camping, saci de dormit, saltele pneumatice \u0219i multe altele. Experien\u021ba vast\u0103 a stabilit acest brand ca fiind unul dintre cele mai respectate \u0219i de \u00eencredere. De peste 28 de ani, compania produce produse pentru activit\u0103\u021bi \u00een aer liber.<\/p>\n<p>Crezul Easy Camp este designul modern \u0219i inova\u021bia pentru a \u00eembun\u0103t\u0103\u021bi calitatea vacan\u021bei dumneavoastr\u0103. Cele mai avansate tehnologii permit ob\u021binerea unor rezultate f\u0103r\u0103 precedent. Materialele cele mai moderne \u0219i designul \u00eembun\u0103t\u0103\u021bit permit camperilor \u0219i c\u0103l\u0103torilor s\u0103 se simt\u0103 u\u0219or \u0219i confortabil \u00een orice situa\u021bie. Easy Camp &#8212; asociat cu corturi confortabile \u0219i u\u0219oare, saci de dormit calzi \u0219i totu\u0219i cu volum foarte redus, o gam\u0103 larg\u0103 de alte produse.<\/p>\n<p><\/p>","protected":false},"excerpt":{"rendered":"<p>Set tac\u00e2muri Easy Camp pliabil<\/p>","protected":false},"featured_media":28189,"comment_status":"open","ping_status":"closed","template":"","meta":{"_acf_changed":false,"inline_featured_image":false},"product_brand":[1334],"product_cat":[152],"product_tag":[],"class_list":{"0":"post-26869","1":"product","2":"type-product","3":"status-publish","4":"has-post-thumbnail","6":"product_brand-easy-camp","7":"product_cat-spoons-and-forks","9":"first","10":"instock","11":"shipping-taxable","12":"purchasable","13":"product-type-simple"},"acf":[],"yoast_head":"<!-- This site is optimized with the Yoast SEO plugin v27.4 - https:\/\/yoast.com\/product\/yoast-seo-wordpress\/ -->\n<title>\u041d\u0430\u0431\u043e\u0440 \u0441\u0442\u043e\u043b\u043e\u0432\u044b\u0445 \u043f\u0440\u0438\u0431\u043e\u0440\u043e\u0432 Easy Camp \u0440\u0430\u0441\u043a\u043b\u0430\u0434\u043d\u043e\u0439 - \u041c\u0430\u0433\u0430\u0437\u0438\u043d Xstyle<\/title>\n<meta name=\"description\" content=\"\u041d\u0430\u0431\u043e\u0440 \u0441\u0442\u043e\u043b\u043e\u0432\u044b\u0445 \u043f\u0440\u0438\u0431\u043e\u0440\u043e\u0432 Easy Camp \u0440\u0430\u0441\u043a\u043b\u0430\u0434\u043d\u043e\u0439 \u2013 \u0438\u0434\u0435\u0430\u043b\u044c\u043d\u044b\u0439 \u0441\u043f\u0443\u0442\u043d\u0438\u043a \u0434\u043b\u044f \u0432\u0430\u0448\u0435\u0433\u043e \u043a\u0435\u043c\u043f\u0438\u043d\u0433\u0430. \u041a\u043e\u043c\u043f\u0430\u043a\u0442\u043d\u044b\u0439, \u043c\u043d\u043e\u0433\u043e\u0444\u0443\u043d\u043a\u0446\u0438\u043e\u043d\u0430\u043b\u044c\u043d\u044b\u0439 \u0438 \u0443\u0434\u043e\u0431\u043d\u044b\u0439. \u0417\u0430\u0431\u0443\u0434\u044c\u0442\u0435 \u043e \u043b\u0438\u0448\u043d\u0435\u043c \u0433\u0440\u043e\u043c\u043e\u0437\u0434\u043a\u043e\u043c \u0438\u043d\u0432\u0435\u043d\u0442\u0430\u0440\u0435!\" \/>\n<meta name=\"robots\" content=\"index, follow, max-snippet:-1, max-image-preview:large, max-video-preview:-1\" \/>\n<link rel=\"canonical\" href=\"https:\/\/xstyle.md\/ro\/produs\/nabor-stolovyh-priborov-easy-camp-raskladnoj\/\" \/>\n<meta property=\"og:locale\" content=\"ro_RO\" \/>\n<meta property=\"og:type\" content=\"article\" \/>\n<meta property=\"og:title\" content=\"\u041d\u0430\u0431\u043e\u0440 \u0441\u0442\u043e\u043b\u043e\u0432\u044b\u0445 \u043f\u0440\u0438\u0431\u043e\u0440\u043e\u0432 Easy Camp \u0440\u0430\u0441\u043a\u043b\u0430\u0434\u043d\u043e\u0439 - \u041c\u0430\u0433\u0430\u0437\u0438\u043d Xstyle\" \/>\n<meta property=\"og:description\" content=\"\u041d\u0430\u0431\u043e\u0440 \u0441\u0442\u043e\u043b\u043e\u0432\u044b\u0445 \u043f\u0440\u0438\u0431\u043e\u0440\u043e\u0432 Easy Camp \u0440\u0430\u0441\u043a\u043b\u0430\u0434\u043d\u043e\u0439 \u2013 \u0438\u0434\u0435\u0430\u043b\u044c\u043d\u044b\u0439 \u0441\u043f\u0443\u0442\u043d\u0438\u043a \u0434\u043b\u044f \u0432\u0430\u0448\u0435\u0433\u043e \u043a\u0435\u043c\u043f\u0438\u043d\u0433\u0430. \u041a\u043e\u043c\u043f\u0430\u043a\u0442\u043d\u044b\u0439, \u043c\u043d\u043e\u0433\u043e\u0444\u0443\u043d\u043a\u0446\u0438\u043e\u043d\u0430\u043b\u044c\u043d\u044b\u0439 \u0438 \u0443\u0434\u043e\u0431\u043d\u044b\u0439. \u0417\u0430\u0431\u0443\u0434\u044c\u0442\u0435 \u043e \u043b\u0438\u0448\u043d\u0435\u043c \u0433\u0440\u043e\u043c\u043e\u0437\u0434\u043a\u043e\u043c \u0438\u043d\u0432\u0435\u043d\u0442\u0430\u0440\u0435!\" \/>\n<meta property=\"og:url\" content=\"https:\/\/xstyle.md\/ro\/produs\/nabor-stolovyh-priborov-easy-camp-raskladnoj\/\" \/>\n<meta property=\"og:site_name\" content=\"\u041c\u0430\u0433\u0430\u0437\u0438\u043d Xstyle\" \/>\n<meta property=\"article:publisher\" content=\"https:\/\/www.facebook.com\/xstylemd\" \/>\n<meta property=\"article:modified_time\" content=\"2026-04-15T09:38:17+00:00\" \/>\n<meta property=\"og:image\" content=\"https:\/\/xstyle.md\/wp-content\/uploads\/2021\/04\/t_1159_02.jpg\" \/>\n\t<meta property=\"og:image:width\" content=\"900\" \/>\n\t<meta property=\"og:image:height\" content=\"878\" \/>\n\t<meta property=\"og:image:type\" content=\"image\/jpeg\" \/>\n<meta name=\"twitter:card\" content=\"summary_large_image\" \/>\n<meta name=\"twitter:label1\" content=\"Pre\u021b\" \/>\n\t<meta name=\"twitter:data1\" content=\"175&nbsp;MDL\" \/>\n\t<meta name=\"twitter:label2\" content=\"Disponibilitate\" \/>\n\t<meta name=\"twitter:data2\" content=\"\u00cen stoc\" \/>\n<script type=\"application\/ld+json\" class=\"yoast-schema-graph\">{\"@context\":\"https:\\\/\\\/schema.org\",\"@graph\":[{\"@type\":\"WebPage\",\"@id\":\"https:\\\/\\\/xstyle.md\\\/product\\\/nabor-stolovyh-priborov-easy-camp-raskladnoj\\\/\",\"url\":\"https:\\\/\\\/xstyle.md\\\/product\\\/nabor-stolovyh-priborov-easy-camp-raskladnoj\\\/\",\"name\":\"\u041d\u0430\u0431\u043e\u0440 \u0441\u0442\u043e\u043b\u043e\u0432\u044b\u0445 \u043f\u0440\u0438\u0431\u043e\u0440\u043e\u0432 Easy Camp \u0440\u0430\u0441\u043a\u043b\u0430\u0434\u043d\u043e\u0439 - \u041c\u0430\u0433\u0430\u0437\u0438\u043d Xstyle\",\"isPartOf\":{\"@id\":\"https:\\\/\\\/xstyle.md\\\/#website\"},\"primaryImageOfPage\":{\"@id\":\"https:\\\/\\\/xstyle.md\\\/product\\\/nabor-stolovyh-priborov-easy-camp-raskladnoj\\\/#primaryimage\"},\"image\":{\"@id\":\"https:\\\/\\\/xstyle.md\\\/product\\\/nabor-stolovyh-priborov-easy-camp-raskladnoj\\\/#primaryimage\"},\"thumbnailUrl\":\"https:\\\/\\\/xstyle.md\\\/wp-content\\\/uploads\\\/2021\\\/04\\\/t_1159_02.jpg\",\"datePublished\":\"2021-01-11T13:20:01+00:00\",\"dateModified\":\"2026-04-15T09:38:17+00:00\",\"description\":\"\u041d\u0430\u0431\u043e\u0440 \u0441\u0442\u043e\u043b\u043e\u0432\u044b\u0445 \u043f\u0440\u0438\u0431\u043e\u0440\u043e\u0432 Easy Camp \u0440\u0430\u0441\u043a\u043b\u0430\u0434\u043d\u043e\u0439 \u2013 \u0438\u0434\u0435\u0430\u043b\u044c\u043d\u044b\u0439 \u0441\u043f\u0443\u0442\u043d\u0438\u043a \u0434\u043b\u044f \u0432\u0430\u0448\u0435\u0433\u043e \u043a\u0435\u043c\u043f\u0438\u043d\u0433\u0430. \u041a\u043e\u043c\u043f\u0430\u043a\u0442\u043d\u044b\u0439, \u043c\u043d\u043e\u0433\u043e\u0444\u0443\u043d\u043a\u0446\u0438\u043e\u043d\u0430\u043b\u044c\u043d\u044b\u0439 \u0438 \u0443\u0434\u043e\u0431\u043d\u044b\u0439. \u0417\u0430\u0431\u0443\u0434\u044c\u0442\u0435 \u043e \u043b\u0438\u0448\u043d\u0435\u043c \u0433\u0440\u043e\u043c\u043e\u0437\u0434\u043a\u043e\u043c \u0438\u043d\u0432\u0435\u043d\u0442\u0430\u0440\u0435!\",\"breadcrumb\":{\"@id\":\"https:\\\/\\\/xstyle.md\\\/product\\\/nabor-stolovyh-priborov-easy-camp-raskladnoj\\\/#breadcrumb\"},\"inLanguage\":\"ro-RO\",\"potentialAction\":[{\"@type\":\"ReadAction\",\"target\":[\"https:\\\/\\\/xstyle.md\\\/product\\\/nabor-stolovyh-priborov-easy-camp-raskladnoj\\\/\"]}]},{\"@type\":\"ImageObject\",\"inLanguage\":\"ro-RO\",\"@id\":\"https:\\\/\\\/xstyle.md\\\/product\\\/nabor-stolovyh-priborov-easy-camp-raskladnoj\\\/#primaryimage\",\"url\":\"https:\\\/\\\/xstyle.md\\\/wp-content\\\/uploads\\\/2021\\\/04\\\/t_1159_02.jpg\",\"contentUrl\":\"https:\\\/\\\/xstyle.md\\\/wp-content\\\/uploads\\\/2021\\\/04\\\/t_1159_02.jpg\",\"width\":900,\"height\":878},{\"@type\":\"BreadcrumbList\",\"@id\":\"https:\\\/\\\/xstyle.md\\\/product\\\/nabor-stolovyh-priborov-easy-camp-raskladnoj\\\/#breadcrumb\",\"itemListElement\":[{\"@type\":\"ListItem\",\"position\":1,\"name\":\"\u0413\u043b\u0430\u0432\u043d\u0430\u044f \u0441\u0442\u0440\u0430\u043d\u0438\u0446\u0430\",\"item\":\"https:\\\/\\\/xstyle.md\\\/\"},{\"@type\":\"ListItem\",\"position\":2,\"name\":\"\u041c\u0430\u0433\u0430\u0437\u0438\u043d\",\"item\":\"https:\\\/\\\/xstyle.md\\\/shop\\\/\"},{\"@type\":\"ListItem\",\"position\":3,\"name\":\"\u041d\u0430\u0431\u043e\u0440 \u0441\u0442\u043e\u043b\u043e\u0432\u044b\u0445 \u043f\u0440\u0438\u0431\u043e\u0440\u043e\u0432 Easy Camp \u0440\u0430\u0441\u043a\u043b\u0430\u0434\u043d\u043e\u0439\"}]},{\"@type\":\"WebSite\",\"@id\":\"https:\\\/\\\/xstyle.md\\\/#website\",\"url\":\"https:\\\/\\\/xstyle.md\\\/\",\"name\":\"\u041c\u0430\u0433\u0430\u0437\u0438\u043d Xstyle\",\"description\":\"C\u043d\u0430\u0440\u044f\u0436\u0435\u043d\u0438\u0435 \u0434\u043b\u044f \u0442\u0443\u0440\u0438\u0437\u043c\u0430 \u0438 \u044d\u043a\u0441\u0442\u0440\u0435\u043c\u0430\u043b\u044c\u043d\u044b\u0445 \u0432\u0438\u0434\u043e\u0432 \u0441\u043f\u043e\u0440\u0442\u0430 \u0432 \u041c\u043e\u043b\u0434\u043e\u0432\u0435.. \u0426\u0435\u043d\u044b, \u0444\u043e\u0442\u043e, \u0445\u0430\u0440\u0430\u043a\u0442\u0435\u0440\u0438\u0441\u0442\u0438\u043a\u0438 \u0432 \u041c\u043e\u043b\u0434\u043e\u0432\u0435.\",\"publisher\":{\"@id\":\"https:\\\/\\\/xstyle.md\\\/#organization\"},\"alternateName\":\"X-Style\",\"potentialAction\":[{\"@type\":\"SearchAction\",\"target\":{\"@type\":\"EntryPoint\",\"urlTemplate\":\"https:\\\/\\\/xstyle.md\\\/?s={search_term_string}\"},\"query-input\":{\"@type\":\"PropertyValueSpecification\",\"valueRequired\":true,\"valueName\":\"search_term_string\"}}],\"inLanguage\":\"ro-RO\"},{\"@type\":\"Organization\",\"@id\":\"https:\\\/\\\/xstyle.md\\\/#organization\",\"name\":\"\u041c\u0430\u0433\u0430\u0437\u0438\u043d Xstyle\",\"alternateName\":\"x-style\",\"url\":\"https:\\\/\\\/xstyle.md\\\/\",\"logo\":{\"@type\":\"ImageObject\",\"inLanguage\":\"ro-RO\",\"@id\":\"https:\\\/\\\/xstyle.md\\\/#\\\/schema\\\/logo\\\/image\\\/\",\"url\":\"https:\\\/\\\/xstyle.md\\\/wp-content\\\/uploads\\\/2020\\\/06\\\/logoicon.svg\",\"contentUrl\":\"https:\\\/\\\/xstyle.md\\\/wp-content\\\/uploads\\\/2020\\\/06\\\/logoicon.svg\",\"caption\":\"\u041c\u0430\u0433\u0430\u0437\u0438\u043d Xstyle\"},\"image\":{\"@id\":\"https:\\\/\\\/xstyle.md\\\/#\\\/schema\\\/logo\\\/image\\\/\"},\"sameAs\":[\"https:\\\/\\\/www.facebook.com\\\/xstylemd\",\"https:\\\/\\\/www.instagram.com\\\/xstyle_md\\\/\",\"https:\\\/\\\/t.me\\\/xstyle_outdoor\"],\"hasMerchantReturnPolicy\":{\"@type\":\"MerchantReturnPolicy\",\"merchantReturnLink\":\"https:\\\/\\\/xstyle.md\\\/ro\\\/conditions\\\/\"}}]}<\/script>\n<meta property=\"product:price:amount\" content=\"175.00\" \/>\n<meta property=\"product:price:currency\" content=\"MDL\" \/>\n<meta property=\"og:availability\" content=\"instock\" \/>\n<meta property=\"product:availability\" content=\"instock\" \/>\n<meta property=\"product:retailer_item_id\" content=\"5709388022189\" \/>\n<meta property=\"product:condition\" content=\"new\" \/>\n<!-- \/ Yoast SEO plugin. -->","yoast_head_json":{"title":"Set tac\u00e2muri Easy Camp pliabil - Magazin Xstyle","description":"Setul de tac\u00e2muri Easy Camp pliabil \u2013 companionul ideal pentru campingul dumneavoastr\u0103. Compact, multifunc\u021bional \u0219i convenabil. Uita\u021bi de echipamentele voluminoase \u0219i inutile!","robots":{"index":"index","follow":"follow","max-snippet":"max-snippet:-1","max-image-preview":"max-image-preview:large","max-video-preview":"max-video-preview:-1"},"canonical":"https:\/\/xstyle.md\/ro\/produs\/nabor-stolovyh-priborov-easy-camp-raskladnoj\/","og_locale":"ro_RO","og_type":"article","og_title":"\u041d\u0430\u0431\u043e\u0440 \u0441\u0442\u043e\u043b\u043e\u0432\u044b\u0445 \u043f\u0440\u0438\u0431\u043e\u0440\u043e\u0432 Easy Camp \u0440\u0430\u0441\u043a\u043b\u0430\u0434\u043d\u043e\u0439 - \u041c\u0430\u0433\u0430\u0437\u0438\u043d Xstyle","og_description":"\u041d\u0430\u0431\u043e\u0440 \u0441\u0442\u043e\u043b\u043e\u0432\u044b\u0445 \u043f\u0440\u0438\u0431\u043e\u0440\u043e\u0432 Easy Camp \u0440\u0430\u0441\u043a\u043b\u0430\u0434\u043d\u043e\u0439 \u2013 \u0438\u0434\u0435\u0430\u043b\u044c\u043d\u044b\u0439 \u0441\u043f\u0443\u0442\u043d\u0438\u043a \u0434\u043b\u044f \u0432\u0430\u0448\u0435\u0433\u043e \u043a\u0435\u043c\u043f\u0438\u043d\u0433\u0430. \u041a\u043e\u043c\u043f\u0430\u043a\u0442\u043d\u044b\u0439, \u043c\u043d\u043e\u0433\u043e\u0444\u0443\u043d\u043a\u0446\u0438\u043e\u043d\u0430\u043b\u044c\u043d\u044b\u0439 \u0438 \u0443\u0434\u043e\u0431\u043d\u044b\u0439. \u0417\u0430\u0431\u0443\u0434\u044c\u0442\u0435 \u043e \u043b\u0438\u0448\u043d\u0435\u043c \u0433\u0440\u043e\u043c\u043e\u0437\u0434\u043a\u043e\u043c \u0438\u043d\u0432\u0435\u043d\u0442\u0430\u0440\u0435!","og_url":"https:\/\/xstyle.md\/ro\/produs\/nabor-stolovyh-priborov-easy-camp-raskladnoj\/","og_site_name":"\u041c\u0430\u0433\u0430\u0437\u0438\u043d Xstyle","article_publisher":"https:\/\/www.facebook.com\/xstylemd","article_modified_time":"2026-04-15T09:38:17+00:00","og_image":[{"width":900,"height":878,"url":"https:\/\/xstyle.md\/wp-content\/uploads\/2021\/04\/t_1159_02.jpg","type":"image\/jpeg"}],"twitter_card":"summary_large_image","twitter_misc":{"Pre\u021b":"175&nbsp;MDL","Disponibilitate":"\u00cen stoc"},"schema":{"@context":"https:\/\/schema.org","@graph":[{"@type":"WebPage","@id":"https:\/\/xstyle.md\/product\/nabor-stolovyh-priborov-easy-camp-raskladnoj\/","url":"https:\/\/xstyle.md\/product\/nabor-stolovyh-priborov-easy-camp-raskladnoj\/","name":"Set tac\u00e2muri Easy Camp pliabil - Magazin Xstyle","isPartOf":{"@id":"https:\/\/xstyle.md\/#website"},"primaryImageOfPage":{"@id":"https:\/\/xstyle.md\/product\/nabor-stolovyh-priborov-easy-camp-raskladnoj\/#primaryimage"},"image":{"@id":"https:\/\/xstyle.md\/product\/nabor-stolovyh-priborov-easy-camp-raskladnoj\/#primaryimage"},"thumbnailUrl":"https:\/\/xstyle.md\/wp-content\/uploads\/2021\/04\/t_1159_02.jpg","datePublished":"2021-01-11T13:20:01+00:00","dateModified":"2026-04-15T09:38:17+00:00","description":"Setul de tac\u00e2muri Easy Camp pliabil \u2013 companionul ideal pentru campingul dumneavoastr\u0103. Compact, multifunc\u021bional \u0219i convenabil. Uita\u021bi de echipamentele voluminoase \u0219i inutile!","breadcrumb":{"@id":"https:\/\/xstyle.md\/product\/nabor-stolovyh-priborov-easy-camp-raskladnoj\/#breadcrumb"},"inLanguage":"ro-RO","potentialAction":[{"@type":"ReadAction","target":["https:\/\/xstyle.md\/product\/nabor-stolovyh-priborov-easy-camp-raskladnoj\/"]}]},{"@type":"ImageObject","inLanguage":"ro-RO","@id":"https:\/\/xstyle.md\/product\/nabor-stolovyh-priborov-easy-camp-raskladnoj\/#primaryimage","url":"https:\/\/xstyle.md\/wp-content\/uploads\/2021\/04\/t_1159_02.jpg","contentUrl":"https:\/\/xstyle.md\/wp-content\/uploads\/2021\/04\/t_1159_02.jpg","width":900,"height":878},{"@type":"BreadcrumbList","@id":"https:\/\/xstyle.md\/product\/nabor-stolovyh-priborov-easy-camp-raskladnoj\/#breadcrumb","itemListElement":[{"@type":"ListItem","position":1,"name":"\u0413\u043b\u0430\u0432\u043d\u0430\u044f \u0441\u0442\u0440\u0430\u043d\u0438\u0446\u0430","item":"https:\/\/xstyle.md\/"},{"@type":"ListItem","position":2,"name":"\u041c\u0430\u0433\u0430\u0437\u0438\u043d","item":"https:\/\/xstyle.md\/shop\/"},{"@type":"ListItem","position":3,"name":"\u041d\u0430\u0431\u043e\u0440 \u0441\u0442\u043e\u043b\u043e\u0432\u044b\u0445 \u043f\u0440\u0438\u0431\u043e\u0440\u043e\u0432 Easy Camp \u0440\u0430\u0441\u043a\u043b\u0430\u0434\u043d\u043e\u0439"}]},{"@type":"WebSite","@id":"https:\/\/xstyle.md\/#website","url":"https:\/\/xstyle.md\/","name":"Magazinul X-Style","description":"Echipamente pentru turism \u0219i sporturi extreme \u00een Moldova. Pre\u021buri, fotografii, caracteristici \u00een Moldova.","publisher":{"@id":"https:\/\/xstyle.md\/#organization"},"alternateName":"X-Style","potentialAction":[{"@type":"SearchAction","target":{"@type":"EntryPoint","urlTemplate":"https:\/\/xstyle.md\/?s={search_term_string}"},"query-input":{"@type":"PropertyValueSpecification","valueRequired":true,"valueName":"search_term_string"}}],"inLanguage":"ro-RO"},{"@type":"Organization","@id":"https:\/\/xstyle.md\/#organization","name":"Magazinul X-Style","alternateName":"x-style","url":"https:\/\/xstyle.md\/","logo":{"@type":"ImageObject","inLanguage":"ro-RO","@id":"https:\/\/xstyle.md\/#\/schema\/logo\/image\/","url":"https:\/\/xstyle.md\/wp-content\/uploads\/2020\/06\/logoicon.svg","contentUrl":"https:\/\/xstyle.md\/wp-content\/uploads\/2020\/06\/logoicon.svg","caption":"\u041c\u0430\u0433\u0430\u0437\u0438\u043d Xstyle"},"image":{"@id":"https:\/\/xstyle.md\/#\/schema\/logo\/image\/"},"sameAs":["https:\/\/www.facebook.com\/xstylemd","https:\/\/www.instagram.com\/xstyle_md\/","https:\/\/t.me\/xstyle_outdoor"],"hasMerchantReturnPolicy":{"@type":"MerchantReturnPolicy","merchantReturnLink":"https:\/\/xstyle.md\/ro\/conditions\/"}}]},"product_price_amount":"175.00","product_price_currency":"MDL","og_availability":"instock","product_availability":"instock","product_retailer_item_id":"5709388022189","product_condition":"new"},"_links":{"self":[{"href":"https:\/\/xstyle.md\/ro\/wp-json\/wp\/v2\/product\/26869","targetHints":{"allow":["GET"]}}],"collection":[{"href":"https:\/\/xstyle.md\/ro\/wp-json\/wp\/v2\/product"}],"about":[{"href":"https:\/\/xstyle.md\/ro\/wp-json\/wp\/v2\/types\/product"}],"replies":[{"embeddable":true,"href":"https:\/\/xstyle.md\/ro\/wp-json\/wp\/v2\/comments?post=26869"}],"wp:featuredmedia":[{"embeddable":true,"href":"https:\/\/xstyle.md\/ro\/wp-json\/wp\/v2\/media\/28189"}],"wp:attachment":[{"href":"https:\/\/xstyle.md\/ro\/wp-json\/wp\/v2\/media?parent=26869"}],"wp:term":[{"taxonomy":"product_brand","embeddable":true,"href":"https:\/\/xstyle.md\/ro\/wp-json\/wp\/v2\/product_brand?post=26869"},{"taxonomy":"product_cat","embeddable":true,"href":"https:\/\/xstyle.md\/ro\/wp-json\/wp\/v2\/product_cat?post=26869"},{"taxonomy":"product_tag","embeddable":true,"href":"https:\/\/xstyle.md\/ro\/wp-json\/wp\/v2\/product_tag?post=26869"}],"curies":[{"name":"wp","href":"https:\/\/api.w.org\/{rel}","templated":true}]}}