{"id":26862,"date":"2021-01-11T16:19:58","date_gmt":"2021-01-11T13:19:58","guid":{"rendered":"https:\/\/xstyle.md\/product\/kosmetichka-deuter-wash-bag-il\/"},"modified":"2024-10-21T09:07:57","modified_gmt":"2024-10-21T06:07:57","slug":"kosmetichka-deuter-wash-bag-il","status":"publish","type":"product","link":"https:\/\/xstyle.md\/ro\/produs\/kosmetichka-deuter-wash-bag-il\/","title":{"rendered":"Gentuta igiena Deuter Wash Bag Il"},"content":{"rendered":"<\/p>\n<p>Gentuta igiena <strong>Deuter Wash Bag Il<\/strong> &#8212; aceast\u0103 op\u021biune este potrivit\u0103 pentru cei care au nevoie s\u0103 ia cu ei maximum pentru a \u00eencepe fiecare zi \u00een ordine, datorit\u0103 \u00eentregului con\u021binut depozitat al acestei gen\u021bi. Datorit\u0103 c\u00e2rligului s\u0103u foarte mare, o pute\u021bi at\u00e2rna aproape oriunde.<\/p>\n<h3>Particularit\u0103\u021bi<\/h3>\n<ul>\n<li>Buzunar mare cu ochiuri de plas\u0103 cu fermoar<\/li>\n<li>C\u00e2rlig mare pentru ag\u0103\u021bat<\/li>\n<li>Cinci buzunare pentru diverse obiecte<\/li>\n<li>Dou\u0103 compartimente cu fermoar<\/li>\n<li>Oglinzi deta\u0219abile<\/li>\n<li>Cataram\u0103.<\/li>\n<\/ul>\n<h3>Caracteristici<\/h3>\n<ul>\n<li>Greutate - 100 g<\/li>\n<li>Dimensiuni &#8212; 20 x 31 x 4 cm<\/li>\n<li>Material &#8212; 100D Pocket Rip Mini, 30% poliester, 70% nylon.<\/li>\n<\/ul>\n<h3>Tehnologie<\/h3>\n<ul>\n<li><strong>100D Pocket Rip Mini<\/strong> &#8212; o versiune mai u\u0219oar\u0103 a \u021bes\u0103turii Nylon Pocket Rip. Firul sub\u021bire este extrem de u\u0219or. Cu toate acestea, \u021bes\u0103tura str\u00e2ns\u0103 o face extrem de rezistent\u0103 la abraziune \u0219i la rupere.<\/li>\n<\/ul>\n<h3>Marca<\/h3>\n<p>Deuter \u2013 este o marc\u0103 german\u0103 de pachet sport \u0219i gen\u021bi de sport pentru drume\u021bii, trecking, sporturi de iarn\u0103 \u0219i multe altele. Istoria companiei dateaz\u0103 de mai bine de 100 de ani: fondat\u0103 de Hans Deuter \u00een 1898, Deuter aproviziona deja po\u0219ta regal\u0103 bavarez\u0103 cu gen\u021bi de mesager la \u00eenceputul secolului al XX-lea, iar \u00een anii 1910 a furnizat rucsacuri, gen\u021bi, curele \u0219i corturi pentru armat\u0103.<\/p>\n<p>Fiind unul dintre cei mai importan\u021bi produc\u0103tori de rucsacuri, Deuter a lucrat \u00eentotdeauna cu alpini\u0219ti experimenta\u021bi care \u00ee\u0219i \u00eemp\u0103rt\u0103\u0219esc bog\u0103\u021bia de experien\u021b\u0103 \u0219i cuno\u0219tin\u021be. Deuter nu se culc\u0103 pe lauri, lucr\u00e2nd \u00een mod constant la calitate \u0219i la \u00eembun\u0103t\u0103\u021birea produselor sale. Compania este mereu \u00een c\u0103utare de noi solu\u021bii tehnice care s\u0103 v\u0103 asigure confortul \u0219i siguran\u021ba.<\/p>\n<p><\/p>","protected":false},"excerpt":{"rendered":"<p>Gentuta igiena Deuter Wash Bag Il<\/p>","protected":false},"featured_media":28171,"comment_status":"open","ping_status":"closed","template":"","meta":{"_acf_changed":false,"inline_featured_image":false},"product_brand":[1261],"product_cat":[861],"product_tag":[],"class_list":{"0":"post-26862","1":"product","2":"type-product","3":"status-publish","4":"has-post-thumbnail","6":"product_brand-deuter","7":"product_cat-cosmetic-bags","9":"first","10":"instock","11":"shipping-taxable","12":"purchasable","13":"product-type-simple"},"acf":[],"yoast_head":"<!-- This site is optimized with the Yoast SEO plugin v27.4 - https:\/\/yoast.com\/product\/yoast-seo-wordpress\/ -->\n<title>\u041a\u043e\u0441\u043c\u0435\u0442\u0438\u0447\u043a\u0430 Deuter Wash Bag Il - \u041c\u0430\u0433\u0430\u0437\u0438\u043d Xstyle<\/title>\n<meta name=\"description\" content=\"\u041a\u043e\u0441\u043c\u0435\u0442\u0438\u0447\u043a\u0430 Deuter Wash Bag Il \u0441\u043e\u0447\u0435\u0442\u0430\u0435\u0442 \u0441\u0442\u0438\u043b\u044c \u0438 \u0444\u0443\u043d\u043a\u0446\u0438\u043e\u043d\u0430\u043b\u044c\u043d\u043e\u0441\u0442\u044c. \u0418\u0434\u0435\u0430\u043b\u044c\u043d\u0430 \u0434\u043b\u044f \u043f\u0443\u0442\u0435\u0448\u0435\u0441\u0442\u0432\u0438\u0439, \u0441 \u043a\u0440\u0435\u043f\u043a\u0438\u043c \u043c\u0430\u0442\u0435\u0440\u0438\u0430\u043b\u043e\u043c \u0438 \u0443\u0434\u043e\u0431\u043d\u044b\u043c\u6302\u94a9\u043e\u043c. \u041e\u0440\u0433\u0430\u043d\u0438\u0437\u0443\u0439\u0442\u0435 \u0441\u0432\u043e\u0438 \u0432\u0435\u0449\u0438!\" \/>\n<meta name=\"robots\" content=\"index, follow, max-snippet:-1, max-image-preview:large, max-video-preview:-1\" \/>\n<link rel=\"canonical\" href=\"https:\/\/xstyle.md\/ro\/produs\/kosmetichka-deuter-wash-bag-il\/\" \/>\n<meta property=\"og:locale\" content=\"ro_RO\" \/>\n<meta property=\"og:type\" content=\"article\" \/>\n<meta property=\"og:title\" content=\"\u041a\u043e\u0441\u043c\u0435\u0442\u0438\u0447\u043a\u0430 Deuter Wash Bag Il - \u041c\u0430\u0433\u0430\u0437\u0438\u043d Xstyle\" \/>\n<meta property=\"og:description\" content=\"\u041a\u043e\u0441\u043c\u0435\u0442\u0438\u0447\u043a\u0430 Deuter Wash Bag Il \u0441\u043e\u0447\u0435\u0442\u0430\u0435\u0442 \u0441\u0442\u0438\u043b\u044c \u0438 \u0444\u0443\u043d\u043a\u0446\u0438\u043e\u043d\u0430\u043b\u044c\u043d\u043e\u0441\u0442\u044c. \u0418\u0434\u0435\u0430\u043b\u044c\u043d\u0430 \u0434\u043b\u044f \u043f\u0443\u0442\u0435\u0448\u0435\u0441\u0442\u0432\u0438\u0439, \u0441 \u043a\u0440\u0435\u043f\u043a\u0438\u043c \u043c\u0430\u0442\u0435\u0440\u0438\u0430\u043b\u043e\u043c \u0438 \u0443\u0434\u043e\u0431\u043d\u044b\u043c\u6302\u94a9\u043e\u043c. \u041e\u0440\u0433\u0430\u043d\u0438\u0437\u0443\u0439\u0442\u0435 \u0441\u0432\u043e\u0438 \u0432\u0435\u0449\u0438!\" \/>\n<meta property=\"og:url\" content=\"https:\/\/xstyle.md\/ro\/produs\/kosmetichka-deuter-wash-bag-il\/\" \/>\n<meta property=\"og:site_name\" content=\"\u041c\u0430\u0433\u0430\u0437\u0438\u043d Xstyle\" \/>\n<meta property=\"article:publisher\" content=\"https:\/\/www.facebook.com\/xstylemd\" \/>\n<meta property=\"article:modified_time\" content=\"2024-10-21T06:07:57+00:00\" \/>\n<meta property=\"og:image\" content=\"https:\/\/xstyle.md\/wp-content\/uploads\/2021\/04\/360x500_5206_washbagii_7490_14.jpg\" \/>\n\t<meta property=\"og:image:width\" content=\"360\" \/>\n\t<meta property=\"og:image:height\" content=\"256\" \/>\n\t<meta property=\"og:image:type\" content=\"image\/jpeg\" \/>\n<meta name=\"twitter:card\" content=\"summary_large_image\" \/>\n<meta name=\"twitter:label1\" content=\"Pre\u021b\" \/>\n\t<meta name=\"twitter:data1\" content=\"660&nbsp;MDL\" \/>\n\t<meta name=\"twitter:label2\" content=\"Disponibilitate\" \/>\n\t<meta name=\"twitter:data2\" content=\"\u00cen stoc\" \/>\n<script type=\"application\/ld+json\" class=\"yoast-schema-graph\">{\"@context\":\"https:\\\/\\\/schema.org\",\"@graph\":[{\"@type\":\"WebPage\",\"@id\":\"https:\\\/\\\/xstyle.md\\\/product\\\/kosmetichka-deuter-wash-bag-il\\\/\",\"url\":\"https:\\\/\\\/xstyle.md\\\/product\\\/kosmetichka-deuter-wash-bag-il\\\/\",\"name\":\"\u041a\u043e\u0441\u043c\u0435\u0442\u0438\u0447\u043a\u0430 Deuter Wash Bag Il - \u041c\u0430\u0433\u0430\u0437\u0438\u043d Xstyle\",\"isPartOf\":{\"@id\":\"https:\\\/\\\/xstyle.md\\\/#website\"},\"primaryImageOfPage\":{\"@id\":\"https:\\\/\\\/xstyle.md\\\/product\\\/kosmetichka-deuter-wash-bag-il\\\/#primaryimage\"},\"image\":{\"@id\":\"https:\\\/\\\/xstyle.md\\\/product\\\/kosmetichka-deuter-wash-bag-il\\\/#primaryimage\"},\"thumbnailUrl\":\"https:\\\/\\\/xstyle.md\\\/wp-content\\\/uploads\\\/2021\\\/04\\\/360x500_5206_washbagii_7490_14.jpg\",\"datePublished\":\"2021-01-11T13:19:58+00:00\",\"dateModified\":\"2024-10-21T06:07:57+00:00\",\"description\":\"\u041a\u043e\u0441\u043c\u0435\u0442\u0438\u0447\u043a\u0430 Deuter Wash Bag Il \u0441\u043e\u0447\u0435\u0442\u0430\u0435\u0442 \u0441\u0442\u0438\u043b\u044c \u0438 \u0444\u0443\u043d\u043a\u0446\u0438\u043e\u043d\u0430\u043b\u044c\u043d\u043e\u0441\u0442\u044c. \u0418\u0434\u0435\u0430\u043b\u044c\u043d\u0430 \u0434\u043b\u044f \u043f\u0443\u0442\u0435\u0448\u0435\u0441\u0442\u0432\u0438\u0439, \u0441 \u043a\u0440\u0435\u043f\u043a\u0438\u043c \u043c\u0430\u0442\u0435\u0440\u0438\u0430\u043b\u043e\u043c \u0438 \u0443\u0434\u043e\u0431\u043d\u044b\u043c\u6302\u94a9\u043e\u043c. \u041e\u0440\u0433\u0430\u043d\u0438\u0437\u0443\u0439\u0442\u0435 \u0441\u0432\u043e\u0438 \u0432\u0435\u0449\u0438!\",\"breadcrumb\":{\"@id\":\"https:\\\/\\\/xstyle.md\\\/product\\\/kosmetichka-deuter-wash-bag-il\\\/#breadcrumb\"},\"inLanguage\":\"ro-RO\",\"potentialAction\":[{\"@type\":\"ReadAction\",\"target\":[\"https:\\\/\\\/xstyle.md\\\/product\\\/kosmetichka-deuter-wash-bag-il\\\/\"]}]},{\"@type\":\"ImageObject\",\"inLanguage\":\"ro-RO\",\"@id\":\"https:\\\/\\\/xstyle.md\\\/product\\\/kosmetichka-deuter-wash-bag-il\\\/#primaryimage\",\"url\":\"https:\\\/\\\/xstyle.md\\\/wp-content\\\/uploads\\\/2021\\\/04\\\/360x500_5206_washbagii_7490_14.jpg\",\"contentUrl\":\"https:\\\/\\\/xstyle.md\\\/wp-content\\\/uploads\\\/2021\\\/04\\\/360x500_5206_washbagii_7490_14.jpg\",\"width\":360,\"height\":256},{\"@type\":\"BreadcrumbList\",\"@id\":\"https:\\\/\\\/xstyle.md\\\/product\\\/kosmetichka-deuter-wash-bag-il\\\/#breadcrumb\",\"itemListElement\":[{\"@type\":\"ListItem\",\"position\":1,\"name\":\"\u0413\u043b\u0430\u0432\u043d\u0430\u044f \u0441\u0442\u0440\u0430\u043d\u0438\u0446\u0430\",\"item\":\"https:\\\/\\\/xstyle.md\\\/\"},{\"@type\":\"ListItem\",\"position\":2,\"name\":\"\u041c\u0430\u0433\u0430\u0437\u0438\u043d\",\"item\":\"https:\\\/\\\/xstyle.md\\\/shop\\\/\"},{\"@type\":\"ListItem\",\"position\":3,\"name\":\"\u041a\u043e\u0441\u043c\u0435\u0442\u0438\u0447\u043a\u0430 Deuter Wash Bag Il\"}]},{\"@type\":\"WebSite\",\"@id\":\"https:\\\/\\\/xstyle.md\\\/#website\",\"url\":\"https:\\\/\\\/xstyle.md\\\/\",\"name\":\"\u041c\u0430\u0433\u0430\u0437\u0438\u043d Xstyle\",\"description\":\"C\u043d\u0430\u0440\u044f\u0436\u0435\u043d\u0438\u0435 \u0434\u043b\u044f \u0442\u0443\u0440\u0438\u0437\u043c\u0430 \u0438 \u044d\u043a\u0441\u0442\u0440\u0435\u043c\u0430\u043b\u044c\u043d\u044b\u0445 \u0432\u0438\u0434\u043e\u0432 \u0441\u043f\u043e\u0440\u0442\u0430 \u0432 \u041c\u043e\u043b\u0434\u043e\u0432\u0435.. \u0426\u0435\u043d\u044b, \u0444\u043e\u0442\u043e, \u0445\u0430\u0440\u0430\u043a\u0442\u0435\u0440\u0438\u0441\u0442\u0438\u043a\u0438 \u0432 \u041c\u043e\u043b\u0434\u043e\u0432\u0435.\",\"publisher\":{\"@id\":\"https:\\\/\\\/xstyle.md\\\/#organization\"},\"alternateName\":\"X-Style\",\"potentialAction\":[{\"@type\":\"SearchAction\",\"target\":{\"@type\":\"EntryPoint\",\"urlTemplate\":\"https:\\\/\\\/xstyle.md\\\/?s={search_term_string}\"},\"query-input\":{\"@type\":\"PropertyValueSpecification\",\"valueRequired\":true,\"valueName\":\"search_term_string\"}}],\"inLanguage\":\"ro-RO\"},{\"@type\":\"Organization\",\"@id\":\"https:\\\/\\\/xstyle.md\\\/#organization\",\"name\":\"\u041c\u0430\u0433\u0430\u0437\u0438\u043d Xstyle\",\"alternateName\":\"x-style\",\"url\":\"https:\\\/\\\/xstyle.md\\\/\",\"logo\":{\"@type\":\"ImageObject\",\"inLanguage\":\"ro-RO\",\"@id\":\"https:\\\/\\\/xstyle.md\\\/#\\\/schema\\\/logo\\\/image\\\/\",\"url\":\"https:\\\/\\\/xstyle.md\\\/wp-content\\\/uploads\\\/2020\\\/06\\\/logoicon.svg\",\"contentUrl\":\"https:\\\/\\\/xstyle.md\\\/wp-content\\\/uploads\\\/2020\\\/06\\\/logoicon.svg\",\"caption\":\"\u041c\u0430\u0433\u0430\u0437\u0438\u043d Xstyle\"},\"image\":{\"@id\":\"https:\\\/\\\/xstyle.md\\\/#\\\/schema\\\/logo\\\/image\\\/\"},\"sameAs\":[\"https:\\\/\\\/www.facebook.com\\\/xstylemd\",\"https:\\\/\\\/www.instagram.com\\\/xstyle_md\\\/\",\"https:\\\/\\\/t.me\\\/xstyle_outdoor\"],\"hasMerchantReturnPolicy\":{\"@type\":\"MerchantReturnPolicy\",\"merchantReturnLink\":\"https:\\\/\\\/xstyle.md\\\/ro\\\/conditions\\\/\"}}]}<\/script>\n<meta property=\"product:price:amount\" content=\"660.00\" \/>\n<meta property=\"product:price:currency\" content=\"MDL\" \/>\n<meta property=\"og:availability\" content=\"instock\" \/>\n<meta property=\"product:availability\" content=\"instock\" \/>\n<meta property=\"product:retailer_item_id\" content=\"4046051048901\" \/>\n<meta property=\"product:condition\" content=\"new\" \/>\n<!-- \/ Yoast SEO plugin. -->","yoast_head_json":{"title":"Gentuta igiena Deuter Wash Bag Il - Magazin Xstyle","description":"Cosmetica Deuter Wash Bag Il combin\u0103 stilul \u0219i func\u021bionalitatea. Este ideal\u0103 pentru c\u0103l\u0103torii, cu un material rezistent \u0219i un c\u00e2rlig convenabil. Organiza\u021bi-v\u0103 lucrurile!","robots":{"index":"index","follow":"follow","max-snippet":"max-snippet:-1","max-image-preview":"max-image-preview:large","max-video-preview":"max-video-preview:-1"},"canonical":"https:\/\/xstyle.md\/ro\/produs\/kosmetichka-deuter-wash-bag-il\/","og_locale":"ro_RO","og_type":"article","og_title":"\u041a\u043e\u0441\u043c\u0435\u0442\u0438\u0447\u043a\u0430 Deuter Wash Bag Il - \u041c\u0430\u0433\u0430\u0437\u0438\u043d Xstyle","og_description":"\u041a\u043e\u0441\u043c\u0435\u0442\u0438\u0447\u043a\u0430 Deuter Wash Bag Il \u0441\u043e\u0447\u0435\u0442\u0430\u0435\u0442 \u0441\u0442\u0438\u043b\u044c \u0438 \u0444\u0443\u043d\u043a\u0446\u0438\u043e\u043d\u0430\u043b\u044c\u043d\u043e\u0441\u0442\u044c. \u0418\u0434\u0435\u0430\u043b\u044c\u043d\u0430 \u0434\u043b\u044f \u043f\u0443\u0442\u0435\u0448\u0435\u0441\u0442\u0432\u0438\u0439, \u0441 \u043a\u0440\u0435\u043f\u043a\u0438\u043c \u043c\u0430\u0442\u0435\u0440\u0438\u0430\u043b\u043e\u043c \u0438 \u0443\u0434\u043e\u0431\u043d\u044b\u043c\u6302\u94a9\u043e\u043c. \u041e\u0440\u0433\u0430\u043d\u0438\u0437\u0443\u0439\u0442\u0435 \u0441\u0432\u043e\u0438 \u0432\u0435\u0449\u0438!","og_url":"https:\/\/xstyle.md\/ro\/produs\/kosmetichka-deuter-wash-bag-il\/","og_site_name":"\u041c\u0430\u0433\u0430\u0437\u0438\u043d Xstyle","article_publisher":"https:\/\/www.facebook.com\/xstylemd","article_modified_time":"2024-10-21T06:07:57+00:00","og_image":[{"width":360,"height":256,"url":"https:\/\/xstyle.md\/wp-content\/uploads\/2021\/04\/360x500_5206_washbagii_7490_14.jpg","type":"image\/jpeg"}],"twitter_card":"summary_large_image","twitter_misc":{"Pre\u021b":"660&nbsp;MDL","Disponibilitate":"\u00cen stoc"},"schema":{"@context":"https:\/\/schema.org","@graph":[{"@type":"WebPage","@id":"https:\/\/xstyle.md\/product\/kosmetichka-deuter-wash-bag-il\/","url":"https:\/\/xstyle.md\/product\/kosmetichka-deuter-wash-bag-il\/","name":"Gentuta igiena Deuter Wash Bag Il - Magazin Xstyle","isPartOf":{"@id":"https:\/\/xstyle.md\/#website"},"primaryImageOfPage":{"@id":"https:\/\/xstyle.md\/product\/kosmetichka-deuter-wash-bag-il\/#primaryimage"},"image":{"@id":"https:\/\/xstyle.md\/product\/kosmetichka-deuter-wash-bag-il\/#primaryimage"},"thumbnailUrl":"https:\/\/xstyle.md\/wp-content\/uploads\/2021\/04\/360x500_5206_washbagii_7490_14.jpg","datePublished":"2021-01-11T13:19:58+00:00","dateModified":"2024-10-21T06:07:57+00:00","description":"Cosmetica Deuter Wash Bag Il combin\u0103 stilul \u0219i func\u021bionalitatea. Este ideal\u0103 pentru c\u0103l\u0103torii, cu un material rezistent \u0219i un c\u00e2rlig convenabil. Organiza\u021bi-v\u0103 lucrurile!","breadcrumb":{"@id":"https:\/\/xstyle.md\/product\/kosmetichka-deuter-wash-bag-il\/#breadcrumb"},"inLanguage":"ro-RO","potentialAction":[{"@type":"ReadAction","target":["https:\/\/xstyle.md\/product\/kosmetichka-deuter-wash-bag-il\/"]}]},{"@type":"ImageObject","inLanguage":"ro-RO","@id":"https:\/\/xstyle.md\/product\/kosmetichka-deuter-wash-bag-il\/#primaryimage","url":"https:\/\/xstyle.md\/wp-content\/uploads\/2021\/04\/360x500_5206_washbagii_7490_14.jpg","contentUrl":"https:\/\/xstyle.md\/wp-content\/uploads\/2021\/04\/360x500_5206_washbagii_7490_14.jpg","width":360,"height":256},{"@type":"BreadcrumbList","@id":"https:\/\/xstyle.md\/product\/kosmetichka-deuter-wash-bag-il\/#breadcrumb","itemListElement":[{"@type":"ListItem","position":1,"name":"\u0413\u043b\u0430\u0432\u043d\u0430\u044f \u0441\u0442\u0440\u0430\u043d\u0438\u0446\u0430","item":"https:\/\/xstyle.md\/"},{"@type":"ListItem","position":2,"name":"\u041c\u0430\u0433\u0430\u0437\u0438\u043d","item":"https:\/\/xstyle.md\/shop\/"},{"@type":"ListItem","position":3,"name":"\u041a\u043e\u0441\u043c\u0435\u0442\u0438\u0447\u043a\u0430 Deuter Wash Bag Il"}]},{"@type":"WebSite","@id":"https:\/\/xstyle.md\/#website","url":"https:\/\/xstyle.md\/","name":"Magazinul X-Style","description":"Echipamente pentru turism \u0219i sporturi extreme \u00een Moldova. Pre\u021buri, fotografii, caracteristici \u00een Moldova.","publisher":{"@id":"https:\/\/xstyle.md\/#organization"},"alternateName":"X-Style","potentialAction":[{"@type":"SearchAction","target":{"@type":"EntryPoint","urlTemplate":"https:\/\/xstyle.md\/?s={search_term_string}"},"query-input":{"@type":"PropertyValueSpecification","valueRequired":true,"valueName":"search_term_string"}}],"inLanguage":"ro-RO"},{"@type":"Organization","@id":"https:\/\/xstyle.md\/#organization","name":"Magazinul X-Style","alternateName":"x-style","url":"https:\/\/xstyle.md\/","logo":{"@type":"ImageObject","inLanguage":"ro-RO","@id":"https:\/\/xstyle.md\/#\/schema\/logo\/image\/","url":"https:\/\/xstyle.md\/wp-content\/uploads\/2020\/06\/logoicon.svg","contentUrl":"https:\/\/xstyle.md\/wp-content\/uploads\/2020\/06\/logoicon.svg","caption":"\u041c\u0430\u0433\u0430\u0437\u0438\u043d Xstyle"},"image":{"@id":"https:\/\/xstyle.md\/#\/schema\/logo\/image\/"},"sameAs":["https:\/\/www.facebook.com\/xstylemd","https:\/\/www.instagram.com\/xstyle_md\/","https:\/\/t.me\/xstyle_outdoor"],"hasMerchantReturnPolicy":{"@type":"MerchantReturnPolicy","merchantReturnLink":"https:\/\/xstyle.md\/ro\/conditions\/"}}]},"product_price_amount":"660.00","product_price_currency":"MDL","og_availability":"instock","product_availability":"instock","product_retailer_item_id":"4046051048901","product_condition":"new"},"_links":{"self":[{"href":"https:\/\/xstyle.md\/ro\/wp-json\/wp\/v2\/product\/26862","targetHints":{"allow":["GET"]}}],"collection":[{"href":"https:\/\/xstyle.md\/ro\/wp-json\/wp\/v2\/product"}],"about":[{"href":"https:\/\/xstyle.md\/ro\/wp-json\/wp\/v2\/types\/product"}],"replies":[{"embeddable":true,"href":"https:\/\/xstyle.md\/ro\/wp-json\/wp\/v2\/comments?post=26862"}],"wp:featuredmedia":[{"embeddable":true,"href":"https:\/\/xstyle.md\/ro\/wp-json\/wp\/v2\/media\/28171"}],"wp:attachment":[{"href":"https:\/\/xstyle.md\/ro\/wp-json\/wp\/v2\/media?parent=26862"}],"wp:term":[{"taxonomy":"product_brand","embeddable":true,"href":"https:\/\/xstyle.md\/ro\/wp-json\/wp\/v2\/product_brand?post=26862"},{"taxonomy":"product_cat","embeddable":true,"href":"https:\/\/xstyle.md\/ro\/wp-json\/wp\/v2\/product_cat?post=26862"},{"taxonomy":"product_tag","embeddable":true,"href":"https:\/\/xstyle.md\/ro\/wp-json\/wp\/v2\/product_tag?post=26862"}],"curies":[{"name":"wp","href":"https:\/\/api.w.org\/{rel}","templated":true}]}}