{"id":2674,"date":"2020-07-16T17:18:28","date_gmt":"2020-07-16T14:18:28","guid":{"rendered":"https:\/\/xstyle.md\/?post_type=product&#038;p=2674"},"modified":"2025-02-18T18:30:05","modified_gmt":"2025-02-18T15:30:05","slug":"shampun-kondicioner-sea-to-summit-pocket-shampoo-with-conditioner","status":"publish","type":"product","link":"https:\/\/xstyle.md\/ro\/produs\/shampun-kondicioner-sea-to-summit-pocket-shampoo-with-conditioner\/","title":{"rendered":"\u0218ampon-conditioner"},"content":{"rendered":"<\/p>\n<p><strong>Sea To Summit Pocket Shampoo with conditioner<\/strong> &#8212; \u0219ampon-condi\u021bioner pentru a r\u0103m\u00e2ne proasp\u0103t \u0219i curat atunci c\u00e2nd c\u0103l\u0103tori\u021bi. Ambalajul s\u0103u este mai mic dec\u00e2t palma m\u00e2inii \u0219i este \u201euscat\u201d, a\u0219a c\u0103 \u00eencape perfect \u00een bagajul de m\u00e2n\u0103, \u00een geanta de cosmetice sau \u00een buzunar &#8212; f\u0103r\u0103 riscul de a se v\u0103rsa. Las\u0103 p\u0103rul moale \u0219i proasp\u0103t, ad\u0103ug\u00e2nd \u00een acela\u0219i timp volum \u0219i str\u0103lucire.<\/p>\n<h3>Particularit\u0103\u021bi<\/h3>\n<ul>\n<li>Realizat \u00een form\u0103 \u201euscat\u0103\u201d &#8212; petale s\u0103punite<\/li>\n<li>Formul\u0103 concentrat\u0103 &#8212; o petal\u0103 este suficient\u0103 pentru o sp\u0103lare a p\u0103rului<\/li>\n<li>Ingrediente biodegradabile, prietenoase cu mediul \u00eenconjur\u0103tor<\/li>\n<li>Ideal pentru c\u0103l\u0103torii, drume\u021bii \u0219i camping, bagaj de m\u00e2n\u0103 conform TSA<\/li>\n<\/ul>\n<h3>Caracteristici<\/h3>\n<ul>\n<li>F\u0103r\u0103 fosfa\u021bi \u0219i parabeni<\/li>\n<li>Nr. de petale &#8212; 50 buc<\/li>\n<\/ul>\n<p><\/p>","protected":false},"excerpt":{"rendered":"<p>\u0218ampon-conditioner<\/p>","protected":false},"featured_media":88966,"comment_status":"open","ping_status":"closed","template":"","meta":{"_acf_changed":false,"inline_featured_image":false},"product_brand":[1281],"product_cat":[380],"product_tag":[],"class_list":{"0":"post-2674","1":"product","2":"type-product","3":"status-publish","4":"has-post-thumbnail","6":"product_brand-sea-to-summit","7":"product_cat-travel-hygiene","9":"first","10":"outofstock","11":"shipping-taxable","12":"product-type-simple"},"acf":[],"yoast_head":"<!-- This site is optimized with the Yoast SEO plugin v27.2 - https:\/\/yoast.com\/product\/yoast-seo-wordpress\/ -->\n<title>\u0428\u0430\u043c\u043f\u0443\u043d\u044c-\u043a\u043e\u043d\u0434\u0438\u0446\u0438\u043e\u043d\u0435\u0440 Sea To Summit Pocket Shampoo with conditioner - \u041c\u0430\u0433\u0430\u0437\u0438\u043d Xstyle<\/title>\n<meta name=\"description\" content=\"\u0428\u0430\u043c\u043f\u0443\u043d\u044c-\u043a\u043e\u043d\u0434\u0438\u0446\u0438\u043e\u043d\u0435\u0440 Sea To Summit - \u0438\u0434\u0435\u0430\u043b\u044c\u043d\u044b\u0439 \u0441\u043f\u0443\u0442\u043d\u0438\u043a \u0432 \u043f\u0443\u0442\u0435\u0448\u0435\u0441\u0442\u0432\u0438\u044f\u0445. \u041a\u043e\u043c\u043f\u0430\u043a\u0442\u043d\u044b\u0439, \u0431\u0435\u0437\u043e\u043f\u0430\u0441\u043d\u044b\u0439 \u0434\u043b\u044f \u0431\u0430\u0433\u0430\u0436\u0430, \u043e\u0441\u0442\u0430\u0432\u043b\u044f\u0435\u0442 \u0432\u043e\u043b\u043e\u0441\u044b \u043c\u044f\u0433\u043a\u0438\u043c\u0438 \u0438 \u0431\u043b\u0435\u0441\u0442\u044f\u0449\u0438\u043c\u0438.\" \/>\n<meta name=\"robots\" content=\"index, follow, max-snippet:-1, max-image-preview:large, max-video-preview:-1\" \/>\n<link rel=\"canonical\" href=\"https:\/\/xstyle.md\/ro\/produs\/shampun-kondicioner-sea-to-summit-pocket-shampoo-with-conditioner\/\" \/>\n<meta property=\"og:locale\" content=\"ro_RO\" \/>\n<meta property=\"og:type\" content=\"article\" \/>\n<meta property=\"og:title\" content=\"\u0428\u0430\u043c\u043f\u0443\u043d\u044c-\u043a\u043e\u043d\u0434\u0438\u0446\u0438\u043e\u043d\u0435\u0440 Sea To Summit Pocket Shampoo with conditioner - \u041c\u0430\u0433\u0430\u0437\u0438\u043d Xstyle\" \/>\n<meta property=\"og:description\" content=\"\u0428\u0430\u043c\u043f\u0443\u043d\u044c-\u043a\u043e\u043d\u0434\u0438\u0446\u0438\u043e\u043d\u0435\u0440 Sea To Summit - \u0438\u0434\u0435\u0430\u043b\u044c\u043d\u044b\u0439 \u0441\u043f\u0443\u0442\u043d\u0438\u043a \u0432 \u043f\u0443\u0442\u0435\u0448\u0435\u0441\u0442\u0432\u0438\u044f\u0445. \u041a\u043e\u043c\u043f\u0430\u043a\u0442\u043d\u044b\u0439, \u0431\u0435\u0437\u043e\u043f\u0430\u0441\u043d\u044b\u0439 \u0434\u043b\u044f \u0431\u0430\u0433\u0430\u0436\u0430, \u043e\u0441\u0442\u0430\u0432\u043b\u044f\u0435\u0442 \u0432\u043e\u043b\u043e\u0441\u044b \u043c\u044f\u0433\u043a\u0438\u043c\u0438 \u0438 \u0431\u043b\u0435\u0441\u0442\u044f\u0449\u0438\u043c\u0438.\" \/>\n<meta property=\"og:url\" content=\"https:\/\/xstyle.md\/ro\/produs\/shampun-kondicioner-sea-to-summit-pocket-shampoo-with-conditioner\/\" \/>\n<meta property=\"og:site_name\" content=\"\u041c\u0430\u0433\u0430\u0437\u0438\u043d Xstyle\" \/>\n<meta property=\"article:publisher\" content=\"https:\/\/www.facebook.com\/xstylemd\" \/>\n<meta property=\"article:modified_time\" content=\"2025-02-18T15:30:05+00:00\" \/>\n<meta property=\"og:image\" content=\"https:\/\/xstyle.md\/wp-content\/uploads\/2020\/07\/sea-to-summit-pocket-shampoo-with-conditioner-scaled.jpg\" \/>\n\t<meta property=\"og:image:width\" content=\"2259\" \/>\n\t<meta property=\"og:image:height\" content=\"2560\" \/>\n\t<meta property=\"og:image:type\" content=\"image\/jpeg\" \/>\n<meta name=\"twitter:card\" content=\"summary_large_image\" \/>\n<meta name=\"twitter:label1\" content=\"Pre\u021b\" \/>\n\t<meta name=\"twitter:data1\" content=\"75&nbsp;MDL\" \/>\n\t<meta name=\"twitter:label2\" content=\"Disponibilitate\" \/>\n\t<meta name=\"twitter:data2\" content=\"Stoc epuizat\" \/>\n<script type=\"application\/ld+json\" class=\"yoast-schema-graph\">{\"@context\":\"https:\/\/schema.org\",\"@graph\":[{\"@type\":\"WebPage\",\"@id\":\"https:\/\/xstyle.md\/product\/shampun-kondicioner-sea-to-summit-pocket-shampoo-with-conditioner\/\",\"url\":\"https:\/\/xstyle.md\/product\/shampun-kondicioner-sea-to-summit-pocket-shampoo-with-conditioner\/\",\"name\":\"\u0428\u0430\u043c\u043f\u0443\u043d\u044c-\u043a\u043e\u043d\u0434\u0438\u0446\u0438\u043e\u043d\u0435\u0440 Sea To Summit Pocket Shampoo with conditioner - \u041c\u0430\u0433\u0430\u0437\u0438\u043d Xstyle\",\"isPartOf\":{\"@id\":\"https:\/\/xstyle.md\/#website\"},\"primaryImageOfPage\":{\"@id\":\"https:\/\/xstyle.md\/product\/shampun-kondicioner-sea-to-summit-pocket-shampoo-with-conditioner\/#primaryimage\"},\"image\":{\"@id\":\"https:\/\/xstyle.md\/product\/shampun-kondicioner-sea-to-summit-pocket-shampoo-with-conditioner\/#primaryimage\"},\"thumbnailUrl\":\"https:\/\/xstyle.md\/wp-content\/uploads\/2020\/07\/sea-to-summit-pocket-shampoo-with-conditioner-scaled.jpg\",\"datePublished\":\"2020-07-16T14:18:28+00:00\",\"dateModified\":\"2025-02-18T15:30:05+00:00\",\"description\":\"\u0428\u0430\u043c\u043f\u0443\u043d\u044c-\u043a\u043e\u043d\u0434\u0438\u0446\u0438\u043e\u043d\u0435\u0440 Sea To Summit - \u0438\u0434\u0435\u0430\u043b\u044c\u043d\u044b\u0439 \u0441\u043f\u0443\u0442\u043d\u0438\u043a \u0432 \u043f\u0443\u0442\u0435\u0448\u0435\u0441\u0442\u0432\u0438\u044f\u0445. \u041a\u043e\u043c\u043f\u0430\u043a\u0442\u043d\u044b\u0439, \u0431\u0435\u0437\u043e\u043f\u0430\u0441\u043d\u044b\u0439 \u0434\u043b\u044f \u0431\u0430\u0433\u0430\u0436\u0430, \u043e\u0441\u0442\u0430\u0432\u043b\u044f\u0435\u0442 \u0432\u043e\u043b\u043e\u0441\u044b \u043c\u044f\u0433\u043a\u0438\u043c\u0438 \u0438 \u0431\u043b\u0435\u0441\u0442\u044f\u0449\u0438\u043c\u0438.\",\"breadcrumb\":{\"@id\":\"https:\/\/xstyle.md\/product\/shampun-kondicioner-sea-to-summit-pocket-shampoo-with-conditioner\/#breadcrumb\"},\"inLanguage\":\"ro-RO\",\"potentialAction\":[{\"@type\":\"ReadAction\",\"target\":[\"https:\/\/xstyle.md\/product\/shampun-kondicioner-sea-to-summit-pocket-shampoo-with-conditioner\/\"]}]},{\"@type\":\"ImageObject\",\"inLanguage\":\"ro-RO\",\"@id\":\"https:\/\/xstyle.md\/product\/shampun-kondicioner-sea-to-summit-pocket-shampoo-with-conditioner\/#primaryimage\",\"url\":\"https:\/\/xstyle.md\/wp-content\/uploads\/2020\/07\/sea-to-summit-pocket-shampoo-with-conditioner-scaled.jpg\",\"contentUrl\":\"https:\/\/xstyle.md\/wp-content\/uploads\/2020\/07\/sea-to-summit-pocket-shampoo-with-conditioner-scaled.jpg\",\"width\":1694,\"height\":1920,\"caption\":\"\u041f\u043e\u0440\u0442\u0430\u0442\u0438\u0432\u043d\u044b\u0439 \u0448\u0430\u043c\u043f\u0443\u043d\u044c \u0441 \u043a\u043e\u043d\u0434\u0438\u0446\u0438\u043e\u043d\u0435\u0440\u043e\u043c Sea to Summit \u0434\u043b\u044f \u0430\u043a\u0442\u0438\u0432\u043d\u043e\u0433\u043e \u043e\u0442\u0434\u044b\u0445\u0430, \u0442\u0443\u0440\u0438\u0437\u043c\u0430 \u0438 \u043f\u043e\u0445\u043e\u0434\u043e\u0432, \u0438\u0434\u0435\u0430\u043b\u0435\u043d \u0434\u043b\u044f \u043f\u0443\u0442\u0435\u0448\u0435\u0441\u0442\u0432\u0438\u0439 \u0438 \u0430\u043a\u0442\u0438\u0432\u043d\u043e\u0439 \u0436\u0438\u0437\u043d\u0438.\"},{\"@type\":\"BreadcrumbList\",\"@id\":\"https:\/\/xstyle.md\/product\/shampun-kondicioner-sea-to-summit-pocket-shampoo-with-conditioner\/#breadcrumb\",\"itemListElement\":[{\"@type\":\"ListItem\",\"position\":1,\"name\":\"\u0413\u043b\u0430\u0432\u043d\u0430\u044f \u0441\u0442\u0440\u0430\u043d\u0438\u0446\u0430\",\"item\":\"https:\/\/xstyle.md\/\"},{\"@type\":\"ListItem\",\"position\":2,\"name\":\"\u041c\u0430\u0433\u0430\u0437\u0438\u043d\",\"item\":\"https:\/\/xstyle.md\/shop\/\"},{\"@type\":\"ListItem\",\"position\":3,\"name\":\"\u0428\u0430\u043c\u043f\u0443\u043d\u044c-\u043a\u043e\u043d\u0434\u0438\u0446\u0438\u043e\u043d\u0435\u0440 Sea To Summit Pocket Shampoo with conditioner\"}]},{\"@type\":\"WebSite\",\"@id\":\"https:\/\/xstyle.md\/#website\",\"url\":\"https:\/\/xstyle.md\/\",\"name\":\"\u041c\u0430\u0433\u0430\u0437\u0438\u043d Xstyle\",\"description\":\"C\u043d\u0430\u0440\u044f\u0436\u0435\u043d\u0438\u0435 \u0434\u043b\u044f \u0442\u0443\u0440\u0438\u0437\u043c\u0430 \u0438 \u044d\u043a\u0441\u0442\u0440\u0435\u043c\u0430\u043b\u044c\u043d\u044b\u0445 \u0432\u0438\u0434\u043e\u0432 \u0441\u043f\u043e\u0440\u0442\u0430 \u0432 \u041c\u043e\u043b\u0434\u043e\u0432\u0435.. \u0426\u0435\u043d\u044b, \u0444\u043e\u0442\u043e, \u0445\u0430\u0440\u0430\u043a\u0442\u0435\u0440\u0438\u0441\u0442\u0438\u043a\u0438 \u0432 \u041c\u043e\u043b\u0434\u043e\u0432\u0435.\",\"publisher\":{\"@id\":\"https:\/\/xstyle.md\/#organization\"},\"alternateName\":\"X-Style\",\"potentialAction\":[{\"@type\":\"SearchAction\",\"target\":{\"@type\":\"EntryPoint\",\"urlTemplate\":\"https:\/\/xstyle.md\/?s={search_term_string}\"},\"query-input\":{\"@type\":\"PropertyValueSpecification\",\"valueRequired\":true,\"valueName\":\"search_term_string\"}}],\"inLanguage\":\"ro-RO\"},{\"@type\":\"Organization\",\"@id\":\"https:\/\/xstyle.md\/#organization\",\"name\":\"\u041c\u0430\u0433\u0430\u0437\u0438\u043d Xstyle\",\"alternateName\":\"x-style\",\"url\":\"https:\/\/xstyle.md\/\",\"logo\":{\"@type\":\"ImageObject\",\"inLanguage\":\"ro-RO\",\"@id\":\"https:\/\/xstyle.md\/#\/schema\/logo\/image\/\",\"url\":\"https:\/\/xstyle.md\/wp-content\/uploads\/2020\/06\/logoicon.svg\",\"contentUrl\":\"https:\/\/xstyle.md\/wp-content\/uploads\/2020\/06\/logoicon.svg\",\"caption\":\"\u041c\u0430\u0433\u0430\u0437\u0438\u043d Xstyle\"},\"image\":{\"@id\":\"https:\/\/xstyle.md\/#\/schema\/logo\/image\/\"},\"sameAs\":[\"https:\/\/www.facebook.com\/xstylemd\",\"https:\/\/www.instagram.com\/xstyle_md\/\",\"https:\/\/t.me\/xstyle_outdoor\"],\"hasMerchantReturnPolicy\":{\"@type\":\"MerchantReturnPolicy\",\"merchantReturnLink\":\"https:\/\/xstyle.md\/ro\/conditions\/\"}}]}<\/script>\n<meta property=\"product:price:amount\" content=\"75.00\" \/>\n<meta property=\"product:price:currency\" content=\"MDL\" \/>\n<meta property=\"og:availability\" content=\"out of stock\" \/>\n<meta property=\"product:availability\" content=\"out of stock\" \/>\n<meta property=\"product:retailer_item_id\" content=\"9327868019380\" \/>\n<meta property=\"product:condition\" content=\"new\" \/>\n<!-- \/ Yoast SEO plugin. -->","yoast_head_json":{"title":"\u0218ampon-conditioner - Magazin Xstyle","description":"\u0218amponul-conditions Sea To Summit - companionul ideal \u00een c\u0103l\u0103torii. Compact, sigur pentru bagaje, las\u0103 p\u0103rul moale \u0219i str\u0103lucitor.","robots":{"index":"index","follow":"follow","max-snippet":"max-snippet:-1","max-image-preview":"max-image-preview:large","max-video-preview":"max-video-preview:-1"},"canonical":"https:\/\/xstyle.md\/ro\/produs\/shampun-kondicioner-sea-to-summit-pocket-shampoo-with-conditioner\/","og_locale":"ro_RO","og_type":"article","og_title":"\u0428\u0430\u043c\u043f\u0443\u043d\u044c-\u043a\u043e\u043d\u0434\u0438\u0446\u0438\u043e\u043d\u0435\u0440 Sea To Summit Pocket Shampoo with conditioner - \u041c\u0430\u0433\u0430\u0437\u0438\u043d Xstyle","og_description":"\u0428\u0430\u043c\u043f\u0443\u043d\u044c-\u043a\u043e\u043d\u0434\u0438\u0446\u0438\u043e\u043d\u0435\u0440 Sea To Summit - \u0438\u0434\u0435\u0430\u043b\u044c\u043d\u044b\u0439 \u0441\u043f\u0443\u0442\u043d\u0438\u043a \u0432 \u043f\u0443\u0442\u0435\u0448\u0435\u0441\u0442\u0432\u0438\u044f\u0445. \u041a\u043e\u043c\u043f\u0430\u043a\u0442\u043d\u044b\u0439, \u0431\u0435\u0437\u043e\u043f\u0430\u0441\u043d\u044b\u0439 \u0434\u043b\u044f \u0431\u0430\u0433\u0430\u0436\u0430, \u043e\u0441\u0442\u0430\u0432\u043b\u044f\u0435\u0442 \u0432\u043e\u043b\u043e\u0441\u044b \u043c\u044f\u0433\u043a\u0438\u043c\u0438 \u0438 \u0431\u043b\u0435\u0441\u0442\u044f\u0449\u0438\u043c\u0438.","og_url":"https:\/\/xstyle.md\/ro\/produs\/shampun-kondicioner-sea-to-summit-pocket-shampoo-with-conditioner\/","og_site_name":"\u041c\u0430\u0433\u0430\u0437\u0438\u043d Xstyle","article_publisher":"https:\/\/www.facebook.com\/xstylemd","article_modified_time":"2025-02-18T15:30:05+00:00","og_image":[{"width":2259,"height":2560,"url":"https:\/\/xstyle.md\/wp-content\/uploads\/2020\/07\/sea-to-summit-pocket-shampoo-with-conditioner-scaled.jpg","type":"image\/jpeg"}],"twitter_card":"summary_large_image","twitter_misc":{"Pre\u021b":"75&nbsp;MDL","Disponibilitate":"Stoc epuizat"},"schema":{"@context":"https:\/\/schema.org","@graph":[{"@type":"WebPage","@id":"https:\/\/xstyle.md\/product\/shampun-kondicioner-sea-to-summit-pocket-shampoo-with-conditioner\/","url":"https:\/\/xstyle.md\/product\/shampun-kondicioner-sea-to-summit-pocket-shampoo-with-conditioner\/","name":"\u0218ampon-conditioner - Magazin Xstyle","isPartOf":{"@id":"https:\/\/xstyle.md\/#website"},"primaryImageOfPage":{"@id":"https:\/\/xstyle.md\/product\/shampun-kondicioner-sea-to-summit-pocket-shampoo-with-conditioner\/#primaryimage"},"image":{"@id":"https:\/\/xstyle.md\/product\/shampun-kondicioner-sea-to-summit-pocket-shampoo-with-conditioner\/#primaryimage"},"thumbnailUrl":"https:\/\/xstyle.md\/wp-content\/uploads\/2020\/07\/sea-to-summit-pocket-shampoo-with-conditioner-scaled.jpg","datePublished":"2020-07-16T14:18:28+00:00","dateModified":"2025-02-18T15:30:05+00:00","description":"\u0218amponul-conditions Sea To Summit - companionul ideal \u00een c\u0103l\u0103torii. Compact, sigur pentru bagaje, las\u0103 p\u0103rul moale \u0219i str\u0103lucitor.","breadcrumb":{"@id":"https:\/\/xstyle.md\/product\/shampun-kondicioner-sea-to-summit-pocket-shampoo-with-conditioner\/#breadcrumb"},"inLanguage":"ro-RO","potentialAction":[{"@type":"ReadAction","target":["https:\/\/xstyle.md\/product\/shampun-kondicioner-sea-to-summit-pocket-shampoo-with-conditioner\/"]}]},{"@type":"ImageObject","inLanguage":"ro-RO","@id":"https:\/\/xstyle.md\/product\/shampun-kondicioner-sea-to-summit-pocket-shampoo-with-conditioner\/#primaryimage","url":"https:\/\/xstyle.md\/wp-content\/uploads\/2020\/07\/sea-to-summit-pocket-shampoo-with-conditioner-scaled.jpg","contentUrl":"https:\/\/xstyle.md\/wp-content\/uploads\/2020\/07\/sea-to-summit-pocket-shampoo-with-conditioner-scaled.jpg","width":1694,"height":1920,"caption":"\u041f\u043e\u0440\u0442\u0430\u0442\u0438\u0432\u043d\u044b\u0439 \u0448\u0430\u043c\u043f\u0443\u043d\u044c \u0441 \u043a\u043e\u043d\u0434\u0438\u0446\u0438\u043e\u043d\u0435\u0440\u043e\u043c Sea to Summit \u0434\u043b\u044f \u0430\u043a\u0442\u0438\u0432\u043d\u043e\u0433\u043e \u043e\u0442\u0434\u044b\u0445\u0430, \u0442\u0443\u0440\u0438\u0437\u043c\u0430 \u0438 \u043f\u043e\u0445\u043e\u0434\u043e\u0432, \u0438\u0434\u0435\u0430\u043b\u0435\u043d \u0434\u043b\u044f \u043f\u0443\u0442\u0435\u0448\u0435\u0441\u0442\u0432\u0438\u0439 \u0438 \u0430\u043a\u0442\u0438\u0432\u043d\u043e\u0439 \u0436\u0438\u0437\u043d\u0438."},{"@type":"BreadcrumbList","@id":"https:\/\/xstyle.md\/product\/shampun-kondicioner-sea-to-summit-pocket-shampoo-with-conditioner\/#breadcrumb","itemListElement":[{"@type":"ListItem","position":1,"name":"\u0413\u043b\u0430\u0432\u043d\u0430\u044f \u0441\u0442\u0440\u0430\u043d\u0438\u0446\u0430","item":"https:\/\/xstyle.md\/"},{"@type":"ListItem","position":2,"name":"\u041c\u0430\u0433\u0430\u0437\u0438\u043d","item":"https:\/\/xstyle.md\/shop\/"},{"@type":"ListItem","position":3,"name":"\u0428\u0430\u043c\u043f\u0443\u043d\u044c-\u043a\u043e\u043d\u0434\u0438\u0446\u0438\u043e\u043d\u0435\u0440 Sea To Summit Pocket Shampoo with conditioner"}]},{"@type":"WebSite","@id":"https:\/\/xstyle.md\/#website","url":"https:\/\/xstyle.md\/","name":"Magazinul X-Style","description":"Echipamente pentru turism \u0219i sporturi extreme \u00een Moldova. Pre\u021buri, fotografii, caracteristici \u00een Moldova.","publisher":{"@id":"https:\/\/xstyle.md\/#organization"},"alternateName":"X-Style","potentialAction":[{"@type":"SearchAction","target":{"@type":"EntryPoint","urlTemplate":"https:\/\/xstyle.md\/?s={search_term_string}"},"query-input":{"@type":"PropertyValueSpecification","valueRequired":true,"valueName":"search_term_string"}}],"inLanguage":"ro-RO"},{"@type":"Organization","@id":"https:\/\/xstyle.md\/#organization","name":"Magazinul X-Style","alternateName":"x-style","url":"https:\/\/xstyle.md\/","logo":{"@type":"ImageObject","inLanguage":"ro-RO","@id":"https:\/\/xstyle.md\/#\/schema\/logo\/image\/","url":"https:\/\/xstyle.md\/wp-content\/uploads\/2020\/06\/logoicon.svg","contentUrl":"https:\/\/xstyle.md\/wp-content\/uploads\/2020\/06\/logoicon.svg","caption":"\u041c\u0430\u0433\u0430\u0437\u0438\u043d Xstyle"},"image":{"@id":"https:\/\/xstyle.md\/#\/schema\/logo\/image\/"},"sameAs":["https:\/\/www.facebook.com\/xstylemd","https:\/\/www.instagram.com\/xstyle_md\/","https:\/\/t.me\/xstyle_outdoor"],"hasMerchantReturnPolicy":{"@type":"MerchantReturnPolicy","merchantReturnLink":"https:\/\/xstyle.md\/ro\/conditions\/"}}]},"product_price_amount":"75.00","product_price_currency":"MDL","og_availability":"out of stock","product_availability":"out of stock","product_retailer_item_id":"9327868019380","product_condition":"new"},"post_mailing_queue_ids":[],"_links":{"self":[{"href":"https:\/\/xstyle.md\/ro\/wp-json\/wp\/v2\/product\/2674","targetHints":{"allow":["GET"]}}],"collection":[{"href":"https:\/\/xstyle.md\/ro\/wp-json\/wp\/v2\/product"}],"about":[{"href":"https:\/\/xstyle.md\/ro\/wp-json\/wp\/v2\/types\/product"}],"replies":[{"embeddable":true,"href":"https:\/\/xstyle.md\/ro\/wp-json\/wp\/v2\/comments?post=2674"}],"wp:featuredmedia":[{"embeddable":true,"href":"https:\/\/xstyle.md\/ro\/wp-json\/wp\/v2\/media\/88966"}],"wp:attachment":[{"href":"https:\/\/xstyle.md\/ro\/wp-json\/wp\/v2\/media?parent=2674"}],"wp:term":[{"taxonomy":"product_brand","embeddable":true,"href":"https:\/\/xstyle.md\/ro\/wp-json\/wp\/v2\/product_brand?post=2674"},{"taxonomy":"product_cat","embeddable":true,"href":"https:\/\/xstyle.md\/ro\/wp-json\/wp\/v2\/product_cat?post=2674"},{"taxonomy":"product_tag","embeddable":true,"href":"https:\/\/xstyle.md\/ro\/wp-json\/wp\/v2\/product_tag?post=2674"}],"curies":[{"name":"wp","href":"https:\/\/api.w.org\/{rel}","templated":true}]}}