{"id":2584,"date":"2020-07-16T17:13:45","date_gmt":"2020-07-16T14:13:45","guid":{"rendered":"https:\/\/xstyle.md\/product\/bahily-sea-to-summit-grasshopper-gaiters"},"modified":"2025-10-02T19:01:05","modified_gmt":"2025-10-02T16:01:05","slug":"bahily-sea-to-summit-grasshopper-gaiters","status":"publish","type":"product","link":"https:\/\/xstyle.md\/ro\/produs\/bahily-sea-to-summit-grasshopper-gaiters\/","title":{"rendered":"Paraz\u0103pezi STS Grasshopper Gaiters black"},"content":{"rendered":"<\/p>\n<p>Parazapezi <strong>STS Grasshopper Gaiters<\/strong> &#8212; sunt confec\u021bionate din \u021bes\u0103tur\u0103 rezistent\u0103 la ap\u0103 \u0219i sunt concepute pentru a \u00eempiedica z\u0103pada, noroiul sau nisipul s\u0103 intre \u00een cizmele de drume\u021bie. \u00cen partea de jos, exist\u0103 o clem\u0103 pentru fixarea jambierelor de \u0219ireturile cizmelor \u0219i o bucl\u0103 pentru fixarea lor de talp\u0103, pentru a \u00eempiedica alunecarea lor \u00een sus. At\u00e2t partea inferioar\u0103, c\u00e2t \u0219i cea din mijloc, este echipat\u0103 cu o band\u0103 elastic\u0103, care este conceput\u0103 pentru a se potrivi str\u00e2ns la piciorul ghetrei \u0219i a asigura astfel o potrivire mai sigur\u0103.<\/p>\n<h3>Particularit\u0103\u021bi<\/h3>\n<ul>\n<li>U\u0219or de reglat \u0219i foarte confortabil<\/li>\n<li>Fabricat din \u021bes\u0103tur\u0103 rezistent\u0103 la ap\u0103<\/li>\n<li>Fermoar cu velcro pe toat\u0103 lungimea<\/li>\n<li>O band\u0103 elastic\u0103 ofer\u0103 un suport suplimentar pentru curelele de glezn\u0103<\/li>\n<li>Fermoar de velcro \u0219i nit din o\u021bel.<\/li>\n<\/ul>\n<h3>Caracteristici<\/h3>\n<ul>\n<li>Material &#8212; 600D Ripstop Poliester<\/li>\n<li>Scop &#8212; drume\u021bii\/c\u0103l\u0103torii<\/li>\n<li>Greutate &#8212; 110g<\/li>\n<li>Model &#8212; unisex.<\/li>\n<\/ul>\n<h3>Tehnologie<\/h3>\n<ul>\n<li><strong>Ripstop <\/strong>&#8212; este un grup mare de materiale \u021besute cu rezisten\u021b\u0103 sporit\u0103. Rezisten\u021ba la rupere este asigurat\u0103 prin \u00eencorporarea de fire polimerice. \u021aes\u0103turile Ripstop sunt utilizate pentru \u00eembr\u0103c\u0103minte special\u0103, uniforme militare, echipamente sportive \u0219i multe alte produse care sunt supuse unor sarcini grele.<\/li>\n<li><strong>Velcro <\/strong>&#8212; dispozitiv de fixare textil\u0103, cunoscut sub numele de Velcro, care func\u021bioneaz\u0103 pe principiul unui brusture. Acesta este un bun exemplu de biomimetic\u0103. Un tip de \u00eenchiz\u0103toare, este o pereche de panglici textile, dintre care una are micro-c\u00e2rlige \u0219i cealalt\u0103 micro-bucle. Atunci c\u00e2nd cele dou\u0103 benzi intr\u0103 \u00een contact, microc\u00e2rligele \u0219i microbuclucurile se aga\u021b\u0103 \u0219i o band\u0103 se &#171;lipe\u0219te&#187; de cealalt\u0103, motiv pentru care dispozitivul de fixare este numit &#171;Velcro&#187;.<\/li>\n<\/ul>\n<p>","protected":false},"excerpt":{"rendered":"<p>Paraz\u0103pezi STS Grasshopper Gaiters black<\/p>","protected":false},"featured_media":2583,"comment_status":"open","ping_status":"closed","template":"","meta":{"_acf_changed":false,"inline_featured_image":false},"product_brand":[1281],"product_cat":[347],"product_tag":[],"class_list":{"0":"post-2584","1":"product","2":"type-product","3":"status-publish","4":"has-post-thumbnail","6":"product_brand-sea-to-summit","7":"product_cat-shoe-covers","9":"first","10":"instock","11":"shipping-taxable","12":"purchasable","13":"product-type-simple"},"acf":[],"yoast_head":"<!-- This site is optimized with the Yoast SEO plugin v27.2 - https:\/\/yoast.com\/product\/yoast-seo-wordpress\/ -->\n<title>\u0411\u0430\u0445\u0438\u043b\u044b STS Grasshopper Gaiters black - \u041c\u0430\u0433\u0430\u0437\u0438\u043d Xstyle<\/title>\n<meta name=\"description\" content=\"\u0411\u0430\u0445\u0438\u043b\u044b STS Grasshopper Gaiters \u0447\u0435\u0440\u043d\u044b\u0435 \u0437\u0430\u0449\u0438\u0449\u0430\u044e\u0442 \u043e\u0442 \u0441\u043d\u0435\u0433\u0430 \u0438 \u0433\u0440\u044f\u0437\u0438, \u043e\u0431\u0435\u0441\u043f\u0435\u0447\u0438\u0432\u0430\u044f \u043d\u0430\u0434\u0435\u0436\u043d\u0443\u044e \u0444\u0438\u043a\u0441\u0430\u0446\u0438\u044e. \u0418\u0434\u0435\u0430\u043b\u044c\u043d\u044b \u0434\u043b\u044f \u0434\u0430\u043b\u0435\u043a\u0438\u0445 \u043f\u043e\u0445\u043e\u0434\u043e\u0432 \u0438 \u0430\u043a\u0442\u0438\u0432\u043d\u043e\u0433\u043e \u043e\u0442\u0434\u044b\u0445\u0430.\" \/>\n<meta name=\"robots\" content=\"index, follow, max-snippet:-1, max-image-preview:large, max-video-preview:-1\" \/>\n<link rel=\"canonical\" href=\"https:\/\/xstyle.md\/ro\/produs\/bahily-sea-to-summit-grasshopper-gaiters\/\" \/>\n<meta property=\"og:locale\" content=\"ro_RO\" \/>\n<meta property=\"og:type\" content=\"article\" \/>\n<meta property=\"og:title\" content=\"\u0411\u0430\u0445\u0438\u043b\u044b STS Grasshopper Gaiters black - \u041c\u0430\u0433\u0430\u0437\u0438\u043d Xstyle\" \/>\n<meta property=\"og:description\" content=\"\u0411\u0430\u0445\u0438\u043b\u044b STS Grasshopper Gaiters \u0447\u0435\u0440\u043d\u044b\u0435 \u0437\u0430\u0449\u0438\u0449\u0430\u044e\u0442 \u043e\u0442 \u0441\u043d\u0435\u0433\u0430 \u0438 \u0433\u0440\u044f\u0437\u0438, \u043e\u0431\u0435\u0441\u043f\u0435\u0447\u0438\u0432\u0430\u044f \u043d\u0430\u0434\u0435\u0436\u043d\u0443\u044e \u0444\u0438\u043a\u0441\u0430\u0446\u0438\u044e. \u0418\u0434\u0435\u0430\u043b\u044c\u043d\u044b \u0434\u043b\u044f \u0434\u0430\u043b\u0435\u043a\u0438\u0445 \u043f\u043e\u0445\u043e\u0434\u043e\u0432 \u0438 \u0430\u043a\u0442\u0438\u0432\u043d\u043e\u0433\u043e \u043e\u0442\u0434\u044b\u0445\u0430.\" \/>\n<meta property=\"og:url\" content=\"https:\/\/xstyle.md\/ro\/produs\/bahily-sea-to-summit-grasshopper-gaiters\/\" \/>\n<meta property=\"og:site_name\" content=\"\u041c\u0430\u0433\u0430\u0437\u0438\u043d Xstyle\" \/>\n<meta property=\"article:publisher\" content=\"https:\/\/www.facebook.com\/xstylemd\" \/>\n<meta property=\"article:modified_time\" content=\"2025-10-02T16:01:05+00:00\" \/>\n<meta property=\"og:image\" content=\"https:\/\/xstyle.md\/wp-content\/uploads\/2020\/07\/grasshopper.jpg\" \/>\n\t<meta property=\"og:image:width\" content=\"300\" \/>\n\t<meta property=\"og:image:height\" content=\"357\" \/>\n\t<meta property=\"og:image:type\" content=\"image\/jpeg\" \/>\n<meta name=\"twitter:card\" content=\"summary_large_image\" \/>\n<meta name=\"twitter:label1\" content=\"Pre\u021b\" \/>\n\t<meta name=\"twitter:data1\" content=\"850&nbsp;MDL\" \/>\n\t<meta name=\"twitter:label2\" content=\"Disponibilitate\" \/>\n\t<meta name=\"twitter:data2\" content=\"\u00cen stoc\" \/>\n<script type=\"application\/ld+json\" class=\"yoast-schema-graph\">{\"@context\":\"https:\/\/schema.org\",\"@graph\":[{\"@type\":\"WebPage\",\"@id\":\"https:\/\/xstyle.md\/product\/bahily-sea-to-summit-grasshopper-gaiters\/\",\"url\":\"https:\/\/xstyle.md\/product\/bahily-sea-to-summit-grasshopper-gaiters\/\",\"name\":\"\u0411\u0430\u0445\u0438\u043b\u044b STS Grasshopper Gaiters black - \u041c\u0430\u0433\u0430\u0437\u0438\u043d Xstyle\",\"isPartOf\":{\"@id\":\"https:\/\/xstyle.md\/#website\"},\"primaryImageOfPage\":{\"@id\":\"https:\/\/xstyle.md\/product\/bahily-sea-to-summit-grasshopper-gaiters\/#primaryimage\"},\"image\":{\"@id\":\"https:\/\/xstyle.md\/product\/bahily-sea-to-summit-grasshopper-gaiters\/#primaryimage\"},\"thumbnailUrl\":\"https:\/\/xstyle.md\/wp-content\/uploads\/2020\/07\/grasshopper.jpg\",\"datePublished\":\"2020-07-16T14:13:45+00:00\",\"dateModified\":\"2025-10-02T16:01:05+00:00\",\"description\":\"\u0411\u0430\u0445\u0438\u043b\u044b STS Grasshopper Gaiters \u0447\u0435\u0440\u043d\u044b\u0435 \u0437\u0430\u0449\u0438\u0449\u0430\u044e\u0442 \u043e\u0442 \u0441\u043d\u0435\u0433\u0430 \u0438 \u0433\u0440\u044f\u0437\u0438, \u043e\u0431\u0435\u0441\u043f\u0435\u0447\u0438\u0432\u0430\u044f \u043d\u0430\u0434\u0435\u0436\u043d\u0443\u044e \u0444\u0438\u043a\u0441\u0430\u0446\u0438\u044e. \u0418\u0434\u0435\u0430\u043b\u044c\u043d\u044b \u0434\u043b\u044f \u0434\u0430\u043b\u0435\u043a\u0438\u0445 \u043f\u043e\u0445\u043e\u0434\u043e\u0432 \u0438 \u0430\u043a\u0442\u0438\u0432\u043d\u043e\u0433\u043e \u043e\u0442\u0434\u044b\u0445\u0430.\",\"breadcrumb\":{\"@id\":\"https:\/\/xstyle.md\/product\/bahily-sea-to-summit-grasshopper-gaiters\/#breadcrumb\"},\"inLanguage\":\"ro-RO\",\"potentialAction\":[{\"@type\":\"ReadAction\",\"target\":[\"https:\/\/xstyle.md\/product\/bahily-sea-to-summit-grasshopper-gaiters\/\"]}]},{\"@type\":\"ImageObject\",\"inLanguage\":\"ro-RO\",\"@id\":\"https:\/\/xstyle.md\/product\/bahily-sea-to-summit-grasshopper-gaiters\/#primaryimage\",\"url\":\"https:\/\/xstyle.md\/wp-content\/uploads\/2020\/07\/grasshopper.jpg\",\"contentUrl\":\"https:\/\/xstyle.md\/wp-content\/uploads\/2020\/07\/grasshopper.jpg\",\"width\":300,\"height\":357},{\"@type\":\"BreadcrumbList\",\"@id\":\"https:\/\/xstyle.md\/product\/bahily-sea-to-summit-grasshopper-gaiters\/#breadcrumb\",\"itemListElement\":[{\"@type\":\"ListItem\",\"position\":1,\"name\":\"\u0413\u043b\u0430\u0432\u043d\u0430\u044f \u0441\u0442\u0440\u0430\u043d\u0438\u0446\u0430\",\"item\":\"https:\/\/xstyle.md\/\"},{\"@type\":\"ListItem\",\"position\":2,\"name\":\"\u041c\u0430\u0433\u0430\u0437\u0438\u043d\",\"item\":\"https:\/\/xstyle.md\/shop\/\"},{\"@type\":\"ListItem\",\"position\":3,\"name\":\"\u0411\u0430\u0445\u0438\u043b\u044b STS Grasshopper Gaiters black\"}]},{\"@type\":\"WebSite\",\"@id\":\"https:\/\/xstyle.md\/#website\",\"url\":\"https:\/\/xstyle.md\/\",\"name\":\"\u041c\u0430\u0433\u0430\u0437\u0438\u043d Xstyle\",\"description\":\"C\u043d\u0430\u0440\u044f\u0436\u0435\u043d\u0438\u0435 \u0434\u043b\u044f \u0442\u0443\u0440\u0438\u0437\u043c\u0430 \u0438 \u044d\u043a\u0441\u0442\u0440\u0435\u043c\u0430\u043b\u044c\u043d\u044b\u0445 \u0432\u0438\u0434\u043e\u0432 \u0441\u043f\u043e\u0440\u0442\u0430 \u0432 \u041c\u043e\u043b\u0434\u043e\u0432\u0435.. \u0426\u0435\u043d\u044b, \u0444\u043e\u0442\u043e, \u0445\u0430\u0440\u0430\u043a\u0442\u0435\u0440\u0438\u0441\u0442\u0438\u043a\u0438 \u0432 \u041c\u043e\u043b\u0434\u043e\u0432\u0435.\",\"publisher\":{\"@id\":\"https:\/\/xstyle.md\/#organization\"},\"alternateName\":\"X-Style\",\"potentialAction\":[{\"@type\":\"SearchAction\",\"target\":{\"@type\":\"EntryPoint\",\"urlTemplate\":\"https:\/\/xstyle.md\/?s={search_term_string}\"},\"query-input\":{\"@type\":\"PropertyValueSpecification\",\"valueRequired\":true,\"valueName\":\"search_term_string\"}}],\"inLanguage\":\"ro-RO\"},{\"@type\":\"Organization\",\"@id\":\"https:\/\/xstyle.md\/#organization\",\"name\":\"\u041c\u0430\u0433\u0430\u0437\u0438\u043d Xstyle\",\"alternateName\":\"x-style\",\"url\":\"https:\/\/xstyle.md\/\",\"logo\":{\"@type\":\"ImageObject\",\"inLanguage\":\"ro-RO\",\"@id\":\"https:\/\/xstyle.md\/#\/schema\/logo\/image\/\",\"url\":\"https:\/\/xstyle.md\/wp-content\/uploads\/2020\/06\/logoicon.svg\",\"contentUrl\":\"https:\/\/xstyle.md\/wp-content\/uploads\/2020\/06\/logoicon.svg\",\"caption\":\"\u041c\u0430\u0433\u0430\u0437\u0438\u043d Xstyle\"},\"image\":{\"@id\":\"https:\/\/xstyle.md\/#\/schema\/logo\/image\/\"},\"sameAs\":[\"https:\/\/www.facebook.com\/xstylemd\",\"https:\/\/www.instagram.com\/xstyle_md\/\",\"https:\/\/t.me\/xstyle_outdoor\"],\"hasMerchantReturnPolicy\":{\"@type\":\"MerchantReturnPolicy\",\"merchantReturnLink\":\"https:\/\/xstyle.md\/ro\/conditions\/\"}}]}<\/script>\n<meta property=\"product:price:amount\" content=\"850.00\" \/>\n<meta property=\"product:price:currency\" content=\"MDL\" \/>\n<meta property=\"og:availability\" content=\"instock\" \/>\n<meta property=\"product:availability\" content=\"instock\" \/>\n<meta property=\"product:retailer_item_id\" content=\"9327868002481\" \/>\n<meta property=\"product:condition\" content=\"new\" \/>\n<!-- \/ Yoast SEO plugin. -->","yoast_head_json":{"title":"Paraz\u0103pezi STS Grasshopper Gaiters black - Magazin Xstyle","description":"Bachile STS Grasshopper Gaiters negre protejeaz\u0103 \u00eempotriva z\u0103pezii \u0219i murd\u0103riei, asigur\u00e2nd o fixare sigur\u0103. Ideal pentru drume\u021bii lungi \u0219i activit\u0103\u021bi de recreere.","robots":{"index":"index","follow":"follow","max-snippet":"max-snippet:-1","max-image-preview":"max-image-preview:large","max-video-preview":"max-video-preview:-1"},"canonical":"https:\/\/xstyle.md\/ro\/produs\/bahily-sea-to-summit-grasshopper-gaiters\/","og_locale":"ro_RO","og_type":"article","og_title":"\u0411\u0430\u0445\u0438\u043b\u044b STS Grasshopper Gaiters black - \u041c\u0430\u0433\u0430\u0437\u0438\u043d Xstyle","og_description":"\u0411\u0430\u0445\u0438\u043b\u044b STS Grasshopper Gaiters \u0447\u0435\u0440\u043d\u044b\u0435 \u0437\u0430\u0449\u0438\u0449\u0430\u044e\u0442 \u043e\u0442 \u0441\u043d\u0435\u0433\u0430 \u0438 \u0433\u0440\u044f\u0437\u0438, \u043e\u0431\u0435\u0441\u043f\u0435\u0447\u0438\u0432\u0430\u044f \u043d\u0430\u0434\u0435\u0436\u043d\u0443\u044e \u0444\u0438\u043a\u0441\u0430\u0446\u0438\u044e. \u0418\u0434\u0435\u0430\u043b\u044c\u043d\u044b \u0434\u043b\u044f \u0434\u0430\u043b\u0435\u043a\u0438\u0445 \u043f\u043e\u0445\u043e\u0434\u043e\u0432 \u0438 \u0430\u043a\u0442\u0438\u0432\u043d\u043e\u0433\u043e \u043e\u0442\u0434\u044b\u0445\u0430.","og_url":"https:\/\/xstyle.md\/ro\/produs\/bahily-sea-to-summit-grasshopper-gaiters\/","og_site_name":"\u041c\u0430\u0433\u0430\u0437\u0438\u043d Xstyle","article_publisher":"https:\/\/www.facebook.com\/xstylemd","article_modified_time":"2025-10-02T16:01:05+00:00","og_image":[{"width":300,"height":357,"url":"https:\/\/xstyle.md\/wp-content\/uploads\/2020\/07\/grasshopper.jpg","type":"image\/jpeg"}],"twitter_card":"summary_large_image","twitter_misc":{"Pre\u021b":"850&nbsp;MDL","Disponibilitate":"\u00cen stoc"},"schema":{"@context":"https:\/\/schema.org","@graph":[{"@type":"WebPage","@id":"https:\/\/xstyle.md\/product\/bahily-sea-to-summit-grasshopper-gaiters\/","url":"https:\/\/xstyle.md\/product\/bahily-sea-to-summit-grasshopper-gaiters\/","name":"Paraz\u0103pezi STS Grasshopper Gaiters black - Magazin Xstyle","isPartOf":{"@id":"https:\/\/xstyle.md\/#website"},"primaryImageOfPage":{"@id":"https:\/\/xstyle.md\/product\/bahily-sea-to-summit-grasshopper-gaiters\/#primaryimage"},"image":{"@id":"https:\/\/xstyle.md\/product\/bahily-sea-to-summit-grasshopper-gaiters\/#primaryimage"},"thumbnailUrl":"https:\/\/xstyle.md\/wp-content\/uploads\/2020\/07\/grasshopper.jpg","datePublished":"2020-07-16T14:13:45+00:00","dateModified":"2025-10-02T16:01:05+00:00","description":"Bachile STS Grasshopper Gaiters negre protejeaz\u0103 \u00eempotriva z\u0103pezii \u0219i murd\u0103riei, asigur\u00e2nd o fixare sigur\u0103. Ideal pentru drume\u021bii lungi \u0219i activit\u0103\u021bi de recreere.","breadcrumb":{"@id":"https:\/\/xstyle.md\/product\/bahily-sea-to-summit-grasshopper-gaiters\/#breadcrumb"},"inLanguage":"ro-RO","potentialAction":[{"@type":"ReadAction","target":["https:\/\/xstyle.md\/product\/bahily-sea-to-summit-grasshopper-gaiters\/"]}]},{"@type":"ImageObject","inLanguage":"ro-RO","@id":"https:\/\/xstyle.md\/product\/bahily-sea-to-summit-grasshopper-gaiters\/#primaryimage","url":"https:\/\/xstyle.md\/wp-content\/uploads\/2020\/07\/grasshopper.jpg","contentUrl":"https:\/\/xstyle.md\/wp-content\/uploads\/2020\/07\/grasshopper.jpg","width":300,"height":357},{"@type":"BreadcrumbList","@id":"https:\/\/xstyle.md\/product\/bahily-sea-to-summit-grasshopper-gaiters\/#breadcrumb","itemListElement":[{"@type":"ListItem","position":1,"name":"\u0413\u043b\u0430\u0432\u043d\u0430\u044f \u0441\u0442\u0440\u0430\u043d\u0438\u0446\u0430","item":"https:\/\/xstyle.md\/"},{"@type":"ListItem","position":2,"name":"\u041c\u0430\u0433\u0430\u0437\u0438\u043d","item":"https:\/\/xstyle.md\/shop\/"},{"@type":"ListItem","position":3,"name":"\u0411\u0430\u0445\u0438\u043b\u044b STS Grasshopper Gaiters black"}]},{"@type":"WebSite","@id":"https:\/\/xstyle.md\/#website","url":"https:\/\/xstyle.md\/","name":"Magazinul X-Style","description":"Echipamente pentru turism \u0219i sporturi extreme \u00een Moldova. Pre\u021buri, fotografii, caracteristici \u00een Moldova.","publisher":{"@id":"https:\/\/xstyle.md\/#organization"},"alternateName":"X-Style","potentialAction":[{"@type":"SearchAction","target":{"@type":"EntryPoint","urlTemplate":"https:\/\/xstyle.md\/?s={search_term_string}"},"query-input":{"@type":"PropertyValueSpecification","valueRequired":true,"valueName":"search_term_string"}}],"inLanguage":"ro-RO"},{"@type":"Organization","@id":"https:\/\/xstyle.md\/#organization","name":"Magazinul X-Style","alternateName":"x-style","url":"https:\/\/xstyle.md\/","logo":{"@type":"ImageObject","inLanguage":"ro-RO","@id":"https:\/\/xstyle.md\/#\/schema\/logo\/image\/","url":"https:\/\/xstyle.md\/wp-content\/uploads\/2020\/06\/logoicon.svg","contentUrl":"https:\/\/xstyle.md\/wp-content\/uploads\/2020\/06\/logoicon.svg","caption":"\u041c\u0430\u0433\u0430\u0437\u0438\u043d Xstyle"},"image":{"@id":"https:\/\/xstyle.md\/#\/schema\/logo\/image\/"},"sameAs":["https:\/\/www.facebook.com\/xstylemd","https:\/\/www.instagram.com\/xstyle_md\/","https:\/\/t.me\/xstyle_outdoor"],"hasMerchantReturnPolicy":{"@type":"MerchantReturnPolicy","merchantReturnLink":"https:\/\/xstyle.md\/ro\/conditions\/"}}]},"product_price_amount":"850.00","product_price_currency":"MDL","og_availability":"instock","product_availability":"instock","product_retailer_item_id":"9327868002481","product_condition":"new"},"post_mailing_queue_ids":[],"_links":{"self":[{"href":"https:\/\/xstyle.md\/ro\/wp-json\/wp\/v2\/product\/2584","targetHints":{"allow":["GET"]}}],"collection":[{"href":"https:\/\/xstyle.md\/ro\/wp-json\/wp\/v2\/product"}],"about":[{"href":"https:\/\/xstyle.md\/ro\/wp-json\/wp\/v2\/types\/product"}],"replies":[{"embeddable":true,"href":"https:\/\/xstyle.md\/ro\/wp-json\/wp\/v2\/comments?post=2584"}],"wp:featuredmedia":[{"embeddable":true,"href":"https:\/\/xstyle.md\/ro\/wp-json\/wp\/v2\/media\/2583"}],"wp:attachment":[{"href":"https:\/\/xstyle.md\/ro\/wp-json\/wp\/v2\/media?parent=2584"}],"wp:term":[{"taxonomy":"product_brand","embeddable":true,"href":"https:\/\/xstyle.md\/ro\/wp-json\/wp\/v2\/product_brand?post=2584"},{"taxonomy":"product_cat","embeddable":true,"href":"https:\/\/xstyle.md\/ro\/wp-json\/wp\/v2\/product_cat?post=2584"},{"taxonomy":"product_tag","embeddable":true,"href":"https:\/\/xstyle.md\/ro\/wp-json\/wp\/v2\/product_tag?post=2584"}],"curies":[{"name":"wp","href":"https:\/\/api.w.org\/{rel}","templated":true}]}}