{"id":2382,"date":"2020-07-16T17:04:23","date_gmt":"2020-07-16T14:04:23","guid":{"rendered":"https:\/\/xstyle.md\/product\/kreplenie-thule-clipon-high-9104"},"modified":"2026-03-04T12:15:41","modified_gmt":"2026-03-04T09:15:41","slug":"kreplenie-thule-clipon-high-9104","status":"publish","type":"product","link":"https:\/\/xstyle.md\/ro\/produs\/kreplenie-thule-clipon-high-9104\/","title":{"rendered":"Suport biciclet\u0103 Thule ClipOn 3 (9104)"},"content":{"rendered":"<\/p>\n<p><strong>Suportul pentru biciclete Thule ClipOn 3 (9104)<\/strong> este predestinat pentru ma\u0219ini cu caroserie tip universal \u0219i hatchback \u0219i v\u0103 permite s\u0103 transporta\u021bi p&acirc;n\u0103 la trei biciclete cu o greutate de p&acirc;n\u0103 la 15 kg fiecare, pe ma\u0219ini cu fixare pe u\u0219a din spate. &Icirc;n acela\u0219i timp, greutatea suportului pe biciclet\u0103 &icirc;n sine este de doar 7,1 kg \u0219i, datorit\u0103 dimensiunii sale compacte, atunci c&acirc;nd este pliat, se &icirc;ncadreaz\u0103 cu u\u0219urin\u021b\u0103 &icirc;n portbagaj. Aceast\u0103 modificare difer\u0103 de 9104 &icirc;n diametru \u0219i greutatea tubului. Modelele 9104 \u0219i 9103 sunt compatibile cu diferite m\u0103rci \u0219i modele de ma\u0219ini.<\/p>\n<p>Sistemul unic de montare Snap-on simplific\u0103 foarte mult instalarea Thule ClipOn 3 pe un vehicul. Este suficient s\u0103 ajusta\u021bi o dat\u0103 pozi\u021bia suporturilor &icirc;n conformitate cu dimensiunile u\u0219ii din spate, iar &icirc;n viitor instalarea va dura c&acirc;teva secunde. Fixarea suporturilor pe marginile u\u0219ii se realizeaz\u0103 cu ajutorul unei p&acirc;rghii. Deschiderea u\u0219ii din spate se poate face f\u0103r\u0103 demontarea suportului, dar numai dup\u0103 scoaterea bicicletelor din ea.<\/p>\n<p>Bicicletele de pe suportul ClipOn 3 sunt fixate cu suporturi flexibile pentru cadru, precum \u0219i cu o centur\u0103 special\u0103. Pentru bicicletele f\u0103r\u0103 cadru superior, trebuie s\u0103 utiliza\u021bi un adaptor special.<\/p>\n<p>Compania creeaz&atilde; produsele de cea mai &icirc;nalt&atilde; clas&atilde;, care este r&atilde;sp&icirc;ndit&atilde; prin calitate superioar&atilde;, siguran\u021b&atilde;, simplitate prin utilizare \u015fi aspect robust. Compania suedez&atilde; Thule produce boxe \u015fi alte accesorii pentru automobil dup&atilde; cele mai inovative tehnologii. Toate produsele trec un control minu\u0163ios &icirc;n diverse condi\u021bii, pentru ca Dvs s&atilde; fi\u0163i convin\u015fi de profesionalismul s&atilde;u. <\/p>\n<p><em>Garan\u021bia oficial&atilde; de la produc&atilde;tor se r&atilde;sp&acirc;nde\u015fte asupra tuturor produselor Thule \u015fi este valabil\u0103 5 ani.<\/em><\/p>\n<h3>Specificatii<\/h3>\n<ul>\n<li>U\u0219or de montat pe u\u0219a din spate, cu un sistem unic de montare Snap-on<\/li>\n<li>Toate piesele sunt acoperite cu cauciuc pentru o protec\u021bie suplimentar\u0103.<\/li>\n<li>Se pliaz\u0103 compact pentru o stocare u\u0219oar\u0103<\/li>\n<li>Poate fi ata\u0219at Thule Lightboard 976<\/li>\n<li>Utiliza\u021bi adaptorul Thule Bike Frame 982pentru a monta bicicletele.<\/li>\n<li>Acest produs nu este universal \u0219i vine &icirc;n dou\u0103 versiuni (9103 \u0219i 9104), care au diametre diferite, adaptate pentru diferite modele de ma\u0219ini.<\/li>\n<\/ul>\n<div>\n<h3>Caracteristici<\/h3>\n<ul>\n<li>Num\u0103rul maxim de biciclete &#8212; 3<\/li>\n<li>Sarcin\u0103 util\u0103 &#8212; 45 kg<\/li>\n<li>Greutatea maxim\u0103 a bicicletei &#8212; 15 kg<\/li>\n<li>Dimensiuni &#8212; 57 x 82 x 116 cm<\/li>\n<li>Pliat &#8212; 57 x 18 x 107 cm<\/li>\n<li>Greutate 7,1 kg<\/li>\n<li>Dimensiuni cadru compatibile &#8212; toate<\/li>\n<li>Suporturi pentru rame deta\u0219abile &#8212; nu<\/li>\n<li>Potrivit pentru rame de carbon &#8212; da<\/li>\n<li>Bicicletele instalate nu blocheaz\u0103 luminile din spate \u0219i pl\u0103cu\u021ba de &icirc;nmatriculare &#8212; nu<\/li>\n<li>Compatibil cu un sistem cheie &#8212; nu<\/li>\n<li>Bloca\u021bi bicicleta cu lac\u0103t &#8212; da, este necesar un adaptor pentru blocare Thule Cable Lock<\/li>\n<li>&Icirc;ncuie lac\u0103tul la ma\u0219in\u0103 &#8212; nu<\/li>\n<\/ul>\n<\/div>\n<div id=\"techspec\" class=\"span7\">\n<div class=\"techspec-table\">\n<p><iframe loading=\"lazy\" title=\"Bike Carrier Rear - Thule ClipOn\" width=\"640\" height=\"360\" src=\"https:\/\/www.youtube.com\/embed\/H2eZs-AgZNo?feature=oembed\" frameborder=\"0\" allow=\"accelerometer; autoplay; clipboard-write; encrypted-media; gyroscope; picture-in-picture; web-share\" referrerpolicy=\"strict-origin-when-cross-origin\" allowfullscreen><\/iframe><\/p>\n<\/div>\n<\/div>\n<p><\/p>","protected":false},"excerpt":{"rendered":"<p>Suport biciclet\u0103 Thule ClipOn 3 (9104)<\/p>","protected":false},"featured_media":2378,"comment_status":"open","ping_status":"closed","template":"","meta":{"_acf_changed":false,"inline_featured_image":false},"product_brand":[1269],"product_cat":[264],"product_tag":[],"class_list":{"0":"post-2382","1":"product","2":"type-product","3":"status-publish","4":"has-post-thumbnail","6":"product_brand-thule","7":"product_cat-back-door","9":"first","10":"instock","11":"shipping-taxable","12":"purchasable","13":"product-type-simple"},"acf":[],"yoast_head":"<!-- This site is optimized with the Yoast SEO plugin v27.2 - https:\/\/yoast.com\/product\/yoast-seo-wordpress\/ -->\n<title>\u041a\u0440\u0435\u043f\u043b\u0435\u043d\u0438\u0435 \u0434\u043b\u044f \u0432\u0435\u043b\u043e\u0441\u0438\u043f\u0435\u0434\u0430 Thule ClipOn 3 (9104) - \u041c\u0430\u0433\u0430\u0437\u0438\u043d Xstyle<\/title>\n<meta name=\"description\" content=\"\u041a\u0440\u0435\u043f\u043b\u0435\u043d\u0438\u0435 \u0434\u043b\u044f \u0432\u0435\u043b\u043e\u0441\u0438\u043f\u0435\u0434\u0430 Thule ClipOn 3 (9104) \u0438\u0434\u0435\u0430\u043b\u044c\u043d\u043e \u043f\u043e\u0434\u0445\u043e\u0434\u0438\u0442 \u0434\u043b\u044f \u0443\u043d\u0438\u0432\u0435\u0440\u0441\u0430\u043b\u043e\u0432 \u0438 \u0445\u044d\u0442\u0447\u0431\u0435\u043a\u043e\u0432. \u041b\u0435\u0433\u043a\u043e \u0443\u0441\u0442\u0430\u043d\u0430\u0432\u043b\u0438\u0432\u0430\u0435\u0442\u0441\u044f, \u043d\u0430\u0434\u0435\u0436\u043d\u043e \u0444\u0438\u043a\u0441\u0438\u0440\u0443\u0435\u0442 \u0432\u0435\u043b\u043e\u0441\u0438\u043f\u0435\u0434.\" \/>\n<meta name=\"robots\" content=\"index, follow, max-snippet:-1, max-image-preview:large, max-video-preview:-1\" \/>\n<link rel=\"canonical\" href=\"https:\/\/xstyle.md\/ro\/produs\/kreplenie-thule-clipon-high-9104\/\" \/>\n<meta property=\"og:locale\" content=\"ro_RO\" \/>\n<meta property=\"og:type\" content=\"article\" \/>\n<meta property=\"og:title\" content=\"\u041a\u0440\u0435\u043f\u043b\u0435\u043d\u0438\u0435 \u0434\u043b\u044f \u0432\u0435\u043b\u043e\u0441\u0438\u043f\u0435\u0434\u0430 Thule ClipOn 3 (9104) - \u041c\u0430\u0433\u0430\u0437\u0438\u043d Xstyle\" \/>\n<meta property=\"og:description\" content=\"\u041a\u0440\u0435\u043f\u043b\u0435\u043d\u0438\u0435 \u0434\u043b\u044f \u0432\u0435\u043b\u043e\u0441\u0438\u043f\u0435\u0434\u0430 Thule ClipOn 3 (9104) \u0438\u0434\u0435\u0430\u043b\u044c\u043d\u043e \u043f\u043e\u0434\u0445\u043e\u0434\u0438\u0442 \u0434\u043b\u044f \u0443\u043d\u0438\u0432\u0435\u0440\u0441\u0430\u043b\u043e\u0432 \u0438 \u0445\u044d\u0442\u0447\u0431\u0435\u043a\u043e\u0432. \u041b\u0435\u0433\u043a\u043e \u0443\u0441\u0442\u0430\u043d\u0430\u0432\u043b\u0438\u0432\u0430\u0435\u0442\u0441\u044f, \u043d\u0430\u0434\u0435\u0436\u043d\u043e \u0444\u0438\u043a\u0441\u0438\u0440\u0443\u0435\u0442 \u0432\u0435\u043b\u043e\u0441\u0438\u043f\u0435\u0434.\" \/>\n<meta property=\"og:url\" content=\"https:\/\/xstyle.md\/ro\/produs\/kreplenie-thule-clipon-high-9104\/\" \/>\n<meta property=\"og:site_name\" content=\"\u041c\u0430\u0433\u0430\u0437\u0438\u043d Xstyle\" \/>\n<meta property=\"article:publisher\" content=\"https:\/\/www.facebook.com\/xstylemd\" \/>\n<meta property=\"article:modified_time\" content=\"2026-03-04T09:15:41+00:00\" \/>\n<meta property=\"og:image\" content=\"https:\/\/xstyle.md\/wp-content\/uploads\/2020\/07\/910300_thule_clipon_9104_p_white_51.jpg\" \/>\n\t<meta property=\"og:image:width\" content=\"800\" \/>\n\t<meta property=\"og:image:height\" content=\"600\" \/>\n\t<meta property=\"og:image:type\" content=\"image\/jpeg\" \/>\n<meta name=\"twitter:card\" content=\"summary_large_image\" \/>\n<meta name=\"twitter:label1\" content=\"Pre\u021b\" \/>\n\t<meta name=\"twitter:data1\" content=\"4.690&nbsp;MDL\" \/>\n\t<meta name=\"twitter:label2\" content=\"Disponibilitate\" \/>\n\t<meta name=\"twitter:data2\" content=\"\u00cen stoc\" \/>\n<script type=\"application\/ld+json\" class=\"yoast-schema-graph\">{\"@context\":\"https:\/\/schema.org\",\"@graph\":[{\"@type\":\"WebPage\",\"@id\":\"https:\/\/xstyle.md\/product\/kreplenie-thule-clipon-high-9104\/\",\"url\":\"https:\/\/xstyle.md\/product\/kreplenie-thule-clipon-high-9104\/\",\"name\":\"\u041a\u0440\u0435\u043f\u043b\u0435\u043d\u0438\u0435 \u0434\u043b\u044f \u0432\u0435\u043b\u043e\u0441\u0438\u043f\u0435\u0434\u0430 Thule ClipOn 3 (9104) - \u041c\u0430\u0433\u0430\u0437\u0438\u043d Xstyle\",\"isPartOf\":{\"@id\":\"https:\/\/xstyle.md\/#website\"},\"primaryImageOfPage\":{\"@id\":\"https:\/\/xstyle.md\/product\/kreplenie-thule-clipon-high-9104\/#primaryimage\"},\"image\":{\"@id\":\"https:\/\/xstyle.md\/product\/kreplenie-thule-clipon-high-9104\/#primaryimage\"},\"thumbnailUrl\":\"https:\/\/xstyle.md\/wp-content\/uploads\/2020\/07\/910300_thule_clipon_9104_p_white_51.jpg\",\"datePublished\":\"2020-07-16T14:04:23+00:00\",\"dateModified\":\"2026-03-04T09:15:41+00:00\",\"description\":\"\u041a\u0440\u0435\u043f\u043b\u0435\u043d\u0438\u0435 \u0434\u043b\u044f \u0432\u0435\u043b\u043e\u0441\u0438\u043f\u0435\u0434\u0430 Thule ClipOn 3 (9104) \u0438\u0434\u0435\u0430\u043b\u044c\u043d\u043e \u043f\u043e\u0434\u0445\u043e\u0434\u0438\u0442 \u0434\u043b\u044f \u0443\u043d\u0438\u0432\u0435\u0440\u0441\u0430\u043b\u043e\u0432 \u0438 \u0445\u044d\u0442\u0447\u0431\u0435\u043a\u043e\u0432. \u041b\u0435\u0433\u043a\u043e \u0443\u0441\u0442\u0430\u043d\u0430\u0432\u043b\u0438\u0432\u0430\u0435\u0442\u0441\u044f, \u043d\u0430\u0434\u0435\u0436\u043d\u043e \u0444\u0438\u043a\u0441\u0438\u0440\u0443\u0435\u0442 \u0432\u0435\u043b\u043e\u0441\u0438\u043f\u0435\u0434.\",\"breadcrumb\":{\"@id\":\"https:\/\/xstyle.md\/product\/kreplenie-thule-clipon-high-9104\/#breadcrumb\"},\"inLanguage\":\"ro-RO\",\"potentialAction\":[{\"@type\":\"ReadAction\",\"target\":[\"https:\/\/xstyle.md\/product\/kreplenie-thule-clipon-high-9104\/\"]}]},{\"@type\":\"ImageObject\",\"inLanguage\":\"ro-RO\",\"@id\":\"https:\/\/xstyle.md\/product\/kreplenie-thule-clipon-high-9104\/#primaryimage\",\"url\":\"https:\/\/xstyle.md\/wp-content\/uploads\/2020\/07\/910300_thule_clipon_9104_p_white_51.jpg\",\"contentUrl\":\"https:\/\/xstyle.md\/wp-content\/uploads\/2020\/07\/910300_thule_clipon_9104_p_white_51.jpg\",\"width\":800,\"height\":600},{\"@type\":\"BreadcrumbList\",\"@id\":\"https:\/\/xstyle.md\/product\/kreplenie-thule-clipon-high-9104\/#breadcrumb\",\"itemListElement\":[{\"@type\":\"ListItem\",\"position\":1,\"name\":\"\u0413\u043b\u0430\u0432\u043d\u0430\u044f \u0441\u0442\u0440\u0430\u043d\u0438\u0446\u0430\",\"item\":\"https:\/\/xstyle.md\/\"},{\"@type\":\"ListItem\",\"position\":2,\"name\":\"\u041c\u0430\u0433\u0430\u0437\u0438\u043d\",\"item\":\"https:\/\/xstyle.md\/shop\/\"},{\"@type\":\"ListItem\",\"position\":3,\"name\":\"\u041a\u0440\u0435\u043f\u043b\u0435\u043d\u0438\u0435 \u0434\u043b\u044f \u0432\u0435\u043b\u043e\u0441\u0438\u043f\u0435\u0434\u0430 Thule ClipOn 3 (9104)\"}]},{\"@type\":\"WebSite\",\"@id\":\"https:\/\/xstyle.md\/#website\",\"url\":\"https:\/\/xstyle.md\/\",\"name\":\"\u041c\u0430\u0433\u0430\u0437\u0438\u043d Xstyle\",\"description\":\"C\u043d\u0430\u0440\u044f\u0436\u0435\u043d\u0438\u0435 \u0434\u043b\u044f \u0442\u0443\u0440\u0438\u0437\u043c\u0430 \u0438 \u044d\u043a\u0441\u0442\u0440\u0435\u043c\u0430\u043b\u044c\u043d\u044b\u0445 \u0432\u0438\u0434\u043e\u0432 \u0441\u043f\u043e\u0440\u0442\u0430 \u0432 \u041c\u043e\u043b\u0434\u043e\u0432\u0435.. \u0426\u0435\u043d\u044b, \u0444\u043e\u0442\u043e, \u0445\u0430\u0440\u0430\u043a\u0442\u0435\u0440\u0438\u0441\u0442\u0438\u043a\u0438 \u0432 \u041c\u043e\u043b\u0434\u043e\u0432\u0435.\",\"publisher\":{\"@id\":\"https:\/\/xstyle.md\/#organization\"},\"alternateName\":\"X-Style\",\"potentialAction\":[{\"@type\":\"SearchAction\",\"target\":{\"@type\":\"EntryPoint\",\"urlTemplate\":\"https:\/\/xstyle.md\/?s={search_term_string}\"},\"query-input\":{\"@type\":\"PropertyValueSpecification\",\"valueRequired\":true,\"valueName\":\"search_term_string\"}}],\"inLanguage\":\"ro-RO\"},{\"@type\":\"Organization\",\"@id\":\"https:\/\/xstyle.md\/#organization\",\"name\":\"\u041c\u0430\u0433\u0430\u0437\u0438\u043d Xstyle\",\"alternateName\":\"x-style\",\"url\":\"https:\/\/xstyle.md\/\",\"logo\":{\"@type\":\"ImageObject\",\"inLanguage\":\"ro-RO\",\"@id\":\"https:\/\/xstyle.md\/#\/schema\/logo\/image\/\",\"url\":\"https:\/\/xstyle.md\/wp-content\/uploads\/2020\/06\/logoicon.svg\",\"contentUrl\":\"https:\/\/xstyle.md\/wp-content\/uploads\/2020\/06\/logoicon.svg\",\"caption\":\"\u041c\u0430\u0433\u0430\u0437\u0438\u043d Xstyle\"},\"image\":{\"@id\":\"https:\/\/xstyle.md\/#\/schema\/logo\/image\/\"},\"sameAs\":[\"https:\/\/www.facebook.com\/xstylemd\",\"https:\/\/www.instagram.com\/xstyle_md\/\",\"https:\/\/t.me\/xstyle_outdoor\"],\"hasMerchantReturnPolicy\":{\"@type\":\"MerchantReturnPolicy\",\"merchantReturnLink\":\"https:\/\/xstyle.md\/ro\/conditions\/\"}}]}<\/script>\n<meta property=\"product:price:amount\" content=\"4690.00\" \/>\n<meta property=\"product:price:currency\" content=\"MDL\" \/>\n<meta property=\"og:availability\" content=\"instock\" \/>\n<meta property=\"product:availability\" content=\"instock\" \/>\n<meta property=\"product:retailer_item_id\" content=\"910401\" \/>\n<meta property=\"product:condition\" content=\"new\" \/>\n<!-- \/ Yoast SEO plugin. -->","yoast_head_json":{"title":"THULE ClipOn High 9104 - Magazin Xstyle","description":"Suport pentru biciclet\u0103 Thule ClipOn 3 (9104) este perfect pentru break-uri \u0219i hatchback-uri. Se instaleaz\u0103 u\u0219or \u0219i fixeaz\u0103 bicicleta \u00een mod sigur.","robots":{"index":"index","follow":"follow","max-snippet":"max-snippet:-1","max-image-preview":"max-image-preview:large","max-video-preview":"max-video-preview:-1"},"canonical":"https:\/\/xstyle.md\/ro\/produs\/kreplenie-thule-clipon-high-9104\/","og_locale":"ro_RO","og_type":"article","og_title":"\u041a\u0440\u0435\u043f\u043b\u0435\u043d\u0438\u0435 \u0434\u043b\u044f \u0432\u0435\u043b\u043e\u0441\u0438\u043f\u0435\u0434\u0430 Thule ClipOn 3 (9104) - \u041c\u0430\u0433\u0430\u0437\u0438\u043d Xstyle","og_description":"\u041a\u0440\u0435\u043f\u043b\u0435\u043d\u0438\u0435 \u0434\u043b\u044f \u0432\u0435\u043b\u043e\u0441\u0438\u043f\u0435\u0434\u0430 Thule ClipOn 3 (9104) \u0438\u0434\u0435\u0430\u043b\u044c\u043d\u043e \u043f\u043e\u0434\u0445\u043e\u0434\u0438\u0442 \u0434\u043b\u044f \u0443\u043d\u0438\u0432\u0435\u0440\u0441\u0430\u043b\u043e\u0432 \u0438 \u0445\u044d\u0442\u0447\u0431\u0435\u043a\u043e\u0432. \u041b\u0435\u0433\u043a\u043e \u0443\u0441\u0442\u0430\u043d\u0430\u0432\u043b\u0438\u0432\u0430\u0435\u0442\u0441\u044f, \u043d\u0430\u0434\u0435\u0436\u043d\u043e \u0444\u0438\u043a\u0441\u0438\u0440\u0443\u0435\u0442 \u0432\u0435\u043b\u043e\u0441\u0438\u043f\u0435\u0434.","og_url":"https:\/\/xstyle.md\/ro\/produs\/kreplenie-thule-clipon-high-9104\/","og_site_name":"\u041c\u0430\u0433\u0430\u0437\u0438\u043d Xstyle","article_publisher":"https:\/\/www.facebook.com\/xstylemd","article_modified_time":"2026-03-04T09:15:41+00:00","og_image":[{"width":800,"height":600,"url":"https:\/\/xstyle.md\/wp-content\/uploads\/2020\/07\/910300_thule_clipon_9104_p_white_51.jpg","type":"image\/jpeg"}],"twitter_card":"summary_large_image","twitter_misc":{"Pre\u021b":"4.690&nbsp;MDL","Disponibilitate":"\u00cen stoc"},"schema":{"@context":"https:\/\/schema.org","@graph":[{"@type":"WebPage","@id":"https:\/\/xstyle.md\/product\/kreplenie-thule-clipon-high-9104\/","url":"https:\/\/xstyle.md\/product\/kreplenie-thule-clipon-high-9104\/","name":"THULE ClipOn High 9104 - Magazin Xstyle","isPartOf":{"@id":"https:\/\/xstyle.md\/#website"},"primaryImageOfPage":{"@id":"https:\/\/xstyle.md\/product\/kreplenie-thule-clipon-high-9104\/#primaryimage"},"image":{"@id":"https:\/\/xstyle.md\/product\/kreplenie-thule-clipon-high-9104\/#primaryimage"},"thumbnailUrl":"https:\/\/xstyle.md\/wp-content\/uploads\/2020\/07\/910300_thule_clipon_9104_p_white_51.jpg","datePublished":"2020-07-16T14:04:23+00:00","dateModified":"2026-03-04T09:15:41+00:00","description":"Suport pentru biciclet\u0103 Thule ClipOn 3 (9104) este perfect pentru break-uri \u0219i hatchback-uri. Se instaleaz\u0103 u\u0219or \u0219i fixeaz\u0103 bicicleta \u00een mod sigur.","breadcrumb":{"@id":"https:\/\/xstyle.md\/product\/kreplenie-thule-clipon-high-9104\/#breadcrumb"},"inLanguage":"ro-RO","potentialAction":[{"@type":"ReadAction","target":["https:\/\/xstyle.md\/product\/kreplenie-thule-clipon-high-9104\/"]}]},{"@type":"ImageObject","inLanguage":"ro-RO","@id":"https:\/\/xstyle.md\/product\/kreplenie-thule-clipon-high-9104\/#primaryimage","url":"https:\/\/xstyle.md\/wp-content\/uploads\/2020\/07\/910300_thule_clipon_9104_p_white_51.jpg","contentUrl":"https:\/\/xstyle.md\/wp-content\/uploads\/2020\/07\/910300_thule_clipon_9104_p_white_51.jpg","width":800,"height":600},{"@type":"BreadcrumbList","@id":"https:\/\/xstyle.md\/product\/kreplenie-thule-clipon-high-9104\/#breadcrumb","itemListElement":[{"@type":"ListItem","position":1,"name":"\u0413\u043b\u0430\u0432\u043d\u0430\u044f \u0441\u0442\u0440\u0430\u043d\u0438\u0446\u0430","item":"https:\/\/xstyle.md\/"},{"@type":"ListItem","position":2,"name":"\u041c\u0430\u0433\u0430\u0437\u0438\u043d","item":"https:\/\/xstyle.md\/shop\/"},{"@type":"ListItem","position":3,"name":"\u041a\u0440\u0435\u043f\u043b\u0435\u043d\u0438\u0435 \u0434\u043b\u044f \u0432\u0435\u043b\u043e\u0441\u0438\u043f\u0435\u0434\u0430 Thule ClipOn 3 (9104)"}]},{"@type":"WebSite","@id":"https:\/\/xstyle.md\/#website","url":"https:\/\/xstyle.md\/","name":"Magazinul X-Style","description":"Echipamente pentru turism \u0219i sporturi extreme \u00een Moldova. Pre\u021buri, fotografii, caracteristici \u00een Moldova.","publisher":{"@id":"https:\/\/xstyle.md\/#organization"},"alternateName":"X-Style","potentialAction":[{"@type":"SearchAction","target":{"@type":"EntryPoint","urlTemplate":"https:\/\/xstyle.md\/?s={search_term_string}"},"query-input":{"@type":"PropertyValueSpecification","valueRequired":true,"valueName":"search_term_string"}}],"inLanguage":"ro-RO"},{"@type":"Organization","@id":"https:\/\/xstyle.md\/#organization","name":"Magazinul X-Style","alternateName":"x-style","url":"https:\/\/xstyle.md\/","logo":{"@type":"ImageObject","inLanguage":"ro-RO","@id":"https:\/\/xstyle.md\/#\/schema\/logo\/image\/","url":"https:\/\/xstyle.md\/wp-content\/uploads\/2020\/06\/logoicon.svg","contentUrl":"https:\/\/xstyle.md\/wp-content\/uploads\/2020\/06\/logoicon.svg","caption":"\u041c\u0430\u0433\u0430\u0437\u0438\u043d Xstyle"},"image":{"@id":"https:\/\/xstyle.md\/#\/schema\/logo\/image\/"},"sameAs":["https:\/\/www.facebook.com\/xstylemd","https:\/\/www.instagram.com\/xstyle_md\/","https:\/\/t.me\/xstyle_outdoor"],"hasMerchantReturnPolicy":{"@type":"MerchantReturnPolicy","merchantReturnLink":"https:\/\/xstyle.md\/ro\/conditions\/"}}]},"product_price_amount":"4690.00","product_price_currency":"MDL","og_availability":"instock","product_availability":"instock","product_retailer_item_id":"910401","product_condition":"new"},"post_mailing_queue_ids":[],"_links":{"self":[{"href":"https:\/\/xstyle.md\/ro\/wp-json\/wp\/v2\/product\/2382","targetHints":{"allow":["GET"]}}],"collection":[{"href":"https:\/\/xstyle.md\/ro\/wp-json\/wp\/v2\/product"}],"about":[{"href":"https:\/\/xstyle.md\/ro\/wp-json\/wp\/v2\/types\/product"}],"replies":[{"embeddable":true,"href":"https:\/\/xstyle.md\/ro\/wp-json\/wp\/v2\/comments?post=2382"}],"wp:featuredmedia":[{"embeddable":true,"href":"https:\/\/xstyle.md\/ro\/wp-json\/wp\/v2\/media\/2378"}],"wp:attachment":[{"href":"https:\/\/xstyle.md\/ro\/wp-json\/wp\/v2\/media?parent=2382"}],"wp:term":[{"taxonomy":"product_brand","embeddable":true,"href":"https:\/\/xstyle.md\/ro\/wp-json\/wp\/v2\/product_brand?post=2382"},{"taxonomy":"product_cat","embeddable":true,"href":"https:\/\/xstyle.md\/ro\/wp-json\/wp\/v2\/product_cat?post=2382"},{"taxonomy":"product_tag","embeddable":true,"href":"https:\/\/xstyle.md\/ro\/wp-json\/wp\/v2\/product_tag?post=2382"}],"curies":[{"name":"wp","href":"https:\/\/api.w.org\/{rel}","templated":true}]}}