{"id":2375,"date":"2020-07-16T17:03:51","date_gmt":"2020-07-16T14:03:51","guid":{"rendered":"https:\/\/xstyle.md\/product\/poperechiny-thule-wingbar-edge-958x"},"modified":"2024-11-07T12:15:13","modified_gmt":"2024-11-07T09:15:13","slug":"poperechiny-thule-wingbar-edge-958x","status":"publish","type":"product","link":"https:\/\/xstyle.md\/ro\/produs\/poperechiny-thule-wingbar-edge-958x\/","title":{"rendered":"Bare transversale Thule WingBar Edge 958X"},"content":{"rendered":"<\/p>\n<p><strong>Bare transversale Thule WingBar Edge 958X<\/strong> &#8212; bare de acoperi\u0219 aerodinamice premium pentru o plimbare excep\u021bional de lini\u0219tit\u0103 \u0219i instalare u\u0219oar\u0103 a accesoriilor.Sunt fabricate din aliaj de aluminiu u\u0219or, au o form\u0103 pu\u021bin alungit\u0103 \u0219i rezisten\u021b\u0103 la fluxul de aer care se apropie \u0219i sunt, de asemenea, mai silen\u021bioase dec&acirc;t barele clasice Thule.<\/p>\n<p>Construc\u021bia profilului redus Thule WingBar Edge completeaz\u0103 perfect linia de acoperi\u0219 a vehiculului. O form\u0103 aerodinamic\u0103 &icirc;mbun\u0103t\u0103\u021bit\u0103, combinat\u0103 cu TrailEdge \u0219i WindDi\ufb00user, minimizeaz\u0103 zgomotul \u0219i &icirc;mbun\u0103t\u0103\u021be\u0219te consumul de combustibil. Datorit\u0103 formei sale elegante \u0219i aerodinamice. Compania produce produse premium, renumite pentru calitatea, siguran\u021ba, u\u0219urin\u021ba &icirc;n utilizare \u0219i designul elegant de neegalat.<\/p>\n<p>Compania suedez\u0103 Thule produce bare pentru acoperi\u0219 \u0219i alte echipamente auto folosind tehnologii europene avansate. Toate produsele sunt supuse celor mai riguroase test\u0103ri &icirc;n diferite condi\u021bii pentru a v\u0103 asigura c\u0103 Thule nu v\u0103 va dezam\u0103gi.<\/p>\n<p><em>Garan\u021bia oficial\u0103 a produc\u0103torului se r\u0103sfr&acirc;nge asupra produselor \u0219i componentelor m\u0103rcii comerciale Thule timp de 5 ani. <\/em><\/p>\n<h3>Specifica\u021biile barelor<\/h3>\n<ul>\n<li>Tehnologia WindDiffuser perturb\u0103 fluxul de aer, ceea ce reduce rezisten\u021ba aerului \u0219i nivelurile de zgomot \u0219i ajut\u0103 la economisirea combustibilului<\/li>\n<li>Designul TrailEdge reduce rezisten\u021ba aerodinamic\u0103 pentru un flux mai bun al arcului<\/li>\n<li>SmartSlides reglabile &icirc;n lungime pentru slotul sub arcuri ac\u021bioneaz\u0103, de asemenea, ca carenaje pentru o instalare rapid\u0103 \u0219i f\u0103r\u0103 probleme<\/li>\n<li>Capace SwingBlade deschise pentru a oferi acces complet la slotul T pentru instalarea u\u0219oar\u0103 a accesoriilor. puternic\u0103.<\/li>\n<li>Barele sub forma unui T &icirc;mpreun\u0103 cu interfa\u021ba QuickAccess, permit instalarea \u0219i scoaterea rapid\u0103 \u0219i u\u0219oar\u0103 a accesoriilor<\/li>\n<li>Structura intern\u0103 a BoxBeam face baza barelor extrem de puternic\u0103<\/li>\n<li>Datorit\u0103 pozi\u021biei joase a boxei pe o ma\u0219in\u0103, trapa nu poate fi &icirc;ntotdeauna deschis\u0103. Verifica\u021bi spa\u021biul dintre acoperi\u0219 \u0219i portbagaj &icirc;nainte de a deschide trapa<\/li>\n<\/ul>\n<h3>Caracteristici<\/h3>\n<ul>\n<li>Sarcina maxim\u0103 &#8212; 75 kg<\/li>\n<li>Verifica\u021bi, de asemenea, sarcina maxim\u0103 admis\u0103 pe acoperi\u0219 a vehiculului dumneavoastr\u0103<\/li>\n<li>&Icirc;ncuietori incluse &#8212; Da<\/li>\n<li>Un sistem cu cheie compatibil -Da<\/li>\n<\/ul>\n<div>&nbsp;<\/div>\n<p><a href=\"http:\/\/www.youtube.com\/embed\/EX5p_VON1UI\">www.youtube.com\/embed\/EX5p_VON1UI<\/a><\/p>\n<p><\/p>","protected":false},"excerpt":{"rendered":"<p>Bare transversale Thule WingBar Edge 958X<\/p>","protected":false},"featured_media":2372,"comment_status":"open","ping_status":"closed","template":"","meta":{"_acf_changed":false,"inline_featured_image":false},"product_brand":[1269],"product_cat":[364,363],"product_tag":[],"class_list":{"0":"post-2375","1":"product","2":"type-product","3":"status-publish","4":"has-post-thumbnail","6":"product_brand-thule","7":"product_cat-roof-rails","8":"product_cat-crossbars","10":"first","11":"under_request","12":"shipping-taxable","13":"product-type-simple"},"acf":[],"yoast_head":"<!-- This site is optimized with the Yoast SEO plugin v27.4 - https:\/\/yoast.com\/product\/yoast-seo-wordpress\/ -->\n<title>Thule WingBar Edge (958) - \u041c\u0430\u0433\u0430\u0437\u0438\u043d Xstyle<\/title>\n<meta name=\"description\" content=\"\u041frox\u0432\u0435\u0434\u0438\u0442\u0435 \u043f\u0443\u0442\u0435\u0448\u0435\u0441\u0442\u0432\u0438\u044f \u0441 Thule WingBar Edge (958) \u2014 \u0430\u044d\u0440\u043e\u0434\u0438\u043d\u0430\u043c\u0438\u0447\u0435\u0441\u043a\u0438\u0435 \u043c\u0435\u0442\u0430\u043b\u043b\u0438\u0447\u0435\u0441\u043a\u0438\u0435 \u0440\u0435\u0439\u043b\u0438\u043d\u0433\u0438 \u0434\u043b\u044f \u043a\u0440\u044b\u0448\u0438, \u043b\u0435\u0433\u043a\u0438\u0435 \u0432 \u0443\u0441\u0442\u0430\u043d\u043e\u0432\u043a\u0435 \u0438 \u043e\u0431\u0435\u0441\u043f\u0435\u0447\u0438\u0432\u0430\u044e\u0449\u0438\u0435 \u0442\u0438\u0448\u0438\u043d\u0443 \u043d\u0430 \u0434\u043e\u0440\u043e\u0433\u0435.\" \/>\n<meta name=\"robots\" content=\"index, follow, max-snippet:-1, max-image-preview:large, max-video-preview:-1\" \/>\n<link rel=\"canonical\" href=\"https:\/\/xstyle.md\/ro\/produs\/poperechiny-thule-wingbar-edge-958x\/\" \/>\n<meta property=\"og:locale\" content=\"ro_RO\" \/>\n<meta property=\"og:type\" content=\"article\" \/>\n<meta property=\"og:title\" content=\"Thule WingBar Edge (958) - \u041c\u0430\u0433\u0430\u0437\u0438\u043d Xstyle\" \/>\n<meta property=\"og:description\" content=\"\u041frox\u0432\u0435\u0434\u0438\u0442\u0435 \u043f\u0443\u0442\u0435\u0448\u0435\u0441\u0442\u0432\u0438\u044f \u0441 Thule WingBar Edge (958) \u2014 \u0430\u044d\u0440\u043e\u0434\u0438\u043d\u0430\u043c\u0438\u0447\u0435\u0441\u043a\u0438\u0435 \u043c\u0435\u0442\u0430\u043b\u043b\u0438\u0447\u0435\u0441\u043a\u0438\u0435 \u0440\u0435\u0439\u043b\u0438\u043d\u0433\u0438 \u0434\u043b\u044f \u043a\u0440\u044b\u0448\u0438, \u043b\u0435\u0433\u043a\u0438\u0435 \u0432 \u0443\u0441\u0442\u0430\u043d\u043e\u0432\u043a\u0435 \u0438 \u043e\u0431\u0435\u0441\u043f\u0435\u0447\u0438\u0432\u0430\u044e\u0449\u0438\u0435 \u0442\u0438\u0448\u0438\u043d\u0443 \u043d\u0430 \u0434\u043e\u0440\u043e\u0433\u0435.\" \/>\n<meta property=\"og:url\" content=\"https:\/\/xstyle.md\/ro\/produs\/poperechiny-thule-wingbar-edge-958x\/\" \/>\n<meta property=\"og:site_name\" content=\"\u041c\u0430\u0433\u0430\u0437\u0438\u043d Xstyle\" \/>\n<meta property=\"article:publisher\" content=\"https:\/\/www.facebook.com\/xstylemd\" \/>\n<meta property=\"article:modified_time\" content=\"2024-11-07T09:15:13+00:00\" \/>\n<meta property=\"og:image\" content=\"https:\/\/xstyle.md\/wp-content\/uploads\/2020\/07\/thule958-1.jpg\" \/>\n\t<meta property=\"og:image:width\" content=\"1551\" \/>\n\t<meta property=\"og:image:height\" content=\"773\" \/>\n\t<meta property=\"og:image:type\" content=\"image\/jpeg\" \/>\n<meta name=\"twitter:card\" content=\"summary_large_image\" \/>\n<meta name=\"twitter:label1\" content=\"Pre\u021b\" \/>\n\t<meta name=\"twitter:data1\" content=\"7.190&nbsp;MDL\" \/>\n\t<meta name=\"twitter:label2\" content=\"Disponibilitate\" \/>\n\t<meta name=\"twitter:data2\" content=\"\u00cen stoc\" \/>\n<script type=\"application\/ld+json\" class=\"yoast-schema-graph\">{\"@context\":\"https:\\\/\\\/schema.org\",\"@graph\":[{\"@type\":\"WebPage\",\"@id\":\"https:\\\/\\\/xstyle.md\\\/product\\\/poperechiny-thule-wingbar-edge-958x\\\/\",\"url\":\"https:\\\/\\\/xstyle.md\\\/product\\\/poperechiny-thule-wingbar-edge-958x\\\/\",\"name\":\"Thule WingBar Edge (958) - \u041c\u0430\u0433\u0430\u0437\u0438\u043d Xstyle\",\"isPartOf\":{\"@id\":\"https:\\\/\\\/xstyle.md\\\/#website\"},\"primaryImageOfPage\":{\"@id\":\"https:\\\/\\\/xstyle.md\\\/product\\\/poperechiny-thule-wingbar-edge-958x\\\/#primaryimage\"},\"image\":{\"@id\":\"https:\\\/\\\/xstyle.md\\\/product\\\/poperechiny-thule-wingbar-edge-958x\\\/#primaryimage\"},\"thumbnailUrl\":\"https:\\\/\\\/xstyle.md\\\/wp-content\\\/uploads\\\/2020\\\/07\\\/thule958-1.jpg\",\"datePublished\":\"2020-07-16T14:03:51+00:00\",\"dateModified\":\"2024-11-07T09:15:13+00:00\",\"description\":\"\u041frox\u0432\u0435\u0434\u0438\u0442\u0435 \u043f\u0443\u0442\u0435\u0448\u0435\u0441\u0442\u0432\u0438\u044f \u0441 Thule WingBar Edge (958) \u2014 \u0430\u044d\u0440\u043e\u0434\u0438\u043d\u0430\u043c\u0438\u0447\u0435\u0441\u043a\u0438\u0435 \u043c\u0435\u0442\u0430\u043b\u043b\u0438\u0447\u0435\u0441\u043a\u0438\u0435 \u0440\u0435\u0439\u043b\u0438\u043d\u0433\u0438 \u0434\u043b\u044f \u043a\u0440\u044b\u0448\u0438, \u043b\u0435\u0433\u043a\u0438\u0435 \u0432 \u0443\u0441\u0442\u0430\u043d\u043e\u0432\u043a\u0435 \u0438 \u043e\u0431\u0435\u0441\u043f\u0435\u0447\u0438\u0432\u0430\u044e\u0449\u0438\u0435 \u0442\u0438\u0448\u0438\u043d\u0443 \u043d\u0430 \u0434\u043e\u0440\u043e\u0433\u0435.\",\"breadcrumb\":{\"@id\":\"https:\\\/\\\/xstyle.md\\\/product\\\/poperechiny-thule-wingbar-edge-958x\\\/#breadcrumb\"},\"inLanguage\":\"ro-RO\",\"potentialAction\":[{\"@type\":\"ReadAction\",\"target\":[\"https:\\\/\\\/xstyle.md\\\/product\\\/poperechiny-thule-wingbar-edge-958x\\\/\"]}]},{\"@type\":\"ImageObject\",\"inLanguage\":\"ro-RO\",\"@id\":\"https:\\\/\\\/xstyle.md\\\/product\\\/poperechiny-thule-wingbar-edge-958x\\\/#primaryimage\",\"url\":\"https:\\\/\\\/xstyle.md\\\/wp-content\\\/uploads\\\/2020\\\/07\\\/thule958-1.jpg\",\"contentUrl\":\"https:\\\/\\\/xstyle.md\\\/wp-content\\\/uploads\\\/2020\\\/07\\\/thule958-1.jpg\",\"width\":1551,\"height\":773},{\"@type\":\"BreadcrumbList\",\"@id\":\"https:\\\/\\\/xstyle.md\\\/product\\\/poperechiny-thule-wingbar-edge-958x\\\/#breadcrumb\",\"itemListElement\":[{\"@type\":\"ListItem\",\"position\":1,\"name\":\"\u0413\u043b\u0430\u0432\u043d\u0430\u044f \u0441\u0442\u0440\u0430\u043d\u0438\u0446\u0430\",\"item\":\"https:\\\/\\\/xstyle.md\\\/\"},{\"@type\":\"ListItem\",\"position\":2,\"name\":\"\u041c\u0430\u0433\u0430\u0437\u0438\u043d\",\"item\":\"https:\\\/\\\/xstyle.md\\\/shop\\\/\"},{\"@type\":\"ListItem\",\"position\":3,\"name\":\"Thule WingBar Edge (958)\"}]},{\"@type\":\"WebSite\",\"@id\":\"https:\\\/\\\/xstyle.md\\\/#website\",\"url\":\"https:\\\/\\\/xstyle.md\\\/\",\"name\":\"\u041c\u0430\u0433\u0430\u0437\u0438\u043d Xstyle\",\"description\":\"C\u043d\u0430\u0440\u044f\u0436\u0435\u043d\u0438\u0435 \u0434\u043b\u044f \u0442\u0443\u0440\u0438\u0437\u043c\u0430 \u0438 \u044d\u043a\u0441\u0442\u0440\u0435\u043c\u0430\u043b\u044c\u043d\u044b\u0445 \u0432\u0438\u0434\u043e\u0432 \u0441\u043f\u043e\u0440\u0442\u0430 \u0432 \u041c\u043e\u043b\u0434\u043e\u0432\u0435.. \u0426\u0435\u043d\u044b, \u0444\u043e\u0442\u043e, \u0445\u0430\u0440\u0430\u043a\u0442\u0435\u0440\u0438\u0441\u0442\u0438\u043a\u0438 \u0432 \u041c\u043e\u043b\u0434\u043e\u0432\u0435.\",\"publisher\":{\"@id\":\"https:\\\/\\\/xstyle.md\\\/#organization\"},\"alternateName\":\"X-Style\",\"potentialAction\":[{\"@type\":\"SearchAction\",\"target\":{\"@type\":\"EntryPoint\",\"urlTemplate\":\"https:\\\/\\\/xstyle.md\\\/?s={search_term_string}\"},\"query-input\":{\"@type\":\"PropertyValueSpecification\",\"valueRequired\":true,\"valueName\":\"search_term_string\"}}],\"inLanguage\":\"ro-RO\"},{\"@type\":\"Organization\",\"@id\":\"https:\\\/\\\/xstyle.md\\\/#organization\",\"name\":\"\u041c\u0430\u0433\u0430\u0437\u0438\u043d Xstyle\",\"alternateName\":\"x-style\",\"url\":\"https:\\\/\\\/xstyle.md\\\/\",\"logo\":{\"@type\":\"ImageObject\",\"inLanguage\":\"ro-RO\",\"@id\":\"https:\\\/\\\/xstyle.md\\\/#\\\/schema\\\/logo\\\/image\\\/\",\"url\":\"https:\\\/\\\/xstyle.md\\\/wp-content\\\/uploads\\\/2020\\\/06\\\/logoicon.svg\",\"contentUrl\":\"https:\\\/\\\/xstyle.md\\\/wp-content\\\/uploads\\\/2020\\\/06\\\/logoicon.svg\",\"caption\":\"\u041c\u0430\u0433\u0430\u0437\u0438\u043d Xstyle\"},\"image\":{\"@id\":\"https:\\\/\\\/xstyle.md\\\/#\\\/schema\\\/logo\\\/image\\\/\"},\"sameAs\":[\"https:\\\/\\\/www.facebook.com\\\/xstylemd\",\"https:\\\/\\\/www.instagram.com\\\/xstyle_md\\\/\",\"https:\\\/\\\/t.me\\\/xstyle_outdoor\"],\"hasMerchantReturnPolicy\":{\"@type\":\"MerchantReturnPolicy\",\"merchantReturnLink\":\"https:\\\/\\\/xstyle.md\\\/ro\\\/conditions\\\/\"}}]}<\/script>\n<meta property=\"product:price:amount\" content=\"7190.00\" \/>\n<meta property=\"product:price:currency\" content=\"MDL\" \/>\n<meta property=\"og:availability\" content=\"instock\" \/>\n<meta property=\"product:availability\" content=\"instock\" \/>\n<meta property=\"product:retailer_item_id\" content=\"958100\" \/>\n<meta property=\"product:condition\" content=\"new\" \/>\n<!-- \/ Yoast SEO plugin. -->","yoast_head_json":{"title":"Bare transversale Thule WingBar Edge 958X - Magazin Xstyle","description":"Realiza\u021bi c\u0103l\u0103torii cu Thule WingBar Edge (958) \u2014 bare metalice aerodinamice pentru acoperi\u0219, u\u0219or de instalat \u0219i care asigur\u0103 lini\u0219te pe drum.","robots":{"index":"index","follow":"follow","max-snippet":"max-snippet:-1","max-image-preview":"max-image-preview:large","max-video-preview":"max-video-preview:-1"},"canonical":"https:\/\/xstyle.md\/ro\/produs\/poperechiny-thule-wingbar-edge-958x\/","og_locale":"ro_RO","og_type":"article","og_title":"Thule WingBar Edge (958) - \u041c\u0430\u0433\u0430\u0437\u0438\u043d Xstyle","og_description":"\u041frox\u0432\u0435\u0434\u0438\u0442\u0435 \u043f\u0443\u0442\u0435\u0448\u0435\u0441\u0442\u0432\u0438\u044f \u0441 Thule WingBar Edge (958) \u2014 \u0430\u044d\u0440\u043e\u0434\u0438\u043d\u0430\u043c\u0438\u0447\u0435\u0441\u043a\u0438\u0435 \u043c\u0435\u0442\u0430\u043b\u043b\u0438\u0447\u0435\u0441\u043a\u0438\u0435 \u0440\u0435\u0439\u043b\u0438\u043d\u0433\u0438 \u0434\u043b\u044f \u043a\u0440\u044b\u0448\u0438, \u043b\u0435\u0433\u043a\u0438\u0435 \u0432 \u0443\u0441\u0442\u0430\u043d\u043e\u0432\u043a\u0435 \u0438 \u043e\u0431\u0435\u0441\u043f\u0435\u0447\u0438\u0432\u0430\u044e\u0449\u0438\u0435 \u0442\u0438\u0448\u0438\u043d\u0443 \u043d\u0430 \u0434\u043e\u0440\u043e\u0433\u0435.","og_url":"https:\/\/xstyle.md\/ro\/produs\/poperechiny-thule-wingbar-edge-958x\/","og_site_name":"\u041c\u0430\u0433\u0430\u0437\u0438\u043d Xstyle","article_publisher":"https:\/\/www.facebook.com\/xstylemd","article_modified_time":"2024-11-07T09:15:13+00:00","og_image":[{"width":1551,"height":773,"url":"https:\/\/xstyle.md\/wp-content\/uploads\/2020\/07\/thule958-1.jpg","type":"image\/jpeg"}],"twitter_card":"summary_large_image","twitter_misc":{"Pre\u021b":"7.190&nbsp;MDL","Disponibilitate":"\u00cen stoc"},"schema":{"@context":"https:\/\/schema.org","@graph":[{"@type":"WebPage","@id":"https:\/\/xstyle.md\/product\/poperechiny-thule-wingbar-edge-958x\/","url":"https:\/\/xstyle.md\/product\/poperechiny-thule-wingbar-edge-958x\/","name":"Bare transversale Thule WingBar Edge 958X - Magazin Xstyle","isPartOf":{"@id":"https:\/\/xstyle.md\/#website"},"primaryImageOfPage":{"@id":"https:\/\/xstyle.md\/product\/poperechiny-thule-wingbar-edge-958x\/#primaryimage"},"image":{"@id":"https:\/\/xstyle.md\/product\/poperechiny-thule-wingbar-edge-958x\/#primaryimage"},"thumbnailUrl":"https:\/\/xstyle.md\/wp-content\/uploads\/2020\/07\/thule958-1.jpg","datePublished":"2020-07-16T14:03:51+00:00","dateModified":"2024-11-07T09:15:13+00:00","description":"Realiza\u021bi c\u0103l\u0103torii cu Thule WingBar Edge (958) \u2014 bare metalice aerodinamice pentru acoperi\u0219, u\u0219or de instalat \u0219i care asigur\u0103 lini\u0219te pe drum.","breadcrumb":{"@id":"https:\/\/xstyle.md\/product\/poperechiny-thule-wingbar-edge-958x\/#breadcrumb"},"inLanguage":"ro-RO","potentialAction":[{"@type":"ReadAction","target":["https:\/\/xstyle.md\/product\/poperechiny-thule-wingbar-edge-958x\/"]}]},{"@type":"ImageObject","inLanguage":"ro-RO","@id":"https:\/\/xstyle.md\/product\/poperechiny-thule-wingbar-edge-958x\/#primaryimage","url":"https:\/\/xstyle.md\/wp-content\/uploads\/2020\/07\/thule958-1.jpg","contentUrl":"https:\/\/xstyle.md\/wp-content\/uploads\/2020\/07\/thule958-1.jpg","width":1551,"height":773},{"@type":"BreadcrumbList","@id":"https:\/\/xstyle.md\/product\/poperechiny-thule-wingbar-edge-958x\/#breadcrumb","itemListElement":[{"@type":"ListItem","position":1,"name":"\u0413\u043b\u0430\u0432\u043d\u0430\u044f \u0441\u0442\u0440\u0430\u043d\u0438\u0446\u0430","item":"https:\/\/xstyle.md\/"},{"@type":"ListItem","position":2,"name":"\u041c\u0430\u0433\u0430\u0437\u0438\u043d","item":"https:\/\/xstyle.md\/shop\/"},{"@type":"ListItem","position":3,"name":"Thule WingBar Edge (958)"}]},{"@type":"WebSite","@id":"https:\/\/xstyle.md\/#website","url":"https:\/\/xstyle.md\/","name":"Magazinul X-Style","description":"Echipamente pentru turism \u0219i sporturi extreme \u00een Moldova. Pre\u021buri, fotografii, caracteristici \u00een Moldova.","publisher":{"@id":"https:\/\/xstyle.md\/#organization"},"alternateName":"X-Style","potentialAction":[{"@type":"SearchAction","target":{"@type":"EntryPoint","urlTemplate":"https:\/\/xstyle.md\/?s={search_term_string}"},"query-input":{"@type":"PropertyValueSpecification","valueRequired":true,"valueName":"search_term_string"}}],"inLanguage":"ro-RO"},{"@type":"Organization","@id":"https:\/\/xstyle.md\/#organization","name":"Magazinul X-Style","alternateName":"x-style","url":"https:\/\/xstyle.md\/","logo":{"@type":"ImageObject","inLanguage":"ro-RO","@id":"https:\/\/xstyle.md\/#\/schema\/logo\/image\/","url":"https:\/\/xstyle.md\/wp-content\/uploads\/2020\/06\/logoicon.svg","contentUrl":"https:\/\/xstyle.md\/wp-content\/uploads\/2020\/06\/logoicon.svg","caption":"\u041c\u0430\u0433\u0430\u0437\u0438\u043d Xstyle"},"image":{"@id":"https:\/\/xstyle.md\/#\/schema\/logo\/image\/"},"sameAs":["https:\/\/www.facebook.com\/xstylemd","https:\/\/www.instagram.com\/xstyle_md\/","https:\/\/t.me\/xstyle_outdoor"],"hasMerchantReturnPolicy":{"@type":"MerchantReturnPolicy","merchantReturnLink":"https:\/\/xstyle.md\/ro\/conditions\/"}}]},"product_price_amount":"7190.00","product_price_currency":"MDL","og_availability":"instock","product_availability":"instock","product_retailer_item_id":"958100","product_condition":"new"},"post_mailing_queue_ids":[],"_links":{"self":[{"href":"https:\/\/xstyle.md\/ro\/wp-json\/wp\/v2\/product\/2375","targetHints":{"allow":["GET"]}}],"collection":[{"href":"https:\/\/xstyle.md\/ro\/wp-json\/wp\/v2\/product"}],"about":[{"href":"https:\/\/xstyle.md\/ro\/wp-json\/wp\/v2\/types\/product"}],"replies":[{"embeddable":true,"href":"https:\/\/xstyle.md\/ro\/wp-json\/wp\/v2\/comments?post=2375"}],"wp:featuredmedia":[{"embeddable":true,"href":"https:\/\/xstyle.md\/ro\/wp-json\/wp\/v2\/media\/2372"}],"wp:attachment":[{"href":"https:\/\/xstyle.md\/ro\/wp-json\/wp\/v2\/media?parent=2375"}],"wp:term":[{"taxonomy":"product_brand","embeddable":true,"href":"https:\/\/xstyle.md\/ro\/wp-json\/wp\/v2\/product_brand?post=2375"},{"taxonomy":"product_cat","embeddable":true,"href":"https:\/\/xstyle.md\/ro\/wp-json\/wp\/v2\/product_cat?post=2375"},{"taxonomy":"product_tag","embeddable":true,"href":"https:\/\/xstyle.md\/ro\/wp-json\/wp\/v2\/product_tag?post=2375"}],"curies":[{"name":"wp","href":"https:\/\/api.w.org\/{rel}","templated":true}]}}