{"id":2366,"date":"2020-07-16T17:03:18","date_gmt":"2020-07-16T14:03:18","guid":{"rendered":"https:\/\/xstyle.md\/product\/kreplenie-thule-clipon-high-9105"},"modified":"2026-03-04T12:15:40","modified_gmt":"2026-03-04T09:15:40","slug":"kreplenie-thule-clipon-high-9105","status":"publish","type":"product","link":"https:\/\/xstyle.md\/ro\/produs\/kreplenie-thule-clipon-high-9105\/","title":{"rendered":"Suport biciclet\u0103 Thule ClipOn High 2 (9105)"},"content":{"rendered":"<\/p>\n<p><strong>Suport pentru biciclet\u0103 Thule ClipOn High 2 (9105)<\/strong> &#8212; conceput pentru transportarea simultan\u0103 a dou\u0103 biciclete cu o greutate total\u0103 de 30 kg. Este u\u0219or \u0219i compact &icirc;n form\u0103 pliat\u0103, oferind u\u0219urin\u021b\u0103 la depozitare \u0219i transportare. Acest model difer\u0103 de elementele de fixare de tip similar printr-o amplasare mai mare, datorit\u0103 c\u0103reia se p\u0103streaz\u0103 vederea luminilor din spate \u0219i a numerelor, iar bicicleta poate fi montat\u0103 &icirc;n trei puncte.<\/p>\n<p>ClipOn High 2 este montat pe ma\u0219in\u0103 folosind sistemul modern Snap-on, care se caracterizeaz\u0103 prin fiabilitate ridicat\u0103 \u0219i u\u0219urin\u021b\u0103 de instalare. Suporturile de montare pentru biciclete pot fi reglate &icirc;n func\u021bie de dimensiunea u\u0219ii din spate. &Icirc;n viitor, pentru instalare este suficient doar s\u0103 le a\u0219eza\u021bi la margine \u0219i s\u0103-l fixa\u021bi cu p&acirc;rghia. Acest model v\u0103 permite s\u0103 deschide\u021bi u\u0219a din spate a ma\u0219inii f\u0103r\u0103 a &icirc;ndep\u0103rta suporturile \u0219i bicicletele.<\/p>\n<p>Bicicletele din Thule ClipOn High 2 sunt montate cu suporturi rigide pentru cadru, precum \u0219i cu curele flexibile pentru ro\u021bile montate &icirc;n canelur\u0103 &icirc;n form\u0103 de V. L\u0103c\u0103\u021bile cadrului sunt blocate pentru a preveni furtul bicicletelor.<\/p>\n<p><span>Compania creeaz&atilde; produsele de cea mai &icirc;nalt&atilde; clas&atilde;, care este r&atilde;sp&icirc;ndit&atilde; prin calitate superioar&atilde;, siguran\u021b&atilde;, simplitate prin utilizare \u015fi aspect robust. Compania suedez&atilde; Thule produce boxe \u015fi alte accesorii pentru automobil dup&atilde; cele mai inovative tehnologii. Toate produsele trec un control minu\u0163ios &icirc;n diverse condi\u021bii, pentru ca Dvs s&atilde; fi\u0163i convin\u015fi de profesionalismul s&atilde;u.<\/span><\/p>\n<p><em>Garan\u021bia oficial&atilde; de la produc&atilde;tor se r&atilde;sp&acirc;nde\u015fte asupra tuturor produselor Thule \u015fi este valabil\u0103 5 ani.<\/em><\/p>\n<h3>Specificatii<\/h3>\n<ul>\n<li>&Icirc;n pozi\u021bia ridicat\u0103, suportul nu ascund farurile spate \u0219i placa de &icirc;nmatriculare<\/li>\n<li>U\u0219or de montat pe u\u0219a din spate, cu un sistem unic de montare Snap-on<\/li>\n<li>Montare convenabil\u0103 pentru biciclete cu suporturi pentru rame deta\u0219abile<\/li>\n<li>Toate piesele &icirc;n contact cu ma\u0219ina \u0219i bicicletele sunt acoperite cu cauciuc pentru o protec\u021bie suplimentar\u0103.<\/li>\n<li>Ro\u021bile sunt fixate &icirc;n siguran\u021b\u0103 datorit\u0103 centurilor cu eliberare rapid\u0103<\/li>\n<li>Suport&nbsp; pentru biciclete cu ro\u021bile mari<\/li>\n<li>Se pliaz\u0103 compact pentru o stocare u\u0219oar\u0103<\/li>\n<li>Bicicletele sunt fixate pe suport (blocare inclus\u0103)<\/li>\n<li>Acest produs nu este universal \u0219i vine &icirc;n dou\u0103 versiuni (9105 \u0219i 9106), care au lungimi de cadru diferite pentru diferite modele de ma\u0219ini<\/li>\n<\/ul>\n<h3>Caracteristici<\/h3>\n<ul>\n<li>Num\u0103rul maxim de biciclete &ndash; 2<\/li>\n<li>Sarcin\u0103 util\u0103 &#8212; 30 kg<\/li>\n<li>Greutatea maxim\u0103 a bicicletei &#8212; 15 kg<\/li>\n<li>Dimensiuni &#8212; 144 x 65 x 97 cm<\/li>\n<li>Dimensiuni pliate &#8212; 24 x 97 x 116 cm<\/li>\n<li>Greutate &#8212; 11,5 kg<\/li>\n<li>Dimensiuni ale cadrului compatibile &#8212; 22-80 mm Suporturi pentru rame deta\u0219abile &#8212; da<\/li>\n<li>Potrivit pentru rame de carbon &ndash; nu<\/li>\n<li>Bicicletele instalate nu blocheaz\u0103 luminile din spate \u0219i pl\u0103cu\u021ba de &icirc;nmatriculare &#8212; da<\/li>\n<li>Compatibil cu One Key System &#8212; da<\/li>\n<li>Bloca\u021bi bicicleta pe support cu lac\u0103t &#8212; da<\/li>\n<li>&Icirc;ncuie suportul cu lac\u0103t pe ma\u0219in\u0103 &#8212; nu<\/li>\n<\/ul>\n<p><a href=\"http:\/\/www.youtube.com\/embed\/jPMuI2aYWMM\">www.youtube.com\/embed\/jPMuI2aYWMM<\/a><\/p>\n<p><\/p>","protected":false},"excerpt":{"rendered":"<p>Suport biciclet\u0103 Thule ClipOn High 2 (9105)<\/p>","protected":false},"featured_media":2362,"comment_status":"open","ping_status":"closed","template":"","meta":{"_acf_changed":false,"inline_featured_image":false},"product_brand":[1269],"product_cat":[264],"product_tag":[],"class_list":{"0":"post-2366","1":"product","2":"type-product","3":"status-publish","4":"has-post-thumbnail","6":"product_brand-thule","7":"product_cat-back-door","9":"first","10":"instock","11":"shipping-taxable","12":"purchasable","13":"product-type-simple"},"acf":[],"yoast_head":"<!-- This site is optimized with the Yoast SEO plugin v27.4 - https:\/\/yoast.com\/product\/yoast-seo-wordpress\/ -->\n<title>\u041a\u0440\u0435\u043f\u043b\u0435\u043d\u0438\u0435 \u0434\u043b\u044f \u0432\u0435\u043b\u043e\u0441\u0438\u043f\u0435\u0434\u0430 Thule ClipOn High 2 (9105) - \u041c\u0430\u0433\u0430\u0437\u0438\u043d Xstyle<\/title>\n<meta name=\"description\" content=\"\u041a\u0440\u0435\u043f\u043b\u0435\u043d\u0438\u0435 \u0434\u043b\u044f \u0432\u0435\u043b\u043e\u0441\u0438\u043f\u0435\u0434\u0430 Thule ClipOn High 2 (9105) \u2013 \u043d\u0430\u0434\u0435\u0436\u043d\u044b\u0439 \u0441\u043f\u043e\u0441\u043e\u0431 \u043f\u0435\u0440\u0435\u0432\u043e\u0437\u043a\u0438 \u0434\u0432\u0443\u0445 \u0432\u0435\u043b\u043e\u0441\u0438\u043f\u0435\u0434\u043e\u0432 \u0434\u043e 30 \u043a\u0433. \u041b\u0435\u0433\u043a\u0438\u0439 \u0432 \u0438\u0441\u043f\u043e\u043b\u044c\u0437\u043e\u0432\u0430\u043d\u0438\u0438 \u0438 \u0443\u0441\u0442\u0430\u043d\u043e\u0432\u043a\u0435.\" \/>\n<meta name=\"robots\" content=\"index, follow, max-snippet:-1, max-image-preview:large, max-video-preview:-1\" \/>\n<link rel=\"canonical\" href=\"https:\/\/xstyle.md\/ro\/produs\/kreplenie-thule-clipon-high-9105\/\" \/>\n<meta property=\"og:locale\" content=\"ro_RO\" \/>\n<meta property=\"og:type\" content=\"article\" \/>\n<meta property=\"og:title\" content=\"\u041a\u0440\u0435\u043f\u043b\u0435\u043d\u0438\u0435 \u0434\u043b\u044f \u0432\u0435\u043b\u043e\u0441\u0438\u043f\u0435\u0434\u0430 Thule ClipOn High 2 (9105) - \u041c\u0430\u0433\u0430\u0437\u0438\u043d Xstyle\" \/>\n<meta property=\"og:description\" content=\"\u041a\u0440\u0435\u043f\u043b\u0435\u043d\u0438\u0435 \u0434\u043b\u044f \u0432\u0435\u043b\u043e\u0441\u0438\u043f\u0435\u0434\u0430 Thule ClipOn High 2 (9105) \u2013 \u043d\u0430\u0434\u0435\u0436\u043d\u044b\u0439 \u0441\u043f\u043e\u0441\u043e\u0431 \u043f\u0435\u0440\u0435\u0432\u043e\u0437\u043a\u0438 \u0434\u0432\u0443\u0445 \u0432\u0435\u043b\u043e\u0441\u0438\u043f\u0435\u0434\u043e\u0432 \u0434\u043e 30 \u043a\u0433. \u041b\u0435\u0433\u043a\u0438\u0439 \u0432 \u0438\u0441\u043f\u043e\u043b\u044c\u0437\u043e\u0432\u0430\u043d\u0438\u0438 \u0438 \u0443\u0441\u0442\u0430\u043d\u043e\u0432\u043a\u0435.\" \/>\n<meta property=\"og:url\" content=\"https:\/\/xstyle.md\/ro\/produs\/kreplenie-thule-clipon-high-9105\/\" \/>\n<meta property=\"og:site_name\" content=\"\u041c\u0430\u0433\u0430\u0437\u0438\u043d Xstyle\" \/>\n<meta property=\"article:publisher\" content=\"https:\/\/www.facebook.com\/xstylemd\" \/>\n<meta property=\"article:modified_time\" content=\"2026-03-04T09:15:40+00:00\" \/>\n<meta property=\"og:image\" content=\"https:\/\/xstyle.md\/wp-content\/uploads\/2020\/07\/560842_sized_1800x1200_rev_1.jpg\" \/>\n\t<meta property=\"og:image:width\" content=\"1800\" \/>\n\t<meta property=\"og:image:height\" content=\"1190\" \/>\n\t<meta property=\"og:image:type\" content=\"image\/jpeg\" \/>\n<meta name=\"twitter:card\" content=\"summary_large_image\" \/>\n<meta name=\"twitter:label1\" content=\"Pre\u021b\" \/>\n\t<meta name=\"twitter:data1\" content=\"5.890&nbsp;MDL\" \/>\n\t<meta name=\"twitter:label2\" content=\"Disponibilitate\" \/>\n\t<meta name=\"twitter:data2\" content=\"\u00cen stoc\" \/>\n<script type=\"application\/ld+json\" class=\"yoast-schema-graph\">{\"@context\":\"https:\\\/\\\/schema.org\",\"@graph\":[{\"@type\":\"WebPage\",\"@id\":\"https:\\\/\\\/xstyle.md\\\/product\\\/kreplenie-thule-clipon-high-9105\\\/\",\"url\":\"https:\\\/\\\/xstyle.md\\\/product\\\/kreplenie-thule-clipon-high-9105\\\/\",\"name\":\"\u041a\u0440\u0435\u043f\u043b\u0435\u043d\u0438\u0435 \u0434\u043b\u044f \u0432\u0435\u043b\u043e\u0441\u0438\u043f\u0435\u0434\u0430 Thule ClipOn High 2 (9105) - \u041c\u0430\u0433\u0430\u0437\u0438\u043d Xstyle\",\"isPartOf\":{\"@id\":\"https:\\\/\\\/xstyle.md\\\/#website\"},\"primaryImageOfPage\":{\"@id\":\"https:\\\/\\\/xstyle.md\\\/product\\\/kreplenie-thule-clipon-high-9105\\\/#primaryimage\"},\"image\":{\"@id\":\"https:\\\/\\\/xstyle.md\\\/product\\\/kreplenie-thule-clipon-high-9105\\\/#primaryimage\"},\"thumbnailUrl\":\"https:\\\/\\\/xstyle.md\\\/wp-content\\\/uploads\\\/2020\\\/07\\\/560842_sized_1800x1200_rev_1.jpg\",\"datePublished\":\"2020-07-16T14:03:18+00:00\",\"dateModified\":\"2026-03-04T09:15:40+00:00\",\"description\":\"\u041a\u0440\u0435\u043f\u043b\u0435\u043d\u0438\u0435 \u0434\u043b\u044f \u0432\u0435\u043b\u043e\u0441\u0438\u043f\u0435\u0434\u0430 Thule ClipOn High 2 (9105) \u2013 \u043d\u0430\u0434\u0435\u0436\u043d\u044b\u0439 \u0441\u043f\u043e\u0441\u043e\u0431 \u043f\u0435\u0440\u0435\u0432\u043e\u0437\u043a\u0438 \u0434\u0432\u0443\u0445 \u0432\u0435\u043b\u043e\u0441\u0438\u043f\u0435\u0434\u043e\u0432 \u0434\u043e 30 \u043a\u0433. \u041b\u0435\u0433\u043a\u0438\u0439 \u0432 \u0438\u0441\u043f\u043e\u043b\u044c\u0437\u043e\u0432\u0430\u043d\u0438\u0438 \u0438 \u0443\u0441\u0442\u0430\u043d\u043e\u0432\u043a\u0435.\",\"breadcrumb\":{\"@id\":\"https:\\\/\\\/xstyle.md\\\/product\\\/kreplenie-thule-clipon-high-9105\\\/#breadcrumb\"},\"inLanguage\":\"ro-RO\",\"potentialAction\":[{\"@type\":\"ReadAction\",\"target\":[\"https:\\\/\\\/xstyle.md\\\/product\\\/kreplenie-thule-clipon-high-9105\\\/\"]}]},{\"@type\":\"ImageObject\",\"inLanguage\":\"ro-RO\",\"@id\":\"https:\\\/\\\/xstyle.md\\\/product\\\/kreplenie-thule-clipon-high-9105\\\/#primaryimage\",\"url\":\"https:\\\/\\\/xstyle.md\\\/wp-content\\\/uploads\\\/2020\\\/07\\\/560842_sized_1800x1200_rev_1.jpg\",\"contentUrl\":\"https:\\\/\\\/xstyle.md\\\/wp-content\\\/uploads\\\/2020\\\/07\\\/560842_sized_1800x1200_rev_1.jpg\",\"width\":1800,\"height\":1190},{\"@type\":\"BreadcrumbList\",\"@id\":\"https:\\\/\\\/xstyle.md\\\/product\\\/kreplenie-thule-clipon-high-9105\\\/#breadcrumb\",\"itemListElement\":[{\"@type\":\"ListItem\",\"position\":1,\"name\":\"\u0413\u043b\u0430\u0432\u043d\u0430\u044f \u0441\u0442\u0440\u0430\u043d\u0438\u0446\u0430\",\"item\":\"https:\\\/\\\/xstyle.md\\\/\"},{\"@type\":\"ListItem\",\"position\":2,\"name\":\"\u041c\u0430\u0433\u0430\u0437\u0438\u043d\",\"item\":\"https:\\\/\\\/xstyle.md\\\/shop\\\/\"},{\"@type\":\"ListItem\",\"position\":3,\"name\":\"\u041a\u0440\u0435\u043f\u043b\u0435\u043d\u0438\u0435 \u0434\u043b\u044f \u0432\u0435\u043b\u043e\u0441\u0438\u043f\u0435\u0434\u0430 Thule ClipOn High 2 (9105)\"}]},{\"@type\":\"WebSite\",\"@id\":\"https:\\\/\\\/xstyle.md\\\/#website\",\"url\":\"https:\\\/\\\/xstyle.md\\\/\",\"name\":\"\u041c\u0430\u0433\u0430\u0437\u0438\u043d Xstyle\",\"description\":\"C\u043d\u0430\u0440\u044f\u0436\u0435\u043d\u0438\u0435 \u0434\u043b\u044f \u0442\u0443\u0440\u0438\u0437\u043c\u0430 \u0438 \u044d\u043a\u0441\u0442\u0440\u0435\u043c\u0430\u043b\u044c\u043d\u044b\u0445 \u0432\u0438\u0434\u043e\u0432 \u0441\u043f\u043e\u0440\u0442\u0430 \u0432 \u041c\u043e\u043b\u0434\u043e\u0432\u0435.. \u0426\u0435\u043d\u044b, \u0444\u043e\u0442\u043e, \u0445\u0430\u0440\u0430\u043a\u0442\u0435\u0440\u0438\u0441\u0442\u0438\u043a\u0438 \u0432 \u041c\u043e\u043b\u0434\u043e\u0432\u0435.\",\"publisher\":{\"@id\":\"https:\\\/\\\/xstyle.md\\\/#organization\"},\"alternateName\":\"X-Style\",\"potentialAction\":[{\"@type\":\"SearchAction\",\"target\":{\"@type\":\"EntryPoint\",\"urlTemplate\":\"https:\\\/\\\/xstyle.md\\\/?s={search_term_string}\"},\"query-input\":{\"@type\":\"PropertyValueSpecification\",\"valueRequired\":true,\"valueName\":\"search_term_string\"}}],\"inLanguage\":\"ro-RO\"},{\"@type\":\"Organization\",\"@id\":\"https:\\\/\\\/xstyle.md\\\/#organization\",\"name\":\"\u041c\u0430\u0433\u0430\u0437\u0438\u043d Xstyle\",\"alternateName\":\"x-style\",\"url\":\"https:\\\/\\\/xstyle.md\\\/\",\"logo\":{\"@type\":\"ImageObject\",\"inLanguage\":\"ro-RO\",\"@id\":\"https:\\\/\\\/xstyle.md\\\/#\\\/schema\\\/logo\\\/image\\\/\",\"url\":\"https:\\\/\\\/xstyle.md\\\/wp-content\\\/uploads\\\/2020\\\/06\\\/logoicon.svg\",\"contentUrl\":\"https:\\\/\\\/xstyle.md\\\/wp-content\\\/uploads\\\/2020\\\/06\\\/logoicon.svg\",\"caption\":\"\u041c\u0430\u0433\u0430\u0437\u0438\u043d Xstyle\"},\"image\":{\"@id\":\"https:\\\/\\\/xstyle.md\\\/#\\\/schema\\\/logo\\\/image\\\/\"},\"sameAs\":[\"https:\\\/\\\/www.facebook.com\\\/xstylemd\",\"https:\\\/\\\/www.instagram.com\\\/xstyle_md\\\/\",\"https:\\\/\\\/t.me\\\/xstyle_outdoor\"],\"hasMerchantReturnPolicy\":{\"@type\":\"MerchantReturnPolicy\",\"merchantReturnLink\":\"https:\\\/\\\/xstyle.md\\\/ro\\\/conditions\\\/\"}}]}<\/script>\n<meta property=\"product:price:amount\" content=\"5890.00\" \/>\n<meta property=\"product:price:currency\" content=\"MDL\" \/>\n<meta property=\"og:availability\" content=\"instock\" \/>\n<meta property=\"product:availability\" content=\"instock\" \/>\n<meta property=\"product:retailer_item_id\" content=\"910501\" \/>\n<meta property=\"product:condition\" content=\"new\" \/>\n<!-- \/ Yoast SEO plugin. -->","yoast_head_json":{"title":"THULE ClipOn High 9105 - Magazin Xstyle","description":"Prindere pentru biciclet\u0103 Thule ClipOn High 2 (9105) \u2013 o modalitate sigur\u0103 de transport pentru dou\u0103 biciclete de p\u00e2n\u0103 la 30 kg. U\u0219or de utilizat \u0219i de instalat.","robots":{"index":"index","follow":"follow","max-snippet":"max-snippet:-1","max-image-preview":"max-image-preview:large","max-video-preview":"max-video-preview:-1"},"canonical":"https:\/\/xstyle.md\/ro\/produs\/kreplenie-thule-clipon-high-9105\/","og_locale":"ro_RO","og_type":"article","og_title":"\u041a\u0440\u0435\u043f\u043b\u0435\u043d\u0438\u0435 \u0434\u043b\u044f \u0432\u0435\u043b\u043e\u0441\u0438\u043f\u0435\u0434\u0430 Thule ClipOn High 2 (9105) - \u041c\u0430\u0433\u0430\u0437\u0438\u043d Xstyle","og_description":"\u041a\u0440\u0435\u043f\u043b\u0435\u043d\u0438\u0435 \u0434\u043b\u044f \u0432\u0435\u043b\u043e\u0441\u0438\u043f\u0435\u0434\u0430 Thule ClipOn High 2 (9105) \u2013 \u043d\u0430\u0434\u0435\u0436\u043d\u044b\u0439 \u0441\u043f\u043e\u0441\u043e\u0431 \u043f\u0435\u0440\u0435\u0432\u043e\u0437\u043a\u0438 \u0434\u0432\u0443\u0445 \u0432\u0435\u043b\u043e\u0441\u0438\u043f\u0435\u0434\u043e\u0432 \u0434\u043e 30 \u043a\u0433. \u041b\u0435\u0433\u043a\u0438\u0439 \u0432 \u0438\u0441\u043f\u043e\u043b\u044c\u0437\u043e\u0432\u0430\u043d\u0438\u0438 \u0438 \u0443\u0441\u0442\u0430\u043d\u043e\u0432\u043a\u0435.","og_url":"https:\/\/xstyle.md\/ro\/produs\/kreplenie-thule-clipon-high-9105\/","og_site_name":"\u041c\u0430\u0433\u0430\u0437\u0438\u043d Xstyle","article_publisher":"https:\/\/www.facebook.com\/xstylemd","article_modified_time":"2026-03-04T09:15:40+00:00","og_image":[{"width":1800,"height":1190,"url":"https:\/\/xstyle.md\/wp-content\/uploads\/2020\/07\/560842_sized_1800x1200_rev_1.jpg","type":"image\/jpeg"}],"twitter_card":"summary_large_image","twitter_misc":{"Pre\u021b":"5.890&nbsp;MDL","Disponibilitate":"\u00cen stoc"},"schema":{"@context":"https:\/\/schema.org","@graph":[{"@type":"WebPage","@id":"https:\/\/xstyle.md\/product\/kreplenie-thule-clipon-high-9105\/","url":"https:\/\/xstyle.md\/product\/kreplenie-thule-clipon-high-9105\/","name":"THULE ClipOn High 9105 - Magazin Xstyle","isPartOf":{"@id":"https:\/\/xstyle.md\/#website"},"primaryImageOfPage":{"@id":"https:\/\/xstyle.md\/product\/kreplenie-thule-clipon-high-9105\/#primaryimage"},"image":{"@id":"https:\/\/xstyle.md\/product\/kreplenie-thule-clipon-high-9105\/#primaryimage"},"thumbnailUrl":"https:\/\/xstyle.md\/wp-content\/uploads\/2020\/07\/560842_sized_1800x1200_rev_1.jpg","datePublished":"2020-07-16T14:03:18+00:00","dateModified":"2026-03-04T09:15:40+00:00","description":"Prindere pentru biciclet\u0103 Thule ClipOn High 2 (9105) \u2013 o modalitate sigur\u0103 de transport pentru dou\u0103 biciclete de p\u00e2n\u0103 la 30 kg. U\u0219or de utilizat \u0219i de instalat.","breadcrumb":{"@id":"https:\/\/xstyle.md\/product\/kreplenie-thule-clipon-high-9105\/#breadcrumb"},"inLanguage":"ro-RO","potentialAction":[{"@type":"ReadAction","target":["https:\/\/xstyle.md\/product\/kreplenie-thule-clipon-high-9105\/"]}]},{"@type":"ImageObject","inLanguage":"ro-RO","@id":"https:\/\/xstyle.md\/product\/kreplenie-thule-clipon-high-9105\/#primaryimage","url":"https:\/\/xstyle.md\/wp-content\/uploads\/2020\/07\/560842_sized_1800x1200_rev_1.jpg","contentUrl":"https:\/\/xstyle.md\/wp-content\/uploads\/2020\/07\/560842_sized_1800x1200_rev_1.jpg","width":1800,"height":1190},{"@type":"BreadcrumbList","@id":"https:\/\/xstyle.md\/product\/kreplenie-thule-clipon-high-9105\/#breadcrumb","itemListElement":[{"@type":"ListItem","position":1,"name":"\u0413\u043b\u0430\u0432\u043d\u0430\u044f \u0441\u0442\u0440\u0430\u043d\u0438\u0446\u0430","item":"https:\/\/xstyle.md\/"},{"@type":"ListItem","position":2,"name":"\u041c\u0430\u0433\u0430\u0437\u0438\u043d","item":"https:\/\/xstyle.md\/shop\/"},{"@type":"ListItem","position":3,"name":"\u041a\u0440\u0435\u043f\u043b\u0435\u043d\u0438\u0435 \u0434\u043b\u044f \u0432\u0435\u043b\u043e\u0441\u0438\u043f\u0435\u0434\u0430 Thule ClipOn High 2 (9105)"}]},{"@type":"WebSite","@id":"https:\/\/xstyle.md\/#website","url":"https:\/\/xstyle.md\/","name":"Magazinul X-Style","description":"Echipamente pentru turism \u0219i sporturi extreme \u00een Moldova. Pre\u021buri, fotografii, caracteristici \u00een Moldova.","publisher":{"@id":"https:\/\/xstyle.md\/#organization"},"alternateName":"X-Style","potentialAction":[{"@type":"SearchAction","target":{"@type":"EntryPoint","urlTemplate":"https:\/\/xstyle.md\/?s={search_term_string}"},"query-input":{"@type":"PropertyValueSpecification","valueRequired":true,"valueName":"search_term_string"}}],"inLanguage":"ro-RO"},{"@type":"Organization","@id":"https:\/\/xstyle.md\/#organization","name":"Magazinul X-Style","alternateName":"x-style","url":"https:\/\/xstyle.md\/","logo":{"@type":"ImageObject","inLanguage":"ro-RO","@id":"https:\/\/xstyle.md\/#\/schema\/logo\/image\/","url":"https:\/\/xstyle.md\/wp-content\/uploads\/2020\/06\/logoicon.svg","contentUrl":"https:\/\/xstyle.md\/wp-content\/uploads\/2020\/06\/logoicon.svg","caption":"\u041c\u0430\u0433\u0430\u0437\u0438\u043d Xstyle"},"image":{"@id":"https:\/\/xstyle.md\/#\/schema\/logo\/image\/"},"sameAs":["https:\/\/www.facebook.com\/xstylemd","https:\/\/www.instagram.com\/xstyle_md\/","https:\/\/t.me\/xstyle_outdoor"],"hasMerchantReturnPolicy":{"@type":"MerchantReturnPolicy","merchantReturnLink":"https:\/\/xstyle.md\/ro\/conditions\/"}}]},"product_price_amount":"5890.00","product_price_currency":"MDL","og_availability":"instock","product_availability":"instock","product_retailer_item_id":"910501","product_condition":"new"},"_links":{"self":[{"href":"https:\/\/xstyle.md\/ro\/wp-json\/wp\/v2\/product\/2366","targetHints":{"allow":["GET"]}}],"collection":[{"href":"https:\/\/xstyle.md\/ro\/wp-json\/wp\/v2\/product"}],"about":[{"href":"https:\/\/xstyle.md\/ro\/wp-json\/wp\/v2\/types\/product"}],"replies":[{"embeddable":true,"href":"https:\/\/xstyle.md\/ro\/wp-json\/wp\/v2\/comments?post=2366"}],"wp:featuredmedia":[{"embeddable":true,"href":"https:\/\/xstyle.md\/ro\/wp-json\/wp\/v2\/media\/2362"}],"wp:attachment":[{"href":"https:\/\/xstyle.md\/ro\/wp-json\/wp\/v2\/media?parent=2366"}],"wp:term":[{"taxonomy":"product_brand","embeddable":true,"href":"https:\/\/xstyle.md\/ro\/wp-json\/wp\/v2\/product_brand?post=2366"},{"taxonomy":"product_cat","embeddable":true,"href":"https:\/\/xstyle.md\/ro\/wp-json\/wp\/v2\/product_cat?post=2366"},{"taxonomy":"product_tag","embeddable":true,"href":"https:\/\/xstyle.md\/ro\/wp-json\/wp\/v2\/product_tag?post=2366"}],"curies":[{"name":"wp","href":"https:\/\/api.w.org\/{rel}","templated":true}]}}