{"id":2337,"date":"2020-07-16T17:01:42","date_gmt":"2020-07-16T14:01:42","guid":{"rendered":"https:\/\/xstyle.md\/?post_type=product&#038;p=2337"},"modified":"2026-04-07T15:22:40","modified_gmt":"2026-04-07T12:22:40","slug":"lopata-easy-camp-folding-shovel","status":"publish","type":"product","link":"https:\/\/xstyle.md\/ro\/produs\/lopata-easy-camp-folding-shovel\/","title":{"rendered":"Lopat\u0103 Easy Camp Folding Shovel"},"content":{"rendered":"<\/p>\n<p><strong>Lopat\u0103 Easy Camp Folding Shovel <\/strong>&#8212; este un \u00eenlocuitor excelent pentru lopata de mod\u0103 veche. Cu ajutorul unei lame ascu\u021bite pute\u021bi cur\u0103\u021ba rapid zona pentru un cort, s\u0103pa g\u0103uri de orice ad\u00e2ncime. Dup\u0103 utilizare, unealta se colecteaz\u0103 rapid \u0219i u\u0219or \u00eentr-o hus\u0103 practic\u0103. Aceast\u0103 lopat\u0103 v\u0103 va servi pentru o perioad\u0103 lung\u0103 de timp.<\/p>\n<h3>Particularit\u0103\u021bi<\/h3>\n<ul>\n<li>Lopata este fabricat\u0103 din metal de \u00eenalt\u0103 calitate, cu un strat special de acoperire.<\/li>\n<li>Elementele de fixare cu baionet\u0103 sunt fabricate din aliaj durabil<\/li>\n<li>Designul pliabil face ca lopata s\u0103 fie u\u0219or de transportat<\/li>\n<\/ul>\n<h3>Caracteristici<\/h3>\n<ul>\n<li>Material &#8212; o\u021bel<\/li>\n<li>M\u00e2ner &#8212; \u00een form\u0103 de V<\/li>\n<li>Dimensiuni &#8212; 16 x 21 cm \/ 59 (LxA)<\/li>\n<li>Dimensiunea ambalajului &#8212; 17 x 24 cm<\/li>\n<li>Greutate &#8212; 900 g<\/li>\n<\/ul>\n<h3>Marca<\/h3>\n<p>Easy Camp este unul dintre cei mai renumi\u021bi produc\u0103tori danezi de produse pentru c\u0103l\u0103torii, sport \u0219i activit\u0103\u021bi \u00een aer liber. Easy Camp se pozi\u021bioneaz\u0103 ca o marc\u0103 de produse pentru camping, drume\u021bii \u0219i c\u0103l\u0103torii. Printre produsele populare care s-au dovedit pe pia\u021ba european\u0103 \u0219i mondial\u0103 se num\u0103r\u0103: rucsacuri, corturi, mobilier de camping, accesorii de camping, saci de dormit, saltele pneumatice \u0219i altele. Experien\u021ba vast\u0103 a stabilit acest brand ca fiind unul dintre cele mai respectate \u0219i de \u00eencredere. De mai bine de 28 de ani, compania fabric\u0103 produse pentru activit\u0103\u021bi \u00een aer liber.<\/p>\n<p>Crezul Easy Camp este dezvoltarea modern\u0103 \u0219i inova\u021biile pentru a \u00eembun\u0103t\u0103\u021bi calitatea activit\u0103\u021bilor de recreere. Cele mai avansate tehnologii permit ob\u021binerea unor rezultate f\u0103r\u0103 precedent. Cele mai moderne materiale \u0219i designul \u00eembun\u0103t\u0103\u021bit permit camperilor \u0219i c\u0103l\u0103torilor s\u0103 se simt\u0103 u\u0219or \u0219i confortabil \u00een orice situa\u021bie. Easy Camp &#8212; este asociat cu corturi confortabile \u0219i u\u0219oare, calde \u0219i totu\u0219i ocup\u00e2nd un volum foarte mic saci de dormit, o gam\u0103 larg\u0103 de alte produse.<\/p>\n<p><\/p>","protected":false},"excerpt":{"rendered":"<p>Lopat\u0103 Easy Camp Folding Shovel<\/p>","protected":false},"featured_media":2336,"comment_status":"open","ping_status":"closed","template":"","meta":{"_acf_changed":false,"inline_featured_image":false},"product_brand":[1275],"product_cat":[357],"product_tag":[],"class_list":{"0":"post-2337","1":"product","2":"type-product","3":"status-publish","4":"has-post-thumbnail","6":"product_brand-outwell","7":"product_cat-instrumenti","9":"first","10":"instock","11":"shipping-taxable","12":"purchasable","13":"product-type-simple"},"acf":[],"yoast_head":"<!-- This site is optimized with the Yoast SEO plugin v27.4 - https:\/\/yoast.com\/product\/yoast-seo-wordpress\/ -->\n<title>\u041b\u043e\u043f\u0430\u0442\u0430 Easy Camp Folding Shovel - \u041c\u0430\u0433\u0430\u0437\u0438\u043d Xstyle<\/title>\n<meta name=\"description\" content=\"\u041b\u043e\u043f\u0430\u0442\u0430 Easy Camp Folding Shovel \u2013 \u0438\u0434\u0435\u0430\u043b\u044c\u043d\u044b\u0439 \u0438\u043d\u0441\u0442\u0440\u0443\u043c\u0435\u043d\u0442 \u0434\u043b\u044f \u043a\u0435\u043c\u043f\u0438\u043d\u0433\u0430: \u043b\u0435\u0433\u043a\u0430\u044f, \u043e\u0441\u0442\u0440\u0430\u044f, \u043a\u043e\u043c\u043f\u0430\u043a\u0442\u043d\u043e \u0441\u043a\u043b\u0430\u0434\u044b\u0432\u0430\u0435\u0442\u0441\u044f \u0438 \u0443\u0434\u043e\u0431\u043d\u043e \u0445\u0440\u0430\u043d\u0438\u0442\u0441\u044f. \u041f\u043e\u0434\u0433\u043e\u0442\u043e\u0432\u044c\u0442\u0435\u0441\u044c \u043a \u043f\u0440\u0438\u043a\u043b\u044e\u0447\u0435\u043d\u0438\u044f\u043c!\" \/>\n<meta name=\"robots\" content=\"index, follow, max-snippet:-1, max-image-preview:large, max-video-preview:-1\" \/>\n<link rel=\"canonical\" href=\"https:\/\/xstyle.md\/ro\/produs\/lopata-easy-camp-folding-shovel\/\" \/>\n<meta property=\"og:locale\" content=\"ro_RO\" \/>\n<meta property=\"og:type\" content=\"article\" \/>\n<meta property=\"og:title\" content=\"\u041b\u043e\u043f\u0430\u0442\u0430 Easy Camp Folding Shovel - \u041c\u0430\u0433\u0430\u0437\u0438\u043d Xstyle\" \/>\n<meta property=\"og:description\" content=\"\u041b\u043e\u043f\u0430\u0442\u0430 Easy Camp Folding Shovel \u2013 \u0438\u0434\u0435\u0430\u043b\u044c\u043d\u044b\u0439 \u0438\u043d\u0441\u0442\u0440\u0443\u043c\u0435\u043d\u0442 \u0434\u043b\u044f \u043a\u0435\u043c\u043f\u0438\u043d\u0433\u0430: \u043b\u0435\u0433\u043a\u0430\u044f, \u043e\u0441\u0442\u0440\u0430\u044f, \u043a\u043e\u043c\u043f\u0430\u043a\u0442\u043d\u043e \u0441\u043a\u043b\u0430\u0434\u044b\u0432\u0430\u0435\u0442\u0441\u044f \u0438 \u0443\u0434\u043e\u0431\u043d\u043e \u0445\u0440\u0430\u043d\u0438\u0442\u0441\u044f. \u041f\u043e\u0434\u0433\u043e\u0442\u043e\u0432\u044c\u0442\u0435\u0441\u044c \u043a \u043f\u0440\u0438\u043a\u043b\u044e\u0447\u0435\u043d\u0438\u044f\u043c!\" \/>\n<meta property=\"og:url\" content=\"https:\/\/xstyle.md\/ro\/produs\/lopata-easy-camp-folding-shovel\/\" \/>\n<meta property=\"og:site_name\" content=\"\u041c\u0430\u0433\u0430\u0437\u0438\u043d Xstyle\" \/>\n<meta property=\"article:publisher\" content=\"https:\/\/www.facebook.com\/xstylemd\" \/>\n<meta property=\"article:modified_time\" content=\"2026-04-07T12:22:40+00:00\" \/>\n<meta property=\"og:image\" content=\"https:\/\/xstyle.md\/wp-content\/uploads\/2020\/07\/lopata.jpg\" \/>\n\t<meta property=\"og:image:width\" content=\"660\" \/>\n\t<meta property=\"og:image:height\" content=\"705\" \/>\n\t<meta property=\"og:image:type\" content=\"image\/jpeg\" \/>\n<meta name=\"twitter:card\" content=\"summary_large_image\" \/>\n<meta name=\"twitter:label1\" content=\"Pre\u021b\" \/>\n\t<meta name=\"twitter:data1\" content=\"450&nbsp;MDL\" \/>\n\t<meta name=\"twitter:label2\" content=\"Disponibilitate\" \/>\n\t<meta name=\"twitter:data2\" content=\"\u00cen stoc\" \/>\n<script type=\"application\/ld+json\" class=\"yoast-schema-graph\">{\"@context\":\"https:\\\/\\\/schema.org\",\"@graph\":[{\"@type\":\"WebPage\",\"@id\":\"https:\\\/\\\/xstyle.md\\\/product\\\/lopata-easy-camp-folding-shovel\\\/\",\"url\":\"https:\\\/\\\/xstyle.md\\\/product\\\/lopata-easy-camp-folding-shovel\\\/\",\"name\":\"\u041b\u043e\u043f\u0430\u0442\u0430 Easy Camp Folding Shovel - \u041c\u0430\u0433\u0430\u0437\u0438\u043d Xstyle\",\"isPartOf\":{\"@id\":\"https:\\\/\\\/xstyle.md\\\/#website\"},\"primaryImageOfPage\":{\"@id\":\"https:\\\/\\\/xstyle.md\\\/product\\\/lopata-easy-camp-folding-shovel\\\/#primaryimage\"},\"image\":{\"@id\":\"https:\\\/\\\/xstyle.md\\\/product\\\/lopata-easy-camp-folding-shovel\\\/#primaryimage\"},\"thumbnailUrl\":\"https:\\\/\\\/xstyle.md\\\/wp-content\\\/uploads\\\/2020\\\/07\\\/lopata.jpg\",\"datePublished\":\"2020-07-16T14:01:42+00:00\",\"dateModified\":\"2026-04-07T12:22:40+00:00\",\"description\":\"\u041b\u043e\u043f\u0430\u0442\u0430 Easy Camp Folding Shovel \u2013 \u0438\u0434\u0435\u0430\u043b\u044c\u043d\u044b\u0439 \u0438\u043d\u0441\u0442\u0440\u0443\u043c\u0435\u043d\u0442 \u0434\u043b\u044f \u043a\u0435\u043c\u043f\u0438\u043d\u0433\u0430: \u043b\u0435\u0433\u043a\u0430\u044f, \u043e\u0441\u0442\u0440\u0430\u044f, \u043a\u043e\u043c\u043f\u0430\u043a\u0442\u043d\u043e \u0441\u043a\u043b\u0430\u0434\u044b\u0432\u0430\u0435\u0442\u0441\u044f \u0438 \u0443\u0434\u043e\u0431\u043d\u043e \u0445\u0440\u0430\u043d\u0438\u0442\u0441\u044f. \u041f\u043e\u0434\u0433\u043e\u0442\u043e\u0432\u044c\u0442\u0435\u0441\u044c \u043a \u043f\u0440\u0438\u043a\u043b\u044e\u0447\u0435\u043d\u0438\u044f\u043c!\",\"breadcrumb\":{\"@id\":\"https:\\\/\\\/xstyle.md\\\/product\\\/lopata-easy-camp-folding-shovel\\\/#breadcrumb\"},\"inLanguage\":\"ro-RO\",\"potentialAction\":[{\"@type\":\"ReadAction\",\"target\":[\"https:\\\/\\\/xstyle.md\\\/product\\\/lopata-easy-camp-folding-shovel\\\/\"]}]},{\"@type\":\"ImageObject\",\"inLanguage\":\"ro-RO\",\"@id\":\"https:\\\/\\\/xstyle.md\\\/product\\\/lopata-easy-camp-folding-shovel\\\/#primaryimage\",\"url\":\"https:\\\/\\\/xstyle.md\\\/wp-content\\\/uploads\\\/2020\\\/07\\\/lopata.jpg\",\"contentUrl\":\"https:\\\/\\\/xstyle.md\\\/wp-content\\\/uploads\\\/2020\\\/07\\\/lopata.jpg\",\"width\":660,\"height\":705},{\"@type\":\"BreadcrumbList\",\"@id\":\"https:\\\/\\\/xstyle.md\\\/product\\\/lopata-easy-camp-folding-shovel\\\/#breadcrumb\",\"itemListElement\":[{\"@type\":\"ListItem\",\"position\":1,\"name\":\"\u0413\u043b\u0430\u0432\u043d\u0430\u044f \u0441\u0442\u0440\u0430\u043d\u0438\u0446\u0430\",\"item\":\"https:\\\/\\\/xstyle.md\\\/\"},{\"@type\":\"ListItem\",\"position\":2,\"name\":\"\u041c\u0430\u0433\u0430\u0437\u0438\u043d\",\"item\":\"https:\\\/\\\/xstyle.md\\\/shop\\\/\"},{\"@type\":\"ListItem\",\"position\":3,\"name\":\"\u041b\u043e\u043f\u0430\u0442\u0430 Easy Camp Folding Shovel\"}]},{\"@type\":\"WebSite\",\"@id\":\"https:\\\/\\\/xstyle.md\\\/#website\",\"url\":\"https:\\\/\\\/xstyle.md\\\/\",\"name\":\"\u041c\u0430\u0433\u0430\u0437\u0438\u043d Xstyle\",\"description\":\"C\u043d\u0430\u0440\u044f\u0436\u0435\u043d\u0438\u0435 \u0434\u043b\u044f \u0442\u0443\u0440\u0438\u0437\u043c\u0430 \u0438 \u044d\u043a\u0441\u0442\u0440\u0435\u043c\u0430\u043b\u044c\u043d\u044b\u0445 \u0432\u0438\u0434\u043e\u0432 \u0441\u043f\u043e\u0440\u0442\u0430 \u0432 \u041c\u043e\u043b\u0434\u043e\u0432\u0435.. \u0426\u0435\u043d\u044b, \u0444\u043e\u0442\u043e, \u0445\u0430\u0440\u0430\u043a\u0442\u0435\u0440\u0438\u0441\u0442\u0438\u043a\u0438 \u0432 \u041c\u043e\u043b\u0434\u043e\u0432\u0435.\",\"publisher\":{\"@id\":\"https:\\\/\\\/xstyle.md\\\/#organization\"},\"alternateName\":\"X-Style\",\"potentialAction\":[{\"@type\":\"SearchAction\",\"target\":{\"@type\":\"EntryPoint\",\"urlTemplate\":\"https:\\\/\\\/xstyle.md\\\/?s={search_term_string}\"},\"query-input\":{\"@type\":\"PropertyValueSpecification\",\"valueRequired\":true,\"valueName\":\"search_term_string\"}}],\"inLanguage\":\"ro-RO\"},{\"@type\":\"Organization\",\"@id\":\"https:\\\/\\\/xstyle.md\\\/#organization\",\"name\":\"\u041c\u0430\u0433\u0430\u0437\u0438\u043d Xstyle\",\"alternateName\":\"x-style\",\"url\":\"https:\\\/\\\/xstyle.md\\\/\",\"logo\":{\"@type\":\"ImageObject\",\"inLanguage\":\"ro-RO\",\"@id\":\"https:\\\/\\\/xstyle.md\\\/#\\\/schema\\\/logo\\\/image\\\/\",\"url\":\"https:\\\/\\\/xstyle.md\\\/wp-content\\\/uploads\\\/2020\\\/06\\\/logoicon.svg\",\"contentUrl\":\"https:\\\/\\\/xstyle.md\\\/wp-content\\\/uploads\\\/2020\\\/06\\\/logoicon.svg\",\"caption\":\"\u041c\u0430\u0433\u0430\u0437\u0438\u043d Xstyle\"},\"image\":{\"@id\":\"https:\\\/\\\/xstyle.md\\\/#\\\/schema\\\/logo\\\/image\\\/\"},\"sameAs\":[\"https:\\\/\\\/www.facebook.com\\\/xstylemd\",\"https:\\\/\\\/www.instagram.com\\\/xstyle_md\\\/\",\"https:\\\/\\\/t.me\\\/xstyle_outdoor\"],\"hasMerchantReturnPolicy\":{\"@type\":\"MerchantReturnPolicy\",\"merchantReturnLink\":\"https:\\\/\\\/xstyle.md\\\/ro\\\/conditions\\\/\"}}]}<\/script>\n<meta property=\"product:price:amount\" content=\"450.00\" \/>\n<meta property=\"product:price:currency\" content=\"MDL\" \/>\n<meta property=\"og:availability\" content=\"instock\" \/>\n<meta property=\"product:availability\" content=\"instock\" \/>\n<meta property=\"product:retailer_item_id\" content=\"5709388028396\" \/>\n<meta property=\"product:condition\" content=\"new\" \/>\n<!-- \/ Yoast SEO plugin. -->","yoast_head_json":{"title":"Lopat\u0103 Easy Camp Folding Shovel - Magazin Xstyle","description":"Lopata Easy Camp Folding Shovel \u2013 instrumentul ideal pentru camping: u\u0219oar\u0103, ascu\u021bit\u0103, se pliaz\u0103 compact \u0219i este u\u0219or de depozitat. Preg\u0103te\u0219te-te pentru aventuri!","robots":{"index":"index","follow":"follow","max-snippet":"max-snippet:-1","max-image-preview":"max-image-preview:large","max-video-preview":"max-video-preview:-1"},"canonical":"https:\/\/xstyle.md\/ro\/produs\/lopata-easy-camp-folding-shovel\/","og_locale":"ro_RO","og_type":"article","og_title":"\u041b\u043e\u043f\u0430\u0442\u0430 Easy Camp Folding Shovel - \u041c\u0430\u0433\u0430\u0437\u0438\u043d Xstyle","og_description":"\u041b\u043e\u043f\u0430\u0442\u0430 Easy Camp Folding Shovel \u2013 \u0438\u0434\u0435\u0430\u043b\u044c\u043d\u044b\u0439 \u0438\u043d\u0441\u0442\u0440\u0443\u043c\u0435\u043d\u0442 \u0434\u043b\u044f \u043a\u0435\u043c\u043f\u0438\u043d\u0433\u0430: \u043b\u0435\u0433\u043a\u0430\u044f, \u043e\u0441\u0442\u0440\u0430\u044f, \u043a\u043e\u043c\u043f\u0430\u043a\u0442\u043d\u043e \u0441\u043a\u043b\u0430\u0434\u044b\u0432\u0430\u0435\u0442\u0441\u044f \u0438 \u0443\u0434\u043e\u0431\u043d\u043e \u0445\u0440\u0430\u043d\u0438\u0442\u0441\u044f. \u041f\u043e\u0434\u0433\u043e\u0442\u043e\u0432\u044c\u0442\u0435\u0441\u044c \u043a \u043f\u0440\u0438\u043a\u043b\u044e\u0447\u0435\u043d\u0438\u044f\u043c!","og_url":"https:\/\/xstyle.md\/ro\/produs\/lopata-easy-camp-folding-shovel\/","og_site_name":"\u041c\u0430\u0433\u0430\u0437\u0438\u043d Xstyle","article_publisher":"https:\/\/www.facebook.com\/xstylemd","article_modified_time":"2026-04-07T12:22:40+00:00","og_image":[{"width":660,"height":705,"url":"https:\/\/xstyle.md\/wp-content\/uploads\/2020\/07\/lopata.jpg","type":"image\/jpeg"}],"twitter_card":"summary_large_image","twitter_misc":{"Pre\u021b":"450&nbsp;MDL","Disponibilitate":"\u00cen stoc"},"schema":{"@context":"https:\/\/schema.org","@graph":[{"@type":"WebPage","@id":"https:\/\/xstyle.md\/product\/lopata-easy-camp-folding-shovel\/","url":"https:\/\/xstyle.md\/product\/lopata-easy-camp-folding-shovel\/","name":"Lopat\u0103 Easy Camp Folding Shovel - Magazin Xstyle","isPartOf":{"@id":"https:\/\/xstyle.md\/#website"},"primaryImageOfPage":{"@id":"https:\/\/xstyle.md\/product\/lopata-easy-camp-folding-shovel\/#primaryimage"},"image":{"@id":"https:\/\/xstyle.md\/product\/lopata-easy-camp-folding-shovel\/#primaryimage"},"thumbnailUrl":"https:\/\/xstyle.md\/wp-content\/uploads\/2020\/07\/lopata.jpg","datePublished":"2020-07-16T14:01:42+00:00","dateModified":"2026-04-07T12:22:40+00:00","description":"Lopata Easy Camp Folding Shovel \u2013 instrumentul ideal pentru camping: u\u0219oar\u0103, ascu\u021bit\u0103, se pliaz\u0103 compact \u0219i este u\u0219or de depozitat. Preg\u0103te\u0219te-te pentru aventuri!","breadcrumb":{"@id":"https:\/\/xstyle.md\/product\/lopata-easy-camp-folding-shovel\/#breadcrumb"},"inLanguage":"ro-RO","potentialAction":[{"@type":"ReadAction","target":["https:\/\/xstyle.md\/product\/lopata-easy-camp-folding-shovel\/"]}]},{"@type":"ImageObject","inLanguage":"ro-RO","@id":"https:\/\/xstyle.md\/product\/lopata-easy-camp-folding-shovel\/#primaryimage","url":"https:\/\/xstyle.md\/wp-content\/uploads\/2020\/07\/lopata.jpg","contentUrl":"https:\/\/xstyle.md\/wp-content\/uploads\/2020\/07\/lopata.jpg","width":660,"height":705},{"@type":"BreadcrumbList","@id":"https:\/\/xstyle.md\/product\/lopata-easy-camp-folding-shovel\/#breadcrumb","itemListElement":[{"@type":"ListItem","position":1,"name":"\u0413\u043b\u0430\u0432\u043d\u0430\u044f \u0441\u0442\u0440\u0430\u043d\u0438\u0446\u0430","item":"https:\/\/xstyle.md\/"},{"@type":"ListItem","position":2,"name":"\u041c\u0430\u0433\u0430\u0437\u0438\u043d","item":"https:\/\/xstyle.md\/shop\/"},{"@type":"ListItem","position":3,"name":"\u041b\u043e\u043f\u0430\u0442\u0430 Easy Camp Folding Shovel"}]},{"@type":"WebSite","@id":"https:\/\/xstyle.md\/#website","url":"https:\/\/xstyle.md\/","name":"Magazinul X-Style","description":"Echipamente pentru turism \u0219i sporturi extreme \u00een Moldova. Pre\u021buri, fotografii, caracteristici \u00een Moldova.","publisher":{"@id":"https:\/\/xstyle.md\/#organization"},"alternateName":"X-Style","potentialAction":[{"@type":"SearchAction","target":{"@type":"EntryPoint","urlTemplate":"https:\/\/xstyle.md\/?s={search_term_string}"},"query-input":{"@type":"PropertyValueSpecification","valueRequired":true,"valueName":"search_term_string"}}],"inLanguage":"ro-RO"},{"@type":"Organization","@id":"https:\/\/xstyle.md\/#organization","name":"Magazinul X-Style","alternateName":"x-style","url":"https:\/\/xstyle.md\/","logo":{"@type":"ImageObject","inLanguage":"ro-RO","@id":"https:\/\/xstyle.md\/#\/schema\/logo\/image\/","url":"https:\/\/xstyle.md\/wp-content\/uploads\/2020\/06\/logoicon.svg","contentUrl":"https:\/\/xstyle.md\/wp-content\/uploads\/2020\/06\/logoicon.svg","caption":"\u041c\u0430\u0433\u0430\u0437\u0438\u043d Xstyle"},"image":{"@id":"https:\/\/xstyle.md\/#\/schema\/logo\/image\/"},"sameAs":["https:\/\/www.facebook.com\/xstylemd","https:\/\/www.instagram.com\/xstyle_md\/","https:\/\/t.me\/xstyle_outdoor"],"hasMerchantReturnPolicy":{"@type":"MerchantReturnPolicy","merchantReturnLink":"https:\/\/xstyle.md\/ro\/conditions\/"}}]},"product_price_amount":"450.00","product_price_currency":"MDL","og_availability":"instock","product_availability":"instock","product_retailer_item_id":"5709388028396","product_condition":"new"},"_links":{"self":[{"href":"https:\/\/xstyle.md\/ro\/wp-json\/wp\/v2\/product\/2337","targetHints":{"allow":["GET"]}}],"collection":[{"href":"https:\/\/xstyle.md\/ro\/wp-json\/wp\/v2\/product"}],"about":[{"href":"https:\/\/xstyle.md\/ro\/wp-json\/wp\/v2\/types\/product"}],"replies":[{"embeddable":true,"href":"https:\/\/xstyle.md\/ro\/wp-json\/wp\/v2\/comments?post=2337"}],"wp:featuredmedia":[{"embeddable":true,"href":"https:\/\/xstyle.md\/ro\/wp-json\/wp\/v2\/media\/2336"}],"wp:attachment":[{"href":"https:\/\/xstyle.md\/ro\/wp-json\/wp\/v2\/media?parent=2337"}],"wp:term":[{"taxonomy":"product_brand","embeddable":true,"href":"https:\/\/xstyle.md\/ro\/wp-json\/wp\/v2\/product_brand?post=2337"},{"taxonomy":"product_cat","embeddable":true,"href":"https:\/\/xstyle.md\/ro\/wp-json\/wp\/v2\/product_cat?post=2337"},{"taxonomy":"product_tag","embeddable":true,"href":"https:\/\/xstyle.md\/ro\/wp-json\/wp\/v2\/product_tag?post=2337"}],"curies":[{"name":"wp","href":"https:\/\/api.w.org\/{rel}","templated":true}]}}