{"id":23250,"date":"2020-07-19T16:24:10","date_gmt":"2020-07-19T13:24:10","guid":{"rendered":"https:\/\/xstyle.md\/product\/gamak-amazonas-silk-traveller-forest"},"modified":"2026-04-15T12:38:17","modified_gmt":"2026-04-15T09:38:17","slug":"gamak-amazonas-silk-traveller-forest","status":"publish","type":"product","link":"https:\/\/xstyle.md\/ro\/produs\/gamak-amazonas-silk-traveller-forest\/","title":{"rendered":"Hamac Amazonas Silk Traveller Forest"},"content":{"rendered":"<\/p>\n<p><strong>HamacAmazonas Silk Traveller Forest <\/strong>&#8212; foarte u\u0219or, pl\u0103cut la atingere \u0219i, \u00een acela\u0219i timp, rezist\u0103 la mult\u0103 greutate &#8212; un hamac pentru c\u0103l\u0103torii. Fabricat din m\u0103tase de para\u0219ut\u0103 durabil\u0103, respirabil\u0103 \u0219i moale. Hamacul compact Amazonas Silk Traveller este indispensabil pentru camping, picnicuri \u0219i vacan\u021be la \u021bar\u0103. Datorit\u0103 sistemului de prindere de \u00eenalt\u0103 tehnologie cu mult\u0103 tensiune, nu este doar foarte rezistent, ci \u0219i stabil \u00een greutate.<\/p>\n<h3>Particularit\u0103\u021bi<\/h3>\n<ul>\n<li>Este confec\u021bionat din m\u0103tase de para\u0219ut\u0103 durabil\u0103, respirabil\u0103, moale, foarte moale \u0219i pl\u0103cut\u0103 la atingere.<\/li>\n<li>Datorit\u0103 sistemului de prindere de \u00eenalt\u0103 tehnologie cu mult\u0103 tensiune, este nu numai foarte rezistent\u0103, ci \u0219i stabil\u0103 \u00een greutate<\/li>\n<li>Atunci c\u00e2nd este pliat, hamacul Amazonas Silk Traveller ocup\u0103 pu\u021bin spa\u021biu &#8212; nu mai mare dec\u00e2t o sticl\u0103, cu hamacul conceput pentru dou\u0103 persoane, poate sus\u021bine p\u00e2n\u0103 la 150 kg \u00een greutate.<\/li>\n<\/ul>\n<h3>Caracteristici<\/h3>\n<ul>\n<li>Material: nailon<\/li>\n<li>Dimensiuni: 220 x 140 cm<\/li>\n<li>Sarcina maxim\u0103: 150 kg<\/li>\n<li>Greutate: 400 g.<\/li>\n<\/ul>\n<h3>Marca<\/h3>\n<p>Amazonas sunt unii dintre cei mai importan\u021bi produc\u0103tori de hamace. Ace\u0219tia sunt cunoscu\u021bi \u00een principal pentru hamacele lor originale din bumbac brazilian. De asemenea, ace\u0219tia produc o gam\u0103 de hamace ultrau\u0219oare \u0219i accesorii pentru c\u0103l\u0103tori, cum ar fi scaune suspendate, corturi \u0219i p\u0103turi pentru relaxare, precum \u0219i o gam\u0103 de produse pentru copii (c\u0103rucioare, hamace, scaune etc.).<\/p>\n<p><\/p>","protected":false},"excerpt":{"rendered":"<p>Hamac Amazonas Silk Traveller Forest<\/p>","protected":false},"featured_media":23244,"comment_status":"open","ping_status":"closed","template":"","meta":{"_acf_changed":false,"inline_featured_image":false},"product_brand":[1285],"product_cat":[198],"product_tag":[],"class_list":{"0":"post-23250","1":"product","2":"type-product","3":"status-publish","4":"has-post-thumbnail","6":"product_brand-amazonas","7":"product_cat-tourist-hammocks","9":"first","10":"instock","11":"shipping-taxable","12":"purchasable","13":"product-type-simple"},"acf":[],"yoast_head":"<!-- This site is optimized with the Yoast SEO plugin v27.4 - https:\/\/yoast.com\/product\/yoast-seo-wordpress\/ -->\n<title>\u0413\u0430\u043c\u0430\u043a Amazonas Silk Traveller Forest - \u041c\u0430\u0433\u0430\u0437\u0438\u043d Xstyle<\/title>\n<meta name=\"description\" content=\"\u0413\u0430\u043c\u0430\u043a Amazonas Silk Traveller Forest \u2013 \u043b\u0435\u0433\u043a\u0438\u0439, \u043f\u0440\u043e\u0447\u043d\u044b\u0439 \u0438 \u043f\u0440\u0438\u044f\u0442\u043d\u044b\u0439 \u043d\u0430 \u043e\u0449\u0443\u043f\u044c. \u0418\u0434\u0435\u0430\u043b\u0435\u043d \u0434\u043b\u044f \u043f\u0443\u0442\u0435\u0448\u0435\u0441\u0442\u0432\u0438\u0439, \u043a\u0435\u043c\u043f\u0438\u043d\u0433\u0430 \u0438 \u043f\u0438\u043a\u043d\u0438\u043a\u043e\u0432. \u0423\u0434\u043e\u0431\u0441\u0442\u0432\u043e \u0438 \u043a\u0430\u0447\u0435\u0441\u0442\u0432\u043e \u0432 \u043e\u0434\u043d\u043e\u043c!\" \/>\n<meta name=\"robots\" content=\"index, follow, max-snippet:-1, max-image-preview:large, max-video-preview:-1\" \/>\n<link rel=\"canonical\" href=\"https:\/\/xstyle.md\/ro\/produs\/gamak-amazonas-silk-traveller-forest\/\" \/>\n<meta property=\"og:locale\" content=\"ro_RO\" \/>\n<meta property=\"og:type\" content=\"article\" \/>\n<meta property=\"og:title\" content=\"\u0413\u0430\u043c\u0430\u043a Amazonas Silk Traveller Forest - \u041c\u0430\u0433\u0430\u0437\u0438\u043d Xstyle\" \/>\n<meta property=\"og:description\" content=\"\u0413\u0430\u043c\u0430\u043a Amazonas Silk Traveller Forest \u2013 \u043b\u0435\u0433\u043a\u0438\u0439, \u043f\u0440\u043e\u0447\u043d\u044b\u0439 \u0438 \u043f\u0440\u0438\u044f\u0442\u043d\u044b\u0439 \u043d\u0430 \u043e\u0449\u0443\u043f\u044c. \u0418\u0434\u0435\u0430\u043b\u0435\u043d \u0434\u043b\u044f \u043f\u0443\u0442\u0435\u0448\u0435\u0441\u0442\u0432\u0438\u0439, \u043a\u0435\u043c\u043f\u0438\u043d\u0433\u0430 \u0438 \u043f\u0438\u043a\u043d\u0438\u043a\u043e\u0432. \u0423\u0434\u043e\u0431\u0441\u0442\u0432\u043e \u0438 \u043a\u0430\u0447\u0435\u0441\u0442\u0432\u043e \u0432 \u043e\u0434\u043d\u043e\u043c!\" \/>\n<meta property=\"og:url\" content=\"https:\/\/xstyle.md\/ro\/produs\/gamak-amazonas-silk-traveller-forest\/\" \/>\n<meta property=\"og:site_name\" content=\"\u041c\u0430\u0433\u0430\u0437\u0438\u043d Xstyle\" \/>\n<meta property=\"article:publisher\" content=\"https:\/\/www.facebook.com\/xstylemd\" \/>\n<meta property=\"article:modified_time\" content=\"2026-04-15T09:38:17+00:00\" \/>\n<meta property=\"og:image\" content=\"https:\/\/xstyle.md\/wp-content\/uploads\/2020\/07\/amazonas_silk_traveller_forest-1.jpg\" \/>\n\t<meta property=\"og:image:width\" content=\"1024\" \/>\n\t<meta property=\"og:image:height\" content=\"1024\" \/>\n\t<meta property=\"og:image:type\" content=\"image\/jpeg\" \/>\n<meta name=\"twitter:card\" content=\"summary_large_image\" \/>\n<meta name=\"twitter:label1\" content=\"Pre\u021b\" \/>\n\t<meta name=\"twitter:data1\" content=\"770&nbsp;MDL\" \/>\n\t<meta name=\"twitter:label2\" content=\"Disponibilitate\" \/>\n\t<meta name=\"twitter:data2\" content=\"\u00cen stoc\" \/>\n<script type=\"application\/ld+json\" class=\"yoast-schema-graph\">{\"@context\":\"https:\\\/\\\/schema.org\",\"@graph\":[{\"@type\":\"WebPage\",\"@id\":\"https:\\\/\\\/xstyle.md\\\/product\\\/gamak-amazonas-silk-traveller-forest\\\/\",\"url\":\"https:\\\/\\\/xstyle.md\\\/product\\\/gamak-amazonas-silk-traveller-forest\\\/\",\"name\":\"\u0413\u0430\u043c\u0430\u043a Amazonas Silk Traveller Forest - \u041c\u0430\u0433\u0430\u0437\u0438\u043d Xstyle\",\"isPartOf\":{\"@id\":\"https:\\\/\\\/xstyle.md\\\/#website\"},\"primaryImageOfPage\":{\"@id\":\"https:\\\/\\\/xstyle.md\\\/product\\\/gamak-amazonas-silk-traveller-forest\\\/#primaryimage\"},\"image\":{\"@id\":\"https:\\\/\\\/xstyle.md\\\/product\\\/gamak-amazonas-silk-traveller-forest\\\/#primaryimage\"},\"thumbnailUrl\":\"https:\\\/\\\/xstyle.md\\\/wp-content\\\/uploads\\\/2020\\\/07\\\/amazonas_silk_traveller_forest-1.jpg\",\"datePublished\":\"2020-07-19T13:24:10+00:00\",\"dateModified\":\"2026-04-15T09:38:17+00:00\",\"description\":\"\u0413\u0430\u043c\u0430\u043a Amazonas Silk Traveller Forest \u2013 \u043b\u0435\u0433\u043a\u0438\u0439, \u043f\u0440\u043e\u0447\u043d\u044b\u0439 \u0438 \u043f\u0440\u0438\u044f\u0442\u043d\u044b\u0439 \u043d\u0430 \u043e\u0449\u0443\u043f\u044c. \u0418\u0434\u0435\u0430\u043b\u0435\u043d \u0434\u043b\u044f \u043f\u0443\u0442\u0435\u0448\u0435\u0441\u0442\u0432\u0438\u0439, \u043a\u0435\u043c\u043f\u0438\u043d\u0433\u0430 \u0438 \u043f\u0438\u043a\u043d\u0438\u043a\u043e\u0432. \u0423\u0434\u043e\u0431\u0441\u0442\u0432\u043e \u0438 \u043a\u0430\u0447\u0435\u0441\u0442\u0432\u043e \u0432 \u043e\u0434\u043d\u043e\u043c!\",\"breadcrumb\":{\"@id\":\"https:\\\/\\\/xstyle.md\\\/product\\\/gamak-amazonas-silk-traveller-forest\\\/#breadcrumb\"},\"inLanguage\":\"ro-RO\",\"potentialAction\":[{\"@type\":\"ReadAction\",\"target\":[\"https:\\\/\\\/xstyle.md\\\/product\\\/gamak-amazonas-silk-traveller-forest\\\/\"]}]},{\"@type\":\"ImageObject\",\"inLanguage\":\"ro-RO\",\"@id\":\"https:\\\/\\\/xstyle.md\\\/product\\\/gamak-amazonas-silk-traveller-forest\\\/#primaryimage\",\"url\":\"https:\\\/\\\/xstyle.md\\\/wp-content\\\/uploads\\\/2020\\\/07\\\/amazonas_silk_traveller_forest-1.jpg\",\"contentUrl\":\"https:\\\/\\\/xstyle.md\\\/wp-content\\\/uploads\\\/2020\\\/07\\\/amazonas_silk_traveller_forest-1.jpg\",\"width\":1024,\"height\":1024},{\"@type\":\"BreadcrumbList\",\"@id\":\"https:\\\/\\\/xstyle.md\\\/product\\\/gamak-amazonas-silk-traveller-forest\\\/#breadcrumb\",\"itemListElement\":[{\"@type\":\"ListItem\",\"position\":1,\"name\":\"\u0413\u043b\u0430\u0432\u043d\u0430\u044f \u0441\u0442\u0440\u0430\u043d\u0438\u0446\u0430\",\"item\":\"https:\\\/\\\/xstyle.md\\\/\"},{\"@type\":\"ListItem\",\"position\":2,\"name\":\"\u041c\u0430\u0433\u0430\u0437\u0438\u043d\",\"item\":\"https:\\\/\\\/xstyle.md\\\/shop\\\/\"},{\"@type\":\"ListItem\",\"position\":3,\"name\":\"\u0413\u0430\u043c\u0430\u043a Amazonas Silk Traveller Forest\"}]},{\"@type\":\"WebSite\",\"@id\":\"https:\\\/\\\/xstyle.md\\\/#website\",\"url\":\"https:\\\/\\\/xstyle.md\\\/\",\"name\":\"\u041c\u0430\u0433\u0430\u0437\u0438\u043d Xstyle\",\"description\":\"C\u043d\u0430\u0440\u044f\u0436\u0435\u043d\u0438\u0435 \u0434\u043b\u044f \u0442\u0443\u0440\u0438\u0437\u043c\u0430 \u0438 \u044d\u043a\u0441\u0442\u0440\u0435\u043c\u0430\u043b\u044c\u043d\u044b\u0445 \u0432\u0438\u0434\u043e\u0432 \u0441\u043f\u043e\u0440\u0442\u0430 \u0432 \u041c\u043e\u043b\u0434\u043e\u0432\u0435.. \u0426\u0435\u043d\u044b, \u0444\u043e\u0442\u043e, \u0445\u0430\u0440\u0430\u043a\u0442\u0435\u0440\u0438\u0441\u0442\u0438\u043a\u0438 \u0432 \u041c\u043e\u043b\u0434\u043e\u0432\u0435.\",\"publisher\":{\"@id\":\"https:\\\/\\\/xstyle.md\\\/#organization\"},\"alternateName\":\"X-Style\",\"potentialAction\":[{\"@type\":\"SearchAction\",\"target\":{\"@type\":\"EntryPoint\",\"urlTemplate\":\"https:\\\/\\\/xstyle.md\\\/?s={search_term_string}\"},\"query-input\":{\"@type\":\"PropertyValueSpecification\",\"valueRequired\":true,\"valueName\":\"search_term_string\"}}],\"inLanguage\":\"ro-RO\"},{\"@type\":\"Organization\",\"@id\":\"https:\\\/\\\/xstyle.md\\\/#organization\",\"name\":\"\u041c\u0430\u0433\u0430\u0437\u0438\u043d Xstyle\",\"alternateName\":\"x-style\",\"url\":\"https:\\\/\\\/xstyle.md\\\/\",\"logo\":{\"@type\":\"ImageObject\",\"inLanguage\":\"ro-RO\",\"@id\":\"https:\\\/\\\/xstyle.md\\\/#\\\/schema\\\/logo\\\/image\\\/\",\"url\":\"https:\\\/\\\/xstyle.md\\\/wp-content\\\/uploads\\\/2020\\\/06\\\/logoicon.svg\",\"contentUrl\":\"https:\\\/\\\/xstyle.md\\\/wp-content\\\/uploads\\\/2020\\\/06\\\/logoicon.svg\",\"caption\":\"\u041c\u0430\u0433\u0430\u0437\u0438\u043d Xstyle\"},\"image\":{\"@id\":\"https:\\\/\\\/xstyle.md\\\/#\\\/schema\\\/logo\\\/image\\\/\"},\"sameAs\":[\"https:\\\/\\\/www.facebook.com\\\/xstylemd\",\"https:\\\/\\\/www.instagram.com\\\/xstyle_md\\\/\",\"https:\\\/\\\/t.me\\\/xstyle_outdoor\"],\"hasMerchantReturnPolicy\":{\"@type\":\"MerchantReturnPolicy\",\"merchantReturnLink\":\"https:\\\/\\\/xstyle.md\\\/ro\\\/conditions\\\/\"}}]}<\/script>\n<meta property=\"product:price:amount\" content=\"770.00\" \/>\n<meta property=\"product:price:currency\" content=\"MDL\" \/>\n<meta property=\"og:availability\" content=\"instock\" \/>\n<meta property=\"product:availability\" content=\"instock\" \/>\n<meta property=\"product:retailer_item_id\" content=\"4030454001823\" \/>\n<meta property=\"product:condition\" content=\"new\" \/>\n<!-- \/ Yoast SEO plugin. -->","yoast_head_json":{"title":"Hamac Amazonas Silk Traveller Forest - Magazin Xstyle","description":"Hamac Amazonas Silk Traveller Forest \u2013 u\u0219or, durabil \u0219i pl\u0103cut la atingere. Ideal pentru c\u0103l\u0103torii, camping \u0219i picnicuri. Confort \u0219i calitate \u00eentr-un singur produs!","robots":{"index":"index","follow":"follow","max-snippet":"max-snippet:-1","max-image-preview":"max-image-preview:large","max-video-preview":"max-video-preview:-1"},"canonical":"https:\/\/xstyle.md\/ro\/produs\/gamak-amazonas-silk-traveller-forest\/","og_locale":"ro_RO","og_type":"article","og_title":"\u0413\u0430\u043c\u0430\u043a Amazonas Silk Traveller Forest - \u041c\u0430\u0433\u0430\u0437\u0438\u043d Xstyle","og_description":"\u0413\u0430\u043c\u0430\u043a Amazonas Silk Traveller Forest \u2013 \u043b\u0435\u0433\u043a\u0438\u0439, \u043f\u0440\u043e\u0447\u043d\u044b\u0439 \u0438 \u043f\u0440\u0438\u044f\u0442\u043d\u044b\u0439 \u043d\u0430 \u043e\u0449\u0443\u043f\u044c. \u0418\u0434\u0435\u0430\u043b\u0435\u043d \u0434\u043b\u044f \u043f\u0443\u0442\u0435\u0448\u0435\u0441\u0442\u0432\u0438\u0439, \u043a\u0435\u043c\u043f\u0438\u043d\u0433\u0430 \u0438 \u043f\u0438\u043a\u043d\u0438\u043a\u043e\u0432. \u0423\u0434\u043e\u0431\u0441\u0442\u0432\u043e \u0438 \u043a\u0430\u0447\u0435\u0441\u0442\u0432\u043e \u0432 \u043e\u0434\u043d\u043e\u043c!","og_url":"https:\/\/xstyle.md\/ro\/produs\/gamak-amazonas-silk-traveller-forest\/","og_site_name":"\u041c\u0430\u0433\u0430\u0437\u0438\u043d Xstyle","article_publisher":"https:\/\/www.facebook.com\/xstylemd","article_modified_time":"2026-04-15T09:38:17+00:00","og_image":[{"width":1024,"height":1024,"url":"https:\/\/xstyle.md\/wp-content\/uploads\/2020\/07\/amazonas_silk_traveller_forest-1.jpg","type":"image\/jpeg"}],"twitter_card":"summary_large_image","twitter_misc":{"Pre\u021b":"770&nbsp;MDL","Disponibilitate":"\u00cen stoc"},"schema":{"@context":"https:\/\/schema.org","@graph":[{"@type":"WebPage","@id":"https:\/\/xstyle.md\/product\/gamak-amazonas-silk-traveller-forest\/","url":"https:\/\/xstyle.md\/product\/gamak-amazonas-silk-traveller-forest\/","name":"Hamac Amazonas Silk Traveller Forest - Magazin Xstyle","isPartOf":{"@id":"https:\/\/xstyle.md\/#website"},"primaryImageOfPage":{"@id":"https:\/\/xstyle.md\/product\/gamak-amazonas-silk-traveller-forest\/#primaryimage"},"image":{"@id":"https:\/\/xstyle.md\/product\/gamak-amazonas-silk-traveller-forest\/#primaryimage"},"thumbnailUrl":"https:\/\/xstyle.md\/wp-content\/uploads\/2020\/07\/amazonas_silk_traveller_forest-1.jpg","datePublished":"2020-07-19T13:24:10+00:00","dateModified":"2026-04-15T09:38:17+00:00","description":"Hamac Amazonas Silk Traveller Forest \u2013 u\u0219or, durabil \u0219i pl\u0103cut la atingere. Ideal pentru c\u0103l\u0103torii, camping \u0219i picnicuri. Confort \u0219i calitate \u00eentr-un singur produs!","breadcrumb":{"@id":"https:\/\/xstyle.md\/product\/gamak-amazonas-silk-traveller-forest\/#breadcrumb"},"inLanguage":"ro-RO","potentialAction":[{"@type":"ReadAction","target":["https:\/\/xstyle.md\/product\/gamak-amazonas-silk-traveller-forest\/"]}]},{"@type":"ImageObject","inLanguage":"ro-RO","@id":"https:\/\/xstyle.md\/product\/gamak-amazonas-silk-traveller-forest\/#primaryimage","url":"https:\/\/xstyle.md\/wp-content\/uploads\/2020\/07\/amazonas_silk_traveller_forest-1.jpg","contentUrl":"https:\/\/xstyle.md\/wp-content\/uploads\/2020\/07\/amazonas_silk_traveller_forest-1.jpg","width":1024,"height":1024},{"@type":"BreadcrumbList","@id":"https:\/\/xstyle.md\/product\/gamak-amazonas-silk-traveller-forest\/#breadcrumb","itemListElement":[{"@type":"ListItem","position":1,"name":"\u0413\u043b\u0430\u0432\u043d\u0430\u044f \u0441\u0442\u0440\u0430\u043d\u0438\u0446\u0430","item":"https:\/\/xstyle.md\/"},{"@type":"ListItem","position":2,"name":"\u041c\u0430\u0433\u0430\u0437\u0438\u043d","item":"https:\/\/xstyle.md\/shop\/"},{"@type":"ListItem","position":3,"name":"\u0413\u0430\u043c\u0430\u043a Amazonas Silk Traveller Forest"}]},{"@type":"WebSite","@id":"https:\/\/xstyle.md\/#website","url":"https:\/\/xstyle.md\/","name":"Magazinul X-Style","description":"Echipamente pentru turism \u0219i sporturi extreme \u00een Moldova. Pre\u021buri, fotografii, caracteristici \u00een Moldova.","publisher":{"@id":"https:\/\/xstyle.md\/#organization"},"alternateName":"X-Style","potentialAction":[{"@type":"SearchAction","target":{"@type":"EntryPoint","urlTemplate":"https:\/\/xstyle.md\/?s={search_term_string}"},"query-input":{"@type":"PropertyValueSpecification","valueRequired":true,"valueName":"search_term_string"}}],"inLanguage":"ro-RO"},{"@type":"Organization","@id":"https:\/\/xstyle.md\/#organization","name":"Magazinul X-Style","alternateName":"x-style","url":"https:\/\/xstyle.md\/","logo":{"@type":"ImageObject","inLanguage":"ro-RO","@id":"https:\/\/xstyle.md\/#\/schema\/logo\/image\/","url":"https:\/\/xstyle.md\/wp-content\/uploads\/2020\/06\/logoicon.svg","contentUrl":"https:\/\/xstyle.md\/wp-content\/uploads\/2020\/06\/logoicon.svg","caption":"\u041c\u0430\u0433\u0430\u0437\u0438\u043d Xstyle"},"image":{"@id":"https:\/\/xstyle.md\/#\/schema\/logo\/image\/"},"sameAs":["https:\/\/www.facebook.com\/xstylemd","https:\/\/www.instagram.com\/xstyle_md\/","https:\/\/t.me\/xstyle_outdoor"],"hasMerchantReturnPolicy":{"@type":"MerchantReturnPolicy","merchantReturnLink":"https:\/\/xstyle.md\/ro\/conditions\/"}}]},"product_price_amount":"770.00","product_price_currency":"MDL","og_availability":"instock","product_availability":"instock","product_retailer_item_id":"4030454001823","product_condition":"new"},"_links":{"self":[{"href":"https:\/\/xstyle.md\/ro\/wp-json\/wp\/v2\/product\/23250","targetHints":{"allow":["GET"]}}],"collection":[{"href":"https:\/\/xstyle.md\/ro\/wp-json\/wp\/v2\/product"}],"about":[{"href":"https:\/\/xstyle.md\/ro\/wp-json\/wp\/v2\/types\/product"}],"replies":[{"embeddable":true,"href":"https:\/\/xstyle.md\/ro\/wp-json\/wp\/v2\/comments?post=23250"}],"wp:featuredmedia":[{"embeddable":true,"href":"https:\/\/xstyle.md\/ro\/wp-json\/wp\/v2\/media\/23244"}],"wp:attachment":[{"href":"https:\/\/xstyle.md\/ro\/wp-json\/wp\/v2\/media?parent=23250"}],"wp:term":[{"taxonomy":"product_brand","embeddable":true,"href":"https:\/\/xstyle.md\/ro\/wp-json\/wp\/v2\/product_brand?post=23250"},{"taxonomy":"product_cat","embeddable":true,"href":"https:\/\/xstyle.md\/ro\/wp-json\/wp\/v2\/product_cat?post=23250"},{"taxonomy":"product_tag","embeddable":true,"href":"https:\/\/xstyle.md\/ro\/wp-json\/wp\/v2\/product_tag?post=23250"}],"curies":[{"name":"wp","href":"https:\/\/api.w.org\/{rel}","templated":true}]}}