{"id":23211,"date":"2020-07-19T16:21:36","date_gmt":"2020-07-19T13:21:36","guid":{"rendered":"https:\/\/xstyle.md\/?post_type=product&#038;p=23211"},"modified":"2026-04-07T15:23:23","modified_gmt":"2026-04-07T12:23:23","slug":"gamak-amazonas-tahiti-ocean","status":"publish","type":"product","link":"https:\/\/xstyle.md\/ro\/produs\/gamak-amazonas-tahiti-ocean\/","title":{"rendered":"Hamac Amazonas Tahiti Ocean"},"content":{"rendered":"<\/p>\n<p><strong>Hamac Amazonas Tahiti<\/strong> &#8212; cu acest model, ei au demonstrat c\u0103 \u0219i un hamac mic poate fi foarte confortabil. Hamacul poate fi ata\u0219at la perete sau la copaci cu ajutorul diferitelor sisteme de fixare. Are \u0219nururi foarte lungi, ceea ce face ca utilizarea sa s\u0103 fie o pl\u0103cere.<\/p>\n<p>Are o rezisten\u021b\u0103 excelent\u0103 la ap\u0103 \u0219i protec\u021bie \u00eempotriva razelor solare. \u00cen acela\u0219i timp, \u021bes\u0103tura r\u0103m\u00e2ne moale \u0219i pl\u0103cut\u0103 la atingere. Se vopse\u0219te manual \u00een Brazilia. Densitatea \u0219i rezisten\u021ba deosebit\u0103 a \u021bes\u0103turii \u00eei permit s\u0103 suporte orice greutate, lungimea \u0219i l\u0103\u021bimea hamacului asigur\u0103 un confort extraordinar.<\/p>\n<p>Simplitatea construc\u021biei cu propriet\u0103\u021bile sale practice excelente arat\u0103 c\u0103 hamacul este o inven\u021bie cu adev\u0103rat ingenioas\u0103. Acesta ajut\u0103 o persoan\u0103 s\u0103 se relaxeze \u0219i s\u0103 simt\u0103 un sentiment de armonie interioar\u0103. Sim\u021bi\u021bi calmul \u0219i confortul unei u\u0219oare leg\u0103n\u0103ri \u00een aer. Oriunde v\u0103 at\u00e2rna\u021bi hamacul, fie c\u0103 este un apartament, o cas\u0103 privat\u0103 sau un birou, fie un col\u021b umbros al unei cabane de var\u0103, malul unui r\u00e2u sau al m\u0103rii, v\u0103 pute\u021bi bucura de minunatul sentiment de fericire de a fi \u00een acest pat miraculos.<\/p>\n<h3>Particularit\u0103\u021bi<\/h3>\n<ul>\n<li>Ecologic<\/li>\n<li>Fabricat din bumbac reciclat<\/li>\n<li>\u021aesut \u0219i vopsit manual \u00een Brazilia<\/li>\n<li>Pl\u0103cut\u0103 pentru corp, durabil\u0103, frumoas\u0103<\/li>\n<li>Adopt\u0103 cu u\u0219urin\u021b\u0103 forma culcatului \u0219i, prin urmare, este surprinz\u0103tor de confortabil<\/li>\n<li>\u021aes\u0103tura durabil\u0103 \u00eei permite s\u0103 suporte o greutate mare<\/li>\n<\/ul>\n<h3>Caracteristici<\/h3>\n<ul>\n<li>Material: 100% bumbac<\/li>\n<li>Dimensiunile \u021bes\u0103turii: 200 x 100 cm<\/li>\n<li>Sarcina maxim\u0103: 120 kg<\/li>\n<li>Greutate: 1kg<\/li>\n<\/ul>\n<h3>Marca<\/h3>\n<p>Amazonas sunt unii dintre cei mai importan\u021bi produc\u0103tori de hamace. Ei sunt cunoscu\u021bi \u00een primul r\u00e2nd pentru hamacele lor originale din bumbac brazilian. Ei produc, de asemenea, o gam\u0103 de hamace \u0219i accesorii ultrau\u0219oare pentru c\u0103l\u0103tori, cum ar fi scaune suspendate, corturi \u0219i p\u0103turi pentru relaxare, precum \u0219i o gam\u0103 de produse pentru copii (c\u0103rucioare, hamace, scaune etc.).<\/p>\n<p><\/p>","protected":false},"excerpt":{"rendered":"<p>Hamac Amazonas Tahiti Ocean<\/p>","protected":false},"featured_media":23204,"comment_status":"open","ping_status":"closed","template":"","meta":{"_acf_changed":false,"inline_featured_image":false},"product_brand":[1285],"product_cat":[197],"product_tag":[],"class_list":{"0":"post-23211","1":"product","2":"type-product","3":"status-publish","4":"has-post-thumbnail","6":"product_brand-amazonas","7":"product_cat-camping-hammocks","9":"first","10":"instock","11":"shipping-taxable","12":"purchasable","13":"product-type-simple"},"acf":[],"yoast_head":"<!-- This site is optimized with the Yoast SEO plugin v27.2 - https:\/\/yoast.com\/product\/yoast-seo-wordpress\/ -->\n<title>\u0413\u0430\u043c\u0430\u043a Amazonas Tahiti Ocean - \u041c\u0430\u0433\u0430\u0437\u0438\u043d Xstyle<\/title>\n<meta name=\"description\" content=\"\u0413\u0430\u043c\u0430\u043a Amazonas Tahiti Ocean - \u0438\u0434\u0435\u0430\u043b\u044c\u043d\u043e\u0435 \u0440\u0435\u0448\u0435\u043d\u0438\u0435 \u0434\u043b\u044f \u043a\u043e\u043c\u0444\u043e\u0440\u0442\u043d\u043e\u0433\u043e \u043e\u0442\u0434\u044b\u0445\u0430! \u0412\u043e\u0434\u043e\u043d\u0435\u043f\u0440\u043e\u043d\u0438\u0446\u0430\u0435\u043c\u044b\u0439, UV-\u0437\u0430\u0449\u0438\u0442\u0430 \u0438 \u0434\u043b\u0438\u043d\u043d\u044b\u0435 \u0448\u043d\u0443\u0440\u044b \u0434\u043b\u044f \u0443\u0434\u043e\u0431\u0441\u0442\u0432\u0430 \u0443\u0441\u0442\u0430\u043d\u043e\u0432\u043a\u0438.\" \/>\n<meta name=\"robots\" content=\"index, follow, max-snippet:-1, max-image-preview:large, max-video-preview:-1\" \/>\n<link rel=\"canonical\" href=\"https:\/\/xstyle.md\/ro\/produs\/gamak-amazonas-tahiti-ocean\/\" \/>\n<meta property=\"og:locale\" content=\"ro_RO\" \/>\n<meta property=\"og:type\" content=\"article\" \/>\n<meta property=\"og:title\" content=\"\u0413\u0430\u043c\u0430\u043a Amazonas Tahiti Ocean - \u041c\u0430\u0433\u0430\u0437\u0438\u043d Xstyle\" \/>\n<meta property=\"og:description\" content=\"\u0413\u0430\u043c\u0430\u043a Amazonas Tahiti Ocean - \u0438\u0434\u0435\u0430\u043b\u044c\u043d\u043e\u0435 \u0440\u0435\u0448\u0435\u043d\u0438\u0435 \u0434\u043b\u044f \u043a\u043e\u043c\u0444\u043e\u0440\u0442\u043d\u043e\u0433\u043e \u043e\u0442\u0434\u044b\u0445\u0430! \u0412\u043e\u0434\u043e\u043d\u0435\u043f\u0440\u043e\u043d\u0438\u0446\u0430\u0435\u043c\u044b\u0439, UV-\u0437\u0430\u0449\u0438\u0442\u0430 \u0438 \u0434\u043b\u0438\u043d\u043d\u044b\u0435 \u0448\u043d\u0443\u0440\u044b \u0434\u043b\u044f \u0443\u0434\u043e\u0431\u0441\u0442\u0432\u0430 \u0443\u0441\u0442\u0430\u043d\u043e\u0432\u043a\u0438.\" \/>\n<meta property=\"og:url\" content=\"https:\/\/xstyle.md\/ro\/produs\/gamak-amazonas-tahiti-ocean\/\" \/>\n<meta property=\"og:site_name\" content=\"\u041c\u0430\u0433\u0430\u0437\u0438\u043d Xstyle\" \/>\n<meta property=\"article:publisher\" content=\"https:\/\/www.facebook.com\/xstylemd\" \/>\n<meta property=\"article:modified_time\" content=\"2026-04-07T12:23:23+00:00\" \/>\n<meta property=\"og:image\" content=\"https:\/\/xstyle.md\/wp-content\/uploads\/2020\/07\/amazonas_tahiti_ocean-1.jpg\" \/>\n\t<meta property=\"og:image:width\" content=\"1920\" \/>\n\t<meta property=\"og:image:height\" content=\"612\" \/>\n\t<meta property=\"og:image:type\" content=\"image\/jpeg\" \/>\n<meta name=\"twitter:card\" content=\"summary_large_image\" \/>\n<meta name=\"twitter:label1\" content=\"Pre\u021b\" \/>\n\t<meta name=\"twitter:data1\" content=\"690&nbsp;MDL\" \/>\n\t<meta name=\"twitter:label2\" content=\"Disponibilitate\" \/>\n\t<meta name=\"twitter:data2\" content=\"\u00cen stoc\" \/>\n<script type=\"application\/ld+json\" class=\"yoast-schema-graph\">{\"@context\":\"https:\/\/schema.org\",\"@graph\":[{\"@type\":\"WebPage\",\"@id\":\"https:\/\/xstyle.md\/product\/gamak-amazonas-tahiti-ocean\/\",\"url\":\"https:\/\/xstyle.md\/product\/gamak-amazonas-tahiti-ocean\/\",\"name\":\"\u0413\u0430\u043c\u0430\u043a Amazonas Tahiti Ocean - \u041c\u0430\u0433\u0430\u0437\u0438\u043d Xstyle\",\"isPartOf\":{\"@id\":\"https:\/\/xstyle.md\/#website\"},\"primaryImageOfPage\":{\"@id\":\"https:\/\/xstyle.md\/product\/gamak-amazonas-tahiti-ocean\/#primaryimage\"},\"image\":{\"@id\":\"https:\/\/xstyle.md\/product\/gamak-amazonas-tahiti-ocean\/#primaryimage\"},\"thumbnailUrl\":\"https:\/\/xstyle.md\/wp-content\/uploads\/2020\/07\/amazonas_tahiti_ocean-1.jpg\",\"datePublished\":\"2020-07-19T13:21:36+00:00\",\"dateModified\":\"2026-04-07T12:23:23+00:00\",\"description\":\"\u0413\u0430\u043c\u0430\u043a Amazonas Tahiti Ocean - \u0438\u0434\u0435\u0430\u043b\u044c\u043d\u043e\u0435 \u0440\u0435\u0448\u0435\u043d\u0438\u0435 \u0434\u043b\u044f \u043a\u043e\u043c\u0444\u043e\u0440\u0442\u043d\u043e\u0433\u043e \u043e\u0442\u0434\u044b\u0445\u0430! \u0412\u043e\u0434\u043e\u043d\u0435\u043f\u0440\u043e\u043d\u0438\u0446\u0430\u0435\u043c\u044b\u0439, UV-\u0437\u0430\u0449\u0438\u0442\u0430 \u0438 \u0434\u043b\u0438\u043d\u043d\u044b\u0435 \u0448\u043d\u0443\u0440\u044b \u0434\u043b\u044f \u0443\u0434\u043e\u0431\u0441\u0442\u0432\u0430 \u0443\u0441\u0442\u0430\u043d\u043e\u0432\u043a\u0438.\",\"breadcrumb\":{\"@id\":\"https:\/\/xstyle.md\/product\/gamak-amazonas-tahiti-ocean\/#breadcrumb\"},\"inLanguage\":\"ro-RO\",\"potentialAction\":[{\"@type\":\"ReadAction\",\"target\":[\"https:\/\/xstyle.md\/product\/gamak-amazonas-tahiti-ocean\/\"]}]},{\"@type\":\"ImageObject\",\"inLanguage\":\"ro-RO\",\"@id\":\"https:\/\/xstyle.md\/product\/gamak-amazonas-tahiti-ocean\/#primaryimage\",\"url\":\"https:\/\/xstyle.md\/wp-content\/uploads\/2020\/07\/amazonas_tahiti_ocean-1.jpg\",\"contentUrl\":\"https:\/\/xstyle.md\/wp-content\/uploads\/2020\/07\/amazonas_tahiti_ocean-1.jpg\",\"width\":1920,\"height\":612},{\"@type\":\"BreadcrumbList\",\"@id\":\"https:\/\/xstyle.md\/product\/gamak-amazonas-tahiti-ocean\/#breadcrumb\",\"itemListElement\":[{\"@type\":\"ListItem\",\"position\":1,\"name\":\"\u0413\u043b\u0430\u0432\u043d\u0430\u044f \u0441\u0442\u0440\u0430\u043d\u0438\u0446\u0430\",\"item\":\"https:\/\/xstyle.md\/\"},{\"@type\":\"ListItem\",\"position\":2,\"name\":\"\u041c\u0430\u0433\u0430\u0437\u0438\u043d\",\"item\":\"https:\/\/xstyle.md\/shop\/\"},{\"@type\":\"ListItem\",\"position\":3,\"name\":\"\u0413\u0430\u043c\u0430\u043a Amazonas Tahiti Ocean\"}]},{\"@type\":\"WebSite\",\"@id\":\"https:\/\/xstyle.md\/#website\",\"url\":\"https:\/\/xstyle.md\/\",\"name\":\"\u041c\u0430\u0433\u0430\u0437\u0438\u043d Xstyle\",\"description\":\"C\u043d\u0430\u0440\u044f\u0436\u0435\u043d\u0438\u0435 \u0434\u043b\u044f \u0442\u0443\u0440\u0438\u0437\u043c\u0430 \u0438 \u044d\u043a\u0441\u0442\u0440\u0435\u043c\u0430\u043b\u044c\u043d\u044b\u0445 \u0432\u0438\u0434\u043e\u0432 \u0441\u043f\u043e\u0440\u0442\u0430 \u0432 \u041c\u043e\u043b\u0434\u043e\u0432\u0435.. \u0426\u0435\u043d\u044b, \u0444\u043e\u0442\u043e, \u0445\u0430\u0440\u0430\u043a\u0442\u0435\u0440\u0438\u0441\u0442\u0438\u043a\u0438 \u0432 \u041c\u043e\u043b\u0434\u043e\u0432\u0435.\",\"publisher\":{\"@id\":\"https:\/\/xstyle.md\/#organization\"},\"alternateName\":\"X-Style\",\"potentialAction\":[{\"@type\":\"SearchAction\",\"target\":{\"@type\":\"EntryPoint\",\"urlTemplate\":\"https:\/\/xstyle.md\/?s={search_term_string}\"},\"query-input\":{\"@type\":\"PropertyValueSpecification\",\"valueRequired\":true,\"valueName\":\"search_term_string\"}}],\"inLanguage\":\"ro-RO\"},{\"@type\":\"Organization\",\"@id\":\"https:\/\/xstyle.md\/#organization\",\"name\":\"\u041c\u0430\u0433\u0430\u0437\u0438\u043d Xstyle\",\"alternateName\":\"x-style\",\"url\":\"https:\/\/xstyle.md\/\",\"logo\":{\"@type\":\"ImageObject\",\"inLanguage\":\"ro-RO\",\"@id\":\"https:\/\/xstyle.md\/#\/schema\/logo\/image\/\",\"url\":\"https:\/\/xstyle.md\/wp-content\/uploads\/2020\/06\/logoicon.svg\",\"contentUrl\":\"https:\/\/xstyle.md\/wp-content\/uploads\/2020\/06\/logoicon.svg\",\"caption\":\"\u041c\u0430\u0433\u0430\u0437\u0438\u043d Xstyle\"},\"image\":{\"@id\":\"https:\/\/xstyle.md\/#\/schema\/logo\/image\/\"},\"sameAs\":[\"https:\/\/www.facebook.com\/xstylemd\",\"https:\/\/www.instagram.com\/xstyle_md\/\",\"https:\/\/t.me\/xstyle_outdoor\"],\"hasMerchantReturnPolicy\":{\"@type\":\"MerchantReturnPolicy\",\"merchantReturnLink\":\"https:\/\/xstyle.md\/ro\/conditions\/\"}}]}<\/script>\n<meta property=\"product:price:amount\" content=\"690.00\" \/>\n<meta property=\"product:price:currency\" content=\"MDL\" \/>\n<meta property=\"og:availability\" content=\"instock\" \/>\n<meta property=\"product:availability\" content=\"instock\" \/>\n<meta property=\"product:retailer_item_id\" content=\"4030454007184\" \/>\n<meta property=\"product:condition\" content=\"new\" \/>\n<!-- \/ Yoast SEO plugin. -->","yoast_head_json":{"title":"Hamac Amazonas Tahiti Ocean - Magazin Xstyle","description":"Hamac Amazonas Tahiti Ocean - solu\u021bia ideal\u0103 pentru o odihn\u0103 confortabil\u0103! Impermeabil, protec\u021bie UV \u0219i cabluri lungi pentru o instalare convenabil\u0103.","robots":{"index":"index","follow":"follow","max-snippet":"max-snippet:-1","max-image-preview":"max-image-preview:large","max-video-preview":"max-video-preview:-1"},"canonical":"https:\/\/xstyle.md\/ro\/produs\/gamak-amazonas-tahiti-ocean\/","og_locale":"ro_RO","og_type":"article","og_title":"\u0413\u0430\u043c\u0430\u043a Amazonas Tahiti Ocean - \u041c\u0430\u0433\u0430\u0437\u0438\u043d Xstyle","og_description":"\u0413\u0430\u043c\u0430\u043a Amazonas Tahiti Ocean - \u0438\u0434\u0435\u0430\u043b\u044c\u043d\u043e\u0435 \u0440\u0435\u0448\u0435\u043d\u0438\u0435 \u0434\u043b\u044f \u043a\u043e\u043c\u0444\u043e\u0440\u0442\u043d\u043e\u0433\u043e \u043e\u0442\u0434\u044b\u0445\u0430! \u0412\u043e\u0434\u043e\u043d\u0435\u043f\u0440\u043e\u043d\u0438\u0446\u0430\u0435\u043c\u044b\u0439, UV-\u0437\u0430\u0449\u0438\u0442\u0430 \u0438 \u0434\u043b\u0438\u043d\u043d\u044b\u0435 \u0448\u043d\u0443\u0440\u044b \u0434\u043b\u044f \u0443\u0434\u043e\u0431\u0441\u0442\u0432\u0430 \u0443\u0441\u0442\u0430\u043d\u043e\u0432\u043a\u0438.","og_url":"https:\/\/xstyle.md\/ro\/produs\/gamak-amazonas-tahiti-ocean\/","og_site_name":"\u041c\u0430\u0433\u0430\u0437\u0438\u043d Xstyle","article_publisher":"https:\/\/www.facebook.com\/xstylemd","article_modified_time":"2026-04-07T12:23:23+00:00","og_image":[{"width":1920,"height":612,"url":"https:\/\/xstyle.md\/wp-content\/uploads\/2020\/07\/amazonas_tahiti_ocean-1.jpg","type":"image\/jpeg"}],"twitter_card":"summary_large_image","twitter_misc":{"Pre\u021b":"690&nbsp;MDL","Disponibilitate":"\u00cen stoc"},"schema":{"@context":"https:\/\/schema.org","@graph":[{"@type":"WebPage","@id":"https:\/\/xstyle.md\/product\/gamak-amazonas-tahiti-ocean\/","url":"https:\/\/xstyle.md\/product\/gamak-amazonas-tahiti-ocean\/","name":"Hamac Amazonas Tahiti Ocean - Magazin Xstyle","isPartOf":{"@id":"https:\/\/xstyle.md\/#website"},"primaryImageOfPage":{"@id":"https:\/\/xstyle.md\/product\/gamak-amazonas-tahiti-ocean\/#primaryimage"},"image":{"@id":"https:\/\/xstyle.md\/product\/gamak-amazonas-tahiti-ocean\/#primaryimage"},"thumbnailUrl":"https:\/\/xstyle.md\/wp-content\/uploads\/2020\/07\/amazonas_tahiti_ocean-1.jpg","datePublished":"2020-07-19T13:21:36+00:00","dateModified":"2026-04-07T12:23:23+00:00","description":"Hamac Amazonas Tahiti Ocean - solu\u021bia ideal\u0103 pentru o odihn\u0103 confortabil\u0103! Impermeabil, protec\u021bie UV \u0219i cabluri lungi pentru o instalare convenabil\u0103.","breadcrumb":{"@id":"https:\/\/xstyle.md\/product\/gamak-amazonas-tahiti-ocean\/#breadcrumb"},"inLanguage":"ro-RO","potentialAction":[{"@type":"ReadAction","target":["https:\/\/xstyle.md\/product\/gamak-amazonas-tahiti-ocean\/"]}]},{"@type":"ImageObject","inLanguage":"ro-RO","@id":"https:\/\/xstyle.md\/product\/gamak-amazonas-tahiti-ocean\/#primaryimage","url":"https:\/\/xstyle.md\/wp-content\/uploads\/2020\/07\/amazonas_tahiti_ocean-1.jpg","contentUrl":"https:\/\/xstyle.md\/wp-content\/uploads\/2020\/07\/amazonas_tahiti_ocean-1.jpg","width":1920,"height":612},{"@type":"BreadcrumbList","@id":"https:\/\/xstyle.md\/product\/gamak-amazonas-tahiti-ocean\/#breadcrumb","itemListElement":[{"@type":"ListItem","position":1,"name":"\u0413\u043b\u0430\u0432\u043d\u0430\u044f \u0441\u0442\u0440\u0430\u043d\u0438\u0446\u0430","item":"https:\/\/xstyle.md\/"},{"@type":"ListItem","position":2,"name":"\u041c\u0430\u0433\u0430\u0437\u0438\u043d","item":"https:\/\/xstyle.md\/shop\/"},{"@type":"ListItem","position":3,"name":"\u0413\u0430\u043c\u0430\u043a Amazonas Tahiti Ocean"}]},{"@type":"WebSite","@id":"https:\/\/xstyle.md\/#website","url":"https:\/\/xstyle.md\/","name":"Magazinul X-Style","description":"Echipamente pentru turism \u0219i sporturi extreme \u00een Moldova. Pre\u021buri, fotografii, caracteristici \u00een Moldova.","publisher":{"@id":"https:\/\/xstyle.md\/#organization"},"alternateName":"X-Style","potentialAction":[{"@type":"SearchAction","target":{"@type":"EntryPoint","urlTemplate":"https:\/\/xstyle.md\/?s={search_term_string}"},"query-input":{"@type":"PropertyValueSpecification","valueRequired":true,"valueName":"search_term_string"}}],"inLanguage":"ro-RO"},{"@type":"Organization","@id":"https:\/\/xstyle.md\/#organization","name":"Magazinul X-Style","alternateName":"x-style","url":"https:\/\/xstyle.md\/","logo":{"@type":"ImageObject","inLanguage":"ro-RO","@id":"https:\/\/xstyle.md\/#\/schema\/logo\/image\/","url":"https:\/\/xstyle.md\/wp-content\/uploads\/2020\/06\/logoicon.svg","contentUrl":"https:\/\/xstyle.md\/wp-content\/uploads\/2020\/06\/logoicon.svg","caption":"\u041c\u0430\u0433\u0430\u0437\u0438\u043d Xstyle"},"image":{"@id":"https:\/\/xstyle.md\/#\/schema\/logo\/image\/"},"sameAs":["https:\/\/www.facebook.com\/xstylemd","https:\/\/www.instagram.com\/xstyle_md\/","https:\/\/t.me\/xstyle_outdoor"],"hasMerchantReturnPolicy":{"@type":"MerchantReturnPolicy","merchantReturnLink":"https:\/\/xstyle.md\/ro\/conditions\/"}}]},"product_price_amount":"690.00","product_price_currency":"MDL","og_availability":"instock","product_availability":"instock","product_retailer_item_id":"4030454007184","product_condition":"new"},"post_mailing_queue_ids":[],"_links":{"self":[{"href":"https:\/\/xstyle.md\/ro\/wp-json\/wp\/v2\/product\/23211","targetHints":{"allow":["GET"]}}],"collection":[{"href":"https:\/\/xstyle.md\/ro\/wp-json\/wp\/v2\/product"}],"about":[{"href":"https:\/\/xstyle.md\/ro\/wp-json\/wp\/v2\/types\/product"}],"replies":[{"embeddable":true,"href":"https:\/\/xstyle.md\/ro\/wp-json\/wp\/v2\/comments?post=23211"}],"wp:featuredmedia":[{"embeddable":true,"href":"https:\/\/xstyle.md\/ro\/wp-json\/wp\/v2\/media\/23204"}],"wp:attachment":[{"href":"https:\/\/xstyle.md\/ro\/wp-json\/wp\/v2\/media?parent=23211"}],"wp:term":[{"taxonomy":"product_brand","embeddable":true,"href":"https:\/\/xstyle.md\/ro\/wp-json\/wp\/v2\/product_brand?post=23211"},{"taxonomy":"product_cat","embeddable":true,"href":"https:\/\/xstyle.md\/ro\/wp-json\/wp\/v2\/product_cat?post=23211"},{"taxonomy":"product_tag","embeddable":true,"href":"https:\/\/xstyle.md\/ro\/wp-json\/wp\/v2\/product_tag?post=23211"}],"curies":[{"name":"wp","href":"https:\/\/api.w.org\/{rel}","templated":true}]}}