{"id":23051,"date":"2020-07-19T16:14:36","date_gmt":"2020-07-19T13:14:36","guid":{"rendered":"https:\/\/xstyle.md\/product\/palatka-msr-mutha-hubba-nx-2"},"modified":"2026-03-19T16:39:52","modified_gmt":"2026-03-19T13:39:52","slug":"palatka-msr-mutha-hubba-nx-2","status":"publish","type":"product","link":"https:\/\/xstyle.md\/ro\/produs\/palatka-msr-mutha-hubba-nx-2\/","title":{"rendered":"Cort MSR Mutha Hubba NX 3"},"content":{"rendered":"<p><strong>MSR Mutha Hubba NX 3<\/strong>\u00a0 &#8212; este un cort de trei persoane, cu strat dublu, u\u0219or \u0219i practic. Spre deosebire de modelele similare, configura\u021bia unic\u0103 a be\u021belor asigur\u0103 un spa\u021biu locuibil maxim \u0219i un confort sporit. Cortul este construit pe un cadru autoportant (freestanding), ceea ce \u00eenseamn\u0103 c\u0103 nu necesit\u0103 ancorare obligatorie pentru a-\u0219i men\u021bine structura.<\/p>\n<p>Cortul interior, a c\u0103rui parte inferioar\u0103 este fabricat\u0103 din nailon, iar cea superioar\u0103 din plas\u0103 respirabil\u0103, ofer\u0103 intimitatea necesar\u0103 \u0219i protec\u021bie \u00eempotriva v\u00e2ntului, asigur\u00e2nd \u00een acela\u0219i timp o ventila\u021bie optim\u0103. Podeaua cortului este realizat\u0103 din acela\u0219i material calitativ ca supratenta, dar beneficiaz\u0103 de un \u00eenveli\u0219 suplimentar din poliuretan pentru protec\u021bie maxim\u0103 \u00eempotriva umidit\u0103\u021bii. Cele dou\u0103 intr\u0103ri \u0219i vestibule (abside) generoase ofer\u0103 ad\u0103post pentru echipament \u0219i acces facil pentru to\u021bi cei trei c\u0103l\u0103tori.<\/p>\n<h3>Particularit\u0103\u021bi<\/h3>\n<ul>\n<li>Configura\u021bia special\u0103 a be\u021belor \u00eentinde perfect supratenta \u0219i maximizeaz\u0103 volumul interior.<\/li>\n<li>Dotat cu dou\u0103 intr\u0103ri mari \u0219i dou\u0103 vestibule spa\u021bioase pentru rucsacuri \u0219i \u00eenc\u0103l\u021b\u0103minte.<\/li>\n<li>Protec\u021bie Cus\u0103turi etan\u0219ate pentru impermeabilitate total\u0103.<\/li>\n<li>Elemente reflectorizante pentru o utilizare sigur\u0103 pe timp de noapte.<\/li>\n<li>C\u00e2rlige cu coduri de culori pentru o asamblare rapid\u0103 \u0219i u\u0219oar\u0103.<\/li>\n<li>Structur\u0103 a be\u021belor rezistent\u0103 la v\u00e2nt \u0219i materiale din nailon de \u00eenalt\u0103 calitate.<\/li>\n<li>Include hus\u0103 de compresie dotat\u0103 cu m\u00e2ner pentru transport facil.<\/li>\n<\/ul>\n<h3>Caracteristici<\/h3>\n<ul>\n<li>Num\u0103r locuri &#8212; 3 persoane<\/li>\n<li>Sezonabilitate &#8212; 3 sezoane<\/li>\n<li>Greutate maxim\u0103 &#8212; 2,26 kg<\/li>\n<li>Dimensiuni interior (spa\u021biu locuit) &#8212; 213 x 172 cm<\/li>\n<li>Dimensiuni \u00eempachetat &#8212; 17 x 53 cm<\/li>\n<li>Num\u0103r intr\u0103ri \/ vestibule &#8212; 2 \/ 2<\/li>\n<li>Impermeabilitate supratent\u0103 &#8212; 1200 mm coloan\u0103 de ap\u0103<\/li>\n<li>Impermeabilitate podea &#8212; 3000 mm coloan\u0103 de ap\u0103<\/li>\n<li>Structur\u0103 (Be\u021be) &#8212; DAC Pressfit<\/li>\n<li>Supratent\u0103 (Exterior) &#8212; 20D Nylon Ripstop 1200mm Durashield\u2122<\/li>\n<li>Cort interior &#8212; 20D Nylon Ripstop \/ 15D Nylon Micro-mesh<\/li>\n<li>Podea &#8212; 30D Nylon Ripstop 3000mm Durashield\u2122<br \/>\n<\/li>\n<\/ul>\n<h3>Marca<\/h3>\n<p>MSR este un produc\u0103tor renumit de articole sportive, care realizeaz\u0103 echipamente pentru alpini\u0219ti profesioni\u0219ti \u0219i pentru to\u021bi cei care prefer\u0103 recreerea \u00een natur\u0103. Produsele sunt concepute pentru a simplifica la maximum perioadele lungi petrecute \u00een aer liber. Acestea sunt dispozitive universale, care pot fi utilizate at\u00e2t \u00eentr-o drume\u021bie obi\u0219nuit\u0103, c\u00e2t \u0219i \u00een cadrul unei expedi\u021bii complexe.<\/p>\n<\/div>","protected":false},"excerpt":{"rendered":"<p>Cort MSR Mutha Hubba NX 3<\/p>","protected":false},"featured_media":23045,"comment_status":"open","ping_status":"closed","template":"","meta":{"_acf_changed":false,"inline_featured_image":false},"product_brand":[1279],"product_cat":[77],"product_tag":[],"class_list":{"0":"post-23051","1":"product","2":"type-product","3":"status-publish","4":"has-post-thumbnail","6":"product_brand-msr","7":"product_cat-corturi-triple","9":"first","10":"instock","11":"shipping-taxable","12":"purchasable","13":"product-type-simple"},"acf":[],"yoast_head":"<!-- This site is optimized with the Yoast SEO plugin v27.2 - https:\/\/yoast.com\/product\/yoast-seo-wordpress\/ -->\n<title>\u041f\u0430\u043b\u0430\u0442\u043a\u0430 MSR Mutha Hubba NX 3 - \u041c\u0430\u0433\u0430\u0437\u0438\u043d Xstyle<\/title>\n<meta name=\"description\" content=\"\u041f\u0430\u043b\u0430\u0442\u043a\u0430 MSR Mutha Hubba NX 3 \u2013 \u0438\u0434\u0435\u0430\u043b\u044c\u043d\u044b\u0439 \u0432\u044b\u0431\u043e\u0440 \u0434\u043b\u044f \u043f\u0443\u0442\u0435\u0448\u0435\u0441\u0442\u0432\u0438\u0439! \u041b\u0435\u0433\u043a\u0430\u044f, \u043f\u0440\u043e\u0447\u043d\u0430\u044f, \u0441 \u0437\u0430\u0449\u0438\u0442\u043e\u0439 \u043e\u0442 \u0434\u043e\u0436\u0434\u044f. \u0423\u0434\u043e\u0431\u043d\u0430 \u0434\u043b\u044f 3 \u0447\u0435\u043b\u043e\u0432\u0435\u043a. \u0417\u0430\u043a\u0430\u0437\u044b\u0432\u0430\u0439\u0442\u0435 \u0441\u0435\u0439\u0447\u0430\u0441!\" \/>\n<meta name=\"robots\" content=\"index, follow, max-snippet:-1, max-image-preview:large, max-video-preview:-1\" \/>\n<link rel=\"canonical\" href=\"https:\/\/xstyle.md\/ro\/produs\/palatka-msr-mutha-hubba-nx-2\/\" \/>\n<meta property=\"og:locale\" content=\"ro_RO\" \/>\n<meta property=\"og:type\" content=\"article\" \/>\n<meta property=\"og:title\" content=\"\u041f\u0430\u043b\u0430\u0442\u043a\u0430 MSR Mutha Hubba NX 3 - \u041c\u0430\u0433\u0430\u0437\u0438\u043d Xstyle\" \/>\n<meta property=\"og:description\" content=\"\u041f\u0430\u043b\u0430\u0442\u043a\u0430 MSR Mutha Hubba NX 3 \u2013 \u0438\u0434\u0435\u0430\u043b\u044c\u043d\u044b\u0439 \u0432\u044b\u0431\u043e\u0440 \u0434\u043b\u044f \u043f\u0443\u0442\u0435\u0448\u0435\u0441\u0442\u0432\u0438\u0439! \u041b\u0435\u0433\u043a\u0430\u044f, \u043f\u0440\u043e\u0447\u043d\u0430\u044f, \u0441 \u0437\u0430\u0449\u0438\u0442\u043e\u0439 \u043e\u0442 \u0434\u043e\u0436\u0434\u044f. \u0423\u0434\u043e\u0431\u043d\u0430 \u0434\u043b\u044f 3 \u0447\u0435\u043b\u043e\u0432\u0435\u043a. \u0417\u0430\u043a\u0430\u0437\u044b\u0432\u0430\u0439\u0442\u0435 \u0441\u0435\u0439\u0447\u0430\u0441!\" \/>\n<meta property=\"og:url\" content=\"https:\/\/xstyle.md\/ro\/produs\/palatka-msr-mutha-hubba-nx-2\/\" \/>\n<meta property=\"og:site_name\" content=\"\u041c\u0430\u0433\u0430\u0437\u0438\u043d Xstyle\" \/>\n<meta property=\"article:publisher\" content=\"https:\/\/www.facebook.com\/xstylemd\" \/>\n<meta property=\"article:modified_time\" content=\"2026-03-19T13:39:52+00:00\" \/>\n<meta property=\"og:image\" content=\"https:\/\/xstyle.md\/wp-content\/uploads\/2020\/07\/ebedfddbb61111e29e97e83935202582_446ea726a40911e980ca901b0e95a2a8.jpg\" \/>\n\t<meta property=\"og:image:width\" content=\"570\" \/>\n\t<meta property=\"og:image:height\" content=\"335\" \/>\n\t<meta property=\"og:image:type\" content=\"image\/jpeg\" \/>\n<meta name=\"twitter:card\" content=\"summary_large_image\" \/>\n<meta name=\"twitter:label1\" content=\"Pre\u021b\" \/>\n\t<meta name=\"twitter:data1\" content=\"15.900&nbsp;MDL\" \/>\n\t<meta name=\"twitter:label2\" content=\"Disponibilitate\" \/>\n\t<meta name=\"twitter:data2\" content=\"\u00cen stoc\" \/>\n<script type=\"application\/ld+json\" class=\"yoast-schema-graph\">{\"@context\":\"https:\/\/schema.org\",\"@graph\":[{\"@type\":\"WebPage\",\"@id\":\"https:\/\/xstyle.md\/product\/palatka-msr-mutha-hubba-nx-2\/\",\"url\":\"https:\/\/xstyle.md\/product\/palatka-msr-mutha-hubba-nx-2\/\",\"name\":\"\u041f\u0430\u043b\u0430\u0442\u043a\u0430 MSR Mutha Hubba NX 3 - \u041c\u0430\u0433\u0430\u0437\u0438\u043d Xstyle\",\"isPartOf\":{\"@id\":\"https:\/\/xstyle.md\/#website\"},\"primaryImageOfPage\":{\"@id\":\"https:\/\/xstyle.md\/product\/palatka-msr-mutha-hubba-nx-2\/#primaryimage\"},\"image\":{\"@id\":\"https:\/\/xstyle.md\/product\/palatka-msr-mutha-hubba-nx-2\/#primaryimage\"},\"thumbnailUrl\":\"https:\/\/xstyle.md\/wp-content\/uploads\/2020\/07\/ebedfddbb61111e29e97e83935202582_446ea726a40911e980ca901b0e95a2a8.jpg\",\"datePublished\":\"2020-07-19T13:14:36+00:00\",\"dateModified\":\"2026-03-19T13:39:52+00:00\",\"description\":\"\u041f\u0430\u043b\u0430\u0442\u043a\u0430 MSR Mutha Hubba NX 3 \u2013 \u0438\u0434\u0435\u0430\u043b\u044c\u043d\u044b\u0439 \u0432\u044b\u0431\u043e\u0440 \u0434\u043b\u044f \u043f\u0443\u0442\u0435\u0448\u0435\u0441\u0442\u0432\u0438\u0439! \u041b\u0435\u0433\u043a\u0430\u044f, \u043f\u0440\u043e\u0447\u043d\u0430\u044f, \u0441 \u0437\u0430\u0449\u0438\u0442\u043e\u0439 \u043e\u0442 \u0434\u043e\u0436\u0434\u044f. \u0423\u0434\u043e\u0431\u043d\u0430 \u0434\u043b\u044f 3 \u0447\u0435\u043b\u043e\u0432\u0435\u043a. \u0417\u0430\u043a\u0430\u0437\u044b\u0432\u0430\u0439\u0442\u0435 \u0441\u0435\u0439\u0447\u0430\u0441!\",\"breadcrumb\":{\"@id\":\"https:\/\/xstyle.md\/product\/palatka-msr-mutha-hubba-nx-2\/#breadcrumb\"},\"inLanguage\":\"ro-RO\",\"potentialAction\":[{\"@type\":\"ReadAction\",\"target\":[\"https:\/\/xstyle.md\/product\/palatka-msr-mutha-hubba-nx-2\/\"]}]},{\"@type\":\"ImageObject\",\"inLanguage\":\"ro-RO\",\"@id\":\"https:\/\/xstyle.md\/product\/palatka-msr-mutha-hubba-nx-2\/#primaryimage\",\"url\":\"https:\/\/xstyle.md\/wp-content\/uploads\/2020\/07\/ebedfddbb61111e29e97e83935202582_446ea726a40911e980ca901b0e95a2a8.jpg\",\"contentUrl\":\"https:\/\/xstyle.md\/wp-content\/uploads\/2020\/07\/ebedfddbb61111e29e97e83935202582_446ea726a40911e980ca901b0e95a2a8.jpg\",\"width\":570,\"height\":335},{\"@type\":\"BreadcrumbList\",\"@id\":\"https:\/\/xstyle.md\/product\/palatka-msr-mutha-hubba-nx-2\/#breadcrumb\",\"itemListElement\":[{\"@type\":\"ListItem\",\"position\":1,\"name\":\"\u0413\u043b\u0430\u0432\u043d\u0430\u044f \u0441\u0442\u0440\u0430\u043d\u0438\u0446\u0430\",\"item\":\"https:\/\/xstyle.md\/\"},{\"@type\":\"ListItem\",\"position\":2,\"name\":\"\u041c\u0430\u0433\u0430\u0437\u0438\u043d\",\"item\":\"https:\/\/xstyle.md\/shop\/\"},{\"@type\":\"ListItem\",\"position\":3,\"name\":\"\u041f\u0430\u043b\u0430\u0442\u043a\u0430 MSR Mutha Hubba NX 3\"}]},{\"@type\":\"WebSite\",\"@id\":\"https:\/\/xstyle.md\/#website\",\"url\":\"https:\/\/xstyle.md\/\",\"name\":\"\u041c\u0430\u0433\u0430\u0437\u0438\u043d Xstyle\",\"description\":\"C\u043d\u0430\u0440\u044f\u0436\u0435\u043d\u0438\u0435 \u0434\u043b\u044f \u0442\u0443\u0440\u0438\u0437\u043c\u0430 \u0438 \u044d\u043a\u0441\u0442\u0440\u0435\u043c\u0430\u043b\u044c\u043d\u044b\u0445 \u0432\u0438\u0434\u043e\u0432 \u0441\u043f\u043e\u0440\u0442\u0430 \u0432 \u041c\u043e\u043b\u0434\u043e\u0432\u0435.. \u0426\u0435\u043d\u044b, \u0444\u043e\u0442\u043e, \u0445\u0430\u0440\u0430\u043a\u0442\u0435\u0440\u0438\u0441\u0442\u0438\u043a\u0438 \u0432 \u041c\u043e\u043b\u0434\u043e\u0432\u0435.\",\"publisher\":{\"@id\":\"https:\/\/xstyle.md\/#organization\"},\"alternateName\":\"X-Style\",\"potentialAction\":[{\"@type\":\"SearchAction\",\"target\":{\"@type\":\"EntryPoint\",\"urlTemplate\":\"https:\/\/xstyle.md\/?s={search_term_string}\"},\"query-input\":{\"@type\":\"PropertyValueSpecification\",\"valueRequired\":true,\"valueName\":\"search_term_string\"}}],\"inLanguage\":\"ro-RO\"},{\"@type\":\"Organization\",\"@id\":\"https:\/\/xstyle.md\/#organization\",\"name\":\"\u041c\u0430\u0433\u0430\u0437\u0438\u043d Xstyle\",\"alternateName\":\"x-style\",\"url\":\"https:\/\/xstyle.md\/\",\"logo\":{\"@type\":\"ImageObject\",\"inLanguage\":\"ro-RO\",\"@id\":\"https:\/\/xstyle.md\/#\/schema\/logo\/image\/\",\"url\":\"https:\/\/xstyle.md\/wp-content\/uploads\/2020\/06\/logoicon.svg\",\"contentUrl\":\"https:\/\/xstyle.md\/wp-content\/uploads\/2020\/06\/logoicon.svg\",\"caption\":\"\u041c\u0430\u0433\u0430\u0437\u0438\u043d Xstyle\"},\"image\":{\"@id\":\"https:\/\/xstyle.md\/#\/schema\/logo\/image\/\"},\"sameAs\":[\"https:\/\/www.facebook.com\/xstylemd\",\"https:\/\/www.instagram.com\/xstyle_md\/\",\"https:\/\/t.me\/xstyle_outdoor\"],\"hasMerchantReturnPolicy\":{\"@type\":\"MerchantReturnPolicy\",\"merchantReturnLink\":\"https:\/\/xstyle.md\/ro\/conditions\/\"}}]}<\/script>\n<meta property=\"product:price:amount\" content=\"15900.00\" \/>\n<meta property=\"product:price:currency\" content=\"MDL\" \/>\n<meta property=\"og:availability\" content=\"instock\" \/>\n<meta property=\"product:availability\" content=\"instock\" \/>\n<meta property=\"product:retailer_item_id\" content=\"40818093047\" \/>\n<meta property=\"product:condition\" content=\"new\" \/>\n<!-- \/ Yoast SEO plugin. -->","yoast_head_json":{"title":"\u041f\u0430\u043b\u0430\u0442\u043a\u0430 MSR Mutha Hubba NX 3 - \u041c\u0430\u0433\u0430\u0437\u0438\u043d Xstyle","description":"Cortul MSR Mutha Hubba NX 3 \u2013 alegerea perfect\u0103 pentru c\u0103l\u0103torii! U\u0219or, rezistent, cu protec\u021bie \u00eempotriva ploii. Confortabil pentru 3 persoane. Comanda\u021bi acum!","robots":{"index":"index","follow":"follow","max-snippet":"max-snippet:-1","max-image-preview":"max-image-preview:large","max-video-preview":"max-video-preview:-1"},"canonical":"https:\/\/xstyle.md\/ro\/produs\/palatka-msr-mutha-hubba-nx-2\/","og_locale":"ro_RO","og_type":"article","og_title":"\u041f\u0430\u043b\u0430\u0442\u043a\u0430 MSR Mutha Hubba NX 3 - \u041c\u0430\u0433\u0430\u0437\u0438\u043d Xstyle","og_description":"\u041f\u0430\u043b\u0430\u0442\u043a\u0430 MSR Mutha Hubba NX 3 \u2013 \u0438\u0434\u0435\u0430\u043b\u044c\u043d\u044b\u0439 \u0432\u044b\u0431\u043e\u0440 \u0434\u043b\u044f \u043f\u0443\u0442\u0435\u0448\u0435\u0441\u0442\u0432\u0438\u0439! \u041b\u0435\u0433\u043a\u0430\u044f, \u043f\u0440\u043e\u0447\u043d\u0430\u044f, \u0441 \u0437\u0430\u0449\u0438\u0442\u043e\u0439 \u043e\u0442 \u0434\u043e\u0436\u0434\u044f. \u0423\u0434\u043e\u0431\u043d\u0430 \u0434\u043b\u044f 3 \u0447\u0435\u043b\u043e\u0432\u0435\u043a. \u0417\u0430\u043a\u0430\u0437\u044b\u0432\u0430\u0439\u0442\u0435 \u0441\u0435\u0439\u0447\u0430\u0441!","og_url":"https:\/\/xstyle.md\/ro\/produs\/palatka-msr-mutha-hubba-nx-2\/","og_site_name":"\u041c\u0430\u0433\u0430\u0437\u0438\u043d Xstyle","article_publisher":"https:\/\/www.facebook.com\/xstylemd","article_modified_time":"2026-03-19T13:39:52+00:00","og_image":[{"width":570,"height":335,"url":"https:\/\/xstyle.md\/wp-content\/uploads\/2020\/07\/ebedfddbb61111e29e97e83935202582_446ea726a40911e980ca901b0e95a2a8.jpg","type":"image\/jpeg"}],"twitter_card":"summary_large_image","twitter_misc":{"Pre\u021b":"15.900&nbsp;MDL","Disponibilitate":"\u00cen stoc"},"schema":{"@context":"https:\/\/schema.org","@graph":[{"@type":"WebPage","@id":"https:\/\/xstyle.md\/product\/palatka-msr-mutha-hubba-nx-2\/","url":"https:\/\/xstyle.md\/product\/palatka-msr-mutha-hubba-nx-2\/","name":"\u041f\u0430\u043b\u0430\u0442\u043a\u0430 MSR Mutha Hubba NX 3 - \u041c\u0430\u0433\u0430\u0437\u0438\u043d Xstyle","isPartOf":{"@id":"https:\/\/xstyle.md\/#website"},"primaryImageOfPage":{"@id":"https:\/\/xstyle.md\/product\/palatka-msr-mutha-hubba-nx-2\/#primaryimage"},"image":{"@id":"https:\/\/xstyle.md\/product\/palatka-msr-mutha-hubba-nx-2\/#primaryimage"},"thumbnailUrl":"https:\/\/xstyle.md\/wp-content\/uploads\/2020\/07\/ebedfddbb61111e29e97e83935202582_446ea726a40911e980ca901b0e95a2a8.jpg","datePublished":"2020-07-19T13:14:36+00:00","dateModified":"2026-03-19T13:39:52+00:00","description":"Cortul MSR Mutha Hubba NX 3 \u2013 alegerea perfect\u0103 pentru c\u0103l\u0103torii! U\u0219or, rezistent, cu protec\u021bie \u00eempotriva ploii. Confortabil pentru 3 persoane. Comanda\u021bi acum!","breadcrumb":{"@id":"https:\/\/xstyle.md\/product\/palatka-msr-mutha-hubba-nx-2\/#breadcrumb"},"inLanguage":"ro-RO","potentialAction":[{"@type":"ReadAction","target":["https:\/\/xstyle.md\/product\/palatka-msr-mutha-hubba-nx-2\/"]}]},{"@type":"ImageObject","inLanguage":"ro-RO","@id":"https:\/\/xstyle.md\/product\/palatka-msr-mutha-hubba-nx-2\/#primaryimage","url":"https:\/\/xstyle.md\/wp-content\/uploads\/2020\/07\/ebedfddbb61111e29e97e83935202582_446ea726a40911e980ca901b0e95a2a8.jpg","contentUrl":"https:\/\/xstyle.md\/wp-content\/uploads\/2020\/07\/ebedfddbb61111e29e97e83935202582_446ea726a40911e980ca901b0e95a2a8.jpg","width":570,"height":335},{"@type":"BreadcrumbList","@id":"https:\/\/xstyle.md\/product\/palatka-msr-mutha-hubba-nx-2\/#breadcrumb","itemListElement":[{"@type":"ListItem","position":1,"name":"\u0413\u043b\u0430\u0432\u043d\u0430\u044f \u0441\u0442\u0440\u0430\u043d\u0438\u0446\u0430","item":"https:\/\/xstyle.md\/"},{"@type":"ListItem","position":2,"name":"\u041c\u0430\u0433\u0430\u0437\u0438\u043d","item":"https:\/\/xstyle.md\/shop\/"},{"@type":"ListItem","position":3,"name":"\u041f\u0430\u043b\u0430\u0442\u043a\u0430 MSR Mutha Hubba NX 3"}]},{"@type":"WebSite","@id":"https:\/\/xstyle.md\/#website","url":"https:\/\/xstyle.md\/","name":"Magazinul X-Style","description":"Echipamente pentru turism \u0219i sporturi extreme \u00een Moldova. Pre\u021buri, fotografii, caracteristici \u00een Moldova.","publisher":{"@id":"https:\/\/xstyle.md\/#organization"},"alternateName":"X-Style","potentialAction":[{"@type":"SearchAction","target":{"@type":"EntryPoint","urlTemplate":"https:\/\/xstyle.md\/?s={search_term_string}"},"query-input":{"@type":"PropertyValueSpecification","valueRequired":true,"valueName":"search_term_string"}}],"inLanguage":"ro-RO"},{"@type":"Organization","@id":"https:\/\/xstyle.md\/#organization","name":"Magazinul X-Style","alternateName":"x-style","url":"https:\/\/xstyle.md\/","logo":{"@type":"ImageObject","inLanguage":"ro-RO","@id":"https:\/\/xstyle.md\/#\/schema\/logo\/image\/","url":"https:\/\/xstyle.md\/wp-content\/uploads\/2020\/06\/logoicon.svg","contentUrl":"https:\/\/xstyle.md\/wp-content\/uploads\/2020\/06\/logoicon.svg","caption":"\u041c\u0430\u0433\u0430\u0437\u0438\u043d Xstyle"},"image":{"@id":"https:\/\/xstyle.md\/#\/schema\/logo\/image\/"},"sameAs":["https:\/\/www.facebook.com\/xstylemd","https:\/\/www.instagram.com\/xstyle_md\/","https:\/\/t.me\/xstyle_outdoor"],"hasMerchantReturnPolicy":{"@type":"MerchantReturnPolicy","merchantReturnLink":"https:\/\/xstyle.md\/ro\/conditions\/"}}]},"product_price_amount":"15900.00","product_price_currency":"MDL","og_availability":"instock","product_availability":"instock","product_retailer_item_id":"40818093047","product_condition":"new"},"post_mailing_queue_ids":[],"_links":{"self":[{"href":"https:\/\/xstyle.md\/ro\/wp-json\/wp\/v2\/product\/23051","targetHints":{"allow":["GET"]}}],"collection":[{"href":"https:\/\/xstyle.md\/ro\/wp-json\/wp\/v2\/product"}],"about":[{"href":"https:\/\/xstyle.md\/ro\/wp-json\/wp\/v2\/types\/product"}],"replies":[{"embeddable":true,"href":"https:\/\/xstyle.md\/ro\/wp-json\/wp\/v2\/comments?post=23051"}],"wp:featuredmedia":[{"embeddable":true,"href":"https:\/\/xstyle.md\/ro\/wp-json\/wp\/v2\/media\/23045"}],"wp:attachment":[{"href":"https:\/\/xstyle.md\/ro\/wp-json\/wp\/v2\/media?parent=23051"}],"wp:term":[{"taxonomy":"product_brand","embeddable":true,"href":"https:\/\/xstyle.md\/ro\/wp-json\/wp\/v2\/product_brand?post=23051"},{"taxonomy":"product_cat","embeddable":true,"href":"https:\/\/xstyle.md\/ro\/wp-json\/wp\/v2\/product_cat?post=23051"},{"taxonomy":"product_tag","embeddable":true,"href":"https:\/\/xstyle.md\/ro\/wp-json\/wp\/v2\/product_tag?post=23051"}],"curies":[{"name":"wp","href":"https:\/\/api.w.org\/{rel}","templated":true}]}}