{"id":22987,"date":"2020-07-19T16:11:19","date_gmt":"2020-07-19T13:11:19","guid":{"rendered":"https:\/\/xstyle.md\/product\/karmashki-k-palatki-na-kryshe-thule-tepui-boot-bag-single"},"modified":"2025-03-29T21:32:44","modified_gmt":"2025-03-29T18:32:44","slug":"karmashki-k-palatki-na-kryshe-thule-tepui-boot-bag-single","status":"publish","type":"product","link":"https:\/\/xstyle.md\/ro\/produs\/karmashki-k-palatki-na-kryshe-thule-tepui-boot-bag-single\/","title":{"rendered":"Buzunar petru \u00eenc\u0103l\u021b\u0103minte Thule Tepui Boot Bag Single"},"content":{"rendered":"<\/p>\n<p><strong>Buzunare pentru cortul de pe acoperi\u0219 Thule Tepui Bag Bag Single<\/strong> &#8212; un accesoriu comod \u0219i util care va ajuta la asigurarea confortului \u0219i a cur\u0103\u021beniei &icirc;n cort, &icirc;nc\u0103l\u021b\u0103mintea va r\u0103m&acirc;ne at&acirc;rnat\u0103 afar\u0103.<\/p>\n<h3>Specificatii&nbsp;<\/h3>\n<ul>\n<li>Instalare rapid\u0103 \u0219i u\u0219oar\u0103: trebuie doar s\u0103 introduce\u021bi geanta &icirc;n profilul &icirc;n form\u0103 de C din fa\u021ba cortului<\/li>\n<li>&Icirc;ntr-un singur pachet se potrivesc dou\u0103 perechi de pantofi u\u0219ori sau o pereche de papuci pentru trekking<\/li>\n<li>Articole suplimentare pot fi depozitate &icirc;n buzunarul din plas\u0103, ag\u0103\u021bat &icirc;n fa\u021b\u0103.<\/li>\n<\/ul>\n<h3>Caracteristici<\/h3>\n<ul>\n<li>Num\u0103rul de buzunare &#8212; 1<\/li>\n<li>Culoare &#8212; Haze Gray \u0438 Olive Green<\/li>\n<\/ul>\n<div>\n<div>https:\/\/youtube.com\/watch?v=40XyMdDaEp0<\/div>\n<\/div>\n<p><\/p>","protected":false},"excerpt":{"rendered":"<p>Buzunar petru \u00eenc\u0103l\u021b\u0103minte Thule Tepui Boot Bag Single<\/p>","protected":false},"featured_media":22984,"comment_status":"open","ping_status":"closed","template":"","meta":{"_acf_changed":false,"inline_featured_image":false},"product_brand":[1269],"product_cat":[653],"product_tag":[],"class_list":{"0":"post-22987","1":"product","2":"type-product","3":"status-publish","4":"has-post-thumbnail","6":"product_brand-thule","7":"product_cat-accessori-cort-on-roof","9":"first","10":"outofstock","11":"shipping-taxable","12":"product-type-simple"},"acf":[],"yoast_head":"<!-- This site is optimized with the Yoast SEO plugin v27.2 - https:\/\/yoast.com\/product\/yoast-seo-wordpress\/ -->\n<title>\u041a\u0430\u0440\u043c\u0430\u0448\u0435\u043a \u0434\u043b\u044f \u043e\u0431\u0443\u0432\u0438 Thule Tepui Boot Bag Single - \u041c\u0430\u0433\u0430\u0437\u0438\u043d Xstyle<\/title>\n<meta name=\"description\" content=\"\u041a\u0430\u0440\u043c\u0430\u0448\u0435\u043a \u0434\u043b\u044f \u043e\u0431\u0443\u0432\u0438 Thule Tepui Boot Bag Single - \u0443\u0434\u043e\u0431\u043d\u044b\u0439 \u0438 \u043f\u0440\u0430\u043a\u0442\u0438\u0447\u043d\u044b\u0439 \u0430\u043a\u0441\u0435\u0441\u0441\u0443\u0430\u0440 \u0434\u043b\u044f \u0432\u0430\u0448\u0435\u0433\u043e \u0442\u0443\u0440\u0438\u0441\u0442\u0438\u0447\u0435\u0441\u043a\u043e\u0433\u043e \u043a\u0435\u043c\u043f\u0438\u043d\u0433\u0430. \u041e\u0431\u0435\u0441\u043f\u0435\u0447\u044c\u0442\u0435 \u043f\u043e\u0440\u044f\u0434\u043e\u043a \u0438 \u043a\u043e\u043c\u0444\u043e\u0440\u0442 \u0432 \u0432\u0430\u0448\u0435\u043c \u0448\u0430\u0442\u0440\u0435!\" \/>\n<meta name=\"robots\" content=\"index, follow, max-snippet:-1, max-image-preview:large, max-video-preview:-1\" \/>\n<link rel=\"canonical\" href=\"https:\/\/xstyle.md\/ro\/produs\/karmashki-k-palatki-na-kryshe-thule-tepui-boot-bag-single\/\" \/>\n<meta property=\"og:locale\" content=\"ro_RO\" \/>\n<meta property=\"og:type\" content=\"article\" \/>\n<meta property=\"og:title\" content=\"\u041a\u0430\u0440\u043c\u0430\u0448\u0435\u043a \u0434\u043b\u044f \u043e\u0431\u0443\u0432\u0438 Thule Tepui Boot Bag Single - \u041c\u0430\u0433\u0430\u0437\u0438\u043d Xstyle\" \/>\n<meta property=\"og:description\" content=\"\u041a\u0430\u0440\u043c\u0430\u0448\u0435\u043a \u0434\u043b\u044f \u043e\u0431\u0443\u0432\u0438 Thule Tepui Boot Bag Single - \u0443\u0434\u043e\u0431\u043d\u044b\u0439 \u0438 \u043f\u0440\u0430\u043a\u0442\u0438\u0447\u043d\u044b\u0439 \u0430\u043a\u0441\u0435\u0441\u0441\u0443\u0430\u0440 \u0434\u043b\u044f \u0432\u0430\u0448\u0435\u0433\u043e \u0442\u0443\u0440\u0438\u0441\u0442\u0438\u0447\u0435\u0441\u043a\u043e\u0433\u043e \u043a\u0435\u043c\u043f\u0438\u043d\u0433\u0430. \u041e\u0431\u0435\u0441\u043f\u0435\u0447\u044c\u0442\u0435 \u043f\u043e\u0440\u044f\u0434\u043e\u043a \u0438 \u043a\u043e\u043c\u0444\u043e\u0440\u0442 \u0432 \u0432\u0430\u0448\u0435\u043c \u0448\u0430\u0442\u0440\u0435!\" \/>\n<meta property=\"og:url\" content=\"https:\/\/xstyle.md\/ro\/produs\/karmashki-k-palatki-na-kryshe-thule-tepui-boot-bag-single\/\" \/>\n<meta property=\"og:site_name\" content=\"\u041c\u0430\u0433\u0430\u0437\u0438\u043d Xstyle\" \/>\n<meta property=\"article:publisher\" content=\"https:\/\/www.facebook.com\/xstylemd\" \/>\n<meta property=\"article:modified_time\" content=\"2025-03-29T18:32:44+00:00\" \/>\n<meta property=\"og:image\" content=\"https:\/\/xstyle.md\/wp-content\/uploads\/2020\/07\/777858_sized_1800x1200_rev_2.jpg\" \/>\n\t<meta property=\"og:image:width\" content=\"1800\" \/>\n\t<meta property=\"og:image:height\" content=\"1196\" \/>\n\t<meta property=\"og:image:type\" content=\"image\/jpeg\" \/>\n<meta name=\"twitter:card\" content=\"summary_large_image\" \/>\n<meta name=\"twitter:label1\" content=\"Pre\u021b\" \/>\n\t<meta name=\"twitter:data1\" content=\"990&nbsp;MDL\" \/>\n\t<meta name=\"twitter:label2\" content=\"Disponibilitate\" \/>\n\t<meta name=\"twitter:data2\" content=\"Stoc epuizat\" \/>\n<script type=\"application\/ld+json\" class=\"yoast-schema-graph\">{\"@context\":\"https:\/\/schema.org\",\"@graph\":[{\"@type\":\"WebPage\",\"@id\":\"https:\/\/xstyle.md\/product\/karmashki-k-palatki-na-kryshe-thule-tepui-boot-bag-single\/\",\"url\":\"https:\/\/xstyle.md\/product\/karmashki-k-palatki-na-kryshe-thule-tepui-boot-bag-single\/\",\"name\":\"\u041a\u0430\u0440\u043c\u0430\u0448\u0435\u043a \u0434\u043b\u044f \u043e\u0431\u0443\u0432\u0438 Thule Tepui Boot Bag Single - \u041c\u0430\u0433\u0430\u0437\u0438\u043d Xstyle\",\"isPartOf\":{\"@id\":\"https:\/\/xstyle.md\/#website\"},\"primaryImageOfPage\":{\"@id\":\"https:\/\/xstyle.md\/product\/karmashki-k-palatki-na-kryshe-thule-tepui-boot-bag-single\/#primaryimage\"},\"image\":{\"@id\":\"https:\/\/xstyle.md\/product\/karmashki-k-palatki-na-kryshe-thule-tepui-boot-bag-single\/#primaryimage\"},\"thumbnailUrl\":\"https:\/\/xstyle.md\/wp-content\/uploads\/2020\/07\/777858_sized_1800x1200_rev_2.jpg\",\"datePublished\":\"2020-07-19T13:11:19+00:00\",\"dateModified\":\"2025-03-29T18:32:44+00:00\",\"description\":\"\u041a\u0430\u0440\u043c\u0430\u0448\u0435\u043a \u0434\u043b\u044f \u043e\u0431\u0443\u0432\u0438 Thule Tepui Boot Bag Single - \u0443\u0434\u043e\u0431\u043d\u044b\u0439 \u0438 \u043f\u0440\u0430\u043a\u0442\u0438\u0447\u043d\u044b\u0439 \u0430\u043a\u0441\u0435\u0441\u0441\u0443\u0430\u0440 \u0434\u043b\u044f \u0432\u0430\u0448\u0435\u0433\u043e \u0442\u0443\u0440\u0438\u0441\u0442\u0438\u0447\u0435\u0441\u043a\u043e\u0433\u043e \u043a\u0435\u043c\u043f\u0438\u043d\u0433\u0430. \u041e\u0431\u0435\u0441\u043f\u0435\u0447\u044c\u0442\u0435 \u043f\u043e\u0440\u044f\u0434\u043e\u043a \u0438 \u043a\u043e\u043c\u0444\u043e\u0440\u0442 \u0432 \u0432\u0430\u0448\u0435\u043c \u0448\u0430\u0442\u0440\u0435!\",\"breadcrumb\":{\"@id\":\"https:\/\/xstyle.md\/product\/karmashki-k-palatki-na-kryshe-thule-tepui-boot-bag-single\/#breadcrumb\"},\"inLanguage\":\"ro-RO\",\"potentialAction\":[{\"@type\":\"ReadAction\",\"target\":[\"https:\/\/xstyle.md\/product\/karmashki-k-palatki-na-kryshe-thule-tepui-boot-bag-single\/\"]}]},{\"@type\":\"ImageObject\",\"inLanguage\":\"ro-RO\",\"@id\":\"https:\/\/xstyle.md\/product\/karmashki-k-palatki-na-kryshe-thule-tepui-boot-bag-single\/#primaryimage\",\"url\":\"https:\/\/xstyle.md\/wp-content\/uploads\/2020\/07\/777858_sized_1800x1200_rev_2.jpg\",\"contentUrl\":\"https:\/\/xstyle.md\/wp-content\/uploads\/2020\/07\/777858_sized_1800x1200_rev_2.jpg\",\"width\":1800,\"height\":1196},{\"@type\":\"BreadcrumbList\",\"@id\":\"https:\/\/xstyle.md\/product\/karmashki-k-palatki-na-kryshe-thule-tepui-boot-bag-single\/#breadcrumb\",\"itemListElement\":[{\"@type\":\"ListItem\",\"position\":1,\"name\":\"\u0413\u043b\u0430\u0432\u043d\u0430\u044f \u0441\u0442\u0440\u0430\u043d\u0438\u0446\u0430\",\"item\":\"https:\/\/xstyle.md\/\"},{\"@type\":\"ListItem\",\"position\":2,\"name\":\"\u041c\u0430\u0433\u0430\u0437\u0438\u043d\",\"item\":\"https:\/\/xstyle.md\/shop\/\"},{\"@type\":\"ListItem\",\"position\":3,\"name\":\"\u041a\u0430\u0440\u043c\u0430\u0448\u0435\u043a \u0434\u043b\u044f \u043e\u0431\u0443\u0432\u0438 Thule Tepui Boot Bag Single\"}]},{\"@type\":\"WebSite\",\"@id\":\"https:\/\/xstyle.md\/#website\",\"url\":\"https:\/\/xstyle.md\/\",\"name\":\"\u041c\u0430\u0433\u0430\u0437\u0438\u043d Xstyle\",\"description\":\"C\u043d\u0430\u0440\u044f\u0436\u0435\u043d\u0438\u0435 \u0434\u043b\u044f \u0442\u0443\u0440\u0438\u0437\u043c\u0430 \u0438 \u044d\u043a\u0441\u0442\u0440\u0435\u043c\u0430\u043b\u044c\u043d\u044b\u0445 \u0432\u0438\u0434\u043e\u0432 \u0441\u043f\u043e\u0440\u0442\u0430 \u0432 \u041c\u043e\u043b\u0434\u043e\u0432\u0435.. \u0426\u0435\u043d\u044b, \u0444\u043e\u0442\u043e, \u0445\u0430\u0440\u0430\u043a\u0442\u0435\u0440\u0438\u0441\u0442\u0438\u043a\u0438 \u0432 \u041c\u043e\u043b\u0434\u043e\u0432\u0435.\",\"publisher\":{\"@id\":\"https:\/\/xstyle.md\/#organization\"},\"alternateName\":\"X-Style\",\"potentialAction\":[{\"@type\":\"SearchAction\",\"target\":{\"@type\":\"EntryPoint\",\"urlTemplate\":\"https:\/\/xstyle.md\/?s={search_term_string}\"},\"query-input\":{\"@type\":\"PropertyValueSpecification\",\"valueRequired\":true,\"valueName\":\"search_term_string\"}}],\"inLanguage\":\"ro-RO\"},{\"@type\":\"Organization\",\"@id\":\"https:\/\/xstyle.md\/#organization\",\"name\":\"\u041c\u0430\u0433\u0430\u0437\u0438\u043d Xstyle\",\"alternateName\":\"x-style\",\"url\":\"https:\/\/xstyle.md\/\",\"logo\":{\"@type\":\"ImageObject\",\"inLanguage\":\"ro-RO\",\"@id\":\"https:\/\/xstyle.md\/#\/schema\/logo\/image\/\",\"url\":\"https:\/\/xstyle.md\/wp-content\/uploads\/2020\/06\/logoicon.svg\",\"contentUrl\":\"https:\/\/xstyle.md\/wp-content\/uploads\/2020\/06\/logoicon.svg\",\"caption\":\"\u041c\u0430\u0433\u0430\u0437\u0438\u043d Xstyle\"},\"image\":{\"@id\":\"https:\/\/xstyle.md\/#\/schema\/logo\/image\/\"},\"sameAs\":[\"https:\/\/www.facebook.com\/xstylemd\",\"https:\/\/www.instagram.com\/xstyle_md\/\",\"https:\/\/t.me\/xstyle_outdoor\"],\"hasMerchantReturnPolicy\":{\"@type\":\"MerchantReturnPolicy\",\"merchantReturnLink\":\"https:\/\/xstyle.md\/ro\/conditions\/\"}}]}<\/script>\n<meta property=\"product:price:amount\" content=\"990.00\" \/>\n<meta property=\"product:price:currency\" content=\"MDL\" \/>\n<meta property=\"og:availability\" content=\"out of stock\" \/>\n<meta property=\"product:availability\" content=\"out of stock\" \/>\n<meta property=\"product:retailer_item_id\" content=\"901700\" \/>\n<meta property=\"product:condition\" content=\"new\" \/>\n<!-- \/ Yoast SEO plugin. -->","yoast_head_json":{"title":"Buzunar petru \u00eenc\u0103l\u021b\u0103minte Thule Tepui Boot Bag Single - Magazin Xstyle","description":"Karmashek pentru \u00eenc\u0103l\u021b\u0103minte Thule Tepui Boot Bag Single - un accesoriu comod \u0219i practic pentru campingul dumneavoastr\u0103. Asigura\u021bi-v\u0103 de ordine \u0219i confort \u00een cortul dumneavoastr\u0103!","robots":{"index":"index","follow":"follow","max-snippet":"max-snippet:-1","max-image-preview":"max-image-preview:large","max-video-preview":"max-video-preview:-1"},"canonical":"https:\/\/xstyle.md\/ro\/produs\/karmashki-k-palatki-na-kryshe-thule-tepui-boot-bag-single\/","og_locale":"ro_RO","og_type":"article","og_title":"\u041a\u0430\u0440\u043c\u0430\u0448\u0435\u043a \u0434\u043b\u044f \u043e\u0431\u0443\u0432\u0438 Thule Tepui Boot Bag Single - \u041c\u0430\u0433\u0430\u0437\u0438\u043d Xstyle","og_description":"\u041a\u0430\u0440\u043c\u0430\u0448\u0435\u043a \u0434\u043b\u044f \u043e\u0431\u0443\u0432\u0438 Thule Tepui Boot Bag Single - \u0443\u0434\u043e\u0431\u043d\u044b\u0439 \u0438 \u043f\u0440\u0430\u043a\u0442\u0438\u0447\u043d\u044b\u0439 \u0430\u043a\u0441\u0435\u0441\u0441\u0443\u0430\u0440 \u0434\u043b\u044f \u0432\u0430\u0448\u0435\u0433\u043e \u0442\u0443\u0440\u0438\u0441\u0442\u0438\u0447\u0435\u0441\u043a\u043e\u0433\u043e \u043a\u0435\u043c\u043f\u0438\u043d\u0433\u0430. \u041e\u0431\u0435\u0441\u043f\u0435\u0447\u044c\u0442\u0435 \u043f\u043e\u0440\u044f\u0434\u043e\u043a \u0438 \u043a\u043e\u043c\u0444\u043e\u0440\u0442 \u0432 \u0432\u0430\u0448\u0435\u043c \u0448\u0430\u0442\u0440\u0435!","og_url":"https:\/\/xstyle.md\/ro\/produs\/karmashki-k-palatki-na-kryshe-thule-tepui-boot-bag-single\/","og_site_name":"\u041c\u0430\u0433\u0430\u0437\u0438\u043d Xstyle","article_publisher":"https:\/\/www.facebook.com\/xstylemd","article_modified_time":"2025-03-29T18:32:44+00:00","og_image":[{"width":1800,"height":1196,"url":"https:\/\/xstyle.md\/wp-content\/uploads\/2020\/07\/777858_sized_1800x1200_rev_2.jpg","type":"image\/jpeg"}],"twitter_card":"summary_large_image","twitter_misc":{"Pre\u021b":"990&nbsp;MDL","Disponibilitate":"Stoc epuizat"},"schema":{"@context":"https:\/\/schema.org","@graph":[{"@type":"WebPage","@id":"https:\/\/xstyle.md\/product\/karmashki-k-palatki-na-kryshe-thule-tepui-boot-bag-single\/","url":"https:\/\/xstyle.md\/product\/karmashki-k-palatki-na-kryshe-thule-tepui-boot-bag-single\/","name":"Buzunar petru \u00eenc\u0103l\u021b\u0103minte Thule Tepui Boot Bag Single - Magazin Xstyle","isPartOf":{"@id":"https:\/\/xstyle.md\/#website"},"primaryImageOfPage":{"@id":"https:\/\/xstyle.md\/product\/karmashki-k-palatki-na-kryshe-thule-tepui-boot-bag-single\/#primaryimage"},"image":{"@id":"https:\/\/xstyle.md\/product\/karmashki-k-palatki-na-kryshe-thule-tepui-boot-bag-single\/#primaryimage"},"thumbnailUrl":"https:\/\/xstyle.md\/wp-content\/uploads\/2020\/07\/777858_sized_1800x1200_rev_2.jpg","datePublished":"2020-07-19T13:11:19+00:00","dateModified":"2025-03-29T18:32:44+00:00","description":"Karmashek pentru \u00eenc\u0103l\u021b\u0103minte Thule Tepui Boot Bag Single - un accesoriu comod \u0219i practic pentru campingul dumneavoastr\u0103. Asigura\u021bi-v\u0103 de ordine \u0219i confort \u00een cortul dumneavoastr\u0103!","breadcrumb":{"@id":"https:\/\/xstyle.md\/product\/karmashki-k-palatki-na-kryshe-thule-tepui-boot-bag-single\/#breadcrumb"},"inLanguage":"ro-RO","potentialAction":[{"@type":"ReadAction","target":["https:\/\/xstyle.md\/product\/karmashki-k-palatki-na-kryshe-thule-tepui-boot-bag-single\/"]}]},{"@type":"ImageObject","inLanguage":"ro-RO","@id":"https:\/\/xstyle.md\/product\/karmashki-k-palatki-na-kryshe-thule-tepui-boot-bag-single\/#primaryimage","url":"https:\/\/xstyle.md\/wp-content\/uploads\/2020\/07\/777858_sized_1800x1200_rev_2.jpg","contentUrl":"https:\/\/xstyle.md\/wp-content\/uploads\/2020\/07\/777858_sized_1800x1200_rev_2.jpg","width":1800,"height":1196},{"@type":"BreadcrumbList","@id":"https:\/\/xstyle.md\/product\/karmashki-k-palatki-na-kryshe-thule-tepui-boot-bag-single\/#breadcrumb","itemListElement":[{"@type":"ListItem","position":1,"name":"\u0413\u043b\u0430\u0432\u043d\u0430\u044f \u0441\u0442\u0440\u0430\u043d\u0438\u0446\u0430","item":"https:\/\/xstyle.md\/"},{"@type":"ListItem","position":2,"name":"\u041c\u0430\u0433\u0430\u0437\u0438\u043d","item":"https:\/\/xstyle.md\/shop\/"},{"@type":"ListItem","position":3,"name":"\u041a\u0430\u0440\u043c\u0430\u0448\u0435\u043a \u0434\u043b\u044f \u043e\u0431\u0443\u0432\u0438 Thule Tepui Boot Bag Single"}]},{"@type":"WebSite","@id":"https:\/\/xstyle.md\/#website","url":"https:\/\/xstyle.md\/","name":"Magazinul X-Style","description":"Echipamente pentru turism \u0219i sporturi extreme \u00een Moldova. Pre\u021buri, fotografii, caracteristici \u00een Moldova.","publisher":{"@id":"https:\/\/xstyle.md\/#organization"},"alternateName":"X-Style","potentialAction":[{"@type":"SearchAction","target":{"@type":"EntryPoint","urlTemplate":"https:\/\/xstyle.md\/?s={search_term_string}"},"query-input":{"@type":"PropertyValueSpecification","valueRequired":true,"valueName":"search_term_string"}}],"inLanguage":"ro-RO"},{"@type":"Organization","@id":"https:\/\/xstyle.md\/#organization","name":"Magazinul X-Style","alternateName":"x-style","url":"https:\/\/xstyle.md\/","logo":{"@type":"ImageObject","inLanguage":"ro-RO","@id":"https:\/\/xstyle.md\/#\/schema\/logo\/image\/","url":"https:\/\/xstyle.md\/wp-content\/uploads\/2020\/06\/logoicon.svg","contentUrl":"https:\/\/xstyle.md\/wp-content\/uploads\/2020\/06\/logoicon.svg","caption":"\u041c\u0430\u0433\u0430\u0437\u0438\u043d Xstyle"},"image":{"@id":"https:\/\/xstyle.md\/#\/schema\/logo\/image\/"},"sameAs":["https:\/\/www.facebook.com\/xstylemd","https:\/\/www.instagram.com\/xstyle_md\/","https:\/\/t.me\/xstyle_outdoor"],"hasMerchantReturnPolicy":{"@type":"MerchantReturnPolicy","merchantReturnLink":"https:\/\/xstyle.md\/ro\/conditions\/"}}]},"product_price_amount":"990.00","product_price_currency":"MDL","og_availability":"out of stock","product_availability":"out of stock","product_retailer_item_id":"901700","product_condition":"new"},"post_mailing_queue_ids":[],"_links":{"self":[{"href":"https:\/\/xstyle.md\/ro\/wp-json\/wp\/v2\/product\/22987","targetHints":{"allow":["GET"]}}],"collection":[{"href":"https:\/\/xstyle.md\/ro\/wp-json\/wp\/v2\/product"}],"about":[{"href":"https:\/\/xstyle.md\/ro\/wp-json\/wp\/v2\/types\/product"}],"replies":[{"embeddable":true,"href":"https:\/\/xstyle.md\/ro\/wp-json\/wp\/v2\/comments?post=22987"}],"wp:featuredmedia":[{"embeddable":true,"href":"https:\/\/xstyle.md\/ro\/wp-json\/wp\/v2\/media\/22984"}],"wp:attachment":[{"href":"https:\/\/xstyle.md\/ro\/wp-json\/wp\/v2\/media?parent=22987"}],"wp:term":[{"taxonomy":"product_brand","embeddable":true,"href":"https:\/\/xstyle.md\/ro\/wp-json\/wp\/v2\/product_brand?post=22987"},{"taxonomy":"product_cat","embeddable":true,"href":"https:\/\/xstyle.md\/ro\/wp-json\/wp\/v2\/product_cat?post=22987"},{"taxonomy":"product_tag","embeddable":true,"href":"https:\/\/xstyle.md\/ro\/wp-json\/wp\/v2\/product_tag?post=22987"}],"curies":[{"name":"wp","href":"https:\/\/api.w.org\/{rel}","templated":true}]}}