{"id":22928,"date":"2020-07-19T16:08:16","date_gmt":"2020-07-19T13:08:16","guid":{"rendered":"https:\/\/xstyle.md\/product\/detskoe-kreslo-fix-b-259852"},"modified":"2026-03-19T16:39:51","modified_gmt":"2026-03-19T13:39:51","slug":"detskoe-kreslo-bellelli-little-duck-259852","status":"publish","type":"product","link":"https:\/\/xstyle.md\/ro\/produs\/detskoe-kreslo-bellelli-little-duck-259852\/","title":{"rendered":"Scaun pentru copii Bellelli Little Duck 259852"},"content":{"rendered":"<\/p>\n<p><strong>Bellelli Little Duck 259852<\/strong> &#8212; scaunul din spate al bicicletei pe cadrul bicicletei. Permite p\u0103rin\u021bilor s\u0103 \u00ee\u0219i ia copilul la plimb\u0103ri cu bicicleta f\u0103r\u0103 s\u0103 se \u00eengrijoreze de siguran\u021ba \u0219i confortul acestuia.<\/p>\n<p>Scaunul de biciclet\u0103 se fixeaz\u0103 u\u0219or \u0219i simplu pe tubul de \u0219a cu ajutorul unui suport special. Suport\u0103 greutatea unui copil de p\u00e2n\u0103 la 22 kg.<\/p>\n<p>\u00cen\u0103l\u021bimea suporturilor pentru picioare poate fi ajustat\u0103 pe m\u0103sur\u0103 ce copilul cre\u0219te.<\/p>\n<p>Ham de siguran\u021b\u0103 reglabil \u00een trei puncte pentru transportul \u00een siguran\u021b\u0103 al copilului. Pernu\u021b\u0103 de scaun c\u0103ptu\u0219it\u0103 pentru o c\u0103l\u0103torie confortabil\u0103.<\/p>\n<p>U\u0219or \u0219i rapid de \u00eendep\u0103rtat. Certificat de siguran\u021b\u0103.<\/p>\n<h3>Particularit\u0103\u021bi<\/h3>\n<ul>\n<li>Potrivit pentru copii cu v\u00e2rsta cuprins\u0103 \u00eentre 1 \u0219i 7 ani<\/li>\n<li>Siguran\u021b\u0103<\/li>\n<li>U\u0219or de montat pe o biciclet\u0103<\/li>\n<li>Suport pentru picioare reglabil<\/li>\n<li>Ham \u00een trei puncte<\/li>\n<li>C\u0103ptu\u0219eal\u0103 moale pe scaun<\/li>\n<li>Conform cu certificarea european\u0103 de calitate \u0219i siguran\u021b\u0103<\/li>\n<\/ul>\n<h3>Caracteristici<\/h3>\n<ul>\n<li>Greutatea copilului &#8212; max. 22 kg<\/li>\n<li>Diametrul tubului de \u0219a al unei biciclete rotunde pentru adul\u021bi: 25 p\u00e2n\u0103 la 46 mm.<\/li>\n<li>Diametrul tubului de \u0219ezut al unei biciclete pentru adul\u021bi cu sec\u021biune oval\u0103: 30 p\u00e2n\u0103 la 40 mm pe 38 p\u00e2n\u0103 la 46 mm<\/li>\n<li>Diametrul ro\u021bilor unei biciclete pentru adul\u021bi: 26\u201e-28\u201d<\/li>\n<li>Materialul scaunului &#8212; plastic<\/li>\n<li>Material de montare &#8212; plastic\/aur<\/li>\n<li>Montare pe cadrul bicicletei sub \u0219a.<\/li>\n<li>Certificat european de calitate TUV<\/li>\n<li>Standard de siguran\u021b\u0103: EN 14344<\/li>\n<\/ul>\n<p><\/p>","protected":false},"excerpt":{"rendered":"<p>Scaun pentru copii Bellelli Little Duck 259852<\/p>","protected":false},"featured_media":22927,"comment_status":"open","ping_status":"closed","template":"","meta":{"_acf_changed":false,"inline_featured_image":false},"product_brand":[1372],"product_cat":[1157],"product_tag":[],"class_list":{"0":"post-22928","1":"product","2":"type-product","3":"status-publish","4":"has-post-thumbnail","6":"product_brand-messingschlager","7":"product_cat-bicycle-baby-seats","9":"first","10":"instock","11":"shipping-taxable","12":"purchasable","13":"product-type-simple"},"acf":[],"yoast_head":"<!-- This site is optimized with the Yoast SEO plugin v27.2 - https:\/\/yoast.com\/product\/yoast-seo-wordpress\/ -->\n<title>\u0414\u0435\u0442\u0441\u043a\u043e\u0435 \u043a\u0440\u0435\u0441\u043b\u043e Bellelli Little Duck 259852 - \u041c\u0430\u0433\u0430\u0437\u0438\u043d Xstyle<\/title>\n<meta name=\"description\" content=\"\u041a\u0440\u0435\u0441\u043b\u043e Bellelli Little Duck 259852 \u0434\u043b\u044f \u0434\u0435\u0442\u0435\u0439 \u043e\u0431\u0435\u0441\u043f\u0435\u0447\u0438\u0432\u0430\u0435\u0442 \u0431\u0435\u0437\u043e\u043f\u0430\u0441\u043d\u043e\u0441\u0442\u044c \u0438 \u043a\u043e\u043c\u0444\u043e\u0440\u0442 \u043d\u0430 \u043f\u0440\u043e\u0433\u0443\u043b\u043a\u0430\u0445 \u043d\u0430 \u0432\u0435\u043b\u043e\u0441\u0438\u043f\u0435\u0434\u0435. \u041b\u0435\u0433\u043a\u0430\u044f \u0443\u0441\u0442\u0430\u043d\u043e\u0432\u043a\u0430 \u0438 \u043d\u0430\u0434\u0435\u0436\u043d\u0430\u044f \u043f\u043e\u0434\u0434\u0435\u0440\u0436\u043a\u0430.\" \/>\n<meta name=\"robots\" content=\"index, follow, max-snippet:-1, max-image-preview:large, max-video-preview:-1\" \/>\n<link rel=\"canonical\" href=\"https:\/\/xstyle.md\/ro\/produs\/detskoe-kreslo-bellelli-little-duck-259852\/\" \/>\n<meta property=\"og:locale\" content=\"ro_RO\" \/>\n<meta property=\"og:type\" content=\"article\" \/>\n<meta property=\"og:title\" content=\"\u0414\u0435\u0442\u0441\u043a\u043e\u0435 \u043a\u0440\u0435\u0441\u043b\u043e Bellelli Little Duck 259852 - \u041c\u0430\u0433\u0430\u0437\u0438\u043d Xstyle\" \/>\n<meta property=\"og:description\" content=\"\u041a\u0440\u0435\u0441\u043b\u043e Bellelli Little Duck 259852 \u0434\u043b\u044f \u0434\u0435\u0442\u0435\u0439 \u043e\u0431\u0435\u0441\u043f\u0435\u0447\u0438\u0432\u0430\u0435\u0442 \u0431\u0435\u0437\u043e\u043f\u0430\u0441\u043d\u043e\u0441\u0442\u044c \u0438 \u043a\u043e\u043c\u0444\u043e\u0440\u0442 \u043d\u0430 \u043f\u0440\u043e\u0433\u0443\u043b\u043a\u0430\u0445 \u043d\u0430 \u0432\u0435\u043b\u043e\u0441\u0438\u043f\u0435\u0434\u0435. \u041b\u0435\u0433\u043a\u0430\u044f \u0443\u0441\u0442\u0430\u043d\u043e\u0432\u043a\u0430 \u0438 \u043d\u0430\u0434\u0435\u0436\u043d\u0430\u044f \u043f\u043e\u0434\u0434\u0435\u0440\u0436\u043a\u0430.\" \/>\n<meta property=\"og:url\" content=\"https:\/\/xstyle.md\/ro\/produs\/detskoe-kreslo-bellelli-little-duck-259852\/\" \/>\n<meta property=\"og:site_name\" content=\"\u041c\u0430\u0433\u0430\u0437\u0438\u043d Xstyle\" \/>\n<meta property=\"article:publisher\" content=\"https:\/\/www.facebook.com\/xstylemd\" \/>\n<meta property=\"article:modified_time\" content=\"2026-03-19T13:39:51+00:00\" \/>\n<meta property=\"og:image\" content=\"https:\/\/xstyle.md\/wp-content\/uploads\/2020\/07\/259852_080326_1.jpg\" \/>\n\t<meta property=\"og:image:width\" content=\"1500\" \/>\n\t<meta property=\"og:image:height\" content=\"1500\" \/>\n\t<meta property=\"og:image:type\" content=\"image\/jpeg\" \/>\n<meta name=\"twitter:card\" content=\"summary_large_image\" \/>\n<meta name=\"twitter:label1\" content=\"Pre\u021b\" \/>\n\t<meta name=\"twitter:data1\" content=\"1.490&nbsp;MDL\" \/>\n\t<meta name=\"twitter:label2\" content=\"Disponibilitate\" \/>\n\t<meta name=\"twitter:data2\" content=\"\u00cen stoc\" \/>\n<script type=\"application\/ld+json\" class=\"yoast-schema-graph\">{\"@context\":\"https:\/\/schema.org\",\"@graph\":[{\"@type\":\"WebPage\",\"@id\":\"https:\/\/xstyle.md\/product\/detskoe-kreslo-bellelli-little-duck-259852\/\",\"url\":\"https:\/\/xstyle.md\/product\/detskoe-kreslo-bellelli-little-duck-259852\/\",\"name\":\"\u0414\u0435\u0442\u0441\u043a\u043e\u0435 \u043a\u0440\u0435\u0441\u043b\u043e Bellelli Little Duck 259852 - \u041c\u0430\u0433\u0430\u0437\u0438\u043d Xstyle\",\"isPartOf\":{\"@id\":\"https:\/\/xstyle.md\/#website\"},\"primaryImageOfPage\":{\"@id\":\"https:\/\/xstyle.md\/product\/detskoe-kreslo-bellelli-little-duck-259852\/#primaryimage\"},\"image\":{\"@id\":\"https:\/\/xstyle.md\/product\/detskoe-kreslo-bellelli-little-duck-259852\/#primaryimage\"},\"thumbnailUrl\":\"https:\/\/xstyle.md\/wp-content\/uploads\/2020\/07\/259852_080326_1.jpg\",\"datePublished\":\"2020-07-19T13:08:16+00:00\",\"dateModified\":\"2026-03-19T13:39:51+00:00\",\"description\":\"\u041a\u0440\u0435\u0441\u043b\u043e Bellelli Little Duck 259852 \u0434\u043b\u044f \u0434\u0435\u0442\u0435\u0439 \u043e\u0431\u0435\u0441\u043f\u0435\u0447\u0438\u0432\u0430\u0435\u0442 \u0431\u0435\u0437\u043e\u043f\u0430\u0441\u043d\u043e\u0441\u0442\u044c \u0438 \u043a\u043e\u043c\u0444\u043e\u0440\u0442 \u043d\u0430 \u043f\u0440\u043e\u0433\u0443\u043b\u043a\u0430\u0445 \u043d\u0430 \u0432\u0435\u043b\u043e\u0441\u0438\u043f\u0435\u0434\u0435. \u041b\u0435\u0433\u043a\u0430\u044f \u0443\u0441\u0442\u0430\u043d\u043e\u0432\u043a\u0430 \u0438 \u043d\u0430\u0434\u0435\u0436\u043d\u0430\u044f \u043f\u043e\u0434\u0434\u0435\u0440\u0436\u043a\u0430.\",\"breadcrumb\":{\"@id\":\"https:\/\/xstyle.md\/product\/detskoe-kreslo-bellelli-little-duck-259852\/#breadcrumb\"},\"inLanguage\":\"ro-RO\",\"potentialAction\":[{\"@type\":\"ReadAction\",\"target\":[\"https:\/\/xstyle.md\/product\/detskoe-kreslo-bellelli-little-duck-259852\/\"]}]},{\"@type\":\"ImageObject\",\"inLanguage\":\"ro-RO\",\"@id\":\"https:\/\/xstyle.md\/product\/detskoe-kreslo-bellelli-little-duck-259852\/#primaryimage\",\"url\":\"https:\/\/xstyle.md\/wp-content\/uploads\/2020\/07\/259852_080326_1.jpg\",\"contentUrl\":\"https:\/\/xstyle.md\/wp-content\/uploads\/2020\/07\/259852_080326_1.jpg\",\"width\":1500,\"height\":1500},{\"@type\":\"BreadcrumbList\",\"@id\":\"https:\/\/xstyle.md\/product\/detskoe-kreslo-bellelli-little-duck-259852\/#breadcrumb\",\"itemListElement\":[{\"@type\":\"ListItem\",\"position\":1,\"name\":\"\u0413\u043b\u0430\u0432\u043d\u0430\u044f \u0441\u0442\u0440\u0430\u043d\u0438\u0446\u0430\",\"item\":\"https:\/\/xstyle.md\/\"},{\"@type\":\"ListItem\",\"position\":2,\"name\":\"\u041c\u0430\u0433\u0430\u0437\u0438\u043d\",\"item\":\"https:\/\/xstyle.md\/shop\/\"},{\"@type\":\"ListItem\",\"position\":3,\"name\":\"\u0414\u0435\u0442\u0441\u043a\u043e\u0435 \u043a\u0440\u0435\u0441\u043b\u043e Bellelli Little Duck 259852\"}]},{\"@type\":\"WebSite\",\"@id\":\"https:\/\/xstyle.md\/#website\",\"url\":\"https:\/\/xstyle.md\/\",\"name\":\"\u041c\u0430\u0433\u0430\u0437\u0438\u043d Xstyle\",\"description\":\"C\u043d\u0430\u0440\u044f\u0436\u0435\u043d\u0438\u0435 \u0434\u043b\u044f \u0442\u0443\u0440\u0438\u0437\u043c\u0430 \u0438 \u044d\u043a\u0441\u0442\u0440\u0435\u043c\u0430\u043b\u044c\u043d\u044b\u0445 \u0432\u0438\u0434\u043e\u0432 \u0441\u043f\u043e\u0440\u0442\u0430 \u0432 \u041c\u043e\u043b\u0434\u043e\u0432\u0435.. \u0426\u0435\u043d\u044b, \u0444\u043e\u0442\u043e, \u0445\u0430\u0440\u0430\u043a\u0442\u0435\u0440\u0438\u0441\u0442\u0438\u043a\u0438 \u0432 \u041c\u043e\u043b\u0434\u043e\u0432\u0435.\",\"publisher\":{\"@id\":\"https:\/\/xstyle.md\/#organization\"},\"alternateName\":\"X-Style\",\"potentialAction\":[{\"@type\":\"SearchAction\",\"target\":{\"@type\":\"EntryPoint\",\"urlTemplate\":\"https:\/\/xstyle.md\/?s={search_term_string}\"},\"query-input\":{\"@type\":\"PropertyValueSpecification\",\"valueRequired\":true,\"valueName\":\"search_term_string\"}}],\"inLanguage\":\"ro-RO\"},{\"@type\":\"Organization\",\"@id\":\"https:\/\/xstyle.md\/#organization\",\"name\":\"\u041c\u0430\u0433\u0430\u0437\u0438\u043d Xstyle\",\"alternateName\":\"x-style\",\"url\":\"https:\/\/xstyle.md\/\",\"logo\":{\"@type\":\"ImageObject\",\"inLanguage\":\"ro-RO\",\"@id\":\"https:\/\/xstyle.md\/#\/schema\/logo\/image\/\",\"url\":\"https:\/\/xstyle.md\/wp-content\/uploads\/2020\/06\/logoicon.svg\",\"contentUrl\":\"https:\/\/xstyle.md\/wp-content\/uploads\/2020\/06\/logoicon.svg\",\"caption\":\"\u041c\u0430\u0433\u0430\u0437\u0438\u043d Xstyle\"},\"image\":{\"@id\":\"https:\/\/xstyle.md\/#\/schema\/logo\/image\/\"},\"sameAs\":[\"https:\/\/www.facebook.com\/xstylemd\",\"https:\/\/www.instagram.com\/xstyle_md\/\",\"https:\/\/t.me\/xstyle_outdoor\"],\"hasMerchantReturnPolicy\":{\"@type\":\"MerchantReturnPolicy\",\"merchantReturnLink\":\"https:\/\/xstyle.md\/ro\/conditions\/\"}}]}<\/script>\n<meta property=\"product:price:amount\" content=\"1490.00\" \/>\n<meta property=\"product:price:currency\" content=\"MDL\" \/>\n<meta property=\"og:availability\" content=\"instock\" \/>\n<meta property=\"product:availability\" content=\"instock\" \/>\n<meta property=\"product:retailer_item_id\" content=\"8020092008328-1\" \/>\n<meta property=\"product:condition\" content=\"new\" \/>\n<!-- \/ Yoast SEO plugin. -->","yoast_head_json":{"title":"Scaun pentru copii Bellelli Little Duck 259852 - Magazin Xstyle","description":"Scaunul Bellelli Little Duck 259852 pentru copii asigur\u0103 siguran\u021ba \u0219i confortul \u00een timpul plimb\u0103rilor cu bicicleta. Montare u\u0219oar\u0103 \u0219i suport fiabil.","robots":{"index":"index","follow":"follow","max-snippet":"max-snippet:-1","max-image-preview":"max-image-preview:large","max-video-preview":"max-video-preview:-1"},"canonical":"https:\/\/xstyle.md\/ro\/produs\/detskoe-kreslo-bellelli-little-duck-259852\/","og_locale":"ro_RO","og_type":"article","og_title":"\u0414\u0435\u0442\u0441\u043a\u043e\u0435 \u043a\u0440\u0435\u0441\u043b\u043e Bellelli Little Duck 259852 - \u041c\u0430\u0433\u0430\u0437\u0438\u043d Xstyle","og_description":"\u041a\u0440\u0435\u0441\u043b\u043e Bellelli Little Duck 259852 \u0434\u043b\u044f \u0434\u0435\u0442\u0435\u0439 \u043e\u0431\u0435\u0441\u043f\u0435\u0447\u0438\u0432\u0430\u0435\u0442 \u0431\u0435\u0437\u043e\u043f\u0430\u0441\u043d\u043e\u0441\u0442\u044c \u0438 \u043a\u043e\u043c\u0444\u043e\u0440\u0442 \u043d\u0430 \u043f\u0440\u043e\u0433\u0443\u043b\u043a\u0430\u0445 \u043d\u0430 \u0432\u0435\u043b\u043e\u0441\u0438\u043f\u0435\u0434\u0435. \u041b\u0435\u0433\u043a\u0430\u044f \u0443\u0441\u0442\u0430\u043d\u043e\u0432\u043a\u0430 \u0438 \u043d\u0430\u0434\u0435\u0436\u043d\u0430\u044f \u043f\u043e\u0434\u0434\u0435\u0440\u0436\u043a\u0430.","og_url":"https:\/\/xstyle.md\/ro\/produs\/detskoe-kreslo-bellelli-little-duck-259852\/","og_site_name":"\u041c\u0430\u0433\u0430\u0437\u0438\u043d Xstyle","article_publisher":"https:\/\/www.facebook.com\/xstylemd","article_modified_time":"2026-03-19T13:39:51+00:00","og_image":[{"width":1500,"height":1500,"url":"https:\/\/xstyle.md\/wp-content\/uploads\/2020\/07\/259852_080326_1.jpg","type":"image\/jpeg"}],"twitter_card":"summary_large_image","twitter_misc":{"Pre\u021b":"1.490&nbsp;MDL","Disponibilitate":"\u00cen stoc"},"schema":{"@context":"https:\/\/schema.org","@graph":[{"@type":"WebPage","@id":"https:\/\/xstyle.md\/product\/detskoe-kreslo-bellelli-little-duck-259852\/","url":"https:\/\/xstyle.md\/product\/detskoe-kreslo-bellelli-little-duck-259852\/","name":"Scaun pentru copii Bellelli Little Duck 259852 - Magazin Xstyle","isPartOf":{"@id":"https:\/\/xstyle.md\/#website"},"primaryImageOfPage":{"@id":"https:\/\/xstyle.md\/product\/detskoe-kreslo-bellelli-little-duck-259852\/#primaryimage"},"image":{"@id":"https:\/\/xstyle.md\/product\/detskoe-kreslo-bellelli-little-duck-259852\/#primaryimage"},"thumbnailUrl":"https:\/\/xstyle.md\/wp-content\/uploads\/2020\/07\/259852_080326_1.jpg","datePublished":"2020-07-19T13:08:16+00:00","dateModified":"2026-03-19T13:39:51+00:00","description":"Scaunul Bellelli Little Duck 259852 pentru copii asigur\u0103 siguran\u021ba \u0219i confortul \u00een timpul plimb\u0103rilor cu bicicleta. Montare u\u0219oar\u0103 \u0219i suport fiabil.","breadcrumb":{"@id":"https:\/\/xstyle.md\/product\/detskoe-kreslo-bellelli-little-duck-259852\/#breadcrumb"},"inLanguage":"ro-RO","potentialAction":[{"@type":"ReadAction","target":["https:\/\/xstyle.md\/product\/detskoe-kreslo-bellelli-little-duck-259852\/"]}]},{"@type":"ImageObject","inLanguage":"ro-RO","@id":"https:\/\/xstyle.md\/product\/detskoe-kreslo-bellelli-little-duck-259852\/#primaryimage","url":"https:\/\/xstyle.md\/wp-content\/uploads\/2020\/07\/259852_080326_1.jpg","contentUrl":"https:\/\/xstyle.md\/wp-content\/uploads\/2020\/07\/259852_080326_1.jpg","width":1500,"height":1500},{"@type":"BreadcrumbList","@id":"https:\/\/xstyle.md\/product\/detskoe-kreslo-bellelli-little-duck-259852\/#breadcrumb","itemListElement":[{"@type":"ListItem","position":1,"name":"\u0413\u043b\u0430\u0432\u043d\u0430\u044f \u0441\u0442\u0440\u0430\u043d\u0438\u0446\u0430","item":"https:\/\/xstyle.md\/"},{"@type":"ListItem","position":2,"name":"\u041c\u0430\u0433\u0430\u0437\u0438\u043d","item":"https:\/\/xstyle.md\/shop\/"},{"@type":"ListItem","position":3,"name":"\u0414\u0435\u0442\u0441\u043a\u043e\u0435 \u043a\u0440\u0435\u0441\u043b\u043e Bellelli Little Duck 259852"}]},{"@type":"WebSite","@id":"https:\/\/xstyle.md\/#website","url":"https:\/\/xstyle.md\/","name":"Magazinul X-Style","description":"Echipamente pentru turism \u0219i sporturi extreme \u00een Moldova. Pre\u021buri, fotografii, caracteristici \u00een Moldova.","publisher":{"@id":"https:\/\/xstyle.md\/#organization"},"alternateName":"X-Style","potentialAction":[{"@type":"SearchAction","target":{"@type":"EntryPoint","urlTemplate":"https:\/\/xstyle.md\/?s={search_term_string}"},"query-input":{"@type":"PropertyValueSpecification","valueRequired":true,"valueName":"search_term_string"}}],"inLanguage":"ro-RO"},{"@type":"Organization","@id":"https:\/\/xstyle.md\/#organization","name":"Magazinul X-Style","alternateName":"x-style","url":"https:\/\/xstyle.md\/","logo":{"@type":"ImageObject","inLanguage":"ro-RO","@id":"https:\/\/xstyle.md\/#\/schema\/logo\/image\/","url":"https:\/\/xstyle.md\/wp-content\/uploads\/2020\/06\/logoicon.svg","contentUrl":"https:\/\/xstyle.md\/wp-content\/uploads\/2020\/06\/logoicon.svg","caption":"\u041c\u0430\u0433\u0430\u0437\u0438\u043d Xstyle"},"image":{"@id":"https:\/\/xstyle.md\/#\/schema\/logo\/image\/"},"sameAs":["https:\/\/www.facebook.com\/xstylemd","https:\/\/www.instagram.com\/xstyle_md\/","https:\/\/t.me\/xstyle_outdoor"],"hasMerchantReturnPolicy":{"@type":"MerchantReturnPolicy","merchantReturnLink":"https:\/\/xstyle.md\/ro\/conditions\/"}}]},"product_price_amount":"1490.00","product_price_currency":"MDL","og_availability":"instock","product_availability":"instock","product_retailer_item_id":"8020092008328-1","product_condition":"new"},"post_mailing_queue_ids":[],"_links":{"self":[{"href":"https:\/\/xstyle.md\/ro\/wp-json\/wp\/v2\/product\/22928","targetHints":{"allow":["GET"]}}],"collection":[{"href":"https:\/\/xstyle.md\/ro\/wp-json\/wp\/v2\/product"}],"about":[{"href":"https:\/\/xstyle.md\/ro\/wp-json\/wp\/v2\/types\/product"}],"replies":[{"embeddable":true,"href":"https:\/\/xstyle.md\/ro\/wp-json\/wp\/v2\/comments?post=22928"}],"wp:featuredmedia":[{"embeddable":true,"href":"https:\/\/xstyle.md\/ro\/wp-json\/wp\/v2\/media\/22927"}],"wp:attachment":[{"href":"https:\/\/xstyle.md\/ro\/wp-json\/wp\/v2\/media?parent=22928"}],"wp:term":[{"taxonomy":"product_brand","embeddable":true,"href":"https:\/\/xstyle.md\/ro\/wp-json\/wp\/v2\/product_brand?post=22928"},{"taxonomy":"product_cat","embeddable":true,"href":"https:\/\/xstyle.md\/ro\/wp-json\/wp\/v2\/product_cat?post=22928"},{"taxonomy":"product_tag","embeddable":true,"href":"https:\/\/xstyle.md\/ro\/wp-json\/wp\/v2\/product_tag?post=22928"}],"curies":[{"name":"wp","href":"https:\/\/api.w.org\/{rel}","templated":true}]}}