{"id":22872,"date":"2020-07-19T16:06:17","date_gmt":"2020-07-19T13:06:17","guid":{"rendered":"https:\/\/xstyle.md\/?post_type=product&#038;p=22872"},"modified":"2026-03-19T16:39:48","modified_gmt":"2026-03-19T13:39:48","slug":"velobutylka-dlja-vody-m-wave-pbo-600-ns-0-6l","status":"publish","type":"product","link":"https:\/\/xstyle.md\/ro\/produs\/velobutylka-dlja-vody-m-wave-pbo-600-ns-0-6l\/","title":{"rendered":"Sticl\u0103 M-WAVE PBO 600-NS 0,6L"},"content":{"rendered":"<\/p>\n<p><strong>Sticl\u0103 de ap\u0103 pentru ciclism M-WAVE PBO 600-NS 0,6L<\/strong> &#8212; pentru un suport de biciclet\u0103.<\/p>\n<p>Balon de plastic pentru ciclism cu capac de protec\u021bie. Capacul cu clapet\u0103 v\u0103 permite s\u0103 be\u021bi \u00een mi\u0219care f\u0103r\u0103 s\u0103 v\u0103 face\u021bi griji cu privire la scurgerile de ap\u0103. Design ergonomic care v\u0103 permite s\u0103 \u021bine\u021bi confortabil sticla cu o singur\u0103 m\u00e2n\u0103. Iar inser\u021biile anti-alunecare nu o vor l\u0103sa s\u0103 alunece chiar dac\u0103 \u021bine\u021bi sticla cu m\u00e2inile ude.<\/p>\n<p>Pute\u021bi lua sticla cu dvs. la o plimbare cu bicicleta, \u00een c\u0103l\u0103torii sau la sala de sport.<\/p>\n<h3>Particularit\u0103\u021bi<\/h3>\n<ul>\n<li>Capacul care sigileaz\u0103 capacul flip cap \u00eempotriva contamin\u0103rii<\/li>\n<li>Capacul deta\u0219abil protejeaz\u0103 de praf \u00een timpul mersului pe biciclet\u0103<\/li>\n<li>Are inser\u021bii antiderapante pentru o mai bun\u0103 aderen\u021b\u0103<\/li>\n<li>Plastic de calitate alimentar\u0103 f\u0103r\u0103 miros sau impurit\u0103\u021bi d\u0103un\u0103toare<\/li>\n<li>Plastic sigur de calitate alimentar\u0103<\/li>\n<li>U\u0219or de utilizat<\/li>\n<li>Greutate redus\u0103<\/li>\n<\/ul>\n<h3>Caracteristici<\/h3>\n<ul>\n<li>Volum &#8212; 600 ml<\/li>\n<li>Material &#8212; plastic alimentar<\/li>\n<\/ul>\n<p><\/p>","protected":false},"excerpt":{"rendered":"<p>Sticl\u0103 M-WAVE PBO 600-NS 0,6L<\/p>","protected":false},"featured_media":22871,"comment_status":"open","ping_status":"closed","template":"","meta":{"_acf_changed":false,"inline_featured_image":false},"product_brand":[1372],"product_cat":[406],"product_tag":[],"class_list":{"0":"post-22872","1":"product","2":"type-product","3":"status-publish","4":"has-post-thumbnail","6":"product_brand-messingschlager","7":"product_cat-bike-accessories","9":"first","10":"instock","11":"shipping-taxable","12":"purchasable","13":"product-type-simple"},"acf":[],"yoast_head":"<!-- This site is optimized with the Yoast SEO plugin v27.4 - https:\/\/yoast.com\/product\/yoast-seo-wordpress\/ -->\n<title>\u0412\u0435\u043b\u043e\u0431\u0443\u0442\u044b\u043b\u043a\u0430 \u0434\u043b\u044f \u0432\u043e\u0434\u044b M-WAVE PBO 600-NS 0,6L - \u041c\u0430\u0433\u0430\u0437\u0438\u043d Xstyle<\/title>\n<meta name=\"description\" content=\"\u0412\u0435\u043b\u043e\u0431\u0443\u0442\u044b\u043b\u043a\u0430 M-WAVE PBO 600-NS 0,6L \u2013 \u0443\u0434\u043e\u0431\u043d\u0430\u044f \u0438 \u043d\u0430\u0434\u0435\u0436\u043d\u0430\u044f \u0434\u043b\u044f \u0432\u0435\u043b\u043e\u0441\u0438\u043f\u0435\u0434\u0438\u0441\u0442\u043e\u0432. \u0410\u043d\u0442\u0438\u0441\u043a\u043e\u043b\u044c\u0437\u044f\u0449\u0438\u0439 \u0434\u0438\u0437\u0430\u0439\u043d \u0438 \u0437\u0430\u0449\u0438\u0442\u043d\u044b\u0439 \u043a\u0430\u043f\u0430\u043a \u043e\u0431\u0435\u0441\u043f\u0435\u0447\u0438\u0432\u0430\u044e\u0442 \u043a\u043e\u043c\u0444\u043e\u0440\u0442 \u0432 \u0434\u0432\u0438\u0436\u0435\u043d\u0438\u0438.\" \/>\n<meta name=\"robots\" content=\"index, follow, max-snippet:-1, max-image-preview:large, max-video-preview:-1\" \/>\n<link rel=\"canonical\" href=\"https:\/\/xstyle.md\/ro\/produs\/velobutylka-dlja-vody-m-wave-pbo-600-ns-0-6l\/\" \/>\n<meta property=\"og:locale\" content=\"ro_RO\" \/>\n<meta property=\"og:type\" content=\"article\" \/>\n<meta property=\"og:title\" content=\"\u0412\u0435\u043b\u043e\u0431\u0443\u0442\u044b\u043b\u043a\u0430 \u0434\u043b\u044f \u0432\u043e\u0434\u044b M-WAVE PBO 600-NS 0,6L - \u041c\u0430\u0433\u0430\u0437\u0438\u043d Xstyle\" \/>\n<meta property=\"og:description\" content=\"\u0412\u0435\u043b\u043e\u0431\u0443\u0442\u044b\u043b\u043a\u0430 M-WAVE PBO 600-NS 0,6L \u2013 \u0443\u0434\u043e\u0431\u043d\u0430\u044f \u0438 \u043d\u0430\u0434\u0435\u0436\u043d\u0430\u044f \u0434\u043b\u044f \u0432\u0435\u043b\u043e\u0441\u0438\u043f\u0435\u0434\u0438\u0441\u0442\u043e\u0432. \u0410\u043d\u0442\u0438\u0441\u043a\u043e\u043b\u044c\u0437\u044f\u0449\u0438\u0439 \u0434\u0438\u0437\u0430\u0439\u043d \u0438 \u0437\u0430\u0449\u0438\u0442\u043d\u044b\u0439 \u043a\u0430\u043f\u0430\u043a \u043e\u0431\u0435\u0441\u043f\u0435\u0447\u0438\u0432\u0430\u044e\u0442 \u043a\u043e\u043c\u0444\u043e\u0440\u0442 \u0432 \u0434\u0432\u0438\u0436\u0435\u043d\u0438\u0438.\" \/>\n<meta property=\"og:url\" content=\"https:\/\/xstyle.md\/ro\/produs\/velobutylka-dlja-vody-m-wave-pbo-600-ns-0-6l\/\" \/>\n<meta property=\"og:site_name\" content=\"\u041c\u0430\u0433\u0430\u0437\u0438\u043d Xstyle\" \/>\n<meta property=\"article:publisher\" content=\"https:\/\/www.facebook.com\/xstylemd\" \/>\n<meta property=\"article:modified_time\" content=\"2026-03-19T13:39:48+00:00\" \/>\n<meta property=\"og:image\" content=\"https:\/\/xstyle.md\/wp-content\/uploads\/2020\/07\/31_.jpg\" \/>\n\t<meta property=\"og:image:width\" content=\"307\" \/>\n\t<meta property=\"og:image:height\" content=\"800\" \/>\n\t<meta property=\"og:image:type\" content=\"image\/jpeg\" \/>\n<meta name=\"twitter:card\" content=\"summary_large_image\" \/>\n<meta name=\"twitter:label1\" content=\"Pre\u021b\" \/>\n\t<meta name=\"twitter:data1\" content=\"120&nbsp;MDL\" \/>\n\t<meta name=\"twitter:label2\" content=\"Disponibilitate\" \/>\n\t<meta name=\"twitter:data2\" content=\"\u00cen stoc\" \/>\n<script type=\"application\/ld+json\" class=\"yoast-schema-graph\">{\"@context\":\"https:\\\/\\\/schema.org\",\"@graph\":[{\"@type\":\"WebPage\",\"@id\":\"https:\\\/\\\/xstyle.md\\\/product\\\/velobutylka-dlja-vody-m-wave-pbo-600-ns-0-6l\\\/\",\"url\":\"https:\\\/\\\/xstyle.md\\\/product\\\/velobutylka-dlja-vody-m-wave-pbo-600-ns-0-6l\\\/\",\"name\":\"\u0412\u0435\u043b\u043e\u0431\u0443\u0442\u044b\u043b\u043a\u0430 \u0434\u043b\u044f \u0432\u043e\u0434\u044b M-WAVE PBO 600-NS 0,6L - \u041c\u0430\u0433\u0430\u0437\u0438\u043d Xstyle\",\"isPartOf\":{\"@id\":\"https:\\\/\\\/xstyle.md\\\/#website\"},\"primaryImageOfPage\":{\"@id\":\"https:\\\/\\\/xstyle.md\\\/product\\\/velobutylka-dlja-vody-m-wave-pbo-600-ns-0-6l\\\/#primaryimage\"},\"image\":{\"@id\":\"https:\\\/\\\/xstyle.md\\\/product\\\/velobutylka-dlja-vody-m-wave-pbo-600-ns-0-6l\\\/#primaryimage\"},\"thumbnailUrl\":\"https:\\\/\\\/xstyle.md\\\/wp-content\\\/uploads\\\/2020\\\/07\\\/31_.jpg\",\"datePublished\":\"2020-07-19T13:06:17+00:00\",\"dateModified\":\"2026-03-19T13:39:48+00:00\",\"description\":\"\u0412\u0435\u043b\u043e\u0431\u0443\u0442\u044b\u043b\u043a\u0430 M-WAVE PBO 600-NS 0,6L \u2013 \u0443\u0434\u043e\u0431\u043d\u0430\u044f \u0438 \u043d\u0430\u0434\u0435\u0436\u043d\u0430\u044f \u0434\u043b\u044f \u0432\u0435\u043b\u043e\u0441\u0438\u043f\u0435\u0434\u0438\u0441\u0442\u043e\u0432. \u0410\u043d\u0442\u0438\u0441\u043a\u043e\u043b\u044c\u0437\u044f\u0449\u0438\u0439 \u0434\u0438\u0437\u0430\u0439\u043d \u0438 \u0437\u0430\u0449\u0438\u0442\u043d\u044b\u0439 \u043a\u0430\u043f\u0430\u043a \u043e\u0431\u0435\u0441\u043f\u0435\u0447\u0438\u0432\u0430\u044e\u0442 \u043a\u043e\u043c\u0444\u043e\u0440\u0442 \u0432 \u0434\u0432\u0438\u0436\u0435\u043d\u0438\u0438.\",\"breadcrumb\":{\"@id\":\"https:\\\/\\\/xstyle.md\\\/product\\\/velobutylka-dlja-vody-m-wave-pbo-600-ns-0-6l\\\/#breadcrumb\"},\"inLanguage\":\"ro-RO\",\"potentialAction\":[{\"@type\":\"ReadAction\",\"target\":[\"https:\\\/\\\/xstyle.md\\\/product\\\/velobutylka-dlja-vody-m-wave-pbo-600-ns-0-6l\\\/\"]}]},{\"@type\":\"ImageObject\",\"inLanguage\":\"ro-RO\",\"@id\":\"https:\\\/\\\/xstyle.md\\\/product\\\/velobutylka-dlja-vody-m-wave-pbo-600-ns-0-6l\\\/#primaryimage\",\"url\":\"https:\\\/\\\/xstyle.md\\\/wp-content\\\/uploads\\\/2020\\\/07\\\/31_.jpg\",\"contentUrl\":\"https:\\\/\\\/xstyle.md\\\/wp-content\\\/uploads\\\/2020\\\/07\\\/31_.jpg\",\"width\":307,\"height\":800},{\"@type\":\"BreadcrumbList\",\"@id\":\"https:\\\/\\\/xstyle.md\\\/product\\\/velobutylka-dlja-vody-m-wave-pbo-600-ns-0-6l\\\/#breadcrumb\",\"itemListElement\":[{\"@type\":\"ListItem\",\"position\":1,\"name\":\"\u0413\u043b\u0430\u0432\u043d\u0430\u044f \u0441\u0442\u0440\u0430\u043d\u0438\u0446\u0430\",\"item\":\"https:\\\/\\\/xstyle.md\\\/\"},{\"@type\":\"ListItem\",\"position\":2,\"name\":\"\u041c\u0430\u0433\u0430\u0437\u0438\u043d\",\"item\":\"https:\\\/\\\/xstyle.md\\\/shop\\\/\"},{\"@type\":\"ListItem\",\"position\":3,\"name\":\"\u0412\u0435\u043b\u043e\u0431\u0443\u0442\u044b\u043b\u043a\u0430 \u0434\u043b\u044f \u0432\u043e\u0434\u044b M-WAVE PBO 600-NS 0,6L\"}]},{\"@type\":\"WebSite\",\"@id\":\"https:\\\/\\\/xstyle.md\\\/#website\",\"url\":\"https:\\\/\\\/xstyle.md\\\/\",\"name\":\"\u041c\u0430\u0433\u0430\u0437\u0438\u043d Xstyle\",\"description\":\"C\u043d\u0430\u0440\u044f\u0436\u0435\u043d\u0438\u0435 \u0434\u043b\u044f \u0442\u0443\u0440\u0438\u0437\u043c\u0430 \u0438 \u044d\u043a\u0441\u0442\u0440\u0435\u043c\u0430\u043b\u044c\u043d\u044b\u0445 \u0432\u0438\u0434\u043e\u0432 \u0441\u043f\u043e\u0440\u0442\u0430 \u0432 \u041c\u043e\u043b\u0434\u043e\u0432\u0435.. \u0426\u0435\u043d\u044b, \u0444\u043e\u0442\u043e, \u0445\u0430\u0440\u0430\u043a\u0442\u0435\u0440\u0438\u0441\u0442\u0438\u043a\u0438 \u0432 \u041c\u043e\u043b\u0434\u043e\u0432\u0435.\",\"publisher\":{\"@id\":\"https:\\\/\\\/xstyle.md\\\/#organization\"},\"alternateName\":\"X-Style\",\"potentialAction\":[{\"@type\":\"SearchAction\",\"target\":{\"@type\":\"EntryPoint\",\"urlTemplate\":\"https:\\\/\\\/xstyle.md\\\/?s={search_term_string}\"},\"query-input\":{\"@type\":\"PropertyValueSpecification\",\"valueRequired\":true,\"valueName\":\"search_term_string\"}}],\"inLanguage\":\"ro-RO\"},{\"@type\":\"Organization\",\"@id\":\"https:\\\/\\\/xstyle.md\\\/#organization\",\"name\":\"\u041c\u0430\u0433\u0430\u0437\u0438\u043d Xstyle\",\"alternateName\":\"x-style\",\"url\":\"https:\\\/\\\/xstyle.md\\\/\",\"logo\":{\"@type\":\"ImageObject\",\"inLanguage\":\"ro-RO\",\"@id\":\"https:\\\/\\\/xstyle.md\\\/#\\\/schema\\\/logo\\\/image\\\/\",\"url\":\"https:\\\/\\\/xstyle.md\\\/wp-content\\\/uploads\\\/2020\\\/06\\\/logoicon.svg\",\"contentUrl\":\"https:\\\/\\\/xstyle.md\\\/wp-content\\\/uploads\\\/2020\\\/06\\\/logoicon.svg\",\"caption\":\"\u041c\u0430\u0433\u0430\u0437\u0438\u043d Xstyle\"},\"image\":{\"@id\":\"https:\\\/\\\/xstyle.md\\\/#\\\/schema\\\/logo\\\/image\\\/\"},\"sameAs\":[\"https:\\\/\\\/www.facebook.com\\\/xstylemd\",\"https:\\\/\\\/www.instagram.com\\\/xstyle_md\\\/\",\"https:\\\/\\\/t.me\\\/xstyle_outdoor\"],\"hasMerchantReturnPolicy\":{\"@type\":\"MerchantReturnPolicy\",\"merchantReturnLink\":\"https:\\\/\\\/xstyle.md\\\/ro\\\/conditions\\\/\"}}]}<\/script>\n<meta property=\"product:price:amount\" content=\"120.00\" \/>\n<meta property=\"product:price:currency\" content=\"MDL\" \/>\n<meta property=\"og:availability\" content=\"instock\" \/>\n<meta property=\"product:availability\" content=\"instock\" \/>\n<meta property=\"product:retailer_item_id\" content=\"4015493340355\" \/>\n<meta property=\"product:condition\" content=\"new\" \/>\n<!-- \/ Yoast SEO plugin. -->","yoast_head_json":{"title":"\u0412\u0435\u043b\u043e\u0431\u0443\u0442\u044b\u043b\u043a\u0430 \u0434\u043b\u044f \u0432\u043e\u0434\u044b M-WAVE PBO 600-NS 0,6L - \u041c\u0430\u0433\u0430\u0437\u0438\u043d Xstyle","description":"Sticla de ap\u0103 M-WAVE PBO 600-NS 0,6L \u2013 confortabil\u0103 \u0219i fiabil\u0103 pentru cicli\u0219ti. Designul anti-alunecare \u0219i capacul de protec\u021bie ofer\u0103 comfort \u00een mi\u0219care.","robots":{"index":"index","follow":"follow","max-snippet":"max-snippet:-1","max-image-preview":"max-image-preview:large","max-video-preview":"max-video-preview:-1"},"canonical":"https:\/\/xstyle.md\/ro\/produs\/velobutylka-dlja-vody-m-wave-pbo-600-ns-0-6l\/","og_locale":"ro_RO","og_type":"article","og_title":"\u0412\u0435\u043b\u043e\u0431\u0443\u0442\u044b\u043b\u043a\u0430 \u0434\u043b\u044f \u0432\u043e\u0434\u044b M-WAVE PBO 600-NS 0,6L - \u041c\u0430\u0433\u0430\u0437\u0438\u043d Xstyle","og_description":"\u0412\u0435\u043b\u043e\u0431\u0443\u0442\u044b\u043b\u043a\u0430 M-WAVE PBO 600-NS 0,6L \u2013 \u0443\u0434\u043e\u0431\u043d\u0430\u044f \u0438 \u043d\u0430\u0434\u0435\u0436\u043d\u0430\u044f \u0434\u043b\u044f \u0432\u0435\u043b\u043e\u0441\u0438\u043f\u0435\u0434\u0438\u0441\u0442\u043e\u0432. \u0410\u043d\u0442\u0438\u0441\u043a\u043e\u043b\u044c\u0437\u044f\u0449\u0438\u0439 \u0434\u0438\u0437\u0430\u0439\u043d \u0438 \u0437\u0430\u0449\u0438\u0442\u043d\u044b\u0439 \u043a\u0430\u043f\u0430\u043a \u043e\u0431\u0435\u0441\u043f\u0435\u0447\u0438\u0432\u0430\u044e\u0442 \u043a\u043e\u043c\u0444\u043e\u0440\u0442 \u0432 \u0434\u0432\u0438\u0436\u0435\u043d\u0438\u0438.","og_url":"https:\/\/xstyle.md\/ro\/produs\/velobutylka-dlja-vody-m-wave-pbo-600-ns-0-6l\/","og_site_name":"\u041c\u0430\u0433\u0430\u0437\u0438\u043d Xstyle","article_publisher":"https:\/\/www.facebook.com\/xstylemd","article_modified_time":"2026-03-19T13:39:48+00:00","og_image":[{"width":307,"height":800,"url":"https:\/\/xstyle.md\/wp-content\/uploads\/2020\/07\/31_.jpg","type":"image\/jpeg"}],"twitter_card":"summary_large_image","twitter_misc":{"Pre\u021b":"120&nbsp;MDL","Disponibilitate":"\u00cen stoc"},"schema":{"@context":"https:\/\/schema.org","@graph":[{"@type":"WebPage","@id":"https:\/\/xstyle.md\/product\/velobutylka-dlja-vody-m-wave-pbo-600-ns-0-6l\/","url":"https:\/\/xstyle.md\/product\/velobutylka-dlja-vody-m-wave-pbo-600-ns-0-6l\/","name":"\u0412\u0435\u043b\u043e\u0431\u0443\u0442\u044b\u043b\u043a\u0430 \u0434\u043b\u044f \u0432\u043e\u0434\u044b M-WAVE PBO 600-NS 0,6L - \u041c\u0430\u0433\u0430\u0437\u0438\u043d Xstyle","isPartOf":{"@id":"https:\/\/xstyle.md\/#website"},"primaryImageOfPage":{"@id":"https:\/\/xstyle.md\/product\/velobutylka-dlja-vody-m-wave-pbo-600-ns-0-6l\/#primaryimage"},"image":{"@id":"https:\/\/xstyle.md\/product\/velobutylka-dlja-vody-m-wave-pbo-600-ns-0-6l\/#primaryimage"},"thumbnailUrl":"https:\/\/xstyle.md\/wp-content\/uploads\/2020\/07\/31_.jpg","datePublished":"2020-07-19T13:06:17+00:00","dateModified":"2026-03-19T13:39:48+00:00","description":"Sticla de ap\u0103 M-WAVE PBO 600-NS 0,6L \u2013 confortabil\u0103 \u0219i fiabil\u0103 pentru cicli\u0219ti. Designul anti-alunecare \u0219i capacul de protec\u021bie ofer\u0103 comfort \u00een mi\u0219care.","breadcrumb":{"@id":"https:\/\/xstyle.md\/product\/velobutylka-dlja-vody-m-wave-pbo-600-ns-0-6l\/#breadcrumb"},"inLanguage":"ro-RO","potentialAction":[{"@type":"ReadAction","target":["https:\/\/xstyle.md\/product\/velobutylka-dlja-vody-m-wave-pbo-600-ns-0-6l\/"]}]},{"@type":"ImageObject","inLanguage":"ro-RO","@id":"https:\/\/xstyle.md\/product\/velobutylka-dlja-vody-m-wave-pbo-600-ns-0-6l\/#primaryimage","url":"https:\/\/xstyle.md\/wp-content\/uploads\/2020\/07\/31_.jpg","contentUrl":"https:\/\/xstyle.md\/wp-content\/uploads\/2020\/07\/31_.jpg","width":307,"height":800},{"@type":"BreadcrumbList","@id":"https:\/\/xstyle.md\/product\/velobutylka-dlja-vody-m-wave-pbo-600-ns-0-6l\/#breadcrumb","itemListElement":[{"@type":"ListItem","position":1,"name":"\u0413\u043b\u0430\u0432\u043d\u0430\u044f \u0441\u0442\u0440\u0430\u043d\u0438\u0446\u0430","item":"https:\/\/xstyle.md\/"},{"@type":"ListItem","position":2,"name":"\u041c\u0430\u0433\u0430\u0437\u0438\u043d","item":"https:\/\/xstyle.md\/shop\/"},{"@type":"ListItem","position":3,"name":"\u0412\u0435\u043b\u043e\u0431\u0443\u0442\u044b\u043b\u043a\u0430 \u0434\u043b\u044f \u0432\u043e\u0434\u044b M-WAVE PBO 600-NS 0,6L"}]},{"@type":"WebSite","@id":"https:\/\/xstyle.md\/#website","url":"https:\/\/xstyle.md\/","name":"Magazinul X-Style","description":"Echipamente pentru turism \u0219i sporturi extreme \u00een Moldova. Pre\u021buri, fotografii, caracteristici \u00een Moldova.","publisher":{"@id":"https:\/\/xstyle.md\/#organization"},"alternateName":"X-Style","potentialAction":[{"@type":"SearchAction","target":{"@type":"EntryPoint","urlTemplate":"https:\/\/xstyle.md\/?s={search_term_string}"},"query-input":{"@type":"PropertyValueSpecification","valueRequired":true,"valueName":"search_term_string"}}],"inLanguage":"ro-RO"},{"@type":"Organization","@id":"https:\/\/xstyle.md\/#organization","name":"Magazinul X-Style","alternateName":"x-style","url":"https:\/\/xstyle.md\/","logo":{"@type":"ImageObject","inLanguage":"ro-RO","@id":"https:\/\/xstyle.md\/#\/schema\/logo\/image\/","url":"https:\/\/xstyle.md\/wp-content\/uploads\/2020\/06\/logoicon.svg","contentUrl":"https:\/\/xstyle.md\/wp-content\/uploads\/2020\/06\/logoicon.svg","caption":"\u041c\u0430\u0433\u0430\u0437\u0438\u043d Xstyle"},"image":{"@id":"https:\/\/xstyle.md\/#\/schema\/logo\/image\/"},"sameAs":["https:\/\/www.facebook.com\/xstylemd","https:\/\/www.instagram.com\/xstyle_md\/","https:\/\/t.me\/xstyle_outdoor"],"hasMerchantReturnPolicy":{"@type":"MerchantReturnPolicy","merchantReturnLink":"https:\/\/xstyle.md\/ro\/conditions\/"}}]},"product_price_amount":"120.00","product_price_currency":"MDL","og_availability":"instock","product_availability":"instock","product_retailer_item_id":"4015493340355","product_condition":"new"},"_links":{"self":[{"href":"https:\/\/xstyle.md\/ro\/wp-json\/wp\/v2\/product\/22872","targetHints":{"allow":["GET"]}}],"collection":[{"href":"https:\/\/xstyle.md\/ro\/wp-json\/wp\/v2\/product"}],"about":[{"href":"https:\/\/xstyle.md\/ro\/wp-json\/wp\/v2\/types\/product"}],"replies":[{"embeddable":true,"href":"https:\/\/xstyle.md\/ro\/wp-json\/wp\/v2\/comments?post=22872"}],"wp:featuredmedia":[{"embeddable":true,"href":"https:\/\/xstyle.md\/ro\/wp-json\/wp\/v2\/media\/22871"}],"wp:attachment":[{"href":"https:\/\/xstyle.md\/ro\/wp-json\/wp\/v2\/media?parent=22872"}],"wp:term":[{"taxonomy":"product_brand","embeddable":true,"href":"https:\/\/xstyle.md\/ro\/wp-json\/wp\/v2\/product_brand?post=22872"},{"taxonomy":"product_cat","embeddable":true,"href":"https:\/\/xstyle.md\/ro\/wp-json\/wp\/v2\/product_cat?post=22872"},{"taxonomy":"product_tag","embeddable":true,"href":"https:\/\/xstyle.md\/ro\/wp-json\/wp\/v2\/product_tag?post=22872"}],"curies":[{"name":"wp","href":"https:\/\/api.w.org\/{rel}","templated":true}]}}