{"id":22863,"date":"2020-07-19T16:05:51","date_gmt":"2020-07-19T13:05:51","guid":{"rendered":"https:\/\/xstyle.md\/product\/velosipednyj-zamok-m-wave-ds-12-10-s-spiral-cable-lock-green"},"modified":"2026-03-19T16:39:46","modified_gmt":"2026-03-19T13:39:46","slug":"velosipednyj-zamok-m-wave-ds-12-10-s-spiral-cable-lock-green","status":"publish","type":"product","link":"https:\/\/xstyle.md\/ro\/produs\/velosipednyj-zamok-m-wave-ds-12-10-s-spiral-cable-lock-green\/","title":{"rendered":"Lac\u0103t biciclet\u0103 M-WAVE DS 12.10 S spiral cable lock Green"},"content":{"rendered":"<p><strong>\u0412\u0435\u043b\u043e\u0441\u0438\u043f\u0435\u0434\u043d\u044b\u0439 \u0437\u0430\u043c\u043e\u043a M-WAVE DS 12.10 S spiral cable lock Green &#8212;&nbsp;<\/strong>\u0438\u0434\u0435\u0430\u043b\u044c\u043d\u043e \u043f\u043e\u0434\u0445\u043e\u0434\u0438\u0442 \u0434\u043b\u044f \u0437\u0430\u0449\u0438\u0442\u044b \u0432\u0435\u043b\u043e\u0441\u0438\u043f\u0435\u0434\u0430.&nbsp;<\/p>\n<p><span>\u0418\u0441\u043f\u043e\u043b\u044c\u0437\u043e\u0432\u0430\u043d\u0438\u0435 \u0442\u0440\u043e\u0441\u0430 \u0441 \u043a\u043e\u0434\u043e\u0432\u044b\u043c \u0437\u0430\u043c\u043a\u043e\u043c&nbsp; &ndash; \u0441\u043f\u043e\u0441\u043e\u0431 \u0441\u043e\u0445\u0440\u0430\u043d\u0438\u0442\u044c \u0441\u0432\u043e\u0439 \u0432\u0435\u043b\u043e\u0441\u0438\u043f\u0435\u0434, \u0435\u0441\u043b\u0438 \u043f\u0435\u0440\u0438\u043e\u0434\u0438\u0447\u0435\u0441\u043a\u0438 \u0435\u0433\u043e \u043f\u0440\u0438\u0445\u043e\u0434\u0438\u0442\u0441\u044f \u0433\u0434\u0435-\u0442\u043e \u043e\u0441\u0442\u0430\u0432\u043b\u044f\u0442\u044c. \u041a \u0441\u043e\u0436\u0430\u043b\u0435\u043d\u0438\u044e, \u0441\u0443\u0449\u0435\u0441\u0442\u0432\u0443\u044e\u0442 \u043b\u044e\u0434\u0438, \u0434\u043b\u044f \u043a\u043e\u0442\u043e\u0440\u044b\u0445 \u0432\u043e\u0440\u043e\u0432\u0441\u0442\u0432\u043e \u044f\u0432\u043b\u044f\u0435\u0442\u0441\u044f \u043d\u043e\u0440\u043c\u043e\u0439 \u0436\u0438\u0437\u043d\u0438. \u041d\u0435 \u043f\u043e\u0441\u0442\u044b\u0434\u044f\u0442\u0441\u044f \u043e\u043d\u0438 \u0441\u0442\u0430\u0449\u0438\u0442\u044c \u0438 \u0432\u0430\u0448 \u0432\u0435\u043b\u043e\u0441\u0438\u043f\u0435\u0434 \u043f\u0440\u0438 \u043f\u043e\u043b\u0443\u0447\u0435\u043d\u0438\u0438 \u0442\u0430\u043a\u043e\u0439 \u0432\u043e\u0437\u043c\u043e\u0436\u043d\u043e\u0441\u0442\u0438. \u041f\u043e\u044d\u0442\u043e\u043c\u0443 \u043e\u0442\u043d\u0435\u0441\u0438\u0442\u0435\u0441\u044c \u0432\u043d\u0438\u043c\u0430\u0442\u0435\u043b\u044c\u043d\u043e \u043a \u0432\u044b\u0431\u043e\u0440\u0443 \u0441\u0440\u0435\u0434\u0441\u0442\u0432\u0430 \u0437\u0430\u0449\u0438\u0442\u044b \u0432\u0430\u0448\u0435\u0433\u043e \u0442\u0440\u0430\u043d\u0441\u043f\u043e\u0440\u0442\u043d\u043e\u0433\u043e \u0441\u0440\u0435\u0434\u0441\u0442\u0432\u0430, \u0447\u0442\u043e\u0431\u044b \u043d\u0438 \u0443 \u043a\u043e\u0433\u043e \u0434\u0430\u0436\u0435 \u043c\u044b\u0441\u043b\u0438 \u043d\u0435 \u0432\u043e\u0437\u043d\u0438\u043a\u043b\u043e \u0435\u0433\u043e \u0443\u0433\u043d\u0430\u0442\u044c.<\/span><\/p>\n<p><span>\u0422\u0440\u043e\u0441 \u0441 \u043a\u043e\u0434\u043e\u0432\u044b\u043c \u0437\u0430\u043c\u043a\u043e\u043c &#8212;<strong>&nbsp;<\/strong>\u044f\u0432\u043b\u044f\u0435\u0442\u0441\u044f \u0441\u0430\u043c\u044b\u043c \u0440\u0430\u0441\u043f\u0440\u043e\u0441\u0442\u0440\u0430\u043d\u0451\u043d\u043d\u044b\u043c \u0441\u043f\u043e\u0441\u043e\u0431\u043e\u043c \u0437\u0430\u0449\u0438\u0442\u044b, \u0431\u043b\u0430\u0433\u043e\u0434\u0430\u0440\u044f \u043d\u0435\u0432\u044b\u0441\u043e\u043a\u043e\u0439 \u0441\u0442\u043e\u0438\u043c\u043e\u0441\u0442\u0438, \u043c\u0430\u043b\u044b\u043c \u0433\u0430\u0431\u0430\u0440\u0438\u0442\u0430\u043c, \u043d\u0438\u0437\u043a\u043e\u043c\u0443 \u0432\u0435\u0441\u0443. \u0421 \u0435\u0433\u043e \u043f\u043e\u043c\u043e\u0449\u044c\u044e \u043b\u0435\u0433\u043a\u043e \u043f\u0440\u0438\u043a\u0440\u0435\u043f\u0438\u0442\u044c \u0432\u0435\u043b\u043e\u0441\u0438\u043f\u0435\u0434 \u043a&nbsp; \u0441\u0442\u043e\u043b\u0431\u0443, \u0434\u0435\u0440\u0435\u0432\u0443. \u0422\u0430\u043a\u0438\u0435 \u0437\u0430\u043c\u043a\u0438 \u043e\u0442\u043b\u0438\u0447\u0430\u044e\u0442\u0441\u044f \u0434\u0440\u0443\u0433 \u043e\u0442 \u0434\u0440\u0443\u0433\u0430 \u0434\u043b\u0438\u043d\u043e\u0439, \u0442\u043e\u043b\u0449\u0438\u043d\u043e\u0439 \u0438 \u043a\u043e\u043b\u043b\u0438\u0447\u0435\u0441\u0442\u0432\u043e\u043c \u043a\u043e\u043c\u0431\u0438\u043d\u0430\u0446\u0438\u0439 \u0438\u0437 \u0446\u0438\u0444\u0440.<\/span><\/p>\n<h3><span>Caracteristici<\/span><\/h3>\n<ul>\n<li><span>\u0414\u0438\u0430\u043c\u0435\u0442\u0440: 12 \u043c\u043c.<\/span><\/li>\n<li><span>\u0414\u043b\u0438\u043d\u0430: 1,0 \u043c\u0435\u0442\u0440\u043e\u0432.<\/span><\/li>\n<li><span>\u041a\u043e\u0434 \u0431\u043b\u043e\u043a\u0438\u0440\u043e\u0432\u043a\u0438: 4-\u0437\u043d\u0430\u0447\u043d\u044b\u0439.<\/span><\/li>\n<li><span>\u0426\u0432\u0435\u0442: \u0437\u0435\u043b\u0435\u043d\u044b\u0439.<\/span><\/li>\n<li>\u0423\u043f\u0430\u043a\u043e\u0432\u043a\u0430: \u043a\u0430\u0440\u0442\u043e\u043d\u043d\u0430\u044f.<\/li>\n<\/ul>","protected":false},"excerpt":{"rendered":"<p>Lac\u0103t biciclet\u0103 M-WAVE DS 12.10 S spiral cable lock Green<\/p>","protected":false},"featured_media":22862,"comment_status":"open","ping_status":"closed","template":"","meta":{"_acf_changed":false,"inline_featured_image":false},"product_brand":[1372],"product_cat":[537],"product_tag":[],"class_list":{"0":"post-22863","1":"product","2":"type-product","3":"status-publish","4":"has-post-thumbnail","6":"product_brand-messingschlager","7":"product_cat-bicycle-locks","9":"first","10":"instock","11":"shipping-taxable","12":"purchasable","13":"product-type-simple"},"acf":[],"yoast_head":"<!-- This site is optimized with the Yoast SEO plugin v27.2 - https:\/\/yoast.com\/product\/yoast-seo-wordpress\/ -->\n<title>\u0412\u0435\u043b\u043e\u0441\u0438\u043f\u0435\u0434\u043d\u044b\u0439 \u0437\u0430\u043c\u043e\u043a M-WAVE DS 12.10 S spiral cable lock Green - \u041c\u0430\u0433\u0430\u0437\u0438\u043d Xstyle<\/title>\n<meta name=\"description\" content=\"\u041a\u0443\u043f\u0438\u0442\u0435 \u0432\u0435\u043b\u043e\u0441\u0438\u043f\u0435\u0434\u043d\u044b\u0439 \u0437\u0430\u043c\u043e\u043a M-WAVE DS 12.10 S \u0432 \u0437\u0435\u043b\u0435\u043d\u043e\u043c \u0446\u0432\u0435\u0442\u0435! \u041d\u0430\u0434\u0435\u0436\u043d\u0430\u044f \u0441\u043f\u0438\u0440\u0430\u043b\u044c\u043d\u0430\u044f \u0437\u0430\u0449\u0438\u0442\u0430 \u0434\u043b\u044f \u0432\u0430\u0448\u0435\u0433\u043e \u0432\u0435\u043b\u043e\u0441\u0438\u043f\u0435\u0434\u0430. \u0417\u0430\u0449\u0438\u0442\u0438\u0442\u0435 \u0441\u0432\u043e\u0439 \u0442\u0440\u0430\u043d\u0441\u043f\u043e\u0440\u0442 \u0443\u0436\u0435 \u0441\u0435\u0433\u043e\u0434\u043d\u044f!\" \/>\n<meta name=\"robots\" content=\"index, follow, max-snippet:-1, max-image-preview:large, max-video-preview:-1\" \/>\n<link rel=\"canonical\" href=\"https:\/\/xstyle.md\/ro\/produs\/velosipednyj-zamok-m-wave-ds-12-10-s-spiral-cable-lock-green\/\" \/>\n<meta property=\"og:locale\" content=\"ro_RO\" \/>\n<meta property=\"og:type\" content=\"article\" \/>\n<meta property=\"og:title\" content=\"\u0412\u0435\u043b\u043e\u0441\u0438\u043f\u0435\u0434\u043d\u044b\u0439 \u0437\u0430\u043c\u043e\u043a M-WAVE DS 12.10 S spiral cable lock Green - \u041c\u0430\u0433\u0430\u0437\u0438\u043d Xstyle\" \/>\n<meta property=\"og:description\" content=\"\u041a\u0443\u043f\u0438\u0442\u0435 \u0432\u0435\u043b\u043e\u0441\u0438\u043f\u0435\u0434\u043d\u044b\u0439 \u0437\u0430\u043c\u043e\u043a M-WAVE DS 12.10 S \u0432 \u0437\u0435\u043b\u0435\u043d\u043e\u043c \u0446\u0432\u0435\u0442\u0435! \u041d\u0430\u0434\u0435\u0436\u043d\u0430\u044f \u0441\u043f\u0438\u0440\u0430\u043b\u044c\u043d\u0430\u044f \u0437\u0430\u0449\u0438\u0442\u0430 \u0434\u043b\u044f \u0432\u0430\u0448\u0435\u0433\u043e \u0432\u0435\u043b\u043e\u0441\u0438\u043f\u0435\u0434\u0430. \u0417\u0430\u0449\u0438\u0442\u0438\u0442\u0435 \u0441\u0432\u043e\u0439 \u0442\u0440\u0430\u043d\u0441\u043f\u043e\u0440\u0442 \u0443\u0436\u0435 \u0441\u0435\u0433\u043e\u0434\u043d\u044f!\" \/>\n<meta property=\"og:url\" content=\"https:\/\/xstyle.md\/ro\/produs\/velosipednyj-zamok-m-wave-ds-12-10-s-spiral-cable-lock-green\/\" \/>\n<meta property=\"og:site_name\" content=\"\u041c\u0430\u0433\u0430\u0437\u0438\u043d Xstyle\" \/>\n<meta property=\"article:publisher\" content=\"https:\/\/www.facebook.com\/xstylemd\" \/>\n<meta property=\"article:modified_time\" content=\"2026-03-19T13:39:46+00:00\" \/>\n<meta property=\"og:image\" content=\"https:\/\/xstyle.md\/wp-content\/uploads\/2020\/07\/28_01.jpg\" \/>\n\t<meta property=\"og:image:width\" content=\"398\" \/>\n\t<meta property=\"og:image:height\" content=\"425\" \/>\n\t<meta property=\"og:image:type\" content=\"image\/jpeg\" \/>\n<meta name=\"twitter:card\" content=\"summary_large_image\" \/>\n<meta name=\"twitter:label1\" content=\"Pre\u021b\" \/>\n\t<meta name=\"twitter:data1\" content=\"235&nbsp;MDL\" \/>\n\t<meta name=\"twitter:label2\" content=\"Disponibilitate\" \/>\n\t<meta name=\"twitter:data2\" content=\"\u00cen stoc\" \/>\n<script type=\"application\/ld+json\" class=\"yoast-schema-graph\">{\"@context\":\"https:\/\/schema.org\",\"@graph\":[{\"@type\":\"WebPage\",\"@id\":\"https:\/\/xstyle.md\/product\/velosipednyj-zamok-m-wave-ds-12-10-s-spiral-cable-lock-green\/\",\"url\":\"https:\/\/xstyle.md\/product\/velosipednyj-zamok-m-wave-ds-12-10-s-spiral-cable-lock-green\/\",\"name\":\"\u0412\u0435\u043b\u043e\u0441\u0438\u043f\u0435\u0434\u043d\u044b\u0439 \u0437\u0430\u043c\u043e\u043a M-WAVE DS 12.10 S spiral cable lock Green - \u041c\u0430\u0433\u0430\u0437\u0438\u043d Xstyle\",\"isPartOf\":{\"@id\":\"https:\/\/xstyle.md\/#website\"},\"primaryImageOfPage\":{\"@id\":\"https:\/\/xstyle.md\/product\/velosipednyj-zamok-m-wave-ds-12-10-s-spiral-cable-lock-green\/#primaryimage\"},\"image\":{\"@id\":\"https:\/\/xstyle.md\/product\/velosipednyj-zamok-m-wave-ds-12-10-s-spiral-cable-lock-green\/#primaryimage\"},\"thumbnailUrl\":\"https:\/\/xstyle.md\/wp-content\/uploads\/2020\/07\/28_01.jpg\",\"datePublished\":\"2020-07-19T13:05:51+00:00\",\"dateModified\":\"2026-03-19T13:39:46+00:00\",\"description\":\"\u041a\u0443\u043f\u0438\u0442\u0435 \u0432\u0435\u043b\u043e\u0441\u0438\u043f\u0435\u0434\u043d\u044b\u0439 \u0437\u0430\u043c\u043e\u043a M-WAVE DS 12.10 S \u0432 \u0437\u0435\u043b\u0435\u043d\u043e\u043c \u0446\u0432\u0435\u0442\u0435! \u041d\u0430\u0434\u0435\u0436\u043d\u0430\u044f \u0441\u043f\u0438\u0440\u0430\u043b\u044c\u043d\u0430\u044f \u0437\u0430\u0449\u0438\u0442\u0430 \u0434\u043b\u044f \u0432\u0430\u0448\u0435\u0433\u043e \u0432\u0435\u043b\u043e\u0441\u0438\u043f\u0435\u0434\u0430. \u0417\u0430\u0449\u0438\u0442\u0438\u0442\u0435 \u0441\u0432\u043e\u0439 \u0442\u0440\u0430\u043d\u0441\u043f\u043e\u0440\u0442 \u0443\u0436\u0435 \u0441\u0435\u0433\u043e\u0434\u043d\u044f!\",\"breadcrumb\":{\"@id\":\"https:\/\/xstyle.md\/product\/velosipednyj-zamok-m-wave-ds-12-10-s-spiral-cable-lock-green\/#breadcrumb\"},\"inLanguage\":\"ro-RO\",\"potentialAction\":[{\"@type\":\"ReadAction\",\"target\":[\"https:\/\/xstyle.md\/product\/velosipednyj-zamok-m-wave-ds-12-10-s-spiral-cable-lock-green\/\"]}]},{\"@type\":\"ImageObject\",\"inLanguage\":\"ro-RO\",\"@id\":\"https:\/\/xstyle.md\/product\/velosipednyj-zamok-m-wave-ds-12-10-s-spiral-cable-lock-green\/#primaryimage\",\"url\":\"https:\/\/xstyle.md\/wp-content\/uploads\/2020\/07\/28_01.jpg\",\"contentUrl\":\"https:\/\/xstyle.md\/wp-content\/uploads\/2020\/07\/28_01.jpg\",\"width\":398,\"height\":425},{\"@type\":\"BreadcrumbList\",\"@id\":\"https:\/\/xstyle.md\/product\/velosipednyj-zamok-m-wave-ds-12-10-s-spiral-cable-lock-green\/#breadcrumb\",\"itemListElement\":[{\"@type\":\"ListItem\",\"position\":1,\"name\":\"\u0413\u043b\u0430\u0432\u043d\u0430\u044f \u0441\u0442\u0440\u0430\u043d\u0438\u0446\u0430\",\"item\":\"https:\/\/xstyle.md\/\"},{\"@type\":\"ListItem\",\"position\":2,\"name\":\"\u041c\u0430\u0433\u0430\u0437\u0438\u043d\",\"item\":\"https:\/\/xstyle.md\/shop\/\"},{\"@type\":\"ListItem\",\"position\":3,\"name\":\"\u0412\u0435\u043b\u043e\u0441\u0438\u043f\u0435\u0434\u043d\u044b\u0439 \u0437\u0430\u043c\u043e\u043a M-WAVE DS 12.10 S spiral cable lock Green\"}]},{\"@type\":\"WebSite\",\"@id\":\"https:\/\/xstyle.md\/#website\",\"url\":\"https:\/\/xstyle.md\/\",\"name\":\"\u041c\u0430\u0433\u0430\u0437\u0438\u043d Xstyle\",\"description\":\"C\u043d\u0430\u0440\u044f\u0436\u0435\u043d\u0438\u0435 \u0434\u043b\u044f \u0442\u0443\u0440\u0438\u0437\u043c\u0430 \u0438 \u044d\u043a\u0441\u0442\u0440\u0435\u043c\u0430\u043b\u044c\u043d\u044b\u0445 \u0432\u0438\u0434\u043e\u0432 \u0441\u043f\u043e\u0440\u0442\u0430 \u0432 \u041c\u043e\u043b\u0434\u043e\u0432\u0435.. \u0426\u0435\u043d\u044b, \u0444\u043e\u0442\u043e, \u0445\u0430\u0440\u0430\u043a\u0442\u0435\u0440\u0438\u0441\u0442\u0438\u043a\u0438 \u0432 \u041c\u043e\u043b\u0434\u043e\u0432\u0435.\",\"publisher\":{\"@id\":\"https:\/\/xstyle.md\/#organization\"},\"alternateName\":\"X-Style\",\"potentialAction\":[{\"@type\":\"SearchAction\",\"target\":{\"@type\":\"EntryPoint\",\"urlTemplate\":\"https:\/\/xstyle.md\/?s={search_term_string}\"},\"query-input\":{\"@type\":\"PropertyValueSpecification\",\"valueRequired\":true,\"valueName\":\"search_term_string\"}}],\"inLanguage\":\"ro-RO\"},{\"@type\":\"Organization\",\"@id\":\"https:\/\/xstyle.md\/#organization\",\"name\":\"\u041c\u0430\u0433\u0430\u0437\u0438\u043d Xstyle\",\"alternateName\":\"x-style\",\"url\":\"https:\/\/xstyle.md\/\",\"logo\":{\"@type\":\"ImageObject\",\"inLanguage\":\"ro-RO\",\"@id\":\"https:\/\/xstyle.md\/#\/schema\/logo\/image\/\",\"url\":\"https:\/\/xstyle.md\/wp-content\/uploads\/2020\/06\/logoicon.svg\",\"contentUrl\":\"https:\/\/xstyle.md\/wp-content\/uploads\/2020\/06\/logoicon.svg\",\"caption\":\"\u041c\u0430\u0433\u0430\u0437\u0438\u043d Xstyle\"},\"image\":{\"@id\":\"https:\/\/xstyle.md\/#\/schema\/logo\/image\/\"},\"sameAs\":[\"https:\/\/www.facebook.com\/xstylemd\",\"https:\/\/www.instagram.com\/xstyle_md\/\",\"https:\/\/t.me\/xstyle_outdoor\"],\"hasMerchantReturnPolicy\":{\"@type\":\"MerchantReturnPolicy\",\"merchantReturnLink\":\"https:\/\/xstyle.md\/ro\/conditions\/\"}}]}<\/script>\n<meta property=\"product:price:amount\" content=\"235.00\" \/>\n<meta property=\"product:price:currency\" content=\"MDL\" \/>\n<meta property=\"og:availability\" content=\"instock\" \/>\n<meta property=\"product:availability\" content=\"instock\" \/>\n<meta property=\"product:retailer_item_id\" content=\"887539010287\" \/>\n<meta property=\"product:condition\" content=\"new\" \/>\n<!-- \/ Yoast SEO plugin. -->","yoast_head_json":{"title":"\u0412\u0435\u043b\u043e\u0441\u0438\u043f\u0435\u0434\u043d\u044b\u0439 \u0437\u0430\u043c\u043e\u043a M-WAVE DS 12.10 S spiral cable lock Green - \u041c\u0430\u0433\u0430\u0437\u0438\u043d Xstyle","description":"Cump\u0103ra\u021bi lac\u0103t pentru biciclet\u0103 M-WAVE DS 12.10 S de culoare verde! O protec\u021bie spiralat\u0103 fiabil\u0103 pentru bicicleta dumneavoastr\u0103. Proteja\u021bi-v\u0103 vehiculul chiar ast\u0103zi!","robots":{"index":"index","follow":"follow","max-snippet":"max-snippet:-1","max-image-preview":"max-image-preview:large","max-video-preview":"max-video-preview:-1"},"canonical":"https:\/\/xstyle.md\/ro\/produs\/velosipednyj-zamok-m-wave-ds-12-10-s-spiral-cable-lock-green\/","og_locale":"ro_RO","og_type":"article","og_title":"\u0412\u0435\u043b\u043e\u0441\u0438\u043f\u0435\u0434\u043d\u044b\u0439 \u0437\u0430\u043c\u043e\u043a M-WAVE DS 12.10 S spiral cable lock Green - \u041c\u0430\u0433\u0430\u0437\u0438\u043d Xstyle","og_description":"\u041a\u0443\u043f\u0438\u0442\u0435 \u0432\u0435\u043b\u043e\u0441\u0438\u043f\u0435\u0434\u043d\u044b\u0439 \u0437\u0430\u043c\u043e\u043a M-WAVE DS 12.10 S \u0432 \u0437\u0435\u043b\u0435\u043d\u043e\u043c \u0446\u0432\u0435\u0442\u0435! \u041d\u0430\u0434\u0435\u0436\u043d\u0430\u044f \u0441\u043f\u0438\u0440\u0430\u043b\u044c\u043d\u0430\u044f \u0437\u0430\u0449\u0438\u0442\u0430 \u0434\u043b\u044f \u0432\u0430\u0448\u0435\u0433\u043e \u0432\u0435\u043b\u043e\u0441\u0438\u043f\u0435\u0434\u0430. \u0417\u0430\u0449\u0438\u0442\u0438\u0442\u0435 \u0441\u0432\u043e\u0439 \u0442\u0440\u0430\u043d\u0441\u043f\u043e\u0440\u0442 \u0443\u0436\u0435 \u0441\u0435\u0433\u043e\u0434\u043d\u044f!","og_url":"https:\/\/xstyle.md\/ro\/produs\/velosipednyj-zamok-m-wave-ds-12-10-s-spiral-cable-lock-green\/","og_site_name":"\u041c\u0430\u0433\u0430\u0437\u0438\u043d Xstyle","article_publisher":"https:\/\/www.facebook.com\/xstylemd","article_modified_time":"2026-03-19T13:39:46+00:00","og_image":[{"width":398,"height":425,"url":"https:\/\/xstyle.md\/wp-content\/uploads\/2020\/07\/28_01.jpg","type":"image\/jpeg"}],"twitter_card":"summary_large_image","twitter_misc":{"Pre\u021b":"235&nbsp;MDL","Disponibilitate":"\u00cen stoc"},"schema":{"@context":"https:\/\/schema.org","@graph":[{"@type":"WebPage","@id":"https:\/\/xstyle.md\/product\/velosipednyj-zamok-m-wave-ds-12-10-s-spiral-cable-lock-green\/","url":"https:\/\/xstyle.md\/product\/velosipednyj-zamok-m-wave-ds-12-10-s-spiral-cable-lock-green\/","name":"\u0412\u0435\u043b\u043e\u0441\u0438\u043f\u0435\u0434\u043d\u044b\u0439 \u0437\u0430\u043c\u043e\u043a M-WAVE DS 12.10 S spiral cable lock Green - \u041c\u0430\u0433\u0430\u0437\u0438\u043d Xstyle","isPartOf":{"@id":"https:\/\/xstyle.md\/#website"},"primaryImageOfPage":{"@id":"https:\/\/xstyle.md\/product\/velosipednyj-zamok-m-wave-ds-12-10-s-spiral-cable-lock-green\/#primaryimage"},"image":{"@id":"https:\/\/xstyle.md\/product\/velosipednyj-zamok-m-wave-ds-12-10-s-spiral-cable-lock-green\/#primaryimage"},"thumbnailUrl":"https:\/\/xstyle.md\/wp-content\/uploads\/2020\/07\/28_01.jpg","datePublished":"2020-07-19T13:05:51+00:00","dateModified":"2026-03-19T13:39:46+00:00","description":"Cump\u0103ra\u021bi lac\u0103t pentru biciclet\u0103 M-WAVE DS 12.10 S de culoare verde! O protec\u021bie spiralat\u0103 fiabil\u0103 pentru bicicleta dumneavoastr\u0103. Proteja\u021bi-v\u0103 vehiculul chiar ast\u0103zi!","breadcrumb":{"@id":"https:\/\/xstyle.md\/product\/velosipednyj-zamok-m-wave-ds-12-10-s-spiral-cable-lock-green\/#breadcrumb"},"inLanguage":"ro-RO","potentialAction":[{"@type":"ReadAction","target":["https:\/\/xstyle.md\/product\/velosipednyj-zamok-m-wave-ds-12-10-s-spiral-cable-lock-green\/"]}]},{"@type":"ImageObject","inLanguage":"ro-RO","@id":"https:\/\/xstyle.md\/product\/velosipednyj-zamok-m-wave-ds-12-10-s-spiral-cable-lock-green\/#primaryimage","url":"https:\/\/xstyle.md\/wp-content\/uploads\/2020\/07\/28_01.jpg","contentUrl":"https:\/\/xstyle.md\/wp-content\/uploads\/2020\/07\/28_01.jpg","width":398,"height":425},{"@type":"BreadcrumbList","@id":"https:\/\/xstyle.md\/product\/velosipednyj-zamok-m-wave-ds-12-10-s-spiral-cable-lock-green\/#breadcrumb","itemListElement":[{"@type":"ListItem","position":1,"name":"\u0413\u043b\u0430\u0432\u043d\u0430\u044f \u0441\u0442\u0440\u0430\u043d\u0438\u0446\u0430","item":"https:\/\/xstyle.md\/"},{"@type":"ListItem","position":2,"name":"\u041c\u0430\u0433\u0430\u0437\u0438\u043d","item":"https:\/\/xstyle.md\/shop\/"},{"@type":"ListItem","position":3,"name":"\u0412\u0435\u043b\u043e\u0441\u0438\u043f\u0435\u0434\u043d\u044b\u0439 \u0437\u0430\u043c\u043e\u043a M-WAVE DS 12.10 S spiral cable lock Green"}]},{"@type":"WebSite","@id":"https:\/\/xstyle.md\/#website","url":"https:\/\/xstyle.md\/","name":"Magazinul X-Style","description":"Echipamente pentru turism \u0219i sporturi extreme \u00een Moldova. Pre\u021buri, fotografii, caracteristici \u00een Moldova.","publisher":{"@id":"https:\/\/xstyle.md\/#organization"},"alternateName":"X-Style","potentialAction":[{"@type":"SearchAction","target":{"@type":"EntryPoint","urlTemplate":"https:\/\/xstyle.md\/?s={search_term_string}"},"query-input":{"@type":"PropertyValueSpecification","valueRequired":true,"valueName":"search_term_string"}}],"inLanguage":"ro-RO"},{"@type":"Organization","@id":"https:\/\/xstyle.md\/#organization","name":"Magazinul X-Style","alternateName":"x-style","url":"https:\/\/xstyle.md\/","logo":{"@type":"ImageObject","inLanguage":"ro-RO","@id":"https:\/\/xstyle.md\/#\/schema\/logo\/image\/","url":"https:\/\/xstyle.md\/wp-content\/uploads\/2020\/06\/logoicon.svg","contentUrl":"https:\/\/xstyle.md\/wp-content\/uploads\/2020\/06\/logoicon.svg","caption":"\u041c\u0430\u0433\u0430\u0437\u0438\u043d Xstyle"},"image":{"@id":"https:\/\/xstyle.md\/#\/schema\/logo\/image\/"},"sameAs":["https:\/\/www.facebook.com\/xstylemd","https:\/\/www.instagram.com\/xstyle_md\/","https:\/\/t.me\/xstyle_outdoor"],"hasMerchantReturnPolicy":{"@type":"MerchantReturnPolicy","merchantReturnLink":"https:\/\/xstyle.md\/ro\/conditions\/"}}]},"product_price_amount":"235.00","product_price_currency":"MDL","og_availability":"instock","product_availability":"instock","product_retailer_item_id":"887539010287","product_condition":"new"},"post_mailing_queue_ids":[],"_links":{"self":[{"href":"https:\/\/xstyle.md\/ro\/wp-json\/wp\/v2\/product\/22863","targetHints":{"allow":["GET"]}}],"collection":[{"href":"https:\/\/xstyle.md\/ro\/wp-json\/wp\/v2\/product"}],"about":[{"href":"https:\/\/xstyle.md\/ro\/wp-json\/wp\/v2\/types\/product"}],"replies":[{"embeddable":true,"href":"https:\/\/xstyle.md\/ro\/wp-json\/wp\/v2\/comments?post=22863"}],"wp:featuredmedia":[{"embeddable":true,"href":"https:\/\/xstyle.md\/ro\/wp-json\/wp\/v2\/media\/22862"}],"wp:attachment":[{"href":"https:\/\/xstyle.md\/ro\/wp-json\/wp\/v2\/media?parent=22863"}],"wp:term":[{"taxonomy":"product_brand","embeddable":true,"href":"https:\/\/xstyle.md\/ro\/wp-json\/wp\/v2\/product_brand?post=22863"},{"taxonomy":"product_cat","embeddable":true,"href":"https:\/\/xstyle.md\/ro\/wp-json\/wp\/v2\/product_cat?post=22863"},{"taxonomy":"product_tag","embeddable":true,"href":"https:\/\/xstyle.md\/ro\/wp-json\/wp\/v2\/product_tag?post=22863"}],"curies":[{"name":"wp","href":"https:\/\/api.w.org\/{rel}","templated":true}]}}