{"id":22861,"date":"2020-07-19T16:05:48","date_gmt":"2020-07-19T13:05:48","guid":{"rendered":"https:\/\/xstyle.md\/?post_type=product&#038;p=22861"},"modified":"2026-03-19T16:39:45","modified_gmt":"2026-03-19T13:39:45","slug":"velosipednyj-zamok-m-wave-d-12-6-cable-lock","status":"publish","type":"product","link":"https:\/\/xstyle.md\/ro\/produs\/velosipednyj-zamok-m-wave-d-12-6-cable-lock\/","title":{"rendered":"Lac\u0103t biciclet\u0103 M-WAVE D 12.6 cable lock"},"content":{"rendered":"<\/p>\n<p><strong>Lac\u0103t de biciclet\u0103 M-WAVE D 12.6 cable lock<\/strong> &#8212; ideal pentru a v\u0103 proteja bicicleta.<\/p>\n<p>Utilizarea unui cablu cu un sistem de blocare cu cod este o modalitate de a v\u0103 p\u0103stra bicicleta \u00een siguran\u021b\u0103 dac\u0103 trebuie s\u0103 o l\u0103sa\u021bi undeva din c\u00e2nd \u00een c\u00e2nd. Din nefericire, exist\u0103 persoane care fur\u0103 bicicletele \u00een mod obi\u0219nuit. Nu le va fi ru\u0219ine s\u0103 v\u0103 fure bicicleta dac\u0103 vor avea ocazia. A\u0219adar, fi\u021bi aten\u021bi atunci c\u00e2nd alege\u021bi un mijloc de a v\u0103 proteja vehiculul, astfel \u00eenc\u00e2t nimeni s\u0103 nu se g\u00e2ndeasc\u0103 m\u0103car s\u0103 o fure.<\/p>\n<p>Un cablu cu \u00eencuietoare cu cod este cea mai comun\u0103 metod\u0103 de protec\u021bie datorit\u0103 costului redus, dimensiunilor mici \u0219i greut\u0103\u021bii reduse. Cu ajutorul acestuia este u\u0219or s\u0103 ata\u0219a\u021bi bicicleta de un st\u00e2lp, copac. Aceste \u00eencuietori difer\u0103 \u00een func\u021bie de lungime, grosime \u0219i num\u0103rul de combina\u021bii de numere.<\/p>\n<h3>Caracteristici<\/h3>\n<ul>\n<li>Diametru: 12 mm.<\/li>\n<li>Lungime: 0,6 metri.<\/li>\n<li>Cod de \u00eenchidere: 4 cifre.<\/li>\n<li>Culoare: negru.<\/li>\n<li>Ambalaj: carton.<\/li>\n<\/ul>\n<p><\/p>","protected":false},"excerpt":{"rendered":"<p>Lac\u0103t biciclet\u0103 M-WAVE D 12.6 cable lock<\/p>","protected":false},"featured_media":22857,"comment_status":"open","ping_status":"closed","template":"","meta":{"_acf_changed":false,"inline_featured_image":false},"product_brand":[1372],"product_cat":[537],"product_tag":[],"class_list":{"0":"post-22861","1":"product","2":"type-product","3":"status-publish","4":"has-post-thumbnail","6":"product_brand-messingschlager","7":"product_cat-bicycle-locks","9":"first","10":"instock","11":"shipping-taxable","12":"purchasable","13":"product-type-simple"},"acf":[],"yoast_head":"<!-- This site is optimized with the Yoast SEO plugin v27.2 - https:\/\/yoast.com\/product\/yoast-seo-wordpress\/ -->\n<title>\u0412\u0435\u043b\u043e\u0441\u0438\u043f\u0435\u0434\u043d\u044b\u0439 \u0437\u0430\u043c\u043e\u043a M-WAVE D 12.6 cable lock - \u041c\u0430\u0433\u0430\u0437\u0438\u043d Xstyle<\/title>\n<meta name=\"description\" content=\"\u0417\u0430\u043c\u043e\u043a \u0434\u043b\u044f \u0432\u0435\u043b\u043e\u0441\u0438\u043f\u0435\u0434\u0430 M-WAVE D 12.6 \u043e\u0431\u0435\u0441\u043f\u0435\u0447\u0438\u0432\u0430\u0435\u0442 \u043d\u0430\u0434\u0435\u0436\u043d\u0443\u044e \u0437\u0430\u0449\u0438\u0442\u0443 \u0432\u0430\u0448\u0435\u0439 \u0432\u0435\u043b\u043e\u0442\u0435\u0445\u043d\u0438\u043a\u0438 \u0431\u043b\u0430\u0433\u043e\u0434\u0430\u0440\u044f \u043f\u0440\u043e\u0447\u043d\u043e\u043c\u0443 \u043a\u0430\u0431\u0435\u043b\u044e \u0438 \u043d\u0430\u0434\u0435\u0436\u043d\u043e\u0439 \u043a\u043e\u0434\u043e\u0432\u043e\u0439 \u0431\u043b\u043e\u043a\u0438\u0440\u043e\u0432\u043a\u0435.\" \/>\n<meta name=\"robots\" content=\"index, follow, max-snippet:-1, max-image-preview:large, max-video-preview:-1\" \/>\n<link rel=\"canonical\" href=\"https:\/\/xstyle.md\/ro\/produs\/velosipednyj-zamok-m-wave-d-12-6-cable-lock\/\" \/>\n<meta property=\"og:locale\" content=\"ro_RO\" \/>\n<meta property=\"og:type\" content=\"article\" \/>\n<meta property=\"og:title\" content=\"\u0412\u0435\u043b\u043e\u0441\u0438\u043f\u0435\u0434\u043d\u044b\u0439 \u0437\u0430\u043c\u043e\u043a M-WAVE D 12.6 cable lock - \u041c\u0430\u0433\u0430\u0437\u0438\u043d Xstyle\" \/>\n<meta property=\"og:description\" content=\"\u0417\u0430\u043c\u043e\u043a \u0434\u043b\u044f \u0432\u0435\u043b\u043e\u0441\u0438\u043f\u0435\u0434\u0430 M-WAVE D 12.6 \u043e\u0431\u0435\u0441\u043f\u0435\u0447\u0438\u0432\u0430\u0435\u0442 \u043d\u0430\u0434\u0435\u0436\u043d\u0443\u044e \u0437\u0430\u0449\u0438\u0442\u0443 \u0432\u0430\u0448\u0435\u0439 \u0432\u0435\u043b\u043e\u0442\u0435\u0445\u043d\u0438\u043a\u0438 \u0431\u043b\u0430\u0433\u043e\u0434\u0430\u0440\u044f \u043f\u0440\u043e\u0447\u043d\u043e\u043c\u0443 \u043a\u0430\u0431\u0435\u043b\u044e \u0438 \u043d\u0430\u0434\u0435\u0436\u043d\u043e\u0439 \u043a\u043e\u0434\u043e\u0432\u043e\u0439 \u0431\u043b\u043e\u043a\u0438\u0440\u043e\u0432\u043a\u0435.\" \/>\n<meta property=\"og:url\" content=\"https:\/\/xstyle.md\/ro\/produs\/velosipednyj-zamok-m-wave-d-12-6-cable-lock\/\" \/>\n<meta property=\"og:site_name\" content=\"\u041c\u0430\u0433\u0430\u0437\u0438\u043d Xstyle\" \/>\n<meta property=\"article:publisher\" content=\"https:\/\/www.facebook.com\/xstylemd\" \/>\n<meta property=\"article:modified_time\" content=\"2026-03-19T13:39:45+00:00\" \/>\n<meta property=\"og:image\" content=\"https:\/\/xstyle.md\/wp-content\/uploads\/2020\/07\/27_4.jpg\" \/>\n\t<meta property=\"og:image:width\" content=\"643\" \/>\n\t<meta property=\"og:image:height\" content=\"322\" \/>\n\t<meta property=\"og:image:type\" content=\"image\/jpeg\" \/>\n<meta name=\"twitter:card\" content=\"summary_large_image\" \/>\n<meta name=\"twitter:label1\" content=\"Pre\u021b\" \/>\n\t<meta name=\"twitter:data1\" content=\"160&nbsp;MDL\" \/>\n\t<meta name=\"twitter:label2\" content=\"Disponibilitate\" \/>\n\t<meta name=\"twitter:data2\" content=\"\u00cen stoc\" \/>\n<script type=\"application\/ld+json\" class=\"yoast-schema-graph\">{\"@context\":\"https:\/\/schema.org\",\"@graph\":[{\"@type\":\"WebPage\",\"@id\":\"https:\/\/xstyle.md\/product\/velosipednyj-zamok-m-wave-d-12-6-cable-lock\/\",\"url\":\"https:\/\/xstyle.md\/product\/velosipednyj-zamok-m-wave-d-12-6-cable-lock\/\",\"name\":\"\u0412\u0435\u043b\u043e\u0441\u0438\u043f\u0435\u0434\u043d\u044b\u0439 \u0437\u0430\u043c\u043e\u043a M-WAVE D 12.6 cable lock - \u041c\u0430\u0433\u0430\u0437\u0438\u043d Xstyle\",\"isPartOf\":{\"@id\":\"https:\/\/xstyle.md\/#website\"},\"primaryImageOfPage\":{\"@id\":\"https:\/\/xstyle.md\/product\/velosipednyj-zamok-m-wave-d-12-6-cable-lock\/#primaryimage\"},\"image\":{\"@id\":\"https:\/\/xstyle.md\/product\/velosipednyj-zamok-m-wave-d-12-6-cable-lock\/#primaryimage\"},\"thumbnailUrl\":\"https:\/\/xstyle.md\/wp-content\/uploads\/2020\/07\/27_4.jpg\",\"datePublished\":\"2020-07-19T13:05:48+00:00\",\"dateModified\":\"2026-03-19T13:39:45+00:00\",\"description\":\"\u0417\u0430\u043c\u043e\u043a \u0434\u043b\u044f \u0432\u0435\u043b\u043e\u0441\u0438\u043f\u0435\u0434\u0430 M-WAVE D 12.6 \u043e\u0431\u0435\u0441\u043f\u0435\u0447\u0438\u0432\u0430\u0435\u0442 \u043d\u0430\u0434\u0435\u0436\u043d\u0443\u044e \u0437\u0430\u0449\u0438\u0442\u0443 \u0432\u0430\u0448\u0435\u0439 \u0432\u0435\u043b\u043e\u0442\u0435\u0445\u043d\u0438\u043a\u0438 \u0431\u043b\u0430\u0433\u043e\u0434\u0430\u0440\u044f \u043f\u0440\u043e\u0447\u043d\u043e\u043c\u0443 \u043a\u0430\u0431\u0435\u043b\u044e \u0438 \u043d\u0430\u0434\u0435\u0436\u043d\u043e\u0439 \u043a\u043e\u0434\u043e\u0432\u043e\u0439 \u0431\u043b\u043e\u043a\u0438\u0440\u043e\u0432\u043a\u0435.\",\"breadcrumb\":{\"@id\":\"https:\/\/xstyle.md\/product\/velosipednyj-zamok-m-wave-d-12-6-cable-lock\/#breadcrumb\"},\"inLanguage\":\"ro-RO\",\"potentialAction\":[{\"@type\":\"ReadAction\",\"target\":[\"https:\/\/xstyle.md\/product\/velosipednyj-zamok-m-wave-d-12-6-cable-lock\/\"]}]},{\"@type\":\"ImageObject\",\"inLanguage\":\"ro-RO\",\"@id\":\"https:\/\/xstyle.md\/product\/velosipednyj-zamok-m-wave-d-12-6-cable-lock\/#primaryimage\",\"url\":\"https:\/\/xstyle.md\/wp-content\/uploads\/2020\/07\/27_4.jpg\",\"contentUrl\":\"https:\/\/xstyle.md\/wp-content\/uploads\/2020\/07\/27_4.jpg\",\"width\":643,\"height\":322},{\"@type\":\"BreadcrumbList\",\"@id\":\"https:\/\/xstyle.md\/product\/velosipednyj-zamok-m-wave-d-12-6-cable-lock\/#breadcrumb\",\"itemListElement\":[{\"@type\":\"ListItem\",\"position\":1,\"name\":\"\u0413\u043b\u0430\u0432\u043d\u0430\u044f \u0441\u0442\u0440\u0430\u043d\u0438\u0446\u0430\",\"item\":\"https:\/\/xstyle.md\/\"},{\"@type\":\"ListItem\",\"position\":2,\"name\":\"\u041c\u0430\u0433\u0430\u0437\u0438\u043d\",\"item\":\"https:\/\/xstyle.md\/shop\/\"},{\"@type\":\"ListItem\",\"position\":3,\"name\":\"\u0412\u0435\u043b\u043e\u0441\u0438\u043f\u0435\u0434\u043d\u044b\u0439 \u0437\u0430\u043c\u043e\u043a M-WAVE D 12.6 cable lock\"}]},{\"@type\":\"WebSite\",\"@id\":\"https:\/\/xstyle.md\/#website\",\"url\":\"https:\/\/xstyle.md\/\",\"name\":\"\u041c\u0430\u0433\u0430\u0437\u0438\u043d Xstyle\",\"description\":\"C\u043d\u0430\u0440\u044f\u0436\u0435\u043d\u0438\u0435 \u0434\u043b\u044f \u0442\u0443\u0440\u0438\u0437\u043c\u0430 \u0438 \u044d\u043a\u0441\u0442\u0440\u0435\u043c\u0430\u043b\u044c\u043d\u044b\u0445 \u0432\u0438\u0434\u043e\u0432 \u0441\u043f\u043e\u0440\u0442\u0430 \u0432 \u041c\u043e\u043b\u0434\u043e\u0432\u0435.. \u0426\u0435\u043d\u044b, \u0444\u043e\u0442\u043e, \u0445\u0430\u0440\u0430\u043a\u0442\u0435\u0440\u0438\u0441\u0442\u0438\u043a\u0438 \u0432 \u041c\u043e\u043b\u0434\u043e\u0432\u0435.\",\"publisher\":{\"@id\":\"https:\/\/xstyle.md\/#organization\"},\"alternateName\":\"X-Style\",\"potentialAction\":[{\"@type\":\"SearchAction\",\"target\":{\"@type\":\"EntryPoint\",\"urlTemplate\":\"https:\/\/xstyle.md\/?s={search_term_string}\"},\"query-input\":{\"@type\":\"PropertyValueSpecification\",\"valueRequired\":true,\"valueName\":\"search_term_string\"}}],\"inLanguage\":\"ro-RO\"},{\"@type\":\"Organization\",\"@id\":\"https:\/\/xstyle.md\/#organization\",\"name\":\"\u041c\u0430\u0433\u0430\u0437\u0438\u043d Xstyle\",\"alternateName\":\"x-style\",\"url\":\"https:\/\/xstyle.md\/\",\"logo\":{\"@type\":\"ImageObject\",\"inLanguage\":\"ro-RO\",\"@id\":\"https:\/\/xstyle.md\/#\/schema\/logo\/image\/\",\"url\":\"https:\/\/xstyle.md\/wp-content\/uploads\/2020\/06\/logoicon.svg\",\"contentUrl\":\"https:\/\/xstyle.md\/wp-content\/uploads\/2020\/06\/logoicon.svg\",\"caption\":\"\u041c\u0430\u0433\u0430\u0437\u0438\u043d Xstyle\"},\"image\":{\"@id\":\"https:\/\/xstyle.md\/#\/schema\/logo\/image\/\"},\"sameAs\":[\"https:\/\/www.facebook.com\/xstylemd\",\"https:\/\/www.instagram.com\/xstyle_md\/\",\"https:\/\/t.me\/xstyle_outdoor\"],\"hasMerchantReturnPolicy\":{\"@type\":\"MerchantReturnPolicy\",\"merchantReturnLink\":\"https:\/\/xstyle.md\/ro\/conditions\/\"}}]}<\/script>\n<meta property=\"product:price:amount\" content=\"160.00\" \/>\n<meta property=\"product:price:currency\" content=\"MDL\" \/>\n<meta property=\"og:availability\" content=\"instock\" \/>\n<meta property=\"product:availability\" content=\"instock\" \/>\n<meta property=\"product:retailer_item_id\" content=\"4015493230113\" \/>\n<meta property=\"product:condition\" content=\"new\" \/>\n<!-- \/ Yoast SEO plugin. -->","yoast_head_json":{"title":"Lac\u0103t de biciclet\u0103 M-WAVE D 12.6 cable lock - Magazin Xstyle","description":"Culoarea pentru bicicleta M-WAVE D 12.6 asigur\u0103 o protec\u021bie fiabil\u0103 a echipamentului t\u0103u de biciclet\u0103 datorit\u0103 cablului robust \u0219i a bloc\u0103rii codate de \u00eencredere.","robots":{"index":"index","follow":"follow","max-snippet":"max-snippet:-1","max-image-preview":"max-image-preview:large","max-video-preview":"max-video-preview:-1"},"canonical":"https:\/\/xstyle.md\/ro\/produs\/velosipednyj-zamok-m-wave-d-12-6-cable-lock\/","og_locale":"ro_RO","og_type":"article","og_title":"\u0412\u0435\u043b\u043e\u0441\u0438\u043f\u0435\u0434\u043d\u044b\u0439 \u0437\u0430\u043c\u043e\u043a M-WAVE D 12.6 cable lock - \u041c\u0430\u0433\u0430\u0437\u0438\u043d Xstyle","og_description":"\u0417\u0430\u043c\u043e\u043a \u0434\u043b\u044f \u0432\u0435\u043b\u043e\u0441\u0438\u043f\u0435\u0434\u0430 M-WAVE D 12.6 \u043e\u0431\u0435\u0441\u043f\u0435\u0447\u0438\u0432\u0430\u0435\u0442 \u043d\u0430\u0434\u0435\u0436\u043d\u0443\u044e \u0437\u0430\u0449\u0438\u0442\u0443 \u0432\u0430\u0448\u0435\u0439 \u0432\u0435\u043b\u043e\u0442\u0435\u0445\u043d\u0438\u043a\u0438 \u0431\u043b\u0430\u0433\u043e\u0434\u0430\u0440\u044f \u043f\u0440\u043e\u0447\u043d\u043e\u043c\u0443 \u043a\u0430\u0431\u0435\u043b\u044e \u0438 \u043d\u0430\u0434\u0435\u0436\u043d\u043e\u0439 \u043a\u043e\u0434\u043e\u0432\u043e\u0439 \u0431\u043b\u043e\u043a\u0438\u0440\u043e\u0432\u043a\u0435.","og_url":"https:\/\/xstyle.md\/ro\/produs\/velosipednyj-zamok-m-wave-d-12-6-cable-lock\/","og_site_name":"\u041c\u0430\u0433\u0430\u0437\u0438\u043d Xstyle","article_publisher":"https:\/\/www.facebook.com\/xstylemd","article_modified_time":"2026-03-19T13:39:45+00:00","og_image":[{"width":643,"height":322,"url":"https:\/\/xstyle.md\/wp-content\/uploads\/2020\/07\/27_4.jpg","type":"image\/jpeg"}],"twitter_card":"summary_large_image","twitter_misc":{"Pre\u021b":"160&nbsp;MDL","Disponibilitate":"\u00cen stoc"},"schema":{"@context":"https:\/\/schema.org","@graph":[{"@type":"WebPage","@id":"https:\/\/xstyle.md\/product\/velosipednyj-zamok-m-wave-d-12-6-cable-lock\/","url":"https:\/\/xstyle.md\/product\/velosipednyj-zamok-m-wave-d-12-6-cable-lock\/","name":"Lac\u0103t de biciclet\u0103 M-WAVE D 12.6 cable lock - Magazin Xstyle","isPartOf":{"@id":"https:\/\/xstyle.md\/#website"},"primaryImageOfPage":{"@id":"https:\/\/xstyle.md\/product\/velosipednyj-zamok-m-wave-d-12-6-cable-lock\/#primaryimage"},"image":{"@id":"https:\/\/xstyle.md\/product\/velosipednyj-zamok-m-wave-d-12-6-cable-lock\/#primaryimage"},"thumbnailUrl":"https:\/\/xstyle.md\/wp-content\/uploads\/2020\/07\/27_4.jpg","datePublished":"2020-07-19T13:05:48+00:00","dateModified":"2026-03-19T13:39:45+00:00","description":"Culoarea pentru bicicleta M-WAVE D 12.6 asigur\u0103 o protec\u021bie fiabil\u0103 a echipamentului t\u0103u de biciclet\u0103 datorit\u0103 cablului robust \u0219i a bloc\u0103rii codate de \u00eencredere.","breadcrumb":{"@id":"https:\/\/xstyle.md\/product\/velosipednyj-zamok-m-wave-d-12-6-cable-lock\/#breadcrumb"},"inLanguage":"ro-RO","potentialAction":[{"@type":"ReadAction","target":["https:\/\/xstyle.md\/product\/velosipednyj-zamok-m-wave-d-12-6-cable-lock\/"]}]},{"@type":"ImageObject","inLanguage":"ro-RO","@id":"https:\/\/xstyle.md\/product\/velosipednyj-zamok-m-wave-d-12-6-cable-lock\/#primaryimage","url":"https:\/\/xstyle.md\/wp-content\/uploads\/2020\/07\/27_4.jpg","contentUrl":"https:\/\/xstyle.md\/wp-content\/uploads\/2020\/07\/27_4.jpg","width":643,"height":322},{"@type":"BreadcrumbList","@id":"https:\/\/xstyle.md\/product\/velosipednyj-zamok-m-wave-d-12-6-cable-lock\/#breadcrumb","itemListElement":[{"@type":"ListItem","position":1,"name":"\u0413\u043b\u0430\u0432\u043d\u0430\u044f \u0441\u0442\u0440\u0430\u043d\u0438\u0446\u0430","item":"https:\/\/xstyle.md\/"},{"@type":"ListItem","position":2,"name":"\u041c\u0430\u0433\u0430\u0437\u0438\u043d","item":"https:\/\/xstyle.md\/shop\/"},{"@type":"ListItem","position":3,"name":"\u0412\u0435\u043b\u043e\u0441\u0438\u043f\u0435\u0434\u043d\u044b\u0439 \u0437\u0430\u043c\u043e\u043a M-WAVE D 12.6 cable lock"}]},{"@type":"WebSite","@id":"https:\/\/xstyle.md\/#website","url":"https:\/\/xstyle.md\/","name":"Magazinul X-Style","description":"Echipamente pentru turism \u0219i sporturi extreme \u00een Moldova. Pre\u021buri, fotografii, caracteristici \u00een Moldova.","publisher":{"@id":"https:\/\/xstyle.md\/#organization"},"alternateName":"X-Style","potentialAction":[{"@type":"SearchAction","target":{"@type":"EntryPoint","urlTemplate":"https:\/\/xstyle.md\/?s={search_term_string}"},"query-input":{"@type":"PropertyValueSpecification","valueRequired":true,"valueName":"search_term_string"}}],"inLanguage":"ro-RO"},{"@type":"Organization","@id":"https:\/\/xstyle.md\/#organization","name":"Magazinul X-Style","alternateName":"x-style","url":"https:\/\/xstyle.md\/","logo":{"@type":"ImageObject","inLanguage":"ro-RO","@id":"https:\/\/xstyle.md\/#\/schema\/logo\/image\/","url":"https:\/\/xstyle.md\/wp-content\/uploads\/2020\/06\/logoicon.svg","contentUrl":"https:\/\/xstyle.md\/wp-content\/uploads\/2020\/06\/logoicon.svg","caption":"\u041c\u0430\u0433\u0430\u0437\u0438\u043d Xstyle"},"image":{"@id":"https:\/\/xstyle.md\/#\/schema\/logo\/image\/"},"sameAs":["https:\/\/www.facebook.com\/xstylemd","https:\/\/www.instagram.com\/xstyle_md\/","https:\/\/t.me\/xstyle_outdoor"],"hasMerchantReturnPolicy":{"@type":"MerchantReturnPolicy","merchantReturnLink":"https:\/\/xstyle.md\/ro\/conditions\/"}}]},"product_price_amount":"160.00","product_price_currency":"MDL","og_availability":"instock","product_availability":"instock","product_retailer_item_id":"4015493230113","product_condition":"new"},"post_mailing_queue_ids":[],"_links":{"self":[{"href":"https:\/\/xstyle.md\/ro\/wp-json\/wp\/v2\/product\/22861","targetHints":{"allow":["GET"]}}],"collection":[{"href":"https:\/\/xstyle.md\/ro\/wp-json\/wp\/v2\/product"}],"about":[{"href":"https:\/\/xstyle.md\/ro\/wp-json\/wp\/v2\/types\/product"}],"replies":[{"embeddable":true,"href":"https:\/\/xstyle.md\/ro\/wp-json\/wp\/v2\/comments?post=22861"}],"wp:featuredmedia":[{"embeddable":true,"href":"https:\/\/xstyle.md\/ro\/wp-json\/wp\/v2\/media\/22857"}],"wp:attachment":[{"href":"https:\/\/xstyle.md\/ro\/wp-json\/wp\/v2\/media?parent=22861"}],"wp:term":[{"taxonomy":"product_brand","embeddable":true,"href":"https:\/\/xstyle.md\/ro\/wp-json\/wp\/v2\/product_brand?post=22861"},{"taxonomy":"product_cat","embeddable":true,"href":"https:\/\/xstyle.md\/ro\/wp-json\/wp\/v2\/product_cat?post=22861"},{"taxonomy":"product_tag","embeddable":true,"href":"https:\/\/xstyle.md\/ro\/wp-json\/wp\/v2\/product_tag?post=22861"}],"curies":[{"name":"wp","href":"https:\/\/api.w.org\/{rel}","templated":true}]}}