{"id":22834,"date":"2020-07-19T16:04:22","date_gmt":"2020-07-19T13:04:22","guid":{"rendered":"https:\/\/xstyle.md\/?post_type=product&#038;p=22834"},"modified":"2024-10-21T09:31:37","modified_gmt":"2024-10-21T06:31:37","slug":"veloperchatki-detskie-ventura-mix","status":"publish","type":"product","link":"https:\/\/xstyle.md\/ro\/produs\/veloperchatki-detskie-ventura-mix\/","title":{"rendered":"M\u0103nu\u0219i copii Ventura Mix"},"content":{"rendered":"<\/p>\n<p>M\u0103nu\u0219ile de ciclism pentru copii <strong>Ventura Mix<\/strong> sunt utile pentru a preveni alunecarea m\u00e2inilor transpirate pe m\u00e2nere \u00een timpul mersului activ. De asemenea, acestea atenueaz\u0103 \u0219ocurile \u0219i vibra\u021biile atunci c\u00e2nd pedala\u021bi pe teren accidentat. Ofer\u0103 protec\u021bie \u00eempotriva b\u0103\u0219icilor pe palmele m\u00e2inilor \u0219i previn zg\u00e2rierea m\u00e2inilor pe trotuar \u00een caz de c\u0103dere.<\/p>\n<p>M\u0103nu\u0219ile de ciclism pentru copii Ventura cu degete scurte sunt confortabile, u\u0219oare \u0219i foarte rezistente. Vine cu un aspect elegant. Modele vibrante, v\u0103 \u00eenveselesc \u00eentotdeauna.<\/p>\n<p>Pernu\u021bele capitonate din palm\u0103 sporesc confortul \u0219i reduc oboseala m\u00e2inilor. \u00cenchidere confortabil\u0103 cu Velcro la \u00eencheietura m\u00e2inii. \u021aes\u0103tur\u0103 elastic\u0103 \u0219i respirabil\u0103 pe partea exterioar\u0103 a m\u0103nu\u0219ii. Palm\u0103 antiderapant\u0103.<\/p>\n<p>M\u0103nu\u0219ile \u00eel fac pe copilul dumneavoastr\u0103 s\u0103 se simt\u0103 ca un motociclist la mod\u0103!<\/p>\n<h3>Particularit\u0103\u021bi<\/h3>\n<ul>\n<li>Design viu<\/li>\n<li>Tampoane de palm\u0103 c\u0103ptu\u0219ite, v\u0103 men\u021bin m\u00e2inile confortabile pentru patinaj prelungit<\/li>\n<li>\u00cenchidere cu velcro pentru o \u00eembr\u0103care u\u0219oar\u0103<\/li>\n<li>Material pe palma m\u00e2inii pentru o aderen\u021b\u0103 mai bun\u0103<\/li>\n<\/ul>\n<h3>Caracteristici<\/h3>\n<ul>\n<li>Material &#8212; textil, sintetic<\/li>\n<li>Tip &#8212; v\u00e2rf scurt<\/li>\n<li>Sezon \u2014 var\u0103, primavar\u0103<\/li>\n<li>Model \u2014 unisex<\/li>\n<\/ul>\n<p><\/p>","protected":false},"excerpt":{"rendered":"<p>M\u0103nu\u0219i copii Ventura Mix<\/p>","protected":false},"featured_media":22831,"comment_status":"open","ping_status":"closed","template":"","meta":{"_acf_changed":false,"inline_featured_image":false},"product_brand":[1372],"product_cat":[886],"product_tag":[],"class_list":{"0":"post-22834","1":"product","2":"type-product","3":"status-publish","4":"has-post-thumbnail","6":"product_brand-messingschlager","7":"product_cat-manusi-de-ciclism","9":"first","10":"instock","11":"shipping-taxable","12":"purchasable","13":"product-type-simple"},"acf":[],"yoast_head":"<!-- This site is optimized with the Yoast SEO plugin v27.2 - https:\/\/yoast.com\/product\/yoast-seo-wordpress\/ -->\n<title>\u0412\u0435\u043b\u043e\u043f\u0435\u0440\u0447\u0430\u0442\u043a\u0438 \u0434\u0435\u0442\u0441\u043a\u0438\u0435 Ventura Mix - \u041c\u0430\u0433\u0430\u0437\u0438\u043d Xstyle<\/title>\n<meta name=\"description\" content=\"\u0412\u0435\u043b\u043e\u043f\u0435\u0440\u0447\u0430\u0442\u043a\u0438 \u0434\u0435\u0442\u0441\u043a\u0438\u0435 Ventura Mix - \u0438\u0434\u0435\u0430\u043b\u044c\u043d\u044b\u0435 \u0434\u043b\u044f \u0430\u043a\u0442\u0438\u0432\u043d\u043e\u0439 \u0435\u0437\u0434\u044b! \u0417\u0430\u0449\u0438\u0449\u0430\u044e\u0442 \u043e\u0442 \u043f\u043e\u0442\u0430, \u0441\u043c\u044f\u0433\u0447\u0430\u044e\u0442 \u0443\u0434\u0430\u0440\u044b \u0438 \u043f\u0440\u0435\u0434\u043e\u0442\u0432\u0440\u0430\u0449\u0430\u044e\u0442 \u043c\u043e\u0437\u043e\u043b\u0438 \u043d\u0430 \u0440\u0443\u043a\u0430\u0445.\" \/>\n<meta name=\"robots\" content=\"index, follow, max-snippet:-1, max-image-preview:large, max-video-preview:-1\" \/>\n<link rel=\"canonical\" href=\"https:\/\/xstyle.md\/ro\/produs\/veloperchatki-detskie-ventura-mix\/\" \/>\n<meta property=\"og:locale\" content=\"ro_RO\" \/>\n<meta property=\"og:type\" content=\"article\" \/>\n<meta property=\"og:title\" content=\"\u0412\u0435\u043b\u043e\u043f\u0435\u0440\u0447\u0430\u0442\u043a\u0438 \u0434\u0435\u0442\u0441\u043a\u0438\u0435 Ventura Mix - \u041c\u0430\u0433\u0430\u0437\u0438\u043d Xstyle\" \/>\n<meta property=\"og:description\" content=\"\u0412\u0435\u043b\u043e\u043f\u0435\u0440\u0447\u0430\u0442\u043a\u0438 \u0434\u0435\u0442\u0441\u043a\u0438\u0435 Ventura Mix - \u0438\u0434\u0435\u0430\u043b\u044c\u043d\u044b\u0435 \u0434\u043b\u044f \u0430\u043a\u0442\u0438\u0432\u043d\u043e\u0439 \u0435\u0437\u0434\u044b! \u0417\u0430\u0449\u0438\u0449\u0430\u044e\u0442 \u043e\u0442 \u043f\u043e\u0442\u0430, \u0441\u043c\u044f\u0433\u0447\u0430\u044e\u0442 \u0443\u0434\u0430\u0440\u044b \u0438 \u043f\u0440\u0435\u0434\u043e\u0442\u0432\u0440\u0430\u0449\u0430\u044e\u0442 \u043c\u043e\u0437\u043e\u043b\u0438 \u043d\u0430 \u0440\u0443\u043a\u0430\u0445.\" \/>\n<meta property=\"og:url\" content=\"https:\/\/xstyle.md\/ro\/produs\/veloperchatki-detskie-ventura-mix\/\" \/>\n<meta property=\"og:site_name\" content=\"\u041c\u0430\u0433\u0430\u0437\u0438\u043d Xstyle\" \/>\n<meta property=\"article:publisher\" content=\"https:\/\/www.facebook.com\/xstylemd\" \/>\n<meta property=\"article:modified_time\" content=\"2024-10-21T06:31:37+00:00\" \/>\n<meta property=\"og:image\" content=\"https:\/\/xstyle.md\/wp-content\/uploads\/2020\/07\/9_01_4.jpg\" \/>\n\t<meta property=\"og:image:width\" content=\"720\" \/>\n\t<meta property=\"og:image:height\" content=\"528\" \/>\n\t<meta property=\"og:image:type\" content=\"image\/jpeg\" \/>\n<meta name=\"twitter:card\" content=\"summary_large_image\" \/>\n<meta name=\"twitter:label1\" content=\"Pre\u021b\" \/>\n\t<meta name=\"twitter:data1\" content=\"85&nbsp;MDL\" \/>\n\t<meta name=\"twitter:label2\" content=\"Disponibilitate\" \/>\n\t<meta name=\"twitter:data2\" content=\"\u00cen stoc\" \/>\n<script type=\"application\/ld+json\" class=\"yoast-schema-graph\">{\"@context\":\"https:\/\/schema.org\",\"@graph\":[{\"@type\":\"WebPage\",\"@id\":\"https:\/\/xstyle.md\/product\/veloperchatki-detskie-ventura-mix\/\",\"url\":\"https:\/\/xstyle.md\/product\/veloperchatki-detskie-ventura-mix\/\",\"name\":\"\u0412\u0435\u043b\u043e\u043f\u0435\u0440\u0447\u0430\u0442\u043a\u0438 \u0434\u0435\u0442\u0441\u043a\u0438\u0435 Ventura Mix - \u041c\u0430\u0433\u0430\u0437\u0438\u043d Xstyle\",\"isPartOf\":{\"@id\":\"https:\/\/xstyle.md\/#website\"},\"primaryImageOfPage\":{\"@id\":\"https:\/\/xstyle.md\/product\/veloperchatki-detskie-ventura-mix\/#primaryimage\"},\"image\":{\"@id\":\"https:\/\/xstyle.md\/product\/veloperchatki-detskie-ventura-mix\/#primaryimage\"},\"thumbnailUrl\":\"https:\/\/xstyle.md\/wp-content\/uploads\/2020\/07\/9_01_4.jpg\",\"datePublished\":\"2020-07-19T13:04:22+00:00\",\"dateModified\":\"2024-10-21T06:31:37+00:00\",\"description\":\"\u0412\u0435\u043b\u043e\u043f\u0435\u0440\u0447\u0430\u0442\u043a\u0438 \u0434\u0435\u0442\u0441\u043a\u0438\u0435 Ventura Mix - \u0438\u0434\u0435\u0430\u043b\u044c\u043d\u044b\u0435 \u0434\u043b\u044f \u0430\u043a\u0442\u0438\u0432\u043d\u043e\u0439 \u0435\u0437\u0434\u044b! \u0417\u0430\u0449\u0438\u0449\u0430\u044e\u0442 \u043e\u0442 \u043f\u043e\u0442\u0430, \u0441\u043c\u044f\u0433\u0447\u0430\u044e\u0442 \u0443\u0434\u0430\u0440\u044b \u0438 \u043f\u0440\u0435\u0434\u043e\u0442\u0432\u0440\u0430\u0449\u0430\u044e\u0442 \u043c\u043e\u0437\u043e\u043b\u0438 \u043d\u0430 \u0440\u0443\u043a\u0430\u0445.\",\"breadcrumb\":{\"@id\":\"https:\/\/xstyle.md\/product\/veloperchatki-detskie-ventura-mix\/#breadcrumb\"},\"inLanguage\":\"ro-RO\",\"potentialAction\":[{\"@type\":\"ReadAction\",\"target\":[\"https:\/\/xstyle.md\/product\/veloperchatki-detskie-ventura-mix\/\"]}]},{\"@type\":\"ImageObject\",\"inLanguage\":\"ro-RO\",\"@id\":\"https:\/\/xstyle.md\/product\/veloperchatki-detskie-ventura-mix\/#primaryimage\",\"url\":\"https:\/\/xstyle.md\/wp-content\/uploads\/2020\/07\/9_01_4.jpg\",\"contentUrl\":\"https:\/\/xstyle.md\/wp-content\/uploads\/2020\/07\/9_01_4.jpg\",\"width\":720,\"height\":528},{\"@type\":\"BreadcrumbList\",\"@id\":\"https:\/\/xstyle.md\/product\/veloperchatki-detskie-ventura-mix\/#breadcrumb\",\"itemListElement\":[{\"@type\":\"ListItem\",\"position\":1,\"name\":\"\u0413\u043b\u0430\u0432\u043d\u0430\u044f \u0441\u0442\u0440\u0430\u043d\u0438\u0446\u0430\",\"item\":\"https:\/\/xstyle.md\/\"},{\"@type\":\"ListItem\",\"position\":2,\"name\":\"\u041c\u0430\u0433\u0430\u0437\u0438\u043d\",\"item\":\"https:\/\/xstyle.md\/shop\/\"},{\"@type\":\"ListItem\",\"position\":3,\"name\":\"\u0412\u0435\u043b\u043e\u043f\u0435\u0440\u0447\u0430\u0442\u043a\u0438 \u0434\u0435\u0442\u0441\u043a\u0438\u0435 Ventura Mix\"}]},{\"@type\":\"WebSite\",\"@id\":\"https:\/\/xstyle.md\/#website\",\"url\":\"https:\/\/xstyle.md\/\",\"name\":\"\u041c\u0430\u0433\u0430\u0437\u0438\u043d Xstyle\",\"description\":\"C\u043d\u0430\u0440\u044f\u0436\u0435\u043d\u0438\u0435 \u0434\u043b\u044f \u0442\u0443\u0440\u0438\u0437\u043c\u0430 \u0438 \u044d\u043a\u0441\u0442\u0440\u0435\u043c\u0430\u043b\u044c\u043d\u044b\u0445 \u0432\u0438\u0434\u043e\u0432 \u0441\u043f\u043e\u0440\u0442\u0430 \u0432 \u041c\u043e\u043b\u0434\u043e\u0432\u0435.. \u0426\u0435\u043d\u044b, \u0444\u043e\u0442\u043e, \u0445\u0430\u0440\u0430\u043a\u0442\u0435\u0440\u0438\u0441\u0442\u0438\u043a\u0438 \u0432 \u041c\u043e\u043b\u0434\u043e\u0432\u0435.\",\"publisher\":{\"@id\":\"https:\/\/xstyle.md\/#organization\"},\"alternateName\":\"X-Style\",\"potentialAction\":[{\"@type\":\"SearchAction\",\"target\":{\"@type\":\"EntryPoint\",\"urlTemplate\":\"https:\/\/xstyle.md\/?s={search_term_string}\"},\"query-input\":{\"@type\":\"PropertyValueSpecification\",\"valueRequired\":true,\"valueName\":\"search_term_string\"}}],\"inLanguage\":\"ro-RO\"},{\"@type\":\"Organization\",\"@id\":\"https:\/\/xstyle.md\/#organization\",\"name\":\"\u041c\u0430\u0433\u0430\u0437\u0438\u043d Xstyle\",\"alternateName\":\"x-style\",\"url\":\"https:\/\/xstyle.md\/\",\"logo\":{\"@type\":\"ImageObject\",\"inLanguage\":\"ro-RO\",\"@id\":\"https:\/\/xstyle.md\/#\/schema\/logo\/image\/\",\"url\":\"https:\/\/xstyle.md\/wp-content\/uploads\/2020\/06\/logoicon.svg\",\"contentUrl\":\"https:\/\/xstyle.md\/wp-content\/uploads\/2020\/06\/logoicon.svg\",\"caption\":\"\u041c\u0430\u0433\u0430\u0437\u0438\u043d Xstyle\"},\"image\":{\"@id\":\"https:\/\/xstyle.md\/#\/schema\/logo\/image\/\"},\"sameAs\":[\"https:\/\/www.facebook.com\/xstylemd\",\"https:\/\/www.instagram.com\/xstyle_md\/\",\"https:\/\/t.me\/xstyle_outdoor\"],\"hasMerchantReturnPolicy\":{\"@type\":\"MerchantReturnPolicy\",\"merchantReturnLink\":\"https:\/\/xstyle.md\/ro\/conditions\/\"}}]}<\/script>\n<meta property=\"product:price:amount\" content=\"85.00\" \/>\n<meta property=\"product:price:currency\" content=\"MDL\" \/>\n<meta property=\"og:availability\" content=\"instock\" \/>\n<meta property=\"product:availability\" content=\"instock\" \/>\n<meta property=\"product:retailer_item_id\" content=\"4015493712510\" \/>\n<meta property=\"product:condition\" content=\"new\" \/>\n<!-- \/ Yoast SEO plugin. -->","yoast_head_json":{"title":"M\u0103nu\u0219i copii Ventura Mix - Magazin Xstyle","description":"M\u0103nu\u0219i pentru biciclet\u0103 copii Ventura Mix - ideale pentru o plimbare activ\u0103! Protejeaz\u0103 \u00eempotriva transpira\u021biei, amortizeaz\u0103 impacturile \u0219i previn b\u0103\u0219icile pe m\u00e2ini.","robots":{"index":"index","follow":"follow","max-snippet":"max-snippet:-1","max-image-preview":"max-image-preview:large","max-video-preview":"max-video-preview:-1"},"canonical":"https:\/\/xstyle.md\/ro\/produs\/veloperchatki-detskie-ventura-mix\/","og_locale":"ro_RO","og_type":"article","og_title":"\u0412\u0435\u043b\u043e\u043f\u0435\u0440\u0447\u0430\u0442\u043a\u0438 \u0434\u0435\u0442\u0441\u043a\u0438\u0435 Ventura Mix - \u041c\u0430\u0433\u0430\u0437\u0438\u043d Xstyle","og_description":"\u0412\u0435\u043b\u043e\u043f\u0435\u0440\u0447\u0430\u0442\u043a\u0438 \u0434\u0435\u0442\u0441\u043a\u0438\u0435 Ventura Mix - \u0438\u0434\u0435\u0430\u043b\u044c\u043d\u044b\u0435 \u0434\u043b\u044f \u0430\u043a\u0442\u0438\u0432\u043d\u043e\u0439 \u0435\u0437\u0434\u044b! \u0417\u0430\u0449\u0438\u0449\u0430\u044e\u0442 \u043e\u0442 \u043f\u043e\u0442\u0430, \u0441\u043c\u044f\u0433\u0447\u0430\u044e\u0442 \u0443\u0434\u0430\u0440\u044b \u0438 \u043f\u0440\u0435\u0434\u043e\u0442\u0432\u0440\u0430\u0449\u0430\u044e\u0442 \u043c\u043e\u0437\u043e\u043b\u0438 \u043d\u0430 \u0440\u0443\u043a\u0430\u0445.","og_url":"https:\/\/xstyle.md\/ro\/produs\/veloperchatki-detskie-ventura-mix\/","og_site_name":"\u041c\u0430\u0433\u0430\u0437\u0438\u043d Xstyle","article_publisher":"https:\/\/www.facebook.com\/xstylemd","article_modified_time":"2024-10-21T06:31:37+00:00","og_image":[{"width":720,"height":528,"url":"https:\/\/xstyle.md\/wp-content\/uploads\/2020\/07\/9_01_4.jpg","type":"image\/jpeg"}],"twitter_card":"summary_large_image","twitter_misc":{"Pre\u021b":"85&nbsp;MDL","Disponibilitate":"\u00cen stoc"},"schema":{"@context":"https:\/\/schema.org","@graph":[{"@type":"WebPage","@id":"https:\/\/xstyle.md\/product\/veloperchatki-detskie-ventura-mix\/","url":"https:\/\/xstyle.md\/product\/veloperchatki-detskie-ventura-mix\/","name":"M\u0103nu\u0219i copii Ventura Mix - Magazin Xstyle","isPartOf":{"@id":"https:\/\/xstyle.md\/#website"},"primaryImageOfPage":{"@id":"https:\/\/xstyle.md\/product\/veloperchatki-detskie-ventura-mix\/#primaryimage"},"image":{"@id":"https:\/\/xstyle.md\/product\/veloperchatki-detskie-ventura-mix\/#primaryimage"},"thumbnailUrl":"https:\/\/xstyle.md\/wp-content\/uploads\/2020\/07\/9_01_4.jpg","datePublished":"2020-07-19T13:04:22+00:00","dateModified":"2024-10-21T06:31:37+00:00","description":"M\u0103nu\u0219i pentru biciclet\u0103 copii Ventura Mix - ideale pentru o plimbare activ\u0103! Protejeaz\u0103 \u00eempotriva transpira\u021biei, amortizeaz\u0103 impacturile \u0219i previn b\u0103\u0219icile pe m\u00e2ini.","breadcrumb":{"@id":"https:\/\/xstyle.md\/product\/veloperchatki-detskie-ventura-mix\/#breadcrumb"},"inLanguage":"ro-RO","potentialAction":[{"@type":"ReadAction","target":["https:\/\/xstyle.md\/product\/veloperchatki-detskie-ventura-mix\/"]}]},{"@type":"ImageObject","inLanguage":"ro-RO","@id":"https:\/\/xstyle.md\/product\/veloperchatki-detskie-ventura-mix\/#primaryimage","url":"https:\/\/xstyle.md\/wp-content\/uploads\/2020\/07\/9_01_4.jpg","contentUrl":"https:\/\/xstyle.md\/wp-content\/uploads\/2020\/07\/9_01_4.jpg","width":720,"height":528},{"@type":"BreadcrumbList","@id":"https:\/\/xstyle.md\/product\/veloperchatki-detskie-ventura-mix\/#breadcrumb","itemListElement":[{"@type":"ListItem","position":1,"name":"\u0413\u043b\u0430\u0432\u043d\u0430\u044f \u0441\u0442\u0440\u0430\u043d\u0438\u0446\u0430","item":"https:\/\/xstyle.md\/"},{"@type":"ListItem","position":2,"name":"\u041c\u0430\u0433\u0430\u0437\u0438\u043d","item":"https:\/\/xstyle.md\/shop\/"},{"@type":"ListItem","position":3,"name":"\u0412\u0435\u043b\u043e\u043f\u0435\u0440\u0447\u0430\u0442\u043a\u0438 \u0434\u0435\u0442\u0441\u043a\u0438\u0435 Ventura Mix"}]},{"@type":"WebSite","@id":"https:\/\/xstyle.md\/#website","url":"https:\/\/xstyle.md\/","name":"Magazinul X-Style","description":"Echipamente pentru turism \u0219i sporturi extreme \u00een Moldova. Pre\u021buri, fotografii, caracteristici \u00een Moldova.","publisher":{"@id":"https:\/\/xstyle.md\/#organization"},"alternateName":"X-Style","potentialAction":[{"@type":"SearchAction","target":{"@type":"EntryPoint","urlTemplate":"https:\/\/xstyle.md\/?s={search_term_string}"},"query-input":{"@type":"PropertyValueSpecification","valueRequired":true,"valueName":"search_term_string"}}],"inLanguage":"ro-RO"},{"@type":"Organization","@id":"https:\/\/xstyle.md\/#organization","name":"Magazinul X-Style","alternateName":"x-style","url":"https:\/\/xstyle.md\/","logo":{"@type":"ImageObject","inLanguage":"ro-RO","@id":"https:\/\/xstyle.md\/#\/schema\/logo\/image\/","url":"https:\/\/xstyle.md\/wp-content\/uploads\/2020\/06\/logoicon.svg","contentUrl":"https:\/\/xstyle.md\/wp-content\/uploads\/2020\/06\/logoicon.svg","caption":"\u041c\u0430\u0433\u0430\u0437\u0438\u043d Xstyle"},"image":{"@id":"https:\/\/xstyle.md\/#\/schema\/logo\/image\/"},"sameAs":["https:\/\/www.facebook.com\/xstylemd","https:\/\/www.instagram.com\/xstyle_md\/","https:\/\/t.me\/xstyle_outdoor"],"hasMerchantReturnPolicy":{"@type":"MerchantReturnPolicy","merchantReturnLink":"https:\/\/xstyle.md\/ro\/conditions\/"}}]},"product_price_amount":"85.00","product_price_currency":"MDL","og_availability":"instock","product_availability":"instock","product_retailer_item_id":"4015493712510","product_condition":"new"},"post_mailing_queue_ids":[],"_links":{"self":[{"href":"https:\/\/xstyle.md\/ro\/wp-json\/wp\/v2\/product\/22834","targetHints":{"allow":["GET"]}}],"collection":[{"href":"https:\/\/xstyle.md\/ro\/wp-json\/wp\/v2\/product"}],"about":[{"href":"https:\/\/xstyle.md\/ro\/wp-json\/wp\/v2\/types\/product"}],"replies":[{"embeddable":true,"href":"https:\/\/xstyle.md\/ro\/wp-json\/wp\/v2\/comments?post=22834"}],"wp:featuredmedia":[{"embeddable":true,"href":"https:\/\/xstyle.md\/ro\/wp-json\/wp\/v2\/media\/22831"}],"wp:attachment":[{"href":"https:\/\/xstyle.md\/ro\/wp-json\/wp\/v2\/media?parent=22834"}],"wp:term":[{"taxonomy":"product_brand","embeddable":true,"href":"https:\/\/xstyle.md\/ro\/wp-json\/wp\/v2\/product_brand?post=22834"},{"taxonomy":"product_cat","embeddable":true,"href":"https:\/\/xstyle.md\/ro\/wp-json\/wp\/v2\/product_cat?post=22834"},{"taxonomy":"product_tag","embeddable":true,"href":"https:\/\/xstyle.md\/ro\/wp-json\/wp\/v2\/product_tag?post=22834"}],"curies":[{"name":"wp","href":"https:\/\/api.w.org\/{rel}","templated":true}]}}