{"id":22826,"date":"2020-07-19T16:03:55","date_gmt":"2020-07-19T13:03:55","guid":{"rendered":"https:\/\/xstyle.md\/product\/fonar-dlja-velosipeda-smart-suburb-800"},"modified":"2026-03-19T16:39:41","modified_gmt":"2026-03-19T13:39:41","slug":"fonar-dlja-velosipeda-smart-suburb-800","status":"publish","type":"product","link":"https:\/\/xstyle.md\/ro\/produs\/fonar-dlja-velosipeda-smart-suburb-800\/","title":{"rendered":"Lantern\u0103 pentru biciclet\u0103 Smart Suburb 800"},"content":{"rendered":"<\/p>\n<p><strong>Lantern\u0103 pentru biciclet\u0103 Smart Suburb 800<\/strong> &#8212; este un mod simplu \u0219i eficient de a spori siguran\u021ba atunci c\u00e2nd merge\u021bi cu bicicleta pe timp de noapte.<\/p>\n<p>Rar sunt bicicli\u0219tii care s\u0103 nu fie nevoi\u021bi s\u0103 circule pe \u00eentuneric cel pu\u021bin din c\u00e2nd \u00een c\u00e2nd. Iar iluminatul pe \u0219osea nu este ultimul factor de siguran\u021b\u0103 cu care ar trebui s\u0103 fie echipat fiecare biciclist c\u0103ruia \u00eei pas\u0103 de s\u0103n\u0103tatea sa.<\/p>\n<p>Smart Suburb 800 este o lamp\u0103 cu LED-uri conceput\u0103 pentru iluminarea frontal\u0103. Se \u00eencarc\u0103 cu ajutorul unui cablu USB. Lumina se fixeaz\u0103 \u00een partea din fa\u021b\u0103 a ghidonului cu ajutorul unui suport universal din cauciuc.<\/p>\n<p>Aceasta va face ca vehiculul dvs. s\u0103 fie vizibil pe timp de noapte. Corpul este din aluminiu \u0219i plastic, rezistent la ap\u0103. Suportul universal din cauciuc se potrive\u0219te oric\u0103rui diametru de ghidon \u0219i nu necesit\u0103 unelte pentru instalare sau \u00eendep\u0103rtare.<\/p>\n<p>Smart Suburb 800 este un atribut indispensabil al unui biciclist.<\/p>\n<h3>Particularit\u0103\u021bi<\/h3>\n<ul>\n<li>USB &#8212; \u00eenc\u0103rcare.<\/li>\n<li>1 diod\u0103 CREE LED 800 Lm.<\/li>\n<li>4 moduri de iluminare.<\/li>\n<li>Lumini LED, mai luminoase dec\u00e2t cele conven\u021bionale.<\/li>\n<li>Universal &#8212; potrivit pentru diferite modele de biciclete.<\/li>\n<li>Nu sunt necesare unelte pentru instalare.<\/li>\n<\/ul>\n<h3>Caracteristici<\/h3>\n<ul>\n<li>Dimensiunea l\u0103mpii: 67 x 34 x 38 mm.<\/li>\n<li>Tip lamp\u0103: LED.<\/li>\n<li>Tipul de baterie: baterie re\u00eenc\u0103rcabil\u0103 litiu-ion.<\/li>\n<li>Carcas\u0103: plastic rezistent la ap\u0103 (IP66).<\/li>\n<li>Culoare: negru.<\/li>\n<li>Greutate: 43 gr.<\/li>\n<\/ul>\n<p><\/p>","protected":false},"excerpt":{"rendered":"<p>Lantern\u0103 pentru biciclet\u0103 Smart Suburb 800<\/p>","protected":false},"featured_media":22822,"comment_status":"open","ping_status":"closed","template":"","meta":{"_acf_changed":false,"inline_featured_image":false},"product_brand":[1372],"product_cat":[502],"product_tag":[],"class_list":{"0":"post-22826","1":"product","2":"type-product","3":"status-publish","4":"has-post-thumbnail","6":"product_brand-messingschlager","7":"product_cat-bicycle-lights","9":"first","10":"instock","11":"shipping-taxable","12":"purchasable","13":"product-type-simple"},"acf":[],"yoast_head":"<!-- This site is optimized with the Yoast SEO plugin v27.2 - https:\/\/yoast.com\/product\/yoast-seo-wordpress\/ -->\n<title>\u0424\u043e\u043d\u0430\u0440\u044c \u0434\u043b\u044f \u0432\u0435\u043b\u043e\u0441\u0438\u043f\u0435\u0434\u0430 Smart Suburb 800 - \u041c\u0430\u0433\u0430\u0437\u0438\u043d Xstyle<\/title>\n<meta name=\"description\" content=\"\u0424\u043e\u043d\u0430\u0440\u044c \u0434\u043b\u044f \u0432\u0435\u043b\u043e\u0441\u0438\u043f\u0435\u0434\u0430 Smart Suburb 800 \u2013 \u043c\u043e\u0449\u043d\u044b\u0439 800 \u041b\u043c, USB-\u0437\u0430\u0440\u044f\u0434\u043a\u0430, \u0437\u0430\u0449\u0438\u0442\u0430 IP66. \u041e\u0431\u0435\u0441\u043f\u0435\u0447\u044c\u0442\u0435 \u0431\u0435\u0437\u043e\u043f\u0430\u0441\u043d\u043e\u0441\u0442\u044c \u043d\u0430 \u043d\u043e\u0447\u043d\u044b\u0445 \u043f\u043e\u0435\u0437\u0434\u043a\u0430\u0445 \u0441 \u044d\u0442\u0438\u043c \u043d\u0430\u0434\u0435\u0436\u043d\u044b\u043c \u0441\u0432\u0435\u0442\u043e\u043c!\" \/>\n<meta name=\"robots\" content=\"index, follow, max-snippet:-1, max-image-preview:large, max-video-preview:-1\" \/>\n<link rel=\"canonical\" href=\"https:\/\/xstyle.md\/ro\/produs\/fonar-dlja-velosipeda-smart-suburb-800\/\" \/>\n<meta property=\"og:locale\" content=\"ro_RO\" \/>\n<meta property=\"og:type\" content=\"article\" \/>\n<meta property=\"og:title\" content=\"\u0424\u043e\u043d\u0430\u0440\u044c \u0434\u043b\u044f \u0432\u0435\u043b\u043e\u0441\u0438\u043f\u0435\u0434\u0430 Smart Suburb 800 - \u041c\u0430\u0433\u0430\u0437\u0438\u043d Xstyle\" \/>\n<meta property=\"og:description\" content=\"\u0424\u043e\u043d\u0430\u0440\u044c \u0434\u043b\u044f \u0432\u0435\u043b\u043e\u0441\u0438\u043f\u0435\u0434\u0430 Smart Suburb 800 \u2013 \u043c\u043e\u0449\u043d\u044b\u0439 800 \u041b\u043c, USB-\u0437\u0430\u0440\u044f\u0434\u043a\u0430, \u0437\u0430\u0449\u0438\u0442\u0430 IP66. \u041e\u0431\u0435\u0441\u043f\u0435\u0447\u044c\u0442\u0435 \u0431\u0435\u0437\u043e\u043f\u0430\u0441\u043d\u043e\u0441\u0442\u044c \u043d\u0430 \u043d\u043e\u0447\u043d\u044b\u0445 \u043f\u043e\u0435\u0437\u0434\u043a\u0430\u0445 \u0441 \u044d\u0442\u0438\u043c \u043d\u0430\u0434\u0435\u0436\u043d\u044b\u043c \u0441\u0432\u0435\u0442\u043e\u043c!\" \/>\n<meta property=\"og:url\" content=\"https:\/\/xstyle.md\/ro\/produs\/fonar-dlja-velosipeda-smart-suburb-800\/\" \/>\n<meta property=\"og:site_name\" content=\"\u041c\u0430\u0433\u0430\u0437\u0438\u043d Xstyle\" \/>\n<meta property=\"article:publisher\" content=\"https:\/\/www.facebook.com\/xstylemd\" \/>\n<meta property=\"article:modified_time\" content=\"2026-03-19T13:39:41+00:00\" \/>\n<meta property=\"og:image\" content=\"https:\/\/xstyle.md\/wp-content\/uploads\/2020\/07\/7_02_5.jpg\" \/>\n\t<meta property=\"og:image:width\" content=\"499\" \/>\n\t<meta property=\"og:image:height\" content=\"372\" \/>\n\t<meta property=\"og:image:type\" content=\"image\/jpeg\" \/>\n<meta name=\"twitter:card\" content=\"summary_large_image\" \/>\n<meta name=\"twitter:label1\" content=\"Pre\u021b\" \/>\n\t<meta name=\"twitter:data1\" content=\"1.495&nbsp;MDL\" \/>\n\t<meta name=\"twitter:label2\" content=\"Disponibilitate\" \/>\n\t<meta name=\"twitter:data2\" content=\"\u00cen stoc\" \/>\n<script type=\"application\/ld+json\" class=\"yoast-schema-graph\">{\"@context\":\"https:\/\/schema.org\",\"@graph\":[{\"@type\":\"WebPage\",\"@id\":\"https:\/\/xstyle.md\/product\/fonar-dlja-velosipeda-smart-suburb-800\/\",\"url\":\"https:\/\/xstyle.md\/product\/fonar-dlja-velosipeda-smart-suburb-800\/\",\"name\":\"\u0424\u043e\u043d\u0430\u0440\u044c \u0434\u043b\u044f \u0432\u0435\u043b\u043e\u0441\u0438\u043f\u0435\u0434\u0430 Smart Suburb 800 - \u041c\u0430\u0433\u0430\u0437\u0438\u043d Xstyle\",\"isPartOf\":{\"@id\":\"https:\/\/xstyle.md\/#website\"},\"primaryImageOfPage\":{\"@id\":\"https:\/\/xstyle.md\/product\/fonar-dlja-velosipeda-smart-suburb-800\/#primaryimage\"},\"image\":{\"@id\":\"https:\/\/xstyle.md\/product\/fonar-dlja-velosipeda-smart-suburb-800\/#primaryimage\"},\"thumbnailUrl\":\"https:\/\/xstyle.md\/wp-content\/uploads\/2020\/07\/7_02_5.jpg\",\"datePublished\":\"2020-07-19T13:03:55+00:00\",\"dateModified\":\"2026-03-19T13:39:41+00:00\",\"description\":\"\u0424\u043e\u043d\u0430\u0440\u044c \u0434\u043b\u044f \u0432\u0435\u043b\u043e\u0441\u0438\u043f\u0435\u0434\u0430 Smart Suburb 800 \u2013 \u043c\u043e\u0449\u043d\u044b\u0439 800 \u041b\u043c, USB-\u0437\u0430\u0440\u044f\u0434\u043a\u0430, \u0437\u0430\u0449\u0438\u0442\u0430 IP66. \u041e\u0431\u0435\u0441\u043f\u0435\u0447\u044c\u0442\u0435 \u0431\u0435\u0437\u043e\u043f\u0430\u0441\u043d\u043e\u0441\u0442\u044c \u043d\u0430 \u043d\u043e\u0447\u043d\u044b\u0445 \u043f\u043e\u0435\u0437\u0434\u043a\u0430\u0445 \u0441 \u044d\u0442\u0438\u043c \u043d\u0430\u0434\u0435\u0436\u043d\u044b\u043c \u0441\u0432\u0435\u0442\u043e\u043c!\",\"breadcrumb\":{\"@id\":\"https:\/\/xstyle.md\/product\/fonar-dlja-velosipeda-smart-suburb-800\/#breadcrumb\"},\"inLanguage\":\"ro-RO\",\"potentialAction\":[{\"@type\":\"ReadAction\",\"target\":[\"https:\/\/xstyle.md\/product\/fonar-dlja-velosipeda-smart-suburb-800\/\"]}]},{\"@type\":\"ImageObject\",\"inLanguage\":\"ro-RO\",\"@id\":\"https:\/\/xstyle.md\/product\/fonar-dlja-velosipeda-smart-suburb-800\/#primaryimage\",\"url\":\"https:\/\/xstyle.md\/wp-content\/uploads\/2020\/07\/7_02_5.jpg\",\"contentUrl\":\"https:\/\/xstyle.md\/wp-content\/uploads\/2020\/07\/7_02_5.jpg\",\"width\":499,\"height\":372},{\"@type\":\"BreadcrumbList\",\"@id\":\"https:\/\/xstyle.md\/product\/fonar-dlja-velosipeda-smart-suburb-800\/#breadcrumb\",\"itemListElement\":[{\"@type\":\"ListItem\",\"position\":1,\"name\":\"\u0413\u043b\u0430\u0432\u043d\u0430\u044f \u0441\u0442\u0440\u0430\u043d\u0438\u0446\u0430\",\"item\":\"https:\/\/xstyle.md\/\"},{\"@type\":\"ListItem\",\"position\":2,\"name\":\"\u041c\u0430\u0433\u0430\u0437\u0438\u043d\",\"item\":\"https:\/\/xstyle.md\/shop\/\"},{\"@type\":\"ListItem\",\"position\":3,\"name\":\"\u0424\u043e\u043d\u0430\u0440\u044c \u0434\u043b\u044f \u0432\u0435\u043b\u043e\u0441\u0438\u043f\u0435\u0434\u0430 Smart Suburb 800\"}]},{\"@type\":\"WebSite\",\"@id\":\"https:\/\/xstyle.md\/#website\",\"url\":\"https:\/\/xstyle.md\/\",\"name\":\"\u041c\u0430\u0433\u0430\u0437\u0438\u043d Xstyle\",\"description\":\"C\u043d\u0430\u0440\u044f\u0436\u0435\u043d\u0438\u0435 \u0434\u043b\u044f \u0442\u0443\u0440\u0438\u0437\u043c\u0430 \u0438 \u044d\u043a\u0441\u0442\u0440\u0435\u043c\u0430\u043b\u044c\u043d\u044b\u0445 \u0432\u0438\u0434\u043e\u0432 \u0441\u043f\u043e\u0440\u0442\u0430 \u0432 \u041c\u043e\u043b\u0434\u043e\u0432\u0435.. \u0426\u0435\u043d\u044b, \u0444\u043e\u0442\u043e, \u0445\u0430\u0440\u0430\u043a\u0442\u0435\u0440\u0438\u0441\u0442\u0438\u043a\u0438 \u0432 \u041c\u043e\u043b\u0434\u043e\u0432\u0435.\",\"publisher\":{\"@id\":\"https:\/\/xstyle.md\/#organization\"},\"alternateName\":\"X-Style\",\"potentialAction\":[{\"@type\":\"SearchAction\",\"target\":{\"@type\":\"EntryPoint\",\"urlTemplate\":\"https:\/\/xstyle.md\/?s={search_term_string}\"},\"query-input\":{\"@type\":\"PropertyValueSpecification\",\"valueRequired\":true,\"valueName\":\"search_term_string\"}}],\"inLanguage\":\"ro-RO\"},{\"@type\":\"Organization\",\"@id\":\"https:\/\/xstyle.md\/#organization\",\"name\":\"\u041c\u0430\u0433\u0430\u0437\u0438\u043d Xstyle\",\"alternateName\":\"x-style\",\"url\":\"https:\/\/xstyle.md\/\",\"logo\":{\"@type\":\"ImageObject\",\"inLanguage\":\"ro-RO\",\"@id\":\"https:\/\/xstyle.md\/#\/schema\/logo\/image\/\",\"url\":\"https:\/\/xstyle.md\/wp-content\/uploads\/2020\/06\/logoicon.svg\",\"contentUrl\":\"https:\/\/xstyle.md\/wp-content\/uploads\/2020\/06\/logoicon.svg\",\"caption\":\"\u041c\u0430\u0433\u0430\u0437\u0438\u043d Xstyle\"},\"image\":{\"@id\":\"https:\/\/xstyle.md\/#\/schema\/logo\/image\/\"},\"sameAs\":[\"https:\/\/www.facebook.com\/xstylemd\",\"https:\/\/www.instagram.com\/xstyle_md\/\",\"https:\/\/t.me\/xstyle_outdoor\"],\"hasMerchantReturnPolicy\":{\"@type\":\"MerchantReturnPolicy\",\"merchantReturnLink\":\"https:\/\/xstyle.md\/ro\/conditions\/\"}}]}<\/script>\n<meta property=\"product:price:amount\" content=\"1495.00\" \/>\n<meta property=\"product:price:currency\" content=\"MDL\" \/>\n<meta property=\"og:availability\" content=\"instock\" \/>\n<meta property=\"product:availability\" content=\"instock\" \/>\n<meta property=\"product:retailer_item_id\" content=\"4715681188522\" \/>\n<meta property=\"product:condition\" content=\"new\" \/>\n<!-- \/ Yoast SEO plugin. -->","yoast_head_json":{"title":"Lantern\u0103 pentru biciclet\u0103 Smart Suburb 800 - Magazin Xstyle","description":"Lanterna pentru biciclet\u0103 Smart Suburb 800 \u2013 putere de 800 Lm, \u00eenc\u0103rcare USB, protec\u021bie IP66. Asigura\u021bi-v\u0103 siguran\u021ba \u00een plimb\u0103rile nocturne cu aceast\u0103 lumin\u0103 fiabil\u0103!","robots":{"index":"index","follow":"follow","max-snippet":"max-snippet:-1","max-image-preview":"max-image-preview:large","max-video-preview":"max-video-preview:-1"},"canonical":"https:\/\/xstyle.md\/ro\/produs\/fonar-dlja-velosipeda-smart-suburb-800\/","og_locale":"ro_RO","og_type":"article","og_title":"\u0424\u043e\u043d\u0430\u0440\u044c \u0434\u043b\u044f \u0432\u0435\u043b\u043e\u0441\u0438\u043f\u0435\u0434\u0430 Smart Suburb 800 - \u041c\u0430\u0433\u0430\u0437\u0438\u043d Xstyle","og_description":"\u0424\u043e\u043d\u0430\u0440\u044c \u0434\u043b\u044f \u0432\u0435\u043b\u043e\u0441\u0438\u043f\u0435\u0434\u0430 Smart Suburb 800 \u2013 \u043c\u043e\u0449\u043d\u044b\u0439 800 \u041b\u043c, USB-\u0437\u0430\u0440\u044f\u0434\u043a\u0430, \u0437\u0430\u0449\u0438\u0442\u0430 IP66. \u041e\u0431\u0435\u0441\u043f\u0435\u0447\u044c\u0442\u0435 \u0431\u0435\u0437\u043e\u043f\u0430\u0441\u043d\u043e\u0441\u0442\u044c \u043d\u0430 \u043d\u043e\u0447\u043d\u044b\u0445 \u043f\u043e\u0435\u0437\u0434\u043a\u0430\u0445 \u0441 \u044d\u0442\u0438\u043c \u043d\u0430\u0434\u0435\u0436\u043d\u044b\u043c \u0441\u0432\u0435\u0442\u043e\u043c!","og_url":"https:\/\/xstyle.md\/ro\/produs\/fonar-dlja-velosipeda-smart-suburb-800\/","og_site_name":"\u041c\u0430\u0433\u0430\u0437\u0438\u043d Xstyle","article_publisher":"https:\/\/www.facebook.com\/xstylemd","article_modified_time":"2026-03-19T13:39:41+00:00","og_image":[{"width":499,"height":372,"url":"https:\/\/xstyle.md\/wp-content\/uploads\/2020\/07\/7_02_5.jpg","type":"image\/jpeg"}],"twitter_card":"summary_large_image","twitter_misc":{"Pre\u021b":"1.495&nbsp;MDL","Disponibilitate":"\u00cen stoc"},"schema":{"@context":"https:\/\/schema.org","@graph":[{"@type":"WebPage","@id":"https:\/\/xstyle.md\/product\/fonar-dlja-velosipeda-smart-suburb-800\/","url":"https:\/\/xstyle.md\/product\/fonar-dlja-velosipeda-smart-suburb-800\/","name":"Lantern\u0103 pentru biciclet\u0103 Smart Suburb 800 - Magazin Xstyle","isPartOf":{"@id":"https:\/\/xstyle.md\/#website"},"primaryImageOfPage":{"@id":"https:\/\/xstyle.md\/product\/fonar-dlja-velosipeda-smart-suburb-800\/#primaryimage"},"image":{"@id":"https:\/\/xstyle.md\/product\/fonar-dlja-velosipeda-smart-suburb-800\/#primaryimage"},"thumbnailUrl":"https:\/\/xstyle.md\/wp-content\/uploads\/2020\/07\/7_02_5.jpg","datePublished":"2020-07-19T13:03:55+00:00","dateModified":"2026-03-19T13:39:41+00:00","description":"Lanterna pentru biciclet\u0103 Smart Suburb 800 \u2013 putere de 800 Lm, \u00eenc\u0103rcare USB, protec\u021bie IP66. Asigura\u021bi-v\u0103 siguran\u021ba \u00een plimb\u0103rile nocturne cu aceast\u0103 lumin\u0103 fiabil\u0103!","breadcrumb":{"@id":"https:\/\/xstyle.md\/product\/fonar-dlja-velosipeda-smart-suburb-800\/#breadcrumb"},"inLanguage":"ro-RO","potentialAction":[{"@type":"ReadAction","target":["https:\/\/xstyle.md\/product\/fonar-dlja-velosipeda-smart-suburb-800\/"]}]},{"@type":"ImageObject","inLanguage":"ro-RO","@id":"https:\/\/xstyle.md\/product\/fonar-dlja-velosipeda-smart-suburb-800\/#primaryimage","url":"https:\/\/xstyle.md\/wp-content\/uploads\/2020\/07\/7_02_5.jpg","contentUrl":"https:\/\/xstyle.md\/wp-content\/uploads\/2020\/07\/7_02_5.jpg","width":499,"height":372},{"@type":"BreadcrumbList","@id":"https:\/\/xstyle.md\/product\/fonar-dlja-velosipeda-smart-suburb-800\/#breadcrumb","itemListElement":[{"@type":"ListItem","position":1,"name":"\u0413\u043b\u0430\u0432\u043d\u0430\u044f \u0441\u0442\u0440\u0430\u043d\u0438\u0446\u0430","item":"https:\/\/xstyle.md\/"},{"@type":"ListItem","position":2,"name":"\u041c\u0430\u0433\u0430\u0437\u0438\u043d","item":"https:\/\/xstyle.md\/shop\/"},{"@type":"ListItem","position":3,"name":"\u0424\u043e\u043d\u0430\u0440\u044c \u0434\u043b\u044f \u0432\u0435\u043b\u043e\u0441\u0438\u043f\u0435\u0434\u0430 Smart Suburb 800"}]},{"@type":"WebSite","@id":"https:\/\/xstyle.md\/#website","url":"https:\/\/xstyle.md\/","name":"Magazinul X-Style","description":"Echipamente pentru turism \u0219i sporturi extreme \u00een Moldova. Pre\u021buri, fotografii, caracteristici \u00een Moldova.","publisher":{"@id":"https:\/\/xstyle.md\/#organization"},"alternateName":"X-Style","potentialAction":[{"@type":"SearchAction","target":{"@type":"EntryPoint","urlTemplate":"https:\/\/xstyle.md\/?s={search_term_string}"},"query-input":{"@type":"PropertyValueSpecification","valueRequired":true,"valueName":"search_term_string"}}],"inLanguage":"ro-RO"},{"@type":"Organization","@id":"https:\/\/xstyle.md\/#organization","name":"Magazinul X-Style","alternateName":"x-style","url":"https:\/\/xstyle.md\/","logo":{"@type":"ImageObject","inLanguage":"ro-RO","@id":"https:\/\/xstyle.md\/#\/schema\/logo\/image\/","url":"https:\/\/xstyle.md\/wp-content\/uploads\/2020\/06\/logoicon.svg","contentUrl":"https:\/\/xstyle.md\/wp-content\/uploads\/2020\/06\/logoicon.svg","caption":"\u041c\u0430\u0433\u0430\u0437\u0438\u043d Xstyle"},"image":{"@id":"https:\/\/xstyle.md\/#\/schema\/logo\/image\/"},"sameAs":["https:\/\/www.facebook.com\/xstylemd","https:\/\/www.instagram.com\/xstyle_md\/","https:\/\/t.me\/xstyle_outdoor"],"hasMerchantReturnPolicy":{"@type":"MerchantReturnPolicy","merchantReturnLink":"https:\/\/xstyle.md\/ro\/conditions\/"}}]},"product_price_amount":"1495.00","product_price_currency":"MDL","og_availability":"instock","product_availability":"instock","product_retailer_item_id":"4715681188522","product_condition":"new"},"post_mailing_queue_ids":[],"_links":{"self":[{"href":"https:\/\/xstyle.md\/ro\/wp-json\/wp\/v2\/product\/22826","targetHints":{"allow":["GET"]}}],"collection":[{"href":"https:\/\/xstyle.md\/ro\/wp-json\/wp\/v2\/product"}],"about":[{"href":"https:\/\/xstyle.md\/ro\/wp-json\/wp\/v2\/types\/product"}],"replies":[{"embeddable":true,"href":"https:\/\/xstyle.md\/ro\/wp-json\/wp\/v2\/comments?post=22826"}],"wp:featuredmedia":[{"embeddable":true,"href":"https:\/\/xstyle.md\/ro\/wp-json\/wp\/v2\/media\/22822"}],"wp:attachment":[{"href":"https:\/\/xstyle.md\/ro\/wp-json\/wp\/v2\/media?parent=22826"}],"wp:term":[{"taxonomy":"product_brand","embeddable":true,"href":"https:\/\/xstyle.md\/ro\/wp-json\/wp\/v2\/product_brand?post=22826"},{"taxonomy":"product_cat","embeddable":true,"href":"https:\/\/xstyle.md\/ro\/wp-json\/wp\/v2\/product_cat?post=22826"},{"taxonomy":"product_tag","embeddable":true,"href":"https:\/\/xstyle.md\/ro\/wp-json\/wp\/v2\/product_tag?post=22826"}],"curies":[{"name":"wp","href":"https:\/\/api.w.org\/{rel}","templated":true}]}}