{"id":22797,"date":"2020-07-19T16:02:31","date_gmt":"2020-07-19T13:02:31","guid":{"rendered":"https:\/\/xstyle.md\/?post_type=product&#038;p=22797"},"modified":"2026-03-19T16:39:37","modified_gmt":"2026-03-19T13:39:37","slug":"velosipednyj-shlem-m-wave-junior-zoo","status":"publish","type":"product","link":"https:\/\/xstyle.md\/ro\/produs\/velosipednyj-shlem-m-wave-junior-zoo\/","title":{"rendered":"Casc\u0103 ciclism M-Wave Junior Zoo"},"content":{"rendered":"<\/p>\n<p><strong>Casc\u0103 pentru ciclism M-Wave Junior Zoo<\/strong> &#8212; este o pies\u0103 important\u0103 de echipament pentru orice biciclist, \u00een special pentru tinerii care abia \u00eencep s\u0103 \u00eenve\u021be un nou mod de transport. P\u0103rin\u021bii responsabili trebuie s\u0103 aib\u0103 grij\u0103 de siguran\u021ba copiilor lor.<\/p>\n<p>Fiecare copil ar trebui s\u0103 poarte o casc\u0103 de protec\u021bie atunci c\u00e2nd merge cu bicicleta. O casc\u0103 de biciclet\u0103 va ajuta la evitarea diferitelor leziuni la cap \u00een cazul unei c\u0103deri. Cu toate acestea, trebuie reamintit faptul c\u0103, pentru o protec\u021bie maxim\u0103, casca trebuie s\u0103 fie de \u00eenalt\u0103 calitate \u0219i s\u0103 fie montat\u0103 \u0219i purtat\u0103 \u00een mod corespunz\u0103tor.<\/p>\n<p>Casca pentru copii Junior Zoo este produs\u0103 prin tehnologia In-mold &#8212; partea sa exterioar\u0103 din plastic este fuzionat\u0103 cu umplutura din spum\u0103 prin lipire chimic\u0103 la cald. Acest lucru produce o structur\u0103 practic omogen\u0103 a c\u0103\u0219tii, m\u0103rind rezisten\u021ba \u0219i, \u00een acela\u0219i timp, u\u0219ur\u00e2nd greutatea.<\/p>\n<p>EPS sau spuma de polistiren expandat este spuma rigid\u0103 folosit\u0103 ca \u0219i c\u0103ptu\u0219eal\u0103 interioar\u0103.<\/p>\n<p>Tampoanele moi deta\u0219abile din interior sunt concepute pentru o purtare confortabil\u0103, adapt\u00e2ndu-se la dimensiunea capului \u0219i absorbind transpira\u021bia. De asemenea, acestea sunt u\u0219or de sp\u0103lat. Sunt incluse tampoane suplimentare pentru cap \u0219i g\u00e2t pentru a se ajusta la m\u0103rimea capului dumneavoastr\u0103. Acestea v\u0103 protejeaz\u0103, de asemenea, capul de impactul unei c\u0103z\u0103turi, oferind o absorb\u021bie suplimentar\u0103 a \u0219ocurilor.<\/p>\n<p>Ventila\u021bia \u0219i r\u0103cirea bun\u0103 sunt asigurate de 12 g\u0103uri cu plas\u0103 de protec\u021bie.<\/p>\n<p>Curelele fixeaz\u0103 casca, \u00eempiedic\u00e2nd-o s\u0103 se deplaseze \u0219i s\u0103 cad\u0103 de pe cap \u00een timpul unei c\u0103deri. Catarama convenabil\u0103 v\u0103 permite s\u0103 o desface\u021bi cu o singur\u0103 m\u00e2n\u0103.<\/p>\n<p>Casca Junior Zoo este dotat\u0103 cu un inel de reglare pe spate. Pune\u021bi casca \u0219i, prin rotirea discului de reglare, asigura\u021bi-v\u0103 c\u0103 aceasta se potrive\u0219te confortabil \u0219i bine pe cap.<\/p>\n<p>Fiabil\u0103, u\u0219oar\u0103, confortabil\u0103, cu un design distractiv &#8212; toate acestea fac din casca Junior Zoo un companion indispensabil pentru c\u0103l\u0103toriile cu bicicleta.<\/p>\n<h3>Particularit\u0103\u021bi<\/h3>\n<ul>\n<li>Rezistent \u0219i robust, v\u0103 protejeaz\u0103 \u00eempotriva r\u0103nilor \u00een caz de c\u0103dere.<\/li>\n<li>Orificii de aerisire &#8212; creeaz\u0103 un flux de aer \u00een jurul capului, r\u0103corindu-l pe vreme cald\u0103. Dac\u0103 nu le ave\u021bi, capul se va aburi rapid pe o plimbare de var\u0103.<\/li>\n<li>Prezen\u021ba unor caneluri speciale de aer pe suprafa\u021ba interioar\u0103 a c\u0103\u0219tii, prin care aerul trece din partea frontal\u0103 a c\u0103\u0219tii spre partea occipital\u0103, elimin\u00e2nd c\u0103ldura din cap. Transpira\u021bia \u00een timpul mersului activ nu va ajunge \u00een ochi.<\/li>\n<li>Plasa de \u021b\u00e2n\u021bari de pe orificiile de aerisire este un lucru destul de util, mai ales \u00een timpul c\u0103l\u0103toriilor lungi. Nu este \u00eentotdeauna confortabil \u00een cazul \u00een care un bondar sau o alt\u0103 insect\u0103 zboar\u0103 \u00een orificiul de aerisire.<\/li>\n<li>Inelul de reglare, ajut\u0103 la adaptarea exact\u0103 a c\u0103\u0219tii la m\u0103rime, pentru o mai bun\u0103 fixare pe cap.<\/li>\n<li>Greutate foarte u\u0219oar\u0103.<\/li>\n<\/ul>\n<h3>Caracteristici<\/h3>\n<ul>\n<li>C\u0103ptu\u0219eal\u0103 deta\u0219abil\u0103 pentru o cur\u0103\u021bare u\u0219oar\u0103 &#8212; da<\/li>\n<li>Num\u0103rul de g\u0103uri de ventila\u021bie &#8212; 12<\/li>\n<li>Greutate &#8212; 219 g.<\/li>\n<\/ul>\n<h3>Tehnologie<\/h3>\n<ul>\n<li>Design <strong>In-Mould<\/strong> \u2014 este fuziunea a dou\u0103 p\u0103r\u021bi ale cochiliei c\u0103\u0219tii (interioar\u0103 \u0219i exterioar\u0103) \u00eentr-o singur\u0103 matrice prin intermediul unui proces de fuziune. Aceast\u0103 tehnic\u0103 demonstreaz\u0103 cele mai bune rezultate \u00een ceea ce prive\u0219te absorb\u021bia la impact \u0219i men\u021bine un raport excelent greutate-volum.<\/li>\n<\/ul>\n<p><\/p>","protected":false},"excerpt":{"rendered":"<p>\u0412\u0435\u043b\u043e\u0441\u0438\u043f\u0435\u0434\u043d\u044b\u0439 \u0448\u043b\u0435\u043c \u0434\u0435\u0442\u0441\u043a\u0438\u0439 Junior Zoo<\/p>","protected":false},"featured_media":48262,"comment_status":"open","ping_status":"closed","template":"","meta":{"_acf_changed":false,"inline_featured_image":false},"product_brand":[1372],"product_cat":[536],"product_tag":[],"class_list":{"0":"post-22797","1":"product","2":"type-product","3":"status-publish","4":"has-post-thumbnail","6":"product_brand-messingschlager","7":"product_cat-velo-helmets","9":"first","10":"instock","11":"shipping-taxable","12":"purchasable","13":"product-type-simple"},"acf":[],"yoast_head":"<!-- This site is optimized with the Yoast SEO plugin v27.2 - https:\/\/yoast.com\/product\/yoast-seo-wordpress\/ -->\n<title>\u0412\u0435\u043b\u043e\u0441\u0438\u043f\u0435\u0434\u043d\u044b\u0439 \u0448\u043b\u0435\u043c M-Wave Junior Zoo - \u041c\u0430\u0433\u0430\u0437\u0438\u043d Xstyle<\/title>\n<meta name=\"description\" content=\"\u0412\u0435\u043b\u043e\u0441\u0438\u043f\u0435\u0434\u043d\u044b\u0439 \u0448\u043b\u0435\u043c M-Wave Junior Zoo \u2014 \u0438\u0434\u0435\u0430\u043b\u044c\u043d\u0430\u044f \u0437\u0430\u0449\u0438\u0442\u0430 \u0434\u043b\u044f \u044e\u043d\u044b\u0445 \u0432\u0435\u043b\u043e\u0441\u0438\u043f\u0435\u0434\u0438\u0441\u0442\u043e\u0432. \u0411\u0435\u0437\u043e\u043f\u0430\u0441\u043d\u043e\u0441\u0442\u044c \u0438 \u0441\u0442\u0438\u043b\u044c \u0432 \u043e\u0434\u043d\u043e\u043c! \u0417\u0430\u0449\u0438\u0442\u0438\u0442\u0435 \u0441\u0432\u043e\u0438\u0445 \u0434\u0435\u0442\u0435\u0439 \u0441 M-Wave!\" \/>\n<meta name=\"robots\" content=\"index, follow, max-snippet:-1, max-image-preview:large, max-video-preview:-1\" \/>\n<link rel=\"canonical\" href=\"https:\/\/xstyle.md\/ro\/produs\/velosipednyj-shlem-m-wave-junior-zoo\/\" \/>\n<meta property=\"og:locale\" content=\"ro_RO\" \/>\n<meta property=\"og:type\" content=\"article\" \/>\n<meta property=\"og:title\" content=\"\u0412\u0435\u043b\u043e\u0441\u0438\u043f\u0435\u0434\u043d\u044b\u0439 \u0448\u043b\u0435\u043c M-Wave Junior Zoo - \u041c\u0430\u0433\u0430\u0437\u0438\u043d Xstyle\" \/>\n<meta property=\"og:description\" content=\"\u0412\u0435\u043b\u043e\u0441\u0438\u043f\u0435\u0434\u043d\u044b\u0439 \u0448\u043b\u0435\u043c M-Wave Junior Zoo \u2014 \u0438\u0434\u0435\u0430\u043b\u044c\u043d\u0430\u044f \u0437\u0430\u0449\u0438\u0442\u0430 \u0434\u043b\u044f \u044e\u043d\u044b\u0445 \u0432\u0435\u043b\u043e\u0441\u0438\u043f\u0435\u0434\u0438\u0441\u0442\u043e\u0432. \u0411\u0435\u0437\u043e\u043f\u0430\u0441\u043d\u043e\u0441\u0442\u044c \u0438 \u0441\u0442\u0438\u043b\u044c \u0432 \u043e\u0434\u043d\u043e\u043c! \u0417\u0430\u0449\u0438\u0442\u0438\u0442\u0435 \u0441\u0432\u043e\u0438\u0445 \u0434\u0435\u0442\u0435\u0439 \u0441 M-Wave!\" \/>\n<meta property=\"og:url\" content=\"https:\/\/xstyle.md\/ro\/produs\/velosipednyj-shlem-m-wave-junior-zoo\/\" \/>\n<meta property=\"og:site_name\" content=\"\u041c\u0430\u0433\u0430\u0437\u0438\u043d Xstyle\" \/>\n<meta property=\"article:publisher\" content=\"https:\/\/www.facebook.com\/xstylemd\" \/>\n<meta property=\"article:modified_time\" content=\"2026-03-19T13:39:37+00:00\" \/>\n<meta property=\"og:image\" content=\"https:\/\/xstyle.md\/wp-content\/uploads\/2020\/07\/junior-zoo.jpg\" \/>\n\t<meta property=\"og:image:width\" content=\"750\" \/>\n\t<meta property=\"og:image:height\" content=\"570\" \/>\n\t<meta property=\"og:image:type\" content=\"image\/jpeg\" \/>\n<meta name=\"twitter:card\" content=\"summary_large_image\" \/>\n<meta name=\"twitter:label1\" content=\"Pre\u021b\" \/>\n\t<meta name=\"twitter:data1\" content=\"670&nbsp;MDL\" \/>\n\t<meta name=\"twitter:label2\" content=\"Disponibilitate\" \/>\n\t<meta name=\"twitter:data2\" content=\"\u00cen stoc\" \/>\n<script type=\"application\/ld+json\" class=\"yoast-schema-graph\">{\"@context\":\"https:\/\/schema.org\",\"@graph\":[{\"@type\":\"WebPage\",\"@id\":\"https:\/\/xstyle.md\/product\/velosipednyj-shlem-m-wave-junior-zoo\/\",\"url\":\"https:\/\/xstyle.md\/product\/velosipednyj-shlem-m-wave-junior-zoo\/\",\"name\":\"\u0412\u0435\u043b\u043e\u0441\u0438\u043f\u0435\u0434\u043d\u044b\u0439 \u0448\u043b\u0435\u043c M-Wave Junior Zoo - \u041c\u0430\u0433\u0430\u0437\u0438\u043d Xstyle\",\"isPartOf\":{\"@id\":\"https:\/\/xstyle.md\/#website\"},\"primaryImageOfPage\":{\"@id\":\"https:\/\/xstyle.md\/product\/velosipednyj-shlem-m-wave-junior-zoo\/#primaryimage\"},\"image\":{\"@id\":\"https:\/\/xstyle.md\/product\/velosipednyj-shlem-m-wave-junior-zoo\/#primaryimage\"},\"thumbnailUrl\":\"https:\/\/xstyle.md\/wp-content\/uploads\/2020\/07\/junior-zoo.jpg\",\"datePublished\":\"2020-07-19T13:02:31+00:00\",\"dateModified\":\"2026-03-19T13:39:37+00:00\",\"description\":\"\u0412\u0435\u043b\u043e\u0441\u0438\u043f\u0435\u0434\u043d\u044b\u0439 \u0448\u043b\u0435\u043c M-Wave Junior Zoo \u2014 \u0438\u0434\u0435\u0430\u043b\u044c\u043d\u0430\u044f \u0437\u0430\u0449\u0438\u0442\u0430 \u0434\u043b\u044f \u044e\u043d\u044b\u0445 \u0432\u0435\u043b\u043e\u0441\u0438\u043f\u0435\u0434\u0438\u0441\u0442\u043e\u0432. \u0411\u0435\u0437\u043e\u043f\u0430\u0441\u043d\u043e\u0441\u0442\u044c \u0438 \u0441\u0442\u0438\u043b\u044c \u0432 \u043e\u0434\u043d\u043e\u043c! \u0417\u0430\u0449\u0438\u0442\u0438\u0442\u0435 \u0441\u0432\u043e\u0438\u0445 \u0434\u0435\u0442\u0435\u0439 \u0441 M-Wave!\",\"breadcrumb\":{\"@id\":\"https:\/\/xstyle.md\/product\/velosipednyj-shlem-m-wave-junior-zoo\/#breadcrumb\"},\"inLanguage\":\"ro-RO\",\"potentialAction\":[{\"@type\":\"ReadAction\",\"target\":[\"https:\/\/xstyle.md\/product\/velosipednyj-shlem-m-wave-junior-zoo\/\"]}]},{\"@type\":\"ImageObject\",\"inLanguage\":\"ro-RO\",\"@id\":\"https:\/\/xstyle.md\/product\/velosipednyj-shlem-m-wave-junior-zoo\/#primaryimage\",\"url\":\"https:\/\/xstyle.md\/wp-content\/uploads\/2020\/07\/junior-zoo.jpg\",\"contentUrl\":\"https:\/\/xstyle.md\/wp-content\/uploads\/2020\/07\/junior-zoo.jpg\",\"width\":750,\"height\":570,\"caption\":\"\u0414\u0435\u0442\u0441\u043a\u0438\u0439 \u0432\u0435\u043b\u043e\u0441\u0438\u043f\u0435\u0434\u043d\u044b\u0439 \u0448\u043b\u0435\u043c M-Wave Junior Zoo \u0434\u043b\u044f \u0430\u043a\u0442\u0438\u0432\u043d\u043e\u0433\u043e \u043e\u0442\u0434\u044b\u0445\u0430, \u043f\u0440\u043e\u0433\u0443\u043b\u043e\u043a, \u043f\u0443\u0442\u0435\u0448\u0435\u0441\u0442\u0432\u0438\u0439, \u0430\u043b\u044c\u043f\u0438\u043d\u0438\u0437\u043c\u0430 \u0438 \u043f\u043e\u0445\u043e\u0434\u043e\u0432 \u0432 \u043e\u043d\u043b\u0430\u0439\u043d \u043c\u0430\u0433\u0430\u0437\u0438\u043d\u0435 \u0441\u043f\u043e\u0440\u0442\u0438\u0432\u043d\u043e\u0439 \u043e\u0434\u0435\u0436\u0434\u044b \u043e\u0431\u0443\u0432\u0438 \u0438 \u0441\u043d\u0430\u0440\u044f\u0436\u0435\u043d\u0438\u044f\"},{\"@type\":\"BreadcrumbList\",\"@id\":\"https:\/\/xstyle.md\/product\/velosipednyj-shlem-m-wave-junior-zoo\/#breadcrumb\",\"itemListElement\":[{\"@type\":\"ListItem\",\"position\":1,\"name\":\"\u0413\u043b\u0430\u0432\u043d\u0430\u044f \u0441\u0442\u0440\u0430\u043d\u0438\u0446\u0430\",\"item\":\"https:\/\/xstyle.md\/\"},{\"@type\":\"ListItem\",\"position\":2,\"name\":\"\u041c\u0430\u0433\u0430\u0437\u0438\u043d\",\"item\":\"https:\/\/xstyle.md\/shop\/\"},{\"@type\":\"ListItem\",\"position\":3,\"name\":\"\u0412\u0435\u043b\u043e\u0441\u0438\u043f\u0435\u0434\u043d\u044b\u0439 \u0448\u043b\u0435\u043c M-Wave Junior Zoo\"}]},{\"@type\":\"WebSite\",\"@id\":\"https:\/\/xstyle.md\/#website\",\"url\":\"https:\/\/xstyle.md\/\",\"name\":\"\u041c\u0430\u0433\u0430\u0437\u0438\u043d Xstyle\",\"description\":\"C\u043d\u0430\u0440\u044f\u0436\u0435\u043d\u0438\u0435 \u0434\u043b\u044f \u0442\u0443\u0440\u0438\u0437\u043c\u0430 \u0438 \u044d\u043a\u0441\u0442\u0440\u0435\u043c\u0430\u043b\u044c\u043d\u044b\u0445 \u0432\u0438\u0434\u043e\u0432 \u0441\u043f\u043e\u0440\u0442\u0430 \u0432 \u041c\u043e\u043b\u0434\u043e\u0432\u0435.. \u0426\u0435\u043d\u044b, \u0444\u043e\u0442\u043e, \u0445\u0430\u0440\u0430\u043a\u0442\u0435\u0440\u0438\u0441\u0442\u0438\u043a\u0438 \u0432 \u041c\u043e\u043b\u0434\u043e\u0432\u0435.\",\"publisher\":{\"@id\":\"https:\/\/xstyle.md\/#organization\"},\"alternateName\":\"X-Style\",\"potentialAction\":[{\"@type\":\"SearchAction\",\"target\":{\"@type\":\"EntryPoint\",\"urlTemplate\":\"https:\/\/xstyle.md\/?s={search_term_string}\"},\"query-input\":{\"@type\":\"PropertyValueSpecification\",\"valueRequired\":true,\"valueName\":\"search_term_string\"}}],\"inLanguage\":\"ro-RO\"},{\"@type\":\"Organization\",\"@id\":\"https:\/\/xstyle.md\/#organization\",\"name\":\"\u041c\u0430\u0433\u0430\u0437\u0438\u043d Xstyle\",\"alternateName\":\"x-style\",\"url\":\"https:\/\/xstyle.md\/\",\"logo\":{\"@type\":\"ImageObject\",\"inLanguage\":\"ro-RO\",\"@id\":\"https:\/\/xstyle.md\/#\/schema\/logo\/image\/\",\"url\":\"https:\/\/xstyle.md\/wp-content\/uploads\/2020\/06\/logoicon.svg\",\"contentUrl\":\"https:\/\/xstyle.md\/wp-content\/uploads\/2020\/06\/logoicon.svg\",\"caption\":\"\u041c\u0430\u0433\u0430\u0437\u0438\u043d Xstyle\"},\"image\":{\"@id\":\"https:\/\/xstyle.md\/#\/schema\/logo\/image\/\"},\"sameAs\":[\"https:\/\/www.facebook.com\/xstylemd\",\"https:\/\/www.instagram.com\/xstyle_md\/\",\"https:\/\/t.me\/xstyle_outdoor\"],\"hasMerchantReturnPolicy\":{\"@type\":\"MerchantReturnPolicy\",\"merchantReturnLink\":\"https:\/\/xstyle.md\/ro\/conditions\/\"}}]}<\/script>\n<meta property=\"product:price:amount\" content=\"670.00\" \/>\n<meta property=\"product:price:currency\" content=\"MDL\" \/>\n<meta property=\"og:availability\" content=\"instock\" \/>\n<meta property=\"product:availability\" content=\"instock\" \/>\n<meta property=\"product:retailer_item_id\" content=\"4015493734222\" \/>\n<meta property=\"product:condition\" content=\"new\" \/>\n<!-- \/ Yoast SEO plugin. -->","yoast_head_json":{"title":"Casc\u0103 pentru ciclism M-Wave Junior Zoo - Magazin Xstyle","description":"Casc\u0103 de biciclet\u0103 M-Wave Junior Zoo \u2014 protec\u021bia ideal\u0103 pentru tinerii bicicli\u0219ti. Siguran\u021b\u0103 \u0219i stil \u00eentr-unul! Proteja\u021bi-v\u0103 copiii cu M-Wave!","robots":{"index":"index","follow":"follow","max-snippet":"max-snippet:-1","max-image-preview":"max-image-preview:large","max-video-preview":"max-video-preview:-1"},"canonical":"https:\/\/xstyle.md\/ro\/produs\/velosipednyj-shlem-m-wave-junior-zoo\/","og_locale":"ro_RO","og_type":"article","og_title":"\u0412\u0435\u043b\u043e\u0441\u0438\u043f\u0435\u0434\u043d\u044b\u0439 \u0448\u043b\u0435\u043c M-Wave Junior Zoo - \u041c\u0430\u0433\u0430\u0437\u0438\u043d Xstyle","og_description":"\u0412\u0435\u043b\u043e\u0441\u0438\u043f\u0435\u0434\u043d\u044b\u0439 \u0448\u043b\u0435\u043c M-Wave Junior Zoo \u2014 \u0438\u0434\u0435\u0430\u043b\u044c\u043d\u0430\u044f \u0437\u0430\u0449\u0438\u0442\u0430 \u0434\u043b\u044f \u044e\u043d\u044b\u0445 \u0432\u0435\u043b\u043e\u0441\u0438\u043f\u0435\u0434\u0438\u0441\u0442\u043e\u0432. \u0411\u0435\u0437\u043e\u043f\u0430\u0441\u043d\u043e\u0441\u0442\u044c \u0438 \u0441\u0442\u0438\u043b\u044c \u0432 \u043e\u0434\u043d\u043e\u043c! \u0417\u0430\u0449\u0438\u0442\u0438\u0442\u0435 \u0441\u0432\u043e\u0438\u0445 \u0434\u0435\u0442\u0435\u0439 \u0441 M-Wave!","og_url":"https:\/\/xstyle.md\/ro\/produs\/velosipednyj-shlem-m-wave-junior-zoo\/","og_site_name":"\u041c\u0430\u0433\u0430\u0437\u0438\u043d Xstyle","article_publisher":"https:\/\/www.facebook.com\/xstylemd","article_modified_time":"2026-03-19T13:39:37+00:00","og_image":[{"width":750,"height":570,"url":"https:\/\/xstyle.md\/wp-content\/uploads\/2020\/07\/junior-zoo.jpg","type":"image\/jpeg"}],"twitter_card":"summary_large_image","twitter_misc":{"Pre\u021b":"670&nbsp;MDL","Disponibilitate":"\u00cen stoc"},"schema":{"@context":"https:\/\/schema.org","@graph":[{"@type":"WebPage","@id":"https:\/\/xstyle.md\/product\/velosipednyj-shlem-m-wave-junior-zoo\/","url":"https:\/\/xstyle.md\/product\/velosipednyj-shlem-m-wave-junior-zoo\/","name":"Casc\u0103 pentru ciclism M-Wave Junior Zoo - Magazin Xstyle","isPartOf":{"@id":"https:\/\/xstyle.md\/#website"},"primaryImageOfPage":{"@id":"https:\/\/xstyle.md\/product\/velosipednyj-shlem-m-wave-junior-zoo\/#primaryimage"},"image":{"@id":"https:\/\/xstyle.md\/product\/velosipednyj-shlem-m-wave-junior-zoo\/#primaryimage"},"thumbnailUrl":"https:\/\/xstyle.md\/wp-content\/uploads\/2020\/07\/junior-zoo.jpg","datePublished":"2020-07-19T13:02:31+00:00","dateModified":"2026-03-19T13:39:37+00:00","description":"Casc\u0103 de biciclet\u0103 M-Wave Junior Zoo \u2014 protec\u021bia ideal\u0103 pentru tinerii bicicli\u0219ti. Siguran\u021b\u0103 \u0219i stil \u00eentr-unul! Proteja\u021bi-v\u0103 copiii cu M-Wave!","breadcrumb":{"@id":"https:\/\/xstyle.md\/product\/velosipednyj-shlem-m-wave-junior-zoo\/#breadcrumb"},"inLanguage":"ro-RO","potentialAction":[{"@type":"ReadAction","target":["https:\/\/xstyle.md\/product\/velosipednyj-shlem-m-wave-junior-zoo\/"]}]},{"@type":"ImageObject","inLanguage":"ro-RO","@id":"https:\/\/xstyle.md\/product\/velosipednyj-shlem-m-wave-junior-zoo\/#primaryimage","url":"https:\/\/xstyle.md\/wp-content\/uploads\/2020\/07\/junior-zoo.jpg","contentUrl":"https:\/\/xstyle.md\/wp-content\/uploads\/2020\/07\/junior-zoo.jpg","width":750,"height":570,"caption":"\u0414\u0435\u0442\u0441\u043a\u0438\u0439 \u0432\u0435\u043b\u043e\u0441\u0438\u043f\u0435\u0434\u043d\u044b\u0439 \u0448\u043b\u0435\u043c M-Wave Junior Zoo \u0434\u043b\u044f \u0430\u043a\u0442\u0438\u0432\u043d\u043e\u0433\u043e \u043e\u0442\u0434\u044b\u0445\u0430, \u043f\u0440\u043e\u0433\u0443\u043b\u043e\u043a, \u043f\u0443\u0442\u0435\u0448\u0435\u0441\u0442\u0432\u0438\u0439, \u0430\u043b\u044c\u043f\u0438\u043d\u0438\u0437\u043c\u0430 \u0438 \u043f\u043e\u0445\u043e\u0434\u043e\u0432 \u0432 \u043e\u043d\u043b\u0430\u0439\u043d \u043c\u0430\u0433\u0430\u0437\u0438\u043d\u0435 \u0441\u043f\u043e\u0440\u0442\u0438\u0432\u043d\u043e\u0439 \u043e\u0434\u0435\u0436\u0434\u044b \u043e\u0431\u0443\u0432\u0438 \u0438 \u0441\u043d\u0430\u0440\u044f\u0436\u0435\u043d\u0438\u044f"},{"@type":"BreadcrumbList","@id":"https:\/\/xstyle.md\/product\/velosipednyj-shlem-m-wave-junior-zoo\/#breadcrumb","itemListElement":[{"@type":"ListItem","position":1,"name":"\u0413\u043b\u0430\u0432\u043d\u0430\u044f \u0441\u0442\u0440\u0430\u043d\u0438\u0446\u0430","item":"https:\/\/xstyle.md\/"},{"@type":"ListItem","position":2,"name":"\u041c\u0430\u0433\u0430\u0437\u0438\u043d","item":"https:\/\/xstyle.md\/shop\/"},{"@type":"ListItem","position":3,"name":"\u0412\u0435\u043b\u043e\u0441\u0438\u043f\u0435\u0434\u043d\u044b\u0439 \u0448\u043b\u0435\u043c M-Wave Junior Zoo"}]},{"@type":"WebSite","@id":"https:\/\/xstyle.md\/#website","url":"https:\/\/xstyle.md\/","name":"Magazinul X-Style","description":"Echipamente pentru turism \u0219i sporturi extreme \u00een Moldova. Pre\u021buri, fotografii, caracteristici \u00een Moldova.","publisher":{"@id":"https:\/\/xstyle.md\/#organization"},"alternateName":"X-Style","potentialAction":[{"@type":"SearchAction","target":{"@type":"EntryPoint","urlTemplate":"https:\/\/xstyle.md\/?s={search_term_string}"},"query-input":{"@type":"PropertyValueSpecification","valueRequired":true,"valueName":"search_term_string"}}],"inLanguage":"ro-RO"},{"@type":"Organization","@id":"https:\/\/xstyle.md\/#organization","name":"Magazinul X-Style","alternateName":"x-style","url":"https:\/\/xstyle.md\/","logo":{"@type":"ImageObject","inLanguage":"ro-RO","@id":"https:\/\/xstyle.md\/#\/schema\/logo\/image\/","url":"https:\/\/xstyle.md\/wp-content\/uploads\/2020\/06\/logoicon.svg","contentUrl":"https:\/\/xstyle.md\/wp-content\/uploads\/2020\/06\/logoicon.svg","caption":"\u041c\u0430\u0433\u0430\u0437\u0438\u043d Xstyle"},"image":{"@id":"https:\/\/xstyle.md\/#\/schema\/logo\/image\/"},"sameAs":["https:\/\/www.facebook.com\/xstylemd","https:\/\/www.instagram.com\/xstyle_md\/","https:\/\/t.me\/xstyle_outdoor"],"hasMerchantReturnPolicy":{"@type":"MerchantReturnPolicy","merchantReturnLink":"https:\/\/xstyle.md\/ro\/conditions\/"}}]},"product_price_amount":"670.00","product_price_currency":"MDL","og_availability":"instock","product_availability":"instock","product_retailer_item_id":"4015493734222","product_condition":"new"},"post_mailing_queue_ids":[],"_links":{"self":[{"href":"https:\/\/xstyle.md\/ro\/wp-json\/wp\/v2\/product\/22797","targetHints":{"allow":["GET"]}}],"collection":[{"href":"https:\/\/xstyle.md\/ro\/wp-json\/wp\/v2\/product"}],"about":[{"href":"https:\/\/xstyle.md\/ro\/wp-json\/wp\/v2\/types\/product"}],"replies":[{"embeddable":true,"href":"https:\/\/xstyle.md\/ro\/wp-json\/wp\/v2\/comments?post=22797"}],"wp:featuredmedia":[{"embeddable":true,"href":"https:\/\/xstyle.md\/ro\/wp-json\/wp\/v2\/media\/48262"}],"wp:attachment":[{"href":"https:\/\/xstyle.md\/ro\/wp-json\/wp\/v2\/media?parent=22797"}],"wp:term":[{"taxonomy":"product_brand","embeddable":true,"href":"https:\/\/xstyle.md\/ro\/wp-json\/wp\/v2\/product_brand?post=22797"},{"taxonomy":"product_cat","embeddable":true,"href":"https:\/\/xstyle.md\/ro\/wp-json\/wp\/v2\/product_cat?post=22797"},{"taxonomy":"product_tag","embeddable":true,"href":"https:\/\/xstyle.md\/ro\/wp-json\/wp\/v2\/product_tag?post=22797"}],"curies":[{"name":"wp","href":"https:\/\/api.w.org\/{rel}","templated":true}]}}