{"id":22432,"date":"2020-07-19T15:48:59","date_gmt":"2020-07-19T12:48:59","guid":{"rendered":"https:\/\/xstyle.md\/product\/poperechiny-thule-wingbar-edge"},"modified":"2024-11-07T11:56:41","modified_gmt":"2024-11-07T08:56:41","slug":"poperechiny-thule-wingbar-edge","status":"publish","type":"product","link":"https:\/\/xstyle.md\/ro\/produs\/poperechiny-thule-wingbar-edge\/","title":{"rendered":"Bare transversale Thule WingBar Edge (721)"},"content":{"rendered":"<p><strong>Bare transversale Thule WingBar Edge (721)<\/strong> &#8212; \u0430<span style=\"font-size: 1em;\">\u044d\u0440\u043e\u0434\u0438\u043d\u0430\u043c\u0438\u0447\u0435\u0441\u043a\u0438\u0435 \u0434\u0443\u0433\u0438 \u0431\u0430\u0433\u0430\u0436\u043d\u0438\u043a\u0430 \u043f\u0440\u0435\u043c\u0438\u0443\u043c-\u043a\u043b\u0430\u0441\u0441\u0430 \u0434\u043b\u044f \u0438\u0441\u043a\u043b\u044e\u0447\u0438\u0442\u0435\u043b\u044c\u043d\u043e \u0442\u0438\u0445\u043e\u0439 \u0435\u0437\u0434\u044b \u0438 \u043b\u0435\u0433\u043a\u043e\u0439 \u0443\u0441\u0442\u0430\u043d\u043e\u0432\u043a\u0438 \u0430\u043a\u0441\u0435\u0441\u0441\u0443\u0430\u0440\u043e\u0432.<\/span><\/p>\n<p><span style=\"font-size: 1em;\"><span>\u0418\u0437\u0433\u043e\u0442\u043e\u0432\u043b\u0435\u043d \u0438\u0437 \u043b\u0435\u0433\u043a\u043e\u0433\u043e \u0430\u043b\u044e\u043c\u0438\u043d\u0438\u0435\u0432\u043e\u0433\u043e \u0441\u043f\u043b\u0430\u0432\u0430, \u0438\u043c\u0435\u0435\u0442 \u043a\u0430\u043f\u043b\u0435\u0432\u0438\u0434\u043d\u0443\u044e \u0444\u043e\u0440\u043c\u0443 \u0438 \u0438\u043d\u0442\u0435\u0433\u0440\u0438\u0440\u043e\u0432\u0430\u043d\u043d\u044b\u0435 \u0443\u043f\u043e\u0440\u044b \u0434\u043b\u044f \u043b\u0443\u0447\u0448\u0435\u0439 \u043e\u0431\u0442\u0435\u043a\u0430\u0435\u043c\u043e\u0441\u0442\u0438.&nbsp;<span>\u041f\u043e\u043f\u0435\u0440\u0435\u0447\u0438\u043d\u044b WingBar Edge \u0438\u043c\u0435\u044e\u0442 \u0441\u0430\u043c\u043e\u0435 \u043c\u0438\u043d\u0438\u043c\u0430\u043b\u044c\u043d\u043e\u0435 \u0441\u043e\u043f\u0440\u043e\u0442\u0438\u0432\u043b\u0435\u043d\u0438\u0435 \u043f\u0435\u0440\u0435\u0434 \u0432\u0441\u0442\u0440\u0435\u0447\u043d\u044b\u043c \u0432\u043e\u0437\u0434\u0443\u0448\u043d\u044b\u043c \u043f\u043e\u0442\u043e\u043a\u043e\u043c \u0438 \u0441\u043e\u0437\u0434\u0430\u044e\u0442 \u043c\u0435\u043d\u044c\u0448\u0435 \u0448\u0443\u043c\u0430 \u043f\u043e \u0441\u0440\u0430\u0432\u043d\u0435\u043d\u0438\u044e \u0441 \u043a\u043b\u0430\u0441\u0441\u0438\u0447\u0435\u0441\u043a\u0438\u043c\u0438 \u0431\u0430\u0433\u0430\u0436\u043d\u0438\u043a\u0430\u043c\u0438 Thule.<\/span><\/span><\/span><\/p>\n<p><span style=\"font-size: 1em;\"><span><span>\u041d\u0438\u0437\u043a\u0438\u0439 \u043f\u0440\u043e\u0444\u0438\u043b\u044c \u043a\u043e\u043d\u0441\u0442\u0440\u0443\u043a\u0446\u0438\u0438 Thule WingBar Edge \u0438\u0434\u0435\u0430\u043b\u044c\u043d\u043e \u0434\u043e\u043f\u043e\u043b\u043d\u044f\u0435\u0442 \u043b\u0438\u043d\u0438\u044e \u043a\u0440\u044b\u0448\u0438 \u0430\u0432\u0442\u043e\u043c\u043e\u0431\u0438\u043b\u044f. \u0423\u0441\u043e\u0432\u0435\u0440\u0448\u0435\u043d\u0441\u0442\u0432\u043e\u0432\u0430\u043d\u043d\u0430\u044f \u0430\u044d\u0440\u043e\u0434\u0438\u043d\u0430\u043c\u0438\u0447\u0435\u0441\u043a\u0430\u044f \u0444\u043e\u0440\u043c\u0430 \u0432 \u0441\u043e\u0447\u0435\u0442\u0430\u043d\u0438\u0438 \u0441 TrailEdge \u0438 WindDi\ufb00user \u043c\u0438\u043d\u0438\u043c\u0438\u0437\u0438\u0440\u0443\u0435\u0442 \u0448\u0443\u043c \u0438 \u043f\u043e\u0432\u044b\u0448\u0430\u0435\u0442 \u0442\u043e\u043f\u043b\u0438\u0432\u043d\u0443\u044e \u044d\u0444\u0444\u0435\u043a\u0442\u0438\u0432\u043d\u043e\u0441\u0442\u044c.<\/span><\/span><\/span><\/p>\n<p><span style=\"font-size: 1em;\"><span><span>\u0411\u043b\u0430\u0433\u043e\u0434\u0430\u0440\u044f \u044d\u043b\u0435\u0433\u0430\u043d\u0442\u043d\u043e\u0439 \u0438 \u043e\u043f\u0442\u0438\u043c\u0438\u0437\u0438\u0440\u043e\u0432\u0430\u043d\u043d\u043e\u0439 \u0444\u043e\u0440\u043c\u0435 Thule WingBar Edge \u0442\u0430\u043a\u0436\u0435 \u0438\u0434\u0435\u0430\u043b\u044c\u043d\u043e \u043f\u043e\u0434\u0445\u043e\u0434\u0438\u0442 \u0434\u043b\u044f \u0441\u043b\u0443\u0447\u0430\u0435\u0432, \u043a\u043e\u0433\u0434\u0430 \u0432\u044b \u043d\u0435 \u0438\u0441\u043f\u043e\u043b\u044c\u0437\u0443\u0435\u0442\u0435 \u0431\u0430\u0433\u0430\u0436\u043d\u0438\u043a, \u043d\u043e \u043d\u0435 \u0445\u043e\u0442\u0438\u0442\u0435 \u0435\u0433\u043e \u0441\u043d\u0438\u043c\u0430\u0442\u044c.<\/span><\/span><\/span><\/p>\n<p><span><span><span><span>\u041a\u043e\u043c\u043f\u0430\u043d\u0438\u044f \u043f\u0440\u043e\u0438\u0437\u0432\u043e\u0434\u0438\u0442 \u043f\u0440\u043e\u0434\u0443\u043a\u0446\u0438\u044e \u043f\u0440\u0435\u043c\u0438\u0443\u043c-\u043a\u043b\u0430\u0441\u0441\u0430, \u043a\u043e\u0442\u043e\u0440\u0430\u044f \u0441\u043b\u0430\u0432\u0438\u0442\u0441\u044f \u0441\u0432\u043e\u0438\u043c \u043d\u0435\u043f\u0440\u0435\u0432\u0437\u043e\u0439\u0434\u0451\u043d\u043d\u044b\u043c \u043a\u0430\u0447\u0435\u0441\u0442\u0432\u043e\u043c, \u0431\u0435\u0437\u043e\u043f\u0430\u0441\u043d\u043e\u0441\u0442\u044c\u044e, \u043f\u0440\u043e\u0441\u0442\u043e\u0442\u043e\u0439 \u0432 \u044d\u043a\u0441\u043f\u043b\u0443\u0430\u0442\u0430\u0446\u0438\u0438 \u0438 \u0441\u0442\u0438\u043b\u044c\u043d\u044b\u043c \u0434\u0438\u0437\u0430\u0439\u043d\u043e\u043c.&nbsp;<\/span><span>\u0428\u0432\u0435\u0434\u0441\u043a\u0430\u044f \u0444\u0438\u0440\u043c\u0430 Thule<\/span><span>&nbsp;\u043f\u0440\u043e\u0438\u0437\u0432\u043e\u0434\u0438\u0442&nbsp;<\/span><span>\u0431\u0430\u0433\u0430\u0436\u043d\u0438\u043a\u0438 \u0438 \u0434\u0440\u0443\u0433\u043e\u0435 \u0430\u0432\u0442\u043e\u043c\u043e\u0431\u0438\u043b\u044c\u043d\u043e\u0435 \u043e\u0431\u043e\u0440\u0443\u0434\u043e\u0432\u0430\u043d\u0438\u0435&nbsp;<\/span><span>\u043f\u043e \u043f\u0435\u0440\u0435\u0434\u043e\u0432\u044b\u043c \u0435\u0432\u0440\u043e\u043f\u0435\u0439\u0441\u043a\u0438\u043c \u0442\u0435\u0445\u043d\u043e\u043b\u043e\u0433\u0438\u044f\u043c.&nbsp;<span>\u0412\u0441\u044f \u043f\u0440\u043e\u0434\u0443\u043a\u0446\u0438\u044f \u043f\u0440\u043e\u0445\u043e\u0434\u0438\u0442 \u0441\u0430\u043c\u043e\u0435 \u0442\u0449\u0430\u0442\u0435\u043b\u044c\u043d\u043e\u0435 \u0442\u0435\u0441\u0442\u0438\u0440\u043e\u0432\u0430\u043d\u0438\u0435 \u0432 \u0440\u0430\u0437\u043b\u0438\u0447\u043d\u044b\u0445 \u0443\u0441\u043b\u043e\u0432\u0438\u044f\u0445 \u0434\u043b\u044f \u0442\u043e\u0433\u043e,\u0447\u0442\u043e\u0431\u044b \u0412\u044b \u0431\u044b\u043b\u0438 \u0443\u0432\u0435\u0440\u0435\u043d\u044b &#8212; Thule \u043d\u0435 \u043f\u043e\u0434\u0432\u0435\u0434\u0435\u0442 \u0412\u0430\u0441.<\/span><\/span><\/span><\/span><\/span><\/p>\n<p><em>\u041e\u0444\u0438\u0446\u0438\u0430\u043b\u044c\u043d\u0430\u044f \u0433\u0430\u0440\u0430\u043d\u0442\u0438\u044f \u043e\u0442 \u043f\u0440\u043e\u0438\u0437\u0432\u043e\u0434\u0438\u0442\u0435\u043b\u044f \u0440\u0430\u0441\u043f\u0440\u043e\u0441\u0442\u0440\u0430\u043d\u044f\u0435\u0442\u0441\u044f \u043d\u0430 \u043f\u0440\u043e\u0434\u0443\u043a\u0442\u044b \u0438 \u043a\u043e\u043c\u043f\u043b\u0435\u043a\u0442\u0443\u044e\u0449\u0438\u0435 \u0442\u043e\u0440\u0433\u043e\u0432\u043e\u0439 \u043c\u0430\u0440\u043a\u0438 Thule \u0441\u043e\u0441\u0442\u0430\u0432\u043b\u044f\u0435\u0442 5 \u043b\u0435\u0442.<\/em><\/p>\n<h3><span style=\"font-size: 1em;\"><span>Particularit\u0103\u021bi&nbsp;<\/span><\/span><\/h3>\n<ul>\n<li><span>\u0414\u0443\u0433\u0430 \u0431\u0430\u0433\u0430\u0436\u043d\u0438\u043a\u0430 \u0434\u043b\u044f \u043a\u0440\u044b\u0448\u0438 Thule Edge<\/span><\/li>\n<li><span>\u0411\u043b\u0430\u0433\u043e\u0434\u0430\u0440\u044f \u0442\u0435\u0445\u043d\u043e\u043b\u043e\u0433\u0438\u0438 WindDiffuser \u0434\u0432\u0438\u0436\u0435\u043d\u0438\u0435 \u043f\u043e\u0442\u043e\u043a\u0430 \u0432\u043e\u0437\u0434\u0443\u0445\u0430 \u043d\u0430\u0440\u0443\u0448\u0430\u0435\u0442\u0441\u044f, \u0447\u0442\u043e \u0441\u043d\u0438\u0436\u0430\u0435\u0442 \u0435\u0433\u043e \u0441\u043e\u043f\u0440\u043e\u0442\u0438\u0432\u043b\u0435\u043d\u0438\u0435 \u0438 \u0443\u0440\u043e\u0432\u0435\u043d\u044c \u0448\u0443\u043c\u0430, \u0430 \u0442\u0430\u043a\u0436\u0435 \u043f\u043e\u043c\u043e\u0433\u0430\u0435\u0442 \u044d\u043a\u043e\u043d\u043e\u043c\u0438\u0442\u044c \u0442\u043e\u043f\u043b\u0438\u0432\u043e<\/span><\/li>\n<li><span>\u041a\u043e\u043d\u0441\u0442\u0440\u0443\u043a\u0446\u0438\u044f TrailEdge \u0441\u043d\u0438\u0436\u0430\u0435\u0442 \u0430\u044d\u0440\u043e\u0434\u0438\u043d\u0430\u043c\u0438\u0447\u0435\u0441\u043a\u043e\u0435 \u0441\u043e\u043f\u0440\u043e\u0442\u0438\u0432\u043b\u0435\u043d\u0438\u0435, \u0441\u043f\u043e\u0441\u043e\u0431\u0441\u0442\u0432\u0443\u044f \u043e\u0431\u0442\u0435\u043a\u0430\u043d\u0438\u044e \u0434\u0443\u0433\u0438<\/span><\/li>\n<li class=\"show-image-on-click\" data-target=\"#ProductDetailImageSlider\" data-slide-to=\"3\"><span>\u0412\u0441\u0442\u0440\u043e\u0435\u043d\u043d\u044b\u0439 \u0431\u0430\u0433\u0430\u0436\u043d\u0438\u043a \u0434\u043b\u044f \u043a\u0440\u044b\u0448\u0438 \u0441 \u043d\u0438\u0437\u043a\u0438\u043c \u043f\u0440\u043e\u0444\u0438\u043b\u0435\u043c \u043e\u0441\u043d\u0430\u0449\u0435\u043d \u043e\u043f\u043e\u0440\u0430\u043c\u0438 Thule Edge, \u043e\u0442\u043b\u0438\u0447\u0430\u0435\u0442\u0441\u044f \u0438\u043d\u0434\u0438\u0432\u0438\u0434\u0443\u0430\u043b\u044c\u043d\u044b\u043c \u0432\u043d\u0435\u0448\u043d\u0438\u043c \u0432\u0438\u0434\u043e\u043c \u0438 \u0441\u043e\u0431\u0438\u0440\u0430\u0435\u0442\u0441\u044f \u043e\u0434\u043d\u0438\u043c \u0449\u0435\u043b\u0447\u043a\u043e\u043c<\/span><\/li>\n<li class=\"show-image-on-click\" data-target=\"#ProductDetailImageSlider\" data-slide-to=\"4\"><span>\u0412\u0435\u0440\u0445\u043d\u0438\u0435 \u0422-\u043e\u0431\u0440\u0430\u0437\u043d\u044b\u0435 \u043d\u0430\u043f\u0440\u0430\u0432\u043b\u044f\u044e\u0449\u0438\u0435 \u0432\u043c\u0435\u0441\u0442\u0435 \u0441 \u0438\u043d\u0442\u0435\u0440\u0444\u0435\u0439\u0441\u043e\u043c QuickAccess \u043f\u043e\u0437\u0432\u043e\u043b\u044f\u044e\u0442 \u0431\u0435\u0437 \u043f\u0440\u043e\u0431\u043b\u0435\u043c \u0443\u0441\u0442\u0430\u043d\u0430\u0432\u043b\u0438\u0432\u0430\u0442\u044c \u0438 \u0441\u043d\u0438\u043c\u0430\u0442\u044c \u0430\u043a\u0441\u0435\u0441\u0441\u0443\u0430\u0440\u044b<\/span><\/li>\n<li><span>\u0412\u043d\u0443\u0442\u0440\u0435\u043d\u043d\u044f\u044f \u0441\u0442\u0440\u0443\u043a\u0442\u0443\u0440\u0430 BoxBeam \u0434\u0435\u043b\u0430\u0435\u0442 \u0434\u0443\u0433\u0443 \u0431\u0430\u0433\u0430\u0436\u043d\u0438\u043a\u0430 \u0438\u0441\u043a\u043b\u044e\u0447\u0438\u0442\u0435\u043b\u044c\u043d\u043e \u043f\u0440\u043e\u0447\u043d\u043e\u0439<\/span><\/li>\n<\/ul>\n<h3>Caracteristici&nbsp;<\/h3>\n<ul>\n<li><span>\u041c\u0430\u043a\u0441\u0438\u043c\u0430\u043b\u044c\u043d\u0430\u044f \u043d\u0430\u0433\u0440\u0443\u0437\u043a\u0430 &#8212;&nbsp;<span>75&nbsp;\u043a\u0433. \u041f\u0440\u043e\u0432\u0435\u0440\u044c\u0442\u0435 \u0442\u0430\u043a\u0436\u0435 \u043c\u0430\u043a\u0441\u0438\u043c\u0430\u043b\u044c\u043d\u043e \u0434\u043e\u043f\u0443\u0441\u0442\u0438\u043c\u0443\u044e \u043d\u0430\u0433\u0440\u0443\u0437\u043a\u0443 \u0434\u043b\u044f \u043a\u0440\u044b\u0448\u0438 \u0432\u0430\u0448\u0435\u0433\u043e \u0430\u0432\u0442\u043e\u043c\u043e\u0431\u0438\u043b\u044f.<\/span><\/span><\/li>\n<li><span><span>\u041e\u0441\u043d\u0430\u0449\u0435\u043d\u043d\u044b\u0439 \u0422-\u043e\u0431\u0440\u0430\u0437\u043d\u043e\u0439 \u043d\u0430\u043f\u0440\u0430\u0432\u043b\u044f\u044e\u0449\u0435\u0439 &#8212; \u0414\u0430<\/span><\/span><\/li>\n<li><span><span>\u041c\u0430\u0442\u0435\u0440\u0438\u0430\u043b &#8212;&nbsp;\u043b\u0435\u0433\u043a\u0438\u0439 \u0430\u043b\u044e\u043c\u0438\u043d\u0438\u0435\u0432\u044b\u0439 \u0441\u043f\u043b\u0430\u0432<\/span><\/span><\/li>\n<li><span><span>\u0426\u0432\u0435\u0442 &#8212; \u0441\u0435\u0440\u044b\u0439&nbsp;<\/span><\/span><\/li>\n<\/ul>","protected":false},"excerpt":{"rendered":"<p>Bare transversale Thule WingBar Edge (721)<\/p>","protected":false},"featured_media":22427,"comment_status":"open","ping_status":"closed","template":"","meta":{"_acf_changed":false,"inline_featured_image":false},"product_brand":[1269],"product_cat":[363],"product_tag":[],"class_list":{"0":"post-22432","1":"product","2":"type-product","3":"status-publish","4":"has-post-thumbnail","6":"product_brand-thule","7":"product_cat-crossbars","9":"first","10":"outofstock","11":"shipping-taxable","12":"product-type-simple"},"acf":[],"yoast_head":"<!-- This site is optimized with the Yoast SEO plugin v27.2 - https:\/\/yoast.com\/product\/yoast-seo-wordpress\/ -->\n<title>\u041f\u043e\u043f\u0435\u0440\u0435\u0447\u0438\u043d\u044b Thule WingBar Edge (721) - \u041c\u0430\u0433\u0430\u0437\u0438\u043d Xstyle<\/title>\n<meta name=\"description\" content=\"\u041f\u043e\u043f\u0435\u0440\u0435\u0447\u0438\u043d\u044b Thule WingBar Edge (721) - \u0438\u0434\u0435\u0430\u043b\u044c\u043d\u043e\u0435 \u0440\u0435\u0448\u0435\u043d\u0438\u0435 \u0434\u043b\u044f \u0432\u0430\u0448\u0435\u0433\u043e \u0430\u0432\u0442\u043e\u043c\u043e\u0431\u0438\u043b\u044f. \u0412\u044b\u0441\u043e\u043a\u043e\u0435 \u043a\u0430\u0447\u0435\u0441\u0442\u0432\u043e, \u0430\u044d\u0440\u043e\u0434\u0438\u043d\u0430\u043c\u0438\u0447\u043d\u044b\u0439 \u0434\u0438\u0437\u0430\u0439\u043d \u0438 \u043b\u0435\u0433\u043a\u043e\u0441\u0442\u044c \u0443\u0441\u0442\u0430\u043d\u043e\u0432\u043a\u0438!\" \/>\n<meta name=\"robots\" content=\"index, follow, max-snippet:-1, max-image-preview:large, max-video-preview:-1\" \/>\n<link rel=\"canonical\" href=\"https:\/\/xstyle.md\/ro\/produs\/poperechiny-thule-wingbar-edge\/\" \/>\n<meta property=\"og:locale\" content=\"ro_RO\" \/>\n<meta property=\"og:type\" content=\"article\" \/>\n<meta property=\"og:title\" content=\"\u041f\u043e\u043f\u0435\u0440\u0435\u0447\u0438\u043d\u044b Thule WingBar Edge (721) - \u041c\u0430\u0433\u0430\u0437\u0438\u043d Xstyle\" \/>\n<meta property=\"og:description\" content=\"\u041f\u043e\u043f\u0435\u0440\u0435\u0447\u0438\u043d\u044b Thule WingBar Edge (721) - \u0438\u0434\u0435\u0430\u043b\u044c\u043d\u043e\u0435 \u0440\u0435\u0448\u0435\u043d\u0438\u0435 \u0434\u043b\u044f \u0432\u0430\u0448\u0435\u0433\u043e \u0430\u0432\u0442\u043e\u043c\u043e\u0431\u0438\u043b\u044f. \u0412\u044b\u0441\u043e\u043a\u043e\u0435 \u043a\u0430\u0447\u0435\u0441\u0442\u0432\u043e, \u0430\u044d\u0440\u043e\u0434\u0438\u043d\u0430\u043c\u0438\u0447\u043d\u044b\u0439 \u0434\u0438\u0437\u0430\u0439\u043d \u0438 \u043b\u0435\u0433\u043a\u043e\u0441\u0442\u044c \u0443\u0441\u0442\u0430\u043d\u043e\u0432\u043a\u0438!\" \/>\n<meta property=\"og:url\" content=\"https:\/\/xstyle.md\/ro\/produs\/poperechiny-thule-wingbar-edge\/\" \/>\n<meta property=\"og:site_name\" content=\"\u041c\u0430\u0433\u0430\u0437\u0438\u043d Xstyle\" \/>\n<meta property=\"article:publisher\" content=\"https:\/\/www.facebook.com\/xstylemd\" \/>\n<meta property=\"article:modified_time\" content=\"2024-11-07T08:56:41+00:00\" \/>\n<meta property=\"og:image\" content=\"https:\/\/xstyle.md\/wp-content\/uploads\/2020\/07\/thule_wingbar_edge_721_.jpg\" \/>\n\t<meta property=\"og:image:width\" content=\"1431\" \/>\n\t<meta property=\"og:image:height\" content=\"639\" \/>\n\t<meta property=\"og:image:type\" content=\"image\/jpeg\" \/>\n<meta name=\"twitter:card\" content=\"summary_large_image\" \/>\n<meta name=\"twitter:label1\" content=\"Pre\u021b\" \/>\n\t<meta name=\"twitter:data1\" content=\"1.430&nbsp;MDL\" \/>\n\t<meta name=\"twitter:label2\" content=\"Disponibilitate\" \/>\n\t<meta name=\"twitter:data2\" content=\"Stoc epuizat\" \/>\n<script type=\"application\/ld+json\" class=\"yoast-schema-graph\">{\"@context\":\"https:\/\/schema.org\",\"@graph\":[{\"@type\":\"WebPage\",\"@id\":\"https:\/\/xstyle.md\/product\/poperechiny-thule-wingbar-edge\/\",\"url\":\"https:\/\/xstyle.md\/product\/poperechiny-thule-wingbar-edge\/\",\"name\":\"\u041f\u043e\u043f\u0435\u0440\u0435\u0447\u0438\u043d\u044b Thule WingBar Edge (721) - \u041c\u0430\u0433\u0430\u0437\u0438\u043d Xstyle\",\"isPartOf\":{\"@id\":\"https:\/\/xstyle.md\/#website\"},\"primaryImageOfPage\":{\"@id\":\"https:\/\/xstyle.md\/product\/poperechiny-thule-wingbar-edge\/#primaryimage\"},\"image\":{\"@id\":\"https:\/\/xstyle.md\/product\/poperechiny-thule-wingbar-edge\/#primaryimage\"},\"thumbnailUrl\":\"https:\/\/xstyle.md\/wp-content\/uploads\/2020\/07\/thule_wingbar_edge_721_.jpg\",\"datePublished\":\"2020-07-19T12:48:59+00:00\",\"dateModified\":\"2024-11-07T08:56:41+00:00\",\"description\":\"\u041f\u043e\u043f\u0435\u0440\u0435\u0447\u0438\u043d\u044b Thule WingBar Edge (721) - \u0438\u0434\u0435\u0430\u043b\u044c\u043d\u043e\u0435 \u0440\u0435\u0448\u0435\u043d\u0438\u0435 \u0434\u043b\u044f \u0432\u0430\u0448\u0435\u0433\u043e \u0430\u0432\u0442\u043e\u043c\u043e\u0431\u0438\u043b\u044f. \u0412\u044b\u0441\u043e\u043a\u043e\u0435 \u043a\u0430\u0447\u0435\u0441\u0442\u0432\u043e, \u0430\u044d\u0440\u043e\u0434\u0438\u043d\u0430\u043c\u0438\u0447\u043d\u044b\u0439 \u0434\u0438\u0437\u0430\u0439\u043d \u0438 \u043b\u0435\u0433\u043a\u043e\u0441\u0442\u044c \u0443\u0441\u0442\u0430\u043d\u043e\u0432\u043a\u0438!\",\"breadcrumb\":{\"@id\":\"https:\/\/xstyle.md\/product\/poperechiny-thule-wingbar-edge\/#breadcrumb\"},\"inLanguage\":\"ro-RO\",\"potentialAction\":[{\"@type\":\"ReadAction\",\"target\":[\"https:\/\/xstyle.md\/product\/poperechiny-thule-wingbar-edge\/\"]}]},{\"@type\":\"ImageObject\",\"inLanguage\":\"ro-RO\",\"@id\":\"https:\/\/xstyle.md\/product\/poperechiny-thule-wingbar-edge\/#primaryimage\",\"url\":\"https:\/\/xstyle.md\/wp-content\/uploads\/2020\/07\/thule_wingbar_edge_721_.jpg\",\"contentUrl\":\"https:\/\/xstyle.md\/wp-content\/uploads\/2020\/07\/thule_wingbar_edge_721_.jpg\",\"width\":1431,\"height\":639},{\"@type\":\"BreadcrumbList\",\"@id\":\"https:\/\/xstyle.md\/product\/poperechiny-thule-wingbar-edge\/#breadcrumb\",\"itemListElement\":[{\"@type\":\"ListItem\",\"position\":1,\"name\":\"\u0413\u043b\u0430\u0432\u043d\u0430\u044f \u0441\u0442\u0440\u0430\u043d\u0438\u0446\u0430\",\"item\":\"https:\/\/xstyle.md\/\"},{\"@type\":\"ListItem\",\"position\":2,\"name\":\"\u041c\u0430\u0433\u0430\u0437\u0438\u043d\",\"item\":\"https:\/\/xstyle.md\/shop\/\"},{\"@type\":\"ListItem\",\"position\":3,\"name\":\"\u041f\u043e\u043f\u0435\u0440\u0435\u0447\u0438\u043d\u044b Thule WingBar Edge (721)\"}]},{\"@type\":\"WebSite\",\"@id\":\"https:\/\/xstyle.md\/#website\",\"url\":\"https:\/\/xstyle.md\/\",\"name\":\"\u041c\u0430\u0433\u0430\u0437\u0438\u043d Xstyle\",\"description\":\"C\u043d\u0430\u0440\u044f\u0436\u0435\u043d\u0438\u0435 \u0434\u043b\u044f \u0442\u0443\u0440\u0438\u0437\u043c\u0430 \u0438 \u044d\u043a\u0441\u0442\u0440\u0435\u043c\u0430\u043b\u044c\u043d\u044b\u0445 \u0432\u0438\u0434\u043e\u0432 \u0441\u043f\u043e\u0440\u0442\u0430 \u0432 \u041c\u043e\u043b\u0434\u043e\u0432\u0435.. \u0426\u0435\u043d\u044b, \u0444\u043e\u0442\u043e, \u0445\u0430\u0440\u0430\u043a\u0442\u0435\u0440\u0438\u0441\u0442\u0438\u043a\u0438 \u0432 \u041c\u043e\u043b\u0434\u043e\u0432\u0435.\",\"publisher\":{\"@id\":\"https:\/\/xstyle.md\/#organization\"},\"alternateName\":\"X-Style\",\"potentialAction\":[{\"@type\":\"SearchAction\",\"target\":{\"@type\":\"EntryPoint\",\"urlTemplate\":\"https:\/\/xstyle.md\/?s={search_term_string}\"},\"query-input\":{\"@type\":\"PropertyValueSpecification\",\"valueRequired\":true,\"valueName\":\"search_term_string\"}}],\"inLanguage\":\"ro-RO\"},{\"@type\":\"Organization\",\"@id\":\"https:\/\/xstyle.md\/#organization\",\"name\":\"\u041c\u0430\u0433\u0430\u0437\u0438\u043d Xstyle\",\"alternateName\":\"x-style\",\"url\":\"https:\/\/xstyle.md\/\",\"logo\":{\"@type\":\"ImageObject\",\"inLanguage\":\"ro-RO\",\"@id\":\"https:\/\/xstyle.md\/#\/schema\/logo\/image\/\",\"url\":\"https:\/\/xstyle.md\/wp-content\/uploads\/2020\/06\/logoicon.svg\",\"contentUrl\":\"https:\/\/xstyle.md\/wp-content\/uploads\/2020\/06\/logoicon.svg\",\"caption\":\"\u041c\u0430\u0433\u0430\u0437\u0438\u043d Xstyle\"},\"image\":{\"@id\":\"https:\/\/xstyle.md\/#\/schema\/logo\/image\/\"},\"sameAs\":[\"https:\/\/www.facebook.com\/xstylemd\",\"https:\/\/www.instagram.com\/xstyle_md\/\",\"https:\/\/t.me\/xstyle_outdoor\"],\"hasMerchantReturnPolicy\":{\"@type\":\"MerchantReturnPolicy\",\"merchantReturnLink\":\"https:\/\/xstyle.md\/ro\/conditions\/\"}}]}<\/script>\n<meta property=\"product:price:amount\" content=\"1430.00\" \/>\n<meta property=\"product:price:currency\" content=\"MDL\" \/>\n<meta property=\"og:availability\" content=\"out of stock\" \/>\n<meta property=\"product:availability\" content=\"out of stock\" \/>\n<meta property=\"product:retailer_item_id\" content=\"721100\" \/>\n<meta property=\"product:condition\" content=\"new\" \/>\n<!-- \/ Yoast SEO plugin. -->","yoast_head_json":{"title":"\u041f\u043e\u043f\u0435\u0440\u0435\u0447\u0438\u043d\u044b Thule WingBar Edge (721) - \u041c\u0430\u0433\u0430\u0437\u0438\u043d Xstyle","description":"Popor\u021bi Thule WingBar Edge (721) - solu\u021bia ideal\u0103 pentru ma\u0219ina dumneavoastr\u0103. Calitate \u00eenalt\u0103, design aerodinamic \u0219i u\u0219urin\u021b\u0103 \u00een instalare!","robots":{"index":"index","follow":"follow","max-snippet":"max-snippet:-1","max-image-preview":"max-image-preview:large","max-video-preview":"max-video-preview:-1"},"canonical":"https:\/\/xstyle.md\/ro\/produs\/poperechiny-thule-wingbar-edge\/","og_locale":"ro_RO","og_type":"article","og_title":"\u041f\u043e\u043f\u0435\u0440\u0435\u0447\u0438\u043d\u044b Thule WingBar Edge (721) - \u041c\u0430\u0433\u0430\u0437\u0438\u043d Xstyle","og_description":"\u041f\u043e\u043f\u0435\u0440\u0435\u0447\u0438\u043d\u044b Thule WingBar Edge (721) - \u0438\u0434\u0435\u0430\u043b\u044c\u043d\u043e\u0435 \u0440\u0435\u0448\u0435\u043d\u0438\u0435 \u0434\u043b\u044f \u0432\u0430\u0448\u0435\u0433\u043e \u0430\u0432\u0442\u043e\u043c\u043e\u0431\u0438\u043b\u044f. \u0412\u044b\u0441\u043e\u043a\u043e\u0435 \u043a\u0430\u0447\u0435\u0441\u0442\u0432\u043e, \u0430\u044d\u0440\u043e\u0434\u0438\u043d\u0430\u043c\u0438\u0447\u043d\u044b\u0439 \u0434\u0438\u0437\u0430\u0439\u043d \u0438 \u043b\u0435\u0433\u043a\u043e\u0441\u0442\u044c \u0443\u0441\u0442\u0430\u043d\u043e\u0432\u043a\u0438!","og_url":"https:\/\/xstyle.md\/ro\/produs\/poperechiny-thule-wingbar-edge\/","og_site_name":"\u041c\u0430\u0433\u0430\u0437\u0438\u043d Xstyle","article_publisher":"https:\/\/www.facebook.com\/xstylemd","article_modified_time":"2024-11-07T08:56:41+00:00","og_image":[{"width":1431,"height":639,"url":"https:\/\/xstyle.md\/wp-content\/uploads\/2020\/07\/thule_wingbar_edge_721_.jpg","type":"image\/jpeg"}],"twitter_card":"summary_large_image","twitter_misc":{"Pre\u021b":"1.430&nbsp;MDL","Disponibilitate":"Stoc epuizat"},"schema":{"@context":"https:\/\/schema.org","@graph":[{"@type":"WebPage","@id":"https:\/\/xstyle.md\/product\/poperechiny-thule-wingbar-edge\/","url":"https:\/\/xstyle.md\/product\/poperechiny-thule-wingbar-edge\/","name":"\u041f\u043e\u043f\u0435\u0440\u0435\u0447\u0438\u043d\u044b Thule WingBar Edge (721) - \u041c\u0430\u0433\u0430\u0437\u0438\u043d Xstyle","isPartOf":{"@id":"https:\/\/xstyle.md\/#website"},"primaryImageOfPage":{"@id":"https:\/\/xstyle.md\/product\/poperechiny-thule-wingbar-edge\/#primaryimage"},"image":{"@id":"https:\/\/xstyle.md\/product\/poperechiny-thule-wingbar-edge\/#primaryimage"},"thumbnailUrl":"https:\/\/xstyle.md\/wp-content\/uploads\/2020\/07\/thule_wingbar_edge_721_.jpg","datePublished":"2020-07-19T12:48:59+00:00","dateModified":"2024-11-07T08:56:41+00:00","description":"Popor\u021bi Thule WingBar Edge (721) - solu\u021bia ideal\u0103 pentru ma\u0219ina dumneavoastr\u0103. Calitate \u00eenalt\u0103, design aerodinamic \u0219i u\u0219urin\u021b\u0103 \u00een instalare!","breadcrumb":{"@id":"https:\/\/xstyle.md\/product\/poperechiny-thule-wingbar-edge\/#breadcrumb"},"inLanguage":"ro-RO","potentialAction":[{"@type":"ReadAction","target":["https:\/\/xstyle.md\/product\/poperechiny-thule-wingbar-edge\/"]}]},{"@type":"ImageObject","inLanguage":"ro-RO","@id":"https:\/\/xstyle.md\/product\/poperechiny-thule-wingbar-edge\/#primaryimage","url":"https:\/\/xstyle.md\/wp-content\/uploads\/2020\/07\/thule_wingbar_edge_721_.jpg","contentUrl":"https:\/\/xstyle.md\/wp-content\/uploads\/2020\/07\/thule_wingbar_edge_721_.jpg","width":1431,"height":639},{"@type":"BreadcrumbList","@id":"https:\/\/xstyle.md\/product\/poperechiny-thule-wingbar-edge\/#breadcrumb","itemListElement":[{"@type":"ListItem","position":1,"name":"\u0413\u043b\u0430\u0432\u043d\u0430\u044f \u0441\u0442\u0440\u0430\u043d\u0438\u0446\u0430","item":"https:\/\/xstyle.md\/"},{"@type":"ListItem","position":2,"name":"\u041c\u0430\u0433\u0430\u0437\u0438\u043d","item":"https:\/\/xstyle.md\/shop\/"},{"@type":"ListItem","position":3,"name":"\u041f\u043e\u043f\u0435\u0440\u0435\u0447\u0438\u043d\u044b Thule WingBar Edge (721)"}]},{"@type":"WebSite","@id":"https:\/\/xstyle.md\/#website","url":"https:\/\/xstyle.md\/","name":"Magazinul X-Style","description":"Echipamente pentru turism \u0219i sporturi extreme \u00een Moldova. Pre\u021buri, fotografii, caracteristici \u00een Moldova.","publisher":{"@id":"https:\/\/xstyle.md\/#organization"},"alternateName":"X-Style","potentialAction":[{"@type":"SearchAction","target":{"@type":"EntryPoint","urlTemplate":"https:\/\/xstyle.md\/?s={search_term_string}"},"query-input":{"@type":"PropertyValueSpecification","valueRequired":true,"valueName":"search_term_string"}}],"inLanguage":"ro-RO"},{"@type":"Organization","@id":"https:\/\/xstyle.md\/#organization","name":"Magazinul X-Style","alternateName":"x-style","url":"https:\/\/xstyle.md\/","logo":{"@type":"ImageObject","inLanguage":"ro-RO","@id":"https:\/\/xstyle.md\/#\/schema\/logo\/image\/","url":"https:\/\/xstyle.md\/wp-content\/uploads\/2020\/06\/logoicon.svg","contentUrl":"https:\/\/xstyle.md\/wp-content\/uploads\/2020\/06\/logoicon.svg","caption":"\u041c\u0430\u0433\u0430\u0437\u0438\u043d Xstyle"},"image":{"@id":"https:\/\/xstyle.md\/#\/schema\/logo\/image\/"},"sameAs":["https:\/\/www.facebook.com\/xstylemd","https:\/\/www.instagram.com\/xstyle_md\/","https:\/\/t.me\/xstyle_outdoor"],"hasMerchantReturnPolicy":{"@type":"MerchantReturnPolicy","merchantReturnLink":"https:\/\/xstyle.md\/ro\/conditions\/"}}]},"product_price_amount":"1430.00","product_price_currency":"MDL","og_availability":"out of stock","product_availability":"out of stock","product_retailer_item_id":"721100","product_condition":"new"},"post_mailing_queue_ids":[],"_links":{"self":[{"href":"https:\/\/xstyle.md\/ro\/wp-json\/wp\/v2\/product\/22432","targetHints":{"allow":["GET"]}}],"collection":[{"href":"https:\/\/xstyle.md\/ro\/wp-json\/wp\/v2\/product"}],"about":[{"href":"https:\/\/xstyle.md\/ro\/wp-json\/wp\/v2\/types\/product"}],"replies":[{"embeddable":true,"href":"https:\/\/xstyle.md\/ro\/wp-json\/wp\/v2\/comments?post=22432"}],"wp:featuredmedia":[{"embeddable":true,"href":"https:\/\/xstyle.md\/ro\/wp-json\/wp\/v2\/media\/22427"}],"wp:attachment":[{"href":"https:\/\/xstyle.md\/ro\/wp-json\/wp\/v2\/media?parent=22432"}],"wp:term":[{"taxonomy":"product_brand","embeddable":true,"href":"https:\/\/xstyle.md\/ro\/wp-json\/wp\/v2\/product_brand?post=22432"},{"taxonomy":"product_cat","embeddable":true,"href":"https:\/\/xstyle.md\/ro\/wp-json\/wp\/v2\/product_cat?post=22432"},{"taxonomy":"product_tag","embeddable":true,"href":"https:\/\/xstyle.md\/ro\/wp-json\/wp\/v2\/product_tag?post=22432"}],"curies":[{"name":"wp","href":"https:\/\/api.w.org\/{rel}","templated":true}]}}