{"id":22097,"date":"2020-07-19T15:33:27","date_gmt":"2020-07-19T12:33:27","guid":{"rendered":"https:\/\/xstyle.md\/product\/gril-cadac-carri-grillo-chef-2-bbq"},"modified":"2026-03-19T16:39:26","modified_gmt":"2026-03-19T13:39:26","slug":"gril-cadac-carri-grillo-chef-2-bbq","status":"publish","type":"product","link":"https:\/\/xstyle.md\/ro\/produs\/gril-cadac-carri-grillo-chef-2-bbq\/","title":{"rendered":"Gratar Cadac Grillo Chef 2 BBQ"},"content":{"rendered":"<\/p>\n<p><strong>Grillo Chef 2<\/strong> robust, compact \u0219i portabil este ideal pentru g\u0103tirea c\u0103rnii, pe\u0219tilor \u0219i legumelor. Foaia de copt rezistent\u0103, cu un diametru de 38 cm de la un material special, cu o acoperire ceramic\u0103 GreenGrill se \u00eenc\u0103lze\u0219te uniform \u0219i ofer\u0103 o g\u0103tire excelent\u0103. Gr\u0103tarul este u\u0219or de pliat \u0219i ambalat \/ depozitat \u00eentr-un sac de transport robust. Folosit doar \u00een aer liber. C\u00e2nd folosi\u021bi o tigaie, dimensiunea minim\u0103 recomandat\u0103 este de 150 mm, iar dimensiunea maxim\u0103 recomandat\u0103 este de 300 mm<\/p>\n<p>Gr\u0103tarul este un tip unic de g\u0103tit pe o suprafa\u021b\u0103 fierbinte a diferitelor feluri de m\u00e2ncare, aproape f\u0103r\u0103 gr\u0103sime \u0219i cu o conservare maxim\u0103 a nutrien\u021bilor. Produsele preparate \u00een sucul propriu nu \u00ee\u0219i pierd originalitatea, prospe\u021bimea \u0219i gustul natural. Dac\u0103 \u00eenc\u0103lzi\u021bi foaia de copt la o temperatur\u0103 ridicat\u0103, pres\u0103ra\u021bi sare de mare grosier\u0103, ad\u0103uga\u021bi c\u00e2teva pic\u0103turi de ulei \u0219i r\u0103sp\u00e2ndi\u021bi rapid pe\u0219te, carne, fructe de mare sau chiar legume, apoi se fierb c\u00e2teva minute. Chiar \u0219i dup\u0103 oprirea gazului, pute\u021bi l\u0103sa bucatele \u00een interior pentru a se p\u0103stra calde \u00eenc\u0103 mult timp.<\/p>\n<h3>Specifica\u021bii<\/h3>\n<ul>\n<li>Func\u021bioneaz\u0103 cu butelie de gaz;<\/li>\n<li>Protejeaz\u0103 de ardere;<\/li>\n<li>Aprindere automat\u0103 piezo;<\/li>\n<li>Partea inferioar\u0103 deta\u0219abil\u0103 (tav\u0103 pentru scurgerea gr\u0103simii) cu spa\u021biu pentru flac\u0103r\u0103;<\/li>\n<li>Picioare stabile confec\u021bionate din aluminiu de \u00eenalt\u0103 calitate;<\/li>\n<\/ul>\n<h3>Setul include<\/h3>\n<ul>\n<li>un gr\u0103tar GreenGrill,<\/li>\n<li>tigaie Easy Clean,<\/li>\n<li>un capac cu termometru,<\/li>\n<li>un suport pentru vase<\/li>\n<li>ogeant\u0103 rezistent\u0103 pentru transportare \u0219i depozitare.<\/li>\n<\/ul>\n<h3>Caracteristici<\/h3>\n<ul>\n<li>Putere: 3 kw<\/li>\n<li>Temperatura de lucru: 30 mbar<\/li>\n<li>Culoare: negru<\/li>\n<li>Consumul de gaz: 218 g\/h<\/li>\n<li>Dimensiuni (L \u0445 L \u0445 H):\u00a063 \u00d7 63 \u00d7 70 \u0441\u043c<\/li>\n<li>Greutate: 5 \u043a\u0433<\/li>\n<\/ul>\n<h3>Descriere<\/h3>\n<ul>\n<li>Tava de copt Cadac este mult mai puternic\u0103 dec\u00e2t acoperirea obi\u0219nuit\u0103 antiaderent\u0103. Rezist\u0103 la temperaturi mai ridicate, distribuie mai bine c\u0103ldura \u0219i re\u021bine aceast\u0103 c\u0103ldur\u0103, astfel \u00eenc\u00e2t gr\u0103tarul va folosi mai pu\u021bin gaz.<\/li>\n<li>Pl\u0103cile de g\u0103tit \u0219i t\u0103vile sunt fabricate din materiale organice \u0219i nu con\u021bin substan\u021be toxice.<\/li>\n<li>Gr\u0103tarul Cadac este u\u0219or de cur\u0103\u021bat, se folose\u0219te un burete \u0219i pu\u021bin\u0103 ap\u0103 cu detergent.<\/li>\n<li>Gr\u0103tarele au un bol principal emailat care poate fi scos \u0219i sp\u0103lat cu u\u0219urin\u021b\u0103.<\/li>\n<li>Produsele Cadac sunt cunoscute pentru \u201esistemul modular\u201d; gratarele pot fi utilizate cu multe panouri, t\u0103vi \u0219i tig\u0103i diferite.<\/li>\n<li>Gr\u0103tarul este gata de utilizare \u00eentr-un minut, f\u0103r\u0103 niciun instrument, datorit\u0103 mont\u0103rii rapide.<\/li>\n<li>Folosind Cadac economise\u0219ti timp pentru a te bucura de via\u021b\u0103 \u00een stilul Braai!<\/li>\n<\/ul>\n<p><\/p>","protected":false},"excerpt":{"rendered":"<p>Gratar Cadac Grillo Chef 2 BBQ<\/p>","protected":false},"featured_media":87191,"comment_status":"open","ping_status":"closed","template":"","meta":{"_acf_changed":false,"inline_featured_image":false},"product_brand":[1418],"product_cat":[896],"product_tag":[],"class_list":{"0":"post-22097","1":"product","2":"type-product","3":"status-publish","4":"has-post-thumbnail","6":"product_brand-cadac","7":"product_cat-mangal","9":"first","10":"instock","11":"shipping-taxable","12":"purchasable","13":"product-type-simple"},"acf":[],"yoast_head":"<!-- This site is optimized with the Yoast SEO plugin v27.2 - https:\/\/yoast.com\/product\/yoast-seo-wordpress\/ -->\n<title>\u0413\u0440\u0438\u043b\u044c Cadac Grillo Chef 2 BBQ - \u041c\u0430\u0433\u0430\u0437\u0438\u043d Xstyle<\/title>\n<meta name=\"description\" content=\"\u041f\u043e\u0433\u0440\u0443\u0437\u0438\u0442\u0435\u0441\u044c \u0432 \u043c\u0438\u0440 \u043a\u0443\u043b\u0438\u043d\u0430\u0440\u0438\u0438 \u0441 \u0433\u0440\u0438\u043b\u0435\u043c Cadac Grillo Chef 2 BBQ! \u041a\u043e\u043c\u043f\u0430\u043a\u0442\u043d\u044b\u0439, \u0443\u0434\u043e\u0431\u043d\u044b\u0439, \u0438\u0434\u0435\u0430\u043b\u0435\u043d \u0434\u043b\u044f \u043c\u044f\u0441\u0430, \u0440\u044b\u0431\u044b \u0438 \u043e\u0432\u043e\u0449\u0435\u0439 \u0441 \u0430\u043d\u0442\u0438\u043f\u0440\u0438\u0433\u0430\u0440\u043d\u044b\u043c \u043f\u043e\u043a\u0440\u044b\u0442\u0438\u0435\u043c.\" \/>\n<meta name=\"robots\" content=\"index, follow, max-snippet:-1, max-image-preview:large, max-video-preview:-1\" \/>\n<link rel=\"canonical\" href=\"https:\/\/xstyle.md\/ro\/produs\/gril-cadac-carri-grillo-chef-2-bbq\/\" \/>\n<meta property=\"og:locale\" content=\"ro_RO\" \/>\n<meta property=\"og:type\" content=\"article\" \/>\n<meta property=\"og:title\" content=\"\u0413\u0440\u0438\u043b\u044c Cadac Grillo Chef 2 BBQ - \u041c\u0430\u0433\u0430\u0437\u0438\u043d Xstyle\" \/>\n<meta property=\"og:description\" content=\"\u041f\u043e\u0433\u0440\u0443\u0437\u0438\u0442\u0435\u0441\u044c \u0432 \u043c\u0438\u0440 \u043a\u0443\u043b\u0438\u043d\u0430\u0440\u0438\u0438 \u0441 \u0433\u0440\u0438\u043b\u0435\u043c Cadac Grillo Chef 2 BBQ! \u041a\u043e\u043c\u043f\u0430\u043a\u0442\u043d\u044b\u0439, \u0443\u0434\u043e\u0431\u043d\u044b\u0439, \u0438\u0434\u0435\u0430\u043b\u0435\u043d \u0434\u043b\u044f \u043c\u044f\u0441\u0430, \u0440\u044b\u0431\u044b \u0438 \u043e\u0432\u043e\u0449\u0435\u0439 \u0441 \u0430\u043d\u0442\u0438\u043f\u0440\u0438\u0433\u0430\u0440\u043d\u044b\u043c \u043f\u043e\u043a\u0440\u044b\u0442\u0438\u0435\u043c.\" \/>\n<meta property=\"og:url\" content=\"https:\/\/xstyle.md\/ro\/produs\/gril-cadac-carri-grillo-chef-2-bbq\/\" \/>\n<meta property=\"og:site_name\" content=\"\u041c\u0430\u0433\u0430\u0437\u0438\u043d Xstyle\" \/>\n<meta property=\"article:publisher\" content=\"https:\/\/www.facebook.com\/xstylemd\" \/>\n<meta property=\"article:modified_time\" content=\"2026-03-19T13:39:26+00:00\" \/>\n<meta property=\"og:image\" content=\"https:\/\/xstyle.md\/wp-content\/uploads\/2020\/07\/cadac-grillo-chef-2-bbq.jpg\" \/>\n\t<meta property=\"og:image:width\" content=\"758\" \/>\n\t<meta property=\"og:image:height\" content=\"800\" \/>\n\t<meta property=\"og:image:type\" content=\"image\/jpeg\" \/>\n<meta name=\"twitter:card\" content=\"summary_large_image\" \/>\n<meta name=\"twitter:label1\" content=\"Pre\u021b\" \/>\n\t<meta name=\"twitter:data1\" content=\"4.190&nbsp;MDL\" \/>\n\t<meta name=\"twitter:label2\" content=\"Disponibilitate\" \/>\n\t<meta name=\"twitter:data2\" content=\"\u00cen stoc\" \/>\n<script type=\"application\/ld+json\" class=\"yoast-schema-graph\">{\"@context\":\"https:\/\/schema.org\",\"@graph\":[{\"@type\":\"WebPage\",\"@id\":\"https:\/\/xstyle.md\/product\/gril-cadac-carri-grillo-chef-2-bbq\/\",\"url\":\"https:\/\/xstyle.md\/product\/gril-cadac-carri-grillo-chef-2-bbq\/\",\"name\":\"\u0413\u0440\u0438\u043b\u044c Cadac Grillo Chef 2 BBQ - \u041c\u0430\u0433\u0430\u0437\u0438\u043d Xstyle\",\"isPartOf\":{\"@id\":\"https:\/\/xstyle.md\/#website\"},\"primaryImageOfPage\":{\"@id\":\"https:\/\/xstyle.md\/product\/gril-cadac-carri-grillo-chef-2-bbq\/#primaryimage\"},\"image\":{\"@id\":\"https:\/\/xstyle.md\/product\/gril-cadac-carri-grillo-chef-2-bbq\/#primaryimage\"},\"thumbnailUrl\":\"https:\/\/xstyle.md\/wp-content\/uploads\/2020\/07\/cadac-grillo-chef-2-bbq.jpg\",\"datePublished\":\"2020-07-19T12:33:27+00:00\",\"dateModified\":\"2026-03-19T13:39:26+00:00\",\"description\":\"\u041f\u043e\u0433\u0440\u0443\u0437\u0438\u0442\u0435\u0441\u044c \u0432 \u043c\u0438\u0440 \u043a\u0443\u043b\u0438\u043d\u0430\u0440\u0438\u0438 \u0441 \u0433\u0440\u0438\u043b\u0435\u043c Cadac Grillo Chef 2 BBQ! \u041a\u043e\u043c\u043f\u0430\u043a\u0442\u043d\u044b\u0439, \u0443\u0434\u043e\u0431\u043d\u044b\u0439, \u0438\u0434\u0435\u0430\u043b\u0435\u043d \u0434\u043b\u044f \u043c\u044f\u0441\u0430, \u0440\u044b\u0431\u044b \u0438 \u043e\u0432\u043e\u0449\u0435\u0439 \u0441 \u0430\u043d\u0442\u0438\u043f\u0440\u0438\u0433\u0430\u0440\u043d\u044b\u043c \u043f\u043e\u043a\u0440\u044b\u0442\u0438\u0435\u043c.\",\"breadcrumb\":{\"@id\":\"https:\/\/xstyle.md\/product\/gril-cadac-carri-grillo-chef-2-bbq\/#breadcrumb\"},\"inLanguage\":\"ro-RO\",\"potentialAction\":[{\"@type\":\"ReadAction\",\"target\":[\"https:\/\/xstyle.md\/product\/gril-cadac-carri-grillo-chef-2-bbq\/\"]}]},{\"@type\":\"ImageObject\",\"inLanguage\":\"ro-RO\",\"@id\":\"https:\/\/xstyle.md\/product\/gril-cadac-carri-grillo-chef-2-bbq\/#primaryimage\",\"url\":\"https:\/\/xstyle.md\/wp-content\/uploads\/2020\/07\/cadac-grillo-chef-2-bbq.jpg\",\"contentUrl\":\"https:\/\/xstyle.md\/wp-content\/uploads\/2020\/07\/cadac-grillo-chef-2-bbq.jpg\",\"width\":758,\"height\":800,\"caption\":\"\u0422\u0443\u0440\u0438\u0441\u0442\u0438\u0447\u0435\u0441\u043a\u0430\u044f \u043e\u0434\u0435\u0436\u0434\u0430 \u0438 \u043e\u0431\u0443\u0432\u044c \u0434\u043b\u044f \u0430\u043a\u0442\u0438\u0432\u043d\u043e\u0433\u043e \u043e\u0442\u0434\u044b\u0445\u0430 \u043a\u0435\u043c\u043f\u0438\u043d\u0433 \u0438 \u043f\u0443\u0442\u0435\u0448\u0435\u0441\u0442\u0432\u0438\u0439 \u043d\u0430 \u0433\u0440\u0438\u043b\u0435 Cadac Grillo Chef 2 \u0434\u043b\u044f \u0430\u043a\u0442\u0438\u0432\u043d\u043e\u0439 \u0436\u0438\u0437\u043d\u0438 \u0438 \u043f\u043e\u0445\u043e\u0434\u043e\u0432\"},{\"@type\":\"BreadcrumbList\",\"@id\":\"https:\/\/xstyle.md\/product\/gril-cadac-carri-grillo-chef-2-bbq\/#breadcrumb\",\"itemListElement\":[{\"@type\":\"ListItem\",\"position\":1,\"name\":\"\u0413\u043b\u0430\u0432\u043d\u0430\u044f \u0441\u0442\u0440\u0430\u043d\u0438\u0446\u0430\",\"item\":\"https:\/\/xstyle.md\/\"},{\"@type\":\"ListItem\",\"position\":2,\"name\":\"\u041c\u0430\u0433\u0430\u0437\u0438\u043d\",\"item\":\"https:\/\/xstyle.md\/shop\/\"},{\"@type\":\"ListItem\",\"position\":3,\"name\":\"\u0413\u0440\u0438\u043b\u044c Cadac Grillo Chef 2 BBQ\"}]},{\"@type\":\"WebSite\",\"@id\":\"https:\/\/xstyle.md\/#website\",\"url\":\"https:\/\/xstyle.md\/\",\"name\":\"\u041c\u0430\u0433\u0430\u0437\u0438\u043d Xstyle\",\"description\":\"C\u043d\u0430\u0440\u044f\u0436\u0435\u043d\u0438\u0435 \u0434\u043b\u044f \u0442\u0443\u0440\u0438\u0437\u043c\u0430 \u0438 \u044d\u043a\u0441\u0442\u0440\u0435\u043c\u0430\u043b\u044c\u043d\u044b\u0445 \u0432\u0438\u0434\u043e\u0432 \u0441\u043f\u043e\u0440\u0442\u0430 \u0432 \u041c\u043e\u043b\u0434\u043e\u0432\u0435.. \u0426\u0435\u043d\u044b, \u0444\u043e\u0442\u043e, \u0445\u0430\u0440\u0430\u043a\u0442\u0435\u0440\u0438\u0441\u0442\u0438\u043a\u0438 \u0432 \u041c\u043e\u043b\u0434\u043e\u0432\u0435.\",\"publisher\":{\"@id\":\"https:\/\/xstyle.md\/#organization\"},\"alternateName\":\"X-Style\",\"potentialAction\":[{\"@type\":\"SearchAction\",\"target\":{\"@type\":\"EntryPoint\",\"urlTemplate\":\"https:\/\/xstyle.md\/?s={search_term_string}\"},\"query-input\":{\"@type\":\"PropertyValueSpecification\",\"valueRequired\":true,\"valueName\":\"search_term_string\"}}],\"inLanguage\":\"ro-RO\"},{\"@type\":\"Organization\",\"@id\":\"https:\/\/xstyle.md\/#organization\",\"name\":\"\u041c\u0430\u0433\u0430\u0437\u0438\u043d Xstyle\",\"alternateName\":\"x-style\",\"url\":\"https:\/\/xstyle.md\/\",\"logo\":{\"@type\":\"ImageObject\",\"inLanguage\":\"ro-RO\",\"@id\":\"https:\/\/xstyle.md\/#\/schema\/logo\/image\/\",\"url\":\"https:\/\/xstyle.md\/wp-content\/uploads\/2020\/06\/logoicon.svg\",\"contentUrl\":\"https:\/\/xstyle.md\/wp-content\/uploads\/2020\/06\/logoicon.svg\",\"caption\":\"\u041c\u0430\u0433\u0430\u0437\u0438\u043d Xstyle\"},\"image\":{\"@id\":\"https:\/\/xstyle.md\/#\/schema\/logo\/image\/\"},\"sameAs\":[\"https:\/\/www.facebook.com\/xstylemd\",\"https:\/\/www.instagram.com\/xstyle_md\/\",\"https:\/\/t.me\/xstyle_outdoor\"],\"hasMerchantReturnPolicy\":{\"@type\":\"MerchantReturnPolicy\",\"merchantReturnLink\":\"https:\/\/xstyle.md\/ro\/conditions\/\"}}]}<\/script>\n<meta property=\"product:price:amount\" content=\"4190.00\" \/>\n<meta property=\"product:price:currency\" content=\"MDL\" \/>\n<meta property=\"og:availability\" content=\"instock\" \/>\n<meta property=\"product:availability\" content=\"instock\" \/>\n<meta property=\"product:retailer_item_id\" content=\"Cadac-5650-20\" \/>\n<meta property=\"product:condition\" content=\"new\" \/>\n<!-- \/ Yoast SEO plugin. -->","yoast_head_json":{"title":"Gratar Cadac Grillo Chef 2 BBQ - Magazin Xstyle","description":"Cufunda\u021bi-v\u0103 \u00een lumea culinar\u0103 cu gr\u0103tarul Cadac Grillo Chef 2 BBQ! Compact, convenabil, ideal pentru carne, pe\u0219te \u0219i legume, cu un strat anti-aderent.","robots":{"index":"index","follow":"follow","max-snippet":"max-snippet:-1","max-image-preview":"max-image-preview:large","max-video-preview":"max-video-preview:-1"},"canonical":"https:\/\/xstyle.md\/ro\/produs\/gril-cadac-carri-grillo-chef-2-bbq\/","og_locale":"ro_RO","og_type":"article","og_title":"\u0413\u0440\u0438\u043b\u044c Cadac Grillo Chef 2 BBQ - \u041c\u0430\u0433\u0430\u0437\u0438\u043d Xstyle","og_description":"\u041f\u043e\u0433\u0440\u0443\u0437\u0438\u0442\u0435\u0441\u044c \u0432 \u043c\u0438\u0440 \u043a\u0443\u043b\u0438\u043d\u0430\u0440\u0438\u0438 \u0441 \u0433\u0440\u0438\u043b\u0435\u043c Cadac Grillo Chef 2 BBQ! \u041a\u043e\u043c\u043f\u0430\u043a\u0442\u043d\u044b\u0439, \u0443\u0434\u043e\u0431\u043d\u044b\u0439, \u0438\u0434\u0435\u0430\u043b\u0435\u043d \u0434\u043b\u044f \u043c\u044f\u0441\u0430, \u0440\u044b\u0431\u044b \u0438 \u043e\u0432\u043e\u0449\u0435\u0439 \u0441 \u0430\u043d\u0442\u0438\u043f\u0440\u0438\u0433\u0430\u0440\u043d\u044b\u043c \u043f\u043e\u043a\u0440\u044b\u0442\u0438\u0435\u043c.","og_url":"https:\/\/xstyle.md\/ro\/produs\/gril-cadac-carri-grillo-chef-2-bbq\/","og_site_name":"\u041c\u0430\u0433\u0430\u0437\u0438\u043d Xstyle","article_publisher":"https:\/\/www.facebook.com\/xstylemd","article_modified_time":"2026-03-19T13:39:26+00:00","og_image":[{"width":758,"height":800,"url":"https:\/\/xstyle.md\/wp-content\/uploads\/2020\/07\/cadac-grillo-chef-2-bbq.jpg","type":"image\/jpeg"}],"twitter_card":"summary_large_image","twitter_misc":{"Pre\u021b":"4.190&nbsp;MDL","Disponibilitate":"\u00cen stoc"},"schema":{"@context":"https:\/\/schema.org","@graph":[{"@type":"WebPage","@id":"https:\/\/xstyle.md\/product\/gril-cadac-carri-grillo-chef-2-bbq\/","url":"https:\/\/xstyle.md\/product\/gril-cadac-carri-grillo-chef-2-bbq\/","name":"Gratar Cadac Grillo Chef 2 BBQ - Magazin Xstyle","isPartOf":{"@id":"https:\/\/xstyle.md\/#website"},"primaryImageOfPage":{"@id":"https:\/\/xstyle.md\/product\/gril-cadac-carri-grillo-chef-2-bbq\/#primaryimage"},"image":{"@id":"https:\/\/xstyle.md\/product\/gril-cadac-carri-grillo-chef-2-bbq\/#primaryimage"},"thumbnailUrl":"https:\/\/xstyle.md\/wp-content\/uploads\/2020\/07\/cadac-grillo-chef-2-bbq.jpg","datePublished":"2020-07-19T12:33:27+00:00","dateModified":"2026-03-19T13:39:26+00:00","description":"Cufunda\u021bi-v\u0103 \u00een lumea culinar\u0103 cu gr\u0103tarul Cadac Grillo Chef 2 BBQ! Compact, convenabil, ideal pentru carne, pe\u0219te \u0219i legume, cu un strat anti-aderent.","breadcrumb":{"@id":"https:\/\/xstyle.md\/product\/gril-cadac-carri-grillo-chef-2-bbq\/#breadcrumb"},"inLanguage":"ro-RO","potentialAction":[{"@type":"ReadAction","target":["https:\/\/xstyle.md\/product\/gril-cadac-carri-grillo-chef-2-bbq\/"]}]},{"@type":"ImageObject","inLanguage":"ro-RO","@id":"https:\/\/xstyle.md\/product\/gril-cadac-carri-grillo-chef-2-bbq\/#primaryimage","url":"https:\/\/xstyle.md\/wp-content\/uploads\/2020\/07\/cadac-grillo-chef-2-bbq.jpg","contentUrl":"https:\/\/xstyle.md\/wp-content\/uploads\/2020\/07\/cadac-grillo-chef-2-bbq.jpg","width":758,"height":800,"caption":"\u0422\u0443\u0440\u0438\u0441\u0442\u0438\u0447\u0435\u0441\u043a\u0430\u044f \u043e\u0434\u0435\u0436\u0434\u0430 \u0438 \u043e\u0431\u0443\u0432\u044c \u0434\u043b\u044f \u0430\u043a\u0442\u0438\u0432\u043d\u043e\u0433\u043e \u043e\u0442\u0434\u044b\u0445\u0430 \u043a\u0435\u043c\u043f\u0438\u043d\u0433 \u0438 \u043f\u0443\u0442\u0435\u0448\u0435\u0441\u0442\u0432\u0438\u0439 \u043d\u0430 \u0433\u0440\u0438\u043b\u0435 Cadac Grillo Chef 2 \u0434\u043b\u044f \u0430\u043a\u0442\u0438\u0432\u043d\u043e\u0439 \u0436\u0438\u0437\u043d\u0438 \u0438 \u043f\u043e\u0445\u043e\u0434\u043e\u0432"},{"@type":"BreadcrumbList","@id":"https:\/\/xstyle.md\/product\/gril-cadac-carri-grillo-chef-2-bbq\/#breadcrumb","itemListElement":[{"@type":"ListItem","position":1,"name":"\u0413\u043b\u0430\u0432\u043d\u0430\u044f \u0441\u0442\u0440\u0430\u043d\u0438\u0446\u0430","item":"https:\/\/xstyle.md\/"},{"@type":"ListItem","position":2,"name":"\u041c\u0430\u0433\u0430\u0437\u0438\u043d","item":"https:\/\/xstyle.md\/shop\/"},{"@type":"ListItem","position":3,"name":"\u0413\u0440\u0438\u043b\u044c Cadac Grillo Chef 2 BBQ"}]},{"@type":"WebSite","@id":"https:\/\/xstyle.md\/#website","url":"https:\/\/xstyle.md\/","name":"Magazinul X-Style","description":"Echipamente pentru turism \u0219i sporturi extreme \u00een Moldova. Pre\u021buri, fotografii, caracteristici \u00een Moldova.","publisher":{"@id":"https:\/\/xstyle.md\/#organization"},"alternateName":"X-Style","potentialAction":[{"@type":"SearchAction","target":{"@type":"EntryPoint","urlTemplate":"https:\/\/xstyle.md\/?s={search_term_string}"},"query-input":{"@type":"PropertyValueSpecification","valueRequired":true,"valueName":"search_term_string"}}],"inLanguage":"ro-RO"},{"@type":"Organization","@id":"https:\/\/xstyle.md\/#organization","name":"Magazinul X-Style","alternateName":"x-style","url":"https:\/\/xstyle.md\/","logo":{"@type":"ImageObject","inLanguage":"ro-RO","@id":"https:\/\/xstyle.md\/#\/schema\/logo\/image\/","url":"https:\/\/xstyle.md\/wp-content\/uploads\/2020\/06\/logoicon.svg","contentUrl":"https:\/\/xstyle.md\/wp-content\/uploads\/2020\/06\/logoicon.svg","caption":"\u041c\u0430\u0433\u0430\u0437\u0438\u043d Xstyle"},"image":{"@id":"https:\/\/xstyle.md\/#\/schema\/logo\/image\/"},"sameAs":["https:\/\/www.facebook.com\/xstylemd","https:\/\/www.instagram.com\/xstyle_md\/","https:\/\/t.me\/xstyle_outdoor"],"hasMerchantReturnPolicy":{"@type":"MerchantReturnPolicy","merchantReturnLink":"https:\/\/xstyle.md\/ro\/conditions\/"}}]},"product_price_amount":"4190.00","product_price_currency":"MDL","og_availability":"instock","product_availability":"instock","product_retailer_item_id":"Cadac-5650-20","product_condition":"new"},"post_mailing_queue_ids":[],"_links":{"self":[{"href":"https:\/\/xstyle.md\/ro\/wp-json\/wp\/v2\/product\/22097","targetHints":{"allow":["GET"]}}],"collection":[{"href":"https:\/\/xstyle.md\/ro\/wp-json\/wp\/v2\/product"}],"about":[{"href":"https:\/\/xstyle.md\/ro\/wp-json\/wp\/v2\/types\/product"}],"replies":[{"embeddable":true,"href":"https:\/\/xstyle.md\/ro\/wp-json\/wp\/v2\/comments?post=22097"}],"wp:featuredmedia":[{"embeddable":true,"href":"https:\/\/xstyle.md\/ro\/wp-json\/wp\/v2\/media\/87191"}],"wp:attachment":[{"href":"https:\/\/xstyle.md\/ro\/wp-json\/wp\/v2\/media?parent=22097"}],"wp:term":[{"taxonomy":"product_brand","embeddable":true,"href":"https:\/\/xstyle.md\/ro\/wp-json\/wp\/v2\/product_brand?post=22097"},{"taxonomy":"product_cat","embeddable":true,"href":"https:\/\/xstyle.md\/ro\/wp-json\/wp\/v2\/product_cat?post=22097"},{"taxonomy":"product_tag","embeddable":true,"href":"https:\/\/xstyle.md\/ro\/wp-json\/wp\/v2\/product_tag?post=22097"}],"curies":[{"name":"wp","href":"https:\/\/api.w.org\/{rel}","templated":true}]}}