{"id":22090,"date":"2020-07-19T15:33:12","date_gmt":"2020-07-19T12:33:12","guid":{"rendered":"https:\/\/xstyle.md\/product\/gril-cadac-carri-chef-2-bbq"},"modified":"2026-03-19T16:39:25","modified_gmt":"2026-03-19T13:39:25","slug":"gril-cadac-carri-chef-2-bbq","status":"publish","type":"product","link":"https:\/\/xstyle.md\/ro\/produs\/gril-cadac-carri-chef-2-bbq\/","title":{"rendered":"Gr\u0103tar Cadac Carri Chef 2 BBQ"},"content":{"rendered":"<\/p>\n<p><strong>Gr\u0103tarul Carri Chef 2<\/strong> este u\u0219or de utilizat \u0219i u\u0219or de str\u00e2ns. Are set\u0103ri simple, se spal\u0103 u\u0219or \u0219i este compact, astfel ca s\u0103-l pute\u021bi p\u0103stra oriunde, f\u0103r\u0103 probleme. Un inel rezistent, din o\u021bel inoxidabil cu aprindere piezo asigur\u0103 un control precis al temperaturii \u0219i, \u00een consecin\u021b\u0103, ob\u021binerea bucatelor perfect f\u0103cute la gr\u0103tar. De asemenea, instrumentul este dotat cu un capac \u0219i poate fi folosit at\u00e2t \u00een calitate de cuptor, c\u00e2t \u0219i ca gr\u0103tar. Capacul are un indicator sensibil de temperatur\u0103, care v\u0103 va permite s\u0103 controla\u021bi nivelul de pr\u0103jire \u0219i coacere.<\/p>\n<p>Gratarul este conceput pentru g\u0103tit \u00een aer liber, \u00een special pentru persoanele care merg \u00een camping \u0219i le place s\u0103 se bucure de via\u021b\u0103 \u00een aer liber. V\u0103 ofer\u0103 posibilitatea de a v\u0103 familiariza cu op\u021biunile de g\u0103tit \u00een aer liber.<\/p>\n<p>Plan\u0219a este o metod\u0103 inedit\u0103 de a preg\u0103ti pe o suprafa\u021b\u0103 \u00eencins\u0103 pe\u0219te, legume \u0219i preparate din carne, aproape f\u0103r\u0103 gr\u0103sime \u0219i cu conservarea maxim\u0103 a nutrien\u021bilor. Produsele preparate \u00een suc propriu nu \u00ee\u0219i pierd gustul original, proasp\u0103t \u0219i natural.<\/p>\n<p>\u00cenc\u0103lzi\u021bi plan\u0219a la temperaturi \u00eenalte, pres\u0103ra\u021bi cu sare de mare grosier\u0103, ad\u0103uga\u021bi c\u00e2teva pic\u0103turi de ulei \u0219i pune\u021bi rapid pe\u0219tele, carnea, fructele de mare sau legumele. L\u0103sa\u021bi s\u0103 se g\u0103teasc\u0103 c\u00e2teva minute \u0219i pune\u021bi-le imediat pe o foaie de copt, care va r\u0103m\u00e2ne cald\u0103 \u00eenc\u0103 mult\u0103 vreme, ceea ce \u00eenseamn\u0103 c\u0103 bucatele \u201eajung\u201d \u0219i r\u0103m\u00e2n fierbin\u021bi.<\/p>\n<h3>Specifica\u021bii<\/h3>\n<ul>\n<li>Se alimenteaz\u0103 cu butelie de gaz<\/li>\n<li>Compatibil cu panourile modulare de gr\u0103tar Carri Chef<\/li>\n<li>Capac rezistent la c\u0103ldur\u0103 cu termometru \u00eencorporat<\/li>\n<li>Aprindere automat\u0103 piezo<\/li>\n<li>U\u0219or de cur\u0103\u021bat, datorit\u0103 panourilor de gr\u0103tar deta\u0219abile \u0219i a t\u0103vii<\/li>\n<li>Capacul este echipat cu suporturi pentru protejarea \u00eempotriva v\u00e2ntului \u0219i a gr\u0103similor<\/li>\n<li>Arz\u0103tor din o\u021bel inoxidabil<\/li>\n<li>Picioare stabile u\u0219oare din aluminiu anodizat de \u00eenalt\u0103 calitate<\/li>\n<\/ul>\n<h3>Setul include<\/h3>\n<ul>\n<li>tava de copt BBQ \/ farfurie,<\/li>\n<li>vas suport,<\/li>\n<li>capac cu termometru<\/li>\n<li>picioare<\/li>\n<li>geant\u0103 pentru transportare<\/li>\n<\/ul>\n<p><em>Exist\u0103 posibilitatea de a achizi\u021biona elemente ad\u0103ug\u0103toare pentru diverse tipuri de bucate.<\/em><\/p>\n<h3>Caracteristici<\/h3>\n<ul>\n<li>Presiune de lucru: 30 mbar<\/li>\n<li>Culoare: albastru<\/li>\n<li>Puterea gr\u0103tarului: 3,7 kW<\/li>\n<li>Sistem de aprindere: aprindere piezo<\/li>\n<li>Consumul de gaz: 270 g \/ h<\/li>\n<li>Dimensiuni (L x P x H): 70 \u00d7 70 \u00d7 93 cm.<\/li>\n<li>Dimensiunea pachetului: 33 \u00d7 57 \u00d7 57 cm.<\/li>\n<li>Greutate: 10 kg<\/li>\n<\/ul>\n<div style=\"text-align: center;\"><strong>__________________<\/strong><\/div>\n<div style=\"text-align: left;\">\n<h3>\u00a0Descriere<\/h3>\n<ul>\n<li>Tava de copt Cadac este mult mai puternic\u0103 dec\u00e2t acoperirea obi\u0219nuit\u0103 antiaderent\u0103. Rezist\u0103 la temperaturi mai ridicate, distribuie mai bine c\u0103ldura \u0219i re\u021bine aceast\u0103 c\u0103ldur\u0103, astfel \u00eenc\u00e2t gr\u0103tarul va folosi mai pu\u021bin gaz.<\/li>\n<li>Pl\u0103cile de g\u0103tit \u0219i t\u0103vile sunt fabricate din materiale organice \u0219i nu con\u021bin substan\u021be toxice.<\/li>\n<li>Gr\u0103tarul Cadac este u\u0219or de cur\u0103\u021bat, se folose\u0219te un burete \u0219i pu\u021bin\u0103 ap\u0103 cu detergent.<\/li>\n<li>Gr\u0103tarele au un bol principal emailat care poate fi scos \u0219i sp\u0103lat cu u\u0219urin\u021b\u0103.<\/li>\n<li>Produsele Cadac sunt cunoscute pentru \u201esistemul modular\u201d; gratarele pot fi utilizate cu multe panouri, t\u0103vi \u0219i tig\u0103i diferite.<\/li>\n<li>Gr\u0103tarul este gata de utilizare \u00eentr-un minut, f\u0103r\u0103 niciun instrument, datorit\u0103 mont\u0103rii rapide.<\/li>\n<li>Folosind Cadac economise\u0219ti timp pentru a te bucura de via\u021b\u0103 \u00een stilul Braai!<\/li>\n<\/ul>\n<\/div>\n<p><iframe loading=\"lazy\" src=\"https:\/\/www.youtube.com\/embed\/awdnOopHyag\" width=\"425\" height=\"350\" frameborder=\"0\"><\/iframe><\/p>\n<p><\/p>","protected":false},"excerpt":{"rendered":"<p>Gr\u0103tar Cadac Carri Chef 2 BBQ<\/p>","protected":false},"featured_media":28158,"comment_status":"open","ping_status":"closed","template":"","meta":{"_acf_changed":false,"inline_featured_image":false},"product_brand":[1418],"product_cat":[896],"product_tag":[],"class_list":{"0":"post-22090","1":"product","2":"type-product","3":"status-publish","4":"has-post-thumbnail","6":"product_brand-cadac","7":"product_cat-mangal","9":"first","10":"instock","11":"shipping-taxable","12":"purchasable","13":"product-type-simple"},"acf":[],"yoast_head":"<!-- This site is optimized with the Yoast SEO plugin v27.2 - https:\/\/yoast.com\/product\/yoast-seo-wordpress\/ -->\n<title>\u0413\u0440\u0438\u043b\u044c Cadac Carri Chef 50 BBQ - \u041c\u0430\u0433\u0430\u0437\u0438\u043d Xstyle<\/title>\n<meta name=\"description\" content=\"\u0413\u0440\u0438\u043b\u044c Cadac Carri Chef 50 BBQ - \u0438\u0434\u0435\u0430\u043b\u044c\u043d\u044b\u0439 \u043a\u043e\u043c\u043f\u0430\u043a\u0442\u043d\u044b\u0439 \u0433\u0440\u0438\u043b\u044c \u0441 \u043f\u0440\u043e\u0441\u0442\u044b\u043c\u0438 \u043d\u0430\u0441\u0442\u0440\u043e\u0439\u043a\u0430\u043c\u0438. \u041b\u0435\u0433\u043a\u043e \u043c\u043e\u0435\u0442\u0441\u044f \u0438 \u0443\u0434\u043e\u0431\u043d\u043e \u0445\u0440\u0430\u043d\u0438\u0442\u0441\u044f. \u041d\u0430\u0441\u043b\u0430\u0436\u0434\u0430\u0439\u0442\u0435\u0441\u044c \u0431\u0430\u0440\u0431\u0435\u043a\u044e \u043d\u0430 \u043b\u044e\u0431\u043e\u043c \u043f\u043b\u0430\u043d\u0435!\" \/>\n<meta name=\"robots\" content=\"index, follow, max-snippet:-1, max-image-preview:large, max-video-preview:-1\" \/>\n<link rel=\"canonical\" href=\"https:\/\/xstyle.md\/ro\/produs\/gril-cadac-carri-chef-2-bbq\/\" \/>\n<meta property=\"og:locale\" content=\"ro_RO\" \/>\n<meta property=\"og:type\" content=\"article\" \/>\n<meta property=\"og:title\" content=\"\u0413\u0440\u0438\u043b\u044c Cadac Carri Chef 50 BBQ - \u041c\u0430\u0433\u0430\u0437\u0438\u043d Xstyle\" \/>\n<meta property=\"og:description\" content=\"\u0413\u0440\u0438\u043b\u044c Cadac Carri Chef 50 BBQ - \u0438\u0434\u0435\u0430\u043b\u044c\u043d\u044b\u0439 \u043a\u043e\u043c\u043f\u0430\u043a\u0442\u043d\u044b\u0439 \u0433\u0440\u0438\u043b\u044c \u0441 \u043f\u0440\u043e\u0441\u0442\u044b\u043c\u0438 \u043d\u0430\u0441\u0442\u0440\u043e\u0439\u043a\u0430\u043c\u0438. \u041b\u0435\u0433\u043a\u043e \u043c\u043e\u0435\u0442\u0441\u044f \u0438 \u0443\u0434\u043e\u0431\u043d\u043e \u0445\u0440\u0430\u043d\u0438\u0442\u0441\u044f. \u041d\u0430\u0441\u043b\u0430\u0436\u0434\u0430\u0439\u0442\u0435\u0441\u044c \u0431\u0430\u0440\u0431\u0435\u043a\u044e \u043d\u0430 \u043b\u044e\u0431\u043e\u043c \u043f\u043b\u0430\u043d\u0435!\" \/>\n<meta property=\"og:url\" content=\"https:\/\/xstyle.md\/ro\/produs\/gril-cadac-carri-chef-2-bbq\/\" \/>\n<meta property=\"og:site_name\" content=\"\u041c\u0430\u0433\u0430\u0437\u0438\u043d Xstyle\" \/>\n<meta property=\"article:publisher\" content=\"https:\/\/www.facebook.com\/xstylemd\" \/>\n<meta property=\"article:modified_time\" content=\"2026-03-19T13:39:25+00:00\" \/>\n<meta property=\"og:image\" content=\"https:\/\/xstyle.md\/wp-content\/uploads\/2021\/04\/8910-21_carri_chef_2_bbq_3.png\" \/>\n\t<meta property=\"og:image:width\" content=\"800\" \/>\n\t<meta property=\"og:image:height\" content=\"800\" \/>\n\t<meta property=\"og:image:type\" content=\"image\/png\" \/>\n<meta name=\"twitter:card\" content=\"summary_large_image\" \/>\n<meta name=\"twitter:label1\" content=\"Pre\u021b\" \/>\n\t<meta name=\"twitter:data1\" content=\"5.490&nbsp;MDL\" \/>\n\t<meta name=\"twitter:label2\" content=\"Disponibilitate\" \/>\n\t<meta name=\"twitter:data2\" content=\"\u00cen stoc\" \/>\n<script type=\"application\/ld+json\" class=\"yoast-schema-graph\">{\"@context\":\"https:\/\/schema.org\",\"@graph\":[{\"@type\":\"WebPage\",\"@id\":\"https:\/\/xstyle.md\/product\/gril-cadac-carri-chef-2-bbq\/\",\"url\":\"https:\/\/xstyle.md\/product\/gril-cadac-carri-chef-2-bbq\/\",\"name\":\"\u0413\u0440\u0438\u043b\u044c Cadac Carri Chef 50 BBQ - \u041c\u0430\u0433\u0430\u0437\u0438\u043d Xstyle\",\"isPartOf\":{\"@id\":\"https:\/\/xstyle.md\/#website\"},\"primaryImageOfPage\":{\"@id\":\"https:\/\/xstyle.md\/product\/gril-cadac-carri-chef-2-bbq\/#primaryimage\"},\"image\":{\"@id\":\"https:\/\/xstyle.md\/product\/gril-cadac-carri-chef-2-bbq\/#primaryimage\"},\"thumbnailUrl\":\"https:\/\/xstyle.md\/wp-content\/uploads\/2021\/04\/8910-21_carri_chef_2_bbq_3.png\",\"datePublished\":\"2020-07-19T12:33:12+00:00\",\"dateModified\":\"2026-03-19T13:39:25+00:00\",\"description\":\"\u0413\u0440\u0438\u043b\u044c Cadac Carri Chef 50 BBQ - \u0438\u0434\u0435\u0430\u043b\u044c\u043d\u044b\u0439 \u043a\u043e\u043c\u043f\u0430\u043a\u0442\u043d\u044b\u0439 \u0433\u0440\u0438\u043b\u044c \u0441 \u043f\u0440\u043e\u0441\u0442\u044b\u043c\u0438 \u043d\u0430\u0441\u0442\u0440\u043e\u0439\u043a\u0430\u043c\u0438. \u041b\u0435\u0433\u043a\u043e \u043c\u043e\u0435\u0442\u0441\u044f \u0438 \u0443\u0434\u043e\u0431\u043d\u043e \u0445\u0440\u0430\u043d\u0438\u0442\u0441\u044f. \u041d\u0430\u0441\u043b\u0430\u0436\u0434\u0430\u0439\u0442\u0435\u0441\u044c \u0431\u0430\u0440\u0431\u0435\u043a\u044e \u043d\u0430 \u043b\u044e\u0431\u043e\u043c \u043f\u043b\u0430\u043d\u0435!\",\"breadcrumb\":{\"@id\":\"https:\/\/xstyle.md\/product\/gril-cadac-carri-chef-2-bbq\/#breadcrumb\"},\"inLanguage\":\"ro-RO\",\"potentialAction\":[{\"@type\":\"ReadAction\",\"target\":[\"https:\/\/xstyle.md\/product\/gril-cadac-carri-chef-2-bbq\/\"]}]},{\"@type\":\"ImageObject\",\"inLanguage\":\"ro-RO\",\"@id\":\"https:\/\/xstyle.md\/product\/gril-cadac-carri-chef-2-bbq\/#primaryimage\",\"url\":\"https:\/\/xstyle.md\/wp-content\/uploads\/2021\/04\/8910-21_carri_chef_2_bbq_3.png\",\"contentUrl\":\"https:\/\/xstyle.md\/wp-content\/uploads\/2021\/04\/8910-21_carri_chef_2_bbq_3.png\",\"width\":800,\"height\":800},{\"@type\":\"BreadcrumbList\",\"@id\":\"https:\/\/xstyle.md\/product\/gril-cadac-carri-chef-2-bbq\/#breadcrumb\",\"itemListElement\":[{\"@type\":\"ListItem\",\"position\":1,\"name\":\"\u0413\u043b\u0430\u0432\u043d\u0430\u044f \u0441\u0442\u0440\u0430\u043d\u0438\u0446\u0430\",\"item\":\"https:\/\/xstyle.md\/\"},{\"@type\":\"ListItem\",\"position\":2,\"name\":\"\u041c\u0430\u0433\u0430\u0437\u0438\u043d\",\"item\":\"https:\/\/xstyle.md\/shop\/\"},{\"@type\":\"ListItem\",\"position\":3,\"name\":\"\u0413\u0440\u0438\u043b\u044c Cadac Carri Chef 50 BBQ\"}]},{\"@type\":\"WebSite\",\"@id\":\"https:\/\/xstyle.md\/#website\",\"url\":\"https:\/\/xstyle.md\/\",\"name\":\"\u041c\u0430\u0433\u0430\u0437\u0438\u043d Xstyle\",\"description\":\"C\u043d\u0430\u0440\u044f\u0436\u0435\u043d\u0438\u0435 \u0434\u043b\u044f \u0442\u0443\u0440\u0438\u0437\u043c\u0430 \u0438 \u044d\u043a\u0441\u0442\u0440\u0435\u043c\u0430\u043b\u044c\u043d\u044b\u0445 \u0432\u0438\u0434\u043e\u0432 \u0441\u043f\u043e\u0440\u0442\u0430 \u0432 \u041c\u043e\u043b\u0434\u043e\u0432\u0435.. \u0426\u0435\u043d\u044b, \u0444\u043e\u0442\u043e, \u0445\u0430\u0440\u0430\u043a\u0442\u0435\u0440\u0438\u0441\u0442\u0438\u043a\u0438 \u0432 \u041c\u043e\u043b\u0434\u043e\u0432\u0435.\",\"publisher\":{\"@id\":\"https:\/\/xstyle.md\/#organization\"},\"alternateName\":\"X-Style\",\"potentialAction\":[{\"@type\":\"SearchAction\",\"target\":{\"@type\":\"EntryPoint\",\"urlTemplate\":\"https:\/\/xstyle.md\/?s={search_term_string}\"},\"query-input\":{\"@type\":\"PropertyValueSpecification\",\"valueRequired\":true,\"valueName\":\"search_term_string\"}}],\"inLanguage\":\"ro-RO\"},{\"@type\":\"Organization\",\"@id\":\"https:\/\/xstyle.md\/#organization\",\"name\":\"\u041c\u0430\u0433\u0430\u0437\u0438\u043d Xstyle\",\"alternateName\":\"x-style\",\"url\":\"https:\/\/xstyle.md\/\",\"logo\":{\"@type\":\"ImageObject\",\"inLanguage\":\"ro-RO\",\"@id\":\"https:\/\/xstyle.md\/#\/schema\/logo\/image\/\",\"url\":\"https:\/\/xstyle.md\/wp-content\/uploads\/2020\/06\/logoicon.svg\",\"contentUrl\":\"https:\/\/xstyle.md\/wp-content\/uploads\/2020\/06\/logoicon.svg\",\"caption\":\"\u041c\u0430\u0433\u0430\u0437\u0438\u043d Xstyle\"},\"image\":{\"@id\":\"https:\/\/xstyle.md\/#\/schema\/logo\/image\/\"},\"sameAs\":[\"https:\/\/www.facebook.com\/xstylemd\",\"https:\/\/www.instagram.com\/xstyle_md\/\",\"https:\/\/t.me\/xstyle_outdoor\"],\"hasMerchantReturnPolicy\":{\"@type\":\"MerchantReturnPolicy\",\"merchantReturnLink\":\"https:\/\/xstyle.md\/ro\/conditions\/\"}}]}<\/script>\n<meta property=\"product:price:amount\" content=\"5490.00\" \/>\n<meta property=\"product:price:currency\" content=\"MDL\" \/>\n<meta property=\"og:availability\" content=\"instock\" \/>\n<meta property=\"product:availability\" content=\"instock\" \/>\n<meta property=\"product:retailer_item_id\" content=\"Cadac-8910-21\" \/>\n<meta property=\"product:condition\" content=\"new\" \/>\n<!-- \/ Yoast SEO plugin. -->","yoast_head_json":{"title":"Gr\u0103tar Cadac Carri Chef 2 BBQ - Magazin Xstyle","description":"Grill Cadac Carri Chef 50 BBQ - gr\u0103tarul compact ideal cu set\u0103ri simple. Se cur\u0103\u021b\u0103 u\u0219or \u0219i este comod de depozitat. Bucura\u021bi-v\u0103 de gr\u0103tar pe orice teren!","robots":{"index":"index","follow":"follow","max-snippet":"max-snippet:-1","max-image-preview":"max-image-preview:large","max-video-preview":"max-video-preview:-1"},"canonical":"https:\/\/xstyle.md\/ro\/produs\/gril-cadac-carri-chef-2-bbq\/","og_locale":"ro_RO","og_type":"article","og_title":"\u0413\u0440\u0438\u043b\u044c Cadac Carri Chef 50 BBQ - \u041c\u0430\u0433\u0430\u0437\u0438\u043d Xstyle","og_description":"\u0413\u0440\u0438\u043b\u044c Cadac Carri Chef 50 BBQ - \u0438\u0434\u0435\u0430\u043b\u044c\u043d\u044b\u0439 \u043a\u043e\u043c\u043f\u0430\u043a\u0442\u043d\u044b\u0439 \u0433\u0440\u0438\u043b\u044c \u0441 \u043f\u0440\u043e\u0441\u0442\u044b\u043c\u0438 \u043d\u0430\u0441\u0442\u0440\u043e\u0439\u043a\u0430\u043c\u0438. \u041b\u0435\u0433\u043a\u043e \u043c\u043e\u0435\u0442\u0441\u044f \u0438 \u0443\u0434\u043e\u0431\u043d\u043e \u0445\u0440\u0430\u043d\u0438\u0442\u0441\u044f. \u041d\u0430\u0441\u043b\u0430\u0436\u0434\u0430\u0439\u0442\u0435\u0441\u044c \u0431\u0430\u0440\u0431\u0435\u043a\u044e \u043d\u0430 \u043b\u044e\u0431\u043e\u043c \u043f\u043b\u0430\u043d\u0435!","og_url":"https:\/\/xstyle.md\/ro\/produs\/gril-cadac-carri-chef-2-bbq\/","og_site_name":"\u041c\u0430\u0433\u0430\u0437\u0438\u043d Xstyle","article_publisher":"https:\/\/www.facebook.com\/xstylemd","article_modified_time":"2026-03-19T13:39:25+00:00","og_image":[{"width":800,"height":800,"url":"https:\/\/xstyle.md\/wp-content\/uploads\/2021\/04\/8910-21_carri_chef_2_bbq_3.png","type":"image\/png"}],"twitter_card":"summary_large_image","twitter_misc":{"Pre\u021b":"5.490&nbsp;MDL","Disponibilitate":"\u00cen stoc"},"schema":{"@context":"https:\/\/schema.org","@graph":[{"@type":"WebPage","@id":"https:\/\/xstyle.md\/product\/gril-cadac-carri-chef-2-bbq\/","url":"https:\/\/xstyle.md\/product\/gril-cadac-carri-chef-2-bbq\/","name":"Gr\u0103tar Cadac Carri Chef 2 BBQ - Magazin Xstyle","isPartOf":{"@id":"https:\/\/xstyle.md\/#website"},"primaryImageOfPage":{"@id":"https:\/\/xstyle.md\/product\/gril-cadac-carri-chef-2-bbq\/#primaryimage"},"image":{"@id":"https:\/\/xstyle.md\/product\/gril-cadac-carri-chef-2-bbq\/#primaryimage"},"thumbnailUrl":"https:\/\/xstyle.md\/wp-content\/uploads\/2021\/04\/8910-21_carri_chef_2_bbq_3.png","datePublished":"2020-07-19T12:33:12+00:00","dateModified":"2026-03-19T13:39:25+00:00","description":"Grill Cadac Carri Chef 50 BBQ - gr\u0103tarul compact ideal cu set\u0103ri simple. Se cur\u0103\u021b\u0103 u\u0219or \u0219i este comod de depozitat. Bucura\u021bi-v\u0103 de gr\u0103tar pe orice teren!","breadcrumb":{"@id":"https:\/\/xstyle.md\/product\/gril-cadac-carri-chef-2-bbq\/#breadcrumb"},"inLanguage":"ro-RO","potentialAction":[{"@type":"ReadAction","target":["https:\/\/xstyle.md\/product\/gril-cadac-carri-chef-2-bbq\/"]}]},{"@type":"ImageObject","inLanguage":"ro-RO","@id":"https:\/\/xstyle.md\/product\/gril-cadac-carri-chef-2-bbq\/#primaryimage","url":"https:\/\/xstyle.md\/wp-content\/uploads\/2021\/04\/8910-21_carri_chef_2_bbq_3.png","contentUrl":"https:\/\/xstyle.md\/wp-content\/uploads\/2021\/04\/8910-21_carri_chef_2_bbq_3.png","width":800,"height":800},{"@type":"BreadcrumbList","@id":"https:\/\/xstyle.md\/product\/gril-cadac-carri-chef-2-bbq\/#breadcrumb","itemListElement":[{"@type":"ListItem","position":1,"name":"\u0413\u043b\u0430\u0432\u043d\u0430\u044f \u0441\u0442\u0440\u0430\u043d\u0438\u0446\u0430","item":"https:\/\/xstyle.md\/"},{"@type":"ListItem","position":2,"name":"\u041c\u0430\u0433\u0430\u0437\u0438\u043d","item":"https:\/\/xstyle.md\/shop\/"},{"@type":"ListItem","position":3,"name":"\u0413\u0440\u0438\u043b\u044c Cadac Carri Chef 50 BBQ"}]},{"@type":"WebSite","@id":"https:\/\/xstyle.md\/#website","url":"https:\/\/xstyle.md\/","name":"Magazinul X-Style","description":"Echipamente pentru turism \u0219i sporturi extreme \u00een Moldova. Pre\u021buri, fotografii, caracteristici \u00een Moldova.","publisher":{"@id":"https:\/\/xstyle.md\/#organization"},"alternateName":"X-Style","potentialAction":[{"@type":"SearchAction","target":{"@type":"EntryPoint","urlTemplate":"https:\/\/xstyle.md\/?s={search_term_string}"},"query-input":{"@type":"PropertyValueSpecification","valueRequired":true,"valueName":"search_term_string"}}],"inLanguage":"ro-RO"},{"@type":"Organization","@id":"https:\/\/xstyle.md\/#organization","name":"Magazinul X-Style","alternateName":"x-style","url":"https:\/\/xstyle.md\/","logo":{"@type":"ImageObject","inLanguage":"ro-RO","@id":"https:\/\/xstyle.md\/#\/schema\/logo\/image\/","url":"https:\/\/xstyle.md\/wp-content\/uploads\/2020\/06\/logoicon.svg","contentUrl":"https:\/\/xstyle.md\/wp-content\/uploads\/2020\/06\/logoicon.svg","caption":"\u041c\u0430\u0433\u0430\u0437\u0438\u043d Xstyle"},"image":{"@id":"https:\/\/xstyle.md\/#\/schema\/logo\/image\/"},"sameAs":["https:\/\/www.facebook.com\/xstylemd","https:\/\/www.instagram.com\/xstyle_md\/","https:\/\/t.me\/xstyle_outdoor"],"hasMerchantReturnPolicy":{"@type":"MerchantReturnPolicy","merchantReturnLink":"https:\/\/xstyle.md\/ro\/conditions\/"}}]},"product_price_amount":"5490.00","product_price_currency":"MDL","og_availability":"instock","product_availability":"instock","product_retailer_item_id":"Cadac-8910-21","product_condition":"new"},"post_mailing_queue_ids":[],"_links":{"self":[{"href":"https:\/\/xstyle.md\/ro\/wp-json\/wp\/v2\/product\/22090","targetHints":{"allow":["GET"]}}],"collection":[{"href":"https:\/\/xstyle.md\/ro\/wp-json\/wp\/v2\/product"}],"about":[{"href":"https:\/\/xstyle.md\/ro\/wp-json\/wp\/v2\/types\/product"}],"replies":[{"embeddable":true,"href":"https:\/\/xstyle.md\/ro\/wp-json\/wp\/v2\/comments?post=22090"}],"wp:featuredmedia":[{"embeddable":true,"href":"https:\/\/xstyle.md\/ro\/wp-json\/wp\/v2\/media\/28158"}],"wp:attachment":[{"href":"https:\/\/xstyle.md\/ro\/wp-json\/wp\/v2\/media?parent=22090"}],"wp:term":[{"taxonomy":"product_brand","embeddable":true,"href":"https:\/\/xstyle.md\/ro\/wp-json\/wp\/v2\/product_brand?post=22090"},{"taxonomy":"product_cat","embeddable":true,"href":"https:\/\/xstyle.md\/ro\/wp-json\/wp\/v2\/product_cat?post=22090"},{"taxonomy":"product_tag","embeddable":true,"href":"https:\/\/xstyle.md\/ro\/wp-json\/wp\/v2\/product_tag?post=22090"}],"curies":[{"name":"wp","href":"https:\/\/api.w.org\/{rel}","templated":true}]}}