{"id":22084,"date":"2020-07-19T15:32:57","date_gmt":"2020-07-19T12:32:57","guid":{"rendered":"https:\/\/xstyle.md\/product\/gril-cadac-citi-chef-40-olive-green"},"modified":"2026-03-19T16:39:24","modified_gmt":"2026-03-19T13:39:24","slug":"gril-cadac-citi-chef-40-olive-green","status":"publish","type":"product","link":"https:\/\/xstyle.md\/ro\/produs\/gril-cadac-citi-chef-40-olive-green\/","title":{"rendered":"Gratar Cadac Citi Chef 40 Olive Green"},"content":{"rendered":"<\/p>\n<p><strong>Gratar Cadac Citi Chef 40 Olive Green<\/strong> &#8212; un suport pentru barbeque sigur \u0219i compact care poate fi folosit at\u00e2t \u00een calitate de dispozitiv ce poate fi pus pe mas\u0103 la balcon, la teras\u0103 sau \u00een natur\u0103. Dotat cu un gr\u0103tar anti-aderent cu o acoperire ceramic\u0103 din aluminiu, acesta asigur\u0103 o distribu\u021bie perfect\u0103 a c\u0103ldurii. Func\u021bioneaz\u0103 \u00een baza unei butelii cu gaz, este inofensiv \u0219i simplu \u00een utilizare. Nu produce mirosuri nepl\u0103cute \u0219i nici fum, \u00een schimbe umple spa\u021biile cu un miros pl\u0103cut de barbeque proasp\u0103t preparat.<\/p>\n<p>Panoul pentru gr\u0103tar este amplasat \u00een vasul exterior \u0219i poate fi \u00eendep\u0103rtat u\u0219or pentru sp\u0103lare \u0219i cur\u0103\u021bare. Setul include un suport care permite utilizarea mai multor panouri pentru gr\u0103tar, o tigaie pentru paella sau o piatr\u0103 special\u0103 pentru pizza.<\/p>\n<p>Gr\u0103tarul este un tip unic de g\u0103tit pe o suprafa\u021b\u0103 fierbinte a diferitelor feluri de m\u00e2ncare, aproape f\u0103r\u0103 gr\u0103sime \u0219i cu o conservare maxim\u0103 a nutrien\u021bilor. Produsele preparate \u00een sucul propriu nu \u00ee\u0219i pierd originalitatea, prospe\u021bimea \u0219i gustul natural. \u00cenc\u0103lzi\u021bi tava la o temperatur\u0103 ridicat\u0103, pres\u0103ra\u021bi sare de mare grosier\u0103, ad\u0103uga\u021bi c\u00e2teva pic\u0103turi de ulei \u0219i r\u0103sp\u00e2ndi\u021bi rapid pe\u0219te, carne, fructe de mare sau chiar legume, apoi se fierb c\u00e2teva minute. Chiar \u0219i dup\u0103 oprirea gazului, pute\u021bi l\u0103sa bucatele \u00een vas, care r\u0103m\u00e2ne pentru mult timp fierbinte.<\/p>\n<h3><strong>Specifica\u021bii<\/strong><\/h3>\n<ul>\n<li>Func\u021bioneaz\u0103 \u00een baza unei butelii cu gaz;<\/li>\n<li>Compatibil cu panourile de gr\u0103tare modulare Citi Chef 40<\/li>\n<li>Capac rezistent la c\u0103ldur\u0103, cu termometru \u00eencorporat<\/li>\n<li>Aprindere automat\u0103 cu piezo<\/li>\n<li>U\u0219or de cur\u0103\u021bat datorit\u0103 panelurilor deta\u0219abile \u0219i a tig\u0103ii;<\/li>\n<li>Capacul este echipat cu suporturi pentru protejarea \u00eempotriva v\u00e2ntului \u0219i a pic\u0103turilor de gr\u0103sime;<\/li>\n<li>Arz\u0103tor confec\u021bionat din o\u021bel inoxidabil<\/li>\n<li>Geant\u0103 pentru transportare;<\/li>\n<\/ul>\n<h3><strong>Setul include<\/strong><\/h3>\n<ul>\n<li>tava de copt BBQ \/ farfurie,<\/li>\n<li>vas suport,<\/li>\n<li>capac cu termometru<\/li>\n<li>picioare<\/li>\n<li>geant\u0103 pentru transportare<\/li>\n<\/ul>\n<p><em>Exist\u0103 posibilitatea de a achizi\u021biona elemente ad\u0103ug\u0103toare pentru diverse tipuri de bucate.<\/em><\/p>\n<h3><strong>Caracteristici<\/strong><\/h3>\n<ul>\n<li>Presiune de lucru: 30 mbar<\/li>\n<li>Culoare: verde<\/li>\n<li>Puterea gr\u0103tarului: 2,7 kW<\/li>\n<li>Sistem de aprindere: aprindere piezo<\/li>\n<li>Consumul de gaz: 196 g \/ h<\/li>\n<li>Dimensiuni (L x P x H):\u00a0 42,2\u00d7 42,2 \u00d7 33,4 cm.<\/li>\n<li>Dimensiunea pachetu,lui: 33 \u00d7 57 \u00d7 57 cm.<\/li>\n<li>Greutate: 5,8 kg<\/li>\n<\/ul>\n<div style=\"text-align: left;\">\n<h3><strong>Descriere<\/strong><\/h3>\n<ul>\n<li>Tava de copt Cadac este mult mai puternic\u0103 dec\u00e2t acoperirea obi\u0219nuit\u0103 antiaderent\u0103. Rezist\u0103 la temperaturi mai ridicate, distribuie mai bine c\u0103ldura \u0219i re\u021bine aceast\u0103 c\u0103ldur\u0103, astfel \u00eenc\u00e2t gr\u0103tarul va folosi mai pu\u021bin gaz.<\/li>\n<li>Pl\u0103cile de g\u0103tit \u0219i t\u0103vile sunt fabricate din materiale organice \u0219i nu con\u021bin substan\u021be toxice.<\/li>\n<li>Gr\u0103tarul Cadac este u\u0219or de cur\u0103\u021bat, se folose\u0219te un burete \u0219i pu\u021bin\u0103 ap\u0103 cu detergent.<\/li>\n<li>Gr\u0103tarele au un bol principal emailat care poate fi scos \u0219i sp\u0103lat cu u\u0219urin\u021b\u0103.<\/li>\n<li>Produsele Cadac sunt cunoscute pentru \u201esistemul modular\u201d; gratarele pot fi utilizate cu multe panouri, t\u0103vi \u0219i tig\u0103i diferite.<\/li>\n<li>Gr\u0103tarul este gata de utilizare \u00eentr-un minut, f\u0103r\u0103 niciun instrument, datorit\u0103 mont\u0103rii rapide.<\/li>\n<li>Folosind Cadac economise\u0219ti timp pentru a te bucura de via\u021b\u0103 \u00een stilul Braai!<\/li>\n<\/ul>\n<\/div>\n<p><\/p>","protected":false},"excerpt":{"rendered":"<p>Gratar Cadac Citi Chef 40 Olive Green<\/p>","protected":false},"featured_media":22073,"comment_status":"open","ping_status":"closed","template":"","meta":{"_acf_changed":false,"inline_featured_image":false},"product_brand":[1418],"product_cat":[896],"product_tag":[],"class_list":{"0":"post-22084","1":"product","2":"type-product","3":"status-publish","4":"has-post-thumbnail","6":"product_brand-cadac","7":"product_cat-mangal","9":"first","10":"instock","11":"shipping-taxable","12":"purchasable","13":"product-type-simple"},"acf":[],"yoast_head":"<!-- This site is optimized with the Yoast SEO plugin v27.2 - https:\/\/yoast.com\/product\/yoast-seo-wordpress\/ -->\n<title>\u0413\u0440\u0438\u043b\u044c Cadac Citi Chef 40 Olive Green - \u041c\u0430\u0433\u0430\u0437\u0438\u043d Xstyle<\/title>\n<meta name=\"description\" content=\"\u0413\u0440\u0438\u043b\u044c Cadac Citi Chef 40 Olive Green - \u0438\u0434\u0435\u0430\u043b\u044c\u043d\u044b\u0439 \u043a\u043e\u043c\u043f\u0430\u043a\u0442\u043d\u044b\u0439 \u0433\u0440\u0438\u043b\u044c \u0434\u043b\u044f \u0442\u0435\u0440\u0440\u0430\u0441\u044b, \u0441 \u043a\u0435\u0440\u0430\u043c\u0438\u0447\u0435\u0441\u043a\u0438\u043c \u0430\u043d\u0442\u0438\u043f\u0440\u0438\u0433\u0430\u0440\u043d\u044b\u043c \u043f\u043e\u043a\u0440\u044b\u0442\u0438\u0435\u043c. \u041d\u0430\u0441\u043b\u0430\u0434\u0438\u0442\u0435\u0441\u044c \u0431\u0430\u0440\u0431\u0435\u043a\u044e \u043d\u0430 \u043f\u0440\u0438\u0440\u043e\u0434\u0435!\" \/>\n<meta name=\"robots\" content=\"index, follow, max-snippet:-1, max-image-preview:large, max-video-preview:-1\" \/>\n<link rel=\"canonical\" href=\"https:\/\/xstyle.md\/ro\/produs\/gril-cadac-citi-chef-40-olive-green\/\" \/>\n<meta property=\"og:locale\" content=\"ro_RO\" \/>\n<meta property=\"og:type\" content=\"article\" \/>\n<meta property=\"og:title\" content=\"\u0413\u0440\u0438\u043b\u044c Cadac Citi Chef 40 Olive Green - \u041c\u0430\u0433\u0430\u0437\u0438\u043d Xstyle\" \/>\n<meta property=\"og:description\" content=\"\u0413\u0440\u0438\u043b\u044c Cadac Citi Chef 40 Olive Green - \u0438\u0434\u0435\u0430\u043b\u044c\u043d\u044b\u0439 \u043a\u043e\u043c\u043f\u0430\u043a\u0442\u043d\u044b\u0439 \u0433\u0440\u0438\u043b\u044c \u0434\u043b\u044f \u0442\u0435\u0440\u0440\u0430\u0441\u044b, \u0441 \u043a\u0435\u0440\u0430\u043c\u0438\u0447\u0435\u0441\u043a\u0438\u043c \u0430\u043d\u0442\u0438\u043f\u0440\u0438\u0433\u0430\u0440\u043d\u044b\u043c \u043f\u043e\u043a\u0440\u044b\u0442\u0438\u0435\u043c. \u041d\u0430\u0441\u043b\u0430\u0434\u0438\u0442\u0435\u0441\u044c \u0431\u0430\u0440\u0431\u0435\u043a\u044e \u043d\u0430 \u043f\u0440\u0438\u0440\u043e\u0434\u0435!\" \/>\n<meta property=\"og:url\" content=\"https:\/\/xstyle.md\/ro\/produs\/gril-cadac-citi-chef-40-olive-green\/\" \/>\n<meta property=\"og:site_name\" content=\"\u041c\u0430\u0433\u0430\u0437\u0438\u043d Xstyle\" \/>\n<meta property=\"article:publisher\" content=\"https:\/\/www.facebook.com\/xstylemd\" \/>\n<meta property=\"article:modified_time\" content=\"2026-03-19T13:39:24+00:00\" \/>\n<meta property=\"og:image\" content=\"https:\/\/xstyle.md\/wp-content\/uploads\/2020\/07\/5610-20-12-citi-chef-40-4_1.jpg\" \/>\n\t<meta property=\"og:image:width\" content=\"1200\" \/>\n\t<meta property=\"og:image:height\" content=\"960\" \/>\n\t<meta property=\"og:image:type\" content=\"image\/jpeg\" \/>\n<meta name=\"twitter:card\" content=\"summary_large_image\" \/>\n<meta name=\"twitter:label1\" content=\"Pre\u021b\" \/>\n\t<meta name=\"twitter:data1\" content=\"4.890&nbsp;MDL\" \/>\n\t<meta name=\"twitter:label2\" content=\"Disponibilitate\" \/>\n\t<meta name=\"twitter:data2\" content=\"\u00cen stoc\" \/>\n<script type=\"application\/ld+json\" class=\"yoast-schema-graph\">{\"@context\":\"https:\/\/schema.org\",\"@graph\":[{\"@type\":\"WebPage\",\"@id\":\"https:\/\/xstyle.md\/product\/gril-cadac-citi-chef-40-olive-green\/\",\"url\":\"https:\/\/xstyle.md\/product\/gril-cadac-citi-chef-40-olive-green\/\",\"name\":\"\u0413\u0440\u0438\u043b\u044c Cadac Citi Chef 40 Olive Green - \u041c\u0430\u0433\u0430\u0437\u0438\u043d Xstyle\",\"isPartOf\":{\"@id\":\"https:\/\/xstyle.md\/#website\"},\"primaryImageOfPage\":{\"@id\":\"https:\/\/xstyle.md\/product\/gril-cadac-citi-chef-40-olive-green\/#primaryimage\"},\"image\":{\"@id\":\"https:\/\/xstyle.md\/product\/gril-cadac-citi-chef-40-olive-green\/#primaryimage\"},\"thumbnailUrl\":\"https:\/\/xstyle.md\/wp-content\/uploads\/2020\/07\/5610-20-12-citi-chef-40-4_1.jpg\",\"datePublished\":\"2020-07-19T12:32:57+00:00\",\"dateModified\":\"2026-03-19T13:39:24+00:00\",\"description\":\"\u0413\u0440\u0438\u043b\u044c Cadac Citi Chef 40 Olive Green - \u0438\u0434\u0435\u0430\u043b\u044c\u043d\u044b\u0439 \u043a\u043e\u043c\u043f\u0430\u043a\u0442\u043d\u044b\u0439 \u0433\u0440\u0438\u043b\u044c \u0434\u043b\u044f \u0442\u0435\u0440\u0440\u0430\u0441\u044b, \u0441 \u043a\u0435\u0440\u0430\u043c\u0438\u0447\u0435\u0441\u043a\u0438\u043c \u0430\u043d\u0442\u0438\u043f\u0440\u0438\u0433\u0430\u0440\u043d\u044b\u043c \u043f\u043e\u043a\u0440\u044b\u0442\u0438\u0435\u043c. \u041d\u0430\u0441\u043b\u0430\u0434\u0438\u0442\u0435\u0441\u044c \u0431\u0430\u0440\u0431\u0435\u043a\u044e \u043d\u0430 \u043f\u0440\u0438\u0440\u043e\u0434\u0435!\",\"breadcrumb\":{\"@id\":\"https:\/\/xstyle.md\/product\/gril-cadac-citi-chef-40-olive-green\/#breadcrumb\"},\"inLanguage\":\"ro-RO\",\"potentialAction\":[{\"@type\":\"ReadAction\",\"target\":[\"https:\/\/xstyle.md\/product\/gril-cadac-citi-chef-40-olive-green\/\"]}]},{\"@type\":\"ImageObject\",\"inLanguage\":\"ro-RO\",\"@id\":\"https:\/\/xstyle.md\/product\/gril-cadac-citi-chef-40-olive-green\/#primaryimage\",\"url\":\"https:\/\/xstyle.md\/wp-content\/uploads\/2020\/07\/5610-20-12-citi-chef-40-4_1.jpg\",\"contentUrl\":\"https:\/\/xstyle.md\/wp-content\/uploads\/2020\/07\/5610-20-12-citi-chef-40-4_1.jpg\",\"width\":1200,\"height\":960},{\"@type\":\"BreadcrumbList\",\"@id\":\"https:\/\/xstyle.md\/product\/gril-cadac-citi-chef-40-olive-green\/#breadcrumb\",\"itemListElement\":[{\"@type\":\"ListItem\",\"position\":1,\"name\":\"\u0413\u043b\u0430\u0432\u043d\u0430\u044f \u0441\u0442\u0440\u0430\u043d\u0438\u0446\u0430\",\"item\":\"https:\/\/xstyle.md\/\"},{\"@type\":\"ListItem\",\"position\":2,\"name\":\"\u041c\u0430\u0433\u0430\u0437\u0438\u043d\",\"item\":\"https:\/\/xstyle.md\/shop\/\"},{\"@type\":\"ListItem\",\"position\":3,\"name\":\"\u0413\u0440\u0438\u043b\u044c Cadac Citi Chef 40 Olive Green\"}]},{\"@type\":\"WebSite\",\"@id\":\"https:\/\/xstyle.md\/#website\",\"url\":\"https:\/\/xstyle.md\/\",\"name\":\"\u041c\u0430\u0433\u0430\u0437\u0438\u043d Xstyle\",\"description\":\"C\u043d\u0430\u0440\u044f\u0436\u0435\u043d\u0438\u0435 \u0434\u043b\u044f \u0442\u0443\u0440\u0438\u0437\u043c\u0430 \u0438 \u044d\u043a\u0441\u0442\u0440\u0435\u043c\u0430\u043b\u044c\u043d\u044b\u0445 \u0432\u0438\u0434\u043e\u0432 \u0441\u043f\u043e\u0440\u0442\u0430 \u0432 \u041c\u043e\u043b\u0434\u043e\u0432\u0435.. \u0426\u0435\u043d\u044b, \u0444\u043e\u0442\u043e, \u0445\u0430\u0440\u0430\u043a\u0442\u0435\u0440\u0438\u0441\u0442\u0438\u043a\u0438 \u0432 \u041c\u043e\u043b\u0434\u043e\u0432\u0435.\",\"publisher\":{\"@id\":\"https:\/\/xstyle.md\/#organization\"},\"alternateName\":\"X-Style\",\"potentialAction\":[{\"@type\":\"SearchAction\",\"target\":{\"@type\":\"EntryPoint\",\"urlTemplate\":\"https:\/\/xstyle.md\/?s={search_term_string}\"},\"query-input\":{\"@type\":\"PropertyValueSpecification\",\"valueRequired\":true,\"valueName\":\"search_term_string\"}}],\"inLanguage\":\"ro-RO\"},{\"@type\":\"Organization\",\"@id\":\"https:\/\/xstyle.md\/#organization\",\"name\":\"\u041c\u0430\u0433\u0430\u0437\u0438\u043d Xstyle\",\"alternateName\":\"x-style\",\"url\":\"https:\/\/xstyle.md\/\",\"logo\":{\"@type\":\"ImageObject\",\"inLanguage\":\"ro-RO\",\"@id\":\"https:\/\/xstyle.md\/#\/schema\/logo\/image\/\",\"url\":\"https:\/\/xstyle.md\/wp-content\/uploads\/2020\/06\/logoicon.svg\",\"contentUrl\":\"https:\/\/xstyle.md\/wp-content\/uploads\/2020\/06\/logoicon.svg\",\"caption\":\"\u041c\u0430\u0433\u0430\u0437\u0438\u043d Xstyle\"},\"image\":{\"@id\":\"https:\/\/xstyle.md\/#\/schema\/logo\/image\/\"},\"sameAs\":[\"https:\/\/www.facebook.com\/xstylemd\",\"https:\/\/www.instagram.com\/xstyle_md\/\",\"https:\/\/t.me\/xstyle_outdoor\"],\"hasMerchantReturnPolicy\":{\"@type\":\"MerchantReturnPolicy\",\"merchantReturnLink\":\"https:\/\/xstyle.md\/ro\/conditions\/\"}}]}<\/script>\n<meta property=\"product:price:amount\" content=\"4890.00\" \/>\n<meta property=\"product:price:currency\" content=\"MDL\" \/>\n<meta property=\"og:availability\" content=\"instock\" \/>\n<meta property=\"product:availability\" content=\"instock\" \/>\n<meta property=\"product:retailer_item_id\" content=\"Cadac-5610-20-12\" \/>\n<meta property=\"product:condition\" content=\"new\" \/>\n<!-- \/ Yoast SEO plugin. -->","yoast_head_json":{"title":"Gratar Cadac Citi Chef 40 Olive Green - Magazin Xstyle","description":"Gr\u0103tar Cadac Citi Chef 40 Olive Green - gr\u0103tarul compact ideal pentru teras\u0103, cu un strat ceramic antiaderent. Bucura\u021bi-v\u0103 de un barbecue \u00een natur\u0103!","robots":{"index":"index","follow":"follow","max-snippet":"max-snippet:-1","max-image-preview":"max-image-preview:large","max-video-preview":"max-video-preview:-1"},"canonical":"https:\/\/xstyle.md\/ro\/produs\/gril-cadac-citi-chef-40-olive-green\/","og_locale":"ro_RO","og_type":"article","og_title":"\u0413\u0440\u0438\u043b\u044c Cadac Citi Chef 40 Olive Green - \u041c\u0430\u0433\u0430\u0437\u0438\u043d Xstyle","og_description":"\u0413\u0440\u0438\u043b\u044c Cadac Citi Chef 40 Olive Green - \u0438\u0434\u0435\u0430\u043b\u044c\u043d\u044b\u0439 \u043a\u043e\u043c\u043f\u0430\u043a\u0442\u043d\u044b\u0439 \u0433\u0440\u0438\u043b\u044c \u0434\u043b\u044f \u0442\u0435\u0440\u0440\u0430\u0441\u044b, \u0441 \u043a\u0435\u0440\u0430\u043c\u0438\u0447\u0435\u0441\u043a\u0438\u043c \u0430\u043d\u0442\u0438\u043f\u0440\u0438\u0433\u0430\u0440\u043d\u044b\u043c \u043f\u043e\u043a\u0440\u044b\u0442\u0438\u0435\u043c. \u041d\u0430\u0441\u043b\u0430\u0434\u0438\u0442\u0435\u0441\u044c \u0431\u0430\u0440\u0431\u0435\u043a\u044e \u043d\u0430 \u043f\u0440\u0438\u0440\u043e\u0434\u0435!","og_url":"https:\/\/xstyle.md\/ro\/produs\/gril-cadac-citi-chef-40-olive-green\/","og_site_name":"\u041c\u0430\u0433\u0430\u0437\u0438\u043d Xstyle","article_publisher":"https:\/\/www.facebook.com\/xstylemd","article_modified_time":"2026-03-19T13:39:24+00:00","og_image":[{"width":1200,"height":960,"url":"https:\/\/xstyle.md\/wp-content\/uploads\/2020\/07\/5610-20-12-citi-chef-40-4_1.jpg","type":"image\/jpeg"}],"twitter_card":"summary_large_image","twitter_misc":{"Pre\u021b":"4.890&nbsp;MDL","Disponibilitate":"\u00cen stoc"},"schema":{"@context":"https:\/\/schema.org","@graph":[{"@type":"WebPage","@id":"https:\/\/xstyle.md\/product\/gril-cadac-citi-chef-40-olive-green\/","url":"https:\/\/xstyle.md\/product\/gril-cadac-citi-chef-40-olive-green\/","name":"Gratar Cadac Citi Chef 40 Olive Green - Magazin Xstyle","isPartOf":{"@id":"https:\/\/xstyle.md\/#website"},"primaryImageOfPage":{"@id":"https:\/\/xstyle.md\/product\/gril-cadac-citi-chef-40-olive-green\/#primaryimage"},"image":{"@id":"https:\/\/xstyle.md\/product\/gril-cadac-citi-chef-40-olive-green\/#primaryimage"},"thumbnailUrl":"https:\/\/xstyle.md\/wp-content\/uploads\/2020\/07\/5610-20-12-citi-chef-40-4_1.jpg","datePublished":"2020-07-19T12:32:57+00:00","dateModified":"2026-03-19T13:39:24+00:00","description":"Gr\u0103tar Cadac Citi Chef 40 Olive Green - gr\u0103tarul compact ideal pentru teras\u0103, cu un strat ceramic antiaderent. Bucura\u021bi-v\u0103 de un barbecue \u00een natur\u0103!","breadcrumb":{"@id":"https:\/\/xstyle.md\/product\/gril-cadac-citi-chef-40-olive-green\/#breadcrumb"},"inLanguage":"ro-RO","potentialAction":[{"@type":"ReadAction","target":["https:\/\/xstyle.md\/product\/gril-cadac-citi-chef-40-olive-green\/"]}]},{"@type":"ImageObject","inLanguage":"ro-RO","@id":"https:\/\/xstyle.md\/product\/gril-cadac-citi-chef-40-olive-green\/#primaryimage","url":"https:\/\/xstyle.md\/wp-content\/uploads\/2020\/07\/5610-20-12-citi-chef-40-4_1.jpg","contentUrl":"https:\/\/xstyle.md\/wp-content\/uploads\/2020\/07\/5610-20-12-citi-chef-40-4_1.jpg","width":1200,"height":960},{"@type":"BreadcrumbList","@id":"https:\/\/xstyle.md\/product\/gril-cadac-citi-chef-40-olive-green\/#breadcrumb","itemListElement":[{"@type":"ListItem","position":1,"name":"\u0413\u043b\u0430\u0432\u043d\u0430\u044f \u0441\u0442\u0440\u0430\u043d\u0438\u0446\u0430","item":"https:\/\/xstyle.md\/"},{"@type":"ListItem","position":2,"name":"\u041c\u0430\u0433\u0430\u0437\u0438\u043d","item":"https:\/\/xstyle.md\/shop\/"},{"@type":"ListItem","position":3,"name":"\u0413\u0440\u0438\u043b\u044c Cadac Citi Chef 40 Olive Green"}]},{"@type":"WebSite","@id":"https:\/\/xstyle.md\/#website","url":"https:\/\/xstyle.md\/","name":"Magazinul X-Style","description":"Echipamente pentru turism \u0219i sporturi extreme \u00een Moldova. Pre\u021buri, fotografii, caracteristici \u00een Moldova.","publisher":{"@id":"https:\/\/xstyle.md\/#organization"},"alternateName":"X-Style","potentialAction":[{"@type":"SearchAction","target":{"@type":"EntryPoint","urlTemplate":"https:\/\/xstyle.md\/?s={search_term_string}"},"query-input":{"@type":"PropertyValueSpecification","valueRequired":true,"valueName":"search_term_string"}}],"inLanguage":"ro-RO"},{"@type":"Organization","@id":"https:\/\/xstyle.md\/#organization","name":"Magazinul X-Style","alternateName":"x-style","url":"https:\/\/xstyle.md\/","logo":{"@type":"ImageObject","inLanguage":"ro-RO","@id":"https:\/\/xstyle.md\/#\/schema\/logo\/image\/","url":"https:\/\/xstyle.md\/wp-content\/uploads\/2020\/06\/logoicon.svg","contentUrl":"https:\/\/xstyle.md\/wp-content\/uploads\/2020\/06\/logoicon.svg","caption":"\u041c\u0430\u0433\u0430\u0437\u0438\u043d Xstyle"},"image":{"@id":"https:\/\/xstyle.md\/#\/schema\/logo\/image\/"},"sameAs":["https:\/\/www.facebook.com\/xstylemd","https:\/\/www.instagram.com\/xstyle_md\/","https:\/\/t.me\/xstyle_outdoor"],"hasMerchantReturnPolicy":{"@type":"MerchantReturnPolicy","merchantReturnLink":"https:\/\/xstyle.md\/ro\/conditions\/"}}]},"product_price_amount":"4890.00","product_price_currency":"MDL","og_availability":"instock","product_availability":"instock","product_retailer_item_id":"Cadac-5610-20-12","product_condition":"new"},"post_mailing_queue_ids":[],"_links":{"self":[{"href":"https:\/\/xstyle.md\/ro\/wp-json\/wp\/v2\/product\/22084","targetHints":{"allow":["GET"]}}],"collection":[{"href":"https:\/\/xstyle.md\/ro\/wp-json\/wp\/v2\/product"}],"about":[{"href":"https:\/\/xstyle.md\/ro\/wp-json\/wp\/v2\/types\/product"}],"replies":[{"embeddable":true,"href":"https:\/\/xstyle.md\/ro\/wp-json\/wp\/v2\/comments?post=22084"}],"wp:featuredmedia":[{"embeddable":true,"href":"https:\/\/xstyle.md\/ro\/wp-json\/wp\/v2\/media\/22073"}],"wp:attachment":[{"href":"https:\/\/xstyle.md\/ro\/wp-json\/wp\/v2\/media?parent=22084"}],"wp:term":[{"taxonomy":"product_brand","embeddable":true,"href":"https:\/\/xstyle.md\/ro\/wp-json\/wp\/v2\/product_brand?post=22084"},{"taxonomy":"product_cat","embeddable":true,"href":"https:\/\/xstyle.md\/ro\/wp-json\/wp\/v2\/product_cat?post=22084"},{"taxonomy":"product_tag","embeddable":true,"href":"https:\/\/xstyle.md\/ro\/wp-json\/wp\/v2\/product_tag?post=22084"}],"curies":[{"name":"wp","href":"https:\/\/api.w.org\/{rel}","templated":true}]}}