{"id":22063,"date":"2020-07-19T15:32:07","date_gmt":"2020-07-19T12:32:07","guid":{"rendered":"https:\/\/xstyle.md\/?post_type=product&#038;p=22063"},"modified":"2025-08-15T11:29:30","modified_gmt":"2025-08-15T08:29:30","slug":"gril-cadac-safari-chef-2-hp","status":"publish","type":"product","link":"https:\/\/xstyle.md\/ro\/produs\/gril-cadac-safari-chef-2-hp\/","title":{"rendered":"Gratar Safari Chef 2 HP"},"content":{"rendered":"<\/p>\n<p><strong>Gr\u0103tarul\u00a0 Cadac Safary Chef 30<\/strong>\u00a0este un gr\u0103tar u\u0219or \u0219i compact cu gaz, dar \u00een acela\u0219i timp destul de puternic, durabil \u0219i stabil. Este sigur \u00een conformitate cu m\u0103surile de siguran\u021b\u0103, f\u0103r\u0103 fum, este u\u0219or de asamblat \u0219i demontat, precum \u0219i de sp\u0103lat.<\/p>\n<p>Acesta este un dispozitiv portabil care poate fi folosit acas\u0103, la pescuit, \u00een camping, \u00een c\u0103l\u0103torii cu ma\u0219ina, \u00een \u021bar\u0103 \u0219i \u00een general peste tot. \u00cen Marea Britanie, recunoscut drept unul dintre cele mai bune gr\u0103tare pentru rulote \u0219i camping.<\/p>\n<p>Un gr\u0103tar cu diametrul de 28 cm \u0219i un sistem modular cu panouri amovibile pentru prepararea diverselor vase.Se Safari Chef 2 este ambalat perfect datorit\u0103 picioarelor pliabile \u0219i a unei pungi de depozitare durabile care vine \u00eenso\u021bit\u0103 de kit.<\/p>\n<p>Gr\u0103tarul este un tip unic de g\u0103tit pe o suprafa\u021b\u0103 fierbinte a diferitelor feluri de m\u00e2ncare, aproape f\u0103r\u0103 gr\u0103sime \u0219i cu o conservare maxim\u0103 a nutrien\u021bilor. Produsele preparate \u00een sucul propriu nu \u00ee\u0219i pierd originalitatea, prospe\u021bimea \u0219i gustul natural. Dac\u0103 \u00eenc\u0103lzi\u021bi foaia de copt la o temperatur\u0103 ridicat\u0103, pres\u0103ra\u021bi sare de mare grosier\u0103, ad\u0103uga\u021bi c\u00e2teva pic\u0103turi de ulei \u0219i r\u0103sp\u00e2ndi\u021bi rapid pe\u0219te, carne, fructe de mare sau chiar legume, apoi se fierb c\u00e2teva minute. Chiar \u0219i dup\u0103 oprirea gazului, pute\u021bi l\u0103sa vasul pe o foaie de copt, care nu s-a r\u0103cit mult timp, ceea ce \u00eenseamn\u0103 c\u0103 vasul \u201eajunge\u201d \u0219i r\u0103m\u00e2ne fierbinte.<\/p>\n<h3><strong>Specifica\u021bii<\/strong><\/h3>\n<ul>\n<li>Alimentat cu flacon de gaz<\/li>\n<li>Panouri modulare \u00eenlocuibile<\/li>\n<li>Aprindere automat\u0103 piezo<\/li>\n<li>Geant\u0103 de depozitare convenabil\u0103<\/li>\n<li>Picioare pliante<\/li>\n<li>Arz\u0103tor din o\u021bel inoxidabil<\/li>\n<li>Compatibil cu buteliile cu gaz butan \/ propan<\/li>\n<\/ul>\n<h3><strong>Setul include<\/strong><\/h3>\n<ul>\n<li>Gr\u0103tarul t\u0103vii de copt<\/li>\n<li>Bol principal cu arz\u0103tor<\/li>\n<li>Cupola, care este folosit\u0103 \u0219i ca oal\u0103<\/li>\n<li>Platou-tigaie Chef Pan<\/li>\n<li>Geanta pentru transportare<\/li>\n<\/ul>\n<p><em>Este posibil s\u0103 cump\u0103ra\u021bi panouri suplimentare, foi de copt \u0219i tig\u0103i pentru diverse feluri de m\u00e2ncare.<\/em><\/p>\n<h3><strong>Caracteristici<\/strong><\/h3>\n<ul>\n<li>Presiune de lucru: 30 mbar<\/li>\n<li>Culoare: negru<\/li>\n<li>Putere la gr\u0103tar: 1,82 kW<\/li>\n<li>Sistem de aprindere: aprindere piezo<\/li>\n<li>Consumul de gaz: 132 g \/ h<\/li>\n<li>Dimensiuni (L x P x H): 32 \u00d7 32 \u00d7 38,8 cm.<\/li>\n<li>Greutate: 3,6 kg<\/li>\n<\/ul>\n<div style=\"text-align: left;\">\n<h3><strong>Descriere<\/strong><\/h3>\n<ul>\n<li>Tava de copt Cadac este mult mai puternic\u0103 dec\u00e2t acoperirea obi\u0219nuit\u0103 antiaderent\u0103. Rezist\u0103 la temperaturi mai ridicate, distribuie mai bine c\u0103ldura \u0219i re\u021bine aceast\u0103 c\u0103ldur\u0103, astfel \u00eenc\u00e2t gr\u0103tarul va folosi mai pu\u021bin gaz.<\/li>\n<li>Pl\u0103cile de g\u0103tit \u0219i t\u0103vile sunt fabricate din materiale organice \u0219i nu con\u021bin substan\u021be toxice.<\/li>\n<li>Gr\u0103tarul Cadac este u\u0219or de cur\u0103\u021bat, se folose\u0219te un burete \u0219i pu\u021bin\u0103 ap\u0103 cu detergent.<\/li>\n<li>Gr\u0103tarele au un bol principal emailat care poate fi scos \u0219i sp\u0103lat cu u\u0219urin\u021b\u0103.<\/li>\n<li>Produsele Cadac sunt cunoscute pentru \u201esistemul modular\u201d; gratarele pot fi utilizate cu multe panouri, t\u0103vi \u0219i tig\u0103i diferite.<\/li>\n<li>Gr\u0103tarul este gata de utilizare \u00eentr-un minut, f\u0103r\u0103 niciun instrument, datorit\u0103 mont\u0103rii rapide.<\/li>\n<li>Folosind Cadac economise\u0219ti timp pentru a te bucura de via\u021b\u0103 \u00een stilul Braai!<\/li>\n<\/ul>\n<\/div>\n<p><\/p>","protected":false},"excerpt":{"rendered":"<p>Gratar Safari Chef 2 HP<\/p>","protected":false},"featured_media":22053,"comment_status":"open","ping_status":"closed","template":"","meta":{"_acf_changed":false,"inline_featured_image":false},"product_brand":[1418],"product_cat":[896],"product_tag":[],"class_list":{"0":"post-22063","1":"product","2":"type-product","3":"status-publish","4":"has-post-thumbnail","6":"product_brand-cadac","7":"product_cat-mangal","9":"first","10":"outofstock","11":"featured","12":"shipping-taxable","13":"product-type-simple"},"acf":[],"yoast_head":"<!-- This site is optimized with the Yoast SEO plugin v27.2 - https:\/\/yoast.com\/product\/yoast-seo-wordpress\/ -->\n<title>\u0413\u0440\u0438\u043b\u044c Cadac Safari Chef 30 HP - \u041c\u0430\u0433\u0430\u0437\u0438\u043d Xstyle<\/title>\n<meta name=\"description\" content=\"\u0413\u0440\u0438\u043b\u044c Cadac Safari Chef 30 HP \u2013 \u043b\u0435\u0433\u043a\u0438\u0439 \u0438 \u043c\u043e\u0449\u043d\u044b\u0439 \u0433\u0430\u0437\u043e\u0432\u044b\u0439 \u0433\u0440\u0438\u043b\u044c, \u0438\u0434\u0435\u0430\u043b\u044c\u043d\u044b\u0439 \u0434\u043b\u044f \u043f\u0443\u0442\u0435\u0448\u0435\u0441\u0442\u0432\u0438\u0439. \u0411\u0435\u0437\u043e\u043f\u0430\u0441\u043d\u044b\u0439, \u043a\u043e\u043c\u043f\u0430\u043a\u0442\u043d\u044b\u0439 \u0438 \u043f\u0440\u043e\u0441\u0442\u043e\u0439 \u0432 \u0438\u0441\u043f\u043e\u043b\u044c\u0437\u043e\u0432\u0430\u043d\u0438\u0438.\" \/>\n<meta name=\"robots\" content=\"index, follow, max-snippet:-1, max-image-preview:large, max-video-preview:-1\" \/>\n<link rel=\"canonical\" href=\"https:\/\/xstyle.md\/ro\/produs\/gril-cadac-safari-chef-2-hp\/\" \/>\n<meta property=\"og:locale\" content=\"ro_RO\" \/>\n<meta property=\"og:type\" content=\"article\" \/>\n<meta property=\"og:title\" content=\"\u0413\u0440\u0438\u043b\u044c Cadac Safari Chef 30 HP - \u041c\u0430\u0433\u0430\u0437\u0438\u043d Xstyle\" \/>\n<meta property=\"og:description\" content=\"\u0413\u0440\u0438\u043b\u044c Cadac Safari Chef 30 HP \u2013 \u043b\u0435\u0433\u043a\u0438\u0439 \u0438 \u043c\u043e\u0449\u043d\u044b\u0439 \u0433\u0430\u0437\u043e\u0432\u044b\u0439 \u0433\u0440\u0438\u043b\u044c, \u0438\u0434\u0435\u0430\u043b\u044c\u043d\u044b\u0439 \u0434\u043b\u044f \u043f\u0443\u0442\u0435\u0448\u0435\u0441\u0442\u0432\u0438\u0439. \u0411\u0435\u0437\u043e\u043f\u0430\u0441\u043d\u044b\u0439, \u043a\u043e\u043c\u043f\u0430\u043a\u0442\u043d\u044b\u0439 \u0438 \u043f\u0440\u043e\u0441\u0442\u043e\u0439 \u0432 \u0438\u0441\u043f\u043e\u043b\u044c\u0437\u043e\u0432\u0430\u043d\u0438\u0438.\" \/>\n<meta property=\"og:url\" content=\"https:\/\/xstyle.md\/ro\/produs\/gril-cadac-safari-chef-2-hp\/\" \/>\n<meta property=\"og:site_name\" content=\"\u041c\u0430\u0433\u0430\u0437\u0438\u043d Xstyle\" \/>\n<meta property=\"article:publisher\" content=\"https:\/\/www.facebook.com\/xstylemd\" \/>\n<meta property=\"article:modified_time\" content=\"2025-08-15T08:29:30+00:00\" \/>\n<meta property=\"og:image\" content=\"https:\/\/xstyle.md\/wp-content\/uploads\/2020\/07\/6540-safari-chef-hp.jpg\" \/>\n\t<meta property=\"og:image:width\" content=\"1200\" \/>\n\t<meta property=\"og:image:height\" content=\"960\" \/>\n\t<meta property=\"og:image:type\" content=\"image\/jpeg\" \/>\n<meta name=\"twitter:card\" content=\"summary_large_image\" \/>\n<meta name=\"twitter:label1\" content=\"Pre\u021b\" \/>\n\t<meta name=\"twitter:data1\" content=\"2.990&nbsp;MDL\" \/>\n\t<meta name=\"twitter:label2\" content=\"Disponibilitate\" \/>\n\t<meta name=\"twitter:data2\" content=\"Stoc epuizat\" \/>\n<script type=\"application\/ld+json\" class=\"yoast-schema-graph\">{\"@context\":\"https:\/\/schema.org\",\"@graph\":[{\"@type\":\"WebPage\",\"@id\":\"https:\/\/xstyle.md\/product\/gril-cadac-safari-chef-2-hp\/\",\"url\":\"https:\/\/xstyle.md\/product\/gril-cadac-safari-chef-2-hp\/\",\"name\":\"\u0413\u0440\u0438\u043b\u044c Cadac Safari Chef 30 HP - \u041c\u0430\u0433\u0430\u0437\u0438\u043d Xstyle\",\"isPartOf\":{\"@id\":\"https:\/\/xstyle.md\/#website\"},\"primaryImageOfPage\":{\"@id\":\"https:\/\/xstyle.md\/product\/gril-cadac-safari-chef-2-hp\/#primaryimage\"},\"image\":{\"@id\":\"https:\/\/xstyle.md\/product\/gril-cadac-safari-chef-2-hp\/#primaryimage\"},\"thumbnailUrl\":\"https:\/\/xstyle.md\/wp-content\/uploads\/2020\/07\/6540-safari-chef-hp.jpg\",\"datePublished\":\"2020-07-19T12:32:07+00:00\",\"dateModified\":\"2025-08-15T08:29:30+00:00\",\"description\":\"\u0413\u0440\u0438\u043b\u044c Cadac Safari Chef 30 HP \u2013 \u043b\u0435\u0433\u043a\u0438\u0439 \u0438 \u043c\u043e\u0449\u043d\u044b\u0439 \u0433\u0430\u0437\u043e\u0432\u044b\u0439 \u0433\u0440\u0438\u043b\u044c, \u0438\u0434\u0435\u0430\u043b\u044c\u043d\u044b\u0439 \u0434\u043b\u044f \u043f\u0443\u0442\u0435\u0448\u0435\u0441\u0442\u0432\u0438\u0439. \u0411\u0435\u0437\u043e\u043f\u0430\u0441\u043d\u044b\u0439, \u043a\u043e\u043c\u043f\u0430\u043a\u0442\u043d\u044b\u0439 \u0438 \u043f\u0440\u043e\u0441\u0442\u043e\u0439 \u0432 \u0438\u0441\u043f\u043e\u043b\u044c\u0437\u043e\u0432\u0430\u043d\u0438\u0438.\",\"breadcrumb\":{\"@id\":\"https:\/\/xstyle.md\/product\/gril-cadac-safari-chef-2-hp\/#breadcrumb\"},\"inLanguage\":\"ro-RO\",\"potentialAction\":[{\"@type\":\"ReadAction\",\"target\":[\"https:\/\/xstyle.md\/product\/gril-cadac-safari-chef-2-hp\/\"]}]},{\"@type\":\"ImageObject\",\"inLanguage\":\"ro-RO\",\"@id\":\"https:\/\/xstyle.md\/product\/gril-cadac-safari-chef-2-hp\/#primaryimage\",\"url\":\"https:\/\/xstyle.md\/wp-content\/uploads\/2020\/07\/6540-safari-chef-hp.jpg\",\"contentUrl\":\"https:\/\/xstyle.md\/wp-content\/uploads\/2020\/07\/6540-safari-chef-hp.jpg\",\"width\":1200,\"height\":960},{\"@type\":\"BreadcrumbList\",\"@id\":\"https:\/\/xstyle.md\/product\/gril-cadac-safari-chef-2-hp\/#breadcrumb\",\"itemListElement\":[{\"@type\":\"ListItem\",\"position\":1,\"name\":\"\u0413\u043b\u0430\u0432\u043d\u0430\u044f \u0441\u0442\u0440\u0430\u043d\u0438\u0446\u0430\",\"item\":\"https:\/\/xstyle.md\/\"},{\"@type\":\"ListItem\",\"position\":2,\"name\":\"\u041c\u0430\u0433\u0430\u0437\u0438\u043d\",\"item\":\"https:\/\/xstyle.md\/shop\/\"},{\"@type\":\"ListItem\",\"position\":3,\"name\":\"\u0413\u0440\u0438\u043b\u044c Cadac Safari Chef 30 HP\"}]},{\"@type\":\"WebSite\",\"@id\":\"https:\/\/xstyle.md\/#website\",\"url\":\"https:\/\/xstyle.md\/\",\"name\":\"\u041c\u0430\u0433\u0430\u0437\u0438\u043d Xstyle\",\"description\":\"C\u043d\u0430\u0440\u044f\u0436\u0435\u043d\u0438\u0435 \u0434\u043b\u044f \u0442\u0443\u0440\u0438\u0437\u043c\u0430 \u0438 \u044d\u043a\u0441\u0442\u0440\u0435\u043c\u0430\u043b\u044c\u043d\u044b\u0445 \u0432\u0438\u0434\u043e\u0432 \u0441\u043f\u043e\u0440\u0442\u0430 \u0432 \u041c\u043e\u043b\u0434\u043e\u0432\u0435.. \u0426\u0435\u043d\u044b, \u0444\u043e\u0442\u043e, \u0445\u0430\u0440\u0430\u043a\u0442\u0435\u0440\u0438\u0441\u0442\u0438\u043a\u0438 \u0432 \u041c\u043e\u043b\u0434\u043e\u0432\u0435.\",\"publisher\":{\"@id\":\"https:\/\/xstyle.md\/#organization\"},\"alternateName\":\"X-Style\",\"potentialAction\":[{\"@type\":\"SearchAction\",\"target\":{\"@type\":\"EntryPoint\",\"urlTemplate\":\"https:\/\/xstyle.md\/?s={search_term_string}\"},\"query-input\":{\"@type\":\"PropertyValueSpecification\",\"valueRequired\":true,\"valueName\":\"search_term_string\"}}],\"inLanguage\":\"ro-RO\"},{\"@type\":\"Organization\",\"@id\":\"https:\/\/xstyle.md\/#organization\",\"name\":\"\u041c\u0430\u0433\u0430\u0437\u0438\u043d Xstyle\",\"alternateName\":\"x-style\",\"url\":\"https:\/\/xstyle.md\/\",\"logo\":{\"@type\":\"ImageObject\",\"inLanguage\":\"ro-RO\",\"@id\":\"https:\/\/xstyle.md\/#\/schema\/logo\/image\/\",\"url\":\"https:\/\/xstyle.md\/wp-content\/uploads\/2020\/06\/logoicon.svg\",\"contentUrl\":\"https:\/\/xstyle.md\/wp-content\/uploads\/2020\/06\/logoicon.svg\",\"caption\":\"\u041c\u0430\u0433\u0430\u0437\u0438\u043d Xstyle\"},\"image\":{\"@id\":\"https:\/\/xstyle.md\/#\/schema\/logo\/image\/\"},\"sameAs\":[\"https:\/\/www.facebook.com\/xstylemd\",\"https:\/\/www.instagram.com\/xstyle_md\/\",\"https:\/\/t.me\/xstyle_outdoor\"],\"hasMerchantReturnPolicy\":{\"@type\":\"MerchantReturnPolicy\",\"merchantReturnLink\":\"https:\/\/xstyle.md\/ro\/conditions\/\"}}]}<\/script>\n<meta property=\"product:price:amount\" content=\"2990.00\" \/>\n<meta property=\"product:price:currency\" content=\"MDL\" \/>\n<meta property=\"og:availability\" content=\"out of stock\" \/>\n<meta property=\"product:availability\" content=\"out of stock\" \/>\n<meta property=\"product:retailer_item_id\" content=\"Cadac-6540H1-10\" \/>\n<meta property=\"product:condition\" content=\"new\" \/>\n<!-- \/ Yoast SEO plugin. -->","yoast_head_json":{"title":"Gratar Safari Chef 2 HP - Magazin Xstyle","description":"Gr\u0103tarul Cadac Safari Chef 30 HP \u2013 un gr\u0103tar cu gaz u\u0219or \u0219i puternic, perfect pentru c\u0103l\u0103torii. Sigur, compact \u0219i u\u0219or de utilizat.","robots":{"index":"index","follow":"follow","max-snippet":"max-snippet:-1","max-image-preview":"max-image-preview:large","max-video-preview":"max-video-preview:-1"},"canonical":"https:\/\/xstyle.md\/ro\/produs\/gril-cadac-safari-chef-2-hp\/","og_locale":"ro_RO","og_type":"article","og_title":"\u0413\u0440\u0438\u043b\u044c Cadac Safari Chef 30 HP - \u041c\u0430\u0433\u0430\u0437\u0438\u043d Xstyle","og_description":"\u0413\u0440\u0438\u043b\u044c Cadac Safari Chef 30 HP \u2013 \u043b\u0435\u0433\u043a\u0438\u0439 \u0438 \u043c\u043e\u0449\u043d\u044b\u0439 \u0433\u0430\u0437\u043e\u0432\u044b\u0439 \u0433\u0440\u0438\u043b\u044c, \u0438\u0434\u0435\u0430\u043b\u044c\u043d\u044b\u0439 \u0434\u043b\u044f \u043f\u0443\u0442\u0435\u0448\u0435\u0441\u0442\u0432\u0438\u0439. \u0411\u0435\u0437\u043e\u043f\u0430\u0441\u043d\u044b\u0439, \u043a\u043e\u043c\u043f\u0430\u043a\u0442\u043d\u044b\u0439 \u0438 \u043f\u0440\u043e\u0441\u0442\u043e\u0439 \u0432 \u0438\u0441\u043f\u043e\u043b\u044c\u0437\u043e\u0432\u0430\u043d\u0438\u0438.","og_url":"https:\/\/xstyle.md\/ro\/produs\/gril-cadac-safari-chef-2-hp\/","og_site_name":"\u041c\u0430\u0433\u0430\u0437\u0438\u043d Xstyle","article_publisher":"https:\/\/www.facebook.com\/xstylemd","article_modified_time":"2025-08-15T08:29:30+00:00","og_image":[{"width":1200,"height":960,"url":"https:\/\/xstyle.md\/wp-content\/uploads\/2020\/07\/6540-safari-chef-hp.jpg","type":"image\/jpeg"}],"twitter_card":"summary_large_image","twitter_misc":{"Pre\u021b":"2.990&nbsp;MDL","Disponibilitate":"Stoc epuizat"},"schema":{"@context":"https:\/\/schema.org","@graph":[{"@type":"WebPage","@id":"https:\/\/xstyle.md\/product\/gril-cadac-safari-chef-2-hp\/","url":"https:\/\/xstyle.md\/product\/gril-cadac-safari-chef-2-hp\/","name":"Gratar Safari Chef 2 HP - Magazin Xstyle","isPartOf":{"@id":"https:\/\/xstyle.md\/#website"},"primaryImageOfPage":{"@id":"https:\/\/xstyle.md\/product\/gril-cadac-safari-chef-2-hp\/#primaryimage"},"image":{"@id":"https:\/\/xstyle.md\/product\/gril-cadac-safari-chef-2-hp\/#primaryimage"},"thumbnailUrl":"https:\/\/xstyle.md\/wp-content\/uploads\/2020\/07\/6540-safari-chef-hp.jpg","datePublished":"2020-07-19T12:32:07+00:00","dateModified":"2025-08-15T08:29:30+00:00","description":"Gr\u0103tarul Cadac Safari Chef 30 HP \u2013 un gr\u0103tar cu gaz u\u0219or \u0219i puternic, perfect pentru c\u0103l\u0103torii. Sigur, compact \u0219i u\u0219or de utilizat.","breadcrumb":{"@id":"https:\/\/xstyle.md\/product\/gril-cadac-safari-chef-2-hp\/#breadcrumb"},"inLanguage":"ro-RO","potentialAction":[{"@type":"ReadAction","target":["https:\/\/xstyle.md\/product\/gril-cadac-safari-chef-2-hp\/"]}]},{"@type":"ImageObject","inLanguage":"ro-RO","@id":"https:\/\/xstyle.md\/product\/gril-cadac-safari-chef-2-hp\/#primaryimage","url":"https:\/\/xstyle.md\/wp-content\/uploads\/2020\/07\/6540-safari-chef-hp.jpg","contentUrl":"https:\/\/xstyle.md\/wp-content\/uploads\/2020\/07\/6540-safari-chef-hp.jpg","width":1200,"height":960},{"@type":"BreadcrumbList","@id":"https:\/\/xstyle.md\/product\/gril-cadac-safari-chef-2-hp\/#breadcrumb","itemListElement":[{"@type":"ListItem","position":1,"name":"\u0413\u043b\u0430\u0432\u043d\u0430\u044f \u0441\u0442\u0440\u0430\u043d\u0438\u0446\u0430","item":"https:\/\/xstyle.md\/"},{"@type":"ListItem","position":2,"name":"\u041c\u0430\u0433\u0430\u0437\u0438\u043d","item":"https:\/\/xstyle.md\/shop\/"},{"@type":"ListItem","position":3,"name":"\u0413\u0440\u0438\u043b\u044c Cadac Safari Chef 30 HP"}]},{"@type":"WebSite","@id":"https:\/\/xstyle.md\/#website","url":"https:\/\/xstyle.md\/","name":"Magazinul X-Style","description":"Echipamente pentru turism \u0219i sporturi extreme \u00een Moldova. Pre\u021buri, fotografii, caracteristici \u00een Moldova.","publisher":{"@id":"https:\/\/xstyle.md\/#organization"},"alternateName":"X-Style","potentialAction":[{"@type":"SearchAction","target":{"@type":"EntryPoint","urlTemplate":"https:\/\/xstyle.md\/?s={search_term_string}"},"query-input":{"@type":"PropertyValueSpecification","valueRequired":true,"valueName":"search_term_string"}}],"inLanguage":"ro-RO"},{"@type":"Organization","@id":"https:\/\/xstyle.md\/#organization","name":"Magazinul X-Style","alternateName":"x-style","url":"https:\/\/xstyle.md\/","logo":{"@type":"ImageObject","inLanguage":"ro-RO","@id":"https:\/\/xstyle.md\/#\/schema\/logo\/image\/","url":"https:\/\/xstyle.md\/wp-content\/uploads\/2020\/06\/logoicon.svg","contentUrl":"https:\/\/xstyle.md\/wp-content\/uploads\/2020\/06\/logoicon.svg","caption":"\u041c\u0430\u0433\u0430\u0437\u0438\u043d Xstyle"},"image":{"@id":"https:\/\/xstyle.md\/#\/schema\/logo\/image\/"},"sameAs":["https:\/\/www.facebook.com\/xstylemd","https:\/\/www.instagram.com\/xstyle_md\/","https:\/\/t.me\/xstyle_outdoor"],"hasMerchantReturnPolicy":{"@type":"MerchantReturnPolicy","merchantReturnLink":"https:\/\/xstyle.md\/ro\/conditions\/"}}]},"product_price_amount":"2990.00","product_price_currency":"MDL","og_availability":"out of stock","product_availability":"out of stock","product_retailer_item_id":"Cadac-6540H1-10","product_condition":"new"},"post_mailing_queue_ids":[],"_links":{"self":[{"href":"https:\/\/xstyle.md\/ro\/wp-json\/wp\/v2\/product\/22063","targetHints":{"allow":["GET"]}}],"collection":[{"href":"https:\/\/xstyle.md\/ro\/wp-json\/wp\/v2\/product"}],"about":[{"href":"https:\/\/xstyle.md\/ro\/wp-json\/wp\/v2\/types\/product"}],"replies":[{"embeddable":true,"href":"https:\/\/xstyle.md\/ro\/wp-json\/wp\/v2\/comments?post=22063"}],"wp:featuredmedia":[{"embeddable":true,"href":"https:\/\/xstyle.md\/ro\/wp-json\/wp\/v2\/media\/22053"}],"wp:attachment":[{"href":"https:\/\/xstyle.md\/ro\/wp-json\/wp\/v2\/media?parent=22063"}],"wp:term":[{"taxonomy":"product_brand","embeddable":true,"href":"https:\/\/xstyle.md\/ro\/wp-json\/wp\/v2\/product_brand?post=22063"},{"taxonomy":"product_cat","embeddable":true,"href":"https:\/\/xstyle.md\/ro\/wp-json\/wp\/v2\/product_cat?post=22063"},{"taxonomy":"product_tag","embeddable":true,"href":"https:\/\/xstyle.md\/ro\/wp-json\/wp\/v2\/product_tag?post=22063"}],"curies":[{"name":"wp","href":"https:\/\/api.w.org\/{rel}","templated":true}]}}