{"id":22041,"date":"2020-07-19T15:31:19","date_gmt":"2020-07-19T12:31:19","guid":{"rendered":"https:\/\/xstyle.md\/product\/skovorodka-cadac-carri-chef-2-roast-pan"},"modified":"2026-02-20T12:49:07","modified_gmt":"2026-02-20T09:49:07","slug":"skovorodka-cadac-carri-chef-2-roast-pan","status":"publish","type":"product","link":"https:\/\/xstyle.md\/ro\/produs\/skovorodka-cadac-carri-chef-2-roast-pan\/","title":{"rendered":"\u0421\u043a\u043e\u0432\u043e\u0440\u043e\u0434\u043a\u0430 Cadac Carri Chef &#8212; Roast pan"},"content":{"rendered":"<\/p>\n<p><strong>Tigaie Roast pan Carri Chef 2<\/strong> &#8212; panou care poate fi \u00eenlocuit, cu acoperire antiaderent\u0103 a smal\u021bului din por\u021belan. Acesta poate fi utilizat ca un modul suplimentar pentru diferite modele de gr\u0103tare pe gaz Cadac Carri Chef 2, Citi Chef 50 \u0219i Braai. Panoul Pan-Carri Chef 2 este ideal pentru a coace carnea de pui, de miel, legume, etc.<\/p>\n<h3>Setul include<\/h3>\n<ul>\n<li>Tigaie convenabil\u0103<\/li>\n<li>Suport pentru tigaie<\/li>\n<li>Geant\u0103 pentru transport \u0219i depozitare<\/li>\n<\/ul>\n<h3>Caracteristici<\/h3>\n<ul>\n<li>Dimensiune &#8212; 42 x 42 x 9 cm<\/li>\n<li>Greutate &#8212; 2,85 kg<\/li>\n<\/ul>\n<p><\/p>\n<h3>Marca<\/h3>\n<p>Cadac - este un brand de renume mondial, originar din Africa de Sud, care de peste 70 de ani este lider \u00een produc\u021bia de gr\u0103tare cu gaz inovatoare \u0219i modulare. Brandul este renumit pentru conceptul s\u0103u \u201eDometic Cadac\u201d, oferind solu\u021bii versatile pentru g\u0103titul \u00een aer liber, unde un singur gr\u0103tar poate fi transformat cu u\u0219urin\u021b\u0103 \u00een cuptor, plit\u0103 sau tigaie pentru paella.<\/p>","protected":false},"excerpt":{"rendered":"<p>\u0421\u043a\u043e\u0432\u043e\u0440\u043e\u0434\u043a\u0430 Cadac Carri Chef &#8212; Roast pan<\/p>","protected":false},"featured_media":22038,"comment_status":"open","ping_status":"closed","template":"","meta":{"_acf_changed":false,"inline_featured_image":false},"product_brand":[1418],"product_cat":[907],"product_tag":[],"class_list":{"0":"post-22041","1":"product","2":"type-product","3":"status-publish","4":"has-post-thumbnail","6":"product_brand-cadac","7":"product_cat-dutch-oven","9":"first","10":"instock","11":"shipping-taxable","12":"purchasable","13":"product-type-simple"},"acf":[],"yoast_head":"<!-- This site is optimized with the Yoast SEO plugin v27.2 - https:\/\/yoast.com\/product\/yoast-seo-wordpress\/ -->\n<title>\u0421\u043a\u043e\u0432\u043e\u0440\u043e\u0434\u043a\u0430 Cadac Carri Chef - Roast pan - \u041c\u0430\u0433\u0430\u0437\u0438\u043d Xstyle<\/title>\n<meta name=\"description\" content=\"\u0421\u043a\u043e\u0432\u043e\u0440\u043e\u0434\u043a\u0430 Cadac Carri Chef \u0438\u0434\u0435\u0430\u043b\u044c\u043d\u043e \u043f\u043e\u0434\u0445\u043e\u0434\u0438\u0442 \u0434\u043b\u044f \u0437\u0430\u043f\u0435\u043a\u0430\u043d\u0438\u044f \u043c\u044f\u0441\u0430 \u0438 \u043e\u0432\u043e\u0449\u0435\u0439. \u0421\u043e\u0432\u043c\u0435\u0441\u0442\u0438\u043c\u0430 \u0441 \u0433\u0440\u0438\u043b\u044f\u043c\u0438 Cadac, \u0438\u043c\u0435\u0435\u0442 \u0430\u043d\u0442\u0438\u043f\u0440\u0438\u0433\u0430\u0440\u043d\u043e\u0435 \u043f\u043e\u043a\u0440\u044b\u0442\u0438\u0435. \u0420\u0430\u0437\u043c\u0435\u0440 42x42 \u0441\u043c.\" \/>\n<meta name=\"robots\" content=\"index, follow, max-snippet:-1, max-image-preview:large, max-video-preview:-1\" \/>\n<link rel=\"canonical\" href=\"https:\/\/xstyle.md\/ro\/produs\/skovorodka-cadac-carri-chef-2-roast-pan\/\" \/>\n<meta property=\"og:locale\" content=\"ro_RO\" \/>\n<meta property=\"og:type\" content=\"article\" \/>\n<meta property=\"og:title\" content=\"\u0421\u043a\u043e\u0432\u043e\u0440\u043e\u0434\u043a\u0430 Cadac Carri Chef - Roast pan - \u041c\u0430\u0433\u0430\u0437\u0438\u043d Xstyle\" \/>\n<meta property=\"og:description\" content=\"\u0421\u043a\u043e\u0432\u043e\u0440\u043e\u0434\u043a\u0430 Cadac Carri Chef \u0438\u0434\u0435\u0430\u043b\u044c\u043d\u043e \u043f\u043e\u0434\u0445\u043e\u0434\u0438\u0442 \u0434\u043b\u044f \u0437\u0430\u043f\u0435\u043a\u0430\u043d\u0438\u044f \u043c\u044f\u0441\u0430 \u0438 \u043e\u0432\u043e\u0449\u0435\u0439. \u0421\u043e\u0432\u043c\u0435\u0441\u0442\u0438\u043c\u0430 \u0441 \u0433\u0440\u0438\u043b\u044f\u043c\u0438 Cadac, \u0438\u043c\u0435\u0435\u0442 \u0430\u043d\u0442\u0438\u043f\u0440\u0438\u0433\u0430\u0440\u043d\u043e\u0435 \u043f\u043e\u043a\u0440\u044b\u0442\u0438\u0435. \u0420\u0430\u0437\u043c\u0435\u0440 42x42 \u0441\u043c.\" \/>\n<meta property=\"og:url\" content=\"https:\/\/xstyle.md\/ro\/produs\/skovorodka-cadac-carri-chef-2-roast-pan\/\" \/>\n<meta property=\"og:site_name\" content=\"\u041c\u0430\u0433\u0430\u0437\u0438\u043d Xstyle\" \/>\n<meta property=\"article:publisher\" content=\"https:\/\/www.facebook.com\/xstylemd\" \/>\n<meta property=\"article:modified_time\" content=\"2026-02-20T09:49:07+00:00\" \/>\n<meta property=\"og:image\" content=\"https:\/\/xstyle.md\/wp-content\/uploads\/2020\/07\/8910-105-roast-pan.jpg\" \/>\n\t<meta property=\"og:image:width\" content=\"1200\" \/>\n\t<meta property=\"og:image:height\" content=\"960\" \/>\n\t<meta property=\"og:image:type\" content=\"image\/jpeg\" \/>\n<meta name=\"twitter:card\" content=\"summary_large_image\" \/>\n<meta name=\"twitter:label1\" content=\"Pre\u021b\" \/>\n\t<meta name=\"twitter:data1\" content=\"880&nbsp;MDL\" \/>\n\t<meta name=\"twitter:label2\" content=\"Disponibilitate\" \/>\n\t<meta name=\"twitter:data2\" content=\"\u00cen stoc\" \/>\n<script type=\"application\/ld+json\" class=\"yoast-schema-graph\">{\"@context\":\"https:\/\/schema.org\",\"@graph\":[{\"@type\":\"WebPage\",\"@id\":\"https:\/\/xstyle.md\/product\/skovorodka-cadac-carri-chef-2-roast-pan\/\",\"url\":\"https:\/\/xstyle.md\/product\/skovorodka-cadac-carri-chef-2-roast-pan\/\",\"name\":\"\u0421\u043a\u043e\u0432\u043e\u0440\u043e\u0434\u043a\u0430 Cadac Carri Chef - Roast pan - \u041c\u0430\u0433\u0430\u0437\u0438\u043d Xstyle\",\"isPartOf\":{\"@id\":\"https:\/\/xstyle.md\/#website\"},\"primaryImageOfPage\":{\"@id\":\"https:\/\/xstyle.md\/product\/skovorodka-cadac-carri-chef-2-roast-pan\/#primaryimage\"},\"image\":{\"@id\":\"https:\/\/xstyle.md\/product\/skovorodka-cadac-carri-chef-2-roast-pan\/#primaryimage\"},\"thumbnailUrl\":\"https:\/\/xstyle.md\/wp-content\/uploads\/2020\/07\/8910-105-roast-pan.jpg\",\"datePublished\":\"2020-07-19T12:31:19+00:00\",\"dateModified\":\"2026-02-20T09:49:07+00:00\",\"description\":\"\u0421\u043a\u043e\u0432\u043e\u0440\u043e\u0434\u043a\u0430 Cadac Carri Chef \u0438\u0434\u0435\u0430\u043b\u044c\u043d\u043e \u043f\u043e\u0434\u0445\u043e\u0434\u0438\u0442 \u0434\u043b\u044f \u0437\u0430\u043f\u0435\u043a\u0430\u043d\u0438\u044f \u043c\u044f\u0441\u0430 \u0438 \u043e\u0432\u043e\u0449\u0435\u0439. \u0421\u043e\u0432\u043c\u0435\u0441\u0442\u0438\u043c\u0430 \u0441 \u0433\u0440\u0438\u043b\u044f\u043c\u0438 Cadac, \u0438\u043c\u0435\u0435\u0442 \u0430\u043d\u0442\u0438\u043f\u0440\u0438\u0433\u0430\u0440\u043d\u043e\u0435 \u043f\u043e\u043a\u0440\u044b\u0442\u0438\u0435. \u0420\u0430\u0437\u043c\u0435\u0440 42x42 \u0441\u043c.\",\"breadcrumb\":{\"@id\":\"https:\/\/xstyle.md\/product\/skovorodka-cadac-carri-chef-2-roast-pan\/#breadcrumb\"},\"inLanguage\":\"ro-RO\",\"potentialAction\":[{\"@type\":\"ReadAction\",\"target\":[\"https:\/\/xstyle.md\/product\/skovorodka-cadac-carri-chef-2-roast-pan\/\"]}]},{\"@type\":\"ImageObject\",\"inLanguage\":\"ro-RO\",\"@id\":\"https:\/\/xstyle.md\/product\/skovorodka-cadac-carri-chef-2-roast-pan\/#primaryimage\",\"url\":\"https:\/\/xstyle.md\/wp-content\/uploads\/2020\/07\/8910-105-roast-pan.jpg\",\"contentUrl\":\"https:\/\/xstyle.md\/wp-content\/uploads\/2020\/07\/8910-105-roast-pan.jpg\",\"width\":1200,\"height\":960},{\"@type\":\"BreadcrumbList\",\"@id\":\"https:\/\/xstyle.md\/product\/skovorodka-cadac-carri-chef-2-roast-pan\/#breadcrumb\",\"itemListElement\":[{\"@type\":\"ListItem\",\"position\":1,\"name\":\"\u0413\u043b\u0430\u0432\u043d\u0430\u044f \u0441\u0442\u0440\u0430\u043d\u0438\u0446\u0430\",\"item\":\"https:\/\/xstyle.md\/\"},{\"@type\":\"ListItem\",\"position\":2,\"name\":\"\u041c\u0430\u0433\u0430\u0437\u0438\u043d\",\"item\":\"https:\/\/xstyle.md\/shop\/\"},{\"@type\":\"ListItem\",\"position\":3,\"name\":\"\u0421\u043a\u043e\u0432\u043e\u0440\u043e\u0434\u043a\u0430 Cadac Carri Chef &#8212; Roast pan\"}]},{\"@type\":\"WebSite\",\"@id\":\"https:\/\/xstyle.md\/#website\",\"url\":\"https:\/\/xstyle.md\/\",\"name\":\"\u041c\u0430\u0433\u0430\u0437\u0438\u043d Xstyle\",\"description\":\"C\u043d\u0430\u0440\u044f\u0436\u0435\u043d\u0438\u0435 \u0434\u043b\u044f \u0442\u0443\u0440\u0438\u0437\u043c\u0430 \u0438 \u044d\u043a\u0441\u0442\u0440\u0435\u043c\u0430\u043b\u044c\u043d\u044b\u0445 \u0432\u0438\u0434\u043e\u0432 \u0441\u043f\u043e\u0440\u0442\u0430 \u0432 \u041c\u043e\u043b\u0434\u043e\u0432\u0435.. \u0426\u0435\u043d\u044b, \u0444\u043e\u0442\u043e, \u0445\u0430\u0440\u0430\u043a\u0442\u0435\u0440\u0438\u0441\u0442\u0438\u043a\u0438 \u0432 \u041c\u043e\u043b\u0434\u043e\u0432\u0435.\",\"publisher\":{\"@id\":\"https:\/\/xstyle.md\/#organization\"},\"alternateName\":\"X-Style\",\"potentialAction\":[{\"@type\":\"SearchAction\",\"target\":{\"@type\":\"EntryPoint\",\"urlTemplate\":\"https:\/\/xstyle.md\/?s={search_term_string}\"},\"query-input\":{\"@type\":\"PropertyValueSpecification\",\"valueRequired\":true,\"valueName\":\"search_term_string\"}}],\"inLanguage\":\"ro-RO\"},{\"@type\":\"Organization\",\"@id\":\"https:\/\/xstyle.md\/#organization\",\"name\":\"\u041c\u0430\u0433\u0430\u0437\u0438\u043d Xstyle\",\"alternateName\":\"x-style\",\"url\":\"https:\/\/xstyle.md\/\",\"logo\":{\"@type\":\"ImageObject\",\"inLanguage\":\"ro-RO\",\"@id\":\"https:\/\/xstyle.md\/#\/schema\/logo\/image\/\",\"url\":\"https:\/\/xstyle.md\/wp-content\/uploads\/2020\/06\/logoicon.svg\",\"contentUrl\":\"https:\/\/xstyle.md\/wp-content\/uploads\/2020\/06\/logoicon.svg\",\"caption\":\"\u041c\u0430\u0433\u0430\u0437\u0438\u043d Xstyle\"},\"image\":{\"@id\":\"https:\/\/xstyle.md\/#\/schema\/logo\/image\/\"},\"sameAs\":[\"https:\/\/www.facebook.com\/xstylemd\",\"https:\/\/www.instagram.com\/xstyle_md\/\",\"https:\/\/t.me\/xstyle_outdoor\"],\"hasMerchantReturnPolicy\":{\"@type\":\"MerchantReturnPolicy\",\"merchantReturnLink\":\"https:\/\/xstyle.md\/ro\/conditions\/\"}}]}<\/script>\n<meta property=\"product:price:amount\" content=\"880.00\" \/>\n<meta property=\"product:price:currency\" content=\"MDL\" \/>\n<meta property=\"og:availability\" content=\"instock\" \/>\n<meta property=\"product:availability\" content=\"instock\" \/>\n<meta property=\"product:retailer_item_id\" content=\"Cadac-8910-105\" \/>\n<meta property=\"product:condition\" content=\"new\" \/>\n<!-- \/ Yoast SEO plugin. -->","yoast_head_json":{"title":"Tigaie Roast pan Carri Chef 2 - Magazin Xstyle","description":"Tigaia Cadac Carri Chef este perfect\u0103 pentru coacerea c\u0103rnii \u0219i legumelor. Este compatibil\u0103 cu gr\u0103tarele Cadac \u0219i are un strat antiaderent. Dimensiune 42x42 cm.","robots":{"index":"index","follow":"follow","max-snippet":"max-snippet:-1","max-image-preview":"max-image-preview:large","max-video-preview":"max-video-preview:-1"},"canonical":"https:\/\/xstyle.md\/ro\/produs\/skovorodka-cadac-carri-chef-2-roast-pan\/","og_locale":"ro_RO","og_type":"article","og_title":"\u0421\u043a\u043e\u0432\u043e\u0440\u043e\u0434\u043a\u0430 Cadac Carri Chef - Roast pan - \u041c\u0430\u0433\u0430\u0437\u0438\u043d Xstyle","og_description":"\u0421\u043a\u043e\u0432\u043e\u0440\u043e\u0434\u043a\u0430 Cadac Carri Chef \u0438\u0434\u0435\u0430\u043b\u044c\u043d\u043e \u043f\u043e\u0434\u0445\u043e\u0434\u0438\u0442 \u0434\u043b\u044f \u0437\u0430\u043f\u0435\u043a\u0430\u043d\u0438\u044f \u043c\u044f\u0441\u0430 \u0438 \u043e\u0432\u043e\u0449\u0435\u0439. \u0421\u043e\u0432\u043c\u0435\u0441\u0442\u0438\u043c\u0430 \u0441 \u0433\u0440\u0438\u043b\u044f\u043c\u0438 Cadac, \u0438\u043c\u0435\u0435\u0442 \u0430\u043d\u0442\u0438\u043f\u0440\u0438\u0433\u0430\u0440\u043d\u043e\u0435 \u043f\u043e\u043a\u0440\u044b\u0442\u0438\u0435. \u0420\u0430\u0437\u043c\u0435\u0440 42x42 \u0441\u043c.","og_url":"https:\/\/xstyle.md\/ro\/produs\/skovorodka-cadac-carri-chef-2-roast-pan\/","og_site_name":"\u041c\u0430\u0433\u0430\u0437\u0438\u043d Xstyle","article_publisher":"https:\/\/www.facebook.com\/xstylemd","article_modified_time":"2026-02-20T09:49:07+00:00","og_image":[{"width":1200,"height":960,"url":"https:\/\/xstyle.md\/wp-content\/uploads\/2020\/07\/8910-105-roast-pan.jpg","type":"image\/jpeg"}],"twitter_card":"summary_large_image","twitter_misc":{"Pre\u021b":"880&nbsp;MDL","Disponibilitate":"\u00cen stoc"},"schema":{"@context":"https:\/\/schema.org","@graph":[{"@type":"WebPage","@id":"https:\/\/xstyle.md\/product\/skovorodka-cadac-carri-chef-2-roast-pan\/","url":"https:\/\/xstyle.md\/product\/skovorodka-cadac-carri-chef-2-roast-pan\/","name":"Tigaie Roast pan Carri Chef 2 - Magazin Xstyle","isPartOf":{"@id":"https:\/\/xstyle.md\/#website"},"primaryImageOfPage":{"@id":"https:\/\/xstyle.md\/product\/skovorodka-cadac-carri-chef-2-roast-pan\/#primaryimage"},"image":{"@id":"https:\/\/xstyle.md\/product\/skovorodka-cadac-carri-chef-2-roast-pan\/#primaryimage"},"thumbnailUrl":"https:\/\/xstyle.md\/wp-content\/uploads\/2020\/07\/8910-105-roast-pan.jpg","datePublished":"2020-07-19T12:31:19+00:00","dateModified":"2026-02-20T09:49:07+00:00","description":"Tigaia Cadac Carri Chef este perfect\u0103 pentru coacerea c\u0103rnii \u0219i legumelor. Este compatibil\u0103 cu gr\u0103tarele Cadac \u0219i are un strat antiaderent. Dimensiune 42x42 cm.","breadcrumb":{"@id":"https:\/\/xstyle.md\/product\/skovorodka-cadac-carri-chef-2-roast-pan\/#breadcrumb"},"inLanguage":"ro-RO","potentialAction":[{"@type":"ReadAction","target":["https:\/\/xstyle.md\/product\/skovorodka-cadac-carri-chef-2-roast-pan\/"]}]},{"@type":"ImageObject","inLanguage":"ro-RO","@id":"https:\/\/xstyle.md\/product\/skovorodka-cadac-carri-chef-2-roast-pan\/#primaryimage","url":"https:\/\/xstyle.md\/wp-content\/uploads\/2020\/07\/8910-105-roast-pan.jpg","contentUrl":"https:\/\/xstyle.md\/wp-content\/uploads\/2020\/07\/8910-105-roast-pan.jpg","width":1200,"height":960},{"@type":"BreadcrumbList","@id":"https:\/\/xstyle.md\/product\/skovorodka-cadac-carri-chef-2-roast-pan\/#breadcrumb","itemListElement":[{"@type":"ListItem","position":1,"name":"\u0413\u043b\u0430\u0432\u043d\u0430\u044f \u0441\u0442\u0440\u0430\u043d\u0438\u0446\u0430","item":"https:\/\/xstyle.md\/"},{"@type":"ListItem","position":2,"name":"\u041c\u0430\u0433\u0430\u0437\u0438\u043d","item":"https:\/\/xstyle.md\/shop\/"},{"@type":"ListItem","position":3,"name":"\u0421\u043a\u043e\u0432\u043e\u0440\u043e\u0434\u043a\u0430 Cadac Carri Chef &#8212; Roast pan"}]},{"@type":"WebSite","@id":"https:\/\/xstyle.md\/#website","url":"https:\/\/xstyle.md\/","name":"Magazinul X-Style","description":"Echipamente pentru turism \u0219i sporturi extreme \u00een Moldova. Pre\u021buri, fotografii, caracteristici \u00een Moldova.","publisher":{"@id":"https:\/\/xstyle.md\/#organization"},"alternateName":"X-Style","potentialAction":[{"@type":"SearchAction","target":{"@type":"EntryPoint","urlTemplate":"https:\/\/xstyle.md\/?s={search_term_string}"},"query-input":{"@type":"PropertyValueSpecification","valueRequired":true,"valueName":"search_term_string"}}],"inLanguage":"ro-RO"},{"@type":"Organization","@id":"https:\/\/xstyle.md\/#organization","name":"Magazinul X-Style","alternateName":"x-style","url":"https:\/\/xstyle.md\/","logo":{"@type":"ImageObject","inLanguage":"ro-RO","@id":"https:\/\/xstyle.md\/#\/schema\/logo\/image\/","url":"https:\/\/xstyle.md\/wp-content\/uploads\/2020\/06\/logoicon.svg","contentUrl":"https:\/\/xstyle.md\/wp-content\/uploads\/2020\/06\/logoicon.svg","caption":"\u041c\u0430\u0433\u0430\u0437\u0438\u043d Xstyle"},"image":{"@id":"https:\/\/xstyle.md\/#\/schema\/logo\/image\/"},"sameAs":["https:\/\/www.facebook.com\/xstylemd","https:\/\/www.instagram.com\/xstyle_md\/","https:\/\/t.me\/xstyle_outdoor"],"hasMerchantReturnPolicy":{"@type":"MerchantReturnPolicy","merchantReturnLink":"https:\/\/xstyle.md\/ro\/conditions\/"}}]},"product_price_amount":"880.00","product_price_currency":"MDL","og_availability":"instock","product_availability":"instock","product_retailer_item_id":"Cadac-8910-105","product_condition":"new"},"post_mailing_queue_ids":[],"_links":{"self":[{"href":"https:\/\/xstyle.md\/ro\/wp-json\/wp\/v2\/product\/22041","targetHints":{"allow":["GET"]}}],"collection":[{"href":"https:\/\/xstyle.md\/ro\/wp-json\/wp\/v2\/product"}],"about":[{"href":"https:\/\/xstyle.md\/ro\/wp-json\/wp\/v2\/types\/product"}],"replies":[{"embeddable":true,"href":"https:\/\/xstyle.md\/ro\/wp-json\/wp\/v2\/comments?post=22041"}],"wp:featuredmedia":[{"embeddable":true,"href":"https:\/\/xstyle.md\/ro\/wp-json\/wp\/v2\/media\/22038"}],"wp:attachment":[{"href":"https:\/\/xstyle.md\/ro\/wp-json\/wp\/v2\/media?parent=22041"}],"wp:term":[{"taxonomy":"product_brand","embeddable":true,"href":"https:\/\/xstyle.md\/ro\/wp-json\/wp\/v2\/product_brand?post=22041"},{"taxonomy":"product_cat","embeddable":true,"href":"https:\/\/xstyle.md\/ro\/wp-json\/wp\/v2\/product_cat?post=22041"},{"taxonomy":"product_tag","embeddable":true,"href":"https:\/\/xstyle.md\/ro\/wp-json\/wp\/v2\/product_tag?post=22041"}],"curies":[{"name":"wp","href":"https:\/\/api.w.org\/{rel}","templated":true}]}}