{"id":22012,"date":"2020-07-19T15:30:36","date_gmt":"2020-07-19T12:30:36","guid":{"rendered":"https:\/\/xstyle.md\/product\/shlang-s-reguljatorom-cadac-regulator-en417-85cm"},"modified":"2025-10-28T18:01:54","modified_gmt":"2025-10-28T15:01:54","slug":"shlang-s-reguljatorom-cadac-regulator-en417-85cm","status":"publish","type":"product","link":"https:\/\/xstyle.md\/ro\/produs\/shlang-s-reguljatorom-cadac-regulator-en417-85cm\/","title":{"rendered":"Accesoriu gratar Regulator threaded cartridges 30mb EN417 85 cm"},"content":{"rendered":"<\/p>\n<p><strong>Accesoriu gratar Regulator threaded cartridges 30mb EN417 85 cm<\/strong> &#8212; proiectat pentru aparate cu presiune redus\u0103 de gaz, care func\u021bioneaz\u0103d pe butelii de gaz \u00eenf\u0103\u0219urat pe un cilindru de gaz.\u00a0Regulatorul EN417 include un furtun \u0219i un v\u00e2rf. Se potrive\u0219te pentru cilindrul de gaz cu filet st\u00e2nga BSP \u00bc \u201d. 30 mbar.<\/p>\n<h3>Caracteristici<\/h3>\n<ul>\n<li>Culoare &#8212; Portocaliu \/ Argintiu<\/li>\n<li>Dimensiune &#8212; 85 cm<\/li>\n<li>Greutate &#8212; 399 gr<\/li>\n<\/ul>\n<p><\/p>","protected":false},"excerpt":{"rendered":"<p>Accesoriu gratar Regulator threaded cartridges 30mb EN417 85 cm<\/p>","protected":false},"featured_media":22008,"comment_status":"open","ping_status":"closed","template":"","meta":{"_acf_changed":false,"inline_featured_image":false},"product_brand":[1418],"product_cat":[915],"product_tag":[],"class_list":{"0":"post-22012","1":"product","2":"type-product","3":"status-publish","4":"has-post-thumbnail","6":"product_brand-cadac","7":"product_cat-accesorii-gratar","9":"first","10":"instock","11":"shipping-taxable","12":"purchasable","13":"product-type-simple"},"acf":[],"yoast_head":"<!-- This site is optimized with the Yoast SEO plugin v27.2 - https:\/\/yoast.com\/product\/yoast-seo-wordpress\/ -->\n<title>\u0428\u043b\u0430\u043d\u0433 \u0441 \u0440\u0435\u0433\u0443\u043b\u044f\u0442\u043e\u0440\u043e\u043c Cadac Regulator EN417 85cm - \u041c\u0430\u0433\u0430\u0437\u0438\u043d Xstyle<\/title>\n<meta name=\"description\" content=\"\u0428\u043b\u0430\u043d\u0433 \u0441 \u0440\u0435\u0433\u0443\u043b\u044f\u0442\u043e\u0440\u043e\u043c Cadac EN417 85 \u0441\u043c \u0438\u0434\u0435\u0430\u043b\u044c\u043d\u043e \u043f\u043e\u0434\u0445\u043e\u0434\u0438\u0442 \u0434\u043b\u044f \u0433\u0430\u0437\u043e\u0432\u044b\u0445 \u0443\u0441\u0442\u0440\u043e\u0439\u0441\u0442\u0432 \u0441 \u043d\u0438\u0437\u043a\u0438\u043c \u0434\u0430\u0432\u043b\u0435\u043d\u0438\u0435\u043c. \u041b\u0435\u0433\u043a\u043e\u0441\u0442\u044c \u0443\u0441\u0442\u0430\u043d\u043e\u0432\u043a\u0438 \u0438 \u043d\u0430\u0434\u0435\u0436\u043d\u043e\u0441\u0442\u044c \u0432 \u0438\u0441\u043f\u043e\u043b\u044c\u0437\u043e\u0432\u0430\u043d\u0438\u0438!\" \/>\n<meta name=\"robots\" content=\"index, follow, max-snippet:-1, max-image-preview:large, max-video-preview:-1\" \/>\n<link rel=\"canonical\" href=\"https:\/\/xstyle.md\/ro\/produs\/shlang-s-reguljatorom-cadac-regulator-en417-85cm\/\" \/>\n<meta property=\"og:locale\" content=\"ro_RO\" \/>\n<meta property=\"og:type\" content=\"article\" \/>\n<meta property=\"og:title\" content=\"\u0428\u043b\u0430\u043d\u0433 \u0441 \u0440\u0435\u0433\u0443\u043b\u044f\u0442\u043e\u0440\u043e\u043c Cadac Regulator EN417 85cm - \u041c\u0430\u0433\u0430\u0437\u0438\u043d Xstyle\" \/>\n<meta property=\"og:description\" content=\"\u0428\u043b\u0430\u043d\u0433 \u0441 \u0440\u0435\u0433\u0443\u043b\u044f\u0442\u043e\u0440\u043e\u043c Cadac EN417 85 \u0441\u043c \u0438\u0434\u0435\u0430\u043b\u044c\u043d\u043e \u043f\u043e\u0434\u0445\u043e\u0434\u0438\u0442 \u0434\u043b\u044f \u0433\u0430\u0437\u043e\u0432\u044b\u0445 \u0443\u0441\u0442\u0440\u043e\u0439\u0441\u0442\u0432 \u0441 \u043d\u0438\u0437\u043a\u0438\u043c \u0434\u0430\u0432\u043b\u0435\u043d\u0438\u0435\u043c. \u041b\u0435\u0433\u043a\u043e\u0441\u0442\u044c \u0443\u0441\u0442\u0430\u043d\u043e\u0432\u043a\u0438 \u0438 \u043d\u0430\u0434\u0435\u0436\u043d\u043e\u0441\u0442\u044c \u0432 \u0438\u0441\u043f\u043e\u043b\u044c\u0437\u043e\u0432\u0430\u043d\u0438\u0438!\" \/>\n<meta property=\"og:url\" content=\"https:\/\/xstyle.md\/ro\/produs\/shlang-s-reguljatorom-cadac-regulator-en417-85cm\/\" \/>\n<meta property=\"og:site_name\" content=\"\u041c\u0430\u0433\u0430\u0437\u0438\u043d Xstyle\" \/>\n<meta property=\"article:publisher\" content=\"https:\/\/www.facebook.com\/xstylemd\" \/>\n<meta property=\"article:modified_time\" content=\"2025-10-28T15:01:54+00:00\" \/>\n<meta property=\"og:image\" content=\"https:\/\/xstyle.md\/wp-content\/uploads\/2020\/07\/343-en417-regulator.jpg\" \/>\n\t<meta property=\"og:image:width\" content=\"1200\" \/>\n\t<meta property=\"og:image:height\" content=\"960\" \/>\n\t<meta property=\"og:image:type\" content=\"image\/jpeg\" \/>\n<meta name=\"twitter:card\" content=\"summary_large_image\" \/>\n<meta name=\"twitter:label1\" content=\"Pre\u021b\" \/>\n\t<meta name=\"twitter:data1\" content=\"530&nbsp;MDL\" \/>\n\t<meta name=\"twitter:label2\" content=\"Disponibilitate\" \/>\n\t<meta name=\"twitter:data2\" content=\"\u00cen stoc\" \/>\n<script type=\"application\/ld+json\" class=\"yoast-schema-graph\">{\"@context\":\"https:\/\/schema.org\",\"@graph\":[{\"@type\":\"WebPage\",\"@id\":\"https:\/\/xstyle.md\/product\/shlang-s-reguljatorom-cadac-regulator-en417-85cm\/\",\"url\":\"https:\/\/xstyle.md\/product\/shlang-s-reguljatorom-cadac-regulator-en417-85cm\/\",\"name\":\"\u0428\u043b\u0430\u043d\u0433 \u0441 \u0440\u0435\u0433\u0443\u043b\u044f\u0442\u043e\u0440\u043e\u043c Cadac Regulator EN417 85cm - \u041c\u0430\u0433\u0430\u0437\u0438\u043d Xstyle\",\"isPartOf\":{\"@id\":\"https:\/\/xstyle.md\/#website\"},\"primaryImageOfPage\":{\"@id\":\"https:\/\/xstyle.md\/product\/shlang-s-reguljatorom-cadac-regulator-en417-85cm\/#primaryimage\"},\"image\":{\"@id\":\"https:\/\/xstyle.md\/product\/shlang-s-reguljatorom-cadac-regulator-en417-85cm\/#primaryimage\"},\"thumbnailUrl\":\"https:\/\/xstyle.md\/wp-content\/uploads\/2020\/07\/343-en417-regulator.jpg\",\"datePublished\":\"2020-07-19T12:30:36+00:00\",\"dateModified\":\"2025-10-28T15:01:54+00:00\",\"description\":\"\u0428\u043b\u0430\u043d\u0433 \u0441 \u0440\u0435\u0433\u0443\u043b\u044f\u0442\u043e\u0440\u043e\u043c Cadac EN417 85 \u0441\u043c \u0438\u0434\u0435\u0430\u043b\u044c\u043d\u043e \u043f\u043e\u0434\u0445\u043e\u0434\u0438\u0442 \u0434\u043b\u044f \u0433\u0430\u0437\u043e\u0432\u044b\u0445 \u0443\u0441\u0442\u0440\u043e\u0439\u0441\u0442\u0432 \u0441 \u043d\u0438\u0437\u043a\u0438\u043c \u0434\u0430\u0432\u043b\u0435\u043d\u0438\u0435\u043c. \u041b\u0435\u0433\u043a\u043e\u0441\u0442\u044c \u0443\u0441\u0442\u0430\u043d\u043e\u0432\u043a\u0438 \u0438 \u043d\u0430\u0434\u0435\u0436\u043d\u043e\u0441\u0442\u044c \u0432 \u0438\u0441\u043f\u043e\u043b\u044c\u0437\u043e\u0432\u0430\u043d\u0438\u0438!\",\"breadcrumb\":{\"@id\":\"https:\/\/xstyle.md\/product\/shlang-s-reguljatorom-cadac-regulator-en417-85cm\/#breadcrumb\"},\"inLanguage\":\"ro-RO\",\"potentialAction\":[{\"@type\":\"ReadAction\",\"target\":[\"https:\/\/xstyle.md\/product\/shlang-s-reguljatorom-cadac-regulator-en417-85cm\/\"]}]},{\"@type\":\"ImageObject\",\"inLanguage\":\"ro-RO\",\"@id\":\"https:\/\/xstyle.md\/product\/shlang-s-reguljatorom-cadac-regulator-en417-85cm\/#primaryimage\",\"url\":\"https:\/\/xstyle.md\/wp-content\/uploads\/2020\/07\/343-en417-regulator.jpg\",\"contentUrl\":\"https:\/\/xstyle.md\/wp-content\/uploads\/2020\/07\/343-en417-regulator.jpg\",\"width\":1200,\"height\":960},{\"@type\":\"BreadcrumbList\",\"@id\":\"https:\/\/xstyle.md\/product\/shlang-s-reguljatorom-cadac-regulator-en417-85cm\/#breadcrumb\",\"itemListElement\":[{\"@type\":\"ListItem\",\"position\":1,\"name\":\"\u0413\u043b\u0430\u0432\u043d\u0430\u044f \u0441\u0442\u0440\u0430\u043d\u0438\u0446\u0430\",\"item\":\"https:\/\/xstyle.md\/\"},{\"@type\":\"ListItem\",\"position\":2,\"name\":\"\u041c\u0430\u0433\u0430\u0437\u0438\u043d\",\"item\":\"https:\/\/xstyle.md\/shop\/\"},{\"@type\":\"ListItem\",\"position\":3,\"name\":\"\u0428\u043b\u0430\u043d\u0433 \u0441 \u0440\u0435\u0433\u0443\u043b\u044f\u0442\u043e\u0440\u043e\u043c Cadac Regulator EN417 85cm\"}]},{\"@type\":\"WebSite\",\"@id\":\"https:\/\/xstyle.md\/#website\",\"url\":\"https:\/\/xstyle.md\/\",\"name\":\"\u041c\u0430\u0433\u0430\u0437\u0438\u043d Xstyle\",\"description\":\"C\u043d\u0430\u0440\u044f\u0436\u0435\u043d\u0438\u0435 \u0434\u043b\u044f \u0442\u0443\u0440\u0438\u0437\u043c\u0430 \u0438 \u044d\u043a\u0441\u0442\u0440\u0435\u043c\u0430\u043b\u044c\u043d\u044b\u0445 \u0432\u0438\u0434\u043e\u0432 \u0441\u043f\u043e\u0440\u0442\u0430 \u0432 \u041c\u043e\u043b\u0434\u043e\u0432\u0435.. \u0426\u0435\u043d\u044b, \u0444\u043e\u0442\u043e, \u0445\u0430\u0440\u0430\u043a\u0442\u0435\u0440\u0438\u0441\u0442\u0438\u043a\u0438 \u0432 \u041c\u043e\u043b\u0434\u043e\u0432\u0435.\",\"publisher\":{\"@id\":\"https:\/\/xstyle.md\/#organization\"},\"alternateName\":\"X-Style\",\"potentialAction\":[{\"@type\":\"SearchAction\",\"target\":{\"@type\":\"EntryPoint\",\"urlTemplate\":\"https:\/\/xstyle.md\/?s={search_term_string}\"},\"query-input\":{\"@type\":\"PropertyValueSpecification\",\"valueRequired\":true,\"valueName\":\"search_term_string\"}}],\"inLanguage\":\"ro-RO\"},{\"@type\":\"Organization\",\"@id\":\"https:\/\/xstyle.md\/#organization\",\"name\":\"\u041c\u0430\u0433\u0430\u0437\u0438\u043d Xstyle\",\"alternateName\":\"x-style\",\"url\":\"https:\/\/xstyle.md\/\",\"logo\":{\"@type\":\"ImageObject\",\"inLanguage\":\"ro-RO\",\"@id\":\"https:\/\/xstyle.md\/#\/schema\/logo\/image\/\",\"url\":\"https:\/\/xstyle.md\/wp-content\/uploads\/2020\/06\/logoicon.svg\",\"contentUrl\":\"https:\/\/xstyle.md\/wp-content\/uploads\/2020\/06\/logoicon.svg\",\"caption\":\"\u041c\u0430\u0433\u0430\u0437\u0438\u043d Xstyle\"},\"image\":{\"@id\":\"https:\/\/xstyle.md\/#\/schema\/logo\/image\/\"},\"sameAs\":[\"https:\/\/www.facebook.com\/xstylemd\",\"https:\/\/www.instagram.com\/xstyle_md\/\",\"https:\/\/t.me\/xstyle_outdoor\"],\"hasMerchantReturnPolicy\":{\"@type\":\"MerchantReturnPolicy\",\"merchantReturnLink\":\"https:\/\/xstyle.md\/ro\/conditions\/\"}}]}<\/script>\n<meta property=\"product:price:amount\" content=\"530.00\" \/>\n<meta property=\"product:price:currency\" content=\"MDL\" \/>\n<meta property=\"og:availability\" content=\"instock\" \/>\n<meta property=\"product:availability\" content=\"instock\" \/>\n<meta property=\"product:retailer_item_id\" content=\"Cadac-343\" \/>\n<meta property=\"product:condition\" content=\"new\" \/>\n<!-- \/ Yoast SEO plugin. -->","yoast_head_json":{"title":"Accesoriu gratar Regulator threaded cartridges 30mb EN417 85 cm - Magazin Xstyle","description":"H\u00e2rtia cu regulator Cadac EN417 de 85 cm este ideal\u0103 pentru dispozitivele de gaz cu presiune joas\u0103. U\u0219urin\u021ba de instalare \u0219i fiabilitatea \u00een utilizare!","robots":{"index":"index","follow":"follow","max-snippet":"max-snippet:-1","max-image-preview":"max-image-preview:large","max-video-preview":"max-video-preview:-1"},"canonical":"https:\/\/xstyle.md\/ro\/produs\/shlang-s-reguljatorom-cadac-regulator-en417-85cm\/","og_locale":"ro_RO","og_type":"article","og_title":"\u0428\u043b\u0430\u043d\u0433 \u0441 \u0440\u0435\u0433\u0443\u043b\u044f\u0442\u043e\u0440\u043e\u043c Cadac Regulator EN417 85cm - \u041c\u0430\u0433\u0430\u0437\u0438\u043d Xstyle","og_description":"\u0428\u043b\u0430\u043d\u0433 \u0441 \u0440\u0435\u0433\u0443\u043b\u044f\u0442\u043e\u0440\u043e\u043c Cadac EN417 85 \u0441\u043c \u0438\u0434\u0435\u0430\u043b\u044c\u043d\u043e \u043f\u043e\u0434\u0445\u043e\u0434\u0438\u0442 \u0434\u043b\u044f \u0433\u0430\u0437\u043e\u0432\u044b\u0445 \u0443\u0441\u0442\u0440\u043e\u0439\u0441\u0442\u0432 \u0441 \u043d\u0438\u0437\u043a\u0438\u043c \u0434\u0430\u0432\u043b\u0435\u043d\u0438\u0435\u043c. \u041b\u0435\u0433\u043a\u043e\u0441\u0442\u044c \u0443\u0441\u0442\u0430\u043d\u043e\u0432\u043a\u0438 \u0438 \u043d\u0430\u0434\u0435\u0436\u043d\u043e\u0441\u0442\u044c \u0432 \u0438\u0441\u043f\u043e\u043b\u044c\u0437\u043e\u0432\u0430\u043d\u0438\u0438!","og_url":"https:\/\/xstyle.md\/ro\/produs\/shlang-s-reguljatorom-cadac-regulator-en417-85cm\/","og_site_name":"\u041c\u0430\u0433\u0430\u0437\u0438\u043d Xstyle","article_publisher":"https:\/\/www.facebook.com\/xstylemd","article_modified_time":"2025-10-28T15:01:54+00:00","og_image":[{"width":1200,"height":960,"url":"https:\/\/xstyle.md\/wp-content\/uploads\/2020\/07\/343-en417-regulator.jpg","type":"image\/jpeg"}],"twitter_card":"summary_large_image","twitter_misc":{"Pre\u021b":"530&nbsp;MDL","Disponibilitate":"\u00cen stoc"},"schema":{"@context":"https:\/\/schema.org","@graph":[{"@type":"WebPage","@id":"https:\/\/xstyle.md\/product\/shlang-s-reguljatorom-cadac-regulator-en417-85cm\/","url":"https:\/\/xstyle.md\/product\/shlang-s-reguljatorom-cadac-regulator-en417-85cm\/","name":"Accesoriu gratar Regulator threaded cartridges 30mb EN417 85 cm - Magazin Xstyle","isPartOf":{"@id":"https:\/\/xstyle.md\/#website"},"primaryImageOfPage":{"@id":"https:\/\/xstyle.md\/product\/shlang-s-reguljatorom-cadac-regulator-en417-85cm\/#primaryimage"},"image":{"@id":"https:\/\/xstyle.md\/product\/shlang-s-reguljatorom-cadac-regulator-en417-85cm\/#primaryimage"},"thumbnailUrl":"https:\/\/xstyle.md\/wp-content\/uploads\/2020\/07\/343-en417-regulator.jpg","datePublished":"2020-07-19T12:30:36+00:00","dateModified":"2025-10-28T15:01:54+00:00","description":"H\u00e2rtia cu regulator Cadac EN417 de 85 cm este ideal\u0103 pentru dispozitivele de gaz cu presiune joas\u0103. U\u0219urin\u021ba de instalare \u0219i fiabilitatea \u00een utilizare!","breadcrumb":{"@id":"https:\/\/xstyle.md\/product\/shlang-s-reguljatorom-cadac-regulator-en417-85cm\/#breadcrumb"},"inLanguage":"ro-RO","potentialAction":[{"@type":"ReadAction","target":["https:\/\/xstyle.md\/product\/shlang-s-reguljatorom-cadac-regulator-en417-85cm\/"]}]},{"@type":"ImageObject","inLanguage":"ro-RO","@id":"https:\/\/xstyle.md\/product\/shlang-s-reguljatorom-cadac-regulator-en417-85cm\/#primaryimage","url":"https:\/\/xstyle.md\/wp-content\/uploads\/2020\/07\/343-en417-regulator.jpg","contentUrl":"https:\/\/xstyle.md\/wp-content\/uploads\/2020\/07\/343-en417-regulator.jpg","width":1200,"height":960},{"@type":"BreadcrumbList","@id":"https:\/\/xstyle.md\/product\/shlang-s-reguljatorom-cadac-regulator-en417-85cm\/#breadcrumb","itemListElement":[{"@type":"ListItem","position":1,"name":"\u0413\u043b\u0430\u0432\u043d\u0430\u044f \u0441\u0442\u0440\u0430\u043d\u0438\u0446\u0430","item":"https:\/\/xstyle.md\/"},{"@type":"ListItem","position":2,"name":"\u041c\u0430\u0433\u0430\u0437\u0438\u043d","item":"https:\/\/xstyle.md\/shop\/"},{"@type":"ListItem","position":3,"name":"\u0428\u043b\u0430\u043d\u0433 \u0441 \u0440\u0435\u0433\u0443\u043b\u044f\u0442\u043e\u0440\u043e\u043c Cadac Regulator EN417 85cm"}]},{"@type":"WebSite","@id":"https:\/\/xstyle.md\/#website","url":"https:\/\/xstyle.md\/","name":"Magazinul X-Style","description":"Echipamente pentru turism \u0219i sporturi extreme \u00een Moldova. Pre\u021buri, fotografii, caracteristici \u00een Moldova.","publisher":{"@id":"https:\/\/xstyle.md\/#organization"},"alternateName":"X-Style","potentialAction":[{"@type":"SearchAction","target":{"@type":"EntryPoint","urlTemplate":"https:\/\/xstyle.md\/?s={search_term_string}"},"query-input":{"@type":"PropertyValueSpecification","valueRequired":true,"valueName":"search_term_string"}}],"inLanguage":"ro-RO"},{"@type":"Organization","@id":"https:\/\/xstyle.md\/#organization","name":"Magazinul X-Style","alternateName":"x-style","url":"https:\/\/xstyle.md\/","logo":{"@type":"ImageObject","inLanguage":"ro-RO","@id":"https:\/\/xstyle.md\/#\/schema\/logo\/image\/","url":"https:\/\/xstyle.md\/wp-content\/uploads\/2020\/06\/logoicon.svg","contentUrl":"https:\/\/xstyle.md\/wp-content\/uploads\/2020\/06\/logoicon.svg","caption":"\u041c\u0430\u0433\u0430\u0437\u0438\u043d Xstyle"},"image":{"@id":"https:\/\/xstyle.md\/#\/schema\/logo\/image\/"},"sameAs":["https:\/\/www.facebook.com\/xstylemd","https:\/\/www.instagram.com\/xstyle_md\/","https:\/\/t.me\/xstyle_outdoor"],"hasMerchantReturnPolicy":{"@type":"MerchantReturnPolicy","merchantReturnLink":"https:\/\/xstyle.md\/ro\/conditions\/"}}]},"product_price_amount":"530.00","product_price_currency":"MDL","og_availability":"instock","product_availability":"instock","product_retailer_item_id":"Cadac-343","product_condition":"new"},"post_mailing_queue_ids":[],"_links":{"self":[{"href":"https:\/\/xstyle.md\/ro\/wp-json\/wp\/v2\/product\/22012","targetHints":{"allow":["GET"]}}],"collection":[{"href":"https:\/\/xstyle.md\/ro\/wp-json\/wp\/v2\/product"}],"about":[{"href":"https:\/\/xstyle.md\/ro\/wp-json\/wp\/v2\/types\/product"}],"replies":[{"embeddable":true,"href":"https:\/\/xstyle.md\/ro\/wp-json\/wp\/v2\/comments?post=22012"}],"wp:featuredmedia":[{"embeddable":true,"href":"https:\/\/xstyle.md\/ro\/wp-json\/wp\/v2\/media\/22008"}],"wp:attachment":[{"href":"https:\/\/xstyle.md\/ro\/wp-json\/wp\/v2\/media?parent=22012"}],"wp:term":[{"taxonomy":"product_brand","embeddable":true,"href":"https:\/\/xstyle.md\/ro\/wp-json\/wp\/v2\/product_brand?post=22012"},{"taxonomy":"product_cat","embeddable":true,"href":"https:\/\/xstyle.md\/ro\/wp-json\/wp\/v2\/product_cat?post=22012"},{"taxonomy":"product_tag","embeddable":true,"href":"https:\/\/xstyle.md\/ro\/wp-json\/wp\/v2\/product_tag?post=22012"}],"curies":[{"name":"wp","href":"https:\/\/api.w.org\/{rel}","templated":true}]}}