{"id":21991,"date":"2020-07-19T15:29:54","date_gmt":"2020-07-19T12:29:54","guid":{"rendered":"https:\/\/xstyle.md\/product\/nabor-termobel-ja-viking-bruno-dark-grey-xl"},"modified":"2024-11-30T00:03:41","modified_gmt":"2024-11-29T21:03:41","slug":"nabor-termobel-ja-viking-bruno-dark-grey-xl","status":"publish","type":"product","link":"https:\/\/xstyle.md\/ro\/produs\/nabor-termobel-ja-viking-bruno-dark-grey-xl\/","title":{"rendered":"Set de lenjerie termic\u0103 Viking Bruno"},"content":{"rendered":"<\/p>\n<p><strong>Viking Bruno\u00a0<\/strong>este un set de lenjerie de corp termic\u0103 pentru b\u0103rba\u021bi cu protec\u021bie suplimentar\u0103 \u00eempotriva celor mai aspre temperaturi sc\u0103zute. T\u0103ietura f\u0103r\u0103 cus\u0103turi \u0219i elasticitatea bun\u0103, care nu limiteaz\u0103 mi\u0219carea, asigur\u0103 confortul \u0219i v\u0103 men\u021bin c\u0103ldura.<\/p>\n<p>Perfora\u021biile, care asigur\u0103 o respira\u021bie perfect\u0103 \u0219i confort \u00een timpul antrenamentului, reprezint\u0103 un mare avantaj al setului de lenjerie termic\u0103 pentru b\u0103rba\u021bi Viking Bruno. Zonele de ventila\u021bie practic\u0103 \u00een locurile unde transpira\u021bia se produce cel mai rapid \u00een timpul activit\u0103\u021bii fizice fac din setul de lenjerie termic\u0103 corespunz\u0103tor un echipament de baz\u0103 excelent pentru schi sau snowboard, dar \u0219i ca echipament de sine st\u0103t\u0103tor pentru alergare, patinaj, \u00een sala de sport, la munte \u0219i \u00een alte locuri.<\/p>\n<p>Design sportiv, g\u0103uri de ventila\u021bie practice \u0219i \u00eent\u0103rituri \u00een locuri strategice &#8212; \u00eendoirea genunchilor\/coatelor asigur\u0103 un confort maxim \u00een timpul diferitelor sesiuni de antrenament.<\/p>\n<p>Lenjeria de corp termic\u0103 este compact\u0103, economise\u0219te spa\u021biu, este confortabil\u0103, inodor\u0103, se usuc\u0103 rapid, este flexibil\u0103 \u0219i ofer\u0103 o amplitudine maxim\u0103 de mi\u0219care &#8212; ideal\u0103 pentru c\u0103l\u0103torii \u0219i pentru utilizarea zilnic\u0103. Lenjeria intim\u0103 de calitate Viking \u00ee\u0219i p\u0103streaz\u0103 propriet\u0103\u021bile excelente \u0219i dup\u0103 numeroase sp\u0103l\u0103ri.<\/p>\n<h3>Particularit\u0103\u021bi<\/h3>\n<ul>\n<li>Perfora\u021bii pentru un confort perfect \u00een timpul antrenamentelor<\/li>\n<li>\u021aes\u0103tur\u0103 cu uscare rapid\u0103, f\u0103r\u0103 alergii \u0219i irita\u021bii<\/li>\n<li>Designul f\u0103r\u0103 cus\u0103turi previne irita\u021biile<\/li>\n<li>Materialul elastic permite o libertate de mi\u0219care complet\u0103.<\/li>\n<\/ul>\n<h3>Tehnologie<\/h3>\n<ul>\n<li>Materialul <strong>Meryl\u00ae Skinlife<\/strong> se caracterizeaz\u0103 prin capacitatea sa ridicat\u0103 de absorb\u021bie a umidit\u0103\u021bii, din acest motiv va r\u0103m\u00e2ne mereu uscat \u00een timpul antrenamentelor sau competi\u021biilor, men\u021bin\u00e2ndu-v\u0103 corpul cald. De asemenea, este bun \u0219i pentru c\u0103 nu va trebui s\u0103 a\u0219tepta\u021bi mult timp dup\u0103 sp\u0103lare &#8212; \u00eel pute\u021bi folosi \u00een scopul pentru care a fost conceput \u00een doar c\u00e2teva ore. De asemenea, este demn de remarcat faptul c\u0103 noua fibr\u0103 \u00ee\u0219i p\u0103streaz\u0103 propriet\u0103\u021bile fizice chiar \u0219i dup\u0103 30 de sp\u0103l\u0103ri.<\/li>\n<\/ul>\n<h3>Marca<\/h3>\n<p>VIKING este o marc\u0103 polonez\u0103 de \u00eembr\u0103c\u0103minte sportiv\u0103 care opereaz\u0103 cu succes pe pia\u021ba polonez\u0103 de mul\u021bi ani \u0219i este distribuitor al m\u0103rcilor sportive globale. A fost \u00eenfiin\u021bat\u0103 \u00een 1996, la acea vreme fiind produse doar dou\u0103 categorii de produse: m\u0103nu\u0219i de schi \u0219i m\u0103nu\u0219i de snowboard. \u00cenc\u0103 de la \u00eenceput, au fost definite principiile care ghideaz\u0103 compania p\u00e2n\u0103 \u00een prezent: selectarea materialelor moderne, performan\u021b\u0103 de \u00eenalt\u0103 calitate, func\u021bionalitate, precum \u0219i conformitatea designului cu cele mai recente tendin\u021be ale modei sportive.<\/p>\n<p>Prestigiul m\u0103rcii a crescut propor\u021bional cu participarea sa pe pia\u021ba polonez\u0103 de accesorii sportive, r\u0103m\u00e2n\u00e2nd lider pentru o perioad\u0103 foarte lung\u0103 de timp. \u00cen plus, produsele Viking sunt disponibile \u00een Ucraina, Slovacia \u0219i Moldova, precum \u0219i \u00een Rusia, Spania, Fran\u021ba, Republica Ceh\u0103, Serbia \u0219i Germania. Viking \u00eembin\u0103 pasiunea, solu\u021biile tehnologice moderne \u0219i cele mai relevante, f\u0103r\u0103 nicio limit\u0103.<\/p>\n<p><\/p>","protected":false},"excerpt":{"rendered":"<p>Set de lenjerie termic\u0103 Viking Bruno<\/p>","protected":false},"featured_media":52396,"comment_status":"open","ping_status":"closed","template":"","meta":{"_acf_changed":false,"inline_featured_image":false},"product_brand":[1314],"product_cat":[288],"product_tag":[],"class_list":{"0":"post-21991","1":"product","2":"type-product","3":"status-publish","4":"has-post-thumbnail","6":"product_brand-viking","7":"product_cat-thermals-barbati","9":"first","10":"outofstock","11":"featured","12":"shipping-taxable","13":"product-type-simple"},"acf":[],"yoast_head":"<!-- This site is optimized with the Yoast SEO plugin v27.2 - https:\/\/yoast.com\/product\/yoast-seo-wordpress\/ -->\n<title>\u041d\u0430\u0431\u043e\u0440 \u0442\u0435\u0440\u043c\u043e\u0431\u0435\u043b\u044c\u044f Viking Bruno - \u041c\u0430\u0433\u0430\u0437\u0438\u043d Xstyle<\/title>\n<meta name=\"description\" content=\"\u041d\u0430\u0431\u043e\u0440 \u0442\u0435\u0440\u043c\u043e\u0431\u0435\u043b\u044c\u044f Viking Bruno \u0438\u0434\u0435\u0430\u043b\u044c\u043d\u043e \u043f\u043e\u0434\u0445\u043e\u0434\u0438\u0442 \u0434\u043b\u044f \u043c\u0443\u0436\u0447\u0438\u043d, \u043e\u0431\u0435\u0441\u043f\u0435\u0447\u0438\u0432\u0430\u044f \u0442\u0435\u043f\u043b\u043e, \u043a\u043e\u043c\u0444\u043e\u0440\u0442 \u0438 \u0437\u0430\u0449\u0438\u0442\u0443 \u0432 \u0443\u0441\u043b\u043e\u0432\u0438\u044f\u0445 \u0445\u043e\u043b\u043e\u0434ului. \u041f\u043e\u0433\u0440\u0443\u0436\u0430\u0439\u0442\u0435\u0441\u044c \u0432 \u0443\u044e\u0442!\" \/>\n<meta name=\"robots\" content=\"index, follow, max-snippet:-1, max-image-preview:large, max-video-preview:-1\" \/>\n<link rel=\"canonical\" href=\"https:\/\/xstyle.md\/ro\/produs\/nabor-termobel-ja-viking-bruno-dark-grey-xl\/\" \/>\n<meta property=\"og:locale\" content=\"ro_RO\" \/>\n<meta property=\"og:type\" content=\"article\" \/>\n<meta property=\"og:title\" content=\"\u041d\u0430\u0431\u043e\u0440 \u0442\u0435\u0440\u043c\u043e\u0431\u0435\u043b\u044c\u044f Viking Bruno - \u041c\u0430\u0433\u0430\u0437\u0438\u043d Xstyle\" \/>\n<meta property=\"og:description\" content=\"\u041d\u0430\u0431\u043e\u0440 \u0442\u0435\u0440\u043c\u043e\u0431\u0435\u043b\u044c\u044f Viking Bruno \u0438\u0434\u0435\u0430\u043b\u044c\u043d\u043e \u043f\u043e\u0434\u0445\u043e\u0434\u0438\u0442 \u0434\u043b\u044f \u043c\u0443\u0436\u0447\u0438\u043d, \u043e\u0431\u0435\u0441\u043f\u0435\u0447\u0438\u0432\u0430\u044f \u0442\u0435\u043f\u043b\u043e, \u043a\u043e\u043c\u0444\u043e\u0440\u0442 \u0438 \u0437\u0430\u0449\u0438\u0442\u0443 \u0432 \u0443\u0441\u043b\u043e\u0432\u0438\u044f\u0445 \u0445\u043e\u043b\u043e\u0434ului. \u041f\u043e\u0433\u0440\u0443\u0436\u0430\u0439\u0442\u0435\u0441\u044c \u0432 \u0443\u044e\u0442!\" \/>\n<meta property=\"og:url\" content=\"https:\/\/xstyle.md\/ro\/produs\/nabor-termobel-ja-viking-bruno-dark-grey-xl\/\" \/>\n<meta property=\"og:site_name\" content=\"\u041c\u0430\u0433\u0430\u0437\u0438\u043d Xstyle\" \/>\n<meta property=\"article:publisher\" content=\"https:\/\/www.facebook.com\/xstylemd\" \/>\n<meta property=\"article:modified_time\" content=\"2024-11-29T21:03:41+00:00\" \/>\n<meta property=\"og:image\" content=\"https:\/\/xstyle.md\/wp-content\/uploads\/2020\/07\/viking-bruno-00.jpg\" \/>\n\t<meta property=\"og:image:width\" content=\"703\" \/>\n\t<meta property=\"og:image:height\" content=\"788\" \/>\n\t<meta property=\"og:image:type\" content=\"image\/jpeg\" \/>\n<meta name=\"twitter:card\" content=\"summary_large_image\" \/>\n<meta name=\"twitter:label1\" content=\"Pre\u021b\" \/>\n\t<meta name=\"twitter:data1\" content=\"1.390&nbsp;MDL\" \/>\n\t<meta name=\"twitter:label2\" content=\"Disponibilitate\" \/>\n\t<meta name=\"twitter:data2\" content=\"Stoc epuizat\" \/>\n<script type=\"application\/ld+json\" class=\"yoast-schema-graph\">{\"@context\":\"https:\/\/schema.org\",\"@graph\":[{\"@type\":\"WebPage\",\"@id\":\"https:\/\/xstyle.md\/product\/nabor-termobel-ja-viking-bruno-dark-grey-xl\/\",\"url\":\"https:\/\/xstyle.md\/product\/nabor-termobel-ja-viking-bruno-dark-grey-xl\/\",\"name\":\"\u041d\u0430\u0431\u043e\u0440 \u0442\u0435\u0440\u043c\u043e\u0431\u0435\u043b\u044c\u044f Viking Bruno - \u041c\u0430\u0433\u0430\u0437\u0438\u043d Xstyle\",\"isPartOf\":{\"@id\":\"https:\/\/xstyle.md\/#website\"},\"primaryImageOfPage\":{\"@id\":\"https:\/\/xstyle.md\/product\/nabor-termobel-ja-viking-bruno-dark-grey-xl\/#primaryimage\"},\"image\":{\"@id\":\"https:\/\/xstyle.md\/product\/nabor-termobel-ja-viking-bruno-dark-grey-xl\/#primaryimage\"},\"thumbnailUrl\":\"https:\/\/xstyle.md\/wp-content\/uploads\/2020\/07\/viking-bruno-00.jpg\",\"datePublished\":\"2020-07-19T12:29:54+00:00\",\"dateModified\":\"2024-11-29T21:03:41+00:00\",\"description\":\"\u041d\u0430\u0431\u043e\u0440 \u0442\u0435\u0440\u043c\u043e\u0431\u0435\u043b\u044c\u044f Viking Bruno \u0438\u0434\u0435\u0430\u043b\u044c\u043d\u043e \u043f\u043e\u0434\u0445\u043e\u0434\u0438\u0442 \u0434\u043b\u044f \u043c\u0443\u0436\u0447\u0438\u043d, \u043e\u0431\u0435\u0441\u043f\u0435\u0447\u0438\u0432\u0430\u044f \u0442\u0435\u043f\u043b\u043e, \u043a\u043e\u043c\u0444\u043e\u0440\u0442 \u0438 \u0437\u0430\u0449\u0438\u0442\u0443 \u0432 \u0443\u0441\u043b\u043e\u0432\u0438\u044f\u0445 \u0445\u043e\u043b\u043e\u0434ului. \u041f\u043e\u0433\u0440\u0443\u0436\u0430\u0439\u0442\u0435\u0441\u044c \u0432 \u0443\u044e\u0442!\",\"breadcrumb\":{\"@id\":\"https:\/\/xstyle.md\/product\/nabor-termobel-ja-viking-bruno-dark-grey-xl\/#breadcrumb\"},\"inLanguage\":\"ro-RO\",\"potentialAction\":[{\"@type\":\"ReadAction\",\"target\":[\"https:\/\/xstyle.md\/product\/nabor-termobel-ja-viking-bruno-dark-grey-xl\/\"]}]},{\"@type\":\"ImageObject\",\"inLanguage\":\"ro-RO\",\"@id\":\"https:\/\/xstyle.md\/product\/nabor-termobel-ja-viking-bruno-dark-grey-xl\/#primaryimage\",\"url\":\"https:\/\/xstyle.md\/wp-content\/uploads\/2020\/07\/viking-bruno-00.jpg\",\"contentUrl\":\"https:\/\/xstyle.md\/wp-content\/uploads\/2020\/07\/viking-bruno-00.jpg\",\"width\":703,\"height\":788,\"caption\":\"\u041d\u0430\u0431\u043e\u0440 \u0442\u0435\u0440\u043c\u043e\u0431\u0435\u043b\u044c\u044f Viking Bruno \u0434\u043b\u044f \u0430\u043a\u0442\u0438\u0432\u043d\u043e\u0433\u043e \u043e\u0442\u0434\u044b\u0445\u0430, \u043f\u043e\u0445\u043e\u0434\u043e\u0432, \u0442\u0443\u0440\u0438\u0437\u043c\u0430 \u0438 \u043f\u0443\u0442\u0435\u0448\u0435\u0441\u0442\u0432\u0438\u0439, \u043e\u0434\u0435\u0436\u0434\u0430 \u0438 \u043e\u0431\u0443\u0432\u044c \u0434\u043b\u044f \u0433\u043e\u0440\u043d\u044b\u0445 \u043f\u043e\u0445\u043e\u0434\u043e\u0432 \u0438 \u0430\u043b\u044c\u043f\u0438\u043d\u0438\u0437\u043c\u0430\"},{\"@type\":\"BreadcrumbList\",\"@id\":\"https:\/\/xstyle.md\/product\/nabor-termobel-ja-viking-bruno-dark-grey-xl\/#breadcrumb\",\"itemListElement\":[{\"@type\":\"ListItem\",\"position\":1,\"name\":\"\u0413\u043b\u0430\u0432\u043d\u0430\u044f \u0441\u0442\u0440\u0430\u043d\u0438\u0446\u0430\",\"item\":\"https:\/\/xstyle.md\/\"},{\"@type\":\"ListItem\",\"position\":2,\"name\":\"\u041c\u0430\u0433\u0430\u0437\u0438\u043d\",\"item\":\"https:\/\/xstyle.md\/shop\/\"},{\"@type\":\"ListItem\",\"position\":3,\"name\":\"\u041d\u0430\u0431\u043e\u0440 \u0442\u0435\u0440\u043c\u043e\u0431\u0435\u043b\u044c\u044f Viking Bruno\"}]},{\"@type\":\"WebSite\",\"@id\":\"https:\/\/xstyle.md\/#website\",\"url\":\"https:\/\/xstyle.md\/\",\"name\":\"\u041c\u0430\u0433\u0430\u0437\u0438\u043d Xstyle\",\"description\":\"C\u043d\u0430\u0440\u044f\u0436\u0435\u043d\u0438\u0435 \u0434\u043b\u044f \u0442\u0443\u0440\u0438\u0437\u043c\u0430 \u0438 \u044d\u043a\u0441\u0442\u0440\u0435\u043c\u0430\u043b\u044c\u043d\u044b\u0445 \u0432\u0438\u0434\u043e\u0432 \u0441\u043f\u043e\u0440\u0442\u0430 \u0432 \u041c\u043e\u043b\u0434\u043e\u0432\u0435.. \u0426\u0435\u043d\u044b, \u0444\u043e\u0442\u043e, \u0445\u0430\u0440\u0430\u043a\u0442\u0435\u0440\u0438\u0441\u0442\u0438\u043a\u0438 \u0432 \u041c\u043e\u043b\u0434\u043e\u0432\u0435.\",\"publisher\":{\"@id\":\"https:\/\/xstyle.md\/#organization\"},\"alternateName\":\"X-Style\",\"potentialAction\":[{\"@type\":\"SearchAction\",\"target\":{\"@type\":\"EntryPoint\",\"urlTemplate\":\"https:\/\/xstyle.md\/?s={search_term_string}\"},\"query-input\":{\"@type\":\"PropertyValueSpecification\",\"valueRequired\":true,\"valueName\":\"search_term_string\"}}],\"inLanguage\":\"ro-RO\"},{\"@type\":\"Organization\",\"@id\":\"https:\/\/xstyle.md\/#organization\",\"name\":\"\u041c\u0430\u0433\u0430\u0437\u0438\u043d Xstyle\",\"alternateName\":\"x-style\",\"url\":\"https:\/\/xstyle.md\/\",\"logo\":{\"@type\":\"ImageObject\",\"inLanguage\":\"ro-RO\",\"@id\":\"https:\/\/xstyle.md\/#\/schema\/logo\/image\/\",\"url\":\"https:\/\/xstyle.md\/wp-content\/uploads\/2020\/06\/logoicon.svg\",\"contentUrl\":\"https:\/\/xstyle.md\/wp-content\/uploads\/2020\/06\/logoicon.svg\",\"caption\":\"\u041c\u0430\u0433\u0430\u0437\u0438\u043d Xstyle\"},\"image\":{\"@id\":\"https:\/\/xstyle.md\/#\/schema\/logo\/image\/\"},\"sameAs\":[\"https:\/\/www.facebook.com\/xstylemd\",\"https:\/\/www.instagram.com\/xstyle_md\/\",\"https:\/\/t.me\/xstyle_outdoor\"],\"hasMerchantReturnPolicy\":{\"@type\":\"MerchantReturnPolicy\",\"merchantReturnLink\":\"https:\/\/xstyle.md\/ro\/conditions\/\"}}]}<\/script>\n<meta property=\"product:price:amount\" content=\"1390.00\" \/>\n<meta property=\"product:price:currency\" content=\"MDL\" \/>\n<meta property=\"og:availability\" content=\"out of stock\" \/>\n<meta property=\"product:availability\" content=\"out of stock\" \/>\n<meta property=\"product:retailer_item_id\" content=\"5901115761686\" \/>\n<meta property=\"product:condition\" content=\"new\" \/>\n<!-- \/ Yoast SEO plugin. -->","yoast_head_json":{"title":"Set de lenjerie termic\u0103 Viking Bruno - Magazin Xstyle","description":"Setul de lenjerie termic\u0103 Viking Bruno este perfect pentru b\u0103rba\u021bi, oferind c\u0103ldur\u0103, confort \u0219i protec\u021bie \u00een condi\u021bii de frig. R\u0103sf\u0103\u021ba\u021bi-v\u0103 \u00een confort!","robots":{"index":"index","follow":"follow","max-snippet":"max-snippet:-1","max-image-preview":"max-image-preview:large","max-video-preview":"max-video-preview:-1"},"canonical":"https:\/\/xstyle.md\/ro\/produs\/nabor-termobel-ja-viking-bruno-dark-grey-xl\/","og_locale":"ro_RO","og_type":"article","og_title":"\u041d\u0430\u0431\u043e\u0440 \u0442\u0435\u0440\u043c\u043e\u0431\u0435\u043b\u044c\u044f Viking Bruno - \u041c\u0430\u0433\u0430\u0437\u0438\u043d Xstyle","og_description":"\u041d\u0430\u0431\u043e\u0440 \u0442\u0435\u0440\u043c\u043e\u0431\u0435\u043b\u044c\u044f Viking Bruno \u0438\u0434\u0435\u0430\u043b\u044c\u043d\u043e \u043f\u043e\u0434\u0445\u043e\u0434\u0438\u0442 \u0434\u043b\u044f \u043c\u0443\u0436\u0447\u0438\u043d, \u043e\u0431\u0435\u0441\u043f\u0435\u0447\u0438\u0432\u0430\u044f \u0442\u0435\u043f\u043b\u043e, \u043a\u043e\u043c\u0444\u043e\u0440\u0442 \u0438 \u0437\u0430\u0449\u0438\u0442\u0443 \u0432 \u0443\u0441\u043b\u043e\u0432\u0438\u044f\u0445 \u0445\u043e\u043b\u043e\u0434ului. \u041f\u043e\u0433\u0440\u0443\u0436\u0430\u0439\u0442\u0435\u0441\u044c \u0432 \u0443\u044e\u0442!","og_url":"https:\/\/xstyle.md\/ro\/produs\/nabor-termobel-ja-viking-bruno-dark-grey-xl\/","og_site_name":"\u041c\u0430\u0433\u0430\u0437\u0438\u043d Xstyle","article_publisher":"https:\/\/www.facebook.com\/xstylemd","article_modified_time":"2024-11-29T21:03:41+00:00","og_image":[{"width":703,"height":788,"url":"https:\/\/xstyle.md\/wp-content\/uploads\/2020\/07\/viking-bruno-00.jpg","type":"image\/jpeg"}],"twitter_card":"summary_large_image","twitter_misc":{"Pre\u021b":"1.390&nbsp;MDL","Disponibilitate":"Stoc epuizat"},"schema":{"@context":"https:\/\/schema.org","@graph":[{"@type":"WebPage","@id":"https:\/\/xstyle.md\/product\/nabor-termobel-ja-viking-bruno-dark-grey-xl\/","url":"https:\/\/xstyle.md\/product\/nabor-termobel-ja-viking-bruno-dark-grey-xl\/","name":"Set de lenjerie termic\u0103 Viking Bruno - Magazin Xstyle","isPartOf":{"@id":"https:\/\/xstyle.md\/#website"},"primaryImageOfPage":{"@id":"https:\/\/xstyle.md\/product\/nabor-termobel-ja-viking-bruno-dark-grey-xl\/#primaryimage"},"image":{"@id":"https:\/\/xstyle.md\/product\/nabor-termobel-ja-viking-bruno-dark-grey-xl\/#primaryimage"},"thumbnailUrl":"https:\/\/xstyle.md\/wp-content\/uploads\/2020\/07\/viking-bruno-00.jpg","datePublished":"2020-07-19T12:29:54+00:00","dateModified":"2024-11-29T21:03:41+00:00","description":"Setul de lenjerie termic\u0103 Viking Bruno este perfect pentru b\u0103rba\u021bi, oferind c\u0103ldur\u0103, confort \u0219i protec\u021bie \u00een condi\u021bii de frig. R\u0103sf\u0103\u021ba\u021bi-v\u0103 \u00een confort!","breadcrumb":{"@id":"https:\/\/xstyle.md\/product\/nabor-termobel-ja-viking-bruno-dark-grey-xl\/#breadcrumb"},"inLanguage":"ro-RO","potentialAction":[{"@type":"ReadAction","target":["https:\/\/xstyle.md\/product\/nabor-termobel-ja-viking-bruno-dark-grey-xl\/"]}]},{"@type":"ImageObject","inLanguage":"ro-RO","@id":"https:\/\/xstyle.md\/product\/nabor-termobel-ja-viking-bruno-dark-grey-xl\/#primaryimage","url":"https:\/\/xstyle.md\/wp-content\/uploads\/2020\/07\/viking-bruno-00.jpg","contentUrl":"https:\/\/xstyle.md\/wp-content\/uploads\/2020\/07\/viking-bruno-00.jpg","width":703,"height":788,"caption":"\u041d\u0430\u0431\u043e\u0440 \u0442\u0435\u0440\u043c\u043e\u0431\u0435\u043b\u044c\u044f Viking Bruno \u0434\u043b\u044f \u0430\u043a\u0442\u0438\u0432\u043d\u043e\u0433\u043e \u043e\u0442\u0434\u044b\u0445\u0430, \u043f\u043e\u0445\u043e\u0434\u043e\u0432, \u0442\u0443\u0440\u0438\u0437\u043c\u0430 \u0438 \u043f\u0443\u0442\u0435\u0448\u0435\u0441\u0442\u0432\u0438\u0439, \u043e\u0434\u0435\u0436\u0434\u0430 \u0438 \u043e\u0431\u0443\u0432\u044c \u0434\u043b\u044f \u0433\u043e\u0440\u043d\u044b\u0445 \u043f\u043e\u0445\u043e\u0434\u043e\u0432 \u0438 \u0430\u043b\u044c\u043f\u0438\u043d\u0438\u0437\u043c\u0430"},{"@type":"BreadcrumbList","@id":"https:\/\/xstyle.md\/product\/nabor-termobel-ja-viking-bruno-dark-grey-xl\/#breadcrumb","itemListElement":[{"@type":"ListItem","position":1,"name":"\u0413\u043b\u0430\u0432\u043d\u0430\u044f \u0441\u0442\u0440\u0430\u043d\u0438\u0446\u0430","item":"https:\/\/xstyle.md\/"},{"@type":"ListItem","position":2,"name":"\u041c\u0430\u0433\u0430\u0437\u0438\u043d","item":"https:\/\/xstyle.md\/shop\/"},{"@type":"ListItem","position":3,"name":"\u041d\u0430\u0431\u043e\u0440 \u0442\u0435\u0440\u043c\u043e\u0431\u0435\u043b\u044c\u044f Viking Bruno"}]},{"@type":"WebSite","@id":"https:\/\/xstyle.md\/#website","url":"https:\/\/xstyle.md\/","name":"Magazinul X-Style","description":"Echipamente pentru turism \u0219i sporturi extreme \u00een Moldova. Pre\u021buri, fotografii, caracteristici \u00een Moldova.","publisher":{"@id":"https:\/\/xstyle.md\/#organization"},"alternateName":"X-Style","potentialAction":[{"@type":"SearchAction","target":{"@type":"EntryPoint","urlTemplate":"https:\/\/xstyle.md\/?s={search_term_string}"},"query-input":{"@type":"PropertyValueSpecification","valueRequired":true,"valueName":"search_term_string"}}],"inLanguage":"ro-RO"},{"@type":"Organization","@id":"https:\/\/xstyle.md\/#organization","name":"Magazinul X-Style","alternateName":"x-style","url":"https:\/\/xstyle.md\/","logo":{"@type":"ImageObject","inLanguage":"ro-RO","@id":"https:\/\/xstyle.md\/#\/schema\/logo\/image\/","url":"https:\/\/xstyle.md\/wp-content\/uploads\/2020\/06\/logoicon.svg","contentUrl":"https:\/\/xstyle.md\/wp-content\/uploads\/2020\/06\/logoicon.svg","caption":"\u041c\u0430\u0433\u0430\u0437\u0438\u043d Xstyle"},"image":{"@id":"https:\/\/xstyle.md\/#\/schema\/logo\/image\/"},"sameAs":["https:\/\/www.facebook.com\/xstylemd","https:\/\/www.instagram.com\/xstyle_md\/","https:\/\/t.me\/xstyle_outdoor"],"hasMerchantReturnPolicy":{"@type":"MerchantReturnPolicy","merchantReturnLink":"https:\/\/xstyle.md\/ro\/conditions\/"}}]},"product_price_amount":"1390.00","product_price_currency":"MDL","og_availability":"out of stock","product_availability":"out of stock","product_retailer_item_id":"5901115761686","product_condition":"new"},"post_mailing_queue_ids":[],"_links":{"self":[{"href":"https:\/\/xstyle.md\/ro\/wp-json\/wp\/v2\/product\/21991","targetHints":{"allow":["GET"]}}],"collection":[{"href":"https:\/\/xstyle.md\/ro\/wp-json\/wp\/v2\/product"}],"about":[{"href":"https:\/\/xstyle.md\/ro\/wp-json\/wp\/v2\/types\/product"}],"replies":[{"embeddable":true,"href":"https:\/\/xstyle.md\/ro\/wp-json\/wp\/v2\/comments?post=21991"}],"wp:featuredmedia":[{"embeddable":true,"href":"https:\/\/xstyle.md\/ro\/wp-json\/wp\/v2\/media\/52396"}],"wp:attachment":[{"href":"https:\/\/xstyle.md\/ro\/wp-json\/wp\/v2\/media?parent=21991"}],"wp:term":[{"taxonomy":"product_brand","embeddable":true,"href":"https:\/\/xstyle.md\/ro\/wp-json\/wp\/v2\/product_brand?post=21991"},{"taxonomy":"product_cat","embeddable":true,"href":"https:\/\/xstyle.md\/ro\/wp-json\/wp\/v2\/product_cat?post=21991"},{"taxonomy":"product_tag","embeddable":true,"href":"https:\/\/xstyle.md\/ro\/wp-json\/wp\/v2\/product_tag?post=21991"}],"curies":[{"name":"wp","href":"https:\/\/api.w.org\/{rel}","templated":true}]}}