{"id":21962,"date":"2020-07-19T15:28:56","date_gmt":"2020-07-19T12:28:56","guid":{"rendered":"https:\/\/xstyle.md\/?post_type=product&#038;p=21962"},"modified":"2024-12-16T22:32:35","modified_gmt":"2024-12-16T19:32:35","slug":"kontejner-dlja-zhidkosti-humangear-gotoob-53ml","status":"publish","type":"product","link":"https:\/\/xstyle.md\/ro\/produs\/kontejner-dlja-zhidkosti-humangear-gotoob-53ml\/","title":{"rendered":"Container pentru lichide HumanGear GoToob 53ml"},"content":{"rendered":"<\/p>\n<p>Container pentru lichide <strong>HumanGear GoToob 53ml<\/strong> &#8212; o sticl\u0103 robust\u0103 din silicon, realizat\u0103 dintr-un material puternic \u0219i durabil. Acest lucru o face ideal\u0103 pentru depozitarea lichidelor, cum ar fi \u0219amponul sau gelul de du\u0219, \u00een timpul camp\u0103rii. Poate fi ag\u0103\u021bat\u0103 cu u\u0219urin\u021b\u0103 de c\u00e2rligul \u00eencorporat \u00een capac. Capacul inovator asigur\u0103 faptul c\u0103 con\u021binutul nu se vars\u0103 accidental. Doar atunci c\u00e2nd este ap\u0103sat, lichidul este eliberat \u00een cantit\u0103\u021bi m\u0103surate. Supapa de silicon de pe deschidere \u00eempiedic\u0103 scurgerea con\u021binutului. Deschiderea larg\u0103 permite umplerea \u0219i cur\u0103\u021barea rapid\u0103 \u0219i u\u0219oar\u0103 a GoToob \u00een timpul deplas\u0103rii. Flaconul poate fi etichetat, astfel \u00eenc\u00e2t con\u021binutul s\u0103 nu fie amestecat. De asemenea, \u00eel pute\u021bi lua cu dvs. \u00een avion. Cu toate acestea, nu sunt potrivite pentru alimentele grase.<\/p>\n<h3>Particularit\u0103\u021bi<\/h3>\n<ul>\n<li>Material flexibil \u0219i durabil<\/li>\n<li>Fereastr\u0103 de etichetare<\/li>\n<li>Poate fi ata\u0219at cu un carabinier<\/li>\n<li>G\u00e2t larg pentru umplere \u0219i cl\u0103tire<\/li>\n<li>Compatibil cu alimentele.<\/li>\n<\/ul>\n<h3>Caracteristici<\/h3>\n<ul>\n<li>Material &#8212; silicon, polipropilen\u0103<\/li>\n<li>Dimensiuni &#8212; 50,8 x 82,55 x 38,1 mm<\/li>\n<li>Volum &#8212; 53 ml<\/li>\n<li>Greutate &#8212; 45 g.<\/li>\n<\/ul>\n<h3>Tehnologie<\/h3>\n<ul>\n<li><strong>BPA<\/strong> &#8212; este un compus chimic organic \u0219i este utilizat pentru fabricarea materialelor plastice, a policarbonatului \u0219i a r\u0103\u0219inii epoxidice. De asemenea, aceast\u0103 substan\u021b\u0103 este ad\u0103ugat\u0103 la produsele din plastic \u0219i la conserve. Principalele propriet\u0103\u021bi ale bisfenolului-A sunt propriet\u0103\u021bile de \u00eent\u0103rire \u0219i antioxidante. BPA este capabil s\u0103 p\u0103trund\u0103 \u00een corpul uman nu numai cu ajutorul alimentelor \u0219i al apei, ci \u0219i prin piele \u0219i pl\u0103m\u00e2ni. Contactul prelungit al lichidelor \u0219i al alimentelor umede cu plasticul care con\u021bine bisfenol-A contribuie la eliberarea acestei substan\u021be \u00een alimente. \u00cenc\u0103lzirea unor astfel de recipiente accelereaz\u0103 \u00een mod semnificativ eliberarea de bisfenol-A.<br \/>\nAceast\u0103 sticl\u0103 este etichetat\u0103 bpa fre\u0435, ceea ce indic\u0103 faptul c\u0103 la fabricarea acestui recipient nu a fost utilizat bisfenol-A.<\/li>\n<\/ul>\n<p><\/p>","protected":false},"excerpt":{"rendered":"<p>Container pentru lichide HumanGear GoToob 53ml<\/p>","protected":false},"featured_media":28136,"comment_status":"open","ping_status":"closed","template":"","meta":{"_acf_changed":false,"inline_featured_image":false},"product_brand":[1380],"product_cat":[904],"product_tag":[],"class_list":{"0":"post-21962","1":"product","2":"type-product","3":"status-publish","4":"has-post-thumbnail","6":"product_brand-relags","7":"product_cat-sticle-pentru-calatorie","9":"first","10":"instock","11":"shipping-taxable","12":"purchasable","13":"product-type-simple"},"acf":[],"yoast_head":"<!-- This site is optimized with the Yoast SEO plugin v27.4 - https:\/\/yoast.com\/product\/yoast-seo-wordpress\/ -->\n<title>\u041a\u043e\u043d\u0442\u0435\u0439\u043d\u0435\u0440 \u0434\u043b\u044f \u0436\u0438\u0434\u043a\u043e\u0441\u0442\u0438 HumanGear GoToob 53ml - \u041c\u0430\u0433\u0430\u0437\u0438\u043d Xstyle<\/title>\n<meta name=\"description\" content=\"\u041a\u043e\u043d\u0442\u0435\u0439\u043d\u0435\u0440 \u0434\u043b\u044f \u0436\u0438\u0434\u043a\u043e\u0441\u0442\u0438 HumanGear GoToob 53ml - \u043f\u0440\u043e\u0447\u043d\u0430\u044f \u0441\u0438\u043b\u0438\u043a\u043e\u043d\u043e\u0432\u0430\u044f \u0431\u0443\u0442\u044b\u043b\u043a\u0430 \u0434\u043b\u044f \u0448\u0430\u043c\u043f\u0443\u043d\u0435\u0439 \u0438 \u0433\u0435\u043b\u0435\u0439. \u0418\u0434\u0435\u0430\u043b\u044c\u043d\u043e \u0434\u043b\u044f \u043a\u0435\u043c\u043f\u0438\u043d\u0433\u0430, \u0431\u0435\u0437 BPA. \u0423\u0434\u043e\u0431\u043d\u043e \u043a\u0440\u0435\u043f\u0438\u0442\u0441\u044f!\" \/>\n<meta name=\"robots\" content=\"index, follow, max-snippet:-1, max-image-preview:large, max-video-preview:-1\" \/>\n<link rel=\"canonical\" href=\"https:\/\/xstyle.md\/ro\/produs\/kontejner-dlja-zhidkosti-humangear-gotoob-53ml\/\" \/>\n<meta property=\"og:locale\" content=\"ro_RO\" \/>\n<meta property=\"og:type\" content=\"article\" \/>\n<meta property=\"og:title\" content=\"\u041a\u043e\u043d\u0442\u0435\u0439\u043d\u0435\u0440 \u0434\u043b\u044f \u0436\u0438\u0434\u043a\u043e\u0441\u0442\u0438 HumanGear GoToob 53ml - \u041c\u0430\u0433\u0430\u0437\u0438\u043d Xstyle\" \/>\n<meta property=\"og:description\" content=\"\u041a\u043e\u043d\u0442\u0435\u0439\u043d\u0435\u0440 \u0434\u043b\u044f \u0436\u0438\u0434\u043a\u043e\u0441\u0442\u0438 HumanGear GoToob 53ml - \u043f\u0440\u043e\u0447\u043d\u0430\u044f \u0441\u0438\u043b\u0438\u043a\u043e\u043d\u043e\u0432\u0430\u044f \u0431\u0443\u0442\u044b\u043b\u043a\u0430 \u0434\u043b\u044f \u0448\u0430\u043c\u043f\u0443\u043d\u0435\u0439 \u0438 \u0433\u0435\u043b\u0435\u0439. \u0418\u0434\u0435\u0430\u043b\u044c\u043d\u043e \u0434\u043b\u044f \u043a\u0435\u043c\u043f\u0438\u043d\u0433\u0430, \u0431\u0435\u0437 BPA. \u0423\u0434\u043e\u0431\u043d\u043e \u043a\u0440\u0435\u043f\u0438\u0442\u0441\u044f!\" \/>\n<meta property=\"og:url\" content=\"https:\/\/xstyle.md\/ro\/produs\/kontejner-dlja-zhidkosti-humangear-gotoob-53ml\/\" \/>\n<meta property=\"og:site_name\" content=\"\u041c\u0430\u0433\u0430\u0437\u0438\u043d Xstyle\" \/>\n<meta property=\"article:publisher\" content=\"https:\/\/www.facebook.com\/xstylemd\" \/>\n<meta property=\"article:modified_time\" content=\"2024-12-16T19:32:35+00:00\" \/>\n<meta property=\"og:image\" content=\"https:\/\/xstyle.md\/wp-content\/uploads\/2021\/04\/humangear-small-gotoob-1.7oz-53ml-green-1-1.jpg\" \/>\n\t<meta property=\"og:image:width\" content=\"1500\" \/>\n\t<meta property=\"og:image:height\" content=\"1500\" \/>\n\t<meta property=\"og:image:type\" content=\"image\/jpeg\" \/>\n<meta name=\"twitter:card\" content=\"summary_large_image\" \/>\n<meta name=\"twitter:label1\" content=\"Pre\u021b\" \/>\n\t<meta name=\"twitter:data1\" content=\"230&nbsp;MDL\" \/>\n\t<meta name=\"twitter:label2\" content=\"Disponibilitate\" \/>\n\t<meta name=\"twitter:data2\" content=\"\u00cen stoc\" \/>\n<script type=\"application\/ld+json\" class=\"yoast-schema-graph\">{\"@context\":\"https:\\\/\\\/schema.org\",\"@graph\":[{\"@type\":\"WebPage\",\"@id\":\"https:\\\/\\\/xstyle.md\\\/product\\\/kontejner-dlja-zhidkosti-humangear-gotoob-53ml\\\/\",\"url\":\"https:\\\/\\\/xstyle.md\\\/product\\\/kontejner-dlja-zhidkosti-humangear-gotoob-53ml\\\/\",\"name\":\"\u041a\u043e\u043d\u0442\u0435\u0439\u043d\u0435\u0440 \u0434\u043b\u044f \u0436\u0438\u0434\u043a\u043e\u0441\u0442\u0438 HumanGear GoToob 53ml - \u041c\u0430\u0433\u0430\u0437\u0438\u043d Xstyle\",\"isPartOf\":{\"@id\":\"https:\\\/\\\/xstyle.md\\\/#website\"},\"primaryImageOfPage\":{\"@id\":\"https:\\\/\\\/xstyle.md\\\/product\\\/kontejner-dlja-zhidkosti-humangear-gotoob-53ml\\\/#primaryimage\"},\"image\":{\"@id\":\"https:\\\/\\\/xstyle.md\\\/product\\\/kontejner-dlja-zhidkosti-humangear-gotoob-53ml\\\/#primaryimage\"},\"thumbnailUrl\":\"https:\\\/\\\/xstyle.md\\\/wp-content\\\/uploads\\\/2021\\\/04\\\/humangear-small-gotoob-1.7oz-53ml-green-1-1.jpg\",\"datePublished\":\"2020-07-19T12:28:56+00:00\",\"dateModified\":\"2024-12-16T19:32:35+00:00\",\"description\":\"\u041a\u043e\u043d\u0442\u0435\u0439\u043d\u0435\u0440 \u0434\u043b\u044f \u0436\u0438\u0434\u043a\u043e\u0441\u0442\u0438 HumanGear GoToob 53ml - \u043f\u0440\u043e\u0447\u043d\u0430\u044f \u0441\u0438\u043b\u0438\u043a\u043e\u043d\u043e\u0432\u0430\u044f \u0431\u0443\u0442\u044b\u043b\u043a\u0430 \u0434\u043b\u044f \u0448\u0430\u043c\u043f\u0443\u043d\u0435\u0439 \u0438 \u0433\u0435\u043b\u0435\u0439. \u0418\u0434\u0435\u0430\u043b\u044c\u043d\u043e \u0434\u043b\u044f \u043a\u0435\u043c\u043f\u0438\u043d\u0433\u0430, \u0431\u0435\u0437 BPA. \u0423\u0434\u043e\u0431\u043d\u043e \u043a\u0440\u0435\u043f\u0438\u0442\u0441\u044f!\",\"breadcrumb\":{\"@id\":\"https:\\\/\\\/xstyle.md\\\/product\\\/kontejner-dlja-zhidkosti-humangear-gotoob-53ml\\\/#breadcrumb\"},\"inLanguage\":\"ro-RO\",\"potentialAction\":[{\"@type\":\"ReadAction\",\"target\":[\"https:\\\/\\\/xstyle.md\\\/product\\\/kontejner-dlja-zhidkosti-humangear-gotoob-53ml\\\/\"]}]},{\"@type\":\"ImageObject\",\"inLanguage\":\"ro-RO\",\"@id\":\"https:\\\/\\\/xstyle.md\\\/product\\\/kontejner-dlja-zhidkosti-humangear-gotoob-53ml\\\/#primaryimage\",\"url\":\"https:\\\/\\\/xstyle.md\\\/wp-content\\\/uploads\\\/2021\\\/04\\\/humangear-small-gotoob-1.7oz-53ml-green-1-1.jpg\",\"contentUrl\":\"https:\\\/\\\/xstyle.md\\\/wp-content\\\/uploads\\\/2021\\\/04\\\/humangear-small-gotoob-1.7oz-53ml-green-1-1.jpg\",\"width\":1500,\"height\":1500},{\"@type\":\"BreadcrumbList\",\"@id\":\"https:\\\/\\\/xstyle.md\\\/product\\\/kontejner-dlja-zhidkosti-humangear-gotoob-53ml\\\/#breadcrumb\",\"itemListElement\":[{\"@type\":\"ListItem\",\"position\":1,\"name\":\"\u0413\u043b\u0430\u0432\u043d\u0430\u044f \u0441\u0442\u0440\u0430\u043d\u0438\u0446\u0430\",\"item\":\"https:\\\/\\\/xstyle.md\\\/\"},{\"@type\":\"ListItem\",\"position\":2,\"name\":\"\u041c\u0430\u0433\u0430\u0437\u0438\u043d\",\"item\":\"https:\\\/\\\/xstyle.md\\\/shop\\\/\"},{\"@type\":\"ListItem\",\"position\":3,\"name\":\"\u041a\u043e\u043d\u0442\u0435\u0439\u043d\u0435\u0440 \u0434\u043b\u044f \u0436\u0438\u0434\u043a\u043e\u0441\u0442\u0438 HumanGear GoToob 53ml\"}]},{\"@type\":\"WebSite\",\"@id\":\"https:\\\/\\\/xstyle.md\\\/#website\",\"url\":\"https:\\\/\\\/xstyle.md\\\/\",\"name\":\"\u041c\u0430\u0433\u0430\u0437\u0438\u043d Xstyle\",\"description\":\"C\u043d\u0430\u0440\u044f\u0436\u0435\u043d\u0438\u0435 \u0434\u043b\u044f \u0442\u0443\u0440\u0438\u0437\u043c\u0430 \u0438 \u044d\u043a\u0441\u0442\u0440\u0435\u043c\u0430\u043b\u044c\u043d\u044b\u0445 \u0432\u0438\u0434\u043e\u0432 \u0441\u043f\u043e\u0440\u0442\u0430 \u0432 \u041c\u043e\u043b\u0434\u043e\u0432\u0435.. \u0426\u0435\u043d\u044b, \u0444\u043e\u0442\u043e, \u0445\u0430\u0440\u0430\u043a\u0442\u0435\u0440\u0438\u0441\u0442\u0438\u043a\u0438 \u0432 \u041c\u043e\u043b\u0434\u043e\u0432\u0435.\",\"publisher\":{\"@id\":\"https:\\\/\\\/xstyle.md\\\/#organization\"},\"alternateName\":\"X-Style\",\"potentialAction\":[{\"@type\":\"SearchAction\",\"target\":{\"@type\":\"EntryPoint\",\"urlTemplate\":\"https:\\\/\\\/xstyle.md\\\/?s={search_term_string}\"},\"query-input\":{\"@type\":\"PropertyValueSpecification\",\"valueRequired\":true,\"valueName\":\"search_term_string\"}}],\"inLanguage\":\"ro-RO\"},{\"@type\":\"Organization\",\"@id\":\"https:\\\/\\\/xstyle.md\\\/#organization\",\"name\":\"\u041c\u0430\u0433\u0430\u0437\u0438\u043d Xstyle\",\"alternateName\":\"x-style\",\"url\":\"https:\\\/\\\/xstyle.md\\\/\",\"logo\":{\"@type\":\"ImageObject\",\"inLanguage\":\"ro-RO\",\"@id\":\"https:\\\/\\\/xstyle.md\\\/#\\\/schema\\\/logo\\\/image\\\/\",\"url\":\"https:\\\/\\\/xstyle.md\\\/wp-content\\\/uploads\\\/2020\\\/06\\\/logoicon.svg\",\"contentUrl\":\"https:\\\/\\\/xstyle.md\\\/wp-content\\\/uploads\\\/2020\\\/06\\\/logoicon.svg\",\"caption\":\"\u041c\u0430\u0433\u0430\u0437\u0438\u043d Xstyle\"},\"image\":{\"@id\":\"https:\\\/\\\/xstyle.md\\\/#\\\/schema\\\/logo\\\/image\\\/\"},\"sameAs\":[\"https:\\\/\\\/www.facebook.com\\\/xstylemd\",\"https:\\\/\\\/www.instagram.com\\\/xstyle_md\\\/\",\"https:\\\/\\\/t.me\\\/xstyle_outdoor\"],\"hasMerchantReturnPolicy\":{\"@type\":\"MerchantReturnPolicy\",\"merchantReturnLink\":\"https:\\\/\\\/xstyle.md\\\/ro\\\/conditions\\\/\"}}]}<\/script>\n<meta property=\"product:price:amount\" content=\"230.00\" \/>\n<meta property=\"product:price:currency\" content=\"MDL\" \/>\n<meta property=\"og:availability\" content=\"instock\" \/>\n<meta property=\"product:availability\" content=\"instock\" \/>\n<meta property=\"product:retailer_item_id\" content=\"91037531407\" \/>\n<meta property=\"product:condition\" content=\"new\" \/>\n<!-- \/ Yoast SEO plugin. -->","yoast_head_json":{"title":"Container pentru lichide HumanGear GoToob 53ml - Magazin Xstyle","description":"Container pentru lichide HumanGear GoToob 53ml - o sticl\u0103 din silicon rezistent\u0103 pentru \u0219ampoane \u0219i geluri. Ideal pentru camping, f\u0103r\u0103 BPA. Se fixeaz\u0103 comod!","robots":{"index":"index","follow":"follow","max-snippet":"max-snippet:-1","max-image-preview":"max-image-preview:large","max-video-preview":"max-video-preview:-1"},"canonical":"https:\/\/xstyle.md\/ro\/produs\/kontejner-dlja-zhidkosti-humangear-gotoob-53ml\/","og_locale":"ro_RO","og_type":"article","og_title":"\u041a\u043e\u043d\u0442\u0435\u0439\u043d\u0435\u0440 \u0434\u043b\u044f \u0436\u0438\u0434\u043a\u043e\u0441\u0442\u0438 HumanGear GoToob 53ml - \u041c\u0430\u0433\u0430\u0437\u0438\u043d Xstyle","og_description":"\u041a\u043e\u043d\u0442\u0435\u0439\u043d\u0435\u0440 \u0434\u043b\u044f \u0436\u0438\u0434\u043a\u043e\u0441\u0442\u0438 HumanGear GoToob 53ml - \u043f\u0440\u043e\u0447\u043d\u0430\u044f \u0441\u0438\u043b\u0438\u043a\u043e\u043d\u043e\u0432\u0430\u044f \u0431\u0443\u0442\u044b\u043b\u043a\u0430 \u0434\u043b\u044f \u0448\u0430\u043c\u043f\u0443\u043d\u0435\u0439 \u0438 \u0433\u0435\u043b\u0435\u0439. \u0418\u0434\u0435\u0430\u043b\u044c\u043d\u043e \u0434\u043b\u044f \u043a\u0435\u043c\u043f\u0438\u043d\u0433\u0430, \u0431\u0435\u0437 BPA. \u0423\u0434\u043e\u0431\u043d\u043e \u043a\u0440\u0435\u043f\u0438\u0442\u0441\u044f!","og_url":"https:\/\/xstyle.md\/ro\/produs\/kontejner-dlja-zhidkosti-humangear-gotoob-53ml\/","og_site_name":"\u041c\u0430\u0433\u0430\u0437\u0438\u043d Xstyle","article_publisher":"https:\/\/www.facebook.com\/xstylemd","article_modified_time":"2024-12-16T19:32:35+00:00","og_image":[{"width":1500,"height":1500,"url":"https:\/\/xstyle.md\/wp-content\/uploads\/2021\/04\/humangear-small-gotoob-1.7oz-53ml-green-1-1.jpg","type":"image\/jpeg"}],"twitter_card":"summary_large_image","twitter_misc":{"Pre\u021b":"230&nbsp;MDL","Disponibilitate":"\u00cen stoc"},"schema":{"@context":"https:\/\/schema.org","@graph":[{"@type":"WebPage","@id":"https:\/\/xstyle.md\/product\/kontejner-dlja-zhidkosti-humangear-gotoob-53ml\/","url":"https:\/\/xstyle.md\/product\/kontejner-dlja-zhidkosti-humangear-gotoob-53ml\/","name":"Container pentru lichide HumanGear GoToob 53ml - Magazin Xstyle","isPartOf":{"@id":"https:\/\/xstyle.md\/#website"},"primaryImageOfPage":{"@id":"https:\/\/xstyle.md\/product\/kontejner-dlja-zhidkosti-humangear-gotoob-53ml\/#primaryimage"},"image":{"@id":"https:\/\/xstyle.md\/product\/kontejner-dlja-zhidkosti-humangear-gotoob-53ml\/#primaryimage"},"thumbnailUrl":"https:\/\/xstyle.md\/wp-content\/uploads\/2021\/04\/humangear-small-gotoob-1.7oz-53ml-green-1-1.jpg","datePublished":"2020-07-19T12:28:56+00:00","dateModified":"2024-12-16T19:32:35+00:00","description":"Container pentru lichide HumanGear GoToob 53ml - o sticl\u0103 din silicon rezistent\u0103 pentru \u0219ampoane \u0219i geluri. Ideal pentru camping, f\u0103r\u0103 BPA. Se fixeaz\u0103 comod!","breadcrumb":{"@id":"https:\/\/xstyle.md\/product\/kontejner-dlja-zhidkosti-humangear-gotoob-53ml\/#breadcrumb"},"inLanguage":"ro-RO","potentialAction":[{"@type":"ReadAction","target":["https:\/\/xstyle.md\/product\/kontejner-dlja-zhidkosti-humangear-gotoob-53ml\/"]}]},{"@type":"ImageObject","inLanguage":"ro-RO","@id":"https:\/\/xstyle.md\/product\/kontejner-dlja-zhidkosti-humangear-gotoob-53ml\/#primaryimage","url":"https:\/\/xstyle.md\/wp-content\/uploads\/2021\/04\/humangear-small-gotoob-1.7oz-53ml-green-1-1.jpg","contentUrl":"https:\/\/xstyle.md\/wp-content\/uploads\/2021\/04\/humangear-small-gotoob-1.7oz-53ml-green-1-1.jpg","width":1500,"height":1500},{"@type":"BreadcrumbList","@id":"https:\/\/xstyle.md\/product\/kontejner-dlja-zhidkosti-humangear-gotoob-53ml\/#breadcrumb","itemListElement":[{"@type":"ListItem","position":1,"name":"\u0413\u043b\u0430\u0432\u043d\u0430\u044f \u0441\u0442\u0440\u0430\u043d\u0438\u0446\u0430","item":"https:\/\/xstyle.md\/"},{"@type":"ListItem","position":2,"name":"\u041c\u0430\u0433\u0430\u0437\u0438\u043d","item":"https:\/\/xstyle.md\/shop\/"},{"@type":"ListItem","position":3,"name":"\u041a\u043e\u043d\u0442\u0435\u0439\u043d\u0435\u0440 \u0434\u043b\u044f \u0436\u0438\u0434\u043a\u043e\u0441\u0442\u0438 HumanGear GoToob 53ml"}]},{"@type":"WebSite","@id":"https:\/\/xstyle.md\/#website","url":"https:\/\/xstyle.md\/","name":"Magazinul X-Style","description":"Echipamente pentru turism \u0219i sporturi extreme \u00een Moldova. Pre\u021buri, fotografii, caracteristici \u00een Moldova.","publisher":{"@id":"https:\/\/xstyle.md\/#organization"},"alternateName":"X-Style","potentialAction":[{"@type":"SearchAction","target":{"@type":"EntryPoint","urlTemplate":"https:\/\/xstyle.md\/?s={search_term_string}"},"query-input":{"@type":"PropertyValueSpecification","valueRequired":true,"valueName":"search_term_string"}}],"inLanguage":"ro-RO"},{"@type":"Organization","@id":"https:\/\/xstyle.md\/#organization","name":"Magazinul X-Style","alternateName":"x-style","url":"https:\/\/xstyle.md\/","logo":{"@type":"ImageObject","inLanguage":"ro-RO","@id":"https:\/\/xstyle.md\/#\/schema\/logo\/image\/","url":"https:\/\/xstyle.md\/wp-content\/uploads\/2020\/06\/logoicon.svg","contentUrl":"https:\/\/xstyle.md\/wp-content\/uploads\/2020\/06\/logoicon.svg","caption":"\u041c\u0430\u0433\u0430\u0437\u0438\u043d Xstyle"},"image":{"@id":"https:\/\/xstyle.md\/#\/schema\/logo\/image\/"},"sameAs":["https:\/\/www.facebook.com\/xstylemd","https:\/\/www.instagram.com\/xstyle_md\/","https:\/\/t.me\/xstyle_outdoor"],"hasMerchantReturnPolicy":{"@type":"MerchantReturnPolicy","merchantReturnLink":"https:\/\/xstyle.md\/ro\/conditions\/"}}]},"product_price_amount":"230.00","product_price_currency":"MDL","og_availability":"instock","product_availability":"instock","product_retailer_item_id":"91037531407","product_condition":"new"},"_links":{"self":[{"href":"https:\/\/xstyle.md\/ro\/wp-json\/wp\/v2\/product\/21962","targetHints":{"allow":["GET"]}}],"collection":[{"href":"https:\/\/xstyle.md\/ro\/wp-json\/wp\/v2\/product"}],"about":[{"href":"https:\/\/xstyle.md\/ro\/wp-json\/wp\/v2\/types\/product"}],"replies":[{"embeddable":true,"href":"https:\/\/xstyle.md\/ro\/wp-json\/wp\/v2\/comments?post=21962"}],"wp:featuredmedia":[{"embeddable":true,"href":"https:\/\/xstyle.md\/ro\/wp-json\/wp\/v2\/media\/28136"}],"wp:attachment":[{"href":"https:\/\/xstyle.md\/ro\/wp-json\/wp\/v2\/media?parent=21962"}],"wp:term":[{"taxonomy":"product_brand","embeddable":true,"href":"https:\/\/xstyle.md\/ro\/wp-json\/wp\/v2\/product_brand?post=21962"},{"taxonomy":"product_cat","embeddable":true,"href":"https:\/\/xstyle.md\/ro\/wp-json\/wp\/v2\/product_cat?post=21962"},{"taxonomy":"product_tag","embeddable":true,"href":"https:\/\/xstyle.md\/ro\/wp-json\/wp\/v2\/product_tag?post=21962"}],"curies":[{"name":"wp","href":"https:\/\/api.w.org\/{rel}","templated":true}]}}