{"id":21935,"date":"2020-07-19T15:28:43","date_gmt":"2020-07-19T12:28:43","guid":{"rendered":"https:\/\/xstyle.md\/?post_type=product&#038;p=21935"},"modified":"2026-03-19T16:39:20","modified_gmt":"2026-03-19T13:39:20","slug":"lavinnyj-shhup-pieps-probe-aluminium-260","status":"publish","type":"product","link":"https:\/\/xstyle.md\/ro\/produs\/lavinnyj-shhup-pieps-probe-aluminium-260\/","title":{"rendered":"Sond\u0103 avalan\u0219\u0103 Pieps Probe Aluminium 260"},"content":{"rendered":"<\/p>\n<p>Sond\u0103 avalan\u0219\u0103 <strong>Pieps Probe Aluminium 260<\/strong> &#8212; un stylus u\u0219or \u0219i confortabil care se asambleaz\u0103 foarte rapid, fiind \u00een acela\u0219i timp foarte fiabil. Designul dovedit este completat de sistemul de extensie rapid\u0103 Speed-Cone. Un must-have pentru orice rider care planific\u0103 excursii \u00een zone predispuse la avalan\u0219e.<\/p>\n<p>Tuburile sunt fabricate dintr-un aliaj special de aluminiu \u00een dou\u0103 culori \u0219i garanteaz\u0103 stabilitate \u0219i rezisten\u021b\u0103 optime. Tuburile sunt etichetate cu o scar\u0103 de m\u0103surare. Stiloul poate fi pliat rapid \u0219i compact \u00eentr-un rucsac. U\u0219or de utilizat.<\/p>\n<h3>Particularit\u0103\u021bi<\/h3>\n<ul>\n<li>Instalare u\u0219oar\u0103 \u0219i rapid\u0103 a stylusului<\/li>\n<li>Tuburile stiloului sunt realizate din aliaj de aluminiu de \u00eenalt\u0103 rezisten\u021b\u0103, durabil<\/li>\n<li>Sistem Speed-Cone pentru extinderea rapid\u0103 a stiloului<\/li>\n<li>\u00cenchiz\u0103tor cu \u00eenchidere rapid\u0103 pentru o fixare sigur\u0103 \u0219i timp redus de asamblare<\/li>\n<li>\u00cenveli\u0219 antiderapant pentru asamblare rapid\u0103 chiar \u0219i cu m\u0103nu\u0219i<\/li>\n<li>Scar\u0103 imprimat\u0103 \u00een centimetri pentru m\u0103surarea ad\u00e2ncimii<\/li>\n<li>U\u0219or de pliat \u0219i fixat cu o curea Velcro<\/li>\n<\/ul>\n<h3>Caracteristici<\/h3>\n<ul>\n<li>\u00cen\u0103l\u021bime &#8212; 260 mm<\/li>\n<li>Greutate &#8212; 290 g<\/li>\n<li>\u00cen\u0103l\u021bime pliat\u0103 &#8212; 42 cm<\/li>\n<li>Num\u0103r de tuburi &#8212; 6 buc<\/li>\n<\/ul>\n<p><\/p>","protected":false},"excerpt":{"rendered":"<p>Sond\u0103 avalan\u0219\u0103 Pieps Probe Aluminium 260<\/p>","protected":false},"featured_media":28109,"comment_status":"open","ping_status":"closed","template":"","meta":{"_acf_changed":false,"inline_featured_image":false},"product_brand":[1388],"product_cat":[549],"product_tag":[],"class_list":{"0":"post-21935","1":"product","2":"type-product","3":"status-publish","4":"has-post-thumbnail","6":"product_brand-pieps","7":"product_cat-echipament-de-avalansa","9":"first","10":"instock","11":"shipping-taxable","12":"purchasable","13":"product-type-simple"},"acf":[],"yoast_head":"<!-- This site is optimized with the Yoast SEO plugin v27.2 - https:\/\/yoast.com\/product\/yoast-seo-wordpress\/ -->\n<title>\u041b\u0430\u0432\u0438\u043d\u043d\u044b\u0439 \u0449\u0443\u043f Pieps Probe Aluminium 260 - \u041c\u0430\u0433\u0430\u0437\u0438\u043d Xstyle<\/title>\n<meta name=\"description\" content=\"\u041b\u0430\u0432\u0438\u043d\u043d\u044b\u0439 \u0449\u0443\u043f Pieps Probe Aluminium 260 - \u043b\u0435\u0433\u043a\u0438\u0439 \u0438 \u043d\u0430\u0434\u0435\u0436\u043d\u044b\u0439 \u0438\u043d\u0441\u0442\u0440\u0443\u043c\u0435\u043d\u0442 \u0441 \u0441\u0438\u0441\u0442\u0435\u043c\u043e\u0439 SpeedCone \u0434\u043b\u044f \u0431\u044b\u0441\u0442\u0440\u043e\u0433\u043e \u0440\u0430\u0437\u0432\u0435\u0440\u0442\u044b\u0432\u0430\u043d\u0438\u044f. \u0418\u0434\u0435\u0430\u043b\u0435\u043d \u0434\u043b\u044f \u0431\u0435\u0437\u043e\u043f\u0430\u0441\u043d\u044b\u0445 \u0432\u044b\u0435\u0437\u0434\u043e\u0432 \u0432 \u0433\u043e\u0440\u044b!\" \/>\n<meta name=\"robots\" content=\"index, follow, max-snippet:-1, max-image-preview:large, max-video-preview:-1\" \/>\n<link rel=\"canonical\" href=\"https:\/\/xstyle.md\/ro\/produs\/lavinnyj-shhup-pieps-probe-aluminium-260\/\" \/>\n<meta property=\"og:locale\" content=\"ro_RO\" \/>\n<meta property=\"og:type\" content=\"article\" \/>\n<meta property=\"og:title\" content=\"\u041b\u0430\u0432\u0438\u043d\u043d\u044b\u0439 \u0449\u0443\u043f Pieps Probe Aluminium 260 - \u041c\u0430\u0433\u0430\u0437\u0438\u043d Xstyle\" \/>\n<meta property=\"og:description\" content=\"\u041b\u0430\u0432\u0438\u043d\u043d\u044b\u0439 \u0449\u0443\u043f Pieps Probe Aluminium 260 - \u043b\u0435\u0433\u043a\u0438\u0439 \u0438 \u043d\u0430\u0434\u0435\u0436\u043d\u044b\u0439 \u0438\u043d\u0441\u0442\u0440\u0443\u043c\u0435\u043d\u0442 \u0441 \u0441\u0438\u0441\u0442\u0435\u043c\u043e\u0439 SpeedCone \u0434\u043b\u044f \u0431\u044b\u0441\u0442\u0440\u043e\u0433\u043e \u0440\u0430\u0437\u0432\u0435\u0440\u0442\u044b\u0432\u0430\u043d\u0438\u044f. \u0418\u0434\u0435\u0430\u043b\u0435\u043d \u0434\u043b\u044f \u0431\u0435\u0437\u043e\u043f\u0430\u0441\u043d\u044b\u0445 \u0432\u044b\u0435\u0437\u0434\u043e\u0432 \u0432 \u0433\u043e\u0440\u044b!\" \/>\n<meta property=\"og:url\" content=\"https:\/\/xstyle.md\/ro\/produs\/lavinnyj-shhup-pieps-probe-aluminium-260\/\" \/>\n<meta property=\"og:site_name\" content=\"\u041c\u0430\u0433\u0430\u0437\u0438\u043d Xstyle\" \/>\n<meta property=\"article:publisher\" content=\"https:\/\/www.facebook.com\/xstylemd\" \/>\n<meta property=\"article:modified_time\" content=\"2026-03-19T13:39:20+00:00\" \/>\n<meta property=\"og:image\" content=\"https:\/\/xstyle.md\/wp-content\/uploads\/2021\/04\/viber_2020-12-15_13-56-46.jpg\" \/>\n\t<meta property=\"og:image:width\" content=\"358\" \/>\n\t<meta property=\"og:image:height\" content=\"500\" \/>\n\t<meta property=\"og:image:type\" content=\"image\/jpeg\" \/>\n<meta name=\"twitter:card\" content=\"summary_large_image\" \/>\n<meta name=\"twitter:label1\" content=\"Pre\u021b\" \/>\n\t<meta name=\"twitter:data1\" content=\"1.090&nbsp;MDL\" \/>\n\t<meta name=\"twitter:label2\" content=\"Disponibilitate\" \/>\n\t<meta name=\"twitter:data2\" content=\"\u00cen stoc\" \/>\n<script type=\"application\/ld+json\" class=\"yoast-schema-graph\">{\"@context\":\"https:\/\/schema.org\",\"@graph\":[{\"@type\":\"WebPage\",\"@id\":\"https:\/\/xstyle.md\/product\/lavinnyj-shhup-pieps-probe-aluminium-260\/\",\"url\":\"https:\/\/xstyle.md\/product\/lavinnyj-shhup-pieps-probe-aluminium-260\/\",\"name\":\"\u041b\u0430\u0432\u0438\u043d\u043d\u044b\u0439 \u0449\u0443\u043f Pieps Probe Aluminium 260 - \u041c\u0430\u0433\u0430\u0437\u0438\u043d Xstyle\",\"isPartOf\":{\"@id\":\"https:\/\/xstyle.md\/#website\"},\"primaryImageOfPage\":{\"@id\":\"https:\/\/xstyle.md\/product\/lavinnyj-shhup-pieps-probe-aluminium-260\/#primaryimage\"},\"image\":{\"@id\":\"https:\/\/xstyle.md\/product\/lavinnyj-shhup-pieps-probe-aluminium-260\/#primaryimage\"},\"thumbnailUrl\":\"https:\/\/xstyle.md\/wp-content\/uploads\/2021\/04\/viber_2020-12-15_13-56-46.jpg\",\"datePublished\":\"2020-07-19T12:28:43+00:00\",\"dateModified\":\"2026-03-19T13:39:20+00:00\",\"description\":\"\u041b\u0430\u0432\u0438\u043d\u043d\u044b\u0439 \u0449\u0443\u043f Pieps Probe Aluminium 260 - \u043b\u0435\u0433\u043a\u0438\u0439 \u0438 \u043d\u0430\u0434\u0435\u0436\u043d\u044b\u0439 \u0438\u043d\u0441\u0442\u0440\u0443\u043c\u0435\u043d\u0442 \u0441 \u0441\u0438\u0441\u0442\u0435\u043c\u043e\u0439 SpeedCone \u0434\u043b\u044f \u0431\u044b\u0441\u0442\u0440\u043e\u0433\u043e \u0440\u0430\u0437\u0432\u0435\u0440\u0442\u044b\u0432\u0430\u043d\u0438\u044f. \u0418\u0434\u0435\u0430\u043b\u0435\u043d \u0434\u043b\u044f \u0431\u0435\u0437\u043e\u043f\u0430\u0441\u043d\u044b\u0445 \u0432\u044b\u0435\u0437\u0434\u043e\u0432 \u0432 \u0433\u043e\u0440\u044b!\",\"breadcrumb\":{\"@id\":\"https:\/\/xstyle.md\/product\/lavinnyj-shhup-pieps-probe-aluminium-260\/#breadcrumb\"},\"inLanguage\":\"ro-RO\",\"potentialAction\":[{\"@type\":\"ReadAction\",\"target\":[\"https:\/\/xstyle.md\/product\/lavinnyj-shhup-pieps-probe-aluminium-260\/\"]}]},{\"@type\":\"ImageObject\",\"inLanguage\":\"ro-RO\",\"@id\":\"https:\/\/xstyle.md\/product\/lavinnyj-shhup-pieps-probe-aluminium-260\/#primaryimage\",\"url\":\"https:\/\/xstyle.md\/wp-content\/uploads\/2021\/04\/viber_2020-12-15_13-56-46.jpg\",\"contentUrl\":\"https:\/\/xstyle.md\/wp-content\/uploads\/2021\/04\/viber_2020-12-15_13-56-46.jpg\",\"width\":358,\"height\":500},{\"@type\":\"BreadcrumbList\",\"@id\":\"https:\/\/xstyle.md\/product\/lavinnyj-shhup-pieps-probe-aluminium-260\/#breadcrumb\",\"itemListElement\":[{\"@type\":\"ListItem\",\"position\":1,\"name\":\"\u0413\u043b\u0430\u0432\u043d\u0430\u044f \u0441\u0442\u0440\u0430\u043d\u0438\u0446\u0430\",\"item\":\"https:\/\/xstyle.md\/\"},{\"@type\":\"ListItem\",\"position\":2,\"name\":\"\u041c\u0430\u0433\u0430\u0437\u0438\u043d\",\"item\":\"https:\/\/xstyle.md\/shop\/\"},{\"@type\":\"ListItem\",\"position\":3,\"name\":\"\u041b\u0430\u0432\u0438\u043d\u043d\u044b\u0439 \u0449\u0443\u043f Pieps Probe Aluminium 260\"}]},{\"@type\":\"WebSite\",\"@id\":\"https:\/\/xstyle.md\/#website\",\"url\":\"https:\/\/xstyle.md\/\",\"name\":\"\u041c\u0430\u0433\u0430\u0437\u0438\u043d Xstyle\",\"description\":\"C\u043d\u0430\u0440\u044f\u0436\u0435\u043d\u0438\u0435 \u0434\u043b\u044f \u0442\u0443\u0440\u0438\u0437\u043c\u0430 \u0438 \u044d\u043a\u0441\u0442\u0440\u0435\u043c\u0430\u043b\u044c\u043d\u044b\u0445 \u0432\u0438\u0434\u043e\u0432 \u0441\u043f\u043e\u0440\u0442\u0430 \u0432 \u041c\u043e\u043b\u0434\u043e\u0432\u0435.. \u0426\u0435\u043d\u044b, \u0444\u043e\u0442\u043e, \u0445\u0430\u0440\u0430\u043a\u0442\u0435\u0440\u0438\u0441\u0442\u0438\u043a\u0438 \u0432 \u041c\u043e\u043b\u0434\u043e\u0432\u0435.\",\"publisher\":{\"@id\":\"https:\/\/xstyle.md\/#organization\"},\"alternateName\":\"X-Style\",\"potentialAction\":[{\"@type\":\"SearchAction\",\"target\":{\"@type\":\"EntryPoint\",\"urlTemplate\":\"https:\/\/xstyle.md\/?s={search_term_string}\"},\"query-input\":{\"@type\":\"PropertyValueSpecification\",\"valueRequired\":true,\"valueName\":\"search_term_string\"}}],\"inLanguage\":\"ro-RO\"},{\"@type\":\"Organization\",\"@id\":\"https:\/\/xstyle.md\/#organization\",\"name\":\"\u041c\u0430\u0433\u0430\u0437\u0438\u043d Xstyle\",\"alternateName\":\"x-style\",\"url\":\"https:\/\/xstyle.md\/\",\"logo\":{\"@type\":\"ImageObject\",\"inLanguage\":\"ro-RO\",\"@id\":\"https:\/\/xstyle.md\/#\/schema\/logo\/image\/\",\"url\":\"https:\/\/xstyle.md\/wp-content\/uploads\/2020\/06\/logoicon.svg\",\"contentUrl\":\"https:\/\/xstyle.md\/wp-content\/uploads\/2020\/06\/logoicon.svg\",\"caption\":\"\u041c\u0430\u0433\u0430\u0437\u0438\u043d Xstyle\"},\"image\":{\"@id\":\"https:\/\/xstyle.md\/#\/schema\/logo\/image\/\"},\"sameAs\":[\"https:\/\/www.facebook.com\/xstylemd\",\"https:\/\/www.instagram.com\/xstyle_md\/\",\"https:\/\/t.me\/xstyle_outdoor\"],\"hasMerchantReturnPolicy\":{\"@type\":\"MerchantReturnPolicy\",\"merchantReturnLink\":\"https:\/\/xstyle.md\/ro\/conditions\/\"}}]}<\/script>\n<meta property=\"product:price:amount\" content=\"1090.00\" \/>\n<meta property=\"product:price:currency\" content=\"MDL\" \/>\n<meta property=\"og:availability\" content=\"instock\" \/>\n<meta property=\"product:availability\" content=\"instock\" \/>\n<meta property=\"product:retailer_item_id\" content=\"9120029060135\" \/>\n<meta property=\"product:condition\" content=\"new\" \/>\n<!-- \/ Yoast SEO plugin. -->","yoast_head_json":{"title":"Sond\u0103 avalan\u0219\u0103 Pieps Probe Aluminium 260 - Magazin Xstyle","description":"Lavin\u0103 X-Style Pieps Probe Aluminium 260 - un instrument u\u0219or \u0219i de \u00eencredere cu sistemul SpeedCone pentru desf\u0103\u0219urare rapid\u0103. Ideal pentru ie\u0219iri sigure \u00een mun\u021bi!","robots":{"index":"index","follow":"follow","max-snippet":"max-snippet:-1","max-image-preview":"max-image-preview:large","max-video-preview":"max-video-preview:-1"},"canonical":"https:\/\/xstyle.md\/ro\/produs\/lavinnyj-shhup-pieps-probe-aluminium-260\/","og_locale":"ro_RO","og_type":"article","og_title":"\u041b\u0430\u0432\u0438\u043d\u043d\u044b\u0439 \u0449\u0443\u043f Pieps Probe Aluminium 260 - \u041c\u0430\u0433\u0430\u0437\u0438\u043d Xstyle","og_description":"\u041b\u0430\u0432\u0438\u043d\u043d\u044b\u0439 \u0449\u0443\u043f Pieps Probe Aluminium 260 - \u043b\u0435\u0433\u043a\u0438\u0439 \u0438 \u043d\u0430\u0434\u0435\u0436\u043d\u044b\u0439 \u0438\u043d\u0441\u0442\u0440\u0443\u043c\u0435\u043d\u0442 \u0441 \u0441\u0438\u0441\u0442\u0435\u043c\u043e\u0439 SpeedCone \u0434\u043b\u044f \u0431\u044b\u0441\u0442\u0440\u043e\u0433\u043e \u0440\u0430\u0437\u0432\u0435\u0440\u0442\u044b\u0432\u0430\u043d\u0438\u044f. \u0418\u0434\u0435\u0430\u043b\u0435\u043d \u0434\u043b\u044f \u0431\u0435\u0437\u043e\u043f\u0430\u0441\u043d\u044b\u0445 \u0432\u044b\u0435\u0437\u0434\u043e\u0432 \u0432 \u0433\u043e\u0440\u044b!","og_url":"https:\/\/xstyle.md\/ro\/produs\/lavinnyj-shhup-pieps-probe-aluminium-260\/","og_site_name":"\u041c\u0430\u0433\u0430\u0437\u0438\u043d Xstyle","article_publisher":"https:\/\/www.facebook.com\/xstylemd","article_modified_time":"2026-03-19T13:39:20+00:00","og_image":[{"width":358,"height":500,"url":"https:\/\/xstyle.md\/wp-content\/uploads\/2021\/04\/viber_2020-12-15_13-56-46.jpg","type":"image\/jpeg"}],"twitter_card":"summary_large_image","twitter_misc":{"Pre\u021b":"1.090&nbsp;MDL","Disponibilitate":"\u00cen stoc"},"schema":{"@context":"https:\/\/schema.org","@graph":[{"@type":"WebPage","@id":"https:\/\/xstyle.md\/product\/lavinnyj-shhup-pieps-probe-aluminium-260\/","url":"https:\/\/xstyle.md\/product\/lavinnyj-shhup-pieps-probe-aluminium-260\/","name":"Sond\u0103 avalan\u0219\u0103 Pieps Probe Aluminium 260 - Magazin Xstyle","isPartOf":{"@id":"https:\/\/xstyle.md\/#website"},"primaryImageOfPage":{"@id":"https:\/\/xstyle.md\/product\/lavinnyj-shhup-pieps-probe-aluminium-260\/#primaryimage"},"image":{"@id":"https:\/\/xstyle.md\/product\/lavinnyj-shhup-pieps-probe-aluminium-260\/#primaryimage"},"thumbnailUrl":"https:\/\/xstyle.md\/wp-content\/uploads\/2021\/04\/viber_2020-12-15_13-56-46.jpg","datePublished":"2020-07-19T12:28:43+00:00","dateModified":"2026-03-19T13:39:20+00:00","description":"Lavin\u0103 X-Style Pieps Probe Aluminium 260 - un instrument u\u0219or \u0219i de \u00eencredere cu sistemul SpeedCone pentru desf\u0103\u0219urare rapid\u0103. Ideal pentru ie\u0219iri sigure \u00een mun\u021bi!","breadcrumb":{"@id":"https:\/\/xstyle.md\/product\/lavinnyj-shhup-pieps-probe-aluminium-260\/#breadcrumb"},"inLanguage":"ro-RO","potentialAction":[{"@type":"ReadAction","target":["https:\/\/xstyle.md\/product\/lavinnyj-shhup-pieps-probe-aluminium-260\/"]}]},{"@type":"ImageObject","inLanguage":"ro-RO","@id":"https:\/\/xstyle.md\/product\/lavinnyj-shhup-pieps-probe-aluminium-260\/#primaryimage","url":"https:\/\/xstyle.md\/wp-content\/uploads\/2021\/04\/viber_2020-12-15_13-56-46.jpg","contentUrl":"https:\/\/xstyle.md\/wp-content\/uploads\/2021\/04\/viber_2020-12-15_13-56-46.jpg","width":358,"height":500},{"@type":"BreadcrumbList","@id":"https:\/\/xstyle.md\/product\/lavinnyj-shhup-pieps-probe-aluminium-260\/#breadcrumb","itemListElement":[{"@type":"ListItem","position":1,"name":"\u0413\u043b\u0430\u0432\u043d\u0430\u044f \u0441\u0442\u0440\u0430\u043d\u0438\u0446\u0430","item":"https:\/\/xstyle.md\/"},{"@type":"ListItem","position":2,"name":"\u041c\u0430\u0433\u0430\u0437\u0438\u043d","item":"https:\/\/xstyle.md\/shop\/"},{"@type":"ListItem","position":3,"name":"\u041b\u0430\u0432\u0438\u043d\u043d\u044b\u0439 \u0449\u0443\u043f Pieps Probe Aluminium 260"}]},{"@type":"WebSite","@id":"https:\/\/xstyle.md\/#website","url":"https:\/\/xstyle.md\/","name":"Magazinul X-Style","description":"Echipamente pentru turism \u0219i sporturi extreme \u00een Moldova. Pre\u021buri, fotografii, caracteristici \u00een Moldova.","publisher":{"@id":"https:\/\/xstyle.md\/#organization"},"alternateName":"X-Style","potentialAction":[{"@type":"SearchAction","target":{"@type":"EntryPoint","urlTemplate":"https:\/\/xstyle.md\/?s={search_term_string}"},"query-input":{"@type":"PropertyValueSpecification","valueRequired":true,"valueName":"search_term_string"}}],"inLanguage":"ro-RO"},{"@type":"Organization","@id":"https:\/\/xstyle.md\/#organization","name":"Magazinul X-Style","alternateName":"x-style","url":"https:\/\/xstyle.md\/","logo":{"@type":"ImageObject","inLanguage":"ro-RO","@id":"https:\/\/xstyle.md\/#\/schema\/logo\/image\/","url":"https:\/\/xstyle.md\/wp-content\/uploads\/2020\/06\/logoicon.svg","contentUrl":"https:\/\/xstyle.md\/wp-content\/uploads\/2020\/06\/logoicon.svg","caption":"\u041c\u0430\u0433\u0430\u0437\u0438\u043d Xstyle"},"image":{"@id":"https:\/\/xstyle.md\/#\/schema\/logo\/image\/"},"sameAs":["https:\/\/www.facebook.com\/xstylemd","https:\/\/www.instagram.com\/xstyle_md\/","https:\/\/t.me\/xstyle_outdoor"],"hasMerchantReturnPolicy":{"@type":"MerchantReturnPolicy","merchantReturnLink":"https:\/\/xstyle.md\/ro\/conditions\/"}}]},"product_price_amount":"1090.00","product_price_currency":"MDL","og_availability":"instock","product_availability":"instock","product_retailer_item_id":"9120029060135","product_condition":"new"},"post_mailing_queue_ids":[],"_links":{"self":[{"href":"https:\/\/xstyle.md\/ro\/wp-json\/wp\/v2\/product\/21935","targetHints":{"allow":["GET"]}}],"collection":[{"href":"https:\/\/xstyle.md\/ro\/wp-json\/wp\/v2\/product"}],"about":[{"href":"https:\/\/xstyle.md\/ro\/wp-json\/wp\/v2\/types\/product"}],"replies":[{"embeddable":true,"href":"https:\/\/xstyle.md\/ro\/wp-json\/wp\/v2\/comments?post=21935"}],"wp:featuredmedia":[{"embeddable":true,"href":"https:\/\/xstyle.md\/ro\/wp-json\/wp\/v2\/media\/28109"}],"wp:attachment":[{"href":"https:\/\/xstyle.md\/ro\/wp-json\/wp\/v2\/media?parent=21935"}],"wp:term":[{"taxonomy":"product_brand","embeddable":true,"href":"https:\/\/xstyle.md\/ro\/wp-json\/wp\/v2\/product_brand?post=21935"},{"taxonomy":"product_cat","embeddable":true,"href":"https:\/\/xstyle.md\/ro\/wp-json\/wp\/v2\/product_cat?post=21935"},{"taxonomy":"product_tag","embeddable":true,"href":"https:\/\/xstyle.md\/ro\/wp-json\/wp\/v2\/product_tag?post=21935"}],"curies":[{"name":"wp","href":"https:\/\/api.w.org\/{rel}","templated":true}]}}