{"id":21844,"date":"2020-07-19T15:25:40","date_gmt":"2020-07-19T12:25:40","guid":{"rendered":"https:\/\/xstyle.md\/product\/karemat-garmoshka-acecamp-portable-sleeping-pad"},"modified":"2025-07-14T19:50:07","modified_gmt":"2025-07-14T16:50:07","slug":"karemat-garmoshka-acecamp-portable-sleeping-pad","status":"publish","type":"product","link":"https:\/\/xstyle.md\/ro\/produs\/karemat-garmoshka-acecamp-portable-sleeping-pad\/","title":{"rendered":"Saltea AceCamp Portable Sleeping Pad"},"content":{"rendered":"<\/p>\n<p>Covoras pliabil <strong> AceCamp Portable Sleeping Pad<\/strong> &#8212; un covor pliabil ultrau\u0219or, este ideal pentru activit\u0103\u021bile \u00een aer liber. Dac\u0103 merge\u021bi cu cortul, la pescuit, la picnic, dac\u0103 dori\u021bi s\u0103 v\u0103 relaxa\u021bi sau s\u0103 sta\u021bi afar\u0103, acest covora\u0219 este \u00eentotdeauna la \u00eendem\u00e2n\u0103. V\u0103 protejeaz\u0103 nu numai spatele de terenul st\u00e2ncos, ci \u0219i sacul de dormit de umiditate \u0219i deteriorare. Pute\u021bi folosi fie partea ro\u0219ie, fie cea neagr\u0103.<\/p>\n<p>Este foarte durabil, nu este predispus la \u00een\u021bep\u0103turi, deci nu este nevoie s\u0103 alege\u021bi un loc pentru a le pune. Aceast\u0103 versatilitate a f\u0103cut din covora\u0219ele din spum\u0103 un favorit \u00een r\u00e2ndul rucsacarilor, c\u0103rora le place s\u0103 foloseasc\u0103 echipamente multifunc\u021bionale pentru a reduce greutatea rucsacului lor.<\/p>\n<h3>Particularit\u0103\u021bi<\/h3>\n<ul>\n<li>Se pliaz\u0103 \u00een 12 sec\u021biuni ca un acordeon<\/li>\n<li>Greutate minim\u0103 dimensiuni compacte incluse<\/li>\n<li>Dou\u0103 benzi de cauciuc<\/li>\n<li>Fabricat din spum\u0103 de polistiren expandat<\/li>\n<li>Multifunc\u021bional, robust, compact.<\/li>\n<\/ul>\n<h3>Caracteristici<\/h3>\n<ul>\n<li>Material &#8212; spum\u0103 de polietilen\u0103<\/li>\n<li>Tip &#8212; saltea (saltea \u021besut\u0103)<\/li>\n<li>Dimensiunea ambalajului &#8212; 56 x 15 x 12 cm<\/li>\n<li>Dimensiuni &#8212; 186 x 56 cm<\/li>\n<li>Grosime &#8212; 10 mm<\/li>\n<li>Straturi &#8212; dou\u0103 straturi<\/li>\n<li>Greutate &#8212; 318 g.<\/li>\n<\/ul>\n<p><\/p>","protected":false},"excerpt":{"rendered":"<p>Saltea AceCamp Portable Sleeping Pad<\/p>","protected":false},"featured_media":21841,"comment_status":"open","ping_status":"closed","template":"","meta":{"_acf_changed":false,"inline_featured_image":false},"product_brand":[1342],"product_cat":[200],"product_tag":[],"class_list":{"0":"post-21844","1":"product","2":"type-product","3":"status-publish","4":"has-post-thumbnail","6":"product_brand-acecamp","7":"product_cat-travel-mats","9":"first","10":"outofstock","11":"shipping-taxable","12":"product-type-simple"},"acf":[],"yoast_head":"<!-- This site is optimized with the Yoast SEO plugin v27.4 - https:\/\/yoast.com\/product\/yoast-seo-wordpress\/ -->\n<title>\u041a\u043e\u0432\u0440\u0438\u043a \u0433\u0430\u0440\u043c\u043e\u0448\u043a\u0430 AceCamp Portable Sleeping Pad - \u041c\u0430\u0433\u0430\u0437\u0438\u043d Xstyle<\/title>\n<meta name=\"description\" content=\"\u041a\u043e\u0432\u0440\u0438\u043a-\u0433\u0430\u0440\u043c\u043e\u0448\u043a\u0430 AceCamp - \u0443\u043b\u044c\u0442\u0440\u0430\u043b\u0435\u0433\u043a\u0438\u0439 \u0438 \u0441\u043a\u043b\u0430\u0434\u043d\u043e\u0439, \u0438\u0434\u0435\u0430\u043b\u0435\u043d \u0434\u043b\u044f camping, \u043f\u0438\u043a\u043d\u0438\u043a\u043e\u0432 \u0438 \u043e\u0442\u0434\u044b\u0445\u0430 \u043d\u0430 \u043f\u0440\u0438\u0440\u043e\u0434\u0435. \u0417\u0430\u0449\u0438\u0442\u0438\u0442 \u0441\u043f\u0438\u043d\u0443 \u0438 \u0441\u043f\u0430\u043b\u044c\u043d\u044b\u0439 \u043c\u0435\u0448\u043e\u043a \u043e\u0442 \u0432\u043b\u0430\u0433\u0438.\" \/>\n<meta name=\"robots\" content=\"index, follow, max-snippet:-1, max-image-preview:large, max-video-preview:-1\" \/>\n<link rel=\"canonical\" href=\"https:\/\/xstyle.md\/ro\/produs\/karemat-garmoshka-acecamp-portable-sleeping-pad\/\" \/>\n<meta property=\"og:locale\" content=\"ro_RO\" \/>\n<meta property=\"og:type\" content=\"article\" \/>\n<meta property=\"og:title\" content=\"\u041a\u043e\u0432\u0440\u0438\u043a \u0433\u0430\u0440\u043c\u043e\u0448\u043a\u0430 AceCamp Portable Sleeping Pad - \u041c\u0430\u0433\u0430\u0437\u0438\u043d Xstyle\" \/>\n<meta property=\"og:description\" content=\"\u041a\u043e\u0432\u0440\u0438\u043a-\u0433\u0430\u0440\u043c\u043e\u0448\u043a\u0430 AceCamp - \u0443\u043b\u044c\u0442\u0440\u0430\u043b\u0435\u0433\u043a\u0438\u0439 \u0438 \u0441\u043a\u043b\u0430\u0434\u043d\u043e\u0439, \u0438\u0434\u0435\u0430\u043b\u0435\u043d \u0434\u043b\u044f camping, \u043f\u0438\u043a\u043d\u0438\u043a\u043e\u0432 \u0438 \u043e\u0442\u0434\u044b\u0445\u0430 \u043d\u0430 \u043f\u0440\u0438\u0440\u043e\u0434\u0435. \u0417\u0430\u0449\u0438\u0442\u0438\u0442 \u0441\u043f\u0438\u043d\u0443 \u0438 \u0441\u043f\u0430\u043b\u044c\u043d\u044b\u0439 \u043c\u0435\u0448\u043e\u043a \u043e\u0442 \u0432\u043b\u0430\u0433\u0438.\" \/>\n<meta property=\"og:url\" content=\"https:\/\/xstyle.md\/ro\/produs\/karemat-garmoshka-acecamp-portable-sleeping-pad\/\" \/>\n<meta property=\"og:site_name\" content=\"\u041c\u0430\u0433\u0430\u0437\u0438\u043d Xstyle\" \/>\n<meta property=\"article:publisher\" content=\"https:\/\/www.facebook.com\/xstylemd\" \/>\n<meta property=\"article:modified_time\" content=\"2025-07-14T16:50:07+00:00\" \/>\n<meta property=\"og:image\" content=\"https:\/\/xstyle.md\/wp-content\/uploads\/2020\/07\/acecamp_portable_sleeping_pad.jpg\" \/>\n\t<meta property=\"og:image:width\" content=\"700\" \/>\n\t<meta property=\"og:image:height\" content=\"741\" \/>\n\t<meta property=\"og:image:type\" content=\"image\/jpeg\" \/>\n<meta name=\"twitter:card\" content=\"summary_large_image\" \/>\n<meta name=\"twitter:label1\" content=\"Pre\u021b\" \/>\n\t<meta name=\"twitter:data1\" content=\"495&nbsp;MDL\" \/>\n\t<meta name=\"twitter:label2\" content=\"Disponibilitate\" \/>\n\t<meta name=\"twitter:data2\" content=\"Stoc epuizat\" \/>\n<script type=\"application\/ld+json\" class=\"yoast-schema-graph\">{\"@context\":\"https:\\\/\\\/schema.org\",\"@graph\":[{\"@type\":\"WebPage\",\"@id\":\"https:\\\/\\\/xstyle.md\\\/product\\\/karemat-garmoshka-acecamp-portable-sleeping-pad\\\/\",\"url\":\"https:\\\/\\\/xstyle.md\\\/product\\\/karemat-garmoshka-acecamp-portable-sleeping-pad\\\/\",\"name\":\"\u041a\u043e\u0432\u0440\u0438\u043a \u0433\u0430\u0440\u043c\u043e\u0448\u043a\u0430 AceCamp Portable Sleeping Pad - \u041c\u0430\u0433\u0430\u0437\u0438\u043d Xstyle\",\"isPartOf\":{\"@id\":\"https:\\\/\\\/xstyle.md\\\/#website\"},\"primaryImageOfPage\":{\"@id\":\"https:\\\/\\\/xstyle.md\\\/product\\\/karemat-garmoshka-acecamp-portable-sleeping-pad\\\/#primaryimage\"},\"image\":{\"@id\":\"https:\\\/\\\/xstyle.md\\\/product\\\/karemat-garmoshka-acecamp-portable-sleeping-pad\\\/#primaryimage\"},\"thumbnailUrl\":\"https:\\\/\\\/xstyle.md\\\/wp-content\\\/uploads\\\/2020\\\/07\\\/acecamp_portable_sleeping_pad.jpg\",\"datePublished\":\"2020-07-19T12:25:40+00:00\",\"dateModified\":\"2025-07-14T16:50:07+00:00\",\"description\":\"\u041a\u043e\u0432\u0440\u0438\u043a-\u0433\u0430\u0440\u043c\u043e\u0448\u043a\u0430 AceCamp - \u0443\u043b\u044c\u0442\u0440\u0430\u043b\u0435\u0433\u043a\u0438\u0439 \u0438 \u0441\u043a\u043b\u0430\u0434\u043d\u043e\u0439, \u0438\u0434\u0435\u0430\u043b\u0435\u043d \u0434\u043b\u044f camping, \u043f\u0438\u043a\u043d\u0438\u043a\u043e\u0432 \u0438 \u043e\u0442\u0434\u044b\u0445\u0430 \u043d\u0430 \u043f\u0440\u0438\u0440\u043e\u0434\u0435. \u0417\u0430\u0449\u0438\u0442\u0438\u0442 \u0441\u043f\u0438\u043d\u0443 \u0438 \u0441\u043f\u0430\u043b\u044c\u043d\u044b\u0439 \u043c\u0435\u0448\u043e\u043a \u043e\u0442 \u0432\u043b\u0430\u0433\u0438.\",\"breadcrumb\":{\"@id\":\"https:\\\/\\\/xstyle.md\\\/product\\\/karemat-garmoshka-acecamp-portable-sleeping-pad\\\/#breadcrumb\"},\"inLanguage\":\"ro-RO\",\"potentialAction\":[{\"@type\":\"ReadAction\",\"target\":[\"https:\\\/\\\/xstyle.md\\\/product\\\/karemat-garmoshka-acecamp-portable-sleeping-pad\\\/\"]}]},{\"@type\":\"ImageObject\",\"inLanguage\":\"ro-RO\",\"@id\":\"https:\\\/\\\/xstyle.md\\\/product\\\/karemat-garmoshka-acecamp-portable-sleeping-pad\\\/#primaryimage\",\"url\":\"https:\\\/\\\/xstyle.md\\\/wp-content\\\/uploads\\\/2020\\\/07\\\/acecamp_portable_sleeping_pad.jpg\",\"contentUrl\":\"https:\\\/\\\/xstyle.md\\\/wp-content\\\/uploads\\\/2020\\\/07\\\/acecamp_portable_sleeping_pad.jpg\",\"width\":700,\"height\":741},{\"@type\":\"BreadcrumbList\",\"@id\":\"https:\\\/\\\/xstyle.md\\\/product\\\/karemat-garmoshka-acecamp-portable-sleeping-pad\\\/#breadcrumb\",\"itemListElement\":[{\"@type\":\"ListItem\",\"position\":1,\"name\":\"\u0413\u043b\u0430\u0432\u043d\u0430\u044f \u0441\u0442\u0440\u0430\u043d\u0438\u0446\u0430\",\"item\":\"https:\\\/\\\/xstyle.md\\\/\"},{\"@type\":\"ListItem\",\"position\":2,\"name\":\"\u041c\u0430\u0433\u0430\u0437\u0438\u043d\",\"item\":\"https:\\\/\\\/xstyle.md\\\/shop\\\/\"},{\"@type\":\"ListItem\",\"position\":3,\"name\":\"\u041a\u043e\u0432\u0440\u0438\u043a \u0433\u0430\u0440\u043c\u043e\u0448\u043a\u0430 AceCamp Portable Sleeping Pad\"}]},{\"@type\":\"WebSite\",\"@id\":\"https:\\\/\\\/xstyle.md\\\/#website\",\"url\":\"https:\\\/\\\/xstyle.md\\\/\",\"name\":\"\u041c\u0430\u0433\u0430\u0437\u0438\u043d Xstyle\",\"description\":\"C\u043d\u0430\u0440\u044f\u0436\u0435\u043d\u0438\u0435 \u0434\u043b\u044f \u0442\u0443\u0440\u0438\u0437\u043c\u0430 \u0438 \u044d\u043a\u0441\u0442\u0440\u0435\u043c\u0430\u043b\u044c\u043d\u044b\u0445 \u0432\u0438\u0434\u043e\u0432 \u0441\u043f\u043e\u0440\u0442\u0430 \u0432 \u041c\u043e\u043b\u0434\u043e\u0432\u0435.. \u0426\u0435\u043d\u044b, \u0444\u043e\u0442\u043e, \u0445\u0430\u0440\u0430\u043a\u0442\u0435\u0440\u0438\u0441\u0442\u0438\u043a\u0438 \u0432 \u041c\u043e\u043b\u0434\u043e\u0432\u0435.\",\"publisher\":{\"@id\":\"https:\\\/\\\/xstyle.md\\\/#organization\"},\"alternateName\":\"X-Style\",\"potentialAction\":[{\"@type\":\"SearchAction\",\"target\":{\"@type\":\"EntryPoint\",\"urlTemplate\":\"https:\\\/\\\/xstyle.md\\\/?s={search_term_string}\"},\"query-input\":{\"@type\":\"PropertyValueSpecification\",\"valueRequired\":true,\"valueName\":\"search_term_string\"}}],\"inLanguage\":\"ro-RO\"},{\"@type\":\"Organization\",\"@id\":\"https:\\\/\\\/xstyle.md\\\/#organization\",\"name\":\"\u041c\u0430\u0433\u0430\u0437\u0438\u043d Xstyle\",\"alternateName\":\"x-style\",\"url\":\"https:\\\/\\\/xstyle.md\\\/\",\"logo\":{\"@type\":\"ImageObject\",\"inLanguage\":\"ro-RO\",\"@id\":\"https:\\\/\\\/xstyle.md\\\/#\\\/schema\\\/logo\\\/image\\\/\",\"url\":\"https:\\\/\\\/xstyle.md\\\/wp-content\\\/uploads\\\/2020\\\/06\\\/logoicon.svg\",\"contentUrl\":\"https:\\\/\\\/xstyle.md\\\/wp-content\\\/uploads\\\/2020\\\/06\\\/logoicon.svg\",\"caption\":\"\u041c\u0430\u0433\u0430\u0437\u0438\u043d Xstyle\"},\"image\":{\"@id\":\"https:\\\/\\\/xstyle.md\\\/#\\\/schema\\\/logo\\\/image\\\/\"},\"sameAs\":[\"https:\\\/\\\/www.facebook.com\\\/xstylemd\",\"https:\\\/\\\/www.instagram.com\\\/xstyle_md\\\/\",\"https:\\\/\\\/t.me\\\/xstyle_outdoor\"],\"hasMerchantReturnPolicy\":{\"@type\":\"MerchantReturnPolicy\",\"merchantReturnLink\":\"https:\\\/\\\/xstyle.md\\\/ro\\\/conditions\\\/\"}}]}<\/script>\n<meta property=\"product:price:amount\" content=\"495.00\" \/>\n<meta property=\"product:price:currency\" content=\"MDL\" \/>\n<meta property=\"og:availability\" content=\"out of stock\" \/>\n<meta property=\"product:availability\" content=\"out of stock\" \/>\n<meta property=\"product:retailer_item_id\" content=\"6932057839415\" \/>\n<meta property=\"product:condition\" content=\"new\" \/>\n<!-- \/ Yoast SEO plugin. -->","yoast_head_json":{"title":"Covoras pliabil AceCamp Portable Sleeping Pad - Magazin Xstyle","description":"Covorul pliant AceCamp - ultrau\u0219or \u0219i pliabil, ideal pentru camping, picnicuri \u0219i relaxare \u00een natur\u0103. Protejeaz\u0103 spatele \u0219i sacul de dormit de umezeal\u0103.","robots":{"index":"index","follow":"follow","max-snippet":"max-snippet:-1","max-image-preview":"max-image-preview:large","max-video-preview":"max-video-preview:-1"},"canonical":"https:\/\/xstyle.md\/ro\/produs\/karemat-garmoshka-acecamp-portable-sleeping-pad\/","og_locale":"ro_RO","og_type":"article","og_title":"\u041a\u043e\u0432\u0440\u0438\u043a \u0433\u0430\u0440\u043c\u043e\u0448\u043a\u0430 AceCamp Portable Sleeping Pad - \u041c\u0430\u0433\u0430\u0437\u0438\u043d Xstyle","og_description":"\u041a\u043e\u0432\u0440\u0438\u043a-\u0433\u0430\u0440\u043c\u043e\u0448\u043a\u0430 AceCamp - \u0443\u043b\u044c\u0442\u0440\u0430\u043b\u0435\u0433\u043a\u0438\u0439 \u0438 \u0441\u043a\u043b\u0430\u0434\u043d\u043e\u0439, \u0438\u0434\u0435\u0430\u043b\u0435\u043d \u0434\u043b\u044f camping, \u043f\u0438\u043a\u043d\u0438\u043a\u043e\u0432 \u0438 \u043e\u0442\u0434\u044b\u0445\u0430 \u043d\u0430 \u043f\u0440\u0438\u0440\u043e\u0434\u0435. \u0417\u0430\u0449\u0438\u0442\u0438\u0442 \u0441\u043f\u0438\u043d\u0443 \u0438 \u0441\u043f\u0430\u043b\u044c\u043d\u044b\u0439 \u043c\u0435\u0448\u043e\u043a \u043e\u0442 \u0432\u043b\u0430\u0433\u0438.","og_url":"https:\/\/xstyle.md\/ro\/produs\/karemat-garmoshka-acecamp-portable-sleeping-pad\/","og_site_name":"\u041c\u0430\u0433\u0430\u0437\u0438\u043d Xstyle","article_publisher":"https:\/\/www.facebook.com\/xstylemd","article_modified_time":"2025-07-14T16:50:07+00:00","og_image":[{"width":700,"height":741,"url":"https:\/\/xstyle.md\/wp-content\/uploads\/2020\/07\/acecamp_portable_sleeping_pad.jpg","type":"image\/jpeg"}],"twitter_card":"summary_large_image","twitter_misc":{"Pre\u021b":"495&nbsp;MDL","Disponibilitate":"Stoc epuizat"},"schema":{"@context":"https:\/\/schema.org","@graph":[{"@type":"WebPage","@id":"https:\/\/xstyle.md\/product\/karemat-garmoshka-acecamp-portable-sleeping-pad\/","url":"https:\/\/xstyle.md\/product\/karemat-garmoshka-acecamp-portable-sleeping-pad\/","name":"Covoras pliabil AceCamp Portable Sleeping Pad - Magazin Xstyle","isPartOf":{"@id":"https:\/\/xstyle.md\/#website"},"primaryImageOfPage":{"@id":"https:\/\/xstyle.md\/product\/karemat-garmoshka-acecamp-portable-sleeping-pad\/#primaryimage"},"image":{"@id":"https:\/\/xstyle.md\/product\/karemat-garmoshka-acecamp-portable-sleeping-pad\/#primaryimage"},"thumbnailUrl":"https:\/\/xstyle.md\/wp-content\/uploads\/2020\/07\/acecamp_portable_sleeping_pad.jpg","datePublished":"2020-07-19T12:25:40+00:00","dateModified":"2025-07-14T16:50:07+00:00","description":"Covorul pliant AceCamp - ultrau\u0219or \u0219i pliabil, ideal pentru camping, picnicuri \u0219i relaxare \u00een natur\u0103. Protejeaz\u0103 spatele \u0219i sacul de dormit de umezeal\u0103.","breadcrumb":{"@id":"https:\/\/xstyle.md\/product\/karemat-garmoshka-acecamp-portable-sleeping-pad\/#breadcrumb"},"inLanguage":"ro-RO","potentialAction":[{"@type":"ReadAction","target":["https:\/\/xstyle.md\/product\/karemat-garmoshka-acecamp-portable-sleeping-pad\/"]}]},{"@type":"ImageObject","inLanguage":"ro-RO","@id":"https:\/\/xstyle.md\/product\/karemat-garmoshka-acecamp-portable-sleeping-pad\/#primaryimage","url":"https:\/\/xstyle.md\/wp-content\/uploads\/2020\/07\/acecamp_portable_sleeping_pad.jpg","contentUrl":"https:\/\/xstyle.md\/wp-content\/uploads\/2020\/07\/acecamp_portable_sleeping_pad.jpg","width":700,"height":741},{"@type":"BreadcrumbList","@id":"https:\/\/xstyle.md\/product\/karemat-garmoshka-acecamp-portable-sleeping-pad\/#breadcrumb","itemListElement":[{"@type":"ListItem","position":1,"name":"\u0413\u043b\u0430\u0432\u043d\u0430\u044f \u0441\u0442\u0440\u0430\u043d\u0438\u0446\u0430","item":"https:\/\/xstyle.md\/"},{"@type":"ListItem","position":2,"name":"\u041c\u0430\u0433\u0430\u0437\u0438\u043d","item":"https:\/\/xstyle.md\/shop\/"},{"@type":"ListItem","position":3,"name":"\u041a\u043e\u0432\u0440\u0438\u043a \u0433\u0430\u0440\u043c\u043e\u0448\u043a\u0430 AceCamp Portable Sleeping Pad"}]},{"@type":"WebSite","@id":"https:\/\/xstyle.md\/#website","url":"https:\/\/xstyle.md\/","name":"Magazinul X-Style","description":"Echipamente pentru turism \u0219i sporturi extreme \u00een Moldova. Pre\u021buri, fotografii, caracteristici \u00een Moldova.","publisher":{"@id":"https:\/\/xstyle.md\/#organization"},"alternateName":"X-Style","potentialAction":[{"@type":"SearchAction","target":{"@type":"EntryPoint","urlTemplate":"https:\/\/xstyle.md\/?s={search_term_string}"},"query-input":{"@type":"PropertyValueSpecification","valueRequired":true,"valueName":"search_term_string"}}],"inLanguage":"ro-RO"},{"@type":"Organization","@id":"https:\/\/xstyle.md\/#organization","name":"Magazinul X-Style","alternateName":"x-style","url":"https:\/\/xstyle.md\/","logo":{"@type":"ImageObject","inLanguage":"ro-RO","@id":"https:\/\/xstyle.md\/#\/schema\/logo\/image\/","url":"https:\/\/xstyle.md\/wp-content\/uploads\/2020\/06\/logoicon.svg","contentUrl":"https:\/\/xstyle.md\/wp-content\/uploads\/2020\/06\/logoicon.svg","caption":"\u041c\u0430\u0433\u0430\u0437\u0438\u043d Xstyle"},"image":{"@id":"https:\/\/xstyle.md\/#\/schema\/logo\/image\/"},"sameAs":["https:\/\/www.facebook.com\/xstylemd","https:\/\/www.instagram.com\/xstyle_md\/","https:\/\/t.me\/xstyle_outdoor"],"hasMerchantReturnPolicy":{"@type":"MerchantReturnPolicy","merchantReturnLink":"https:\/\/xstyle.md\/ro\/conditions\/"}}]},"product_price_amount":"495.00","product_price_currency":"MDL","og_availability":"out of stock","product_availability":"out of stock","product_retailer_item_id":"6932057839415","product_condition":"new"},"post_mailing_queue_ids":[],"_links":{"self":[{"href":"https:\/\/xstyle.md\/ro\/wp-json\/wp\/v2\/product\/21844","targetHints":{"allow":["GET"]}}],"collection":[{"href":"https:\/\/xstyle.md\/ro\/wp-json\/wp\/v2\/product"}],"about":[{"href":"https:\/\/xstyle.md\/ro\/wp-json\/wp\/v2\/types\/product"}],"replies":[{"embeddable":true,"href":"https:\/\/xstyle.md\/ro\/wp-json\/wp\/v2\/comments?post=21844"}],"wp:featuredmedia":[{"embeddable":true,"href":"https:\/\/xstyle.md\/ro\/wp-json\/wp\/v2\/media\/21841"}],"wp:attachment":[{"href":"https:\/\/xstyle.md\/ro\/wp-json\/wp\/v2\/media?parent=21844"}],"wp:term":[{"taxonomy":"product_brand","embeddable":true,"href":"https:\/\/xstyle.md\/ro\/wp-json\/wp\/v2\/product_brand?post=21844"},{"taxonomy":"product_cat","embeddable":true,"href":"https:\/\/xstyle.md\/ro\/wp-json\/wp\/v2\/product_cat?post=21844"},{"taxonomy":"product_tag","embeddable":true,"href":"https:\/\/xstyle.md\/ro\/wp-json\/wp\/v2\/product_tag?post=21844"}],"curies":[{"name":"wp","href":"https:\/\/api.w.org\/{rel}","templated":true}]}}