{"id":21617,"date":"2020-07-18T18:39:19","date_gmt":"2020-07-18T15:39:19","guid":{"rendered":"https:\/\/xstyle.md\/product\/varezhki-detskie-ziener-lowik-mitten-pink"},"modified":"2026-03-19T16:38:57","modified_gmt":"2026-03-19T13:38:57","slug":"varezhki-detskie-ziener-lowik-mitten-pink","status":"publish","type":"product","link":"https:\/\/xstyle.md\/ro\/produs\/varezhki-detskie-ziener-lowik-mitten-pink\/","title":{"rendered":"M\u0103nu\u0219i Ziener Lowik pink dahlia"},"content":{"rendered":"<p><\/p>\n<p><strong>Ziener Lowik<\/strong> \u2013 m\u0103nu\u0219ile de schi ( cu un deget) pentru copii, extrem de c\u0103lduroase \u0219i moi, dotate cu membrana impermeabil\u0103 \u0219i rezistent\u0103 la v\u00e2nt Aquashield\u00ae. Aceasta asigur\u0103 un climat cald \u0219i uscat \u00een interiorul m\u0103nu\u0219ilor. Izola\u021bia ultra-c\u0103lduroas\u0103 PrimaLoft\u00ae \u0219i c\u0103ptu\u0219eala u\u0219oar\u0103 din plu\u0219 fac ca aceste m\u0103tinu\u021be s\u0103 fie alegerea ideal\u0103 pentru zilele geroase. Designul lor permite un transfer optim al for\u021bei \u0219i o aderen\u021b\u0103 excelent\u0103 pe be\u021bele de schi. Man\u0219etele lungi pot fi purtate peste m\u00e2neci \u0219i pot fi str\u00e2nse cu o singur\u0103 m\u00e2n\u0103 datorit\u0103 sistemului de blocare a \u0219nurului. Banda de reglare asigur\u0103 o fixare optim\u0103 pe \u00eencheietur\u0103, iar m\u0103tinu\u021bele pot fi securizate cu ajutorul curelelor Z-Leash.<\/p>\n<p>Aceste m\u0103nu\u0219i sunt concepute s\u0103 reziste solicit\u0103rilor zilnice \u00een condi\u021bii meteo extreme, oferind durabilitate maxim\u0103, confort de neegalat \u0219i func\u021bionalitate de clas\u0103 superioar\u0103.<\/p>\n<h3>Particularit\u0103\u021bi<\/h3>\n<ul>\n<li>C\u0103ldur\u0103 Extrem\u0103 &#8212; m\u0103nu\u0219i moi, cu man\u0219et\u0103 lung\u0103, ideale pentru temperaturi sc\u0103zute.<\/li>\n<li>Tehnologie Aquashield\u00ae &#8212; membran\u0103 impermeabil\u0103 care garanteaz\u0103 protec\u021bie \u00eempotriva umidit\u0103\u021bii.<\/li>\n<li>Izola\u021bie PrimaLoft\u00ae &#8212; c\u0103ptu\u0219eal\u0103 cald\u0103, completat\u0103 de un interior din plu\u0219 pentru un confort sporit.<\/li>\n<li>Man\u0219et\u0103 lat\u0103 &#8212; poate fi purtat\u0103 peste m\u00e2neca jachetei, acoperind antebra\u021bul pentru a preveni p\u0103trunderea z\u0103pezii.<\/li>\n<li>Sistem de ajustare rapid\u0103 &#8212; se str\u00e2ng u\u0219or cu ajutorul unei curele \u0219i a \u0219nurului elastic cu blocator.<\/li>\n<li>Leash (\u0218nur de siguran\u021b\u0103) &#8212; se fixeaz\u0103 pe \u00eencheietur\u0103 pentru a preveni pierderea m\u0103tinu\u021belor.<\/li>\n<li>Sistem de cuplare &#8212; prev\u0103zute cu o carabin\u0103 mic\u0103 pentru a fi p\u0103strate \u00eempreun\u0103.<\/li>\n<\/ul>\n<h3>Caracteristici<\/h3>\n<ul>\n<li>Material- Poliester<\/li>\n<li>Destina\u021bie &#8212; Schi alpin<\/li>\n<li>Model &#8212; Junior<\/li>\n<\/ul>\n<h3>Tehnologii<\/h3>\n<ul>\n<li><strong>Thermoshield<\/strong>\u00ae \u2013 un strat izolator special care asigur\u0103 reten\u021bia maxim\u0103 a c\u0103ldurii \u00een interior.<\/li>\n<li><strong>Aquashield<\/strong>\u00ae &#8212; utilizeaz\u0103 o membran\u0103 performant\u0103, care este at\u00e2t impermeabil\u0103, c\u00e2t \u0219i rezistent\u0103 la v\u00e2nt, fiind special conceput\u0103 pentru a corpul cald \u0219i uscat \u00een condi\u021bii meteo extreme. Aceasta asigur\u0103 un echilibru optim \u00eentre protec\u021bia exterioar\u0103 \u0219i respirabilitatea interioar\u0103, evacu\u00e2nd eficient umiditatea pentru un confort termic de durat\u0103 pe p\u00e2rtie.<\/li>\n<li><strong>PrimaLoft<\/strong>\u00ae &#8212; este un material sintetic care posed\u0103 propriet\u0103\u021bi termoizolante superioare. Testele de laborator au demonstrat c\u0103 PrimaLoft ofer\u0103 exact aceea\u0219i fine\u021be precum puful de g\u00e2sc\u0103, fiind mult mai moale dec\u00e2t alte materiale izolatoare similare. Datorit\u0103 acestei caracteristici, toate produsele fabricate din acest material iau forma necesar\u0103: articolele de \u00eembr\u0103c\u0103minte se a\u0219az\u0103 perfect pe corp, oferind o potrivire anatomic\u0103 excelent\u0103.<br \/>\n<\/li>\n<\/ul>\n<h3>Marca<\/h3>\n<p>Ziener - marc\u0103 german\u0103 care produce m\u0103nu\u0219i \u0219i \u00eembr\u0103c\u0103minte pentru schi. Istoria companiei a \u00eenceput \u00een anul 1946 cu un atelier care producea m\u0103nu\u0219i pentru utilizare zilnic\u0103. Ulterior, compania a \u00eenceput s\u0103 produc\u0103 m\u0103nu\u0219i de schi de \u00eenalt\u0103 calitate, lucrate manual.<\/p>\n<p>\u00cembr\u0103c\u0103mintea de schi Ziener se distinge prin utilizarea noilor tehnologii \u0219i prin func\u021bionalitatea detaliilor de marc\u0103. Fiecare colec\u021bie de \u00eembr\u0103c\u0103minte de schi Ziener are culori moderne \u0219i o combina\u021bie neobi\u0219nuit\u0103 de materiale \u0219i imprimeuri. La crearea produselor se folose\u0219te tehnologia Thermoshield, care v\u0103 permite s\u0103 p\u0103stra\u021bi c\u0103ldura \u00een interiorul produsului c\u00e2t mai mult posibil. Partenerii companiei sunt: \u200b\u200bGore-Tex, NANOtex \u0219i Primaloft.<\/p>\n<p>\u00cen prezent, brandul Ziener este unul dintre liderii pie\u021bei europene de m\u0103nu\u0219i pentru sporturile de iarn\u0103. Produsele companiei sunt prezente \u00een numeroase \u021b\u0103ri din \u00eentreaga lume.<\/p>","protected":false},"excerpt":{"rendered":"<p>\u0412\u0430\u0440\u0435\u0436\u043a\u0438 Ziener Lowik Mitten pink dahlia<\/p>","protected":false},"featured_media":21616,"comment_status":"open","ping_status":"closed","template":"","meta":{"_acf_changed":false,"inline_featured_image":false},"product_brand":[1313],"product_cat":[869],"product_tag":[],"class_list":{"0":"post-21617","1":"product","2":"type-product","3":"status-publish","4":"has-post-thumbnail","6":"product_brand-ziener","7":"product_cat-ski-gloves-baby","9":"first","10":"instock","11":"shipping-taxable","12":"purchasable","13":"product-type-simple"},"acf":[],"yoast_head":"<!-- This site is optimized with the Yoast SEO plugin v27.4 - https:\/\/yoast.com\/product\/yoast-seo-wordpress\/ -->\n<title>\u0412\u0430\u0440\u0435\u0436\u043a\u0438 Ziener Lowik pink dahlia - \u041c\u0430\u0433\u0430\u0437\u0438\u043d Xstyle<\/title>\n<meta name=\"description\" content=\"\u0412\u0430\u0440\u0435\u0436\u043a\u0438 Ziener Lowik pink dahlia - \u0438\u0434\u0435\u0430\u043b\u044c\u043d\u044b\u0439 \u0432\u044b\u0431\u043e\u0440 \u0434\u043b\u044f \u0437\u0438\u043c\u043d\u0438\u0445 \u0432\u0438\u0434\u043e\u0432 \u0441\u043f\u043e\u0440\u0442\u0430. \u041e\u0431\u0435\u0441\u043f\u0435\u0447\u0438\u0432\u0430\u044e\u0442 \u0432\u0435\u043b\u0438\u043a\u043e\u043b\u0435\u043f\u043d\u044b\u0439 \u043a\u043e\u043c\u0444\u043e\u0440\u0442, \u0442\u0435\u043f\u043b\u043e \u0438 \u0437\u0430\u0449\u0438\u0442\u0443 \u0441 \u0442\u0435\u0445\u043d\u043e\u043b\u043e\u0433\u0438\u044f\u043c\u0438 Aquashield \u0438 PrimaLoft.\" \/>\n<meta name=\"robots\" content=\"index, follow, max-snippet:-1, max-image-preview:large, max-video-preview:-1\" \/>\n<link rel=\"canonical\" href=\"https:\/\/xstyle.md\/ro\/produs\/varezhki-detskie-ziener-lowik-mitten-pink\/\" \/>\n<meta property=\"og:locale\" content=\"ro_RO\" \/>\n<meta property=\"og:type\" content=\"article\" \/>\n<meta property=\"og:title\" content=\"\u0412\u0430\u0440\u0435\u0436\u043a\u0438 Ziener Lowik pink dahlia - \u041c\u0430\u0433\u0430\u0437\u0438\u043d Xstyle\" \/>\n<meta property=\"og:description\" content=\"\u0412\u0430\u0440\u0435\u0436\u043a\u0438 Ziener Lowik pink dahlia - \u0438\u0434\u0435\u0430\u043b\u044c\u043d\u044b\u0439 \u0432\u044b\u0431\u043e\u0440 \u0434\u043b\u044f \u0437\u0438\u043c\u043d\u0438\u0445 \u0432\u0438\u0434\u043e\u0432 \u0441\u043f\u043e\u0440\u0442\u0430. \u041e\u0431\u0435\u0441\u043f\u0435\u0447\u0438\u0432\u0430\u044e\u0442 \u0432\u0435\u043b\u0438\u043a\u043e\u043b\u0435\u043f\u043d\u044b\u0439 \u043a\u043e\u043c\u0444\u043e\u0440\u0442, \u0442\u0435\u043f\u043b\u043e \u0438 \u0437\u0430\u0449\u0438\u0442\u0443 \u0441 \u0442\u0435\u0445\u043d\u043e\u043b\u043e\u0433\u0438\u044f\u043c\u0438 Aquashield \u0438 PrimaLoft.\" \/>\n<meta property=\"og:url\" content=\"https:\/\/xstyle.md\/ro\/produs\/varezhki-detskie-ziener-lowik-mitten-pink\/\" \/>\n<meta property=\"og:site_name\" content=\"\u041c\u0430\u0433\u0430\u0437\u0438\u043d Xstyle\" \/>\n<meta property=\"article:publisher\" content=\"https:\/\/www.facebook.com\/xstylemd\" \/>\n<meta property=\"article:modified_time\" content=\"2026-03-19T13:38:57+00:00\" \/>\n<meta property=\"og:image\" content=\"https:\/\/xstyle.md\/wp-content\/uploads\/2020\/07\/191903_256.jpg\" \/>\n\t<meta property=\"og:image:width\" content=\"800\" \/>\n\t<meta property=\"og:image:height\" content=\"800\" \/>\n\t<meta property=\"og:image:type\" content=\"image\/jpeg\" \/>\n<meta name=\"twitter:card\" content=\"summary_large_image\" \/>\n<meta name=\"twitter:label1\" content=\"Pre\u021b\" \/>\n\t<meta name=\"twitter:data1\" content=\"650&nbsp;MDL\" \/>\n\t<meta name=\"twitter:label2\" content=\"Disponibilitate\" \/>\n\t<meta name=\"twitter:data2\" content=\"\u00cen stoc\" \/>\n<script type=\"application\/ld+json\" class=\"yoast-schema-graph\">{\"@context\":\"https:\\\/\\\/schema.org\",\"@graph\":[{\"@type\":\"WebPage\",\"@id\":\"https:\\\/\\\/xstyle.md\\\/product\\\/varezhki-detskie-ziener-lowik-mitten-pink\\\/\",\"url\":\"https:\\\/\\\/xstyle.md\\\/product\\\/varezhki-detskie-ziener-lowik-mitten-pink\\\/\",\"name\":\"\u0412\u0430\u0440\u0435\u0436\u043a\u0438 Ziener Lowik pink dahlia - \u041c\u0430\u0433\u0430\u0437\u0438\u043d Xstyle\",\"isPartOf\":{\"@id\":\"https:\\\/\\\/xstyle.md\\\/#website\"},\"primaryImageOfPage\":{\"@id\":\"https:\\\/\\\/xstyle.md\\\/product\\\/varezhki-detskie-ziener-lowik-mitten-pink\\\/#primaryimage\"},\"image\":{\"@id\":\"https:\\\/\\\/xstyle.md\\\/product\\\/varezhki-detskie-ziener-lowik-mitten-pink\\\/#primaryimage\"},\"thumbnailUrl\":\"https:\\\/\\\/xstyle.md\\\/wp-content\\\/uploads\\\/2020\\\/07\\\/191903_256.jpg\",\"datePublished\":\"2020-07-18T15:39:19+00:00\",\"dateModified\":\"2026-03-19T13:38:57+00:00\",\"description\":\"\u0412\u0430\u0440\u0435\u0436\u043a\u0438 Ziener Lowik pink dahlia - \u0438\u0434\u0435\u0430\u043b\u044c\u043d\u044b\u0439 \u0432\u044b\u0431\u043e\u0440 \u0434\u043b\u044f \u0437\u0438\u043c\u043d\u0438\u0445 \u0432\u0438\u0434\u043e\u0432 \u0441\u043f\u043e\u0440\u0442\u0430. \u041e\u0431\u0435\u0441\u043f\u0435\u0447\u0438\u0432\u0430\u044e\u0442 \u0432\u0435\u043b\u0438\u043a\u043e\u043b\u0435\u043f\u043d\u044b\u0439 \u043a\u043e\u043c\u0444\u043e\u0440\u0442, \u0442\u0435\u043f\u043b\u043e \u0438 \u0437\u0430\u0449\u0438\u0442\u0443 \u0441 \u0442\u0435\u0445\u043d\u043e\u043b\u043e\u0433\u0438\u044f\u043c\u0438 Aquashield \u0438 PrimaLoft.\",\"breadcrumb\":{\"@id\":\"https:\\\/\\\/xstyle.md\\\/product\\\/varezhki-detskie-ziener-lowik-mitten-pink\\\/#breadcrumb\"},\"inLanguage\":\"ro-RO\",\"potentialAction\":[{\"@type\":\"ReadAction\",\"target\":[\"https:\\\/\\\/xstyle.md\\\/product\\\/varezhki-detskie-ziener-lowik-mitten-pink\\\/\"]}]},{\"@type\":\"ImageObject\",\"inLanguage\":\"ro-RO\",\"@id\":\"https:\\\/\\\/xstyle.md\\\/product\\\/varezhki-detskie-ziener-lowik-mitten-pink\\\/#primaryimage\",\"url\":\"https:\\\/\\\/xstyle.md\\\/wp-content\\\/uploads\\\/2020\\\/07\\\/191903_256.jpg\",\"contentUrl\":\"https:\\\/\\\/xstyle.md\\\/wp-content\\\/uploads\\\/2020\\\/07\\\/191903_256.jpg\",\"width\":800,\"height\":800},{\"@type\":\"BreadcrumbList\",\"@id\":\"https:\\\/\\\/xstyle.md\\\/product\\\/varezhki-detskie-ziener-lowik-mitten-pink\\\/#breadcrumb\",\"itemListElement\":[{\"@type\":\"ListItem\",\"position\":1,\"name\":\"\u0413\u043b\u0430\u0432\u043d\u0430\u044f \u0441\u0442\u0440\u0430\u043d\u0438\u0446\u0430\",\"item\":\"https:\\\/\\\/xstyle.md\\\/\"},{\"@type\":\"ListItem\",\"position\":2,\"name\":\"\u041c\u0430\u0433\u0430\u0437\u0438\u043d\",\"item\":\"https:\\\/\\\/xstyle.md\\\/shop\\\/\"},{\"@type\":\"ListItem\",\"position\":3,\"name\":\"\u0412\u0430\u0440\u0435\u0436\u043a\u0438 Ziener Lowik pink dahlia\"}]},{\"@type\":\"WebSite\",\"@id\":\"https:\\\/\\\/xstyle.md\\\/#website\",\"url\":\"https:\\\/\\\/xstyle.md\\\/\",\"name\":\"\u041c\u0430\u0433\u0430\u0437\u0438\u043d Xstyle\",\"description\":\"C\u043d\u0430\u0440\u044f\u0436\u0435\u043d\u0438\u0435 \u0434\u043b\u044f \u0442\u0443\u0440\u0438\u0437\u043c\u0430 \u0438 \u044d\u043a\u0441\u0442\u0440\u0435\u043c\u0430\u043b\u044c\u043d\u044b\u0445 \u0432\u0438\u0434\u043e\u0432 \u0441\u043f\u043e\u0440\u0442\u0430 \u0432 \u041c\u043e\u043b\u0434\u043e\u0432\u0435.. \u0426\u0435\u043d\u044b, \u0444\u043e\u0442\u043e, \u0445\u0430\u0440\u0430\u043a\u0442\u0435\u0440\u0438\u0441\u0442\u0438\u043a\u0438 \u0432 \u041c\u043e\u043b\u0434\u043e\u0432\u0435.\",\"publisher\":{\"@id\":\"https:\\\/\\\/xstyle.md\\\/#organization\"},\"alternateName\":\"X-Style\",\"potentialAction\":[{\"@type\":\"SearchAction\",\"target\":{\"@type\":\"EntryPoint\",\"urlTemplate\":\"https:\\\/\\\/xstyle.md\\\/?s={search_term_string}\"},\"query-input\":{\"@type\":\"PropertyValueSpecification\",\"valueRequired\":true,\"valueName\":\"search_term_string\"}}],\"inLanguage\":\"ro-RO\"},{\"@type\":\"Organization\",\"@id\":\"https:\\\/\\\/xstyle.md\\\/#organization\",\"name\":\"\u041c\u0430\u0433\u0430\u0437\u0438\u043d Xstyle\",\"alternateName\":\"x-style\",\"url\":\"https:\\\/\\\/xstyle.md\\\/\",\"logo\":{\"@type\":\"ImageObject\",\"inLanguage\":\"ro-RO\",\"@id\":\"https:\\\/\\\/xstyle.md\\\/#\\\/schema\\\/logo\\\/image\\\/\",\"url\":\"https:\\\/\\\/xstyle.md\\\/wp-content\\\/uploads\\\/2020\\\/06\\\/logoicon.svg\",\"contentUrl\":\"https:\\\/\\\/xstyle.md\\\/wp-content\\\/uploads\\\/2020\\\/06\\\/logoicon.svg\",\"caption\":\"\u041c\u0430\u0433\u0430\u0437\u0438\u043d Xstyle\"},\"image\":{\"@id\":\"https:\\\/\\\/xstyle.md\\\/#\\\/schema\\\/logo\\\/image\\\/\"},\"sameAs\":[\"https:\\\/\\\/www.facebook.com\\\/xstylemd\",\"https:\\\/\\\/www.instagram.com\\\/xstyle_md\\\/\",\"https:\\\/\\\/t.me\\\/xstyle_outdoor\"],\"hasMerchantReturnPolicy\":{\"@type\":\"MerchantReturnPolicy\",\"merchantReturnLink\":\"https:\\\/\\\/xstyle.md\\\/ro\\\/conditions\\\/\"}}]}<\/script>\n<meta property=\"product:price:amount\" content=\"650.00\" \/>\n<meta property=\"product:price:currency\" content=\"MDL\" \/>\n<meta property=\"og:availability\" content=\"instock\" \/>\n<meta property=\"product:availability\" content=\"instock\" \/>\n<meta property=\"product:retailer_item_id\" content=\"4059749797944\" \/>\n<meta property=\"product:condition\" content=\"new\" \/>\n<!-- \/ Yoast SEO plugin. -->","yoast_head_json":{"title":"M\u0103nu\u0219i copii Ziener Lowik Pink - Magazin Xstyle","description":"M\u0103nu\u0219ile Ziener Lowik pink dahlia sunt alegerea perfect\u0103 pentru sporturile de iarn\u0103. Ofer\u0103 un confort excelent, c\u0103ldur\u0103 \u0219i protec\u021bie cu tehnologiile Aquashield \u0219i PrimaLoft.","robots":{"index":"index","follow":"follow","max-snippet":"max-snippet:-1","max-image-preview":"max-image-preview:large","max-video-preview":"max-video-preview:-1"},"canonical":"https:\/\/xstyle.md\/ro\/produs\/varezhki-detskie-ziener-lowik-mitten-pink\/","og_locale":"ro_RO","og_type":"article","og_title":"\u0412\u0430\u0440\u0435\u0436\u043a\u0438 Ziener Lowik pink dahlia - \u041c\u0430\u0433\u0430\u0437\u0438\u043d Xstyle","og_description":"\u0412\u0430\u0440\u0435\u0436\u043a\u0438 Ziener Lowik pink dahlia - \u0438\u0434\u0435\u0430\u043b\u044c\u043d\u044b\u0439 \u0432\u044b\u0431\u043e\u0440 \u0434\u043b\u044f \u0437\u0438\u043c\u043d\u0438\u0445 \u0432\u0438\u0434\u043e\u0432 \u0441\u043f\u043e\u0440\u0442\u0430. \u041e\u0431\u0435\u0441\u043f\u0435\u0447\u0438\u0432\u0430\u044e\u0442 \u0432\u0435\u043b\u0438\u043a\u043e\u043b\u0435\u043f\u043d\u044b\u0439 \u043a\u043e\u043c\u0444\u043e\u0440\u0442, \u0442\u0435\u043f\u043b\u043e \u0438 \u0437\u0430\u0449\u0438\u0442\u0443 \u0441 \u0442\u0435\u0445\u043d\u043e\u043b\u043e\u0433\u0438\u044f\u043c\u0438 Aquashield \u0438 PrimaLoft.","og_url":"https:\/\/xstyle.md\/ro\/produs\/varezhki-detskie-ziener-lowik-mitten-pink\/","og_site_name":"\u041c\u0430\u0433\u0430\u0437\u0438\u043d Xstyle","article_publisher":"https:\/\/www.facebook.com\/xstylemd","article_modified_time":"2026-03-19T13:38:57+00:00","og_image":[{"width":800,"height":800,"url":"https:\/\/xstyle.md\/wp-content\/uploads\/2020\/07\/191903_256.jpg","type":"image\/jpeg"}],"twitter_card":"summary_large_image","twitter_misc":{"Pre\u021b":"650&nbsp;MDL","Disponibilitate":"\u00cen stoc"},"schema":{"@context":"https:\/\/schema.org","@graph":[{"@type":"WebPage","@id":"https:\/\/xstyle.md\/product\/varezhki-detskie-ziener-lowik-mitten-pink\/","url":"https:\/\/xstyle.md\/product\/varezhki-detskie-ziener-lowik-mitten-pink\/","name":"M\u0103nu\u0219i copii Ziener Lowik Pink - Magazin Xstyle","isPartOf":{"@id":"https:\/\/xstyle.md\/#website"},"primaryImageOfPage":{"@id":"https:\/\/xstyle.md\/product\/varezhki-detskie-ziener-lowik-mitten-pink\/#primaryimage"},"image":{"@id":"https:\/\/xstyle.md\/product\/varezhki-detskie-ziener-lowik-mitten-pink\/#primaryimage"},"thumbnailUrl":"https:\/\/xstyle.md\/wp-content\/uploads\/2020\/07\/191903_256.jpg","datePublished":"2020-07-18T15:39:19+00:00","dateModified":"2026-03-19T13:38:57+00:00","description":"M\u0103nu\u0219ile Ziener Lowik pink dahlia sunt alegerea perfect\u0103 pentru sporturile de iarn\u0103. Ofer\u0103 un confort excelent, c\u0103ldur\u0103 \u0219i protec\u021bie cu tehnologiile Aquashield \u0219i PrimaLoft.","breadcrumb":{"@id":"https:\/\/xstyle.md\/product\/varezhki-detskie-ziener-lowik-mitten-pink\/#breadcrumb"},"inLanguage":"ro-RO","potentialAction":[{"@type":"ReadAction","target":["https:\/\/xstyle.md\/product\/varezhki-detskie-ziener-lowik-mitten-pink\/"]}]},{"@type":"ImageObject","inLanguage":"ro-RO","@id":"https:\/\/xstyle.md\/product\/varezhki-detskie-ziener-lowik-mitten-pink\/#primaryimage","url":"https:\/\/xstyle.md\/wp-content\/uploads\/2020\/07\/191903_256.jpg","contentUrl":"https:\/\/xstyle.md\/wp-content\/uploads\/2020\/07\/191903_256.jpg","width":800,"height":800},{"@type":"BreadcrumbList","@id":"https:\/\/xstyle.md\/product\/varezhki-detskie-ziener-lowik-mitten-pink\/#breadcrumb","itemListElement":[{"@type":"ListItem","position":1,"name":"\u0413\u043b\u0430\u0432\u043d\u0430\u044f \u0441\u0442\u0440\u0430\u043d\u0438\u0446\u0430","item":"https:\/\/xstyle.md\/"},{"@type":"ListItem","position":2,"name":"\u041c\u0430\u0433\u0430\u0437\u0438\u043d","item":"https:\/\/xstyle.md\/shop\/"},{"@type":"ListItem","position":3,"name":"\u0412\u0430\u0440\u0435\u0436\u043a\u0438 Ziener Lowik pink dahlia"}]},{"@type":"WebSite","@id":"https:\/\/xstyle.md\/#website","url":"https:\/\/xstyle.md\/","name":"Magazinul X-Style","description":"Echipamente pentru turism \u0219i sporturi extreme \u00een Moldova. Pre\u021buri, fotografii, caracteristici \u00een Moldova.","publisher":{"@id":"https:\/\/xstyle.md\/#organization"},"alternateName":"X-Style","potentialAction":[{"@type":"SearchAction","target":{"@type":"EntryPoint","urlTemplate":"https:\/\/xstyle.md\/?s={search_term_string}"},"query-input":{"@type":"PropertyValueSpecification","valueRequired":true,"valueName":"search_term_string"}}],"inLanguage":"ro-RO"},{"@type":"Organization","@id":"https:\/\/xstyle.md\/#organization","name":"Magazinul X-Style","alternateName":"x-style","url":"https:\/\/xstyle.md\/","logo":{"@type":"ImageObject","inLanguage":"ro-RO","@id":"https:\/\/xstyle.md\/#\/schema\/logo\/image\/","url":"https:\/\/xstyle.md\/wp-content\/uploads\/2020\/06\/logoicon.svg","contentUrl":"https:\/\/xstyle.md\/wp-content\/uploads\/2020\/06\/logoicon.svg","caption":"\u041c\u0430\u0433\u0430\u0437\u0438\u043d Xstyle"},"image":{"@id":"https:\/\/xstyle.md\/#\/schema\/logo\/image\/"},"sameAs":["https:\/\/www.facebook.com\/xstylemd","https:\/\/www.instagram.com\/xstyle_md\/","https:\/\/t.me\/xstyle_outdoor"],"hasMerchantReturnPolicy":{"@type":"MerchantReturnPolicy","merchantReturnLink":"https:\/\/xstyle.md\/ro\/conditions\/"}}]},"product_price_amount":"650.00","product_price_currency":"MDL","og_availability":"instock","product_availability":"instock","product_retailer_item_id":"4059749797944","product_condition":"new"},"_links":{"self":[{"href":"https:\/\/xstyle.md\/ro\/wp-json\/wp\/v2\/product\/21617","targetHints":{"allow":["GET"]}}],"collection":[{"href":"https:\/\/xstyle.md\/ro\/wp-json\/wp\/v2\/product"}],"about":[{"href":"https:\/\/xstyle.md\/ro\/wp-json\/wp\/v2\/types\/product"}],"replies":[{"embeddable":true,"href":"https:\/\/xstyle.md\/ro\/wp-json\/wp\/v2\/comments?post=21617"}],"wp:featuredmedia":[{"embeddable":true,"href":"https:\/\/xstyle.md\/ro\/wp-json\/wp\/v2\/media\/21616"}],"wp:attachment":[{"href":"https:\/\/xstyle.md\/ro\/wp-json\/wp\/v2\/media?parent=21617"}],"wp:term":[{"taxonomy":"product_brand","embeddable":true,"href":"https:\/\/xstyle.md\/ro\/wp-json\/wp\/v2\/product_brand?post=21617"},{"taxonomy":"product_cat","embeddable":true,"href":"https:\/\/xstyle.md\/ro\/wp-json\/wp\/v2\/product_cat?post=21617"},{"taxonomy":"product_tag","embeddable":true,"href":"https:\/\/xstyle.md\/ro\/wp-json\/wp\/v2\/product_tag?post=21617"}],"curies":[{"name":"wp","href":"https:\/\/api.w.org\/{rel}","templated":true}]}}