{"id":21152,"date":"2020-07-18T18:10:02","date_gmt":"2020-07-18T15:10:02","guid":{"rendered":"https:\/\/xstyle.md\/product\/kurtka-marmot-w-montreal-coat-midnight-navy"},"modified":"2026-01-09T12:59:03","modified_gmt":"2026-01-09T09:59:03","slug":"marmot-montreal-coat-wmn-midnight-navy","status":"publish","type":"product","link":"https:\/\/xstyle.md\/ro\/produs\/marmot-montreal-coat-wmn-midnight-navy\/","title":{"rendered":"Geac\u0103 Marmot Montreal Coat Wmn Midnight Navy"},"content":{"rendered":"<\/p>\n<p><strong>Marmot Montreal Coat midnight navy<\/strong>\u00a0&#8212; ofer\u0103 protec\u021bie complet\u0103 \u00eempotriva intemperiilor cu materialul s\u0103u rezistent la ap\u0103 \u0219i noul puf de g\u00e2sc\u0103 700 FP de calitate superioar\u0103, care a fost prelucrat special pentru rezisten\u021b\u0103 la umiditate; c\u0103ptu\u0219eal\u0103 de plu\u0219 c\u0103lduroas\u0103, buzunare confortabile.<\/p>\n<h3>Particularit\u0103\u021bi<\/h3>\n<ul>\n<li>Glug\u0103 deta\u0219abil\u0103, c\u0103ptu\u0219it\u0103 \u00een jos, izolat\u0103 termic cu blan\u0103 \u0219i m\u0103rgini deta\u0219abile;<\/li>\n<li>700 FP puf de g\u00e2sc\u0103 cu tehnologie de protec\u021bie a pufului;<\/li>\n<li>Buzunar cald pentru m\u00e2n\u0103 cu fermoar c\u0103ptu\u0219it cu microfleece;<\/li>\n<li>Buzunar cu fermoar intern;<\/li>\n<li>Buzunar interior pentru obiecte mici;<\/li>\n<li>C\u0103ptu\u0219eal\u0103 fleece de plu\u0219 la talie;<\/li>\n<li>Man\u0219ete interioare din microfleece.<\/li>\n<\/ul>\n<h3>Caracteristici<\/h3>\n<ul>\n<li>Material &#8212; 100% Poliester Ripstop;<\/li>\n<li>Izolant termic &#8212;\u00a0700 Fill Power;<\/li>\n<li>Model - pentru femei.<\/li>\n<\/ul>\n<h3>Tehnologie<\/h3>\n<ul>\n<li><strong>Fill Power &#8212;<\/strong>o caracteristic\u0103 care descrie capacitatea unei mase limitate de puf de a umple un anumit volum. Semnifica\u021bia fizic\u0103 Fill Power \u2013 este volumul \u00een inchi cubi ocupat de o uncie de puf. Cu c\u00e2t Fill Power este mai mare, cu at\u00e2t este considerat\u0103 o calitate mai bun\u0103 a pufului. Echipamentele Outdoor se folosesc cu valori de Fill Power de cel pu\u021bin 550 de unit\u0103\u021bi, valorile de Fill Power de 650 de unit\u0103\u021bi \u0219i mai sus sunt considerate bune. Puful cu valori ridicate Fill Power se distinge nu numai printr-un volum mare pe unitate de mas\u0103, ci \u0219i printr-un nivel mai sc\u0103zut de rezisten\u021b\u0103 termic\u0103 pe unitate de grosime \u00een compara\u021bie cu valorile standard.<\/li>\n<\/ul>\n<h3>Marca<\/h3>\n<p>\u00cen urm\u0103 cu cincizeci de ani, brandul american Marmot a schimbat percep\u021bia lumii \u00eentregi despre echipamentul \u0219i \u00eembr\u0103c\u0103mintea pentru alpinism. Fondatorii m\u0103rcii, Dave Huntley \u0219i Santa Cruz Reynolds, \u00een timp ce erau studen\u021bi, f\u0103ceau adesea drume\u021bii \u0219i cucereau v\u00e2rfurile muntoase. Cu toate acestea, hainele, care la acea vreme erau considerate cele mai bune, nu li se potriveau deloc, a\u0219a c\u0103 prietenii au decis s\u0103-\u0219i creeze propria linie de haine c\u0103lduroase. Tocmai aceast\u0103 dorin\u021b\u0103 de a se asigura de confort \u00een timpul c\u0103l\u0103toriilor a dus la faptul c\u0103 \u00een 1971 prietenii \u0219i-au creat propria produc\u021bie mic\u0103, care a devenit o companie mare, ale c\u0103rei produse sunt v\u00e2ndute \u00een peste 30 de \u021b\u0103ri ale lumii.<\/p>\n<p>Marmot fabric\u0103 produse de care depinde adesea via\u021ba sportivilor extremi, urc\u00e2nd pe cele mai \u00eenalte v\u00e2rfuri \u0219i c\u0103l\u0103torind \u00een cele mai dificile \u0219i inaccesibile zone ale planetei. Compania a stabilit un standard serios de calitate \u00een produc\u021bia de echipamente profesionale de alpinism \u0219i \u00eel de\u021bine \u00een toate celelalte produse ale sale. Principiile de baz\u0103 ale Marmot sunt calitatea \u00eenalt\u0103, respectarea celor mai stricte standarde interna\u021bionale, func\u021bionalitatea impecabil\u0103, respectarea mediului \u0219i durata lung\u0103 de via\u021b\u0103 a produselor.<\/p>\n<p><\/p>","protected":false},"excerpt":{"rendered":"<p>Geac\u0103 Marmot Montreal Coat Wmn Midnight Navy<\/p>","protected":false},"featured_media":53941,"comment_status":"open","ping_status":"closed","template":"","meta":{"_acf_changed":false,"inline_featured_image":false},"product_brand":[1266],"product_cat":[495],"product_tag":[],"class_list":{"0":"post-21152","1":"product","2":"type-product","3":"status-publish","4":"has-post-thumbnail","6":"product_brand-marmot","7":"product_cat-down-jackets-femei","9":"first","10":"outofstock","11":"shipping-taxable","12":"product-type-simple"},"acf":[],"yoast_head":"<!-- This site is optimized with the Yoast SEO plugin v27.4 - https:\/\/yoast.com\/product\/yoast-seo-wordpress\/ -->\n<title>\u041a\u0443\u0440\u0442\u043a\u0430 Marmot Montreal Coat Wmn midnight navy - \u041c\u0430\u0433\u0430\u0437\u0438\u043d Xstyle<\/title>\n<meta name=\"description\" content=\"\u041a\u0443\u0440\u0442\u043a\u0430 Marmot Montreal Coat Wmn midnight navy \u2014 \u0441\u0442\u0438\u043b\u044c\u043d\u0430\u044f \u0438 \u043f\u0440\u043e\u0447\u043d\u0430\u044f, \u0441 \u0443\u0442\u0435\u043f\u043b\u0438\u0442\u0435\u043b\u0435\u043c 700 FP. \u0418\u0434\u0435\u0430\u043b\u044c\u043d\u0430 \u0434\u043b\u044f \u0437\u0430\u0449\u0438\u0442\u044b \u043e\u0442 \u0434\u043e\u0436\u0434\u044f \u0438 \u0445\u043e\u043b\u043e\u0434\u0430 \u043d\u0430 \u043f\u0440\u0438\u0440\u043e\u0434\u0435.\" \/>\n<meta name=\"robots\" content=\"index, follow, max-snippet:-1, max-image-preview:large, max-video-preview:-1\" \/>\n<link rel=\"canonical\" href=\"https:\/\/xstyle.md\/ro\/produs\/marmot-montreal-coat-wmn-midnight-navy\/\" \/>\n<meta property=\"og:locale\" content=\"ro_RO\" \/>\n<meta property=\"og:type\" content=\"article\" \/>\n<meta property=\"og:title\" content=\"\u041a\u0443\u0440\u0442\u043a\u0430 Marmot Montreal Coat Wmn midnight navy - \u041c\u0430\u0433\u0430\u0437\u0438\u043d Xstyle\" \/>\n<meta property=\"og:description\" content=\"\u041a\u0443\u0440\u0442\u043a\u0430 Marmot Montreal Coat Wmn midnight navy \u2014 \u0441\u0442\u0438\u043b\u044c\u043d\u0430\u044f \u0438 \u043f\u0440\u043e\u0447\u043d\u0430\u044f, \u0441 \u0443\u0442\u0435\u043f\u043b\u0438\u0442\u0435\u043b\u0435\u043c 700 FP. \u0418\u0434\u0435\u0430\u043b\u044c\u043d\u0430 \u0434\u043b\u044f \u0437\u0430\u0449\u0438\u0442\u044b \u043e\u0442 \u0434\u043e\u0436\u0434\u044f \u0438 \u0445\u043e\u043b\u043e\u0434\u0430 \u043d\u0430 \u043f\u0440\u0438\u0440\u043e\u0434\u0435.\" \/>\n<meta property=\"og:url\" content=\"https:\/\/xstyle.md\/ro\/produs\/marmot-montreal-coat-wmn-midnight-navy\/\" \/>\n<meta property=\"og:site_name\" content=\"\u041c\u0430\u0433\u0430\u0437\u0438\u043d Xstyle\" \/>\n<meta property=\"article:publisher\" content=\"https:\/\/www.facebook.com\/xstylemd\" \/>\n<meta property=\"article:modified_time\" content=\"2026-01-09T09:59:03+00:00\" \/>\n<meta property=\"og:image\" content=\"https:\/\/xstyle.md\/wp-content\/uploads\/2020\/07\/marmot-montreal-coat-wmn-midnight-navy-0.jpg\" \/>\n\t<meta property=\"og:image:width\" content=\"758\" \/>\n\t<meta property=\"og:image:height\" content=\"796\" \/>\n\t<meta property=\"og:image:type\" content=\"image\/jpeg\" \/>\n<meta name=\"twitter:card\" content=\"summary_large_image\" \/>\n<meta name=\"twitter:label1\" content=\"Pre\u021b\" \/>\n\t<meta name=\"twitter:data1\" content=\"6.300&nbsp;MDL\" \/>\n\t<meta name=\"twitter:label2\" content=\"Disponibilitate\" \/>\n\t<meta name=\"twitter:data2\" content=\"Stoc epuizat\" \/>\n<script type=\"application\/ld+json\" class=\"yoast-schema-graph\">{\"@context\":\"https:\\\/\\\/schema.org\",\"@graph\":[{\"@type\":\"WebPage\",\"@id\":\"https:\\\/\\\/xstyle.md\\\/product\\\/marmot-montreal-coat-wmn-midnight-navy\\\/\",\"url\":\"https:\\\/\\\/xstyle.md\\\/product\\\/marmot-montreal-coat-wmn-midnight-navy\\\/\",\"name\":\"\u041a\u0443\u0440\u0442\u043a\u0430 Marmot Montreal Coat Wmn midnight navy - \u041c\u0430\u0433\u0430\u0437\u0438\u043d Xstyle\",\"isPartOf\":{\"@id\":\"https:\\\/\\\/xstyle.md\\\/#website\"},\"primaryImageOfPage\":{\"@id\":\"https:\\\/\\\/xstyle.md\\\/product\\\/marmot-montreal-coat-wmn-midnight-navy\\\/#primaryimage\"},\"image\":{\"@id\":\"https:\\\/\\\/xstyle.md\\\/product\\\/marmot-montreal-coat-wmn-midnight-navy\\\/#primaryimage\"},\"thumbnailUrl\":\"https:\\\/\\\/xstyle.md\\\/wp-content\\\/uploads\\\/2020\\\/07\\\/marmot-montreal-coat-wmn-midnight-navy-0.jpg\",\"datePublished\":\"2020-07-18T15:10:02+00:00\",\"dateModified\":\"2026-01-09T09:59:03+00:00\",\"description\":\"\u041a\u0443\u0440\u0442\u043a\u0430 Marmot Montreal Coat Wmn midnight navy \u2014 \u0441\u0442\u0438\u043b\u044c\u043d\u0430\u044f \u0438 \u043f\u0440\u043e\u0447\u043d\u0430\u044f, \u0441 \u0443\u0442\u0435\u043f\u043b\u0438\u0442\u0435\u043b\u0435\u043c 700 FP. \u0418\u0434\u0435\u0430\u043b\u044c\u043d\u0430 \u0434\u043b\u044f \u0437\u0430\u0449\u0438\u0442\u044b \u043e\u0442 \u0434\u043e\u0436\u0434\u044f \u0438 \u0445\u043e\u043b\u043e\u0434\u0430 \u043d\u0430 \u043f\u0440\u0438\u0440\u043e\u0434\u0435.\",\"breadcrumb\":{\"@id\":\"https:\\\/\\\/xstyle.md\\\/product\\\/marmot-montreal-coat-wmn-midnight-navy\\\/#breadcrumb\"},\"inLanguage\":\"ro-RO\",\"potentialAction\":[{\"@type\":\"ReadAction\",\"target\":[\"https:\\\/\\\/xstyle.md\\\/product\\\/marmot-montreal-coat-wmn-midnight-navy\\\/\"]}]},{\"@type\":\"ImageObject\",\"inLanguage\":\"ro-RO\",\"@id\":\"https:\\\/\\\/xstyle.md\\\/product\\\/marmot-montreal-coat-wmn-midnight-navy\\\/#primaryimage\",\"url\":\"https:\\\/\\\/xstyle.md\\\/wp-content\\\/uploads\\\/2020\\\/07\\\/marmot-montreal-coat-wmn-midnight-navy-0.jpg\",\"contentUrl\":\"https:\\\/\\\/xstyle.md\\\/wp-content\\\/uploads\\\/2020\\\/07\\\/marmot-montreal-coat-wmn-midnight-navy-0.jpg\",\"width\":758,\"height\":796,\"caption\":\"\u0422\u0451\u043f\u043b\u0430\u044f \u0436\u0435\u043d\u0441\u043a\u0430\u044f \u043a\u0443\u0440\u0442\u043a\u0430 Marmot Montreal Coat Wmn midnight navy \u0434\u043b\u044f \u0430\u043a\u0442\u0438\u0432\u043d\u043e\u0433\u043e \u043e\u0442\u0434\u044b\u0445\u0430, \u043f\u043e\u0445\u043e\u0434\u043e\u0432 \u0438 \u043f\u0443\u0442\u0435\u0448\u0435\u0441\u0442\u0432\u0438\u0439 \u0432 \u043e\u043d\u043b\u0430\u0439\u043d \u043c\u0430\u0433\u0430\u0437\u0438\u043d\u0435 \u043e\u0434\u0435\u0436\u0434\u044b \u0438 \u043e\u0431\u0443\u0432\u0438 \u0434\u043b\u044f \u0430\u043a\u0442\u0438\u0432\u043d\u043e\u0439 \u0436\u0438\u0437\u043d\u0438\"},{\"@type\":\"BreadcrumbList\",\"@id\":\"https:\\\/\\\/xstyle.md\\\/product\\\/marmot-montreal-coat-wmn-midnight-navy\\\/#breadcrumb\",\"itemListElement\":[{\"@type\":\"ListItem\",\"position\":1,\"name\":\"\u0413\u043b\u0430\u0432\u043d\u0430\u044f \u0441\u0442\u0440\u0430\u043d\u0438\u0446\u0430\",\"item\":\"https:\\\/\\\/xstyle.md\\\/\"},{\"@type\":\"ListItem\",\"position\":2,\"name\":\"\u041c\u0430\u0433\u0430\u0437\u0438\u043d\",\"item\":\"https:\\\/\\\/xstyle.md\\\/shop\\\/\"},{\"@type\":\"ListItem\",\"position\":3,\"name\":\"\u041a\u0443\u0440\u0442\u043a\u0430 Marmot Montreal Coat Wmn midnight navy\"}]},{\"@type\":\"WebSite\",\"@id\":\"https:\\\/\\\/xstyle.md\\\/#website\",\"url\":\"https:\\\/\\\/xstyle.md\\\/\",\"name\":\"\u041c\u0430\u0433\u0430\u0437\u0438\u043d Xstyle\",\"description\":\"C\u043d\u0430\u0440\u044f\u0436\u0435\u043d\u0438\u0435 \u0434\u043b\u044f \u0442\u0443\u0440\u0438\u0437\u043c\u0430 \u0438 \u044d\u043a\u0441\u0442\u0440\u0435\u043c\u0430\u043b\u044c\u043d\u044b\u0445 \u0432\u0438\u0434\u043e\u0432 \u0441\u043f\u043e\u0440\u0442\u0430 \u0432 \u041c\u043e\u043b\u0434\u043e\u0432\u0435.. \u0426\u0435\u043d\u044b, \u0444\u043e\u0442\u043e, \u0445\u0430\u0440\u0430\u043a\u0442\u0435\u0440\u0438\u0441\u0442\u0438\u043a\u0438 \u0432 \u041c\u043e\u043b\u0434\u043e\u0432\u0435.\",\"publisher\":{\"@id\":\"https:\\\/\\\/xstyle.md\\\/#organization\"},\"alternateName\":\"X-Style\",\"potentialAction\":[{\"@type\":\"SearchAction\",\"target\":{\"@type\":\"EntryPoint\",\"urlTemplate\":\"https:\\\/\\\/xstyle.md\\\/?s={search_term_string}\"},\"query-input\":{\"@type\":\"PropertyValueSpecification\",\"valueRequired\":true,\"valueName\":\"search_term_string\"}}],\"inLanguage\":\"ro-RO\"},{\"@type\":\"Organization\",\"@id\":\"https:\\\/\\\/xstyle.md\\\/#organization\",\"name\":\"\u041c\u0430\u0433\u0430\u0437\u0438\u043d Xstyle\",\"alternateName\":\"x-style\",\"url\":\"https:\\\/\\\/xstyle.md\\\/\",\"logo\":{\"@type\":\"ImageObject\",\"inLanguage\":\"ro-RO\",\"@id\":\"https:\\\/\\\/xstyle.md\\\/#\\\/schema\\\/logo\\\/image\\\/\",\"url\":\"https:\\\/\\\/xstyle.md\\\/wp-content\\\/uploads\\\/2020\\\/06\\\/logoicon.svg\",\"contentUrl\":\"https:\\\/\\\/xstyle.md\\\/wp-content\\\/uploads\\\/2020\\\/06\\\/logoicon.svg\",\"caption\":\"\u041c\u0430\u0433\u0430\u0437\u0438\u043d Xstyle\"},\"image\":{\"@id\":\"https:\\\/\\\/xstyle.md\\\/#\\\/schema\\\/logo\\\/image\\\/\"},\"sameAs\":[\"https:\\\/\\\/www.facebook.com\\\/xstylemd\",\"https:\\\/\\\/www.instagram.com\\\/xstyle_md\\\/\",\"https:\\\/\\\/t.me\\\/xstyle_outdoor\"],\"hasMerchantReturnPolicy\":{\"@type\":\"MerchantReturnPolicy\",\"merchantReturnLink\":\"https:\\\/\\\/xstyle.md\\\/ro\\\/conditions\\\/\"}}]}<\/script>\n<meta property=\"product:price:amount\" content=\"6300.00\" \/>\n<meta property=\"product:price:currency\" content=\"MDL\" \/>\n<meta property=\"og:availability\" content=\"out of stock\" \/>\n<meta property=\"product:availability\" content=\"out of stock\" \/>\n<meta property=\"product:retailer_item_id\" content=\"785562642294\" \/>\n<meta property=\"product:condition\" content=\"new\" \/>\n<!-- \/ Yoast SEO plugin. -->","yoast_head_json":{"title":"Geac\u0103 Marmot Montreal Coat Wmn Midnight Navy - Magazin Xstyle","description":"Jacheta Marmot Montreal Coat Wmn midnight navy - stilat\u0103 \u0219i durabil\u0103, cu umplutur\u0103 de 700 FP. Ideal\u0103 pentru protec\u021bia \u00eempotriva rainului \u0219i frigului \u00een natur\u0103.","robots":{"index":"index","follow":"follow","max-snippet":"max-snippet:-1","max-image-preview":"max-image-preview:large","max-video-preview":"max-video-preview:-1"},"canonical":"https:\/\/xstyle.md\/ro\/produs\/marmot-montreal-coat-wmn-midnight-navy\/","og_locale":"ro_RO","og_type":"article","og_title":"\u041a\u0443\u0440\u0442\u043a\u0430 Marmot Montreal Coat Wmn midnight navy - \u041c\u0430\u0433\u0430\u0437\u0438\u043d Xstyle","og_description":"\u041a\u0443\u0440\u0442\u043a\u0430 Marmot Montreal Coat Wmn midnight navy \u2014 \u0441\u0442\u0438\u043b\u044c\u043d\u0430\u044f \u0438 \u043f\u0440\u043e\u0447\u043d\u0430\u044f, \u0441 \u0443\u0442\u0435\u043f\u043b\u0438\u0442\u0435\u043b\u0435\u043c 700 FP. \u0418\u0434\u0435\u0430\u043b\u044c\u043d\u0430 \u0434\u043b\u044f \u0437\u0430\u0449\u0438\u0442\u044b \u043e\u0442 \u0434\u043e\u0436\u0434\u044f \u0438 \u0445\u043e\u043b\u043e\u0434\u0430 \u043d\u0430 \u043f\u0440\u0438\u0440\u043e\u0434\u0435.","og_url":"https:\/\/xstyle.md\/ro\/produs\/marmot-montreal-coat-wmn-midnight-navy\/","og_site_name":"\u041c\u0430\u0433\u0430\u0437\u0438\u043d Xstyle","article_publisher":"https:\/\/www.facebook.com\/xstylemd","article_modified_time":"2026-01-09T09:59:03+00:00","og_image":[{"width":758,"height":796,"url":"https:\/\/xstyle.md\/wp-content\/uploads\/2020\/07\/marmot-montreal-coat-wmn-midnight-navy-0.jpg","type":"image\/jpeg"}],"twitter_card":"summary_large_image","twitter_misc":{"Pre\u021b":"6.300&nbsp;MDL","Disponibilitate":"Stoc epuizat"},"schema":{"@context":"https:\/\/schema.org","@graph":[{"@type":"WebPage","@id":"https:\/\/xstyle.md\/product\/marmot-montreal-coat-wmn-midnight-navy\/","url":"https:\/\/xstyle.md\/product\/marmot-montreal-coat-wmn-midnight-navy\/","name":"Geac\u0103 Marmot Montreal Coat Wmn Midnight Navy - Magazin Xstyle","isPartOf":{"@id":"https:\/\/xstyle.md\/#website"},"primaryImageOfPage":{"@id":"https:\/\/xstyle.md\/product\/marmot-montreal-coat-wmn-midnight-navy\/#primaryimage"},"image":{"@id":"https:\/\/xstyle.md\/product\/marmot-montreal-coat-wmn-midnight-navy\/#primaryimage"},"thumbnailUrl":"https:\/\/xstyle.md\/wp-content\/uploads\/2020\/07\/marmot-montreal-coat-wmn-midnight-navy-0.jpg","datePublished":"2020-07-18T15:10:02+00:00","dateModified":"2026-01-09T09:59:03+00:00","description":"Jacheta Marmot Montreal Coat Wmn midnight navy - stilat\u0103 \u0219i durabil\u0103, cu umplutur\u0103 de 700 FP. Ideal\u0103 pentru protec\u021bia \u00eempotriva rainului \u0219i frigului \u00een natur\u0103.","breadcrumb":{"@id":"https:\/\/xstyle.md\/product\/marmot-montreal-coat-wmn-midnight-navy\/#breadcrumb"},"inLanguage":"ro-RO","potentialAction":[{"@type":"ReadAction","target":["https:\/\/xstyle.md\/product\/marmot-montreal-coat-wmn-midnight-navy\/"]}]},{"@type":"ImageObject","inLanguage":"ro-RO","@id":"https:\/\/xstyle.md\/product\/marmot-montreal-coat-wmn-midnight-navy\/#primaryimage","url":"https:\/\/xstyle.md\/wp-content\/uploads\/2020\/07\/marmot-montreal-coat-wmn-midnight-navy-0.jpg","contentUrl":"https:\/\/xstyle.md\/wp-content\/uploads\/2020\/07\/marmot-montreal-coat-wmn-midnight-navy-0.jpg","width":758,"height":796,"caption":"\u0422\u0451\u043f\u043b\u0430\u044f \u0436\u0435\u043d\u0441\u043a\u0430\u044f \u043a\u0443\u0440\u0442\u043a\u0430 Marmot Montreal Coat Wmn midnight navy \u0434\u043b\u044f \u0430\u043a\u0442\u0438\u0432\u043d\u043e\u0433\u043e \u043e\u0442\u0434\u044b\u0445\u0430, \u043f\u043e\u0445\u043e\u0434\u043e\u0432 \u0438 \u043f\u0443\u0442\u0435\u0448\u0435\u0441\u0442\u0432\u0438\u0439 \u0432 \u043e\u043d\u043b\u0430\u0439\u043d \u043c\u0430\u0433\u0430\u0437\u0438\u043d\u0435 \u043e\u0434\u0435\u0436\u0434\u044b \u0438 \u043e\u0431\u0443\u0432\u0438 \u0434\u043b\u044f \u0430\u043a\u0442\u0438\u0432\u043d\u043e\u0439 \u0436\u0438\u0437\u043d\u0438"},{"@type":"BreadcrumbList","@id":"https:\/\/xstyle.md\/product\/marmot-montreal-coat-wmn-midnight-navy\/#breadcrumb","itemListElement":[{"@type":"ListItem","position":1,"name":"\u0413\u043b\u0430\u0432\u043d\u0430\u044f \u0441\u0442\u0440\u0430\u043d\u0438\u0446\u0430","item":"https:\/\/xstyle.md\/"},{"@type":"ListItem","position":2,"name":"\u041c\u0430\u0433\u0430\u0437\u0438\u043d","item":"https:\/\/xstyle.md\/shop\/"},{"@type":"ListItem","position":3,"name":"\u041a\u0443\u0440\u0442\u043a\u0430 Marmot Montreal Coat Wmn midnight navy"}]},{"@type":"WebSite","@id":"https:\/\/xstyle.md\/#website","url":"https:\/\/xstyle.md\/","name":"Magazinul X-Style","description":"Echipamente pentru turism \u0219i sporturi extreme \u00een Moldova. Pre\u021buri, fotografii, caracteristici \u00een Moldova.","publisher":{"@id":"https:\/\/xstyle.md\/#organization"},"alternateName":"X-Style","potentialAction":[{"@type":"SearchAction","target":{"@type":"EntryPoint","urlTemplate":"https:\/\/xstyle.md\/?s={search_term_string}"},"query-input":{"@type":"PropertyValueSpecification","valueRequired":true,"valueName":"search_term_string"}}],"inLanguage":"ro-RO"},{"@type":"Organization","@id":"https:\/\/xstyle.md\/#organization","name":"Magazinul X-Style","alternateName":"x-style","url":"https:\/\/xstyle.md\/","logo":{"@type":"ImageObject","inLanguage":"ro-RO","@id":"https:\/\/xstyle.md\/#\/schema\/logo\/image\/","url":"https:\/\/xstyle.md\/wp-content\/uploads\/2020\/06\/logoicon.svg","contentUrl":"https:\/\/xstyle.md\/wp-content\/uploads\/2020\/06\/logoicon.svg","caption":"\u041c\u0430\u0433\u0430\u0437\u0438\u043d Xstyle"},"image":{"@id":"https:\/\/xstyle.md\/#\/schema\/logo\/image\/"},"sameAs":["https:\/\/www.facebook.com\/xstylemd","https:\/\/www.instagram.com\/xstyle_md\/","https:\/\/t.me\/xstyle_outdoor"],"hasMerchantReturnPolicy":{"@type":"MerchantReturnPolicy","merchantReturnLink":"https:\/\/xstyle.md\/ro\/conditions\/"}}]},"product_price_amount":"6300.00","product_price_currency":"MDL","og_availability":"out of stock","product_availability":"out of stock","product_retailer_item_id":"785562642294","product_condition":"new"},"_links":{"self":[{"href":"https:\/\/xstyle.md\/ro\/wp-json\/wp\/v2\/product\/21152","targetHints":{"allow":["GET"]}}],"collection":[{"href":"https:\/\/xstyle.md\/ro\/wp-json\/wp\/v2\/product"}],"about":[{"href":"https:\/\/xstyle.md\/ro\/wp-json\/wp\/v2\/types\/product"}],"replies":[{"embeddable":true,"href":"https:\/\/xstyle.md\/ro\/wp-json\/wp\/v2\/comments?post=21152"}],"wp:featuredmedia":[{"embeddable":true,"href":"https:\/\/xstyle.md\/ro\/wp-json\/wp\/v2\/media\/53941"}],"wp:attachment":[{"href":"https:\/\/xstyle.md\/ro\/wp-json\/wp\/v2\/media?parent=21152"}],"wp:term":[{"taxonomy":"product_brand","embeddable":true,"href":"https:\/\/xstyle.md\/ro\/wp-json\/wp\/v2\/product_brand?post=21152"},{"taxonomy":"product_cat","embeddable":true,"href":"https:\/\/xstyle.md\/ro\/wp-json\/wp\/v2\/product_cat?post=21152"},{"taxonomy":"product_tag","embeddable":true,"href":"https:\/\/xstyle.md\/ro\/wp-json\/wp\/v2\/product_tag?post=21152"}],"curies":[{"name":"wp","href":"https:\/\/api.w.org\/{rel}","templated":true}]}}