{"id":21028,"date":"2020-07-18T18:05:09","date_gmt":"2020-07-18T15:05:09","guid":{"rendered":"https:\/\/xstyle.md\/product\/pincet-dlja-izvlechenija-kleschej-lifesystems-tick-remover"},"modified":"2024-10-21T09:25:17","modified_gmt":"2024-10-21T06:25:17","slug":"pincet-dlja-izvlechenija-kleschej-lifesystems-tick-remover","status":"publish","type":"product","link":"https:\/\/xstyle.md\/ro\/produs\/pincet-dlja-izvlechenija-kleschej-lifesystems-tick-remover\/","title":{"rendered":"Penset\u0103 extragerea c\u0103pu\u0219elor Lifesystems Tick Remover"},"content":{"rendered":"<\/p>\n<p><strong>Penset\u0103 extragerea c\u0103pu\u0219elor Lifesystems Tick Remover\u00a0<\/strong>&#8212; poate fi util at\u00e2t \u00eentr-o drume\u021bie, c\u00e2t \u0219i \u00een c\u0103l\u0103torii sau \u00een via\u021ba de zi cu zi. Form\u0103 bine elaborat\u0103 a pensetei v\u0103 permite s\u0103 \u00eendep\u0103rta\u021bi rapid \u0219i eficient c\u0103pu\u0219ele f\u0103r\u0103 a l\u0103sa capul sub piele.<\/p>\n<h3><strong>Caracteristici<\/strong><\/h3>\n<ul>\n<li>Dimensiuni: 120 x 10 x 10 mm<\/li>\n<li>Greutate: 18g<\/li>\n<\/ul>\n<h3>Marca<\/h3>\n<p>Lifesystems este o companie britanic\u0103 care produce unelte \u0219i echipamente pentru turi\u0219ti \u0219i c\u0103l\u0103tori. Sub acest brand se produc truse de prim ajutor, spray-uri \u00eempotriva insectelor, creme de protec\u021bie solar\u0103, produse pentru purificarea \u0219i dezinfectarea apei, plase de \u021b\u00e2n\u021bari \u0219i alte lucruri utile pentru turi\u0219ti. O aten\u021bie deosebit\u0103 este acordat\u0103 calit\u0103\u021bii produselor. Acestea sunt foarte func\u021bionale, capabile s\u0103 r\u0103spund\u0103 nevoilor majorit\u0103\u021bii pasiona\u021bilor de activit\u0103\u021bi \u00een aer liber \u0219i a sportivilor extremi, testate pe teren, \u00een cele mai periculoase \u0219i greu accesibile locuri ale planetei.<\/p>\n<p><\/p>","protected":false},"excerpt":{"rendered":"<p>Penset\u0103 extragerea c\u0103pu\u0219elor Lifesystems Tick Remover<\/p>","protected":false},"featured_media":21027,"comment_status":"open","ping_status":"closed","template":"","meta":{"_acf_changed":false,"inline_featured_image":false},"product_brand":[1417],"product_cat":[315],"product_tag":[],"class_list":{"0":"post-21028","1":"product","2":"type-product","3":"status-publish","4":"has-post-thumbnail","6":"product_brand-lifesystems","7":"product_cat-protection","9":"first","10":"instock","11":"shipping-taxable","12":"purchasable","13":"product-type-simple"},"acf":[],"yoast_head":"<!-- This site is optimized with the Yoast SEO plugin v27.2 - https:\/\/yoast.com\/product\/yoast-seo-wordpress\/ -->\n<title>\u041f\u0438\u043d\u0446\u0435\u0442 \u0434\u043b\u044f \u0438\u0437\u0432\u043b\u0435\u0447\u0435\u043d\u0438\u044f \u043a\u043b\u0435\u0449\u0435\u0439 Lifesystems Tick Remover - \u041c\u0430\u0433\u0430\u0437\u0438\u043d Xstyle<\/title>\n<meta name=\"description\" content=\"\u041f\u0438\u043d\u0446\u0435\u0442 \u0434\u043b\u044f \u0438\u0437\u0432\u043b\u0435\u0447\u0435\u043d\u0438\u044f \u043a\u043b\u0435\u0449\u0435\u0439 Lifesystems \u2014 \u0438\u0434\u0435\u0430\u043b\u044c\u043d\u044b\u0439 \u0438\u043d\u0441\u0442\u0440\u0443\u043c\u0435\u043d\u0442 \u0434\u043b\u044f \u0442\u0443\u0440\u0438\u0437\u043c\u0430 \u0438 \u043f\u043e\u0432\u0441\u0435\u0434\u043d\u0435\u0432\u043d\u043e\u0439 \u0436\u0438\u0437\u043d\u0438. \u0423\u0434\u0430\u043b\u044f\u0439\u0442\u0435 \u043a\u043b\u0435\u0449\u0435\u0439 \u0431\u044b\u0441\u0442\u0440\u043e \u0438 \u0431\u0435\u0437\u043e\u043f\u0430\u0441\u043d\u043e!\" \/>\n<meta name=\"robots\" content=\"index, follow, max-snippet:-1, max-image-preview:large, max-video-preview:-1\" \/>\n<link rel=\"canonical\" href=\"https:\/\/xstyle.md\/ro\/produs\/pincet-dlja-izvlechenija-kleschej-lifesystems-tick-remover\/\" \/>\n<meta property=\"og:locale\" content=\"ro_RO\" \/>\n<meta property=\"og:type\" content=\"article\" \/>\n<meta property=\"og:title\" content=\"\u041f\u0438\u043d\u0446\u0435\u0442 \u0434\u043b\u044f \u0438\u0437\u0432\u043b\u0435\u0447\u0435\u043d\u0438\u044f \u043a\u043b\u0435\u0449\u0435\u0439 Lifesystems Tick Remover - \u041c\u0430\u0433\u0430\u0437\u0438\u043d Xstyle\" \/>\n<meta property=\"og:description\" content=\"\u041f\u0438\u043d\u0446\u0435\u0442 \u0434\u043b\u044f \u0438\u0437\u0432\u043b\u0435\u0447\u0435\u043d\u0438\u044f \u043a\u043b\u0435\u0449\u0435\u0439 Lifesystems \u2014 \u0438\u0434\u0435\u0430\u043b\u044c\u043d\u044b\u0439 \u0438\u043d\u0441\u0442\u0440\u0443\u043c\u0435\u043d\u0442 \u0434\u043b\u044f \u0442\u0443\u0440\u0438\u0437\u043c\u0430 \u0438 \u043f\u043e\u0432\u0441\u0435\u0434\u043d\u0435\u0432\u043d\u043e\u0439 \u0436\u0438\u0437\u043d\u0438. \u0423\u0434\u0430\u043b\u044f\u0439\u0442\u0435 \u043a\u043b\u0435\u0449\u0435\u0439 \u0431\u044b\u0441\u0442\u0440\u043e \u0438 \u0431\u0435\u0437\u043e\u043f\u0430\u0441\u043d\u043e!\" \/>\n<meta property=\"og:url\" content=\"https:\/\/xstyle.md\/ro\/produs\/pincet-dlja-izvlechenija-kleschej-lifesystems-tick-remover\/\" \/>\n<meta property=\"og:site_name\" content=\"\u041c\u0430\u0433\u0430\u0437\u0438\u043d Xstyle\" \/>\n<meta property=\"article:publisher\" content=\"https:\/\/www.facebook.com\/xstylemd\" \/>\n<meta property=\"article:modified_time\" content=\"2024-10-21T06:25:17+00:00\" \/>\n<meta property=\"og:image\" content=\"https:\/\/xstyle.md\/wp-content\/uploads\/2020\/07\/url4g_enl.jpeg\" \/>\n\t<meta property=\"og:image:width\" content=\"1000\" \/>\n\t<meta property=\"og:image:height\" content=\"1000\" \/>\n\t<meta property=\"og:image:type\" content=\"image\/jpeg\" \/>\n<meta name=\"twitter:card\" content=\"summary_large_image\" \/>\n<meta name=\"twitter:label1\" content=\"Pre\u021b\" \/>\n\t<meta name=\"twitter:data1\" content=\"110&nbsp;MDL\" \/>\n\t<meta name=\"twitter:label2\" content=\"Disponibilitate\" \/>\n\t<meta name=\"twitter:data2\" content=\"\u00cen stoc\" \/>\n<script type=\"application\/ld+json\" class=\"yoast-schema-graph\">{\"@context\":\"https:\/\/schema.org\",\"@graph\":[{\"@type\":\"WebPage\",\"@id\":\"https:\/\/xstyle.md\/product\/pincet-dlja-izvlechenija-kleschej-lifesystems-tick-remover\/\",\"url\":\"https:\/\/xstyle.md\/product\/pincet-dlja-izvlechenija-kleschej-lifesystems-tick-remover\/\",\"name\":\"\u041f\u0438\u043d\u0446\u0435\u0442 \u0434\u043b\u044f \u0438\u0437\u0432\u043b\u0435\u0447\u0435\u043d\u0438\u044f \u043a\u043b\u0435\u0449\u0435\u0439 Lifesystems Tick Remover - \u041c\u0430\u0433\u0430\u0437\u0438\u043d Xstyle\",\"isPartOf\":{\"@id\":\"https:\/\/xstyle.md\/#website\"},\"primaryImageOfPage\":{\"@id\":\"https:\/\/xstyle.md\/product\/pincet-dlja-izvlechenija-kleschej-lifesystems-tick-remover\/#primaryimage\"},\"image\":{\"@id\":\"https:\/\/xstyle.md\/product\/pincet-dlja-izvlechenija-kleschej-lifesystems-tick-remover\/#primaryimage\"},\"thumbnailUrl\":\"https:\/\/xstyle.md\/wp-content\/uploads\/2020\/07\/url4g_enl.jpeg\",\"datePublished\":\"2020-07-18T15:05:09+00:00\",\"dateModified\":\"2024-10-21T06:25:17+00:00\",\"description\":\"\u041f\u0438\u043d\u0446\u0435\u0442 \u0434\u043b\u044f \u0438\u0437\u0432\u043b\u0435\u0447\u0435\u043d\u0438\u044f \u043a\u043b\u0435\u0449\u0435\u0439 Lifesystems \u2014 \u0438\u0434\u0435\u0430\u043b\u044c\u043d\u044b\u0439 \u0438\u043d\u0441\u0442\u0440\u0443\u043c\u0435\u043d\u0442 \u0434\u043b\u044f \u0442\u0443\u0440\u0438\u0437\u043c\u0430 \u0438 \u043f\u043e\u0432\u0441\u0435\u0434\u043d\u0435\u0432\u043d\u043e\u0439 \u0436\u0438\u0437\u043d\u0438. \u0423\u0434\u0430\u043b\u044f\u0439\u0442\u0435 \u043a\u043b\u0435\u0449\u0435\u0439 \u0431\u044b\u0441\u0442\u0440\u043e \u0438 \u0431\u0435\u0437\u043e\u043f\u0430\u0441\u043d\u043e!\",\"breadcrumb\":{\"@id\":\"https:\/\/xstyle.md\/product\/pincet-dlja-izvlechenija-kleschej-lifesystems-tick-remover\/#breadcrumb\"},\"inLanguage\":\"ro-RO\",\"potentialAction\":[{\"@type\":\"ReadAction\",\"target\":[\"https:\/\/xstyle.md\/product\/pincet-dlja-izvlechenija-kleschej-lifesystems-tick-remover\/\"]}]},{\"@type\":\"ImageObject\",\"inLanguage\":\"ro-RO\",\"@id\":\"https:\/\/xstyle.md\/product\/pincet-dlja-izvlechenija-kleschej-lifesystems-tick-remover\/#primaryimage\",\"url\":\"https:\/\/xstyle.md\/wp-content\/uploads\/2020\/07\/url4g_enl.jpeg\",\"contentUrl\":\"https:\/\/xstyle.md\/wp-content\/uploads\/2020\/07\/url4g_enl.jpeg\",\"width\":1000,\"height\":1000},{\"@type\":\"BreadcrumbList\",\"@id\":\"https:\/\/xstyle.md\/product\/pincet-dlja-izvlechenija-kleschej-lifesystems-tick-remover\/#breadcrumb\",\"itemListElement\":[{\"@type\":\"ListItem\",\"position\":1,\"name\":\"\u0413\u043b\u0430\u0432\u043d\u0430\u044f \u0441\u0442\u0440\u0430\u043d\u0438\u0446\u0430\",\"item\":\"https:\/\/xstyle.md\/\"},{\"@type\":\"ListItem\",\"position\":2,\"name\":\"\u041c\u0430\u0433\u0430\u0437\u0438\u043d\",\"item\":\"https:\/\/xstyle.md\/shop\/\"},{\"@type\":\"ListItem\",\"position\":3,\"name\":\"\u041f\u0438\u043d\u0446\u0435\u0442 \u0434\u043b\u044f \u0438\u0437\u0432\u043b\u0435\u0447\u0435\u043d\u0438\u044f \u043a\u043b\u0435\u0449\u0435\u0439 Lifesystems Tick Remover\"}]},{\"@type\":\"WebSite\",\"@id\":\"https:\/\/xstyle.md\/#website\",\"url\":\"https:\/\/xstyle.md\/\",\"name\":\"\u041c\u0430\u0433\u0430\u0437\u0438\u043d Xstyle\",\"description\":\"C\u043d\u0430\u0440\u044f\u0436\u0435\u043d\u0438\u0435 \u0434\u043b\u044f \u0442\u0443\u0440\u0438\u0437\u043c\u0430 \u0438 \u044d\u043a\u0441\u0442\u0440\u0435\u043c\u0430\u043b\u044c\u043d\u044b\u0445 \u0432\u0438\u0434\u043e\u0432 \u0441\u043f\u043e\u0440\u0442\u0430 \u0432 \u041c\u043e\u043b\u0434\u043e\u0432\u0435.. \u0426\u0435\u043d\u044b, \u0444\u043e\u0442\u043e, \u0445\u0430\u0440\u0430\u043a\u0442\u0435\u0440\u0438\u0441\u0442\u0438\u043a\u0438 \u0432 \u041c\u043e\u043b\u0434\u043e\u0432\u0435.\",\"publisher\":{\"@id\":\"https:\/\/xstyle.md\/#organization\"},\"alternateName\":\"X-Style\",\"potentialAction\":[{\"@type\":\"SearchAction\",\"target\":{\"@type\":\"EntryPoint\",\"urlTemplate\":\"https:\/\/xstyle.md\/?s={search_term_string}\"},\"query-input\":{\"@type\":\"PropertyValueSpecification\",\"valueRequired\":true,\"valueName\":\"search_term_string\"}}],\"inLanguage\":\"ro-RO\"},{\"@type\":\"Organization\",\"@id\":\"https:\/\/xstyle.md\/#organization\",\"name\":\"\u041c\u0430\u0433\u0430\u0437\u0438\u043d Xstyle\",\"alternateName\":\"x-style\",\"url\":\"https:\/\/xstyle.md\/\",\"logo\":{\"@type\":\"ImageObject\",\"inLanguage\":\"ro-RO\",\"@id\":\"https:\/\/xstyle.md\/#\/schema\/logo\/image\/\",\"url\":\"https:\/\/xstyle.md\/wp-content\/uploads\/2020\/06\/logoicon.svg\",\"contentUrl\":\"https:\/\/xstyle.md\/wp-content\/uploads\/2020\/06\/logoicon.svg\",\"caption\":\"\u041c\u0430\u0433\u0430\u0437\u0438\u043d Xstyle\"},\"image\":{\"@id\":\"https:\/\/xstyle.md\/#\/schema\/logo\/image\/\"},\"sameAs\":[\"https:\/\/www.facebook.com\/xstylemd\",\"https:\/\/www.instagram.com\/xstyle_md\/\",\"https:\/\/t.me\/xstyle_outdoor\"],\"hasMerchantReturnPolicy\":{\"@type\":\"MerchantReturnPolicy\",\"merchantReturnLink\":\"https:\/\/xstyle.md\/ro\/conditions\/\"}}]}<\/script>\n<meta property=\"product:price:amount\" content=\"110.00\" \/>\n<meta property=\"product:price:currency\" content=\"MDL\" \/>\n<meta property=\"og:availability\" content=\"instock\" \/>\n<meta property=\"product:availability\" content=\"instock\" \/>\n<meta property=\"product:retailer_item_id\" content=\"5031863065801\" \/>\n<meta property=\"product:condition\" content=\"new\" \/>\n<!-- \/ Yoast SEO plugin. -->","yoast_head_json":{"title":"Penset\u0103 extragerea c\u0103pu\u0219elor Lifesystems Tick Remover - Magazin Xstyle","description":"Pin\u021b\u0103 pentru extragerea c\u0103pu\u0219elor Lifesystems \u2014 instrumentul ideal pentru drume\u021bii \u0219i via\u021ba de zi cu zi. \u00cendep\u0103rta\u021bi c\u0103pu\u0219ele rapid \u0219i \u00een siguran\u021b\u0103!","robots":{"index":"index","follow":"follow","max-snippet":"max-snippet:-1","max-image-preview":"max-image-preview:large","max-video-preview":"max-video-preview:-1"},"canonical":"https:\/\/xstyle.md\/ro\/produs\/pincet-dlja-izvlechenija-kleschej-lifesystems-tick-remover\/","og_locale":"ro_RO","og_type":"article","og_title":"\u041f\u0438\u043d\u0446\u0435\u0442 \u0434\u043b\u044f \u0438\u0437\u0432\u043b\u0435\u0447\u0435\u043d\u0438\u044f \u043a\u043b\u0435\u0449\u0435\u0439 Lifesystems Tick Remover - \u041c\u0430\u0433\u0430\u0437\u0438\u043d Xstyle","og_description":"\u041f\u0438\u043d\u0446\u0435\u0442 \u0434\u043b\u044f \u0438\u0437\u0432\u043b\u0435\u0447\u0435\u043d\u0438\u044f \u043a\u043b\u0435\u0449\u0435\u0439 Lifesystems \u2014 \u0438\u0434\u0435\u0430\u043b\u044c\u043d\u044b\u0439 \u0438\u043d\u0441\u0442\u0440\u0443\u043c\u0435\u043d\u0442 \u0434\u043b\u044f \u0442\u0443\u0440\u0438\u0437\u043c\u0430 \u0438 \u043f\u043e\u0432\u0441\u0435\u0434\u043d\u0435\u0432\u043d\u043e\u0439 \u0436\u0438\u0437\u043d\u0438. \u0423\u0434\u0430\u043b\u044f\u0439\u0442\u0435 \u043a\u043b\u0435\u0449\u0435\u0439 \u0431\u044b\u0441\u0442\u0440\u043e \u0438 \u0431\u0435\u0437\u043e\u043f\u0430\u0441\u043d\u043e!","og_url":"https:\/\/xstyle.md\/ro\/produs\/pincet-dlja-izvlechenija-kleschej-lifesystems-tick-remover\/","og_site_name":"\u041c\u0430\u0433\u0430\u0437\u0438\u043d Xstyle","article_publisher":"https:\/\/www.facebook.com\/xstylemd","article_modified_time":"2024-10-21T06:25:17+00:00","og_image":[{"width":1000,"height":1000,"url":"https:\/\/xstyle.md\/wp-content\/uploads\/2020\/07\/url4g_enl.jpeg","type":"image\/jpeg"}],"twitter_card":"summary_large_image","twitter_misc":{"Pre\u021b":"110&nbsp;MDL","Disponibilitate":"\u00cen stoc"},"schema":{"@context":"https:\/\/schema.org","@graph":[{"@type":"WebPage","@id":"https:\/\/xstyle.md\/product\/pincet-dlja-izvlechenija-kleschej-lifesystems-tick-remover\/","url":"https:\/\/xstyle.md\/product\/pincet-dlja-izvlechenija-kleschej-lifesystems-tick-remover\/","name":"Penset\u0103 extragerea c\u0103pu\u0219elor Lifesystems Tick Remover - Magazin Xstyle","isPartOf":{"@id":"https:\/\/xstyle.md\/#website"},"primaryImageOfPage":{"@id":"https:\/\/xstyle.md\/product\/pincet-dlja-izvlechenija-kleschej-lifesystems-tick-remover\/#primaryimage"},"image":{"@id":"https:\/\/xstyle.md\/product\/pincet-dlja-izvlechenija-kleschej-lifesystems-tick-remover\/#primaryimage"},"thumbnailUrl":"https:\/\/xstyle.md\/wp-content\/uploads\/2020\/07\/url4g_enl.jpeg","datePublished":"2020-07-18T15:05:09+00:00","dateModified":"2024-10-21T06:25:17+00:00","description":"Pin\u021b\u0103 pentru extragerea c\u0103pu\u0219elor Lifesystems \u2014 instrumentul ideal pentru drume\u021bii \u0219i via\u021ba de zi cu zi. \u00cendep\u0103rta\u021bi c\u0103pu\u0219ele rapid \u0219i \u00een siguran\u021b\u0103!","breadcrumb":{"@id":"https:\/\/xstyle.md\/product\/pincet-dlja-izvlechenija-kleschej-lifesystems-tick-remover\/#breadcrumb"},"inLanguage":"ro-RO","potentialAction":[{"@type":"ReadAction","target":["https:\/\/xstyle.md\/product\/pincet-dlja-izvlechenija-kleschej-lifesystems-tick-remover\/"]}]},{"@type":"ImageObject","inLanguage":"ro-RO","@id":"https:\/\/xstyle.md\/product\/pincet-dlja-izvlechenija-kleschej-lifesystems-tick-remover\/#primaryimage","url":"https:\/\/xstyle.md\/wp-content\/uploads\/2020\/07\/url4g_enl.jpeg","contentUrl":"https:\/\/xstyle.md\/wp-content\/uploads\/2020\/07\/url4g_enl.jpeg","width":1000,"height":1000},{"@type":"BreadcrumbList","@id":"https:\/\/xstyle.md\/product\/pincet-dlja-izvlechenija-kleschej-lifesystems-tick-remover\/#breadcrumb","itemListElement":[{"@type":"ListItem","position":1,"name":"\u0413\u043b\u0430\u0432\u043d\u0430\u044f \u0441\u0442\u0440\u0430\u043d\u0438\u0446\u0430","item":"https:\/\/xstyle.md\/"},{"@type":"ListItem","position":2,"name":"\u041c\u0430\u0433\u0430\u0437\u0438\u043d","item":"https:\/\/xstyle.md\/shop\/"},{"@type":"ListItem","position":3,"name":"\u041f\u0438\u043d\u0446\u0435\u0442 \u0434\u043b\u044f \u0438\u0437\u0432\u043b\u0435\u0447\u0435\u043d\u0438\u044f \u043a\u043b\u0435\u0449\u0435\u0439 Lifesystems Tick Remover"}]},{"@type":"WebSite","@id":"https:\/\/xstyle.md\/#website","url":"https:\/\/xstyle.md\/","name":"Magazinul X-Style","description":"Echipamente pentru turism \u0219i sporturi extreme \u00een Moldova. Pre\u021buri, fotografii, caracteristici \u00een Moldova.","publisher":{"@id":"https:\/\/xstyle.md\/#organization"},"alternateName":"X-Style","potentialAction":[{"@type":"SearchAction","target":{"@type":"EntryPoint","urlTemplate":"https:\/\/xstyle.md\/?s={search_term_string}"},"query-input":{"@type":"PropertyValueSpecification","valueRequired":true,"valueName":"search_term_string"}}],"inLanguage":"ro-RO"},{"@type":"Organization","@id":"https:\/\/xstyle.md\/#organization","name":"Magazinul X-Style","alternateName":"x-style","url":"https:\/\/xstyle.md\/","logo":{"@type":"ImageObject","inLanguage":"ro-RO","@id":"https:\/\/xstyle.md\/#\/schema\/logo\/image\/","url":"https:\/\/xstyle.md\/wp-content\/uploads\/2020\/06\/logoicon.svg","contentUrl":"https:\/\/xstyle.md\/wp-content\/uploads\/2020\/06\/logoicon.svg","caption":"\u041c\u0430\u0433\u0430\u0437\u0438\u043d Xstyle"},"image":{"@id":"https:\/\/xstyle.md\/#\/schema\/logo\/image\/"},"sameAs":["https:\/\/www.facebook.com\/xstylemd","https:\/\/www.instagram.com\/xstyle_md\/","https:\/\/t.me\/xstyle_outdoor"],"hasMerchantReturnPolicy":{"@type":"MerchantReturnPolicy","merchantReturnLink":"https:\/\/xstyle.md\/ro\/conditions\/"}}]},"product_price_amount":"110.00","product_price_currency":"MDL","og_availability":"instock","product_availability":"instock","product_retailer_item_id":"5031863065801","product_condition":"new"},"post_mailing_queue_ids":[],"_links":{"self":[{"href":"https:\/\/xstyle.md\/ro\/wp-json\/wp\/v2\/product\/21028","targetHints":{"allow":["GET"]}}],"collection":[{"href":"https:\/\/xstyle.md\/ro\/wp-json\/wp\/v2\/product"}],"about":[{"href":"https:\/\/xstyle.md\/ro\/wp-json\/wp\/v2\/types\/product"}],"replies":[{"embeddable":true,"href":"https:\/\/xstyle.md\/ro\/wp-json\/wp\/v2\/comments?post=21028"}],"wp:featuredmedia":[{"embeddable":true,"href":"https:\/\/xstyle.md\/ro\/wp-json\/wp\/v2\/media\/21027"}],"wp:attachment":[{"href":"https:\/\/xstyle.md\/ro\/wp-json\/wp\/v2\/media?parent=21028"}],"wp:term":[{"taxonomy":"product_brand","embeddable":true,"href":"https:\/\/xstyle.md\/ro\/wp-json\/wp\/v2\/product_brand?post=21028"},{"taxonomy":"product_cat","embeddable":true,"href":"https:\/\/xstyle.md\/ro\/wp-json\/wp\/v2\/product_cat?post=21028"},{"taxonomy":"product_tag","embeddable":true,"href":"https:\/\/xstyle.md\/ro\/wp-json\/wp\/v2\/product_tag?post=21028"}],"curies":[{"name":"wp","href":"https:\/\/api.w.org\/{rel}","templated":true}]}}