{"id":21010,"date":"2020-07-18T18:04:25","date_gmt":"2020-07-18T15:04:25","guid":{"rendered":"https:\/\/xstyle.md\/product\/botinki-detskie-kamik-jace-black-noir"},"modified":"2026-03-04T12:20:15","modified_gmt":"2026-03-04T09:20:15","slug":"botinki-detskie-kamik-jace-black-noir","status":"publish","type":"product","link":"https:\/\/xstyle.md\/ro\/produs\/botinki-detskie-kamik-jace-black-noir\/","title":{"rendered":"Bocanci Kamik Jace black noir"},"content":{"rendered":"<\/p>\n<p>Bocanci <strong>Kamik Jace black noir<\/strong> &#8212; acesti bocanci de iarn\u0103 urbane le permit copiilor s\u0103 se joace pe vreme mocirloas\u0103, p\u0103str\u00e2ndu-\u0219i picioarele uscate, deoarece au suprafe\u021be impermeabile \u0219i membrane impermeabile Kamik DriDefense. Acesti bocanci de ploaie \u0219i de z\u0103pad\u0103 au c\u0103ptu\u0219eli \u0219i t\u0103lpi interioare boa confortabile, astfel \u00eenc\u00e2t s\u0103 pute\u021bi alerga cu pl\u0103cere ore \u00een \u0219ir. Datorit\u0103 petelor reflectorizante NiteRays, copiii vor r\u0103m\u00e2ne vizibili dup\u0103 l\u0103sarea \u00eentunericului.<\/p>\n<h3>Particularit\u0103\u021bi<\/h3>\n<ul>\n<li>Partea superioar\u0103 din nailon impermeabil cu guler de z\u0103pad\u0103 reglabil \u0219i curea superioar\u0103 cu c\u00e2rlig \u0219i bucl\u0103<\/li>\n<li>Izola\u021bie din spum\u0103 \u0219i fleece<\/li>\n<li>C\u0103ptu\u0219eal\u0103 boa care respinge umezeala<\/li>\n<li>Sistem de la\u021b Bungie cu \u00eenchidere Easy-Grab<\/li>\n<li>Talp\u0103 interioar\u0103 EVA deta\u0219abil\u0103 cu c\u0103ptu\u0219eal\u0103 boa<\/li>\n<li>Talp\u0103 exterioar\u0103 ATLAS din cauciuc sintetic care nu las\u0103 urme.<\/li>\n<\/ul>\n<h3>Caracteristici<\/h3>\n<ul>\n<li>Material de baz\u0103 &#8212; nailon<\/li>\n<li>Talp\u0103 exterioar\u0103 &#8212; ATLAS<\/li>\n<li>\u00cen\u0103l\u021bimea man\u0219etei &#8212; 19 cm<\/li>\n<li>Zona de confort &#8212; 32\u00b0C<\/li>\n<li>Sezonul &#8212; toamn\u0103\/iarn\u0103.<\/li>\n<\/ul>\n<h3>Tehnologie<\/h3>\n<ul>\n<li><strong>DriDefense<\/strong> &#8212; membrana impermeabil\u0103 v\u0103 men\u021bine picioarele uscate pe tot parcursul sezonului. Folose\u0219te o membran\u0103 respirabil\u0103 care permite umezelii s\u0103 ias\u0103 \u00een exterior f\u0103r\u0103 a l\u0103sa apa s\u0103 intre.<\/li>\n<\/ul>\n<p>\n<p><img decoding=\"async\" class=\"alignnone\" style=\"width: 100%;\" src=\"https:\/\/xstyle.md\/wp-content\/uploads\/2021\/01\/razmer_kamik_baby.jpg\" alt=\"\" \/><\/p>\n\n<\/p>\n<h3>Marca<\/h3>\n<p>Istoria m\u0103rcii Kamik s-a \u00eenceput \u00een 1898 odat\u0103 cu \u00eenfiin\u021barea cizm\u0103riei \u00een provincia canadian\u0103 Quebec. Afacerea firmei a mers cu diferite grade de succes, p\u00e2n\u0103 c\u00e2nd a fost angajat un manager pe nume William Cook. Acesta a fost cel care a adus afacerea la un nou nivel cu talentul s\u0103u comercial uimitor.<\/p>\n<p>Compania s-a extins, s-a mutat la Montreal \u0219i a devenit oficial The General Footwear Company. Cook a avut o calitate foarte valoroas\u0103 pentru un manager \u2014 el a distins cu acurate\u021be \u0219i a eviden\u021biat noile tehnologii promi\u021b\u0103toare \u00een produc\u021bia de \u00eenc\u0103l\u021b\u0103minte, apoi le-a aplicat cu succes \u00een activit\u0103\u021bile companiei. Drept urmare, Genfoot a c\u00e2\u0219tigat o popularitate imens\u0103, mai \u00eent\u00e2i \u00een Canada \u0219i apoi dincolo.<\/p>\n<p>Marca Kamik \u00een sine a fost dezvoltat\u0103 \u00een 1972 \u0219i a atras imediat aten\u021bia cu tehnologia sa \u00eenalt\u0103 la pre\u021buri foarte accesibile. Ini\u021bial, aceste produse au fost destinate v\u00e2n\u0103torilor, drume\u021bilor \u0219i altor persoane cu cerintele ridicate privind durabilitatea \u0219i rezisten\u021ba la ap\u0103 a incaltamintei, dar \u00een timp, calit\u0103\u021bile lor unice au \u00eenceput s\u0103 fie aplicate modelelor de purtare zilnic\u0103.<\/p>\n<p>","protected":false},"excerpt":{"rendered":"<p>Bocanci Kamik Jace black noir<\/p>","protected":false},"featured_media":21009,"comment_status":"open","ping_status":"closed","template":"","meta":{"_acf_changed":false,"inline_featured_image":false},"product_brand":[1356],"product_cat":[853],"product_tag":[],"class_list":{"0":"post-21010","1":"product","2":"type-product","3":"status-publish","4":"has-post-thumbnail","6":"product_brand-kamik","7":"product_cat-kids-fall-winter","9":"first","10":"instock","11":"shipping-taxable","12":"purchasable","13":"product-type-simple"},"acf":[],"yoast_head":"<!-- This site is optimized with the Yoast SEO plugin v27.2 - https:\/\/yoast.com\/product\/yoast-seo-wordpress\/ -->\n<title>\u0411\u043e\u0442\u0438\u043d\u043a\u0438 Kamik Jace black noir - \u041c\u0430\u0433\u0430\u0437\u0438\u043d Xstyle<\/title>\n<meta name=\"description\" content=\"\u0411\u043e\u0442\u0438\u043d\u043a\u0438 Kamik Jace black noir \u043f\u0440\u0435\u0434\u043b\u0430\u0433\u0430\u044e\u0442 \u0437\u0430\u0449\u0438\u0442\u0443 \u043e\u0442 \u0432\u043b\u0430\u0433\u0438 \u0438 \u043a\u043e\u043c\u0444\u043e\u0440\u0442 \u0432 \u043b\u044e\u0431\u0443\u044e \u043f\u043e\u0433\u043e\u0434\u0443, \u0438\u0434\u0435\u0430\u043b\u044c\u043d\u044b \u0434\u043b\u044f \u0430\u043a\u0442\u0438\u0432\u043d\u044b\u0445 \u0438\u0433\u0440 \u043d\u0430 \u0443\u043b\u0438\u0446\u0435. \u0423\u0437\u043d\u0430\u0439\u0442\u0435 \u0431\u043e\u043b\u044c\u0448\u0435 \u0441\u0435\u0439\u0447\u0430\u0441!\" \/>\n<meta name=\"robots\" content=\"index, follow, max-snippet:-1, max-image-preview:large, max-video-preview:-1\" \/>\n<link rel=\"canonical\" href=\"https:\/\/xstyle.md\/ro\/produs\/botinki-detskie-kamik-jace-black-noir\/\" \/>\n<meta property=\"og:locale\" content=\"ro_RO\" \/>\n<meta property=\"og:type\" content=\"article\" \/>\n<meta property=\"og:title\" content=\"\u0411\u043e\u0442\u0438\u043d\u043a\u0438 Kamik Jace black noir - \u041c\u0430\u0433\u0430\u0437\u0438\u043d Xstyle\" \/>\n<meta property=\"og:description\" content=\"\u0411\u043e\u0442\u0438\u043d\u043a\u0438 Kamik Jace black noir \u043f\u0440\u0435\u0434\u043b\u0430\u0433\u0430\u044e\u0442 \u0437\u0430\u0449\u0438\u0442\u0443 \u043e\u0442 \u0432\u043b\u0430\u0433\u0438 \u0438 \u043a\u043e\u043c\u0444\u043e\u0440\u0442 \u0432 \u043b\u044e\u0431\u0443\u044e \u043f\u043e\u0433\u043e\u0434\u0443, \u0438\u0434\u0435\u0430\u043b\u044c\u043d\u044b \u0434\u043b\u044f \u0430\u043a\u0442\u0438\u0432\u043d\u044b\u0445 \u0438\u0433\u0440 \u043d\u0430 \u0443\u043b\u0438\u0446\u0435. \u0423\u0437\u043d\u0430\u0439\u0442\u0435 \u0431\u043e\u043b\u044c\u0448\u0435 \u0441\u0435\u0439\u0447\u0430\u0441!\" \/>\n<meta property=\"og:url\" content=\"https:\/\/xstyle.md\/ro\/produs\/botinki-detskie-kamik-jace-black-noir\/\" \/>\n<meta property=\"og:site_name\" content=\"\u041c\u0430\u0433\u0430\u0437\u0438\u043d Xstyle\" \/>\n<meta property=\"article:publisher\" content=\"https:\/\/www.facebook.com\/xstylemd\" \/>\n<meta property=\"article:modified_time\" content=\"2026-03-04T09:20:15+00:00\" \/>\n<meta property=\"og:image\" content=\"https:\/\/xstyle.md\/wp-content\/uploads\/2020\/07\/k_w_jace_blk-t-w19.1562243166.jpg\" \/>\n\t<meta property=\"og:image:width\" content=\"960\" \/>\n\t<meta property=\"og:image:height\" content=\"960\" \/>\n\t<meta property=\"og:image:type\" content=\"image\/jpeg\" \/>\n<meta name=\"twitter:card\" content=\"summary_large_image\" \/>\n<meta name=\"twitter:label1\" content=\"Pre\u021b\" \/>\n\t<meta name=\"twitter:data1\" content=\"1.390&nbsp;MDL\" \/>\n\t<meta name=\"twitter:label2\" content=\"Disponibilitate\" \/>\n\t<meta name=\"twitter:data2\" content=\"\u00cen stoc\" \/>\n<script type=\"application\/ld+json\" class=\"yoast-schema-graph\">{\"@context\":\"https:\/\/schema.org\",\"@graph\":[{\"@type\":\"WebPage\",\"@id\":\"https:\/\/xstyle.md\/product\/botinki-detskie-kamik-jace-black-noir\/\",\"url\":\"https:\/\/xstyle.md\/product\/botinki-detskie-kamik-jace-black-noir\/\",\"name\":\"\u0411\u043e\u0442\u0438\u043d\u043a\u0438 Kamik Jace black noir - \u041c\u0430\u0433\u0430\u0437\u0438\u043d Xstyle\",\"isPartOf\":{\"@id\":\"https:\/\/xstyle.md\/#website\"},\"primaryImageOfPage\":{\"@id\":\"https:\/\/xstyle.md\/product\/botinki-detskie-kamik-jace-black-noir\/#primaryimage\"},\"image\":{\"@id\":\"https:\/\/xstyle.md\/product\/botinki-detskie-kamik-jace-black-noir\/#primaryimage\"},\"thumbnailUrl\":\"https:\/\/xstyle.md\/wp-content\/uploads\/2020\/07\/k_w_jace_blk-t-w19.1562243166.jpg\",\"datePublished\":\"2020-07-18T15:04:25+00:00\",\"dateModified\":\"2026-03-04T09:20:15+00:00\",\"description\":\"\u0411\u043e\u0442\u0438\u043d\u043a\u0438 Kamik Jace black noir \u043f\u0440\u0435\u0434\u043b\u0430\u0433\u0430\u044e\u0442 \u0437\u0430\u0449\u0438\u0442\u0443 \u043e\u0442 \u0432\u043b\u0430\u0433\u0438 \u0438 \u043a\u043e\u043c\u0444\u043e\u0440\u0442 \u0432 \u043b\u044e\u0431\u0443\u044e \u043f\u043e\u0433\u043e\u0434\u0443, \u0438\u0434\u0435\u0430\u043b\u044c\u043d\u044b \u0434\u043b\u044f \u0430\u043a\u0442\u0438\u0432\u043d\u044b\u0445 \u0438\u0433\u0440 \u043d\u0430 \u0443\u043b\u0438\u0446\u0435. \u0423\u0437\u043d\u0430\u0439\u0442\u0435 \u0431\u043e\u043b\u044c\u0448\u0435 \u0441\u0435\u0439\u0447\u0430\u0441!\",\"breadcrumb\":{\"@id\":\"https:\/\/xstyle.md\/product\/botinki-detskie-kamik-jace-black-noir\/#breadcrumb\"},\"inLanguage\":\"ro-RO\",\"potentialAction\":[{\"@type\":\"ReadAction\",\"target\":[\"https:\/\/xstyle.md\/product\/botinki-detskie-kamik-jace-black-noir\/\"]}]},{\"@type\":\"ImageObject\",\"inLanguage\":\"ro-RO\",\"@id\":\"https:\/\/xstyle.md\/product\/botinki-detskie-kamik-jace-black-noir\/#primaryimage\",\"url\":\"https:\/\/xstyle.md\/wp-content\/uploads\/2020\/07\/k_w_jace_blk-t-w19.1562243166.jpg\",\"contentUrl\":\"https:\/\/xstyle.md\/wp-content\/uploads\/2020\/07\/k_w_jace_blk-t-w19.1562243166.jpg\",\"width\":960,\"height\":960},{\"@type\":\"BreadcrumbList\",\"@id\":\"https:\/\/xstyle.md\/product\/botinki-detskie-kamik-jace-black-noir\/#breadcrumb\",\"itemListElement\":[{\"@type\":\"ListItem\",\"position\":1,\"name\":\"\u0413\u043b\u0430\u0432\u043d\u0430\u044f \u0441\u0442\u0440\u0430\u043d\u0438\u0446\u0430\",\"item\":\"https:\/\/xstyle.md\/\"},{\"@type\":\"ListItem\",\"position\":2,\"name\":\"\u041c\u0430\u0433\u0430\u0437\u0438\u043d\",\"item\":\"https:\/\/xstyle.md\/shop\/\"},{\"@type\":\"ListItem\",\"position\":3,\"name\":\"\u0411\u043e\u0442\u0438\u043d\u043a\u0438 Kamik Jace black noir\"}]},{\"@type\":\"WebSite\",\"@id\":\"https:\/\/xstyle.md\/#website\",\"url\":\"https:\/\/xstyle.md\/\",\"name\":\"\u041c\u0430\u0433\u0430\u0437\u0438\u043d Xstyle\",\"description\":\"C\u043d\u0430\u0440\u044f\u0436\u0435\u043d\u0438\u0435 \u0434\u043b\u044f \u0442\u0443\u0440\u0438\u0437\u043c\u0430 \u0438 \u044d\u043a\u0441\u0442\u0440\u0435\u043c\u0430\u043b\u044c\u043d\u044b\u0445 \u0432\u0438\u0434\u043e\u0432 \u0441\u043f\u043e\u0440\u0442\u0430 \u0432 \u041c\u043e\u043b\u0434\u043e\u0432\u0435.. \u0426\u0435\u043d\u044b, \u0444\u043e\u0442\u043e, \u0445\u0430\u0440\u0430\u043a\u0442\u0435\u0440\u0438\u0441\u0442\u0438\u043a\u0438 \u0432 \u041c\u043e\u043b\u0434\u043e\u0432\u0435.\",\"publisher\":{\"@id\":\"https:\/\/xstyle.md\/#organization\"},\"alternateName\":\"X-Style\",\"potentialAction\":[{\"@type\":\"SearchAction\",\"target\":{\"@type\":\"EntryPoint\",\"urlTemplate\":\"https:\/\/xstyle.md\/?s={search_term_string}\"},\"query-input\":{\"@type\":\"PropertyValueSpecification\",\"valueRequired\":true,\"valueName\":\"search_term_string\"}}],\"inLanguage\":\"ro-RO\"},{\"@type\":\"Organization\",\"@id\":\"https:\/\/xstyle.md\/#organization\",\"name\":\"\u041c\u0430\u0433\u0430\u0437\u0438\u043d Xstyle\",\"alternateName\":\"x-style\",\"url\":\"https:\/\/xstyle.md\/\",\"logo\":{\"@type\":\"ImageObject\",\"inLanguage\":\"ro-RO\",\"@id\":\"https:\/\/xstyle.md\/#\/schema\/logo\/image\/\",\"url\":\"https:\/\/xstyle.md\/wp-content\/uploads\/2020\/06\/logoicon.svg\",\"contentUrl\":\"https:\/\/xstyle.md\/wp-content\/uploads\/2020\/06\/logoicon.svg\",\"caption\":\"\u041c\u0430\u0433\u0430\u0437\u0438\u043d Xstyle\"},\"image\":{\"@id\":\"https:\/\/xstyle.md\/#\/schema\/logo\/image\/\"},\"sameAs\":[\"https:\/\/www.facebook.com\/xstylemd\",\"https:\/\/www.instagram.com\/xstyle_md\/\",\"https:\/\/t.me\/xstyle_outdoor\"],\"hasMerchantReturnPolicy\":{\"@type\":\"MerchantReturnPolicy\",\"merchantReturnLink\":\"https:\/\/xstyle.md\/ro\/conditions\/\"}}]}<\/script>\n<meta property=\"product:price:amount\" content=\"1390.00\" \/>\n<meta property=\"product:price:currency\" content=\"MDL\" \/>\n<meta property=\"og:availability\" content=\"instock\" \/>\n<meta property=\"product:availability\" content=\"instock\" \/>\n<meta property=\"product:retailer_item_id\" content=\"627574153415\" \/>\n<meta property=\"product:condition\" content=\"new\" \/>\n<!-- \/ Yoast SEO plugin. -->","yoast_head_json":{"title":"Bocanci Kamik Jace black noir - Magazin Xstyle","description":"Ghete Kamik Jace black noir ofer\u0103 protec\u021bie \u00eempotriva umezelii \u0219i confort \u00een orice vreme, ideale pentru jocuri active \u00een aer liber. Afl\u0103 mai multe acum!","robots":{"index":"index","follow":"follow","max-snippet":"max-snippet:-1","max-image-preview":"max-image-preview:large","max-video-preview":"max-video-preview:-1"},"canonical":"https:\/\/xstyle.md\/ro\/produs\/botinki-detskie-kamik-jace-black-noir\/","og_locale":"ro_RO","og_type":"article","og_title":"\u0411\u043e\u0442\u0438\u043d\u043a\u0438 Kamik Jace black noir - \u041c\u0430\u0433\u0430\u0437\u0438\u043d Xstyle","og_description":"\u0411\u043e\u0442\u0438\u043d\u043a\u0438 Kamik Jace black noir \u043f\u0440\u0435\u0434\u043b\u0430\u0433\u0430\u044e\u0442 \u0437\u0430\u0449\u0438\u0442\u0443 \u043e\u0442 \u0432\u043b\u0430\u0433\u0438 \u0438 \u043a\u043e\u043c\u0444\u043e\u0440\u0442 \u0432 \u043b\u044e\u0431\u0443\u044e \u043f\u043e\u0433\u043e\u0434\u0443, \u0438\u0434\u0435\u0430\u043b\u044c\u043d\u044b \u0434\u043b\u044f \u0430\u043a\u0442\u0438\u0432\u043d\u044b\u0445 \u0438\u0433\u0440 \u043d\u0430 \u0443\u043b\u0438\u0446\u0435. \u0423\u0437\u043d\u0430\u0439\u0442\u0435 \u0431\u043e\u043b\u044c\u0448\u0435 \u0441\u0435\u0439\u0447\u0430\u0441!","og_url":"https:\/\/xstyle.md\/ro\/produs\/botinki-detskie-kamik-jace-black-noir\/","og_site_name":"\u041c\u0430\u0433\u0430\u0437\u0438\u043d Xstyle","article_publisher":"https:\/\/www.facebook.com\/xstylemd","article_modified_time":"2026-03-04T09:20:15+00:00","og_image":[{"width":960,"height":960,"url":"https:\/\/xstyle.md\/wp-content\/uploads\/2020\/07\/k_w_jace_blk-t-w19.1562243166.jpg","type":"image\/jpeg"}],"twitter_card":"summary_large_image","twitter_misc":{"Pre\u021b":"1.390&nbsp;MDL","Disponibilitate":"\u00cen stoc"},"schema":{"@context":"https:\/\/schema.org","@graph":[{"@type":"WebPage","@id":"https:\/\/xstyle.md\/product\/botinki-detskie-kamik-jace-black-noir\/","url":"https:\/\/xstyle.md\/product\/botinki-detskie-kamik-jace-black-noir\/","name":"Bocanci Kamik Jace black noir - Magazin Xstyle","isPartOf":{"@id":"https:\/\/xstyle.md\/#website"},"primaryImageOfPage":{"@id":"https:\/\/xstyle.md\/product\/botinki-detskie-kamik-jace-black-noir\/#primaryimage"},"image":{"@id":"https:\/\/xstyle.md\/product\/botinki-detskie-kamik-jace-black-noir\/#primaryimage"},"thumbnailUrl":"https:\/\/xstyle.md\/wp-content\/uploads\/2020\/07\/k_w_jace_blk-t-w19.1562243166.jpg","datePublished":"2020-07-18T15:04:25+00:00","dateModified":"2026-03-04T09:20:15+00:00","description":"Ghete Kamik Jace black noir ofer\u0103 protec\u021bie \u00eempotriva umezelii \u0219i confort \u00een orice vreme, ideale pentru jocuri active \u00een aer liber. Afl\u0103 mai multe acum!","breadcrumb":{"@id":"https:\/\/xstyle.md\/product\/botinki-detskie-kamik-jace-black-noir\/#breadcrumb"},"inLanguage":"ro-RO","potentialAction":[{"@type":"ReadAction","target":["https:\/\/xstyle.md\/product\/botinki-detskie-kamik-jace-black-noir\/"]}]},{"@type":"ImageObject","inLanguage":"ro-RO","@id":"https:\/\/xstyle.md\/product\/botinki-detskie-kamik-jace-black-noir\/#primaryimage","url":"https:\/\/xstyle.md\/wp-content\/uploads\/2020\/07\/k_w_jace_blk-t-w19.1562243166.jpg","contentUrl":"https:\/\/xstyle.md\/wp-content\/uploads\/2020\/07\/k_w_jace_blk-t-w19.1562243166.jpg","width":960,"height":960},{"@type":"BreadcrumbList","@id":"https:\/\/xstyle.md\/product\/botinki-detskie-kamik-jace-black-noir\/#breadcrumb","itemListElement":[{"@type":"ListItem","position":1,"name":"\u0413\u043b\u0430\u0432\u043d\u0430\u044f \u0441\u0442\u0440\u0430\u043d\u0438\u0446\u0430","item":"https:\/\/xstyle.md\/"},{"@type":"ListItem","position":2,"name":"\u041c\u0430\u0433\u0430\u0437\u0438\u043d","item":"https:\/\/xstyle.md\/shop\/"},{"@type":"ListItem","position":3,"name":"\u0411\u043e\u0442\u0438\u043d\u043a\u0438 Kamik Jace black noir"}]},{"@type":"WebSite","@id":"https:\/\/xstyle.md\/#website","url":"https:\/\/xstyle.md\/","name":"Magazinul X-Style","description":"Echipamente pentru turism \u0219i sporturi extreme \u00een Moldova. Pre\u021buri, fotografii, caracteristici \u00een Moldova.","publisher":{"@id":"https:\/\/xstyle.md\/#organization"},"alternateName":"X-Style","potentialAction":[{"@type":"SearchAction","target":{"@type":"EntryPoint","urlTemplate":"https:\/\/xstyle.md\/?s={search_term_string}"},"query-input":{"@type":"PropertyValueSpecification","valueRequired":true,"valueName":"search_term_string"}}],"inLanguage":"ro-RO"},{"@type":"Organization","@id":"https:\/\/xstyle.md\/#organization","name":"Magazinul X-Style","alternateName":"x-style","url":"https:\/\/xstyle.md\/","logo":{"@type":"ImageObject","inLanguage":"ro-RO","@id":"https:\/\/xstyle.md\/#\/schema\/logo\/image\/","url":"https:\/\/xstyle.md\/wp-content\/uploads\/2020\/06\/logoicon.svg","contentUrl":"https:\/\/xstyle.md\/wp-content\/uploads\/2020\/06\/logoicon.svg","caption":"\u041c\u0430\u0433\u0430\u0437\u0438\u043d Xstyle"},"image":{"@id":"https:\/\/xstyle.md\/#\/schema\/logo\/image\/"},"sameAs":["https:\/\/www.facebook.com\/xstylemd","https:\/\/www.instagram.com\/xstyle_md\/","https:\/\/t.me\/xstyle_outdoor"],"hasMerchantReturnPolicy":{"@type":"MerchantReturnPolicy","merchantReturnLink":"https:\/\/xstyle.md\/ro\/conditions\/"}}]},"product_price_amount":"1390.00","product_price_currency":"MDL","og_availability":"instock","product_availability":"instock","product_retailer_item_id":"627574153415","product_condition":"new"},"post_mailing_queue_ids":[],"_links":{"self":[{"href":"https:\/\/xstyle.md\/ro\/wp-json\/wp\/v2\/product\/21010","targetHints":{"allow":["GET"]}}],"collection":[{"href":"https:\/\/xstyle.md\/ro\/wp-json\/wp\/v2\/product"}],"about":[{"href":"https:\/\/xstyle.md\/ro\/wp-json\/wp\/v2\/types\/product"}],"replies":[{"embeddable":true,"href":"https:\/\/xstyle.md\/ro\/wp-json\/wp\/v2\/comments?post=21010"}],"wp:featuredmedia":[{"embeddable":true,"href":"https:\/\/xstyle.md\/ro\/wp-json\/wp\/v2\/media\/21009"}],"wp:attachment":[{"href":"https:\/\/xstyle.md\/ro\/wp-json\/wp\/v2\/media?parent=21010"}],"wp:term":[{"taxonomy":"product_brand","embeddable":true,"href":"https:\/\/xstyle.md\/ro\/wp-json\/wp\/v2\/product_brand?post=21010"},{"taxonomy":"product_cat","embeddable":true,"href":"https:\/\/xstyle.md\/ro\/wp-json\/wp\/v2\/product_cat?post=21010"},{"taxonomy":"product_tag","embeddable":true,"href":"https:\/\/xstyle.md\/ro\/wp-json\/wp\/v2\/product_tag?post=21010"}],"curies":[{"name":"wp","href":"https:\/\/api.w.org\/{rel}","templated":true}]}}