{"id":20944,"date":"2020-07-18T18:02:30","date_gmt":"2020-07-18T15:02:30","guid":{"rendered":"https:\/\/xstyle.md\/product\/gornolyzhnyj-shlem-julbo-promethee-blue-black"},"modified":"2026-01-27T15:56:54","modified_gmt":"2026-01-27T12:56:54","slug":"gornolyzhnyj-shlem-julbo-promethee-blue-black","status":"publish","type":"product","link":"https:\/\/xstyle.md\/ro\/produs\/gornolyzhnyj-shlem-julbo-promethee-blue-black\/","title":{"rendered":"Casc\u0103 schi Julbo Promethee Blue\/Black"},"content":{"rendered":"<\/p>\n<p><strong>Casc\u0103 schi Julbo Promethee <\/strong>&#8212; o\u00a0casc\u0103 de freeride elegant\u0103 care combin\u0103 protec\u021bia perfect\u0103, ventila\u021bia reglabil\u0103 \u0219i confortul maxim. Carcasa hibrid\u0103 va oferi o protec\u021bie fiabil\u0103 printr-o combina\u021bie de construc\u021bie In-mold \u0219i o carcas\u0103 exterioar\u0103 durabil\u0103 din ABS.<\/p>\n<p>Construc\u021bia In-mold este o fuziune a unei cochilii superioare din policarbonat ABS rezistent \u0219i a unui strat interior de material care absoarbe \u0219ocurile. Designul protejeaz\u0103 at\u00e2t \u00eempotriva impacturilor directe, c\u00e2t \u0219i a celor din orbit\u0103, f\u0103c\u00e2nd casca mai u\u0219oar\u0103, mai puternic\u0103 \u0219i mai bine ventilat\u0103.<\/p>\n<p>Ajustarea reglabil\u0103 permite reglaje rapide, cu o singur\u0103 atingere, pentru a maximiza ajustarea. Sistem de ventila\u021bie cu reglare u\u0219oar\u0103 \u0219i convenabil\u0103 a fluxului de aer pentru confort \u00een toate condi\u021biile de utilizare.<\/p>\n<h3>Particularit\u0103\u021bi<\/h3>\n<ul>\n<li>O potrivire care poate fi ajustat\u0103 cu precizie<\/li>\n<li>Ventila\u021bia poate fi ajustat\u0103 \u00een func\u021bie de condi\u021bii \u0219i utilizare<\/li>\n<li>Casc\u0103 cu pernu\u021be flexibile pentru urechi<\/li>\n<li>Combina\u021bie de tehnologie in-mold pe partea inferioar\u0103 \u0219i ABS pe partea superioar\u0103 pentru rezisten\u021b\u0103 la impact \u0219i u\u0219urin\u021b\u0103<\/li>\n<li>Cureaua c\u0103\u0219tii se \u00eenchide u\u0219or datorit\u0103 clemei magnetice<\/li>\n<li>Pernu\u021be pentru urechi deta\u0219abile<\/li>\n<li>Clip \u00een partea din spate a c\u0103\u0219tii pentru a fixa cureaua m\u0103\u0219tii \u0219i a o men\u021bine la locul ei<\/li>\n<li>Trei canale de ventila\u021bie \u00eempiedic\u0103 masca s\u0103 se \u00eence\u021bo\u0219eze, chiar \u0219i atunci c\u00e2nd lucrurile se \u00eenc\u0103lzesc.<\/li>\n<\/ul>\n<h3>Caracteristici<\/h3>\n<ul>\n<li>Scop &#8212; universal<\/li>\n<li>Ventila\u021bie &#8212; activ\u0103<\/li>\n<li>Construc\u021bie &#8212; \u00een mucegai<\/li>\n<li>Certificare &#8212; EN 1077.<\/li>\n<\/ul>\n<h3>Tehnologie<\/h3>\n<ul>\n<li><strong>In-mold<\/strong> &#8212; \u00eenveli\u0219ul interior din EPS este acoperit cu un strat sub\u021bire de policarbonat turnat prin injec\u021bie. De aici \u0219i denumirea In-Mold, prescurtare de la &#171;injec\u021bie turnat\u0103&#187;. Aceast\u0103 construc\u021bie este mult mai u\u0219oar\u0103 dec\u00e2t omologii s\u0103i \u0219i este potrivit\u0103 pentru majoritatea schiorilor care nu \u00ee\u0219i sfideaz\u0103 soarta \u00een c\u0103utare de adrenalin\u0103.<\/li>\n<li><strong>R-Fit<\/strong> &#8212; v\u0103 permite s\u0103 regla\u021bi cu precizie casca pentru un suport \u0219i mai mare, pentru mai mult\u0103 siguran\u021b\u0103 \u0219i confort. Simplitatea sistemului &#8212; cu dou\u0103 chingi ata\u0219ate la casc\u0103 \u0219i un disc de reglare, pute\u021bi ajusta rapid \u0219i u\u0219or casca la orice condi\u021bii de utilizare.<\/li>\n<li><strong>Half shell<\/strong> &#8212; casc\u0103 cu pernu\u021be flexibile pentru urechi.<\/li>\n<li><strong>Hybrid shell<\/strong> &#8212; o\u00a0combina\u021bie de tehnologie turnat\u0103 \u00een partea inferioar\u0103 \u0219i ABS \u00een partea superioar\u0103 pentru rezisten\u021b\u0103 la impact \u0219i u\u0219urin\u021b\u0103.<\/li>\n<li><strong>Magnetic closure Fidlock\u00ae<\/strong> &#8212; cureaua pentru casc\u0103 se \u00eenchide cu u\u0219urin\u021b\u0103 datorit\u0103 clemei magnetice.<\/li>\n<\/ul>\n<h3>Marca<\/h3>\n<p>Julbo este un brand francez de renume mondial care produce ochelari de sport de \u00eenalt\u0103 calitate, ochelari pentru sporturi nautice, ochelari pentru alpinism la mare altitudine, m\u0103\u0219ti pentru sporturi de iarn\u0103, c\u0103\u0219ti de schi \u0219i multe altele. Aceast\u0103 companie are o istorie de peste 130 de ani, iar \u00een acest timp s-a dezvoltat de la o mic\u0103 firm\u0103 de familie la un juc\u0103tor important pe pia\u021ba global\u0103. Julbo a devenit un veritabil expert \u0219i un punct de referin\u021b\u0103 \u00een dezvoltarea opticii pentru utilizarea \u00een condi\u021bii extreme. Experien\u021ba acumulat\u0103 de-a lungul anilor, tehnologiile inovatoare \u0219i cooperarea cu sportivii au dus la o gam\u0103 larg\u0103 de produse care au c\u00e2\u0219tigat o mare popularitate \u00een \u00eentreaga lume.<\/p>\n<p><\/p>","protected":false},"excerpt":{"rendered":"<p>Casc\u0103 schi Julbo Promethee Blue\/Black<\/p>","protected":false},"featured_media":20943,"comment_status":"open","ping_status":"closed","template":"","meta":{"_acf_changed":false,"inline_featured_image":false},"product_brand":[1294],"product_cat":[355],"product_tag":[],"class_list":{"0":"post-20944","1":"product","2":"type-product","3":"status-publish","4":"has-post-thumbnail","6":"product_brand-julbo","7":"product_cat-ski-helmet","9":"first","10":"outofstock","11":"shipping-taxable","12":"product-type-simple"},"acf":[],"yoast_head":"<!-- This site is optimized with the Yoast SEO plugin v27.2 - https:\/\/yoast.com\/product\/yoast-seo-wordpress\/ -->\n<title>\u0413\u043e\u0440\u043d\u043e\u043b\u044b\u0436\u043d\u044b\u0439 \u0448\u043b\u0435\u043c Julbo Promethee Blue\/Black - \u041c\u0430\u0433\u0430\u0437\u0438\u043d Xstyle<\/title>\n<meta name=\"description\" content=\"\u0413\u043e\u0440\u043d\u043e\u043b\u044b\u0436\u043d\u044b\u0439 \u0448\u043b\u0435\u043c Julbo Promethee Blue\/Black \u2014 \u0438\u0434\u0435\u0430\u043b\u044c\u043d\u0430\u044f \u0437\u0430\u0449\u0438\u0442\u0430 \u0438 \u043a\u043e\u043c\u0444\u043e\u0440\u0442. \u0420\u0435\u0433\u0443\u043b\u0438\u0440\u0443\u0435\u043c\u0430\u044f \u0432\u0435\u043d\u0442\u0438\u043b\u044f\u0446\u0438\u044f, \u0433\u0438\u0431\u0440\u0438\u0434\u043d\u0430\u044f \u043e\u0431\u043e\u043b\u043e\u0447\u043a\u0430, \u043c\u0430\u0433\u043d\u0438\u0442\u043d\u043e\u0435 \u0437\u0430\u043a\u0440\u044b\u0442\u0438\u0435 Fidlock.\" \/>\n<meta name=\"robots\" content=\"index, follow, max-snippet:-1, max-image-preview:large, max-video-preview:-1\" \/>\n<link rel=\"canonical\" href=\"https:\/\/xstyle.md\/ro\/produs\/gornolyzhnyj-shlem-julbo-promethee-blue-black\/\" \/>\n<meta property=\"og:locale\" content=\"ro_RO\" \/>\n<meta property=\"og:type\" content=\"article\" \/>\n<meta property=\"og:title\" content=\"\u0413\u043e\u0440\u043d\u043e\u043b\u044b\u0436\u043d\u044b\u0439 \u0448\u043b\u0435\u043c Julbo Promethee Blue\/Black - \u041c\u0430\u0433\u0430\u0437\u0438\u043d Xstyle\" \/>\n<meta property=\"og:description\" content=\"\u0413\u043e\u0440\u043d\u043e\u043b\u044b\u0436\u043d\u044b\u0439 \u0448\u043b\u0435\u043c Julbo Promethee Blue\/Black \u2014 \u0438\u0434\u0435\u0430\u043b\u044c\u043d\u0430\u044f \u0437\u0430\u0449\u0438\u0442\u0430 \u0438 \u043a\u043e\u043c\u0444\u043e\u0440\u0442. \u0420\u0435\u0433\u0443\u043b\u0438\u0440\u0443\u0435\u043c\u0430\u044f \u0432\u0435\u043d\u0442\u0438\u043b\u044f\u0446\u0438\u044f, \u0433\u0438\u0431\u0440\u0438\u0434\u043d\u0430\u044f \u043e\u0431\u043e\u043b\u043e\u0447\u043a\u0430, \u043c\u0430\u0433\u043d\u0438\u0442\u043d\u043e\u0435 \u0437\u0430\u043a\u0440\u044b\u0442\u0438\u0435 Fidlock.\" \/>\n<meta property=\"og:url\" content=\"https:\/\/xstyle.md\/ro\/produs\/gornolyzhnyj-shlem-julbo-promethee-blue-black\/\" \/>\n<meta property=\"og:site_name\" content=\"\u041c\u0430\u0433\u0430\u0437\u0438\u043d Xstyle\" \/>\n<meta property=\"article:publisher\" content=\"https:\/\/www.facebook.com\/xstylemd\" \/>\n<meta property=\"article:modified_time\" content=\"2026-01-27T12:56:54+00:00\" \/>\n<meta property=\"og:image\" content=\"https:\/\/xstyle.md\/wp-content\/uploads\/2020\/07\/49592principale_1.jpg\" \/>\n\t<meta property=\"og:image:width\" content=\"300\" \/>\n\t<meta property=\"og:image:height\" content=\"300\" \/>\n\t<meta property=\"og:image:type\" content=\"image\/jpeg\" \/>\n<meta name=\"twitter:card\" content=\"summary_large_image\" \/>\n<meta name=\"twitter:label1\" content=\"Pre\u021b\" \/>\n\t<meta name=\"twitter:data1\" content=\"2.990&nbsp;MDL\" \/>\n\t<meta name=\"twitter:label2\" content=\"Disponibilitate\" \/>\n\t<meta name=\"twitter:data2\" content=\"Stoc epuizat\" \/>\n<script type=\"application\/ld+json\" class=\"yoast-schema-graph\">{\"@context\":\"https:\/\/schema.org\",\"@graph\":[{\"@type\":\"WebPage\",\"@id\":\"https:\/\/xstyle.md\/product\/gornolyzhnyj-shlem-julbo-promethee-blue-black\/\",\"url\":\"https:\/\/xstyle.md\/product\/gornolyzhnyj-shlem-julbo-promethee-blue-black\/\",\"name\":\"\u0413\u043e\u0440\u043d\u043e\u043b\u044b\u0436\u043d\u044b\u0439 \u0448\u043b\u0435\u043c Julbo Promethee Blue\/Black - \u041c\u0430\u0433\u0430\u0437\u0438\u043d Xstyle\",\"isPartOf\":{\"@id\":\"https:\/\/xstyle.md\/#website\"},\"primaryImageOfPage\":{\"@id\":\"https:\/\/xstyle.md\/product\/gornolyzhnyj-shlem-julbo-promethee-blue-black\/#primaryimage\"},\"image\":{\"@id\":\"https:\/\/xstyle.md\/product\/gornolyzhnyj-shlem-julbo-promethee-blue-black\/#primaryimage\"},\"thumbnailUrl\":\"https:\/\/xstyle.md\/wp-content\/uploads\/2020\/07\/49592principale_1.jpg\",\"datePublished\":\"2020-07-18T15:02:30+00:00\",\"dateModified\":\"2026-01-27T12:56:54+00:00\",\"description\":\"\u0413\u043e\u0440\u043d\u043e\u043b\u044b\u0436\u043d\u044b\u0439 \u0448\u043b\u0435\u043c Julbo Promethee Blue\/Black \u2014 \u0438\u0434\u0435\u0430\u043b\u044c\u043d\u0430\u044f \u0437\u0430\u0449\u0438\u0442\u0430 \u0438 \u043a\u043e\u043c\u0444\u043e\u0440\u0442. \u0420\u0435\u0433\u0443\u043b\u0438\u0440\u0443\u0435\u043c\u0430\u044f \u0432\u0435\u043d\u0442\u0438\u043b\u044f\u0446\u0438\u044f, \u0433\u0438\u0431\u0440\u0438\u0434\u043d\u0430\u044f \u043e\u0431\u043e\u043b\u043e\u0447\u043a\u0430, \u043c\u0430\u0433\u043d\u0438\u0442\u043d\u043e\u0435 \u0437\u0430\u043a\u0440\u044b\u0442\u0438\u0435 Fidlock.\",\"breadcrumb\":{\"@id\":\"https:\/\/xstyle.md\/product\/gornolyzhnyj-shlem-julbo-promethee-blue-black\/#breadcrumb\"},\"inLanguage\":\"ro-RO\",\"potentialAction\":[{\"@type\":\"ReadAction\",\"target\":[\"https:\/\/xstyle.md\/product\/gornolyzhnyj-shlem-julbo-promethee-blue-black\/\"]}]},{\"@type\":\"ImageObject\",\"inLanguage\":\"ro-RO\",\"@id\":\"https:\/\/xstyle.md\/product\/gornolyzhnyj-shlem-julbo-promethee-blue-black\/#primaryimage\",\"url\":\"https:\/\/xstyle.md\/wp-content\/uploads\/2020\/07\/49592principale_1.jpg\",\"contentUrl\":\"https:\/\/xstyle.md\/wp-content\/uploads\/2020\/07\/49592principale_1.jpg\",\"width\":300,\"height\":300},{\"@type\":\"BreadcrumbList\",\"@id\":\"https:\/\/xstyle.md\/product\/gornolyzhnyj-shlem-julbo-promethee-blue-black\/#breadcrumb\",\"itemListElement\":[{\"@type\":\"ListItem\",\"position\":1,\"name\":\"\u0413\u043b\u0430\u0432\u043d\u0430\u044f \u0441\u0442\u0440\u0430\u043d\u0438\u0446\u0430\",\"item\":\"https:\/\/xstyle.md\/\"},{\"@type\":\"ListItem\",\"position\":2,\"name\":\"\u041c\u0430\u0433\u0430\u0437\u0438\u043d\",\"item\":\"https:\/\/xstyle.md\/shop\/\"},{\"@type\":\"ListItem\",\"position\":3,\"name\":\"\u0413\u043e\u0440\u043d\u043e\u043b\u044b\u0436\u043d\u044b\u0439 \u0448\u043b\u0435\u043c Julbo Promethee Blue\/Black\"}]},{\"@type\":\"WebSite\",\"@id\":\"https:\/\/xstyle.md\/#website\",\"url\":\"https:\/\/xstyle.md\/\",\"name\":\"\u041c\u0430\u0433\u0430\u0437\u0438\u043d Xstyle\",\"description\":\"C\u043d\u0430\u0440\u044f\u0436\u0435\u043d\u0438\u0435 \u0434\u043b\u044f \u0442\u0443\u0440\u0438\u0437\u043c\u0430 \u0438 \u044d\u043a\u0441\u0442\u0440\u0435\u043c\u0430\u043b\u044c\u043d\u044b\u0445 \u0432\u0438\u0434\u043e\u0432 \u0441\u043f\u043e\u0440\u0442\u0430 \u0432 \u041c\u043e\u043b\u0434\u043e\u0432\u0435.. \u0426\u0435\u043d\u044b, \u0444\u043e\u0442\u043e, \u0445\u0430\u0440\u0430\u043a\u0442\u0435\u0440\u0438\u0441\u0442\u0438\u043a\u0438 \u0432 \u041c\u043e\u043b\u0434\u043e\u0432\u0435.\",\"publisher\":{\"@id\":\"https:\/\/xstyle.md\/#organization\"},\"alternateName\":\"X-Style\",\"potentialAction\":[{\"@type\":\"SearchAction\",\"target\":{\"@type\":\"EntryPoint\",\"urlTemplate\":\"https:\/\/xstyle.md\/?s={search_term_string}\"},\"query-input\":{\"@type\":\"PropertyValueSpecification\",\"valueRequired\":true,\"valueName\":\"search_term_string\"}}],\"inLanguage\":\"ro-RO\"},{\"@type\":\"Organization\",\"@id\":\"https:\/\/xstyle.md\/#organization\",\"name\":\"\u041c\u0430\u0433\u0430\u0437\u0438\u043d Xstyle\",\"alternateName\":\"x-style\",\"url\":\"https:\/\/xstyle.md\/\",\"logo\":{\"@type\":\"ImageObject\",\"inLanguage\":\"ro-RO\",\"@id\":\"https:\/\/xstyle.md\/#\/schema\/logo\/image\/\",\"url\":\"https:\/\/xstyle.md\/wp-content\/uploads\/2020\/06\/logoicon.svg\",\"contentUrl\":\"https:\/\/xstyle.md\/wp-content\/uploads\/2020\/06\/logoicon.svg\",\"caption\":\"\u041c\u0430\u0433\u0430\u0437\u0438\u043d Xstyle\"},\"image\":{\"@id\":\"https:\/\/xstyle.md\/#\/schema\/logo\/image\/\"},\"sameAs\":[\"https:\/\/www.facebook.com\/xstylemd\",\"https:\/\/www.instagram.com\/xstyle_md\/\",\"https:\/\/t.me\/xstyle_outdoor\"],\"hasMerchantReturnPolicy\":{\"@type\":\"MerchantReturnPolicy\",\"merchantReturnLink\":\"https:\/\/xstyle.md\/ro\/conditions\/\"}}]}<\/script>\n<meta property=\"product:price:amount\" content=\"2990.00\" \/>\n<meta property=\"product:price:currency\" content=\"MDL\" \/>\n<meta property=\"og:availability\" content=\"out of stock\" \/>\n<meta property=\"product:availability\" content=\"out of stock\" \/>\n<meta property=\"product:retailer_item_id\" content=\"3660576906679\" \/>\n<meta property=\"product:condition\" content=\"new\" \/>\n<!-- \/ Yoast SEO plugin. -->","yoast_head_json":{"title":"Casc\u0103 schi Julbo Promethee Blue\/Black - Magazin Xstyle","description":"Casca de schi Julbo Promethee Blue\/Black \u2014 protec\u021bie \u0219i confort ideale. Ventila\u021bie reglabil\u0103, carcas\u0103 hibrid\u0103, \u00eenchidere magnetic\u0103 Fidlock.","robots":{"index":"index","follow":"follow","max-snippet":"max-snippet:-1","max-image-preview":"max-image-preview:large","max-video-preview":"max-video-preview:-1"},"canonical":"https:\/\/xstyle.md\/ro\/produs\/gornolyzhnyj-shlem-julbo-promethee-blue-black\/","og_locale":"ro_RO","og_type":"article","og_title":"\u0413\u043e\u0440\u043d\u043e\u043b\u044b\u0436\u043d\u044b\u0439 \u0448\u043b\u0435\u043c Julbo Promethee Blue\/Black - \u041c\u0430\u0433\u0430\u0437\u0438\u043d Xstyle","og_description":"\u0413\u043e\u0440\u043d\u043e\u043b\u044b\u0436\u043d\u044b\u0439 \u0448\u043b\u0435\u043c Julbo Promethee Blue\/Black \u2014 \u0438\u0434\u0435\u0430\u043b\u044c\u043d\u0430\u044f \u0437\u0430\u0449\u0438\u0442\u0430 \u0438 \u043a\u043e\u043c\u0444\u043e\u0440\u0442. \u0420\u0435\u0433\u0443\u043b\u0438\u0440\u0443\u0435\u043c\u0430\u044f \u0432\u0435\u043d\u0442\u0438\u043b\u044f\u0446\u0438\u044f, \u0433\u0438\u0431\u0440\u0438\u0434\u043d\u0430\u044f \u043e\u0431\u043e\u043b\u043e\u0447\u043a\u0430, \u043c\u0430\u0433\u043d\u0438\u0442\u043d\u043e\u0435 \u0437\u0430\u043a\u0440\u044b\u0442\u0438\u0435 Fidlock.","og_url":"https:\/\/xstyle.md\/ro\/produs\/gornolyzhnyj-shlem-julbo-promethee-blue-black\/","og_site_name":"\u041c\u0430\u0433\u0430\u0437\u0438\u043d Xstyle","article_publisher":"https:\/\/www.facebook.com\/xstylemd","article_modified_time":"2026-01-27T12:56:54+00:00","og_image":[{"width":300,"height":300,"url":"https:\/\/xstyle.md\/wp-content\/uploads\/2020\/07\/49592principale_1.jpg","type":"image\/jpeg"}],"twitter_card":"summary_large_image","twitter_misc":{"Pre\u021b":"2.990&nbsp;MDL","Disponibilitate":"Stoc epuizat"},"schema":{"@context":"https:\/\/schema.org","@graph":[{"@type":"WebPage","@id":"https:\/\/xstyle.md\/product\/gornolyzhnyj-shlem-julbo-promethee-blue-black\/","url":"https:\/\/xstyle.md\/product\/gornolyzhnyj-shlem-julbo-promethee-blue-black\/","name":"Casc\u0103 schi Julbo Promethee Blue\/Black - Magazin Xstyle","isPartOf":{"@id":"https:\/\/xstyle.md\/#website"},"primaryImageOfPage":{"@id":"https:\/\/xstyle.md\/product\/gornolyzhnyj-shlem-julbo-promethee-blue-black\/#primaryimage"},"image":{"@id":"https:\/\/xstyle.md\/product\/gornolyzhnyj-shlem-julbo-promethee-blue-black\/#primaryimage"},"thumbnailUrl":"https:\/\/xstyle.md\/wp-content\/uploads\/2020\/07\/49592principale_1.jpg","datePublished":"2020-07-18T15:02:30+00:00","dateModified":"2026-01-27T12:56:54+00:00","description":"Casca de schi Julbo Promethee Blue\/Black \u2014 protec\u021bie \u0219i confort ideale. Ventila\u021bie reglabil\u0103, carcas\u0103 hibrid\u0103, \u00eenchidere magnetic\u0103 Fidlock.","breadcrumb":{"@id":"https:\/\/xstyle.md\/product\/gornolyzhnyj-shlem-julbo-promethee-blue-black\/#breadcrumb"},"inLanguage":"ro-RO","potentialAction":[{"@type":"ReadAction","target":["https:\/\/xstyle.md\/product\/gornolyzhnyj-shlem-julbo-promethee-blue-black\/"]}]},{"@type":"ImageObject","inLanguage":"ro-RO","@id":"https:\/\/xstyle.md\/product\/gornolyzhnyj-shlem-julbo-promethee-blue-black\/#primaryimage","url":"https:\/\/xstyle.md\/wp-content\/uploads\/2020\/07\/49592principale_1.jpg","contentUrl":"https:\/\/xstyle.md\/wp-content\/uploads\/2020\/07\/49592principale_1.jpg","width":300,"height":300},{"@type":"BreadcrumbList","@id":"https:\/\/xstyle.md\/product\/gornolyzhnyj-shlem-julbo-promethee-blue-black\/#breadcrumb","itemListElement":[{"@type":"ListItem","position":1,"name":"\u0413\u043b\u0430\u0432\u043d\u0430\u044f \u0441\u0442\u0440\u0430\u043d\u0438\u0446\u0430","item":"https:\/\/xstyle.md\/"},{"@type":"ListItem","position":2,"name":"\u041c\u0430\u0433\u0430\u0437\u0438\u043d","item":"https:\/\/xstyle.md\/shop\/"},{"@type":"ListItem","position":3,"name":"\u0413\u043e\u0440\u043d\u043e\u043b\u044b\u0436\u043d\u044b\u0439 \u0448\u043b\u0435\u043c Julbo Promethee Blue\/Black"}]},{"@type":"WebSite","@id":"https:\/\/xstyle.md\/#website","url":"https:\/\/xstyle.md\/","name":"Magazinul X-Style","description":"Echipamente pentru turism \u0219i sporturi extreme \u00een Moldova. Pre\u021buri, fotografii, caracteristici \u00een Moldova.","publisher":{"@id":"https:\/\/xstyle.md\/#organization"},"alternateName":"X-Style","potentialAction":[{"@type":"SearchAction","target":{"@type":"EntryPoint","urlTemplate":"https:\/\/xstyle.md\/?s={search_term_string}"},"query-input":{"@type":"PropertyValueSpecification","valueRequired":true,"valueName":"search_term_string"}}],"inLanguage":"ro-RO"},{"@type":"Organization","@id":"https:\/\/xstyle.md\/#organization","name":"Magazinul X-Style","alternateName":"x-style","url":"https:\/\/xstyle.md\/","logo":{"@type":"ImageObject","inLanguage":"ro-RO","@id":"https:\/\/xstyle.md\/#\/schema\/logo\/image\/","url":"https:\/\/xstyle.md\/wp-content\/uploads\/2020\/06\/logoicon.svg","contentUrl":"https:\/\/xstyle.md\/wp-content\/uploads\/2020\/06\/logoicon.svg","caption":"\u041c\u0430\u0433\u0430\u0437\u0438\u043d Xstyle"},"image":{"@id":"https:\/\/xstyle.md\/#\/schema\/logo\/image\/"},"sameAs":["https:\/\/www.facebook.com\/xstylemd","https:\/\/www.instagram.com\/xstyle_md\/","https:\/\/t.me\/xstyle_outdoor"],"hasMerchantReturnPolicy":{"@type":"MerchantReturnPolicy","merchantReturnLink":"https:\/\/xstyle.md\/ro\/conditions\/"}}]},"product_price_amount":"2990.00","product_price_currency":"MDL","og_availability":"out of stock","product_availability":"out of stock","product_retailer_item_id":"3660576906679","product_condition":"new"},"post_mailing_queue_ids":[],"_links":{"self":[{"href":"https:\/\/xstyle.md\/ro\/wp-json\/wp\/v2\/product\/20944","targetHints":{"allow":["GET"]}}],"collection":[{"href":"https:\/\/xstyle.md\/ro\/wp-json\/wp\/v2\/product"}],"about":[{"href":"https:\/\/xstyle.md\/ro\/wp-json\/wp\/v2\/types\/product"}],"replies":[{"embeddable":true,"href":"https:\/\/xstyle.md\/ro\/wp-json\/wp\/v2\/comments?post=20944"}],"wp:featuredmedia":[{"embeddable":true,"href":"https:\/\/xstyle.md\/ro\/wp-json\/wp\/v2\/media\/20943"}],"wp:attachment":[{"href":"https:\/\/xstyle.md\/ro\/wp-json\/wp\/v2\/media?parent=20944"}],"wp:term":[{"taxonomy":"product_brand","embeddable":true,"href":"https:\/\/xstyle.md\/ro\/wp-json\/wp\/v2\/product_brand?post=20944"},{"taxonomy":"product_cat","embeddable":true,"href":"https:\/\/xstyle.md\/ro\/wp-json\/wp\/v2\/product_cat?post=20944"},{"taxonomy":"product_tag","embeddable":true,"href":"https:\/\/xstyle.md\/ro\/wp-json\/wp\/v2\/product_tag?post=20944"}],"curies":[{"name":"wp","href":"https:\/\/api.w.org\/{rel}","templated":true}]}}