{"id":20786,"date":"2020-07-18T17:56:23","date_gmt":"2020-07-18T14:56:23","guid":{"rendered":"https:\/\/xstyle.md\/?post_type=product&#038;p=20786"},"modified":"2025-10-24T12:34:16","modified_gmt":"2025-10-24T09:34:16","slug":"nozh-firebird-fh12-ss","status":"publish","type":"product","link":"https:\/\/xstyle.md\/ro\/produs\/nozh-firebird-fh12-ss\/","title":{"rendered":"Cu\u0163it Firebird FH12-SS"},"content":{"rendered":"<\/p>\n<p><strong>Cu\u021bit Firebird FH12-SS<\/strong> &#8212; potrivit pentru to\u021bi iubitorii de activit\u0103\u021bi \u00een aer liber. Acesta este un cu\u021bit pliabil, cu un blocaj-cadru fiabil confec\u021bionat din o\u021bel de \u00eenalt\u0103 calitate, cu un nivel ridicat de duritate.<\/p>\n<p>Un model universal al unui cu\u021bit pliabil, adresat turi\u0219tilor \u0219i iubitorilor altor tipuri de timp liber. Are parametri buni, potrivi\u021bi pentru pescari, v\u00e2n\u0103tori, lucr\u0103tori care au nevoie de un instrument suplimentar. \u00cen acela\u0219i timp, designul cu\u021bitului a fost ales concis \u0219i elegant, ceea ce este \u0219i avantajul acestuia.<\/p>\n<p>Lama acestui model este potrivit\u0103 pentru a lucra cu o varietate de materiale, deoarece este ascu\u021bit\u0103 f\u0103r\u0103 probleme, iar duritatea ridicat\u0103 a metalului face ca t\u0103i\u0219ul s\u0103 fie rezistent la cute. O\u021belul D2 este semi-inoxidabil, de aceea se recomand\u0103 s\u0103 p\u0103stra\u021bi cu\u021bitul la uscat. Acest metal este \u00eent\u0103rit p\u00e2n\u0103 la o duritate de 60HRC. Pentru a ascu\u021bi un astfel de cu\u021bit, este necesar\u0103 o anumit\u0103 \u00eendem\u00e2nare, cu toate acestea, este posibil s\u0103 face\u021bi acest lucru chiar \u0219i \u00een condi\u021bii de teren. O alt\u0103 caracteristic\u0103 a Firebird FH12-SS este c\u0103 lama este fabricat\u0103 aproape mat\u0103 prin m\u0103cinarea metalului folosind metoda Stone Washed.<\/p>\n<p>M\u00e2nerul este, de asemenea, realizat integral din o\u021bel, de\u0219i o\u021belul inoxidabil este ales pentru acesta. Are o form\u0103 foarte simpl\u0103 \u0219i are doar o crest\u0103tur\u0103 sub degete de jos. Apropo, cu\u021bitul se deschide cu o aripioar\u0103 \u0219i \u00een form\u0103 deschis\u0103 ofer\u0103 o protec\u021bie suplimentar\u0103 degetelor, continu\u00e2nd linia acestei ad\u00e2ncituri pe m\u00e2ner. De asemenea, o clem\u0103 de o\u021bel este \u00een\u0219urubat\u0103 pe m\u00e2nerul cu\u021bitului, care poate fi rearanjat cu u\u0219urin\u021b\u0103 \u00een cealalt\u0103 parte.<\/p>\n<p>Este absolut sigur s\u0103 lucra\u021bi cu acest cu\u021bit datorit\u0103 faptului c\u0103 lama sa este blocat\u0103 \u00een pozi\u021bie deschis\u0103 cu blocarea cadrului integrat\u0103. Aceasta este o blocare simpl\u0103, care este proiectat\u0103 pentru servicii \u00eendelungate, cu \u00eentre\u021binere minim\u0103. Placa de blocare este una dintre p\u0103r\u021bile m\u00e2nerului de o\u021bel.<\/p>\n<h3>Caracteristici<\/h3>\n<ul>\n<li>Tip de cu\u021bit: pliere.<\/li>\n<li>Tipul t\u0103ierii: normal.<\/li>\n<li>Tip blocare: Blocare cadru.<\/li>\n<li>Lungime total\u0103: 20,5 cm.<\/li>\n<li>Lungimea lamei: 8,7 cm.<\/li>\n<li>Material m\u00e2ner: o\u021bel inoxidabil.<\/li>\n<li>Duritatea o\u021belului: 60 HRC.<\/li>\n<li>Clasa de o\u021bel: D2.<\/li>\n<li>Greutate: 112 gr.<\/li>\n<\/ul>\n<p><\/p>","protected":false},"excerpt":{"rendered":"<p>Cu\u0163it Firebird FH12-SS<\/p>","protected":false},"featured_media":46206,"comment_status":"open","ping_status":"closed","template":"","meta":{"_acf_changed":false,"inline_featured_image":false},"product_brand":[1415],"product_cat":[169],"product_tag":[],"class_list":{"0":"post-20786","1":"product","2":"type-product","3":"status-publish","4":"has-post-thumbnail","6":"product_brand-firebird","7":"product_cat-knives","9":"first","10":"instock","11":"shipping-taxable","12":"purchasable","13":"product-type-simple"},"acf":[],"yoast_head":"<!-- This site is optimized with the Yoast SEO plugin v27.4 - https:\/\/yoast.com\/product\/yoast-seo-wordpress\/ -->\n<title>\u041d\u043e\u0436 Firebird FH12-SS - \u041c\u0430\u0433\u0430\u0437\u0438\u043d Xstyle<\/title>\n<meta name=\"description\" content=\"\u041d\u043e\u0436 Firebird FH12-SS \u2014 \u0438\u0434\u0435\u0430\u043b\u044c\u043d\u044b\u0439 \u0432\u044b\u0431\u043e\u0440 \u0434\u043b\u044f \u0442\u0443\u0440\u0438\u0441\u0442\u043e\u0432. \u0421\u043a\u043b\u0430\u0434\u043d\u043e\u0439 \u043d\u043e\u0436 \u0441 \u0431\u043b\u043e\u043a\u0438\u0440\u043e\u0432\u043a\u043e\u0439, \u0441\u0442\u0430\u043b\u044c D2, 60 HRC. \u041d\u0430\u0434\u0435\u0436\u043d\u043e\u0441\u0442\u044c \u0438 \u0434\u043e\u043b\u0433\u043e\u0432\u0435\u0447\u043d\u043e\u0441\u0442\u044c \u0434\u043b\u044f \u0430\u043a\u0442\u0438\u0432\u043d\u043e\u0433\u043e \u043e\u0442\u0434\u044b\u0445\u0430!\" \/>\n<meta name=\"robots\" content=\"index, follow, max-snippet:-1, max-image-preview:large, max-video-preview:-1\" \/>\n<link rel=\"canonical\" href=\"https:\/\/xstyle.md\/ro\/produs\/nozh-firebird-fh12-ss\/\" \/>\n<meta property=\"og:locale\" content=\"ro_RO\" \/>\n<meta property=\"og:type\" content=\"article\" \/>\n<meta property=\"og:title\" content=\"\u041d\u043e\u0436 Firebird FH12-SS - \u041c\u0430\u0433\u0430\u0437\u0438\u043d Xstyle\" \/>\n<meta property=\"og:description\" content=\"\u041d\u043e\u0436 Firebird FH12-SS \u2014 \u0438\u0434\u0435\u0430\u043b\u044c\u043d\u044b\u0439 \u0432\u044b\u0431\u043e\u0440 \u0434\u043b\u044f \u0442\u0443\u0440\u0438\u0441\u0442\u043e\u0432. \u0421\u043a\u043b\u0430\u0434\u043d\u043e\u0439 \u043d\u043e\u0436 \u0441 \u0431\u043b\u043e\u043a\u0438\u0440\u043e\u0432\u043a\u043e\u0439, \u0441\u0442\u0430\u043b\u044c D2, 60 HRC. \u041d\u0430\u0434\u0435\u0436\u043d\u043e\u0441\u0442\u044c \u0438 \u0434\u043e\u043b\u0433\u043e\u0432\u0435\u0447\u043d\u043e\u0441\u0442\u044c \u0434\u043b\u044f \u0430\u043a\u0442\u0438\u0432\u043d\u043e\u0433\u043e \u043e\u0442\u0434\u044b\u0445\u0430!\" \/>\n<meta property=\"og:url\" content=\"https:\/\/xstyle.md\/ro\/produs\/nozh-firebird-fh12-ss\/\" \/>\n<meta property=\"og:site_name\" content=\"\u041c\u0430\u0433\u0430\u0437\u0438\u043d Xstyle\" \/>\n<meta property=\"article:publisher\" content=\"https:\/\/www.facebook.com\/xstylemd\" \/>\n<meta property=\"article:modified_time\" content=\"2025-10-24T09:34:16+00:00\" \/>\n<meta property=\"og:image\" content=\"https:\/\/xstyle.md\/wp-content\/uploads\/2020\/07\/firebird-fh12-ss-1.jpg\" \/>\n\t<meta property=\"og:image:width\" content=\"900\" \/>\n\t<meta property=\"og:image:height\" content=\"900\" \/>\n\t<meta property=\"og:image:type\" content=\"image\/jpeg\" \/>\n<meta name=\"twitter:card\" content=\"summary_large_image\" \/>\n<meta name=\"twitter:label1\" content=\"Pre\u021b\" \/>\n\t<meta name=\"twitter:data1\" content=\"890&nbsp;MDL\" \/>\n\t<meta name=\"twitter:label2\" content=\"Disponibilitate\" \/>\n\t<meta name=\"twitter:data2\" content=\"\u00cen stoc\" \/>\n<script type=\"application\/ld+json\" class=\"yoast-schema-graph\">{\"@context\":\"https:\\\/\\\/schema.org\",\"@graph\":[{\"@type\":\"WebPage\",\"@id\":\"https:\\\/\\\/xstyle.md\\\/product\\\/nozh-firebird-fh12-ss\\\/\",\"url\":\"https:\\\/\\\/xstyle.md\\\/product\\\/nozh-firebird-fh12-ss\\\/\",\"name\":\"\u041d\u043e\u0436 Firebird FH12-SS - \u041c\u0430\u0433\u0430\u0437\u0438\u043d Xstyle\",\"isPartOf\":{\"@id\":\"https:\\\/\\\/xstyle.md\\\/#website\"},\"primaryImageOfPage\":{\"@id\":\"https:\\\/\\\/xstyle.md\\\/product\\\/nozh-firebird-fh12-ss\\\/#primaryimage\"},\"image\":{\"@id\":\"https:\\\/\\\/xstyle.md\\\/product\\\/nozh-firebird-fh12-ss\\\/#primaryimage\"},\"thumbnailUrl\":\"https:\\\/\\\/xstyle.md\\\/wp-content\\\/uploads\\\/2020\\\/07\\\/firebird-fh12-ss-1.jpg\",\"datePublished\":\"2020-07-18T14:56:23+00:00\",\"dateModified\":\"2025-10-24T09:34:16+00:00\",\"description\":\"\u041d\u043e\u0436 Firebird FH12-SS \u2014 \u0438\u0434\u0435\u0430\u043b\u044c\u043d\u044b\u0439 \u0432\u044b\u0431\u043e\u0440 \u0434\u043b\u044f \u0442\u0443\u0440\u0438\u0441\u0442\u043e\u0432. \u0421\u043a\u043b\u0430\u0434\u043d\u043e\u0439 \u043d\u043e\u0436 \u0441 \u0431\u043b\u043e\u043a\u0438\u0440\u043e\u0432\u043a\u043e\u0439, \u0441\u0442\u0430\u043b\u044c D2, 60 HRC. \u041d\u0430\u0434\u0435\u0436\u043d\u043e\u0441\u0442\u044c \u0438 \u0434\u043e\u043b\u0433\u043e\u0432\u0435\u0447\u043d\u043e\u0441\u0442\u044c \u0434\u043b\u044f \u0430\u043a\u0442\u0438\u0432\u043d\u043e\u0433\u043e \u043e\u0442\u0434\u044b\u0445\u0430!\",\"breadcrumb\":{\"@id\":\"https:\\\/\\\/xstyle.md\\\/product\\\/nozh-firebird-fh12-ss\\\/#breadcrumb\"},\"inLanguage\":\"ro-RO\",\"potentialAction\":[{\"@type\":\"ReadAction\",\"target\":[\"https:\\\/\\\/xstyle.md\\\/product\\\/nozh-firebird-fh12-ss\\\/\"]}]},{\"@type\":\"ImageObject\",\"inLanguage\":\"ro-RO\",\"@id\":\"https:\\\/\\\/xstyle.md\\\/product\\\/nozh-firebird-fh12-ss\\\/#primaryimage\",\"url\":\"https:\\\/\\\/xstyle.md\\\/wp-content\\\/uploads\\\/2020\\\/07\\\/firebird-fh12-ss-1.jpg\",\"contentUrl\":\"https:\\\/\\\/xstyle.md\\\/wp-content\\\/uploads\\\/2020\\\/07\\\/firebird-fh12-ss-1.jpg\",\"width\":900,\"height\":900,\"caption\":\"\u0422\u0443\u0440\u0438\u0441\u0442\u0438\u0447\u0435\u0441\u043a\u0438\u0439 \u043d\u043e\u0436 Firebird FH12-SS \u0434\u043b\u044f \u0430\u043a\u0442\u0438\u0432\u043d\u043e\u0433\u043e \u043e\u0442\u0434\u044b\u0445\u0430, \u043f\u043e\u0445\u043e\u0434\u043e\u0432 \u0438 \u0430\u043b\u044c\u043f\u0438\u043d\u0438\u0437\u043c\u0430, \u044d\u043a\u0438\u043f\u0438\u0440\u043e\u0432\u043a\u0430 \u0434\u043b\u044f \u043f\u0443\u0442\u0435\u0448\u0435\u0441\u0442\u0432\u0438\u0439 \u0438 \u0432\u043d\u0435\u0448\u043d\u0438\u0445 \u043f\u0440\u0438\u043a\u043b\u044e\u0447\u0435\u043d\u0438\u0439\"},{\"@type\":\"BreadcrumbList\",\"@id\":\"https:\\\/\\\/xstyle.md\\\/product\\\/nozh-firebird-fh12-ss\\\/#breadcrumb\",\"itemListElement\":[{\"@type\":\"ListItem\",\"position\":1,\"name\":\"\u0413\u043b\u0430\u0432\u043d\u0430\u044f \u0441\u0442\u0440\u0430\u043d\u0438\u0446\u0430\",\"item\":\"https:\\\/\\\/xstyle.md\\\/\"},{\"@type\":\"ListItem\",\"position\":2,\"name\":\"\u041c\u0430\u0433\u0430\u0437\u0438\u043d\",\"item\":\"https:\\\/\\\/xstyle.md\\\/shop\\\/\"},{\"@type\":\"ListItem\",\"position\":3,\"name\":\"\u041d\u043e\u0436 Firebird FH12-SS\"}]},{\"@type\":\"WebSite\",\"@id\":\"https:\\\/\\\/xstyle.md\\\/#website\",\"url\":\"https:\\\/\\\/xstyle.md\\\/\",\"name\":\"\u041c\u0430\u0433\u0430\u0437\u0438\u043d Xstyle\",\"description\":\"C\u043d\u0430\u0440\u044f\u0436\u0435\u043d\u0438\u0435 \u0434\u043b\u044f \u0442\u0443\u0440\u0438\u0437\u043c\u0430 \u0438 \u044d\u043a\u0441\u0442\u0440\u0435\u043c\u0430\u043b\u044c\u043d\u044b\u0445 \u0432\u0438\u0434\u043e\u0432 \u0441\u043f\u043e\u0440\u0442\u0430 \u0432 \u041c\u043e\u043b\u0434\u043e\u0432\u0435.. \u0426\u0435\u043d\u044b, \u0444\u043e\u0442\u043e, \u0445\u0430\u0440\u0430\u043a\u0442\u0435\u0440\u0438\u0441\u0442\u0438\u043a\u0438 \u0432 \u041c\u043e\u043b\u0434\u043e\u0432\u0435.\",\"publisher\":{\"@id\":\"https:\\\/\\\/xstyle.md\\\/#organization\"},\"alternateName\":\"X-Style\",\"potentialAction\":[{\"@type\":\"SearchAction\",\"target\":{\"@type\":\"EntryPoint\",\"urlTemplate\":\"https:\\\/\\\/xstyle.md\\\/?s={search_term_string}\"},\"query-input\":{\"@type\":\"PropertyValueSpecification\",\"valueRequired\":true,\"valueName\":\"search_term_string\"}}],\"inLanguage\":\"ro-RO\"},{\"@type\":\"Organization\",\"@id\":\"https:\\\/\\\/xstyle.md\\\/#organization\",\"name\":\"\u041c\u0430\u0433\u0430\u0437\u0438\u043d Xstyle\",\"alternateName\":\"x-style\",\"url\":\"https:\\\/\\\/xstyle.md\\\/\",\"logo\":{\"@type\":\"ImageObject\",\"inLanguage\":\"ro-RO\",\"@id\":\"https:\\\/\\\/xstyle.md\\\/#\\\/schema\\\/logo\\\/image\\\/\",\"url\":\"https:\\\/\\\/xstyle.md\\\/wp-content\\\/uploads\\\/2020\\\/06\\\/logoicon.svg\",\"contentUrl\":\"https:\\\/\\\/xstyle.md\\\/wp-content\\\/uploads\\\/2020\\\/06\\\/logoicon.svg\",\"caption\":\"\u041c\u0430\u0433\u0430\u0437\u0438\u043d Xstyle\"},\"image\":{\"@id\":\"https:\\\/\\\/xstyle.md\\\/#\\\/schema\\\/logo\\\/image\\\/\"},\"sameAs\":[\"https:\\\/\\\/www.facebook.com\\\/xstylemd\",\"https:\\\/\\\/www.instagram.com\\\/xstyle_md\\\/\",\"https:\\\/\\\/t.me\\\/xstyle_outdoor\"],\"hasMerchantReturnPolicy\":{\"@type\":\"MerchantReturnPolicy\",\"merchantReturnLink\":\"https:\\\/\\\/xstyle.md\\\/ro\\\/conditions\\\/\"}}]}<\/script>\n<meta property=\"product:price:amount\" content=\"890.00\" \/>\n<meta property=\"product:price:currency\" content=\"MDL\" \/>\n<meta property=\"og:availability\" content=\"instock\" \/>\n<meta property=\"product:availability\" content=\"instock\" \/>\n<meta property=\"product:retailer_item_id\" content=\"6955800406597\" \/>\n<meta property=\"product:condition\" content=\"new\" \/>\n<!-- \/ Yoast SEO plugin. -->","yoast_head_json":{"title":"Cu\u0163it Firebird FH12-SS - Magazin Xstyle","description":"Cu\u021bitul Firebird FH12-SS este alegerea ideal\u0103 pentru turi\u0219ti. Cu\u021bit pliant cu sistem de blocare, o\u021bel D2, 60 HRC. Fiabilitate \u0219i durabilitate pentru activit\u0103\u021bile \u00een aer liber!","robots":{"index":"index","follow":"follow","max-snippet":"max-snippet:-1","max-image-preview":"max-image-preview:large","max-video-preview":"max-video-preview:-1"},"canonical":"https:\/\/xstyle.md\/ro\/produs\/nozh-firebird-fh12-ss\/","og_locale":"ro_RO","og_type":"article","og_title":"\u041d\u043e\u0436 Firebird FH12-SS - \u041c\u0430\u0433\u0430\u0437\u0438\u043d Xstyle","og_description":"\u041d\u043e\u0436 Firebird FH12-SS \u2014 \u0438\u0434\u0435\u0430\u043b\u044c\u043d\u044b\u0439 \u0432\u044b\u0431\u043e\u0440 \u0434\u043b\u044f \u0442\u0443\u0440\u0438\u0441\u0442\u043e\u0432. \u0421\u043a\u043b\u0430\u0434\u043d\u043e\u0439 \u043d\u043e\u0436 \u0441 \u0431\u043b\u043e\u043a\u0438\u0440\u043e\u0432\u043a\u043e\u0439, \u0441\u0442\u0430\u043b\u044c D2, 60 HRC. \u041d\u0430\u0434\u0435\u0436\u043d\u043e\u0441\u0442\u044c \u0438 \u0434\u043e\u043b\u0433\u043e\u0432\u0435\u0447\u043d\u043e\u0441\u0442\u044c \u0434\u043b\u044f \u0430\u043a\u0442\u0438\u0432\u043d\u043e\u0433\u043e \u043e\u0442\u0434\u044b\u0445\u0430!","og_url":"https:\/\/xstyle.md\/ro\/produs\/nozh-firebird-fh12-ss\/","og_site_name":"\u041c\u0430\u0433\u0430\u0437\u0438\u043d Xstyle","article_publisher":"https:\/\/www.facebook.com\/xstylemd","article_modified_time":"2025-10-24T09:34:16+00:00","og_image":[{"width":900,"height":900,"url":"https:\/\/xstyle.md\/wp-content\/uploads\/2020\/07\/firebird-fh12-ss-1.jpg","type":"image\/jpeg"}],"twitter_card":"summary_large_image","twitter_misc":{"Pre\u021b":"890&nbsp;MDL","Disponibilitate":"\u00cen stoc"},"schema":{"@context":"https:\/\/schema.org","@graph":[{"@type":"WebPage","@id":"https:\/\/xstyle.md\/product\/nozh-firebird-fh12-ss\/","url":"https:\/\/xstyle.md\/product\/nozh-firebird-fh12-ss\/","name":"Cu\u0163it Firebird FH12-SS - Magazin Xstyle","isPartOf":{"@id":"https:\/\/xstyle.md\/#website"},"primaryImageOfPage":{"@id":"https:\/\/xstyle.md\/product\/nozh-firebird-fh12-ss\/#primaryimage"},"image":{"@id":"https:\/\/xstyle.md\/product\/nozh-firebird-fh12-ss\/#primaryimage"},"thumbnailUrl":"https:\/\/xstyle.md\/wp-content\/uploads\/2020\/07\/firebird-fh12-ss-1.jpg","datePublished":"2020-07-18T14:56:23+00:00","dateModified":"2025-10-24T09:34:16+00:00","description":"Cu\u021bitul Firebird FH12-SS este alegerea ideal\u0103 pentru turi\u0219ti. Cu\u021bit pliant cu sistem de blocare, o\u021bel D2, 60 HRC. Fiabilitate \u0219i durabilitate pentru activit\u0103\u021bile \u00een aer liber!","breadcrumb":{"@id":"https:\/\/xstyle.md\/product\/nozh-firebird-fh12-ss\/#breadcrumb"},"inLanguage":"ro-RO","potentialAction":[{"@type":"ReadAction","target":["https:\/\/xstyle.md\/product\/nozh-firebird-fh12-ss\/"]}]},{"@type":"ImageObject","inLanguage":"ro-RO","@id":"https:\/\/xstyle.md\/product\/nozh-firebird-fh12-ss\/#primaryimage","url":"https:\/\/xstyle.md\/wp-content\/uploads\/2020\/07\/firebird-fh12-ss-1.jpg","contentUrl":"https:\/\/xstyle.md\/wp-content\/uploads\/2020\/07\/firebird-fh12-ss-1.jpg","width":900,"height":900,"caption":"\u0422\u0443\u0440\u0438\u0441\u0442\u0438\u0447\u0435\u0441\u043a\u0438\u0439 \u043d\u043e\u0436 Firebird FH12-SS \u0434\u043b\u044f \u0430\u043a\u0442\u0438\u0432\u043d\u043e\u0433\u043e \u043e\u0442\u0434\u044b\u0445\u0430, \u043f\u043e\u0445\u043e\u0434\u043e\u0432 \u0438 \u0430\u043b\u044c\u043f\u0438\u043d\u0438\u0437\u043c\u0430, \u044d\u043a\u0438\u043f\u0438\u0440\u043e\u0432\u043a\u0430 \u0434\u043b\u044f \u043f\u0443\u0442\u0435\u0448\u0435\u0441\u0442\u0432\u0438\u0439 \u0438 \u0432\u043d\u0435\u0448\u043d\u0438\u0445 \u043f\u0440\u0438\u043a\u043b\u044e\u0447\u0435\u043d\u0438\u0439"},{"@type":"BreadcrumbList","@id":"https:\/\/xstyle.md\/product\/nozh-firebird-fh12-ss\/#breadcrumb","itemListElement":[{"@type":"ListItem","position":1,"name":"\u0413\u043b\u0430\u0432\u043d\u0430\u044f \u0441\u0442\u0440\u0430\u043d\u0438\u0446\u0430","item":"https:\/\/xstyle.md\/"},{"@type":"ListItem","position":2,"name":"\u041c\u0430\u0433\u0430\u0437\u0438\u043d","item":"https:\/\/xstyle.md\/shop\/"},{"@type":"ListItem","position":3,"name":"\u041d\u043e\u0436 Firebird FH12-SS"}]},{"@type":"WebSite","@id":"https:\/\/xstyle.md\/#website","url":"https:\/\/xstyle.md\/","name":"Magazinul X-Style","description":"Echipamente pentru turism \u0219i sporturi extreme \u00een Moldova. Pre\u021buri, fotografii, caracteristici \u00een Moldova.","publisher":{"@id":"https:\/\/xstyle.md\/#organization"},"alternateName":"X-Style","potentialAction":[{"@type":"SearchAction","target":{"@type":"EntryPoint","urlTemplate":"https:\/\/xstyle.md\/?s={search_term_string}"},"query-input":{"@type":"PropertyValueSpecification","valueRequired":true,"valueName":"search_term_string"}}],"inLanguage":"ro-RO"},{"@type":"Organization","@id":"https:\/\/xstyle.md\/#organization","name":"Magazinul X-Style","alternateName":"x-style","url":"https:\/\/xstyle.md\/","logo":{"@type":"ImageObject","inLanguage":"ro-RO","@id":"https:\/\/xstyle.md\/#\/schema\/logo\/image\/","url":"https:\/\/xstyle.md\/wp-content\/uploads\/2020\/06\/logoicon.svg","contentUrl":"https:\/\/xstyle.md\/wp-content\/uploads\/2020\/06\/logoicon.svg","caption":"\u041c\u0430\u0433\u0430\u0437\u0438\u043d Xstyle"},"image":{"@id":"https:\/\/xstyle.md\/#\/schema\/logo\/image\/"},"sameAs":["https:\/\/www.facebook.com\/xstylemd","https:\/\/www.instagram.com\/xstyle_md\/","https:\/\/t.me\/xstyle_outdoor"],"hasMerchantReturnPolicy":{"@type":"MerchantReturnPolicy","merchantReturnLink":"https:\/\/xstyle.md\/ro\/conditions\/"}}]},"product_price_amount":"890.00","product_price_currency":"MDL","og_availability":"instock","product_availability":"instock","product_retailer_item_id":"6955800406597","product_condition":"new"},"_links":{"self":[{"href":"https:\/\/xstyle.md\/ro\/wp-json\/wp\/v2\/product\/20786","targetHints":{"allow":["GET"]}}],"collection":[{"href":"https:\/\/xstyle.md\/ro\/wp-json\/wp\/v2\/product"}],"about":[{"href":"https:\/\/xstyle.md\/ro\/wp-json\/wp\/v2\/types\/product"}],"replies":[{"embeddable":true,"href":"https:\/\/xstyle.md\/ro\/wp-json\/wp\/v2\/comments?post=20786"}],"wp:featuredmedia":[{"embeddable":true,"href":"https:\/\/xstyle.md\/ro\/wp-json\/wp\/v2\/media\/46206"}],"wp:attachment":[{"href":"https:\/\/xstyle.md\/ro\/wp-json\/wp\/v2\/media?parent=20786"}],"wp:term":[{"taxonomy":"product_brand","embeddable":true,"href":"https:\/\/xstyle.md\/ro\/wp-json\/wp\/v2\/product_brand?post=20786"},{"taxonomy":"product_cat","embeddable":true,"href":"https:\/\/xstyle.md\/ro\/wp-json\/wp\/v2\/product_cat?post=20786"},{"taxonomy":"product_tag","embeddable":true,"href":"https:\/\/xstyle.md\/ro\/wp-json\/wp\/v2\/product_tag?post=20786"}],"curies":[{"name":"wp","href":"https:\/\/api.w.org\/{rel}","templated":true}]}}