{"id":2078,"date":"2020-07-16T16:50:55","date_gmt":"2020-07-16T13:50:55","guid":{"rendered":"https:\/\/xstyle.md\/product\/kruzhka-tatonka-handle-mug"},"modified":"2025-12-18T17:15:00","modified_gmt":"2025-12-18T14:15:00","slug":"kruzhka-tatonka-handle-mug","status":"publish","type":"product","link":"https:\/\/xstyle.md\/ro\/produs\/kruzhka-tatonka-handle-mug\/","title":{"rendered":"Can\u0103 Tatonka Handle Mug 0.5"},"content":{"rendered":"<\/p>\n<p><strong>Tatonka Handle Mug 0.5<\/strong> &#8212; can\u0103 u\u0219oar\u0103 \u0219i durabil\u0103 din o\u021bel inoxidabil cu m\u00e2ner pliabil. Poate fi folosit\u0103 at\u00e2t acas\u0103, c\u00e2t \u0219i \u00een deplasare. Cana cu m\u00e2ner este u\u0219or de transportat \u0219i are un c\u00e2ntar de m\u0103surare imprimat pe corp, ceea ce o face un instrument indispensabil \u00een buc\u0103t\u0103ria de tab\u0103r\u0103.<\/p>\n<h3>Particularit\u0103\u021bi<\/h3>\n<ul>\n<li>M\u00e2nere pliabile<\/li>\n<li>Scar\u0103 de volum<\/li>\n<li>Material durabil<\/li>\n<li>U\u0219or de cur\u0103\u021bat<\/li>\n<li>Siguran\u021b\u0103 pentru s\u0103n\u0103tate.<\/li>\n<\/ul>\n<h3>Caracteristici<\/h3>\n<ul>\n<li>Material - o\u021bel inoxidabil<\/li>\n<li>Volum &#8212; 500 ml<\/li>\n<li>Dimensiuni &#8212; 10 x 8,5 cm<\/li>\n<li>Greutate &#8212; 120 g.<\/li>\n<\/ul>\n<h3>Marca<\/h3>\n<p>Marca TATONKA este renumit\u0103 \u00een \u00eentreaga lume \u0219i produce echipamente de c\u0103l\u0103torie de \u00eenalt\u0103 calitate \u00eenc\u0103 din 1994. \u00cenc\u0103 de la \u00eenfiin\u021bare, Tatonka respecta politic\u0103 de calitate maxim\u0103 posibil\u0103 a produselor la un pre\u021b accesibil. Fiecare rucsac, geant\u0103, ustensil\u0103 sau accesoriu TATONKA din o\u021bel inoxidabil este dezvoltat pe baza experien\u021bei de mul\u021bi ani a companiei.<\/p>\n<p>Produsele TATONKA sunt din ce \u00een ce mai populare \u00een \u00eentreaga lume. TATONKA \u00ee\u0219i \u00eembun\u0103t\u0103\u021be\u0219te constant produsele \u0219i utilizeaz\u0103 cele mai recente progrese tehnologice \u0219i materiale de ultim\u0103 genera\u021bie pentru a satisface cele mai \u00eenalte cerin\u021be.<\/p>\n<p><\/p>","protected":false},"excerpt":{"rendered":"<p>Can\u0103 Tatonka Handle Mug 0.5<\/p>","protected":false},"featured_media":2077,"comment_status":"open","ping_status":"closed","template":"","meta":{"_acf_changed":false,"inline_featured_image":false},"product_brand":[1262],"product_cat":[151],"product_tag":[],"class_list":{"0":"post-2078","1":"product","2":"type-product","3":"status-publish","4":"has-post-thumbnail","6":"product_brand-tatonka","7":"product_cat-bowls-and-mugs","9":"first","10":"instock","11":"shipping-taxable","12":"purchasable","13":"product-type-simple"},"acf":[],"yoast_head":"<!-- This site is optimized with the Yoast SEO plugin v27.2 - https:\/\/yoast.com\/product\/yoast-seo-wordpress\/ -->\n<title>\u041a\u0440\u0443\u0436\u043a\u0430 Tatonka Handle Mug 0.5 - \u041c\u0430\u0433\u0430\u0437\u0438\u043d Xstyle<\/title>\n<meta name=\"description\" content=\"\u041a\u0440\u0443\u0436\u043a\u0430 Tatonka Handle Mug 0.5 \u0438\u0437 \u043d\u0435\u0440\u0436\u0430\u0432\u0435\u044e\u0449\u0435\u0439 \u0441\u0442\u0430\u043b\u0438 \u0441 \u0441\u043a\u043b\u0430\u0434\u043d\u043e\u0439 \u0440\u0443\u0447\u043a\u043e\u0439 \u2014 \u0438\u0434\u0435\u0430\u043b\u044c\u043d\u0430 \u0434\u043b\u044f \u0434\u043e\u043c\u0430 \u0438 \u043f\u043e\u0445\u043e\u0434\u043e\u0432. \u041b\u0435\u0433\u043a\u0430\u044f, \u043f\u0440\u043e\u0447\u043d\u0430\u044f, \u0441 \u0438\u0437\u043c\u0435\u0440\u0438\u0442\u0435\u043b\u044c\u043d\u043e\u0439 \u0448\u043a\u0430\u043b\u043e\u0439.\" \/>\n<meta name=\"robots\" content=\"index, follow, max-snippet:-1, max-image-preview:large, max-video-preview:-1\" \/>\n<link rel=\"canonical\" href=\"https:\/\/xstyle.md\/ro\/produs\/kruzhka-tatonka-handle-mug\/\" \/>\n<meta property=\"og:locale\" content=\"ro_RO\" \/>\n<meta property=\"og:type\" content=\"article\" \/>\n<meta property=\"og:title\" content=\"\u041a\u0440\u0443\u0436\u043a\u0430 Tatonka Handle Mug 0.5 - \u041c\u0430\u0433\u0430\u0437\u0438\u043d Xstyle\" \/>\n<meta property=\"og:description\" content=\"\u041a\u0440\u0443\u0436\u043a\u0430 Tatonka Handle Mug 0.5 \u0438\u0437 \u043d\u0435\u0440\u0436\u0430\u0432\u0435\u044e\u0449\u0435\u0439 \u0441\u0442\u0430\u043b\u0438 \u0441 \u0441\u043a\u043b\u0430\u0434\u043d\u043e\u0439 \u0440\u0443\u0447\u043a\u043e\u0439 \u2014 \u0438\u0434\u0435\u0430\u043b\u044c\u043d\u0430 \u0434\u043b\u044f \u0434\u043e\u043c\u0430 \u0438 \u043f\u043e\u0445\u043e\u0434\u043e\u0432. \u041b\u0435\u0433\u043a\u0430\u044f, \u043f\u0440\u043e\u0447\u043d\u0430\u044f, \u0441 \u0438\u0437\u043c\u0435\u0440\u0438\u0442\u0435\u043b\u044c\u043d\u043e\u0439 \u0448\u043a\u0430\u043b\u043e\u0439.\" \/>\n<meta property=\"og:url\" content=\"https:\/\/xstyle.md\/ro\/produs\/kruzhka-tatonka-handle-mug\/\" \/>\n<meta property=\"og:site_name\" content=\"\u041c\u0430\u0433\u0430\u0437\u0438\u043d Xstyle\" \/>\n<meta property=\"article:publisher\" content=\"https:\/\/www.facebook.com\/xstylemd\" \/>\n<meta property=\"article:modified_time\" content=\"2025-12-18T14:15:00+00:00\" \/>\n<meta property=\"og:image\" content=\"https:\/\/xstyle.md\/wp-content\/uploads\/2020\/07\/handle_mug_1.jpg\" \/>\n\t<meta property=\"og:image:width\" content=\"490\" \/>\n\t<meta property=\"og:image:height\" content=\"318\" \/>\n\t<meta property=\"og:image:type\" content=\"image\/jpeg\" \/>\n<meta name=\"twitter:card\" content=\"summary_large_image\" \/>\n<meta name=\"twitter:label1\" content=\"Pre\u021b\" \/>\n\t<meta name=\"twitter:data1\" content=\"360&nbsp;MDL\" \/>\n\t<meta name=\"twitter:label2\" content=\"Disponibilitate\" \/>\n\t<meta name=\"twitter:data2\" content=\"\u00cen stoc\" \/>\n<script type=\"application\/ld+json\" class=\"yoast-schema-graph\">{\"@context\":\"https:\/\/schema.org\",\"@graph\":[{\"@type\":\"WebPage\",\"@id\":\"https:\/\/xstyle.md\/product\/kruzhka-tatonka-handle-mug\/\",\"url\":\"https:\/\/xstyle.md\/product\/kruzhka-tatonka-handle-mug\/\",\"name\":\"\u041a\u0440\u0443\u0436\u043a\u0430 Tatonka Handle Mug 0.5 - \u041c\u0430\u0433\u0430\u0437\u0438\u043d Xstyle\",\"isPartOf\":{\"@id\":\"https:\/\/xstyle.md\/#website\"},\"primaryImageOfPage\":{\"@id\":\"https:\/\/xstyle.md\/product\/kruzhka-tatonka-handle-mug\/#primaryimage\"},\"image\":{\"@id\":\"https:\/\/xstyle.md\/product\/kruzhka-tatonka-handle-mug\/#primaryimage\"},\"thumbnailUrl\":\"https:\/\/xstyle.md\/wp-content\/uploads\/2020\/07\/handle_mug_1.jpg\",\"datePublished\":\"2020-07-16T13:50:55+00:00\",\"dateModified\":\"2025-12-18T14:15:00+00:00\",\"description\":\"\u041a\u0440\u0443\u0436\u043a\u0430 Tatonka Handle Mug 0.5 \u0438\u0437 \u043d\u0435\u0440\u0436\u0430\u0432\u0435\u044e\u0449\u0435\u0439 \u0441\u0442\u0430\u043b\u0438 \u0441 \u0441\u043a\u043b\u0430\u0434\u043d\u043e\u0439 \u0440\u0443\u0447\u043a\u043e\u0439 \u2014 \u0438\u0434\u0435\u0430\u043b\u044c\u043d\u0430 \u0434\u043b\u044f \u0434\u043e\u043c\u0430 \u0438 \u043f\u043e\u0445\u043e\u0434\u043e\u0432. \u041b\u0435\u0433\u043a\u0430\u044f, \u043f\u0440\u043e\u0447\u043d\u0430\u044f, \u0441 \u0438\u0437\u043c\u0435\u0440\u0438\u0442\u0435\u043b\u044c\u043d\u043e\u0439 \u0448\u043a\u0430\u043b\u043e\u0439.\",\"breadcrumb\":{\"@id\":\"https:\/\/xstyle.md\/product\/kruzhka-tatonka-handle-mug\/#breadcrumb\"},\"inLanguage\":\"ro-RO\",\"potentialAction\":[{\"@type\":\"ReadAction\",\"target\":[\"https:\/\/xstyle.md\/product\/kruzhka-tatonka-handle-mug\/\"]}]},{\"@type\":\"ImageObject\",\"inLanguage\":\"ro-RO\",\"@id\":\"https:\/\/xstyle.md\/product\/kruzhka-tatonka-handle-mug\/#primaryimage\",\"url\":\"https:\/\/xstyle.md\/wp-content\/uploads\/2020\/07\/handle_mug_1.jpg\",\"contentUrl\":\"https:\/\/xstyle.md\/wp-content\/uploads\/2020\/07\/handle_mug_1.jpg\",\"width\":490,\"height\":318},{\"@type\":\"BreadcrumbList\",\"@id\":\"https:\/\/xstyle.md\/product\/kruzhka-tatonka-handle-mug\/#breadcrumb\",\"itemListElement\":[{\"@type\":\"ListItem\",\"position\":1,\"name\":\"\u0413\u043b\u0430\u0432\u043d\u0430\u044f \u0441\u0442\u0440\u0430\u043d\u0438\u0446\u0430\",\"item\":\"https:\/\/xstyle.md\/\"},{\"@type\":\"ListItem\",\"position\":2,\"name\":\"\u041c\u0430\u0433\u0430\u0437\u0438\u043d\",\"item\":\"https:\/\/xstyle.md\/shop\/\"},{\"@type\":\"ListItem\",\"position\":3,\"name\":\"\u041a\u0440\u0443\u0436\u043a\u0430 Tatonka Handle Mug 0.5\"}]},{\"@type\":\"WebSite\",\"@id\":\"https:\/\/xstyle.md\/#website\",\"url\":\"https:\/\/xstyle.md\/\",\"name\":\"\u041c\u0430\u0433\u0430\u0437\u0438\u043d Xstyle\",\"description\":\"C\u043d\u0430\u0440\u044f\u0436\u0435\u043d\u0438\u0435 \u0434\u043b\u044f \u0442\u0443\u0440\u0438\u0437\u043c\u0430 \u0438 \u044d\u043a\u0441\u0442\u0440\u0435\u043c\u0430\u043b\u044c\u043d\u044b\u0445 \u0432\u0438\u0434\u043e\u0432 \u0441\u043f\u043e\u0440\u0442\u0430 \u0432 \u041c\u043e\u043b\u0434\u043e\u0432\u0435.. \u0426\u0435\u043d\u044b, \u0444\u043e\u0442\u043e, \u0445\u0430\u0440\u0430\u043a\u0442\u0435\u0440\u0438\u0441\u0442\u0438\u043a\u0438 \u0432 \u041c\u043e\u043b\u0434\u043e\u0432\u0435.\",\"publisher\":{\"@id\":\"https:\/\/xstyle.md\/#organization\"},\"alternateName\":\"X-Style\",\"potentialAction\":[{\"@type\":\"SearchAction\",\"target\":{\"@type\":\"EntryPoint\",\"urlTemplate\":\"https:\/\/xstyle.md\/?s={search_term_string}\"},\"query-input\":{\"@type\":\"PropertyValueSpecification\",\"valueRequired\":true,\"valueName\":\"search_term_string\"}}],\"inLanguage\":\"ro-RO\"},{\"@type\":\"Organization\",\"@id\":\"https:\/\/xstyle.md\/#organization\",\"name\":\"\u041c\u0430\u0433\u0430\u0437\u0438\u043d Xstyle\",\"alternateName\":\"x-style\",\"url\":\"https:\/\/xstyle.md\/\",\"logo\":{\"@type\":\"ImageObject\",\"inLanguage\":\"ro-RO\",\"@id\":\"https:\/\/xstyle.md\/#\/schema\/logo\/image\/\",\"url\":\"https:\/\/xstyle.md\/wp-content\/uploads\/2020\/06\/logoicon.svg\",\"contentUrl\":\"https:\/\/xstyle.md\/wp-content\/uploads\/2020\/06\/logoicon.svg\",\"caption\":\"\u041c\u0430\u0433\u0430\u0437\u0438\u043d Xstyle\"},\"image\":{\"@id\":\"https:\/\/xstyle.md\/#\/schema\/logo\/image\/\"},\"sameAs\":[\"https:\/\/www.facebook.com\/xstylemd\",\"https:\/\/www.instagram.com\/xstyle_md\/\",\"https:\/\/t.me\/xstyle_outdoor\"],\"hasMerchantReturnPolicy\":{\"@type\":\"MerchantReturnPolicy\",\"merchantReturnLink\":\"https:\/\/xstyle.md\/ro\/conditions\/\"}}]}<\/script>\n<meta property=\"product:price:amount\" content=\"360.00\" \/>\n<meta property=\"product:price:currency\" content=\"MDL\" \/>\n<meta property=\"og:availability\" content=\"instock\" \/>\n<meta property=\"product:availability\" content=\"instock\" \/>\n<meta property=\"product:retailer_item_id\" content=\"4013236407211\" \/>\n<meta property=\"product:condition\" content=\"new\" \/>\n<!-- \/ Yoast SEO plugin. -->","yoast_head_json":{"title":"Can\u0103 Tatonka Handle Mug 0.5 - Magazin Xstyle","description":"Tatonka Handle Mug 0.5 din o\u021bel inoxidabil cu m\u00e2nere pliante - ideal\u0103 pentru acas\u0103 \u0219i drume\u021bii. U\u0219oar\u0103, durabil\u0103, cu scar\u0103 de m\u0103surare.","robots":{"index":"index","follow":"follow","max-snippet":"max-snippet:-1","max-image-preview":"max-image-preview:large","max-video-preview":"max-video-preview:-1"},"canonical":"https:\/\/xstyle.md\/ro\/produs\/kruzhka-tatonka-handle-mug\/","og_locale":"ro_RO","og_type":"article","og_title":"\u041a\u0440\u0443\u0436\u043a\u0430 Tatonka Handle Mug 0.5 - \u041c\u0430\u0433\u0430\u0437\u0438\u043d Xstyle","og_description":"\u041a\u0440\u0443\u0436\u043a\u0430 Tatonka Handle Mug 0.5 \u0438\u0437 \u043d\u0435\u0440\u0436\u0430\u0432\u0435\u044e\u0449\u0435\u0439 \u0441\u0442\u0430\u043b\u0438 \u0441 \u0441\u043a\u043b\u0430\u0434\u043d\u043e\u0439 \u0440\u0443\u0447\u043a\u043e\u0439 \u2014 \u0438\u0434\u0435\u0430\u043b\u044c\u043d\u0430 \u0434\u043b\u044f \u0434\u043e\u043c\u0430 \u0438 \u043f\u043e\u0445\u043e\u0434\u043e\u0432. \u041b\u0435\u0433\u043a\u0430\u044f, \u043f\u0440\u043e\u0447\u043d\u0430\u044f, \u0441 \u0438\u0437\u043c\u0435\u0440\u0438\u0442\u0435\u043b\u044c\u043d\u043e\u0439 \u0448\u043a\u0430\u043b\u043e\u0439.","og_url":"https:\/\/xstyle.md\/ro\/produs\/kruzhka-tatonka-handle-mug\/","og_site_name":"\u041c\u0430\u0433\u0430\u0437\u0438\u043d Xstyle","article_publisher":"https:\/\/www.facebook.com\/xstylemd","article_modified_time":"2025-12-18T14:15:00+00:00","og_image":[{"width":490,"height":318,"url":"https:\/\/xstyle.md\/wp-content\/uploads\/2020\/07\/handle_mug_1.jpg","type":"image\/jpeg"}],"twitter_card":"summary_large_image","twitter_misc":{"Pre\u021b":"360&nbsp;MDL","Disponibilitate":"\u00cen stoc"},"schema":{"@context":"https:\/\/schema.org","@graph":[{"@type":"WebPage","@id":"https:\/\/xstyle.md\/product\/kruzhka-tatonka-handle-mug\/","url":"https:\/\/xstyle.md\/product\/kruzhka-tatonka-handle-mug\/","name":"Can\u0103 Tatonka Handle Mug 0.5 - Magazin Xstyle","isPartOf":{"@id":"https:\/\/xstyle.md\/#website"},"primaryImageOfPage":{"@id":"https:\/\/xstyle.md\/product\/kruzhka-tatonka-handle-mug\/#primaryimage"},"image":{"@id":"https:\/\/xstyle.md\/product\/kruzhka-tatonka-handle-mug\/#primaryimage"},"thumbnailUrl":"https:\/\/xstyle.md\/wp-content\/uploads\/2020\/07\/handle_mug_1.jpg","datePublished":"2020-07-16T13:50:55+00:00","dateModified":"2025-12-18T14:15:00+00:00","description":"Tatonka Handle Mug 0.5 din o\u021bel inoxidabil cu m\u00e2nere pliante - ideal\u0103 pentru acas\u0103 \u0219i drume\u021bii. U\u0219oar\u0103, durabil\u0103, cu scar\u0103 de m\u0103surare.","breadcrumb":{"@id":"https:\/\/xstyle.md\/product\/kruzhka-tatonka-handle-mug\/#breadcrumb"},"inLanguage":"ro-RO","potentialAction":[{"@type":"ReadAction","target":["https:\/\/xstyle.md\/product\/kruzhka-tatonka-handle-mug\/"]}]},{"@type":"ImageObject","inLanguage":"ro-RO","@id":"https:\/\/xstyle.md\/product\/kruzhka-tatonka-handle-mug\/#primaryimage","url":"https:\/\/xstyle.md\/wp-content\/uploads\/2020\/07\/handle_mug_1.jpg","contentUrl":"https:\/\/xstyle.md\/wp-content\/uploads\/2020\/07\/handle_mug_1.jpg","width":490,"height":318},{"@type":"BreadcrumbList","@id":"https:\/\/xstyle.md\/product\/kruzhka-tatonka-handle-mug\/#breadcrumb","itemListElement":[{"@type":"ListItem","position":1,"name":"\u0413\u043b\u0430\u0432\u043d\u0430\u044f \u0441\u0442\u0440\u0430\u043d\u0438\u0446\u0430","item":"https:\/\/xstyle.md\/"},{"@type":"ListItem","position":2,"name":"\u041c\u0430\u0433\u0430\u0437\u0438\u043d","item":"https:\/\/xstyle.md\/shop\/"},{"@type":"ListItem","position":3,"name":"\u041a\u0440\u0443\u0436\u043a\u0430 Tatonka Handle Mug 0.5"}]},{"@type":"WebSite","@id":"https:\/\/xstyle.md\/#website","url":"https:\/\/xstyle.md\/","name":"Magazinul X-Style","description":"Echipamente pentru turism \u0219i sporturi extreme \u00een Moldova. Pre\u021buri, fotografii, caracteristici \u00een Moldova.","publisher":{"@id":"https:\/\/xstyle.md\/#organization"},"alternateName":"X-Style","potentialAction":[{"@type":"SearchAction","target":{"@type":"EntryPoint","urlTemplate":"https:\/\/xstyle.md\/?s={search_term_string}"},"query-input":{"@type":"PropertyValueSpecification","valueRequired":true,"valueName":"search_term_string"}}],"inLanguage":"ro-RO"},{"@type":"Organization","@id":"https:\/\/xstyle.md\/#organization","name":"Magazinul X-Style","alternateName":"x-style","url":"https:\/\/xstyle.md\/","logo":{"@type":"ImageObject","inLanguage":"ro-RO","@id":"https:\/\/xstyle.md\/#\/schema\/logo\/image\/","url":"https:\/\/xstyle.md\/wp-content\/uploads\/2020\/06\/logoicon.svg","contentUrl":"https:\/\/xstyle.md\/wp-content\/uploads\/2020\/06\/logoicon.svg","caption":"\u041c\u0430\u0433\u0430\u0437\u0438\u043d Xstyle"},"image":{"@id":"https:\/\/xstyle.md\/#\/schema\/logo\/image\/"},"sameAs":["https:\/\/www.facebook.com\/xstylemd","https:\/\/www.instagram.com\/xstyle_md\/","https:\/\/t.me\/xstyle_outdoor"],"hasMerchantReturnPolicy":{"@type":"MerchantReturnPolicy","merchantReturnLink":"https:\/\/xstyle.md\/ro\/conditions\/"}}]},"product_price_amount":"360.00","product_price_currency":"MDL","og_availability":"instock","product_availability":"instock","product_retailer_item_id":"4013236407211","product_condition":"new"},"post_mailing_queue_ids":[],"_links":{"self":[{"href":"https:\/\/xstyle.md\/ro\/wp-json\/wp\/v2\/product\/2078","targetHints":{"allow":["GET"]}}],"collection":[{"href":"https:\/\/xstyle.md\/ro\/wp-json\/wp\/v2\/product"}],"about":[{"href":"https:\/\/xstyle.md\/ro\/wp-json\/wp\/v2\/types\/product"}],"replies":[{"embeddable":true,"href":"https:\/\/xstyle.md\/ro\/wp-json\/wp\/v2\/comments?post=2078"}],"wp:featuredmedia":[{"embeddable":true,"href":"https:\/\/xstyle.md\/ro\/wp-json\/wp\/v2\/media\/2077"}],"wp:attachment":[{"href":"https:\/\/xstyle.md\/ro\/wp-json\/wp\/v2\/media?parent=2078"}],"wp:term":[{"taxonomy":"product_brand","embeddable":true,"href":"https:\/\/xstyle.md\/ro\/wp-json\/wp\/v2\/product_brand?post=2078"},{"taxonomy":"product_cat","embeddable":true,"href":"https:\/\/xstyle.md\/ro\/wp-json\/wp\/v2\/product_cat?post=2078"},{"taxonomy":"product_tag","embeddable":true,"href":"https:\/\/xstyle.md\/ro\/wp-json\/wp\/v2\/product_tag?post=2078"}],"curies":[{"name":"wp","href":"https:\/\/api.w.org\/{rel}","templated":true}]}}