{"id":20698,"date":"2020-07-18T17:53:07","date_gmt":"2020-07-18T14:53:07","guid":{"rendered":"https:\/\/xstyle.md\/product\/gornye-lyzhi-rossignol-react-r4-sport"},"modified":"2026-03-19T16:38:46","modified_gmt":"2026-03-19T13:38:46","slug":"gornye-lyzhi-rossignol-react-r4-sport","status":"publish","type":"product","link":"https:\/\/xstyle.md\/ro\/produs\/gornye-lyzhi-rossignol-react-r4-sport\/","title":{"rendered":"Schiuri Rossignol React R4 Sport"},"content":{"rendered":"<\/p>\n<p><strong>Schiuri Rossignol React R4 Sport\u00a0&#8212;\u00a0<\/strong>experimenta\u021bi cursa lin\u0103 cu noile React R4 Sport. Noua tehnologie Flex TIp deschide u\u0219a c\u0103tre o curs\u0103 lin\u0103 \u0219i stabil\u0103. React R4 Sport au fost create pentru riderii intermediari care doresc s\u0103 experimenteze magia \u0219i ritmul mersului casual pe trasee \u00eengrijite. Construc\u021bia capului \u0219i \u00eent\u0103rirea din fibr\u0103 de carbon le ofer\u0103 \u00eencrederea necesar\u0103 pentru a face un arc perfect dup\u0103 altul.<\/p>\n<h3>Particularit\u0103\u021bi<\/h3>\n<ul>\n<li>Rigiditate \u0219i stabilitate acceptabile &#8212; LCT (Line Control Technology) &#8212; un comportament mai suplu \u0219i o amortizare \u00eembun\u0103t\u0103\u021bit\u0103 a vibra\u021biilor v\u0103 permit s\u0103 controla\u021bi schiurile cu \u00eencredere.<\/li>\n<li>Carving puternic &#8212; Un sidecut m\u0103rit ofer\u0103 \u0219i mai mult\u0103 performan\u021b\u0103 pentru un carving \u00eencrez\u0103tor.<\/li>\n<li>Ini\u021biere \u0219i ie\u0219ire rapid\u0103 din viraje &#8212; Tehnologia Flex TIp angajeaz\u0103 mai eficient v\u00e2rful \u0219i c\u0103lc\u00e2iul schiului, astfel \u00eenc\u00e2t pute\u021bi ini\u021bia \u0219i ie\u0219i mai repede din viraje.<\/li>\n<li>R\u0103spuns rapid \u0219i comportament stabil &#8212; Fibra de carbon confer\u0103 schiului un plus de stabilitate, \u00eembun\u0103t\u0103\u021be\u0219te eficien\u021ba transmiterii for\u021bei \u0219i contactul cu suprafa\u021ba z\u0103pezii \u0219i reduce greutatea.<\/li>\n<\/ul>\n<h3>Caracteristici<\/h3>\n<ul>\n<li>Nivel: progresiv<\/li>\n<li>Scop: All Mountain<\/li>\n<li>Raza (m): 12.5 @162cm<\/li>\n<li>V\u00e2rful\/cea\u021ba\/roata (mm): 123-74-109<\/li>\n<li>Suprafa\u021ba de alunecare: SINTERIZAT\u0102<\/li>\n<li>Complet cu leg\u0103turi: Xpress 10. 2.5-10 For\u021ba de ac\u021bionare Din.<\/li>\n<li>Not\u0103: Tehnologii principale: LCT Constraction, Flex Tip.<\/li>\n<li>Miez: POPLAR WOOD CORE, carbon<\/li>\n<li>Pere\u021bi: CAP<\/li>\n<li>Decupaj: OVERSIZED<\/li>\n<li>Rocker: ON TRAIL.<\/li>\n<\/ul>\n<h3>Marca<\/h3>\n<p>\u00cen urm\u0103 cu mai bine de 100 de ani, \u00een 1907, \u00een Voiron, l\u00e2ng\u0103 Grenoble (Fran\u021ba), t\u00e2mplarul Abel Rossignol a creat o mic\u0103 companie specializat\u0103 \u00een produc\u021bia de produse din lemn pentru industria textil\u0103. \u00cenc\u0103 de pe atunci, Abel Rossignol se g\u00e2ndea deja cum s\u0103 produc\u0103 propriile schiuri din lemn. Patru ani mai t\u00e2rziu, prima pereche de schiuri a v\u0103zut lumina zilei.<\/p>\n<p>\u00cenc\u0103 din 1911, dup\u0103 o expedi\u021bie \u00een Scandinavia, compania a creat un departament dedicat exclusiv schiurilor. Ast\u0103zi, Rossignol combin\u0103 mai multe m\u0103rci: Rossignol, Dynastar, Lange \u0219i Risport \u0219i ofer\u0103 o gam\u0103 complet\u0103 de echipamente pentru sporturi de iarn\u0103 &#8212; toate pentru oamenii \u00eendr\u0103gosti\u021bi de sport.<\/p>\n<p><\/p>","protected":false},"excerpt":{"rendered":"<p>Schiuri Rossignol React R4 Sport<\/p>","protected":false},"featured_media":20695,"comment_status":"open","ping_status":"closed","template":"","meta":{"_acf_changed":false,"inline_featured_image":false},"product_brand":[1320],"product_cat":[398],"product_tag":[],"class_list":{"0":"post-20698","1":"product","2":"type-product","3":"status-publish","4":"has-post-thumbnail","6":"product_brand-rossignol","7":"product_cat-ski","9":"first","10":"instock","11":"shipping-taxable","12":"purchasable","13":"product-type-simple"},"acf":[],"yoast_head":"<!-- This site is optimized with the Yoast SEO plugin v27.4 - https:\/\/yoast.com\/product\/yoast-seo-wordpress\/ -->\n<title>\u0413\u043e\u0440\u043d\u044b\u0435 \u043b\u044b\u0436\u0438 Rossignol React R4 Sport - \u041c\u0430\u0433\u0430\u0437\u0438\u043d Xstyle<\/title>\n<meta name=\"description\" content=\"\u0413\u043e\u0440\u043d\u044b\u0435 \u043b\u044b\u0436\u0438 Rossignol React R4 Sport \u043f\u0440\u0435\u0434\u043b\u0430\u0433\u0430\u044e\u0442 \u043f\u043b\u0430\u0432\u043d\u0443\u044e \u0435\u0437\u0434\u0443 \u0441 \u0442\u0435\u0445\u043d\u043e\u043b\u043e\u0433\u0438\u0435\u0439 Flex Tip \u0438 LCT. \u0418\u0434\u0435\u0430\u043b\u044c\u043d\u044b \u0434\u043b\u044f \u043b\u044e\u0431\u0438\u0442\u0435\u043b\u0435\u0439 All Mountain. \u041e\u0442\u043a\u0440\u043e\u0439\u0442\u0435 \u043d\u043e\u0432\u044b\u0435 \u0433\u043e\u0440\u0438\u0437\u043e\u043d\u0442\u044b!\" \/>\n<meta name=\"robots\" content=\"index, follow, max-snippet:-1, max-image-preview:large, max-video-preview:-1\" \/>\n<link rel=\"canonical\" href=\"https:\/\/xstyle.md\/ro\/produs\/gornye-lyzhi-rossignol-react-r4-sport\/\" \/>\n<meta property=\"og:locale\" content=\"ro_RO\" \/>\n<meta property=\"og:type\" content=\"article\" \/>\n<meta property=\"og:title\" content=\"\u0413\u043e\u0440\u043d\u044b\u0435 \u043b\u044b\u0436\u0438 Rossignol React R4 Sport - \u041c\u0430\u0433\u0430\u0437\u0438\u043d Xstyle\" \/>\n<meta property=\"og:description\" content=\"\u0413\u043e\u0440\u043d\u044b\u0435 \u043b\u044b\u0436\u0438 Rossignol React R4 Sport \u043f\u0440\u0435\u0434\u043b\u0430\u0433\u0430\u044e\u0442 \u043f\u043b\u0430\u0432\u043d\u0443\u044e \u0435\u0437\u0434\u0443 \u0441 \u0442\u0435\u0445\u043d\u043e\u043b\u043e\u0433\u0438\u0435\u0439 Flex Tip \u0438 LCT. \u0418\u0434\u0435\u0430\u043b\u044c\u043d\u044b \u0434\u043b\u044f \u043b\u044e\u0431\u0438\u0442\u0435\u043b\u0435\u0439 All Mountain. \u041e\u0442\u043a\u0440\u043e\u0439\u0442\u0435 \u043d\u043e\u0432\u044b\u0435 \u0433\u043e\u0440\u0438\u0437\u043e\u043d\u0442\u044b!\" \/>\n<meta property=\"og:url\" content=\"https:\/\/xstyle.md\/ro\/produs\/gornye-lyzhi-rossignol-react-r4-sport\/\" \/>\n<meta property=\"og:site_name\" content=\"\u041c\u0430\u0433\u0430\u0437\u0438\u043d Xstyle\" \/>\n<meta property=\"article:publisher\" content=\"https:\/\/www.facebook.com\/xstylemd\" \/>\n<meta property=\"article:modified_time\" content=\"2026-03-19T13:38:46+00:00\" \/>\n<meta property=\"og:image\" content=\"https:\/\/xstyle.md\/wp-content\/uploads\/2020\/07\/ski_1_9.jpg\" \/>\n\t<meta property=\"og:image:width\" content=\"1592\" \/>\n\t<meta property=\"og:image:height\" content=\"1820\" \/>\n\t<meta property=\"og:image:type\" content=\"image\/jpeg\" \/>\n<meta name=\"twitter:card\" content=\"summary_large_image\" \/>\n<meta name=\"twitter:label1\" content=\"Pre\u021b\" \/>\n\t<meta name=\"twitter:data1\" content=\"8.390&nbsp;MDL\" \/>\n\t<meta name=\"twitter:label2\" content=\"Disponibilitate\" \/>\n\t<meta name=\"twitter:data2\" content=\"\u00cen stoc\" \/>\n<script type=\"application\/ld+json\" class=\"yoast-schema-graph\">{\"@context\":\"https:\\\/\\\/schema.org\",\"@graph\":[{\"@type\":\"WebPage\",\"@id\":\"https:\\\/\\\/xstyle.md\\\/product\\\/gornye-lyzhi-rossignol-react-r4-sport\\\/\",\"url\":\"https:\\\/\\\/xstyle.md\\\/product\\\/gornye-lyzhi-rossignol-react-r4-sport\\\/\",\"name\":\"\u0413\u043e\u0440\u043d\u044b\u0435 \u043b\u044b\u0436\u0438 Rossignol React R4 Sport - \u041c\u0430\u0433\u0430\u0437\u0438\u043d Xstyle\",\"isPartOf\":{\"@id\":\"https:\\\/\\\/xstyle.md\\\/#website\"},\"primaryImageOfPage\":{\"@id\":\"https:\\\/\\\/xstyle.md\\\/product\\\/gornye-lyzhi-rossignol-react-r4-sport\\\/#primaryimage\"},\"image\":{\"@id\":\"https:\\\/\\\/xstyle.md\\\/product\\\/gornye-lyzhi-rossignol-react-r4-sport\\\/#primaryimage\"},\"thumbnailUrl\":\"https:\\\/\\\/xstyle.md\\\/wp-content\\\/uploads\\\/2020\\\/07\\\/ski_1_9.jpg\",\"datePublished\":\"2020-07-18T14:53:07+00:00\",\"dateModified\":\"2026-03-19T13:38:46+00:00\",\"description\":\"\u0413\u043e\u0440\u043d\u044b\u0435 \u043b\u044b\u0436\u0438 Rossignol React R4 Sport \u043f\u0440\u0435\u0434\u043b\u0430\u0433\u0430\u044e\u0442 \u043f\u043b\u0430\u0432\u043d\u0443\u044e \u0435\u0437\u0434\u0443 \u0441 \u0442\u0435\u0445\u043d\u043e\u043b\u043e\u0433\u0438\u0435\u0439 Flex Tip \u0438 LCT. \u0418\u0434\u0435\u0430\u043b\u044c\u043d\u044b \u0434\u043b\u044f \u043b\u044e\u0431\u0438\u0442\u0435\u043b\u0435\u0439 All Mountain. \u041e\u0442\u043a\u0440\u043e\u0439\u0442\u0435 \u043d\u043e\u0432\u044b\u0435 \u0433\u043e\u0440\u0438\u0437\u043e\u043d\u0442\u044b!\",\"breadcrumb\":{\"@id\":\"https:\\\/\\\/xstyle.md\\\/product\\\/gornye-lyzhi-rossignol-react-r4-sport\\\/#breadcrumb\"},\"inLanguage\":\"ro-RO\",\"potentialAction\":[{\"@type\":\"ReadAction\",\"target\":[\"https:\\\/\\\/xstyle.md\\\/product\\\/gornye-lyzhi-rossignol-react-r4-sport\\\/\"]}]},{\"@type\":\"ImageObject\",\"inLanguage\":\"ro-RO\",\"@id\":\"https:\\\/\\\/xstyle.md\\\/product\\\/gornye-lyzhi-rossignol-react-r4-sport\\\/#primaryimage\",\"url\":\"https:\\\/\\\/xstyle.md\\\/wp-content\\\/uploads\\\/2020\\\/07\\\/ski_1_9.jpg\",\"contentUrl\":\"https:\\\/\\\/xstyle.md\\\/wp-content\\\/uploads\\\/2020\\\/07\\\/ski_1_9.jpg\",\"width\":1592,\"height\":1820},{\"@type\":\"BreadcrumbList\",\"@id\":\"https:\\\/\\\/xstyle.md\\\/product\\\/gornye-lyzhi-rossignol-react-r4-sport\\\/#breadcrumb\",\"itemListElement\":[{\"@type\":\"ListItem\",\"position\":1,\"name\":\"\u0413\u043b\u0430\u0432\u043d\u0430\u044f \u0441\u0442\u0440\u0430\u043d\u0438\u0446\u0430\",\"item\":\"https:\\\/\\\/xstyle.md\\\/\"},{\"@type\":\"ListItem\",\"position\":2,\"name\":\"\u041c\u0430\u0433\u0430\u0437\u0438\u043d\",\"item\":\"https:\\\/\\\/xstyle.md\\\/shop\\\/\"},{\"@type\":\"ListItem\",\"position\":3,\"name\":\"\u0413\u043e\u0440\u043d\u044b\u0435 \u043b\u044b\u0436\u0438 Rossignol React R4 Sport\"}]},{\"@type\":\"WebSite\",\"@id\":\"https:\\\/\\\/xstyle.md\\\/#website\",\"url\":\"https:\\\/\\\/xstyle.md\\\/\",\"name\":\"\u041c\u0430\u0433\u0430\u0437\u0438\u043d Xstyle\",\"description\":\"C\u043d\u0430\u0440\u044f\u0436\u0435\u043d\u0438\u0435 \u0434\u043b\u044f \u0442\u0443\u0440\u0438\u0437\u043c\u0430 \u0438 \u044d\u043a\u0441\u0442\u0440\u0435\u043c\u0430\u043b\u044c\u043d\u044b\u0445 \u0432\u0438\u0434\u043e\u0432 \u0441\u043f\u043e\u0440\u0442\u0430 \u0432 \u041c\u043e\u043b\u0434\u043e\u0432\u0435.. \u0426\u0435\u043d\u044b, \u0444\u043e\u0442\u043e, \u0445\u0430\u0440\u0430\u043a\u0442\u0435\u0440\u0438\u0441\u0442\u0438\u043a\u0438 \u0432 \u041c\u043e\u043b\u0434\u043e\u0432\u0435.\",\"publisher\":{\"@id\":\"https:\\\/\\\/xstyle.md\\\/#organization\"},\"alternateName\":\"X-Style\",\"potentialAction\":[{\"@type\":\"SearchAction\",\"target\":{\"@type\":\"EntryPoint\",\"urlTemplate\":\"https:\\\/\\\/xstyle.md\\\/?s={search_term_string}\"},\"query-input\":{\"@type\":\"PropertyValueSpecification\",\"valueRequired\":true,\"valueName\":\"search_term_string\"}}],\"inLanguage\":\"ro-RO\"},{\"@type\":\"Organization\",\"@id\":\"https:\\\/\\\/xstyle.md\\\/#organization\",\"name\":\"\u041c\u0430\u0433\u0430\u0437\u0438\u043d Xstyle\",\"alternateName\":\"x-style\",\"url\":\"https:\\\/\\\/xstyle.md\\\/\",\"logo\":{\"@type\":\"ImageObject\",\"inLanguage\":\"ro-RO\",\"@id\":\"https:\\\/\\\/xstyle.md\\\/#\\\/schema\\\/logo\\\/image\\\/\",\"url\":\"https:\\\/\\\/xstyle.md\\\/wp-content\\\/uploads\\\/2020\\\/06\\\/logoicon.svg\",\"contentUrl\":\"https:\\\/\\\/xstyle.md\\\/wp-content\\\/uploads\\\/2020\\\/06\\\/logoicon.svg\",\"caption\":\"\u041c\u0430\u0433\u0430\u0437\u0438\u043d Xstyle\"},\"image\":{\"@id\":\"https:\\\/\\\/xstyle.md\\\/#\\\/schema\\\/logo\\\/image\\\/\"},\"sameAs\":[\"https:\\\/\\\/www.facebook.com\\\/xstylemd\",\"https:\\\/\\\/www.instagram.com\\\/xstyle_md\\\/\",\"https:\\\/\\\/t.me\\\/xstyle_outdoor\"],\"hasMerchantReturnPolicy\":{\"@type\":\"MerchantReturnPolicy\",\"merchantReturnLink\":\"https:\\\/\\\/xstyle.md\\\/ro\\\/conditions\\\/\"}}]}<\/script>\n<meta property=\"product:price:amount\" content=\"8390.00\" \/>\n<meta property=\"product:price:currency\" content=\"MDL\" \/>\n<meta property=\"og:availability\" content=\"instock\" \/>\n<meta property=\"product:availability\" content=\"instock\" \/>\n<meta property=\"product:retailer_item_id\" content=\"3607683118441\" \/>\n<meta property=\"product:condition\" content=\"new\" \/>\n<!-- \/ Yoast SEO plugin. -->","yoast_head_json":{"title":"Schiuri Rossignol React R4 Sport - Magazin Xstyle","description":"Schiurile de munte Rossignol React R4 Sport ofer\u0103 o c\u0103l\u0103torie lin\u0103 cu tehnologia Flex Tip \u0219i LCT. Sunt ideale pentru iubitorii de All Mountain. Descoperi\u021bi noi orizonturi!","robots":{"index":"index","follow":"follow","max-snippet":"max-snippet:-1","max-image-preview":"max-image-preview:large","max-video-preview":"max-video-preview:-1"},"canonical":"https:\/\/xstyle.md\/ro\/produs\/gornye-lyzhi-rossignol-react-r4-sport\/","og_locale":"ro_RO","og_type":"article","og_title":"\u0413\u043e\u0440\u043d\u044b\u0435 \u043b\u044b\u0436\u0438 Rossignol React R4 Sport - \u041c\u0430\u0433\u0430\u0437\u0438\u043d Xstyle","og_description":"\u0413\u043e\u0440\u043d\u044b\u0435 \u043b\u044b\u0436\u0438 Rossignol React R4 Sport \u043f\u0440\u0435\u0434\u043b\u0430\u0433\u0430\u044e\u0442 \u043f\u043b\u0430\u0432\u043d\u0443\u044e \u0435\u0437\u0434\u0443 \u0441 \u0442\u0435\u0445\u043d\u043e\u043b\u043e\u0433\u0438\u0435\u0439 Flex Tip \u0438 LCT. \u0418\u0434\u0435\u0430\u043b\u044c\u043d\u044b \u0434\u043b\u044f \u043b\u044e\u0431\u0438\u0442\u0435\u043b\u0435\u0439 All Mountain. \u041e\u0442\u043a\u0440\u043e\u0439\u0442\u0435 \u043d\u043e\u0432\u044b\u0435 \u0433\u043e\u0440\u0438\u0437\u043e\u043d\u0442\u044b!","og_url":"https:\/\/xstyle.md\/ro\/produs\/gornye-lyzhi-rossignol-react-r4-sport\/","og_site_name":"\u041c\u0430\u0433\u0430\u0437\u0438\u043d Xstyle","article_publisher":"https:\/\/www.facebook.com\/xstylemd","article_modified_time":"2026-03-19T13:38:46+00:00","og_image":[{"width":1592,"height":1820,"url":"https:\/\/xstyle.md\/wp-content\/uploads\/2020\/07\/ski_1_9.jpg","type":"image\/jpeg"}],"twitter_card":"summary_large_image","twitter_misc":{"Pre\u021b":"8.390&nbsp;MDL","Disponibilitate":"\u00cen stoc"},"schema":{"@context":"https:\/\/schema.org","@graph":[{"@type":"WebPage","@id":"https:\/\/xstyle.md\/product\/gornye-lyzhi-rossignol-react-r4-sport\/","url":"https:\/\/xstyle.md\/product\/gornye-lyzhi-rossignol-react-r4-sport\/","name":"Schiuri Rossignol React R4 Sport - Magazin Xstyle","isPartOf":{"@id":"https:\/\/xstyle.md\/#website"},"primaryImageOfPage":{"@id":"https:\/\/xstyle.md\/product\/gornye-lyzhi-rossignol-react-r4-sport\/#primaryimage"},"image":{"@id":"https:\/\/xstyle.md\/product\/gornye-lyzhi-rossignol-react-r4-sport\/#primaryimage"},"thumbnailUrl":"https:\/\/xstyle.md\/wp-content\/uploads\/2020\/07\/ski_1_9.jpg","datePublished":"2020-07-18T14:53:07+00:00","dateModified":"2026-03-19T13:38:46+00:00","description":"Schiurile de munte Rossignol React R4 Sport ofer\u0103 o c\u0103l\u0103torie lin\u0103 cu tehnologia Flex Tip \u0219i LCT. Sunt ideale pentru iubitorii de All Mountain. Descoperi\u021bi noi orizonturi!","breadcrumb":{"@id":"https:\/\/xstyle.md\/product\/gornye-lyzhi-rossignol-react-r4-sport\/#breadcrumb"},"inLanguage":"ro-RO","potentialAction":[{"@type":"ReadAction","target":["https:\/\/xstyle.md\/product\/gornye-lyzhi-rossignol-react-r4-sport\/"]}]},{"@type":"ImageObject","inLanguage":"ro-RO","@id":"https:\/\/xstyle.md\/product\/gornye-lyzhi-rossignol-react-r4-sport\/#primaryimage","url":"https:\/\/xstyle.md\/wp-content\/uploads\/2020\/07\/ski_1_9.jpg","contentUrl":"https:\/\/xstyle.md\/wp-content\/uploads\/2020\/07\/ski_1_9.jpg","width":1592,"height":1820},{"@type":"BreadcrumbList","@id":"https:\/\/xstyle.md\/product\/gornye-lyzhi-rossignol-react-r4-sport\/#breadcrumb","itemListElement":[{"@type":"ListItem","position":1,"name":"\u0413\u043b\u0430\u0432\u043d\u0430\u044f \u0441\u0442\u0440\u0430\u043d\u0438\u0446\u0430","item":"https:\/\/xstyle.md\/"},{"@type":"ListItem","position":2,"name":"\u041c\u0430\u0433\u0430\u0437\u0438\u043d","item":"https:\/\/xstyle.md\/shop\/"},{"@type":"ListItem","position":3,"name":"\u0413\u043e\u0440\u043d\u044b\u0435 \u043b\u044b\u0436\u0438 Rossignol React R4 Sport"}]},{"@type":"WebSite","@id":"https:\/\/xstyle.md\/#website","url":"https:\/\/xstyle.md\/","name":"Magazinul X-Style","description":"Echipamente pentru turism \u0219i sporturi extreme \u00een Moldova. Pre\u021buri, fotografii, caracteristici \u00een Moldova.","publisher":{"@id":"https:\/\/xstyle.md\/#organization"},"alternateName":"X-Style","potentialAction":[{"@type":"SearchAction","target":{"@type":"EntryPoint","urlTemplate":"https:\/\/xstyle.md\/?s={search_term_string}"},"query-input":{"@type":"PropertyValueSpecification","valueRequired":true,"valueName":"search_term_string"}}],"inLanguage":"ro-RO"},{"@type":"Organization","@id":"https:\/\/xstyle.md\/#organization","name":"Magazinul X-Style","alternateName":"x-style","url":"https:\/\/xstyle.md\/","logo":{"@type":"ImageObject","inLanguage":"ro-RO","@id":"https:\/\/xstyle.md\/#\/schema\/logo\/image\/","url":"https:\/\/xstyle.md\/wp-content\/uploads\/2020\/06\/logoicon.svg","contentUrl":"https:\/\/xstyle.md\/wp-content\/uploads\/2020\/06\/logoicon.svg","caption":"\u041c\u0430\u0433\u0430\u0437\u0438\u043d Xstyle"},"image":{"@id":"https:\/\/xstyle.md\/#\/schema\/logo\/image\/"},"sameAs":["https:\/\/www.facebook.com\/xstylemd","https:\/\/www.instagram.com\/xstyle_md\/","https:\/\/t.me\/xstyle_outdoor"],"hasMerchantReturnPolicy":{"@type":"MerchantReturnPolicy","merchantReturnLink":"https:\/\/xstyle.md\/ro\/conditions\/"}}]},"product_price_amount":"8390.00","product_price_currency":"MDL","og_availability":"instock","product_availability":"instock","product_retailer_item_id":"3607683118441","product_condition":"new"},"_links":{"self":[{"href":"https:\/\/xstyle.md\/ro\/wp-json\/wp\/v2\/product\/20698","targetHints":{"allow":["GET"]}}],"collection":[{"href":"https:\/\/xstyle.md\/ro\/wp-json\/wp\/v2\/product"}],"about":[{"href":"https:\/\/xstyle.md\/ro\/wp-json\/wp\/v2\/types\/product"}],"replies":[{"embeddable":true,"href":"https:\/\/xstyle.md\/ro\/wp-json\/wp\/v2\/comments?post=20698"}],"wp:featuredmedia":[{"embeddable":true,"href":"https:\/\/xstyle.md\/ro\/wp-json\/wp\/v2\/media\/20695"}],"wp:attachment":[{"href":"https:\/\/xstyle.md\/ro\/wp-json\/wp\/v2\/media?parent=20698"}],"wp:term":[{"taxonomy":"product_brand","embeddable":true,"href":"https:\/\/xstyle.md\/ro\/wp-json\/wp\/v2\/product_brand?post=20698"},{"taxonomy":"product_cat","embeddable":true,"href":"https:\/\/xstyle.md\/ro\/wp-json\/wp\/v2\/product_cat?post=20698"},{"taxonomy":"product_tag","embeddable":true,"href":"https:\/\/xstyle.md\/ro\/wp-json\/wp\/v2\/product_tag?post=20698"}],"curies":[{"name":"wp","href":"https:\/\/api.w.org\/{rel}","templated":true}]}}