{"id":20600,"date":"2020-07-18T17:49:31","date_gmt":"2020-07-18T14:49:31","guid":{"rendered":"https:\/\/xstyle.md\/?post_type=product&#038;p=20600"},"modified":"2026-03-19T16:38:43","modified_gmt":"2026-03-19T13:38:43","slug":"gornolyzhnyj-detskij-shlem-rossignol-whoopee-red","status":"publish","type":"product","link":"https:\/\/xstyle.md\/ro\/produs\/gornolyzhnyj-detskij-shlem-rossignol-whoopee-red\/","title":{"rendered":"Casc\u0103 schi pentru copii Rossignol Whoopee Red"},"content":{"rendered":"<\/p>\n<p><strong>Casc\u0103 schi pentru copii Rossignol Whoopee Red\u00a0&#8212;\u00a0<\/strong>casc\u0103 de schi sigur\u0103 \u0219i rezistent\u0103 la \u0219ocuri, cu un nivel ridicat de confort pentru adolescen\u021bi. \u00cenveli\u0219ul dur Impact \u0219i spuma EPP cresc rezisten\u021ba la uzur\u0103, f\u0103r\u0103 a afecta greutatea \u0219i potrivirea. Sistemul de reglare Dial R-Fit face ca dimensiunea s\u0103 se potriveasc\u0103 c\u00e2t mai precis.<\/p>\n<p>Casca pentru copii Whoopee, datorit\u0103 tehnologiei IMPACTS, combin\u0103 o carcas\u0103 rigid\u0103 \u0219i spum\u0103 EPP multi-impact pentru a cre\u0219te amortizarea \u0219i siguran\u021ba f\u0103r\u0103 a sacrifica greutatea, stilul sau confortul.<\/p>\n<p>Un sistem de ventila\u021bie activ\u0103 ajut\u0103 la reglarea fluxului de aer \u00een func\u021bie de condi\u021biile meteorologice. Sistemul de dimensionare Dial R-Fit v\u0103 ofer\u0103 cea mai bun\u0103 potrivire posibil\u0103.<\/p>\n<h3><strong>Particularit\u0103\u021bi<\/strong><\/h3>\n<ul>\n<li>Protec\u021bie durabil\u0103: tehnologia EPP multi-proces \u00eencorporeaz\u0103 polipropilen\u0103 expandat\u0103 care cre\u0219te durabilitatea \u00een timpul utiliz\u0103rii zilnice regulate, ajut\u00e2nd casca s\u0103 \u00ee\u0219i p\u0103streze propriet\u0103\u021bile de protec\u021bie \u0219i absorb\u021bie a impactului mai mult timp<\/li>\n<li>Potrivire reglabil\u0103: sistemul Dial R-Fit ofer\u0103 o bun\u0103 potrivire \u0219i este conceput pentru a maximiza confortul, suportul \u0219i protec\u021bia<\/li>\n<li>Circula\u021bia aerului \u00eencorporat\u0103: orificiile de ventila\u021bie func\u021bioneaz\u0103 cu canale de ventila\u021bie \u00eentre straturile c\u0103ptu\u0219elii pentru a men\u021bine o circula\u021bie constant\u0103 a aerului f\u0103r\u0103 contact direct cu capul<\/li>\n<\/ul>\n<h3><b>Caracteristici\u00a0<\/b><\/h3>\n<ul>\n<li>Scop &#8212; universal<\/li>\n<li>Dimensiune reglabil\u0103 &#8212; R-FIT SYSTEM<\/li>\n<li>Ventila\u021bie &#8212; activ\u0103<\/li>\n<li>Construc\u021bie &#8212; In-mould<\/li>\n<li>Certificare &#8212; EN 1077<\/li>\n<li>Greutate &#8212; 370 g<\/li>\n<\/ul>\n<h3>Tehnologie<\/h3>\n<ul>\n<li><strong>In-mold<\/strong> &#8212; carcasa interioar\u0103 din EPS este acoperit\u0103 cu un strat sub\u021bire de policarbonat turnat prin injec\u021bie. De aici \u0219i numele In-Mold, prescurtarea de la \u201eturnat prin injec\u021bie\u201d. Aceast\u0103 construc\u021bie este mult mai u\u0219oar\u0103 dec\u00e2t analogii s\u0103i \u0219i este potrivit\u0103 pentru majoritatea schiorilor care nu sfideaz\u0103 soarta \u00een c\u0103utare de adrenalin\u0103.<\/li>\n<li><strong> Impacts<\/strong> &#8212; chiar \u0219i impacturile minore care nu las\u0103 daune vizibile pe casc\u0103 pot avea un impact negativ asupra propriet\u0103\u021bilor de protec\u021bie ale c\u0103\u0219tii \u00een viitor. Rossignol a luat \u00een considerare utilizarea de zi cu zi a c\u0103\u0219tii, inclusiv depozitarea, transportul \u0219i schiatul, \u0219i a dezvoltat noua tehnologie IMPACTS, care ofer\u0103 protec\u021bie superioar\u0103 chiar \u0219i dup\u0103 mai multe impacturi, f\u0103r\u0103 a sacrifica greutatea redus\u0103, stilul sau confortul.<\/li>\n<li><strong>R-Fit<\/strong> &#8212; v\u0103 permite s\u0103 regla\u021bi cu precizie casca pentru \u0219i mai mult\u0103 sus\u021binere, siguran\u021b\u0103 \u0219i confort la condus. Sistem simplu &#8212; dou\u0103 bretele ata\u0219ate la casc\u0103 \u0219i un disc de reglare v\u0103 permit s\u0103 ajusta\u021bi rapid \u0219i u\u0219or casca la orice condi\u021bii de utilizare.<\/li>\n<\/ul>\n<h3>Marca<\/h3>\n<p>Acum mai bine de 100 de ani, \u00een 1907, \u00een Voiron, l\u00e2ng\u0103 Grenoble (Fran\u021ba), t\u00e2mplarul Abel Rossignol a creat o mic\u0103 companie specializat\u0103 \u00een produc\u021bia de produse din lemn pentru industria textil\u0103. Chiar \u0219i la acea vreme, Abel Rossignol se g\u00e2ndea deja cum s\u0103 produc\u0103 propriile schiuri din lemn. Patru ani mai t\u00e2rziu, prima pereche de schiuri a v\u0103zut lumina zilei.<\/p>\n<p>Deja \u00een 1911, dup\u0103 o expedi\u021bie \u00een Scandinavia, \u00een cadrul companiei a fost \u00eenfiin\u021bat un departament dedicat exclusiv schiurilor. Ast\u0103zi, Rossignol combin\u0103 mai multe m\u0103rci: Rossignol, Dynastar, Lange \u0219i Risport, \u0219i ofer\u0103 o gam\u0103 complet\u0103 de echipamente pentru sporturile de iarn\u0103 &#8212; toate pentru cei \u00eendr\u0103gosti\u021bi de sport.<\/p>\n<p><\/p>","protected":false},"excerpt":{"rendered":"<p>Casc\u0103 schi pentru copii Rossignol Whoopee Red<\/p>","protected":false},"featured_media":20596,"comment_status":"open","ping_status":"closed","template":"","meta":{"_acf_changed":false,"inline_featured_image":false},"product_brand":[1320],"product_cat":[355],"product_tag":[],"class_list":{"0":"post-20600","1":"product","2":"type-product","3":"status-publish","4":"has-post-thumbnail","6":"product_brand-rossignol","7":"product_cat-ski-helmet","9":"first","10":"instock","11":"shipping-taxable","12":"purchasable","13":"product-type-simple"},"acf":[],"yoast_head":"<!-- This site is optimized with the Yoast SEO plugin v27.2 - https:\/\/yoast.com\/product\/yoast-seo-wordpress\/ -->\n<title>\u0413\u043e\u0440\u043d\u043e\u043b\u044b\u0436\u043d\u044b\u0439 \u0434\u0435\u0442\u0441\u043a\u0438\u0439 \u0448\u043b\u0435\u043c Rossignol Whoopee Red - \u041c\u0430\u0433\u0430\u0437\u0438\u043d Xstyle<\/title>\n<meta name=\"description\" content=\"\u041a\u0443\u043f\u0438\u0442\u0435 \u0434\u0435\u0442\u0441\u043a\u0438\u0439 \u0433\u043e\u0440\u043d\u043e\u043b\u044b\u0436\u043d\u044b\u0439 \u0448\u043b\u0435\u043c Rossignol Whoopee Red! \u0412\u044b\u0441\u043e\u043a\u0438\u0439 \u043a\u043e\u043c\u0444\u043e\u0440\u0442, \u043f\u0440\u043e\u0447\u043d\u044b\u0439 EPP, \u0441\u0438\u0441\u0442\u0435\u043c\u0430 RFit \u0438 \u0437\u0430\u0449\u0438\u0442\u0430 EN 1077. \u0418\u0434\u0435\u0430\u043b\u044c\u043d\u043e \u0434\u043b\u044f \u0430\u043a\u0442\u0438\u0432\u043d\u044b\u0445 \u043f\u043e\u0434\u0440\u043e\u0441\u0442\u043a\u043e\u0432!\" \/>\n<meta name=\"robots\" content=\"index, follow, max-snippet:-1, max-image-preview:large, max-video-preview:-1\" \/>\n<link rel=\"canonical\" href=\"https:\/\/xstyle.md\/ro\/produs\/gornolyzhnyj-detskij-shlem-rossignol-whoopee-red\/\" \/>\n<meta property=\"og:locale\" content=\"ro_RO\" \/>\n<meta property=\"og:type\" content=\"article\" \/>\n<meta property=\"og:title\" content=\"\u0413\u043e\u0440\u043d\u043e\u043b\u044b\u0436\u043d\u044b\u0439 \u0434\u0435\u0442\u0441\u043a\u0438\u0439 \u0448\u043b\u0435\u043c Rossignol Whoopee Red - \u041c\u0430\u0433\u0430\u0437\u0438\u043d Xstyle\" \/>\n<meta property=\"og:description\" content=\"\u041a\u0443\u043f\u0438\u0442\u0435 \u0434\u0435\u0442\u0441\u043a\u0438\u0439 \u0433\u043e\u0440\u043d\u043e\u043b\u044b\u0436\u043d\u044b\u0439 \u0448\u043b\u0435\u043c Rossignol Whoopee Red! \u0412\u044b\u0441\u043e\u043a\u0438\u0439 \u043a\u043e\u043c\u0444\u043e\u0440\u0442, \u043f\u0440\u043e\u0447\u043d\u044b\u0439 EPP, \u0441\u0438\u0441\u0442\u0435\u043c\u0430 RFit \u0438 \u0437\u0430\u0449\u0438\u0442\u0430 EN 1077. \u0418\u0434\u0435\u0430\u043b\u044c\u043d\u043e \u0434\u043b\u044f \u0430\u043a\u0442\u0438\u0432\u043d\u044b\u0445 \u043f\u043e\u0434\u0440\u043e\u0441\u0442\u043a\u043e\u0432!\" \/>\n<meta property=\"og:url\" content=\"https:\/\/xstyle.md\/ro\/produs\/gornolyzhnyj-detskij-shlem-rossignol-whoopee-red\/\" \/>\n<meta property=\"og:site_name\" content=\"\u041c\u0430\u0433\u0430\u0437\u0438\u043d Xstyle\" \/>\n<meta property=\"article:publisher\" content=\"https:\/\/www.facebook.com\/xstylemd\" \/>\n<meta property=\"article:modified_time\" content=\"2026-03-19T13:38:43+00:00\" \/>\n<meta property=\"og:image\" content=\"https:\/\/xstyle.md\/wp-content\/uploads\/2020\/07\/rkih505_whoopee_impacts_red_rgb72dpi_01.jpg\" \/>\n\t<meta property=\"og:image:width\" content=\"502\" \/>\n\t<meta property=\"og:image:height\" content=\"585\" \/>\n\t<meta property=\"og:image:type\" content=\"image\/jpeg\" \/>\n<meta name=\"twitter:card\" content=\"summary_large_image\" \/>\n<meta name=\"twitter:label1\" content=\"Pre\u021b\" \/>\n\t<meta name=\"twitter:data1\" content=\"1.490&nbsp;MDL\" \/>\n\t<meta name=\"twitter:label2\" content=\"Disponibilitate\" \/>\n\t<meta name=\"twitter:data2\" content=\"\u00cen stoc\" \/>\n<script type=\"application\/ld+json\" class=\"yoast-schema-graph\">{\"@context\":\"https:\/\/schema.org\",\"@graph\":[{\"@type\":\"WebPage\",\"@id\":\"https:\/\/xstyle.md\/product\/gornolyzhnyj-detskij-shlem-rossignol-whoopee-red\/\",\"url\":\"https:\/\/xstyle.md\/product\/gornolyzhnyj-detskij-shlem-rossignol-whoopee-red\/\",\"name\":\"\u0413\u043e\u0440\u043d\u043e\u043b\u044b\u0436\u043d\u044b\u0439 \u0434\u0435\u0442\u0441\u043a\u0438\u0439 \u0448\u043b\u0435\u043c Rossignol Whoopee Red - \u041c\u0430\u0433\u0430\u0437\u0438\u043d Xstyle\",\"isPartOf\":{\"@id\":\"https:\/\/xstyle.md\/#website\"},\"primaryImageOfPage\":{\"@id\":\"https:\/\/xstyle.md\/product\/gornolyzhnyj-detskij-shlem-rossignol-whoopee-red\/#primaryimage\"},\"image\":{\"@id\":\"https:\/\/xstyle.md\/product\/gornolyzhnyj-detskij-shlem-rossignol-whoopee-red\/#primaryimage\"},\"thumbnailUrl\":\"https:\/\/xstyle.md\/wp-content\/uploads\/2020\/07\/rkih505_whoopee_impacts_red_rgb72dpi_01.jpg\",\"datePublished\":\"2020-07-18T14:49:31+00:00\",\"dateModified\":\"2026-03-19T13:38:43+00:00\",\"description\":\"\u041a\u0443\u043f\u0438\u0442\u0435 \u0434\u0435\u0442\u0441\u043a\u0438\u0439 \u0433\u043e\u0440\u043d\u043e\u043b\u044b\u0436\u043d\u044b\u0439 \u0448\u043b\u0435\u043c Rossignol Whoopee Red! \u0412\u044b\u0441\u043e\u043a\u0438\u0439 \u043a\u043e\u043c\u0444\u043e\u0440\u0442, \u043f\u0440\u043e\u0447\u043d\u044b\u0439 EPP, \u0441\u0438\u0441\u0442\u0435\u043c\u0430 RFit \u0438 \u0437\u0430\u0449\u0438\u0442\u0430 EN 1077. \u0418\u0434\u0435\u0430\u043b\u044c\u043d\u043e \u0434\u043b\u044f \u0430\u043a\u0442\u0438\u0432\u043d\u044b\u0445 \u043f\u043e\u0434\u0440\u043e\u0441\u0442\u043a\u043e\u0432!\",\"breadcrumb\":{\"@id\":\"https:\/\/xstyle.md\/product\/gornolyzhnyj-detskij-shlem-rossignol-whoopee-red\/#breadcrumb\"},\"inLanguage\":\"ro-RO\",\"potentialAction\":[{\"@type\":\"ReadAction\",\"target\":[\"https:\/\/xstyle.md\/product\/gornolyzhnyj-detskij-shlem-rossignol-whoopee-red\/\"]}]},{\"@type\":\"ImageObject\",\"inLanguage\":\"ro-RO\",\"@id\":\"https:\/\/xstyle.md\/product\/gornolyzhnyj-detskij-shlem-rossignol-whoopee-red\/#primaryimage\",\"url\":\"https:\/\/xstyle.md\/wp-content\/uploads\/2020\/07\/rkih505_whoopee_impacts_red_rgb72dpi_01.jpg\",\"contentUrl\":\"https:\/\/xstyle.md\/wp-content\/uploads\/2020\/07\/rkih505_whoopee_impacts_red_rgb72dpi_01.jpg\",\"width\":502,\"height\":585},{\"@type\":\"BreadcrumbList\",\"@id\":\"https:\/\/xstyle.md\/product\/gornolyzhnyj-detskij-shlem-rossignol-whoopee-red\/#breadcrumb\",\"itemListElement\":[{\"@type\":\"ListItem\",\"position\":1,\"name\":\"\u0413\u043b\u0430\u0432\u043d\u0430\u044f \u0441\u0442\u0440\u0430\u043d\u0438\u0446\u0430\",\"item\":\"https:\/\/xstyle.md\/\"},{\"@type\":\"ListItem\",\"position\":2,\"name\":\"\u041c\u0430\u0433\u0430\u0437\u0438\u043d\",\"item\":\"https:\/\/xstyle.md\/shop\/\"},{\"@type\":\"ListItem\",\"position\":3,\"name\":\"\u0413\u043e\u0440\u043d\u043e\u043b\u044b\u0436\u043d\u044b\u0439 \u0434\u0435\u0442\u0441\u043a\u0438\u0439 \u0448\u043b\u0435\u043c Rossignol Whoopee Red\"}]},{\"@type\":\"WebSite\",\"@id\":\"https:\/\/xstyle.md\/#website\",\"url\":\"https:\/\/xstyle.md\/\",\"name\":\"\u041c\u0430\u0433\u0430\u0437\u0438\u043d Xstyle\",\"description\":\"C\u043d\u0430\u0440\u044f\u0436\u0435\u043d\u0438\u0435 \u0434\u043b\u044f \u0442\u0443\u0440\u0438\u0437\u043c\u0430 \u0438 \u044d\u043a\u0441\u0442\u0440\u0435\u043c\u0430\u043b\u044c\u043d\u044b\u0445 \u0432\u0438\u0434\u043e\u0432 \u0441\u043f\u043e\u0440\u0442\u0430 \u0432 \u041c\u043e\u043b\u0434\u043e\u0432\u0435.. \u0426\u0435\u043d\u044b, \u0444\u043e\u0442\u043e, \u0445\u0430\u0440\u0430\u043a\u0442\u0435\u0440\u0438\u0441\u0442\u0438\u043a\u0438 \u0432 \u041c\u043e\u043b\u0434\u043e\u0432\u0435.\",\"publisher\":{\"@id\":\"https:\/\/xstyle.md\/#organization\"},\"alternateName\":\"X-Style\",\"potentialAction\":[{\"@type\":\"SearchAction\",\"target\":{\"@type\":\"EntryPoint\",\"urlTemplate\":\"https:\/\/xstyle.md\/?s={search_term_string}\"},\"query-input\":{\"@type\":\"PropertyValueSpecification\",\"valueRequired\":true,\"valueName\":\"search_term_string\"}}],\"inLanguage\":\"ro-RO\"},{\"@type\":\"Organization\",\"@id\":\"https:\/\/xstyle.md\/#organization\",\"name\":\"\u041c\u0430\u0433\u0430\u0437\u0438\u043d Xstyle\",\"alternateName\":\"x-style\",\"url\":\"https:\/\/xstyle.md\/\",\"logo\":{\"@type\":\"ImageObject\",\"inLanguage\":\"ro-RO\",\"@id\":\"https:\/\/xstyle.md\/#\/schema\/logo\/image\/\",\"url\":\"https:\/\/xstyle.md\/wp-content\/uploads\/2020\/06\/logoicon.svg\",\"contentUrl\":\"https:\/\/xstyle.md\/wp-content\/uploads\/2020\/06\/logoicon.svg\",\"caption\":\"\u041c\u0430\u0433\u0430\u0437\u0438\u043d Xstyle\"},\"image\":{\"@id\":\"https:\/\/xstyle.md\/#\/schema\/logo\/image\/\"},\"sameAs\":[\"https:\/\/www.facebook.com\/xstylemd\",\"https:\/\/www.instagram.com\/xstyle_md\/\",\"https:\/\/t.me\/xstyle_outdoor\"],\"hasMerchantReturnPolicy\":{\"@type\":\"MerchantReturnPolicy\",\"merchantReturnLink\":\"https:\/\/xstyle.md\/ro\/conditions\/\"}}]}<\/script>\n<meta property=\"product:price:amount\" content=\"1490.00\" \/>\n<meta property=\"product:price:currency\" content=\"MDL\" \/>\n<meta property=\"og:availability\" content=\"instock\" \/>\n<meta property=\"product:availability\" content=\"instock\" \/>\n<meta property=\"product:retailer_item_id\" content=\"3607683190317\" \/>\n<meta property=\"product:condition\" content=\"new\" \/>\n<!-- \/ Yoast SEO plugin. -->","yoast_head_json":{"title":"Casc\u0103 schi pentru copii Rossignol Whoopee Red - Magazin Xstyle","description":"Cump\u0103ra\u021bi o casc\u0103 de schi pentru copii Rossignol Whoopee Red! Comfort ridicat, EPP durabil, sistem RFit \u0219i protec\u021bie EN 1077. Ideal\u0103 pentru adolescen\u021bii activi!","robots":{"index":"index","follow":"follow","max-snippet":"max-snippet:-1","max-image-preview":"max-image-preview:large","max-video-preview":"max-video-preview:-1"},"canonical":"https:\/\/xstyle.md\/ro\/produs\/gornolyzhnyj-detskij-shlem-rossignol-whoopee-red\/","og_locale":"ro_RO","og_type":"article","og_title":"\u0413\u043e\u0440\u043d\u043e\u043b\u044b\u0436\u043d\u044b\u0439 \u0434\u0435\u0442\u0441\u043a\u0438\u0439 \u0448\u043b\u0435\u043c Rossignol Whoopee Red - \u041c\u0430\u0433\u0430\u0437\u0438\u043d Xstyle","og_description":"\u041a\u0443\u043f\u0438\u0442\u0435 \u0434\u0435\u0442\u0441\u043a\u0438\u0439 \u0433\u043e\u0440\u043d\u043e\u043b\u044b\u0436\u043d\u044b\u0439 \u0448\u043b\u0435\u043c Rossignol Whoopee Red! \u0412\u044b\u0441\u043e\u043a\u0438\u0439 \u043a\u043e\u043c\u0444\u043e\u0440\u0442, \u043f\u0440\u043e\u0447\u043d\u044b\u0439 EPP, \u0441\u0438\u0441\u0442\u0435\u043c\u0430 RFit \u0438 \u0437\u0430\u0449\u0438\u0442\u0430 EN 1077. \u0418\u0434\u0435\u0430\u043b\u044c\u043d\u043e \u0434\u043b\u044f \u0430\u043a\u0442\u0438\u0432\u043d\u044b\u0445 \u043f\u043e\u0434\u0440\u043e\u0441\u0442\u043a\u043e\u0432!","og_url":"https:\/\/xstyle.md\/ro\/produs\/gornolyzhnyj-detskij-shlem-rossignol-whoopee-red\/","og_site_name":"\u041c\u0430\u0433\u0430\u0437\u0438\u043d Xstyle","article_publisher":"https:\/\/www.facebook.com\/xstylemd","article_modified_time":"2026-03-19T13:38:43+00:00","og_image":[{"width":502,"height":585,"url":"https:\/\/xstyle.md\/wp-content\/uploads\/2020\/07\/rkih505_whoopee_impacts_red_rgb72dpi_01.jpg","type":"image\/jpeg"}],"twitter_card":"summary_large_image","twitter_misc":{"Pre\u021b":"1.490&nbsp;MDL","Disponibilitate":"\u00cen stoc"},"schema":{"@context":"https:\/\/schema.org","@graph":[{"@type":"WebPage","@id":"https:\/\/xstyle.md\/product\/gornolyzhnyj-detskij-shlem-rossignol-whoopee-red\/","url":"https:\/\/xstyle.md\/product\/gornolyzhnyj-detskij-shlem-rossignol-whoopee-red\/","name":"Casc\u0103 schi pentru copii Rossignol Whoopee Red - Magazin Xstyle","isPartOf":{"@id":"https:\/\/xstyle.md\/#website"},"primaryImageOfPage":{"@id":"https:\/\/xstyle.md\/product\/gornolyzhnyj-detskij-shlem-rossignol-whoopee-red\/#primaryimage"},"image":{"@id":"https:\/\/xstyle.md\/product\/gornolyzhnyj-detskij-shlem-rossignol-whoopee-red\/#primaryimage"},"thumbnailUrl":"https:\/\/xstyle.md\/wp-content\/uploads\/2020\/07\/rkih505_whoopee_impacts_red_rgb72dpi_01.jpg","datePublished":"2020-07-18T14:49:31+00:00","dateModified":"2026-03-19T13:38:43+00:00","description":"Cump\u0103ra\u021bi o casc\u0103 de schi pentru copii Rossignol Whoopee Red! Comfort ridicat, EPP durabil, sistem RFit \u0219i protec\u021bie EN 1077. Ideal\u0103 pentru adolescen\u021bii activi!","breadcrumb":{"@id":"https:\/\/xstyle.md\/product\/gornolyzhnyj-detskij-shlem-rossignol-whoopee-red\/#breadcrumb"},"inLanguage":"ro-RO","potentialAction":[{"@type":"ReadAction","target":["https:\/\/xstyle.md\/product\/gornolyzhnyj-detskij-shlem-rossignol-whoopee-red\/"]}]},{"@type":"ImageObject","inLanguage":"ro-RO","@id":"https:\/\/xstyle.md\/product\/gornolyzhnyj-detskij-shlem-rossignol-whoopee-red\/#primaryimage","url":"https:\/\/xstyle.md\/wp-content\/uploads\/2020\/07\/rkih505_whoopee_impacts_red_rgb72dpi_01.jpg","contentUrl":"https:\/\/xstyle.md\/wp-content\/uploads\/2020\/07\/rkih505_whoopee_impacts_red_rgb72dpi_01.jpg","width":502,"height":585},{"@type":"BreadcrumbList","@id":"https:\/\/xstyle.md\/product\/gornolyzhnyj-detskij-shlem-rossignol-whoopee-red\/#breadcrumb","itemListElement":[{"@type":"ListItem","position":1,"name":"\u0413\u043b\u0430\u0432\u043d\u0430\u044f \u0441\u0442\u0440\u0430\u043d\u0438\u0446\u0430","item":"https:\/\/xstyle.md\/"},{"@type":"ListItem","position":2,"name":"\u041c\u0430\u0433\u0430\u0437\u0438\u043d","item":"https:\/\/xstyle.md\/shop\/"},{"@type":"ListItem","position":3,"name":"\u0413\u043e\u0440\u043d\u043e\u043b\u044b\u0436\u043d\u044b\u0439 \u0434\u0435\u0442\u0441\u043a\u0438\u0439 \u0448\u043b\u0435\u043c Rossignol Whoopee Red"}]},{"@type":"WebSite","@id":"https:\/\/xstyle.md\/#website","url":"https:\/\/xstyle.md\/","name":"Magazinul X-Style","description":"Echipamente pentru turism \u0219i sporturi extreme \u00een Moldova. Pre\u021buri, fotografii, caracteristici \u00een Moldova.","publisher":{"@id":"https:\/\/xstyle.md\/#organization"},"alternateName":"X-Style","potentialAction":[{"@type":"SearchAction","target":{"@type":"EntryPoint","urlTemplate":"https:\/\/xstyle.md\/?s={search_term_string}"},"query-input":{"@type":"PropertyValueSpecification","valueRequired":true,"valueName":"search_term_string"}}],"inLanguage":"ro-RO"},{"@type":"Organization","@id":"https:\/\/xstyle.md\/#organization","name":"Magazinul X-Style","alternateName":"x-style","url":"https:\/\/xstyle.md\/","logo":{"@type":"ImageObject","inLanguage":"ro-RO","@id":"https:\/\/xstyle.md\/#\/schema\/logo\/image\/","url":"https:\/\/xstyle.md\/wp-content\/uploads\/2020\/06\/logoicon.svg","contentUrl":"https:\/\/xstyle.md\/wp-content\/uploads\/2020\/06\/logoicon.svg","caption":"\u041c\u0430\u0433\u0430\u0437\u0438\u043d Xstyle"},"image":{"@id":"https:\/\/xstyle.md\/#\/schema\/logo\/image\/"},"sameAs":["https:\/\/www.facebook.com\/xstylemd","https:\/\/www.instagram.com\/xstyle_md\/","https:\/\/t.me\/xstyle_outdoor"],"hasMerchantReturnPolicy":{"@type":"MerchantReturnPolicy","merchantReturnLink":"https:\/\/xstyle.md\/ro\/conditions\/"}}]},"product_price_amount":"1490.00","product_price_currency":"MDL","og_availability":"instock","product_availability":"instock","product_retailer_item_id":"3607683190317","product_condition":"new"},"post_mailing_queue_ids":[],"_links":{"self":[{"href":"https:\/\/xstyle.md\/ro\/wp-json\/wp\/v2\/product\/20600","targetHints":{"allow":["GET"]}}],"collection":[{"href":"https:\/\/xstyle.md\/ro\/wp-json\/wp\/v2\/product"}],"about":[{"href":"https:\/\/xstyle.md\/ro\/wp-json\/wp\/v2\/types\/product"}],"replies":[{"embeddable":true,"href":"https:\/\/xstyle.md\/ro\/wp-json\/wp\/v2\/comments?post=20600"}],"wp:featuredmedia":[{"embeddable":true,"href":"https:\/\/xstyle.md\/ro\/wp-json\/wp\/v2\/media\/20596"}],"wp:attachment":[{"href":"https:\/\/xstyle.md\/ro\/wp-json\/wp\/v2\/media?parent=20600"}],"wp:term":[{"taxonomy":"product_brand","embeddable":true,"href":"https:\/\/xstyle.md\/ro\/wp-json\/wp\/v2\/product_brand?post=20600"},{"taxonomy":"product_cat","embeddable":true,"href":"https:\/\/xstyle.md\/ro\/wp-json\/wp\/v2\/product_cat?post=20600"},{"taxonomy":"product_tag","embeddable":true,"href":"https:\/\/xstyle.md\/ro\/wp-json\/wp\/v2\/product_tag?post=20600"}],"curies":[{"name":"wp","href":"https:\/\/api.w.org\/{rel}","templated":true}]}}